{"id":974720,"date":"2024-01-29T08:22:48","date_gmt":"2024-01-29T07:22:48","guid":{"rendered":"https:\/\/hubsch-interior.com\/product\/product\/"},"modified":"2026-04-14T04:18:38","modified_gmt":"2026-04-14T02:18:38","slug":"apollo-regal-multifarben","status":"publish","type":"product","link":"https:\/\/hubsch-interior.com\/de\/produkt\/apollo-regal-multifarben\/","title":{"rendered":"Apollo Regal \u00a0Multifarben"},"content":{"rendered":"<p>Das Apollo Regal ist ein wahres Highlight f\u00fcr dein Zuhause. Hergestellt aus FSC-zertifiziertem Eschenholz und robustem Stahl, ist diese Designer-Aufbewahrungseinheit sowohl nachhaltig als auch stilvoll. Die verspielte Farbmischung, die von warmen Erdt\u00f6nen bis hin zu kr\u00e4ftigen Farbtupfern reicht, macht es zu einer einzigartigen Erg\u00e4nzung f\u00fcr jeden Raum. Dar\u00fcber hinaus ist das Apollo Regal umkehrbar, sodass es perfekt in jede Ecke deines Hauses passt. Verleihe deiner Einrichtung mit dem Apollo Regal das gewisse Etwas &#8211; die perfekte Kombination aus Funktionalit\u00e4t und Mode.<\/p>\n","protected":false},"excerpt":{"rendered":"<p>Das Apollo Regal ist ein wahres Highlight f\u00fcr dein Zuhause. Hergestellt aus FSC-zertifiziertem Eschenholz und robustem Stahl, ist diese Designer-Aufbewahrungseinheit sowohl nachhaltig als auch stilvoll. Die verspielte Farbmischung, die von warmen Erdt\u00f6nen bis hin zu kr\u00e4ftigen Farbtupfern reicht, macht es zu einer einzigartigen Erg\u00e4nzung f\u00fcr jeden Raum. Dar\u00fcber hinaus ist das Apollo Regal umkehrbar, sodass [&hellip;]<\/p>\n","protected":false},"featured_media":1093592,"template":"","meta":{"_acf_changed":false,"inline_featured_image":false},"product_brand":[],"product_cat":[6884,7073,7074,6323,4003,4024,5027],"product_tag":[],"class_list":{"0":"post-974720","1":"product","2":"type-product","3":"status-publish","4":"has-post-thumbnail","6":"product_cat-elevating-nostalgia-de","7":"product_cat-haken-regale-de","8":"product_cat-kuchen-regale-de","9":"product_cat-fsc-de","10":"product_cat-regale-aufbewahrung-de","11":"product_cat-ablagen-de","12":"product_cat-bestsellers-de","13":"product_shipping_class-p05","15":"pa_color-multifarben-2","16":"pa_material-eschenholz","17":"pa_material-stahl","19":"first","20":"instock","21":"featured","22":"taxable","23":"shipping-taxable","24":"purchasable","25":"product-type-simple"},"exclude_global_add_ons":[],"addons":[],"acf":[],"yoast_head":"<!-- This site is optimized with the Yoast SEO plugin v26.4 - https:\/\/yoast.com\/wordpress\/plugins\/seo\/ -->\n<title>Apollo Regal \u00a0Multifarben - H\u00fcbsch<\/title>\n<meta name=\"description\" content=\"Das Apollo Regal ist ein wahres Highlight f\u00fcr dein Zuhause. Hergestellt aus FSC-zertifiziertem Eschenholz und robustem Stahl, ist diese\" \/>\n<meta name=\"robots\" content=\"index, follow, max-snippet:-1, max-image-preview:large, max-video-preview:-1\" \/>\n<link rel=\"canonical\" href=\"https:\/\/hubsch-interior.com\/de\/wp-json\/wp\/v2\/product\/974720\" \/>\n<meta property=\"og:locale\" content=\"de_DE\" \/>\n<meta property=\"og:type\" content=\"article\" \/>\n<meta property=\"og:title\" content=\"Apollo Regal \u00a0Multifarben - H\u00fcbsch\" \/>\n<meta property=\"og:description\" content=\"Das Apollo Regal ist ein wahres Highlight f\u00fcr dein Zuhause. Hergestellt aus FSC-zertifiziertem Eschenholz und robustem Stahl, ist diese\" \/>\n<meta property=\"og:url\" content=\"https:\/\/hubsch-interior.com\/de\/produkt\/apollo-regal-multifarben\/\" \/>\n<meta property=\"og:site_name\" content=\"H\u00fcbsch\" \/>\n<meta property=\"article:modified_time\" content=\"2026-04-14T02:18:38+00:00\" \/>\n<meta property=\"og:image\" content=\"https:\/\/hubsch-interior.com\/wp-content\/uploads\/2026\/02\/apollo-shelf-unit-multicolour-3b928655de48c6f1f1c3cf8127770506.jpg\" \/>\n\t<meta property=\"og:image:width\" content=\"1024\" \/>\n\t<meta property=\"og:image:height\" content=\"1024\" \/>\n\t<meta property=\"og:image:type\" content=\"image\/jpeg\" \/>\n<meta name=\"twitter:card\" content=\"summary_large_image\" \/>\n<script type=\"application\/ld+json\" class=\"yoast-schema-graph\">{\"@context\":\"https:\/\/schema.org\",\"@graph\":[{\"@type\":\"WebPage\",\"@id\":\"https:\/\/hubsch-interior.com\/de\/produkt\/apollo-regal-multifarben\/\",\"url\":\"https:\/\/hubsch-interior.com\/de\/produkt\/apollo-regal-multifarben\/\",\"name\":\"Apollo Regal \u00a0Multifarben - H\u00fcbsch\",\"isPartOf\":{\"@id\":\"https:\/\/hubsch-interior.com\/de\/#website\"},\"primaryImageOfPage\":{\"@id\":\"https:\/\/hubsch-interior.com\/de\/produkt\/apollo-regal-multifarben\/#primaryimage\"},\"image\":{\"@id\":\"https:\/\/hubsch-interior.com\/de\/produkt\/apollo-regal-multifarben\/#primaryimage\"},\"thumbnailUrl\":\"https:\/\/hubsch-interior.com\/wp-content\/uploads\/2026\/02\/apollo-shelf-unit-multicolour-3b928655de48c6f1f1c3cf8127770506.jpg\",\"datePublished\":\"2024-01-29T07:22:48+00:00\",\"dateModified\":\"2026-04-14T02:18:38+00:00\",\"description\":\"Das Apollo Regal ist ein wahres Highlight f\u00fcr dein Zuhause. Hergestellt aus FSC-zertifiziertem Eschenholz und robustem Stahl, ist diese\",\"breadcrumb\":{\"@id\":\"https:\/\/hubsch-interior.com\/de\/produkt\/apollo-regal-multifarben\/#breadcrumb\"},\"inLanguage\":\"de\",\"potentialAction\":[{\"@type\":\"ReadAction\",\"target\":[\"https:\/\/hubsch-interior.com\/de\/produkt\/apollo-regal-multifarben\/\"]}]},{\"@type\":\"ImageObject\",\"inLanguage\":\"de\",\"@id\":\"https:\/\/hubsch-interior.com\/de\/produkt\/apollo-regal-multifarben\/#primaryimage\",\"url\":\"https:\/\/hubsch-interior.com\/wp-content\/uploads\/2026\/02\/apollo-shelf-unit-multicolour-3b928655de48c6f1f1c3cf8127770506.jpg\",\"contentUrl\":\"https:\/\/hubsch-interior.com\/wp-content\/uploads\/2026\/02\/apollo-shelf-unit-multicolour-3b928655de48c6f1f1c3cf8127770506.jpg\",\"width\":1024,\"height\":1024},{\"@type\":\"BreadcrumbList\",\"@id\":\"https:\/\/hubsch-interior.com\/de\/produkt\/apollo-regal-multifarben\/#breadcrumb\",\"itemListElement\":[{\"@type\":\"ListItem\",\"position\":1,\"name\":\"Startseite\",\"item\":\"https:\/\/hubsch-interior.com\/de\/\"},{\"@type\":\"ListItem\",\"position\":2,\"name\":\"Produkte\",\"item\":\"https:\/\/hubsch-interior.com\/de\/shop-2\/\"},{\"@type\":\"ListItem\",\"position\":3,\"name\":\"M\u00f6bel\",\"item\":\"https:\/\/hubsch-interior.com\/de\/produkt-kategorie\/moebel\/\"},{\"@type\":\"ListItem\",\"position\":4,\"name\":\"Regale &amp; Aufbewahrung\",\"item\":\"https:\/\/hubsch-interior.com\/de\/produkt-kategorie\/moebel\/regale-aufbewahrung-de\/\"},{\"@type\":\"ListItem\",\"position\":5,\"name\":\"Ablagen\",\"item\":\"https:\/\/hubsch-interior.com\/de\/produkt-kategorie\/moebel\/regale-aufbewahrung-de\/ablagen-de\/\"},{\"@type\":\"ListItem\",\"position\":6,\"name\":\"Apollo Regal \u00a0Multifarben\"}]},{\"@type\":\"WebSite\",\"@id\":\"https:\/\/hubsch-interior.com\/de\/#website\",\"url\":\"https:\/\/hubsch-interior.com\/de\/\",\"name\":\"H\u00fcbsch\",\"description\":\"Danish Home Interior and Design\",\"publisher\":{\"@id\":\"https:\/\/hubsch-interior.com\/de\/#organization\"},\"potentialAction\":[{\"@type\":\"SearchAction\",\"target\":{\"@type\":\"EntryPoint\",\"urlTemplate\":\"https:\/\/hubsch-interior.com\/de\/?s={search_term_string}\"},\"query-input\":{\"@type\":\"PropertyValueSpecification\",\"valueRequired\":true,\"valueName\":\"search_term_string\"}}],\"inLanguage\":\"de\"},{\"@type\":\"Organization\",\"@id\":\"https:\/\/hubsch-interior.com\/de\/#organization\",\"name\":\"H\u00fcbsch\",\"url\":\"https:\/\/hubsch-interior.com\/de\/\",\"logo\":{\"@type\":\"ImageObject\",\"inLanguage\":\"de\",\"@id\":\"https:\/\/hubsch-interior.com\/de\/#\/schema\/logo\/image\/\",\"url\":\"https:\/\/hubsch-interior.com\/wp-content\/uploads\/2022\/12\/Hubsch_logo_black_one_line.svg\",\"contentUrl\":\"https:\/\/hubsch-interior.com\/wp-content\/uploads\/2022\/12\/Hubsch_logo_black_one_line.svg\",\"caption\":\"H\u00fcbsch\"},\"image\":{\"@id\":\"https:\/\/hubsch-interior.com\/de\/#\/schema\/logo\/image\/\"}}]}<\/script>\n<!-- \/ Yoast SEO plugin. -->","yoast_head_json":{"title":"Apollo Regal \u00a0Multifarben - H\u00fcbsch","description":"Das Apollo Regal ist ein wahres Highlight f\u00fcr dein Zuhause. Hergestellt aus FSC-zertifiziertem Eschenholz und robustem Stahl, ist diese","robots":{"index":"index","follow":"follow","max-snippet":"max-snippet:-1","max-image-preview":"max-image-preview:large","max-video-preview":"max-video-preview:-1"},"canonical":"https:\/\/hubsch-interior.com\/de\/wp-json\/wp\/v2\/product\/974720","og_locale":"de_DE","og_type":"article","og_title":"Apollo Regal \u00a0Multifarben - H\u00fcbsch","og_description":"Das Apollo Regal ist ein wahres Highlight f\u00fcr dein Zuhause. Hergestellt aus FSC-zertifiziertem Eschenholz und robustem Stahl, ist diese","og_url":"https:\/\/hubsch-interior.com\/de\/produkt\/apollo-regal-multifarben\/","og_site_name":"H\u00fcbsch","article_modified_time":"2026-04-14T02:18:38+00:00","og_image":[{"width":1024,"height":1024,"url":"https:\/\/hubsch-interior.com\/wp-content\/uploads\/2026\/02\/apollo-shelf-unit-multicolour-3b928655de48c6f1f1c3cf8127770506.jpg","type":"image\/jpeg"}],"twitter_card":"summary_large_image","schema":{"@context":"https:\/\/schema.org","@graph":[{"@type":"WebPage","@id":"https:\/\/hubsch-interior.com\/de\/produkt\/apollo-regal-multifarben\/","url":"https:\/\/hubsch-interior.com\/de\/produkt\/apollo-regal-multifarben\/","name":"Apollo Regal \u00a0Multifarben - H\u00fcbsch","isPartOf":{"@id":"https:\/\/hubsch-interior.com\/de\/#website"},"primaryImageOfPage":{"@id":"https:\/\/hubsch-interior.com\/de\/produkt\/apollo-regal-multifarben\/#primaryimage"},"image":{"@id":"https:\/\/hubsch-interior.com\/de\/produkt\/apollo-regal-multifarben\/#primaryimage"},"thumbnailUrl":"https:\/\/hubsch-interior.com\/wp-content\/uploads\/2026\/02\/apollo-shelf-unit-multicolour-3b928655de48c6f1f1c3cf8127770506.jpg","datePublished":"2024-01-29T07:22:48+00:00","dateModified":"2026-04-14T02:18:38+00:00","description":"Das Apollo Regal ist ein wahres Highlight f\u00fcr dein Zuhause. Hergestellt aus FSC-zertifiziertem Eschenholz und robustem Stahl, ist diese","breadcrumb":{"@id":"https:\/\/hubsch-interior.com\/de\/produkt\/apollo-regal-multifarben\/#breadcrumb"},"inLanguage":"de","potentialAction":[{"@type":"ReadAction","target":["https:\/\/hubsch-interior.com\/de\/produkt\/apollo-regal-multifarben\/"]}]},{"@type":"ImageObject","inLanguage":"de","@id":"https:\/\/hubsch-interior.com\/de\/produkt\/apollo-regal-multifarben\/#primaryimage","url":"https:\/\/hubsch-interior.com\/wp-content\/uploads\/2026\/02\/apollo-shelf-unit-multicolour-3b928655de48c6f1f1c3cf8127770506.jpg","contentUrl":"https:\/\/hubsch-interior.com\/wp-content\/uploads\/2026\/02\/apollo-shelf-unit-multicolour-3b928655de48c6f1f1c3cf8127770506.jpg","width":1024,"height":1024},{"@type":"BreadcrumbList","@id":"https:\/\/hubsch-interior.com\/de\/produkt\/apollo-regal-multifarben\/#breadcrumb","itemListElement":[{"@type":"ListItem","position":1,"name":"Startseite","item":"https:\/\/hubsch-interior.com\/de\/"},{"@type":"ListItem","position":2,"name":"Produkte","item":"https:\/\/hubsch-interior.com\/de\/shop-2\/"},{"@type":"ListItem","position":3,"name":"M\u00f6bel","item":"https:\/\/hubsch-interior.com\/de\/produkt-kategorie\/moebel\/"},{"@type":"ListItem","position":4,"name":"Regale &amp; Aufbewahrung","item":"https:\/\/hubsch-interior.com\/de\/produkt-kategorie\/moebel\/regale-aufbewahrung-de\/"},{"@type":"ListItem","position":5,"name":"Ablagen","item":"https:\/\/hubsch-interior.com\/de\/produkt-kategorie\/moebel\/regale-aufbewahrung-de\/ablagen-de\/"},{"@type":"ListItem","position":6,"name":"Apollo Regal \u00a0Multifarben"}]},{"@type":"WebSite","@id":"https:\/\/hubsch-interior.com\/de\/#website","url":"https:\/\/hubsch-interior.com\/de\/","name":"H\u00fcbsch","description":"Danish Home Interior and Design","publisher":{"@id":"https:\/\/hubsch-interior.com\/de\/#organization"},"potentialAction":[{"@type":"SearchAction","target":{"@type":"EntryPoint","urlTemplate":"https:\/\/hubsch-interior.com\/de\/?s={search_term_string}"},"query-input":{"@type":"PropertyValueSpecification","valueRequired":true,"valueName":"search_term_string"}}],"inLanguage":"de"},{"@type":"Organization","@id":"https:\/\/hubsch-interior.com\/de\/#organization","name":"H\u00fcbsch","url":"https:\/\/hubsch-interior.com\/de\/","logo":{"@type":"ImageObject","inLanguage":"de","@id":"https:\/\/hubsch-interior.com\/de\/#\/schema\/logo\/image\/","url":"https:\/\/hubsch-interior.com\/wp-content\/uploads\/2022\/12\/Hubsch_logo_black_one_line.svg","contentUrl":"https:\/\/hubsch-interior.com\/wp-content\/uploads\/2022\/12\/Hubsch_logo_black_one_line.svg","caption":"H\u00fcbsch"},"image":{"@id":"https:\/\/hubsch-interior.com\/de\/#\/schema\/logo\/image\/"}}]}},"_links":{"self":[{"href":"https:\/\/hubsch-interior.com\/de\/wp-json\/wp\/v2\/product\/974720","targetHints":{"allow":["GET"]}}],"collection":[{"href":"https:\/\/hubsch-interior.com\/de\/wp-json\/wp\/v2\/product"}],"about":[{"href":"https:\/\/hubsch-interior.com\/de\/wp-json\/wp\/v2\/types\/product"}],"wp:featuredmedia":[{"embeddable":true,"href":"https:\/\/hubsch-interior.com\/de\/wp-json\/wp\/v2\/media\/1093592"}],"wp:attachment":[{"href":"https:\/\/hubsch-interior.com\/de\/wp-json\/wp\/v2\/media?parent=974720"}],"wp:term":[{"taxonomy":"product_brand","embeddable":true,"href":"https:\/\/hubsch-interior.com\/de\/wp-json\/wp\/v2\/product_brand?post=974720"},{"taxonomy":"product_cat","embeddable":true,"href":"https:\/\/hubsch-interior.com\/de\/wp-json\/wp\/v2\/product_cat?post=974720"},{"taxonomy":"product_tag","embeddable":true,"href":"https:\/\/hubsch-interior.com\/de\/wp-json\/wp\/v2\/product_tag?post=974720"}],"curies":[{"name":"wp","href":"https:\/\/api.w.org\/{rel}","templated":true}]}}