{"id":974748,"date":"2024-01-29T08:23:01","date_gmt":"2024-01-29T07:23:01","guid":{"rendered":"https:\/\/hubsch-interior.com\/product\/product\/"},"modified":"2026-04-29T04:18:50","modified_gmt":"2026-04-29T02:18:50","slug":"elevate-beistelltisch-olive","status":"publish","type":"product","link":"https:\/\/hubsch-interior.com\/de\/produkt\/elevate-beistelltisch-olive\/","title":{"rendered":"Elevate Beistelltisch Olive"},"content":{"rendered":"<p>Wir pr\u00e4sentieren den Elevate Beistelltisch, eine unverzichtbare Erg\u00e4nzung f\u00fcr jeden Innenraum. Gefertigt aus robustem Eschenholz, Glas und Stahl strahlt dieser Tisch eine \u00fcberzeugende Mischung aus Eleganz und Stabilit\u00e4t aus. Sein olivfarbener Ton verleiht ihm eine warme Note, w\u00e4hrend sein kr\u00e4ftiger Rahmen in Kombination mit Glas ein markantes und solides Erscheinungsbild schafft. Die verspielte Oberfl\u00e4che auf der Seite bietet Raum f\u00fcr lebhafte Details und macht ihn somit zu einer perfekten Leinwand f\u00fcr Ihre Kreativit\u00e4t. Mit seinem \u00e4sthetischen Design sorgt der Elevate Beistelltisch f\u00fcr eine ruhige Atmosph\u00e4re und verleiht Ihrem Wohnzimmer oder Schlafzimmer eine edle Ausstrahlung.<\/p>\n","protected":false},"excerpt":{"rendered":"<p>Wir pr\u00e4sentieren den Elevate Beistelltisch, eine unverzichtbare Erg\u00e4nzung f\u00fcr jeden Innenraum. Gefertigt aus robustem Eschenholz, Glas und Stahl strahlt dieser Tisch eine \u00fcberzeugende Mischung aus Eleganz und Stabilit\u00e4t aus. Sein olivfarbener Ton verleiht ihm eine warme Note, w\u00e4hrend sein kr\u00e4ftiger Rahmen in Kombination mit Glas ein markantes und solides Erscheinungsbild schafft. Die verspielte Oberfl\u00e4che auf [&hellip;]<\/p>\n","protected":false},"featured_media":1093612,"template":"","meta":{"_acf_changed":false,"inline_featured_image":false},"product_brand":[],"product_cat":[6884,2861,4028],"product_tag":[],"class_list":{"0":"post-974748","1":"product","2":"type-product","3":"status-publish","4":"has-post-thumbnail","6":"product_cat-elevating-nostalgia-de","7":"product_cat-tische-de","8":"product_cat-beistelltische-de","9":"product_shipping_class-pk","11":"pa_color-olive-3","12":"pa_material-eisen-de","13":"pa_material-glas-de","15":"first","16":"instock","17":"taxable","18":"shipping-taxable","19":"purchasable","20":"product-type-simple"},"exclude_global_add_ons":[],"addons":[],"acf":[],"yoast_head":"<!-- This site is optimized with the Yoast SEO plugin v26.4 - https:\/\/yoast.com\/wordpress\/plugins\/seo\/ -->\n<title>Elevate Beistelltisch Olive - H\u00fcbsch<\/title>\n<meta name=\"description\" content=\"Wir pr\u00e4sentieren den Elevate Beistelltisch, eine unverzichtbare Erg\u00e4nzung f\u00fcr jeden Innenraum. Gefertigt aus robustem Eschenholz, Glas und Stahl strahlt\" \/>\n<meta name=\"robots\" content=\"index, follow, max-snippet:-1, max-image-preview:large, max-video-preview:-1\" \/>\n<link rel=\"canonical\" href=\"https:\/\/hubsch-interior.com\/de\/wp-json\/wp\/v2\/product\/974748\" \/>\n<meta property=\"og:locale\" content=\"de_DE\" \/>\n<meta property=\"og:type\" content=\"article\" \/>\n<meta property=\"og:title\" content=\"Elevate Beistelltisch Olive - H\u00fcbsch\" \/>\n<meta property=\"og:description\" content=\"Wir pr\u00e4sentieren den Elevate Beistelltisch, eine unverzichtbare Erg\u00e4nzung f\u00fcr jeden Innenraum. Gefertigt aus robustem Eschenholz, Glas und Stahl strahlt\" \/>\n<meta property=\"og:url\" content=\"https:\/\/hubsch-interior.com\/de\/produkt\/elevate-beistelltisch-olive\/\" \/>\n<meta property=\"og:site_name\" content=\"H\u00fcbsch\" \/>\n<meta property=\"article:modified_time\" content=\"2026-04-29T02:18:50+00:00\" \/>\n<meta property=\"og:image\" content=\"https:\/\/hubsch-interior.com\/wp-content\/uploads\/2024\/01\/elevate-side-table-olive-6d148c5e1281f9c8d9335b43f93afbc3.jpg\" \/>\n\t<meta property=\"og:image:width\" content=\"1200\" \/>\n\t<meta property=\"og:image:height\" content=\"1200\" \/>\n\t<meta property=\"og:image:type\" content=\"image\/jpeg\" \/>\n<meta name=\"twitter:card\" content=\"summary_large_image\" \/>\n<meta name=\"twitter:label1\" content=\"Gesch\u00e4tzte Lesezeit\" \/>\n\t<meta name=\"twitter:data1\" content=\"1\u00a0Minute\" \/>\n<script type=\"application\/ld+json\" class=\"yoast-schema-graph\">{\"@context\":\"https:\/\/schema.org\",\"@graph\":[{\"@type\":\"WebPage\",\"@id\":\"https:\/\/hubsch-interior.com\/de\/produkt\/elevate-beistelltisch-olive\/\",\"url\":\"https:\/\/hubsch-interior.com\/de\/produkt\/elevate-beistelltisch-olive\/\",\"name\":\"Elevate Beistelltisch Olive - H\u00fcbsch\",\"isPartOf\":{\"@id\":\"https:\/\/hubsch-interior.com\/de\/#website\"},\"primaryImageOfPage\":{\"@id\":\"https:\/\/hubsch-interior.com\/de\/produkt\/elevate-beistelltisch-olive\/#primaryimage\"},\"image\":{\"@id\":\"https:\/\/hubsch-interior.com\/de\/produkt\/elevate-beistelltisch-olive\/#primaryimage\"},\"thumbnailUrl\":\"https:\/\/hubsch-interior.com\/wp-content\/uploads\/2026\/02\/elevate-side-table-olive-bf6d9b1bcad71264c3291045d14c552f.jpg\",\"datePublished\":\"2024-01-29T07:23:01+00:00\",\"dateModified\":\"2026-04-29T02:18:50+00:00\",\"description\":\"Wir pr\u00e4sentieren den Elevate Beistelltisch, eine unverzichtbare Erg\u00e4nzung f\u00fcr jeden Innenraum. Gefertigt aus robustem Eschenholz, Glas und Stahl strahlt\",\"breadcrumb\":{\"@id\":\"https:\/\/hubsch-interior.com\/de\/produkt\/elevate-beistelltisch-olive\/#breadcrumb\"},\"inLanguage\":\"de\",\"potentialAction\":[{\"@type\":\"ReadAction\",\"target\":[\"https:\/\/hubsch-interior.com\/de\/produkt\/elevate-beistelltisch-olive\/\"]}]},{\"@type\":\"ImageObject\",\"inLanguage\":\"de\",\"@id\":\"https:\/\/hubsch-interior.com\/de\/produkt\/elevate-beistelltisch-olive\/#primaryimage\",\"url\":\"https:\/\/hubsch-interior.com\/wp-content\/uploads\/2026\/02\/elevate-side-table-olive-bf6d9b1bcad71264c3291045d14c552f.jpg\",\"contentUrl\":\"https:\/\/hubsch-interior.com\/wp-content\/uploads\/2026\/02\/elevate-side-table-olive-bf6d9b1bcad71264c3291045d14c552f.jpg\",\"width\":1024,\"height\":1024},{\"@type\":\"BreadcrumbList\",\"@id\":\"https:\/\/hubsch-interior.com\/de\/produkt\/elevate-beistelltisch-olive\/#breadcrumb\",\"itemListElement\":[{\"@type\":\"ListItem\",\"position\":1,\"name\":\"Startseite\",\"item\":\"https:\/\/hubsch-interior.com\/de\/\"},{\"@type\":\"ListItem\",\"position\":2,\"name\":\"Produkte\",\"item\":\"https:\/\/hubsch-interior.com\/de\/shop-2\/\"},{\"@type\":\"ListItem\",\"position\":3,\"name\":\"M\u00f6bel\",\"item\":\"https:\/\/hubsch-interior.com\/de\/produkt-kategorie\/moebel\/\"},{\"@type\":\"ListItem\",\"position\":4,\"name\":\"Tische\",\"item\":\"https:\/\/hubsch-interior.com\/de\/produkt-kategorie\/moebel\/tische-de\/\"},{\"@type\":\"ListItem\",\"position\":5,\"name\":\"Beistelltische\",\"item\":\"https:\/\/hubsch-interior.com\/de\/produkt-kategorie\/moebel\/tische-de\/beistelltische-de\/\"},{\"@type\":\"ListItem\",\"position\":6,\"name\":\"Elevate Beistelltisch Olive\"}]},{\"@type\":\"WebSite\",\"@id\":\"https:\/\/hubsch-interior.com\/de\/#website\",\"url\":\"https:\/\/hubsch-interior.com\/de\/\",\"name\":\"H\u00fcbsch\",\"description\":\"Danish Home Interior and Design\",\"publisher\":{\"@id\":\"https:\/\/hubsch-interior.com\/de\/#organization\"},\"potentialAction\":[{\"@type\":\"SearchAction\",\"target\":{\"@type\":\"EntryPoint\",\"urlTemplate\":\"https:\/\/hubsch-interior.com\/de\/?s={search_term_string}\"},\"query-input\":{\"@type\":\"PropertyValueSpecification\",\"valueRequired\":true,\"valueName\":\"search_term_string\"}}],\"inLanguage\":\"de\"},{\"@type\":\"Organization\",\"@id\":\"https:\/\/hubsch-interior.com\/de\/#organization\",\"name\":\"H\u00fcbsch\",\"url\":\"https:\/\/hubsch-interior.com\/de\/\",\"logo\":{\"@type\":\"ImageObject\",\"inLanguage\":\"de\",\"@id\":\"https:\/\/hubsch-interior.com\/de\/#\/schema\/logo\/image\/\",\"url\":\"https:\/\/hubsch-interior.com\/wp-content\/uploads\/2022\/12\/Hubsch_logo_black_one_line.svg\",\"contentUrl\":\"https:\/\/hubsch-interior.com\/wp-content\/uploads\/2022\/12\/Hubsch_logo_black_one_line.svg\",\"caption\":\"H\u00fcbsch\"},\"image\":{\"@id\":\"https:\/\/hubsch-interior.com\/de\/#\/schema\/logo\/image\/\"}}]}<\/script>\n<!-- \/ Yoast SEO plugin. -->","yoast_head_json":{"title":"Elevate Beistelltisch Olive - H\u00fcbsch","description":"Wir pr\u00e4sentieren den Elevate Beistelltisch, eine unverzichtbare Erg\u00e4nzung f\u00fcr jeden Innenraum. Gefertigt aus robustem Eschenholz, Glas und Stahl strahlt","robots":{"index":"index","follow":"follow","max-snippet":"max-snippet:-1","max-image-preview":"max-image-preview:large","max-video-preview":"max-video-preview:-1"},"canonical":"https:\/\/hubsch-interior.com\/de\/wp-json\/wp\/v2\/product\/974748","og_locale":"de_DE","og_type":"article","og_title":"Elevate Beistelltisch Olive - H\u00fcbsch","og_description":"Wir pr\u00e4sentieren den Elevate Beistelltisch, eine unverzichtbare Erg\u00e4nzung f\u00fcr jeden Innenraum. Gefertigt aus robustem Eschenholz, Glas und Stahl strahlt","og_url":"https:\/\/hubsch-interior.com\/de\/produkt\/elevate-beistelltisch-olive\/","og_site_name":"H\u00fcbsch","article_modified_time":"2026-04-29T02:18:50+00:00","og_image":[{"width":1200,"height":1200,"url":"https:\/\/hubsch-interior.com\/wp-content\/uploads\/2024\/01\/elevate-side-table-olive-6d148c5e1281f9c8d9335b43f93afbc3.jpg","type":"image\/jpeg"}],"twitter_card":"summary_large_image","twitter_misc":{"Gesch\u00e4tzte Lesezeit":"1\u00a0Minute"},"schema":{"@context":"https:\/\/schema.org","@graph":[{"@type":"WebPage","@id":"https:\/\/hubsch-interior.com\/de\/produkt\/elevate-beistelltisch-olive\/","url":"https:\/\/hubsch-interior.com\/de\/produkt\/elevate-beistelltisch-olive\/","name":"Elevate Beistelltisch Olive - H\u00fcbsch","isPartOf":{"@id":"https:\/\/hubsch-interior.com\/de\/#website"},"primaryImageOfPage":{"@id":"https:\/\/hubsch-interior.com\/de\/produkt\/elevate-beistelltisch-olive\/#primaryimage"},"image":{"@id":"https:\/\/hubsch-interior.com\/de\/produkt\/elevate-beistelltisch-olive\/#primaryimage"},"thumbnailUrl":"https:\/\/hubsch-interior.com\/wp-content\/uploads\/2026\/02\/elevate-side-table-olive-bf6d9b1bcad71264c3291045d14c552f.jpg","datePublished":"2024-01-29T07:23:01+00:00","dateModified":"2026-04-29T02:18:50+00:00","description":"Wir pr\u00e4sentieren den Elevate Beistelltisch, eine unverzichtbare Erg\u00e4nzung f\u00fcr jeden Innenraum. Gefertigt aus robustem Eschenholz, Glas und Stahl strahlt","breadcrumb":{"@id":"https:\/\/hubsch-interior.com\/de\/produkt\/elevate-beistelltisch-olive\/#breadcrumb"},"inLanguage":"de","potentialAction":[{"@type":"ReadAction","target":["https:\/\/hubsch-interior.com\/de\/produkt\/elevate-beistelltisch-olive\/"]}]},{"@type":"ImageObject","inLanguage":"de","@id":"https:\/\/hubsch-interior.com\/de\/produkt\/elevate-beistelltisch-olive\/#primaryimage","url":"https:\/\/hubsch-interior.com\/wp-content\/uploads\/2026\/02\/elevate-side-table-olive-bf6d9b1bcad71264c3291045d14c552f.jpg","contentUrl":"https:\/\/hubsch-interior.com\/wp-content\/uploads\/2026\/02\/elevate-side-table-olive-bf6d9b1bcad71264c3291045d14c552f.jpg","width":1024,"height":1024},{"@type":"BreadcrumbList","@id":"https:\/\/hubsch-interior.com\/de\/produkt\/elevate-beistelltisch-olive\/#breadcrumb","itemListElement":[{"@type":"ListItem","position":1,"name":"Startseite","item":"https:\/\/hubsch-interior.com\/de\/"},{"@type":"ListItem","position":2,"name":"Produkte","item":"https:\/\/hubsch-interior.com\/de\/shop-2\/"},{"@type":"ListItem","position":3,"name":"M\u00f6bel","item":"https:\/\/hubsch-interior.com\/de\/produkt-kategorie\/moebel\/"},{"@type":"ListItem","position":4,"name":"Tische","item":"https:\/\/hubsch-interior.com\/de\/produkt-kategorie\/moebel\/tische-de\/"},{"@type":"ListItem","position":5,"name":"Beistelltische","item":"https:\/\/hubsch-interior.com\/de\/produkt-kategorie\/moebel\/tische-de\/beistelltische-de\/"},{"@type":"ListItem","position":6,"name":"Elevate Beistelltisch Olive"}]},{"@type":"WebSite","@id":"https:\/\/hubsch-interior.com\/de\/#website","url":"https:\/\/hubsch-interior.com\/de\/","name":"H\u00fcbsch","description":"Danish Home Interior and Design","publisher":{"@id":"https:\/\/hubsch-interior.com\/de\/#organization"},"potentialAction":[{"@type":"SearchAction","target":{"@type":"EntryPoint","urlTemplate":"https:\/\/hubsch-interior.com\/de\/?s={search_term_string}"},"query-input":{"@type":"PropertyValueSpecification","valueRequired":true,"valueName":"search_term_string"}}],"inLanguage":"de"},{"@type":"Organization","@id":"https:\/\/hubsch-interior.com\/de\/#organization","name":"H\u00fcbsch","url":"https:\/\/hubsch-interior.com\/de\/","logo":{"@type":"ImageObject","inLanguage":"de","@id":"https:\/\/hubsch-interior.com\/de\/#\/schema\/logo\/image\/","url":"https:\/\/hubsch-interior.com\/wp-content\/uploads\/2022\/12\/Hubsch_logo_black_one_line.svg","contentUrl":"https:\/\/hubsch-interior.com\/wp-content\/uploads\/2022\/12\/Hubsch_logo_black_one_line.svg","caption":"H\u00fcbsch"},"image":{"@id":"https:\/\/hubsch-interior.com\/de\/#\/schema\/logo\/image\/"}}]}},"_links":{"self":[{"href":"https:\/\/hubsch-interior.com\/de\/wp-json\/wp\/v2\/product\/974748","targetHints":{"allow":["GET"]}}],"collection":[{"href":"https:\/\/hubsch-interior.com\/de\/wp-json\/wp\/v2\/product"}],"about":[{"href":"https:\/\/hubsch-interior.com\/de\/wp-json\/wp\/v2\/types\/product"}],"wp:featuredmedia":[{"embeddable":true,"href":"https:\/\/hubsch-interior.com\/de\/wp-json\/wp\/v2\/media\/1093612"}],"wp:attachment":[{"href":"https:\/\/hubsch-interior.com\/de\/wp-json\/wp\/v2\/media?parent=974748"}],"wp:term":[{"taxonomy":"product_brand","embeddable":true,"href":"https:\/\/hubsch-interior.com\/de\/wp-json\/wp\/v2\/product_brand?post=974748"},{"taxonomy":"product_cat","embeddable":true,"href":"https:\/\/hubsch-interior.com\/de\/wp-json\/wp\/v2\/product_cat?post=974748"},{"taxonomy":"product_tag","embeddable":true,"href":"https:\/\/hubsch-interior.com\/de\/wp-json\/wp\/v2\/product_tag?post=974748"}],"curies":[{"name":"wp","href":"https:\/\/api.w.org\/{rel}","templated":true}]}}