{"id":974809,"date":"2024-01-29T08:23:46","date_gmt":"2024-01-29T07:23:46","guid":{"rendered":"https:\/\/hubsch-interior.com\/product\/product\/"},"modified":"2026-04-05T04:19:02","modified_gmt":"2026-04-05T02:19:02","slug":"vault-beistelltisch-aufbewahrungsbox-grau-gelb","status":"publish","type":"product","link":"https:\/\/hubsch-interior.com\/de\/produkt\/vault-beistelltisch-aufbewahrungsbox-grau-gelb\/","title":{"rendered":"Vault Beistelltisch\/Aufbewahrungsbox Grau\/Gelb"},"content":{"rendered":"<p>Lernen Sie den Vault Beistelltisch\/Aufbewahrungsbox kennen, ein kreativer multifunktionaler Akzent, die Praktikabilit\u00e4t mit \u00e4sthetischem Design vereint. Hergestellt aus FSC-zertifiziertem Eschenholz, kommt dieses vielseitige St\u00fcck in drei verschiedenen Varianten, wobei die graue und gelbe Variante der perfekte Farbtupfer f\u00fcr jedes Zimmer ist. Mit seinem gro\u00dfz\u00fcgigen Stauraum kann es im Eingangsbereich verwendet werden, um Ihre Essentials organisiert zu halten oder im Kinderzimmer, um Spielzeug und B\u00fccher aufzubewahren. In verschiedenen Farbvariationen erh\u00e4ltlich, ist der Vault Beistelltisch\/Aufbewahrungsbox nicht nur stilvoll, sondern auch umweltfreundlich. Verleihen Sie Ihrer Einrichtung mit diesem sch\u00f6nen und funktionalen St\u00fcck das gewisse Etwas.<\/p>\n","protected":false},"excerpt":{"rendered":"<p>Lernen Sie den Vault Beistelltisch\/Aufbewahrungsbox kennen, ein kreativer multifunktionaler Akzent, die Praktikabilit\u00e4t mit \u00e4sthetischem Design vereint. Hergestellt aus FSC-zertifiziertem Eschenholz, kommt dieses vielseitige St\u00fcck in drei verschiedenen Varianten, wobei die graue und gelbe Variante der perfekte Farbtupfer f\u00fcr jedes Zimmer ist. Mit seinem gro\u00dfz\u00fcgigen Stauraum kann es im Eingangsbereich verwendet werden, um Ihre Essentials organisiert [&hellip;]<\/p>\n","protected":false},"featured_media":1093636,"template":"","meta":{"_acf_changed":false,"inline_featured_image":false},"product_brand":[],"product_cat":[3111,4028,5027,6884,6323,3646,6893,2861],"product_tag":[],"class_list":{"0":"post-974809","1":"product","2":"type-product","3":"status-publish","4":"has-post-thumbnail","6":"product_cat-aufbewahrung-de","7":"product_cat-beistelltische-de","8":"product_cat-bestsellers-de","9":"product_cat-elevating-nostalgia-de","10":"product_cat-fsc-de","11":"product_cat-kisten-de","12":"product_cat-multifunktionale-moebel-de","13":"product_cat-tische-de","14":"product_shipping_class-pk","16":"pa_color-gelb","17":"pa_color-grau-2","18":"pa_material-eschenholz","20":"first","21":"instock","22":"featured","23":"taxable","24":"shipping-taxable","25":"purchasable","26":"product-type-simple"},"exclude_global_add_ons":[],"addons":[],"acf":[],"yoast_head":"<!-- This site is optimized with the Yoast SEO plugin v26.4 - https:\/\/yoast.com\/wordpress\/plugins\/seo\/ -->\n<title>Vault Beistelltisch\/Aufbewahrungsbox Grau\/Gelb - H\u00fcbsch<\/title>\n<meta name=\"description\" content=\"Lernen Sie den Vault Beistelltisch\/Aufbewahrungsbox kennen, ein kreativer multifunktionaler Akzent, die Praktikabilit\u00e4t mit \u00e4sthetischem Design vereint.\" \/>\n<meta name=\"robots\" content=\"index, follow, max-snippet:-1, max-image-preview:large, max-video-preview:-1\" \/>\n<link rel=\"canonical\" href=\"https:\/\/hubsch-interior.com\/de\/wp-json\/wp\/v2\/product\/974809\" \/>\n<meta property=\"og:locale\" content=\"de_DE\" \/>\n<meta property=\"og:type\" content=\"article\" \/>\n<meta property=\"og:title\" content=\"Vault Beistelltisch\/Aufbewahrungsbox Grau\/Gelb - H\u00fcbsch\" \/>\n<meta property=\"og:description\" content=\"Lernen Sie den Vault Beistelltisch\/Aufbewahrungsbox kennen, ein kreativer multifunktionaler Akzent, die Praktikabilit\u00e4t mit \u00e4sthetischem Design vereint.\" \/>\n<meta property=\"og:url\" content=\"https:\/\/hubsch-interior.com\/de\/produkt\/vault-beistelltisch-aufbewahrungsbox-grau-gelb\/\" \/>\n<meta property=\"og:site_name\" content=\"H\u00fcbsch\" \/>\n<meta property=\"article:modified_time\" content=\"2026-04-05T02:19:02+00:00\" \/>\n<meta property=\"og:image\" content=\"https:\/\/hubsch-interior.com\/wp-content\/uploads\/2024\/01\/vault-side-tablestorage-box-greyyellow-89968ab702b2ea5fa54cc5ea34c1da50.jpg\" \/>\n\t<meta property=\"og:image:width\" content=\"1200\" \/>\n\t<meta property=\"og:image:height\" content=\"1200\" \/>\n\t<meta property=\"og:image:type\" content=\"image\/jpeg\" \/>\n<meta name=\"twitter:card\" content=\"summary_large_image\" \/>\n<meta name=\"twitter:label1\" content=\"Gesch\u00e4tzte Lesezeit\" \/>\n\t<meta name=\"twitter:data1\" content=\"1\u00a0Minute\" \/>\n<script type=\"application\/ld+json\" class=\"yoast-schema-graph\">{\"@context\":\"https:\/\/schema.org\",\"@graph\":[{\"@type\":\"WebPage\",\"@id\":\"https:\/\/hubsch-interior.com\/de\/produkt\/vault-beistelltisch-aufbewahrungsbox-grau-gelb\/\",\"url\":\"https:\/\/hubsch-interior.com\/de\/produkt\/vault-beistelltisch-aufbewahrungsbox-grau-gelb\/\",\"name\":\"Vault Beistelltisch\/Aufbewahrungsbox Grau\/Gelb - H\u00fcbsch\",\"isPartOf\":{\"@id\":\"https:\/\/hubsch-interior.com\/de\/#website\"},\"primaryImageOfPage\":{\"@id\":\"https:\/\/hubsch-interior.com\/de\/produkt\/vault-beistelltisch-aufbewahrungsbox-grau-gelb\/#primaryimage\"},\"image\":{\"@id\":\"https:\/\/hubsch-interior.com\/de\/produkt\/vault-beistelltisch-aufbewahrungsbox-grau-gelb\/#primaryimage\"},\"thumbnailUrl\":\"https:\/\/hubsch-interior.com\/wp-content\/uploads\/2026\/02\/vault-side-tablestorage-box-greyyellow-efd657929a580091f83148a932a30047.jpg\",\"datePublished\":\"2024-01-29T07:23:46+00:00\",\"dateModified\":\"2026-04-05T02:19:02+00:00\",\"description\":\"Lernen Sie den Vault Beistelltisch\/Aufbewahrungsbox kennen, ein kreativer multifunktionaler Akzent, die Praktikabilit\u00e4t mit \u00e4sthetischem Design vereint.\",\"breadcrumb\":{\"@id\":\"https:\/\/hubsch-interior.com\/de\/produkt\/vault-beistelltisch-aufbewahrungsbox-grau-gelb\/#breadcrumb\"},\"inLanguage\":\"de\",\"potentialAction\":[{\"@type\":\"ReadAction\",\"target\":[\"https:\/\/hubsch-interior.com\/de\/produkt\/vault-beistelltisch-aufbewahrungsbox-grau-gelb\/\"]}]},{\"@type\":\"ImageObject\",\"inLanguage\":\"de\",\"@id\":\"https:\/\/hubsch-interior.com\/de\/produkt\/vault-beistelltisch-aufbewahrungsbox-grau-gelb\/#primaryimage\",\"url\":\"https:\/\/hubsch-interior.com\/wp-content\/uploads\/2026\/02\/vault-side-tablestorage-box-greyyellow-efd657929a580091f83148a932a30047.jpg\",\"contentUrl\":\"https:\/\/hubsch-interior.com\/wp-content\/uploads\/2026\/02\/vault-side-tablestorage-box-greyyellow-efd657929a580091f83148a932a30047.jpg\",\"width\":1024,\"height\":1024},{\"@type\":\"BreadcrumbList\",\"@id\":\"https:\/\/hubsch-interior.com\/de\/produkt\/vault-beistelltisch-aufbewahrungsbox-grau-gelb\/#breadcrumb\",\"itemListElement\":[{\"@type\":\"ListItem\",\"position\":1,\"name\":\"Startseite\",\"item\":\"https:\/\/hubsch-interior.com\/de\/\"},{\"@type\":\"ListItem\",\"position\":2,\"name\":\"Produkte\",\"item\":\"https:\/\/hubsch-interior.com\/de\/shop-2\/\"},{\"@type\":\"ListItem\",\"position\":3,\"name\":\"M\u00f6bel\",\"item\":\"https:\/\/hubsch-interior.com\/de\/produkt-kategorie\/moebel\/\"},{\"@type\":\"ListItem\",\"position\":4,\"name\":\"Tische\",\"item\":\"https:\/\/hubsch-interior.com\/de\/produkt-kategorie\/moebel\/tische-de\/\"},{\"@type\":\"ListItem\",\"position\":5,\"name\":\"Beistelltische\",\"item\":\"https:\/\/hubsch-interior.com\/de\/produkt-kategorie\/moebel\/tische-de\/beistelltische-de\/\"},{\"@type\":\"ListItem\",\"position\":6,\"name\":\"Vault Beistelltisch\/Aufbewahrungsbox Grau\/Gelb\"}]},{\"@type\":\"WebSite\",\"@id\":\"https:\/\/hubsch-interior.com\/de\/#website\",\"url\":\"https:\/\/hubsch-interior.com\/de\/\",\"name\":\"H\u00fcbsch\",\"description\":\"Danish Home Interior and Design\",\"publisher\":{\"@id\":\"https:\/\/hubsch-interior.com\/de\/#organization\"},\"potentialAction\":[{\"@type\":\"SearchAction\",\"target\":{\"@type\":\"EntryPoint\",\"urlTemplate\":\"https:\/\/hubsch-interior.com\/de\/?s={search_term_string}\"},\"query-input\":{\"@type\":\"PropertyValueSpecification\",\"valueRequired\":true,\"valueName\":\"search_term_string\"}}],\"inLanguage\":\"de\"},{\"@type\":\"Organization\",\"@id\":\"https:\/\/hubsch-interior.com\/de\/#organization\",\"name\":\"H\u00fcbsch\",\"url\":\"https:\/\/hubsch-interior.com\/de\/\",\"logo\":{\"@type\":\"ImageObject\",\"inLanguage\":\"de\",\"@id\":\"https:\/\/hubsch-interior.com\/de\/#\/schema\/logo\/image\/\",\"url\":\"https:\/\/hubsch-interior.com\/wp-content\/uploads\/2022\/12\/Hubsch_logo_black_one_line.svg\",\"contentUrl\":\"https:\/\/hubsch-interior.com\/wp-content\/uploads\/2022\/12\/Hubsch_logo_black_one_line.svg\",\"caption\":\"H\u00fcbsch\"},\"image\":{\"@id\":\"https:\/\/hubsch-interior.com\/de\/#\/schema\/logo\/image\/\"}}]}<\/script>\n<!-- \/ Yoast SEO plugin. -->","yoast_head_json":{"title":"Vault Beistelltisch\/Aufbewahrungsbox Grau\/Gelb - H\u00fcbsch","description":"Lernen Sie den Vault Beistelltisch\/Aufbewahrungsbox kennen, ein kreativer multifunktionaler Akzent, die Praktikabilit\u00e4t mit \u00e4sthetischem Design vereint.","robots":{"index":"index","follow":"follow","max-snippet":"max-snippet:-1","max-image-preview":"max-image-preview:large","max-video-preview":"max-video-preview:-1"},"canonical":"https:\/\/hubsch-interior.com\/de\/wp-json\/wp\/v2\/product\/974809","og_locale":"de_DE","og_type":"article","og_title":"Vault Beistelltisch\/Aufbewahrungsbox Grau\/Gelb - H\u00fcbsch","og_description":"Lernen Sie den Vault Beistelltisch\/Aufbewahrungsbox kennen, ein kreativer multifunktionaler Akzent, die Praktikabilit\u00e4t mit \u00e4sthetischem Design vereint.","og_url":"https:\/\/hubsch-interior.com\/de\/produkt\/vault-beistelltisch-aufbewahrungsbox-grau-gelb\/","og_site_name":"H\u00fcbsch","article_modified_time":"2026-04-05T02:19:02+00:00","og_image":[{"width":1200,"height":1200,"url":"https:\/\/hubsch-interior.com\/wp-content\/uploads\/2024\/01\/vault-side-tablestorage-box-greyyellow-89968ab702b2ea5fa54cc5ea34c1da50.jpg","type":"image\/jpeg"}],"twitter_card":"summary_large_image","twitter_misc":{"Gesch\u00e4tzte Lesezeit":"1\u00a0Minute"},"schema":{"@context":"https:\/\/schema.org","@graph":[{"@type":"WebPage","@id":"https:\/\/hubsch-interior.com\/de\/produkt\/vault-beistelltisch-aufbewahrungsbox-grau-gelb\/","url":"https:\/\/hubsch-interior.com\/de\/produkt\/vault-beistelltisch-aufbewahrungsbox-grau-gelb\/","name":"Vault Beistelltisch\/Aufbewahrungsbox Grau\/Gelb - H\u00fcbsch","isPartOf":{"@id":"https:\/\/hubsch-interior.com\/de\/#website"},"primaryImageOfPage":{"@id":"https:\/\/hubsch-interior.com\/de\/produkt\/vault-beistelltisch-aufbewahrungsbox-grau-gelb\/#primaryimage"},"image":{"@id":"https:\/\/hubsch-interior.com\/de\/produkt\/vault-beistelltisch-aufbewahrungsbox-grau-gelb\/#primaryimage"},"thumbnailUrl":"https:\/\/hubsch-interior.com\/wp-content\/uploads\/2026\/02\/vault-side-tablestorage-box-greyyellow-efd657929a580091f83148a932a30047.jpg","datePublished":"2024-01-29T07:23:46+00:00","dateModified":"2026-04-05T02:19:02+00:00","description":"Lernen Sie den Vault Beistelltisch\/Aufbewahrungsbox kennen, ein kreativer multifunktionaler Akzent, die Praktikabilit\u00e4t mit \u00e4sthetischem Design vereint.","breadcrumb":{"@id":"https:\/\/hubsch-interior.com\/de\/produkt\/vault-beistelltisch-aufbewahrungsbox-grau-gelb\/#breadcrumb"},"inLanguage":"de","potentialAction":[{"@type":"ReadAction","target":["https:\/\/hubsch-interior.com\/de\/produkt\/vault-beistelltisch-aufbewahrungsbox-grau-gelb\/"]}]},{"@type":"ImageObject","inLanguage":"de","@id":"https:\/\/hubsch-interior.com\/de\/produkt\/vault-beistelltisch-aufbewahrungsbox-grau-gelb\/#primaryimage","url":"https:\/\/hubsch-interior.com\/wp-content\/uploads\/2026\/02\/vault-side-tablestorage-box-greyyellow-efd657929a580091f83148a932a30047.jpg","contentUrl":"https:\/\/hubsch-interior.com\/wp-content\/uploads\/2026\/02\/vault-side-tablestorage-box-greyyellow-efd657929a580091f83148a932a30047.jpg","width":1024,"height":1024},{"@type":"BreadcrumbList","@id":"https:\/\/hubsch-interior.com\/de\/produkt\/vault-beistelltisch-aufbewahrungsbox-grau-gelb\/#breadcrumb","itemListElement":[{"@type":"ListItem","position":1,"name":"Startseite","item":"https:\/\/hubsch-interior.com\/de\/"},{"@type":"ListItem","position":2,"name":"Produkte","item":"https:\/\/hubsch-interior.com\/de\/shop-2\/"},{"@type":"ListItem","position":3,"name":"M\u00f6bel","item":"https:\/\/hubsch-interior.com\/de\/produkt-kategorie\/moebel\/"},{"@type":"ListItem","position":4,"name":"Tische","item":"https:\/\/hubsch-interior.com\/de\/produkt-kategorie\/moebel\/tische-de\/"},{"@type":"ListItem","position":5,"name":"Beistelltische","item":"https:\/\/hubsch-interior.com\/de\/produkt-kategorie\/moebel\/tische-de\/beistelltische-de\/"},{"@type":"ListItem","position":6,"name":"Vault Beistelltisch\/Aufbewahrungsbox Grau\/Gelb"}]},{"@type":"WebSite","@id":"https:\/\/hubsch-interior.com\/de\/#website","url":"https:\/\/hubsch-interior.com\/de\/","name":"H\u00fcbsch","description":"Danish Home Interior and Design","publisher":{"@id":"https:\/\/hubsch-interior.com\/de\/#organization"},"potentialAction":[{"@type":"SearchAction","target":{"@type":"EntryPoint","urlTemplate":"https:\/\/hubsch-interior.com\/de\/?s={search_term_string}"},"query-input":{"@type":"PropertyValueSpecification","valueRequired":true,"valueName":"search_term_string"}}],"inLanguage":"de"},{"@type":"Organization","@id":"https:\/\/hubsch-interior.com\/de\/#organization","name":"H\u00fcbsch","url":"https:\/\/hubsch-interior.com\/de\/","logo":{"@type":"ImageObject","inLanguage":"de","@id":"https:\/\/hubsch-interior.com\/de\/#\/schema\/logo\/image\/","url":"https:\/\/hubsch-interior.com\/wp-content\/uploads\/2022\/12\/Hubsch_logo_black_one_line.svg","contentUrl":"https:\/\/hubsch-interior.com\/wp-content\/uploads\/2022\/12\/Hubsch_logo_black_one_line.svg","caption":"H\u00fcbsch"},"image":{"@id":"https:\/\/hubsch-interior.com\/de\/#\/schema\/logo\/image\/"}}]}},"_links":{"self":[{"href":"https:\/\/hubsch-interior.com\/de\/wp-json\/wp\/v2\/product\/974809","targetHints":{"allow":["GET"]}}],"collection":[{"href":"https:\/\/hubsch-interior.com\/de\/wp-json\/wp\/v2\/product"}],"about":[{"href":"https:\/\/hubsch-interior.com\/de\/wp-json\/wp\/v2\/types\/product"}],"wp:featuredmedia":[{"embeddable":true,"href":"https:\/\/hubsch-interior.com\/de\/wp-json\/wp\/v2\/media\/1093636"}],"wp:attachment":[{"href":"https:\/\/hubsch-interior.com\/de\/wp-json\/wp\/v2\/media?parent=974809"}],"wp:term":[{"taxonomy":"product_brand","embeddable":true,"href":"https:\/\/hubsch-interior.com\/de\/wp-json\/wp\/v2\/product_brand?post=974809"},{"taxonomy":"product_cat","embeddable":true,"href":"https:\/\/hubsch-interior.com\/de\/wp-json\/wp\/v2\/product_cat?post=974809"},{"taxonomy":"product_tag","embeddable":true,"href":"https:\/\/hubsch-interior.com\/de\/wp-json\/wp\/v2\/product_tag?post=974809"}],"curies":[{"name":"wp","href":"https:\/\/api.w.org\/{rel}","templated":true}]}}