{"id":974845,"date":"2024-01-29T08:23:50","date_gmt":"2024-01-29T07:23:50","guid":{"rendered":"https:\/\/hubsch-interior.com\/product\/product\/"},"modified":"2026-04-09T04:19:06","modified_gmt":"2026-04-09T02:19:06","slug":"vault-beistelltisch-aufbewahrungsbox-braun-blau","status":"publish","type":"product","link":"https:\/\/hubsch-interior.com\/de\/produkt\/vault-beistelltisch-aufbewahrungsbox-braun-blau\/","title":{"rendered":"Vault Beistelltisch\/Aufbewahrungsbox Braun\/Blau"},"content":{"rendered":"<p>Lernen Sie den Vault Beistelltisch\/Aufbewahrungsbox kennen &#8211; die perfekte Erg\u00e4nzung f\u00fcr Ihre Wohnkultur! Hergestellt aus luxuri\u00f6sem FSC-zertifiziertem Eschenholz, ist dieses multifunktionale St\u00fcck in drei atemberaubenden Varianten erh\u00e4ltlich, darunter ein stilvolles Braun und erfrischendes Blau. Sein \u00e4sthetisches Design verleiht jedem Raum eine Note von Raffinesse und bietet gleichzeitig zus\u00e4tzlichen Stauraum f\u00fcr Ihre allt\u00e4glichen Essentials. Egal ob im Eingangsbereich zur Aufbewahrung von Schuhen und Taschen oder im Kinderzimmer, um Spielzeug ordentlich zu verstauen &#8211; dieser kreative multifunktionale Akzent ist ein Muss. Erh\u00e4ltlich in anderen Farbvariationen, um Ihrem pers\u00f6nlichen Stil gerecht zu werden. Verleihen Sie Ihrem Raum mit dem Vault Beistelltisch\/Aufbewahrungsbox eine besondere Note.<\/p>\n","protected":false},"excerpt":{"rendered":"<p>Lernen Sie den Vault Beistelltisch\/Aufbewahrungsbox kennen &#8211; die perfekte Erg\u00e4nzung f\u00fcr Ihre Wohnkultur! Hergestellt aus luxuri\u00f6sem FSC-zertifiziertem Eschenholz, ist dieses multifunktionale St\u00fcck in drei atemberaubenden Varianten erh\u00e4ltlich, darunter ein stilvolles Braun und erfrischendes Blau. Sein \u00e4sthetisches Design verleiht jedem Raum eine Note von Raffinesse und bietet gleichzeitig zus\u00e4tzlichen Stauraum f\u00fcr Ihre allt\u00e4glichen Essentials. Egal ob [&hellip;]<\/p>\n","protected":false},"featured_media":1093668,"template":"","meta":{"_acf_changed":false,"inline_featured_image":false},"product_brand":[],"product_cat":[6884,6893,6323,2861,4028,3111,3646],"product_tag":[],"class_list":{"0":"post-974845","1":"product","2":"type-product","3":"status-publish","4":"has-post-thumbnail","6":"product_cat-elevating-nostalgia-de","7":"product_cat-multifunktionale-moebel-de","8":"product_cat-fsc-de","9":"product_cat-tische-de","10":"product_cat-beistelltische-de","11":"product_cat-aufbewahrung-de","12":"product_cat-kisten-de","13":"product_shipping_class-pk","15":"pa_color-braun","16":"pa_color-blau-2","17":"pa_material-eschenholz","19":"first","20":"instock","21":"taxable","22":"shipping-taxable","23":"purchasable","24":"product-type-simple"},"exclude_global_add_ons":[],"addons":[],"acf":[],"yoast_head":"<!-- This site is optimized with the Yoast SEO plugin v26.4 - https:\/\/yoast.com\/wordpress\/plugins\/seo\/ -->\n<title>Vault Beistelltisch\/Aufbewahrungsbox Braun\/Blau - H\u00fcbsch<\/title>\n<meta name=\"description\" content=\"Lernen Sie den Vault Beistelltisch\/Aufbewahrungsbox kennen - die perfekte Erg\u00e4nzung f\u00fcr Ihre Wohnkultur! Hergestellt aus luxuri\u00f6sem FSC-zertifiziertem\" \/>\n<meta name=\"robots\" content=\"index, follow, max-snippet:-1, max-image-preview:large, max-video-preview:-1\" \/>\n<link rel=\"canonical\" href=\"https:\/\/hubsch-interior.com\/de\/wp-json\/wp\/v2\/product\/974845\" \/>\n<meta property=\"og:locale\" content=\"de_DE\" \/>\n<meta property=\"og:type\" content=\"article\" \/>\n<meta property=\"og:title\" content=\"Vault Beistelltisch\/Aufbewahrungsbox Braun\/Blau - H\u00fcbsch\" \/>\n<meta property=\"og:description\" content=\"Lernen Sie den Vault Beistelltisch\/Aufbewahrungsbox kennen - die perfekte Erg\u00e4nzung f\u00fcr Ihre Wohnkultur! Hergestellt aus luxuri\u00f6sem FSC-zertifiziertem\" \/>\n<meta property=\"og:url\" content=\"https:\/\/hubsch-interior.com\/de\/produkt\/vault-beistelltisch-aufbewahrungsbox-braun-blau\/\" \/>\n<meta property=\"og:site_name\" content=\"H\u00fcbsch\" \/>\n<meta property=\"article:modified_time\" content=\"2026-04-09T02:19:06+00:00\" \/>\n<meta property=\"og:image\" content=\"https:\/\/hubsch-interior.com\/wp-content\/uploads\/2024\/01\/vault-side-tablestorage-box-brownblue-818bc7a931f02a1a7839c776700e850c.jpg\" \/>\n\t<meta property=\"og:image:width\" content=\"1200\" \/>\n\t<meta property=\"og:image:height\" content=\"1200\" \/>\n\t<meta property=\"og:image:type\" content=\"image\/jpeg\" \/>\n<meta name=\"twitter:card\" content=\"summary_large_image\" \/>\n<meta name=\"twitter:label1\" content=\"Gesch\u00e4tzte Lesezeit\" \/>\n\t<meta name=\"twitter:data1\" content=\"1\u00a0Minute\" \/>\n<script type=\"application\/ld+json\" class=\"yoast-schema-graph\">{\"@context\":\"https:\/\/schema.org\",\"@graph\":[{\"@type\":\"WebPage\",\"@id\":\"https:\/\/hubsch-interior.com\/de\/produkt\/vault-beistelltisch-aufbewahrungsbox-braun-blau\/\",\"url\":\"https:\/\/hubsch-interior.com\/de\/produkt\/vault-beistelltisch-aufbewahrungsbox-braun-blau\/\",\"name\":\"Vault Beistelltisch\/Aufbewahrungsbox Braun\/Blau - H\u00fcbsch\",\"isPartOf\":{\"@id\":\"https:\/\/hubsch-interior.com\/de\/#website\"},\"primaryImageOfPage\":{\"@id\":\"https:\/\/hubsch-interior.com\/de\/produkt\/vault-beistelltisch-aufbewahrungsbox-braun-blau\/#primaryimage\"},\"image\":{\"@id\":\"https:\/\/hubsch-interior.com\/de\/produkt\/vault-beistelltisch-aufbewahrungsbox-braun-blau\/#primaryimage\"},\"thumbnailUrl\":\"https:\/\/hubsch-interior.com\/wp-content\/uploads\/2026\/02\/vault-side-tablestorage-box-brownblue-c791db6b4cd05f35956cddddc48bdfe0.jpg\",\"datePublished\":\"2024-01-29T07:23:50+00:00\",\"dateModified\":\"2026-04-09T02:19:06+00:00\",\"description\":\"Lernen Sie den Vault Beistelltisch\/Aufbewahrungsbox kennen - die perfekte Erg\u00e4nzung f\u00fcr Ihre Wohnkultur! Hergestellt aus luxuri\u00f6sem FSC-zertifiziertem\",\"breadcrumb\":{\"@id\":\"https:\/\/hubsch-interior.com\/de\/produkt\/vault-beistelltisch-aufbewahrungsbox-braun-blau\/#breadcrumb\"},\"inLanguage\":\"de\",\"potentialAction\":[{\"@type\":\"ReadAction\",\"target\":[\"https:\/\/hubsch-interior.com\/de\/produkt\/vault-beistelltisch-aufbewahrungsbox-braun-blau\/\"]}]},{\"@type\":\"ImageObject\",\"inLanguage\":\"de\",\"@id\":\"https:\/\/hubsch-interior.com\/de\/produkt\/vault-beistelltisch-aufbewahrungsbox-braun-blau\/#primaryimage\",\"url\":\"https:\/\/hubsch-interior.com\/wp-content\/uploads\/2026\/02\/vault-side-tablestorage-box-brownblue-c791db6b4cd05f35956cddddc48bdfe0.jpg\",\"contentUrl\":\"https:\/\/hubsch-interior.com\/wp-content\/uploads\/2026\/02\/vault-side-tablestorage-box-brownblue-c791db6b4cd05f35956cddddc48bdfe0.jpg\",\"width\":1024,\"height\":1024},{\"@type\":\"BreadcrumbList\",\"@id\":\"https:\/\/hubsch-interior.com\/de\/produkt\/vault-beistelltisch-aufbewahrungsbox-braun-blau\/#breadcrumb\",\"itemListElement\":[{\"@type\":\"ListItem\",\"position\":1,\"name\":\"Startseite\",\"item\":\"https:\/\/hubsch-interior.com\/de\/\"},{\"@type\":\"ListItem\",\"position\":2,\"name\":\"Produkte\",\"item\":\"https:\/\/hubsch-interior.com\/de\/shop-2\/\"},{\"@type\":\"ListItem\",\"position\":3,\"name\":\"M\u00f6bel\",\"item\":\"https:\/\/hubsch-interior.com\/de\/produkt-kategorie\/moebel\/\"},{\"@type\":\"ListItem\",\"position\":4,\"name\":\"Tische\",\"item\":\"https:\/\/hubsch-interior.com\/de\/produkt-kategorie\/moebel\/tische-de\/\"},{\"@type\":\"ListItem\",\"position\":5,\"name\":\"Beistelltische\",\"item\":\"https:\/\/hubsch-interior.com\/de\/produkt-kategorie\/moebel\/tische-de\/beistelltische-de\/\"},{\"@type\":\"ListItem\",\"position\":6,\"name\":\"Vault Beistelltisch\/Aufbewahrungsbox Braun\/Blau\"}]},{\"@type\":\"WebSite\",\"@id\":\"https:\/\/hubsch-interior.com\/de\/#website\",\"url\":\"https:\/\/hubsch-interior.com\/de\/\",\"name\":\"H\u00fcbsch\",\"description\":\"Danish Home Interior and Design\",\"publisher\":{\"@id\":\"https:\/\/hubsch-interior.com\/de\/#organization\"},\"potentialAction\":[{\"@type\":\"SearchAction\",\"target\":{\"@type\":\"EntryPoint\",\"urlTemplate\":\"https:\/\/hubsch-interior.com\/de\/?s={search_term_string}\"},\"query-input\":{\"@type\":\"PropertyValueSpecification\",\"valueRequired\":true,\"valueName\":\"search_term_string\"}}],\"inLanguage\":\"de\"},{\"@type\":\"Organization\",\"@id\":\"https:\/\/hubsch-interior.com\/de\/#organization\",\"name\":\"H\u00fcbsch\",\"url\":\"https:\/\/hubsch-interior.com\/de\/\",\"logo\":{\"@type\":\"ImageObject\",\"inLanguage\":\"de\",\"@id\":\"https:\/\/hubsch-interior.com\/de\/#\/schema\/logo\/image\/\",\"url\":\"https:\/\/hubsch-interior.com\/wp-content\/uploads\/2022\/12\/Hubsch_logo_black_one_line.svg\",\"contentUrl\":\"https:\/\/hubsch-interior.com\/wp-content\/uploads\/2022\/12\/Hubsch_logo_black_one_line.svg\",\"caption\":\"H\u00fcbsch\"},\"image\":{\"@id\":\"https:\/\/hubsch-interior.com\/de\/#\/schema\/logo\/image\/\"}}]}<\/script>\n<!-- \/ Yoast SEO plugin. -->","yoast_head_json":{"title":"Vault Beistelltisch\/Aufbewahrungsbox Braun\/Blau - H\u00fcbsch","description":"Lernen Sie den Vault Beistelltisch\/Aufbewahrungsbox kennen - die perfekte Erg\u00e4nzung f\u00fcr Ihre Wohnkultur! Hergestellt aus luxuri\u00f6sem FSC-zertifiziertem","robots":{"index":"index","follow":"follow","max-snippet":"max-snippet:-1","max-image-preview":"max-image-preview:large","max-video-preview":"max-video-preview:-1"},"canonical":"https:\/\/hubsch-interior.com\/de\/wp-json\/wp\/v2\/product\/974845","og_locale":"de_DE","og_type":"article","og_title":"Vault Beistelltisch\/Aufbewahrungsbox Braun\/Blau - H\u00fcbsch","og_description":"Lernen Sie den Vault Beistelltisch\/Aufbewahrungsbox kennen - die perfekte Erg\u00e4nzung f\u00fcr Ihre Wohnkultur! Hergestellt aus luxuri\u00f6sem FSC-zertifiziertem","og_url":"https:\/\/hubsch-interior.com\/de\/produkt\/vault-beistelltisch-aufbewahrungsbox-braun-blau\/","og_site_name":"H\u00fcbsch","article_modified_time":"2026-04-09T02:19:06+00:00","og_image":[{"width":1200,"height":1200,"url":"https:\/\/hubsch-interior.com\/wp-content\/uploads\/2024\/01\/vault-side-tablestorage-box-brownblue-818bc7a931f02a1a7839c776700e850c.jpg","type":"image\/jpeg"}],"twitter_card":"summary_large_image","twitter_misc":{"Gesch\u00e4tzte Lesezeit":"1\u00a0Minute"},"schema":{"@context":"https:\/\/schema.org","@graph":[{"@type":"WebPage","@id":"https:\/\/hubsch-interior.com\/de\/produkt\/vault-beistelltisch-aufbewahrungsbox-braun-blau\/","url":"https:\/\/hubsch-interior.com\/de\/produkt\/vault-beistelltisch-aufbewahrungsbox-braun-blau\/","name":"Vault Beistelltisch\/Aufbewahrungsbox Braun\/Blau - H\u00fcbsch","isPartOf":{"@id":"https:\/\/hubsch-interior.com\/de\/#website"},"primaryImageOfPage":{"@id":"https:\/\/hubsch-interior.com\/de\/produkt\/vault-beistelltisch-aufbewahrungsbox-braun-blau\/#primaryimage"},"image":{"@id":"https:\/\/hubsch-interior.com\/de\/produkt\/vault-beistelltisch-aufbewahrungsbox-braun-blau\/#primaryimage"},"thumbnailUrl":"https:\/\/hubsch-interior.com\/wp-content\/uploads\/2026\/02\/vault-side-tablestorage-box-brownblue-c791db6b4cd05f35956cddddc48bdfe0.jpg","datePublished":"2024-01-29T07:23:50+00:00","dateModified":"2026-04-09T02:19:06+00:00","description":"Lernen Sie den Vault Beistelltisch\/Aufbewahrungsbox kennen - die perfekte Erg\u00e4nzung f\u00fcr Ihre Wohnkultur! Hergestellt aus luxuri\u00f6sem FSC-zertifiziertem","breadcrumb":{"@id":"https:\/\/hubsch-interior.com\/de\/produkt\/vault-beistelltisch-aufbewahrungsbox-braun-blau\/#breadcrumb"},"inLanguage":"de","potentialAction":[{"@type":"ReadAction","target":["https:\/\/hubsch-interior.com\/de\/produkt\/vault-beistelltisch-aufbewahrungsbox-braun-blau\/"]}]},{"@type":"ImageObject","inLanguage":"de","@id":"https:\/\/hubsch-interior.com\/de\/produkt\/vault-beistelltisch-aufbewahrungsbox-braun-blau\/#primaryimage","url":"https:\/\/hubsch-interior.com\/wp-content\/uploads\/2026\/02\/vault-side-tablestorage-box-brownblue-c791db6b4cd05f35956cddddc48bdfe0.jpg","contentUrl":"https:\/\/hubsch-interior.com\/wp-content\/uploads\/2026\/02\/vault-side-tablestorage-box-brownblue-c791db6b4cd05f35956cddddc48bdfe0.jpg","width":1024,"height":1024},{"@type":"BreadcrumbList","@id":"https:\/\/hubsch-interior.com\/de\/produkt\/vault-beistelltisch-aufbewahrungsbox-braun-blau\/#breadcrumb","itemListElement":[{"@type":"ListItem","position":1,"name":"Startseite","item":"https:\/\/hubsch-interior.com\/de\/"},{"@type":"ListItem","position":2,"name":"Produkte","item":"https:\/\/hubsch-interior.com\/de\/shop-2\/"},{"@type":"ListItem","position":3,"name":"M\u00f6bel","item":"https:\/\/hubsch-interior.com\/de\/produkt-kategorie\/moebel\/"},{"@type":"ListItem","position":4,"name":"Tische","item":"https:\/\/hubsch-interior.com\/de\/produkt-kategorie\/moebel\/tische-de\/"},{"@type":"ListItem","position":5,"name":"Beistelltische","item":"https:\/\/hubsch-interior.com\/de\/produkt-kategorie\/moebel\/tische-de\/beistelltische-de\/"},{"@type":"ListItem","position":6,"name":"Vault Beistelltisch\/Aufbewahrungsbox Braun\/Blau"}]},{"@type":"WebSite","@id":"https:\/\/hubsch-interior.com\/de\/#website","url":"https:\/\/hubsch-interior.com\/de\/","name":"H\u00fcbsch","description":"Danish Home Interior and Design","publisher":{"@id":"https:\/\/hubsch-interior.com\/de\/#organization"},"potentialAction":[{"@type":"SearchAction","target":{"@type":"EntryPoint","urlTemplate":"https:\/\/hubsch-interior.com\/de\/?s={search_term_string}"},"query-input":{"@type":"PropertyValueSpecification","valueRequired":true,"valueName":"search_term_string"}}],"inLanguage":"de"},{"@type":"Organization","@id":"https:\/\/hubsch-interior.com\/de\/#organization","name":"H\u00fcbsch","url":"https:\/\/hubsch-interior.com\/de\/","logo":{"@type":"ImageObject","inLanguage":"de","@id":"https:\/\/hubsch-interior.com\/de\/#\/schema\/logo\/image\/","url":"https:\/\/hubsch-interior.com\/wp-content\/uploads\/2022\/12\/Hubsch_logo_black_one_line.svg","contentUrl":"https:\/\/hubsch-interior.com\/wp-content\/uploads\/2022\/12\/Hubsch_logo_black_one_line.svg","caption":"H\u00fcbsch"},"image":{"@id":"https:\/\/hubsch-interior.com\/de\/#\/schema\/logo\/image\/"}}]}},"_links":{"self":[{"href":"https:\/\/hubsch-interior.com\/de\/wp-json\/wp\/v2\/product\/974845","targetHints":{"allow":["GET"]}}],"collection":[{"href":"https:\/\/hubsch-interior.com\/de\/wp-json\/wp\/v2\/product"}],"about":[{"href":"https:\/\/hubsch-interior.com\/de\/wp-json\/wp\/v2\/types\/product"}],"wp:featuredmedia":[{"embeddable":true,"href":"https:\/\/hubsch-interior.com\/de\/wp-json\/wp\/v2\/media\/1093668"}],"wp:attachment":[{"href":"https:\/\/hubsch-interior.com\/de\/wp-json\/wp\/v2\/media?parent=974845"}],"wp:term":[{"taxonomy":"product_brand","embeddable":true,"href":"https:\/\/hubsch-interior.com\/de\/wp-json\/wp\/v2\/product_brand?post=974845"},{"taxonomy":"product_cat","embeddable":true,"href":"https:\/\/hubsch-interior.com\/de\/wp-json\/wp\/v2\/product_cat?post=974845"},{"taxonomy":"product_tag","embeddable":true,"href":"https:\/\/hubsch-interior.com\/de\/wp-json\/wp\/v2\/product_tag?post=974845"}],"curies":[{"name":"wp","href":"https:\/\/api.w.org\/{rel}","templated":true}]}}