{"id":974865,"date":"2024-01-29T08:24:09","date_gmt":"2024-01-29T07:24:09","guid":{"rendered":"https:\/\/hubsch-interior.com\/product\/product\/"},"modified":"2026-04-09T04:19:11","modified_gmt":"2026-04-09T02:19:11","slug":"tick-magazinhalter-sandfarben-gelb","status":"publish","type":"product","link":"https:\/\/hubsch-interior.com\/de\/produkt\/tick-magazinhalter-sandfarben-gelb\/","title":{"rendered":"Tick Magazinhalter Sandfarben\/Gelb"},"content":{"rendered":"<p>Der Tick Magazinhalter ist eine lebendige Erg\u00e4nzung f\u00fcr Ihre Wohnkultur. Dieses Statement-St\u00fcck ist fachm\u00e4nnisch aus FSC-zertifiziertem Eschenholz gefertigt und besticht durch einen warmen Sand-\/Gelbton, der perfekt zu jedem Interieur passt. Nicht nur ist er ein farbenfroher Akzent, sondern er dient auch als skulpturale Pr\u00e4sentationsfl\u00e4che f\u00fcr Ihre Lieblings-Coffeetable-Books. Halten Sie Ihre Lekt\u00fcre organisiert und leicht zug\u00e4nglich mit diesem modernen Magazin-Aufbewahrungsst\u00fcck. Der Tick Magazinhalter ist ein Muss f\u00fcr jedes designbewussten Individuum.<\/p>\n","protected":false},"excerpt":{"rendered":"<p>Der Tick Magazinhalter ist eine lebendige Erg\u00e4nzung f\u00fcr Ihre Wohnkultur. Dieses Statement-St\u00fcck ist fachm\u00e4nnisch aus FSC-zertifiziertem Eschenholz gefertigt und besticht durch einen warmen Sand-\/Gelbton, der perfekt zu jedem Interieur passt. Nicht nur ist er ein farbenfroher Akzent, sondern er dient auch als skulpturale Pr\u00e4sentationsfl\u00e4che f\u00fcr Ihre Lieblings-Coffeetable-Books. Halten Sie Ihre Lekt\u00fcre organisiert und leicht zug\u00e4nglich [&hellip;]<\/p>\n","protected":false},"featured_media":1093700,"template":"","meta":{"_acf_changed":false,"inline_featured_image":false},"product_brand":[],"product_cat":[3111,5027,6884,6323,4020,6519],"product_tag":[],"class_list":{"0":"post-974865","1":"product","2":"type-product","3":"status-publish","4":"has-post-thumbnail","6":"product_cat-aufbewahrung-de","7":"product_cat-bestsellers-de","8":"product_cat-elevating-nostalgia-de","9":"product_cat-fsc-de","10":"product_cat-magazinhalter-de","11":"product_cat-outlet-de","12":"product_shipping_class-pk","14":"pa_color-gelb","15":"pa_color-sandfarben","16":"pa_material-eschenholz","18":"first","19":"instock","20":"sale","21":"featured","22":"taxable","23":"shipping-taxable","24":"purchasable","25":"product-type-simple"},"exclude_global_add_ons":[],"addons":[],"acf":[],"yoast_head":"<!-- This site is optimized with the Yoast SEO plugin v26.4 - https:\/\/yoast.com\/wordpress\/plugins\/seo\/ -->\n<title>Tick Magazinhalter Sandfarben\/Gelb - H\u00fcbsch<\/title>\n<meta name=\"description\" content=\"Der Tick Magazinhalter ist eine lebendige Erg\u00e4nzung f\u00fcr Ihre Wohnkultur. Dieses Statement-St\u00fcck ist fachm\u00e4nnisch aus FSC-zertifiziertem Eschenholz\" \/>\n<meta name=\"robots\" content=\"index, follow, max-snippet:-1, max-image-preview:large, max-video-preview:-1\" \/>\n<link rel=\"canonical\" href=\"https:\/\/hubsch-interior.com\/de\/wp-json\/wp\/v2\/product\/974865\" \/>\n<meta property=\"og:locale\" content=\"de_DE\" \/>\n<meta property=\"og:type\" content=\"article\" \/>\n<meta property=\"og:title\" content=\"Tick Magazinhalter Sandfarben\/Gelb - H\u00fcbsch\" \/>\n<meta property=\"og:description\" content=\"Der Tick Magazinhalter ist eine lebendige Erg\u00e4nzung f\u00fcr Ihre Wohnkultur. Dieses Statement-St\u00fcck ist fachm\u00e4nnisch aus FSC-zertifiziertem Eschenholz\" \/>\n<meta property=\"og:url\" content=\"https:\/\/hubsch-interior.com\/de\/produkt\/tick-magazinhalter-sandfarben-gelb\/\" \/>\n<meta property=\"og:site_name\" content=\"H\u00fcbsch\" \/>\n<meta property=\"article:modified_time\" content=\"2026-04-09T02:19:11+00:00\" \/>\n<meta property=\"og:image\" content=\"https:\/\/hubsch-interior.com\/wp-content\/uploads\/2024\/03\/tick-magazine-holder-sandyellow-0e11dd87d51e290531b132888760378d.jpg\" \/>\n\t<meta property=\"og:image:width\" content=\"1200\" \/>\n\t<meta property=\"og:image:height\" content=\"1200\" \/>\n\t<meta property=\"og:image:type\" content=\"image\/jpeg\" \/>\n<meta name=\"twitter:card\" content=\"summary_large_image\" \/>\n<script type=\"application\/ld+json\" class=\"yoast-schema-graph\">{\"@context\":\"https:\/\/schema.org\",\"@graph\":[{\"@type\":\"WebPage\",\"@id\":\"https:\/\/hubsch-interior.com\/de\/produkt\/tick-magazinhalter-sandfarben-gelb\/\",\"url\":\"https:\/\/hubsch-interior.com\/de\/produkt\/tick-magazinhalter-sandfarben-gelb\/\",\"name\":\"Tick Magazinhalter Sandfarben\/Gelb - H\u00fcbsch\",\"isPartOf\":{\"@id\":\"https:\/\/hubsch-interior.com\/de\/#website\"},\"primaryImageOfPage\":{\"@id\":\"https:\/\/hubsch-interior.com\/de\/produkt\/tick-magazinhalter-sandfarben-gelb\/#primaryimage\"},\"image\":{\"@id\":\"https:\/\/hubsch-interior.com\/de\/produkt\/tick-magazinhalter-sandfarben-gelb\/#primaryimage\"},\"thumbnailUrl\":\"https:\/\/hubsch-interior.com\/wp-content\/uploads\/2026\/02\/tick-magazine-holder-sandyellow-c5070e6b4d2bd0577c57e34356b20cb2.jpg\",\"datePublished\":\"2024-01-29T07:24:09+00:00\",\"dateModified\":\"2026-04-09T02:19:11+00:00\",\"description\":\"Der Tick Magazinhalter ist eine lebendige Erg\u00e4nzung f\u00fcr Ihre Wohnkultur. Dieses Statement-St\u00fcck ist fachm\u00e4nnisch aus FSC-zertifiziertem Eschenholz\",\"breadcrumb\":{\"@id\":\"https:\/\/hubsch-interior.com\/de\/produkt\/tick-magazinhalter-sandfarben-gelb\/#breadcrumb\"},\"inLanguage\":\"de\",\"potentialAction\":[{\"@type\":\"ReadAction\",\"target\":[\"https:\/\/hubsch-interior.com\/de\/produkt\/tick-magazinhalter-sandfarben-gelb\/\"]}]},{\"@type\":\"ImageObject\",\"inLanguage\":\"de\",\"@id\":\"https:\/\/hubsch-interior.com\/de\/produkt\/tick-magazinhalter-sandfarben-gelb\/#primaryimage\",\"url\":\"https:\/\/hubsch-interior.com\/wp-content\/uploads\/2026\/02\/tick-magazine-holder-sandyellow-c5070e6b4d2bd0577c57e34356b20cb2.jpg\",\"contentUrl\":\"https:\/\/hubsch-interior.com\/wp-content\/uploads\/2026\/02\/tick-magazine-holder-sandyellow-c5070e6b4d2bd0577c57e34356b20cb2.jpg\",\"width\":1024,\"height\":1024},{\"@type\":\"BreadcrumbList\",\"@id\":\"https:\/\/hubsch-interior.com\/de\/produkt\/tick-magazinhalter-sandfarben-gelb\/#breadcrumb\",\"itemListElement\":[{\"@type\":\"ListItem\",\"position\":1,\"name\":\"Startseite\",\"item\":\"https:\/\/hubsch-interior.com\/de\/\"},{\"@type\":\"ListItem\",\"position\":2,\"name\":\"Produkte\",\"item\":\"https:\/\/hubsch-interior.com\/de\/shop-2\/\"},{\"@type\":\"ListItem\",\"position\":3,\"name\":\"Wohnaccessoires\",\"item\":\"https:\/\/hubsch-interior.com\/de\/produkt-kategorie\/wohnaccessoires\/\"},{\"@type\":\"ListItem\",\"position\":4,\"name\":\"Aufbewahrung\",\"item\":\"https:\/\/hubsch-interior.com\/de\/produkt-kategorie\/wohnaccessoires\/aufbewahrung-de\/\"},{\"@type\":\"ListItem\",\"position\":5,\"name\":\"Magazinhalter\",\"item\":\"https:\/\/hubsch-interior.com\/de\/produkt-kategorie\/wohnaccessoires\/aufbewahrung-de\/magazinhalter-de\/\"},{\"@type\":\"ListItem\",\"position\":6,\"name\":\"Tick Magazinhalter Sandfarben\/Gelb\"}]},{\"@type\":\"WebSite\",\"@id\":\"https:\/\/hubsch-interior.com\/de\/#website\",\"url\":\"https:\/\/hubsch-interior.com\/de\/\",\"name\":\"H\u00fcbsch\",\"description\":\"Danish Home Interior and Design\",\"publisher\":{\"@id\":\"https:\/\/hubsch-interior.com\/de\/#organization\"},\"potentialAction\":[{\"@type\":\"SearchAction\",\"target\":{\"@type\":\"EntryPoint\",\"urlTemplate\":\"https:\/\/hubsch-interior.com\/de\/?s={search_term_string}\"},\"query-input\":{\"@type\":\"PropertyValueSpecification\",\"valueRequired\":true,\"valueName\":\"search_term_string\"}}],\"inLanguage\":\"de\"},{\"@type\":\"Organization\",\"@id\":\"https:\/\/hubsch-interior.com\/de\/#organization\",\"name\":\"H\u00fcbsch\",\"url\":\"https:\/\/hubsch-interior.com\/de\/\",\"logo\":{\"@type\":\"ImageObject\",\"inLanguage\":\"de\",\"@id\":\"https:\/\/hubsch-interior.com\/de\/#\/schema\/logo\/image\/\",\"url\":\"https:\/\/hubsch-interior.com\/wp-content\/uploads\/2022\/12\/Hubsch_logo_black_one_line.svg\",\"contentUrl\":\"https:\/\/hubsch-interior.com\/wp-content\/uploads\/2022\/12\/Hubsch_logo_black_one_line.svg\",\"caption\":\"H\u00fcbsch\"},\"image\":{\"@id\":\"https:\/\/hubsch-interior.com\/de\/#\/schema\/logo\/image\/\"}}]}<\/script>\n<!-- \/ Yoast SEO plugin. -->","yoast_head_json":{"title":"Tick Magazinhalter Sandfarben\/Gelb - H\u00fcbsch","description":"Der Tick Magazinhalter ist eine lebendige Erg\u00e4nzung f\u00fcr Ihre Wohnkultur. Dieses Statement-St\u00fcck ist fachm\u00e4nnisch aus FSC-zertifiziertem Eschenholz","robots":{"index":"index","follow":"follow","max-snippet":"max-snippet:-1","max-image-preview":"max-image-preview:large","max-video-preview":"max-video-preview:-1"},"canonical":"https:\/\/hubsch-interior.com\/de\/wp-json\/wp\/v2\/product\/974865","og_locale":"de_DE","og_type":"article","og_title":"Tick Magazinhalter Sandfarben\/Gelb - H\u00fcbsch","og_description":"Der Tick Magazinhalter ist eine lebendige Erg\u00e4nzung f\u00fcr Ihre Wohnkultur. Dieses Statement-St\u00fcck ist fachm\u00e4nnisch aus FSC-zertifiziertem Eschenholz","og_url":"https:\/\/hubsch-interior.com\/de\/produkt\/tick-magazinhalter-sandfarben-gelb\/","og_site_name":"H\u00fcbsch","article_modified_time":"2026-04-09T02:19:11+00:00","og_image":[{"width":1200,"height":1200,"url":"https:\/\/hubsch-interior.com\/wp-content\/uploads\/2024\/03\/tick-magazine-holder-sandyellow-0e11dd87d51e290531b132888760378d.jpg","type":"image\/jpeg"}],"twitter_card":"summary_large_image","schema":{"@context":"https:\/\/schema.org","@graph":[{"@type":"WebPage","@id":"https:\/\/hubsch-interior.com\/de\/produkt\/tick-magazinhalter-sandfarben-gelb\/","url":"https:\/\/hubsch-interior.com\/de\/produkt\/tick-magazinhalter-sandfarben-gelb\/","name":"Tick Magazinhalter Sandfarben\/Gelb - H\u00fcbsch","isPartOf":{"@id":"https:\/\/hubsch-interior.com\/de\/#website"},"primaryImageOfPage":{"@id":"https:\/\/hubsch-interior.com\/de\/produkt\/tick-magazinhalter-sandfarben-gelb\/#primaryimage"},"image":{"@id":"https:\/\/hubsch-interior.com\/de\/produkt\/tick-magazinhalter-sandfarben-gelb\/#primaryimage"},"thumbnailUrl":"https:\/\/hubsch-interior.com\/wp-content\/uploads\/2026\/02\/tick-magazine-holder-sandyellow-c5070e6b4d2bd0577c57e34356b20cb2.jpg","datePublished":"2024-01-29T07:24:09+00:00","dateModified":"2026-04-09T02:19:11+00:00","description":"Der Tick Magazinhalter ist eine lebendige Erg\u00e4nzung f\u00fcr Ihre Wohnkultur. Dieses Statement-St\u00fcck ist fachm\u00e4nnisch aus FSC-zertifiziertem Eschenholz","breadcrumb":{"@id":"https:\/\/hubsch-interior.com\/de\/produkt\/tick-magazinhalter-sandfarben-gelb\/#breadcrumb"},"inLanguage":"de","potentialAction":[{"@type":"ReadAction","target":["https:\/\/hubsch-interior.com\/de\/produkt\/tick-magazinhalter-sandfarben-gelb\/"]}]},{"@type":"ImageObject","inLanguage":"de","@id":"https:\/\/hubsch-interior.com\/de\/produkt\/tick-magazinhalter-sandfarben-gelb\/#primaryimage","url":"https:\/\/hubsch-interior.com\/wp-content\/uploads\/2026\/02\/tick-magazine-holder-sandyellow-c5070e6b4d2bd0577c57e34356b20cb2.jpg","contentUrl":"https:\/\/hubsch-interior.com\/wp-content\/uploads\/2026\/02\/tick-magazine-holder-sandyellow-c5070e6b4d2bd0577c57e34356b20cb2.jpg","width":1024,"height":1024},{"@type":"BreadcrumbList","@id":"https:\/\/hubsch-interior.com\/de\/produkt\/tick-magazinhalter-sandfarben-gelb\/#breadcrumb","itemListElement":[{"@type":"ListItem","position":1,"name":"Startseite","item":"https:\/\/hubsch-interior.com\/de\/"},{"@type":"ListItem","position":2,"name":"Produkte","item":"https:\/\/hubsch-interior.com\/de\/shop-2\/"},{"@type":"ListItem","position":3,"name":"Wohnaccessoires","item":"https:\/\/hubsch-interior.com\/de\/produkt-kategorie\/wohnaccessoires\/"},{"@type":"ListItem","position":4,"name":"Aufbewahrung","item":"https:\/\/hubsch-interior.com\/de\/produkt-kategorie\/wohnaccessoires\/aufbewahrung-de\/"},{"@type":"ListItem","position":5,"name":"Magazinhalter","item":"https:\/\/hubsch-interior.com\/de\/produkt-kategorie\/wohnaccessoires\/aufbewahrung-de\/magazinhalter-de\/"},{"@type":"ListItem","position":6,"name":"Tick Magazinhalter Sandfarben\/Gelb"}]},{"@type":"WebSite","@id":"https:\/\/hubsch-interior.com\/de\/#website","url":"https:\/\/hubsch-interior.com\/de\/","name":"H\u00fcbsch","description":"Danish Home Interior and Design","publisher":{"@id":"https:\/\/hubsch-interior.com\/de\/#organization"},"potentialAction":[{"@type":"SearchAction","target":{"@type":"EntryPoint","urlTemplate":"https:\/\/hubsch-interior.com\/de\/?s={search_term_string}"},"query-input":{"@type":"PropertyValueSpecification","valueRequired":true,"valueName":"search_term_string"}}],"inLanguage":"de"},{"@type":"Organization","@id":"https:\/\/hubsch-interior.com\/de\/#organization","name":"H\u00fcbsch","url":"https:\/\/hubsch-interior.com\/de\/","logo":{"@type":"ImageObject","inLanguage":"de","@id":"https:\/\/hubsch-interior.com\/de\/#\/schema\/logo\/image\/","url":"https:\/\/hubsch-interior.com\/wp-content\/uploads\/2022\/12\/Hubsch_logo_black_one_line.svg","contentUrl":"https:\/\/hubsch-interior.com\/wp-content\/uploads\/2022\/12\/Hubsch_logo_black_one_line.svg","caption":"H\u00fcbsch"},"image":{"@id":"https:\/\/hubsch-interior.com\/de\/#\/schema\/logo\/image\/"}}]}},"_links":{"self":[{"href":"https:\/\/hubsch-interior.com\/de\/wp-json\/wp\/v2\/product\/974865","targetHints":{"allow":["GET"]}}],"collection":[{"href":"https:\/\/hubsch-interior.com\/de\/wp-json\/wp\/v2\/product"}],"about":[{"href":"https:\/\/hubsch-interior.com\/de\/wp-json\/wp\/v2\/types\/product"}],"wp:featuredmedia":[{"embeddable":true,"href":"https:\/\/hubsch-interior.com\/de\/wp-json\/wp\/v2\/media\/1093700"}],"wp:attachment":[{"href":"https:\/\/hubsch-interior.com\/de\/wp-json\/wp\/v2\/media?parent=974865"}],"wp:term":[{"taxonomy":"product_brand","embeddable":true,"href":"https:\/\/hubsch-interior.com\/de\/wp-json\/wp\/v2\/product_brand?post=974865"},{"taxonomy":"product_cat","embeddable":true,"href":"https:\/\/hubsch-interior.com\/de\/wp-json\/wp\/v2\/product_cat?post=974865"},{"taxonomy":"product_tag","embeddable":true,"href":"https:\/\/hubsch-interior.com\/de\/wp-json\/wp\/v2\/product_tag?post=974865"}],"curies":[{"name":"wp","href":"https:\/\/api.w.org\/{rel}","templated":true}]}}