{"id":974889,"date":"2024-01-29T08:24:29","date_gmt":"2024-01-29T07:24:29","guid":{"rendered":"https:\/\/hubsch-interior.com\/product\/product\/"},"modified":"2026-04-05T04:19:17","modified_gmt":"2026-04-05T02:19:17","slug":"elo-ringbuch-set-naturfarben","status":"publish","type":"product","link":"https:\/\/hubsch-interior.com\/de\/produkt\/elo-ringbuch-set-naturfarben\/","title":{"rendered":"Elo Ringbuch-Set Naturfarben"},"content":{"rendered":"<p>Das vielseitige und stilvolle Elo Ringbuch-Set ist die perfekte Erg\u00e4nzung f\u00fcr Ihre B\u00fcrosammlung. Hergestellt aus stabilem Karton in nat\u00fcrlicher Farbe, ist diese Box nicht nur praktisch, sondern auch umweltfreundlich. Im Inneren finden Sie drei A4-Papier-Binder, jeder mit einem Magneten und einem orangefarbenen Gummiband, um Ihre Dokumente sicher an ihrem Platz zu halten. Verabschieden Sie sich von \u00fcberf\u00fcllten Schreibtischen und begr\u00fc\u00dfen Sie geordnete Effizienz mit dem Elo Ringbuch-Set.<\/p>\n","protected":false},"excerpt":{"rendered":"<p>Das vielseitige und stilvolle Elo Ringbuch-Set ist die perfekte Erg\u00e4nzung f\u00fcr Ihre B\u00fcrosammlung. Hergestellt aus stabilem Karton in nat\u00fcrlicher Farbe, ist diese Box nicht nur praktisch, sondern auch umweltfreundlich. Im Inneren finden Sie drei A4-Papier-Binder, jeder mit einem Magneten und einem orangefarbenen Gummiband, um Ihre Dokumente sicher an ihrem Platz zu halten. Verabschieden Sie sich [&hellip;]<\/p>\n","protected":false},"featured_media":1093720,"template":"","meta":{"_acf_changed":false,"inline_featured_image":false},"product_brand":[],"product_cat":[6884,3111,3646,4155,4961,6519],"product_tag":[],"class_list":{"0":"post-974889","1":"product","2":"type-product","3":"status-publish","4":"has-post-thumbnail","6":"product_cat-elevating-nostalgia-de","7":"product_cat-aufbewahrung-de","8":"product_cat-kisten-de","9":"product_cat-buero-de","10":"product_cat-aufbewahrungsbox-de","11":"product_cat-outlet-de","12":"product_shipping_class-pk","14":"pa_color-naturfarben-2","15":"pa_material-karton-de","17":"first","18":"instock","19":"sale","20":"taxable","21":"shipping-taxable","22":"purchasable","23":"product-type-simple"},"exclude_global_add_ons":[],"addons":[],"acf":[],"yoast_head":"<!-- This site is optimized with the Yoast SEO plugin v26.4 - https:\/\/yoast.com\/wordpress\/plugins\/seo\/ -->\n<title>Elo Ringbuch-Set Naturfarben - H\u00fcbsch<\/title>\n<meta name=\"description\" content=\"Das vielseitige und stilvolle Elo Ringbuch-Set ist die perfekte Erg\u00e4nzung f\u00fcr Ihre B\u00fcrosammlung. Hergestellt aus stabilem Karton in nat\u00fcrlicher Farbe, ist\" \/>\n<meta name=\"robots\" content=\"index, follow, max-snippet:-1, max-image-preview:large, max-video-preview:-1\" \/>\n<link rel=\"canonical\" href=\"https:\/\/hubsch-interior.com\/de\/wp-json\/wp\/v2\/product\/974889\" \/>\n<meta property=\"og:locale\" content=\"de_DE\" \/>\n<meta property=\"og:type\" content=\"article\" \/>\n<meta property=\"og:title\" content=\"Elo Ringbuch-Set Naturfarben - H\u00fcbsch\" \/>\n<meta property=\"og:description\" content=\"Das vielseitige und stilvolle Elo Ringbuch-Set ist die perfekte Erg\u00e4nzung f\u00fcr Ihre B\u00fcrosammlung. Hergestellt aus stabilem Karton in nat\u00fcrlicher Farbe, ist\" \/>\n<meta property=\"og:url\" content=\"https:\/\/hubsch-interior.com\/de\/produkt\/elo-ringbuch-set-naturfarben\/\" \/>\n<meta property=\"og:site_name\" content=\"H\u00fcbsch\" \/>\n<meta property=\"article:modified_time\" content=\"2026-04-05T02:19:17+00:00\" \/>\n<meta property=\"og:image\" content=\"https:\/\/hubsch-interior.com\/wp-content\/uploads\/2024\/01\/elo-ring-binder-box-natural-117bed8856245fcbcc28e0739518b7b1.jpg\" \/>\n\t<meta property=\"og:image:width\" content=\"1200\" \/>\n\t<meta property=\"og:image:height\" content=\"1200\" \/>\n\t<meta property=\"og:image:type\" content=\"image\/jpeg\" \/>\n<meta name=\"twitter:card\" content=\"summary_large_image\" \/>\n<script type=\"application\/ld+json\" class=\"yoast-schema-graph\">{\"@context\":\"https:\/\/schema.org\",\"@graph\":[{\"@type\":\"WebPage\",\"@id\":\"https:\/\/hubsch-interior.com\/de\/produkt\/elo-ringbuch-set-naturfarben\/\",\"url\":\"https:\/\/hubsch-interior.com\/de\/produkt\/elo-ringbuch-set-naturfarben\/\",\"name\":\"Elo Ringbuch-Set Naturfarben - H\u00fcbsch\",\"isPartOf\":{\"@id\":\"https:\/\/hubsch-interior.com\/de\/#website\"},\"primaryImageOfPage\":{\"@id\":\"https:\/\/hubsch-interior.com\/de\/produkt\/elo-ringbuch-set-naturfarben\/#primaryimage\"},\"image\":{\"@id\":\"https:\/\/hubsch-interior.com\/de\/produkt\/elo-ringbuch-set-naturfarben\/#primaryimage\"},\"thumbnailUrl\":\"https:\/\/hubsch-interior.com\/wp-content\/uploads\/2026\/02\/elo-ring-binder-box-natural-34ef855c352d1a1c094ef28b08062792.jpg\",\"datePublished\":\"2024-01-29T07:24:29+00:00\",\"dateModified\":\"2026-04-05T02:19:17+00:00\",\"description\":\"Das vielseitige und stilvolle Elo Ringbuch-Set ist die perfekte Erg\u00e4nzung f\u00fcr Ihre B\u00fcrosammlung. Hergestellt aus stabilem Karton in nat\u00fcrlicher Farbe, ist\",\"breadcrumb\":{\"@id\":\"https:\/\/hubsch-interior.com\/de\/produkt\/elo-ringbuch-set-naturfarben\/#breadcrumb\"},\"inLanguage\":\"de\",\"potentialAction\":[{\"@type\":\"ReadAction\",\"target\":[\"https:\/\/hubsch-interior.com\/de\/produkt\/elo-ringbuch-set-naturfarben\/\"]}]},{\"@type\":\"ImageObject\",\"inLanguage\":\"de\",\"@id\":\"https:\/\/hubsch-interior.com\/de\/produkt\/elo-ringbuch-set-naturfarben\/#primaryimage\",\"url\":\"https:\/\/hubsch-interior.com\/wp-content\/uploads\/2026\/02\/elo-ring-binder-box-natural-34ef855c352d1a1c094ef28b08062792.jpg\",\"contentUrl\":\"https:\/\/hubsch-interior.com\/wp-content\/uploads\/2026\/02\/elo-ring-binder-box-natural-34ef855c352d1a1c094ef28b08062792.jpg\",\"width\":1024,\"height\":1024},{\"@type\":\"BreadcrumbList\",\"@id\":\"https:\/\/hubsch-interior.com\/de\/produkt\/elo-ringbuch-set-naturfarben\/#breadcrumb\",\"itemListElement\":[{\"@type\":\"ListItem\",\"position\":1,\"name\":\"Startseite\",\"item\":\"https:\/\/hubsch-interior.com\/de\/\"},{\"@type\":\"ListItem\",\"position\":2,\"name\":\"Produkte\",\"item\":\"https:\/\/hubsch-interior.com\/de\/shop-2\/\"},{\"@type\":\"ListItem\",\"position\":3,\"name\":\"Wohnaccessoires\",\"item\":\"https:\/\/hubsch-interior.com\/de\/produkt-kategorie\/wohnaccessoires\/\"},{\"@type\":\"ListItem\",\"position\":4,\"name\":\"Aufbewahrung\",\"item\":\"https:\/\/hubsch-interior.com\/de\/produkt-kategorie\/wohnaccessoires\/aufbewahrung-de\/\"},{\"@type\":\"ListItem\",\"position\":5,\"name\":\"Kisten\",\"item\":\"https:\/\/hubsch-interior.com\/de\/produkt-kategorie\/wohnaccessoires\/aufbewahrung-de\/kisten-de\/\"},{\"@type\":\"ListItem\",\"position\":6,\"name\":\"Elo Ringbuch-Set Naturfarben\"}]},{\"@type\":\"WebSite\",\"@id\":\"https:\/\/hubsch-interior.com\/de\/#website\",\"url\":\"https:\/\/hubsch-interior.com\/de\/\",\"name\":\"H\u00fcbsch\",\"description\":\"Danish Home Interior and Design\",\"publisher\":{\"@id\":\"https:\/\/hubsch-interior.com\/de\/#organization\"},\"potentialAction\":[{\"@type\":\"SearchAction\",\"target\":{\"@type\":\"EntryPoint\",\"urlTemplate\":\"https:\/\/hubsch-interior.com\/de\/?s={search_term_string}\"},\"query-input\":{\"@type\":\"PropertyValueSpecification\",\"valueRequired\":true,\"valueName\":\"search_term_string\"}}],\"inLanguage\":\"de\"},{\"@type\":\"Organization\",\"@id\":\"https:\/\/hubsch-interior.com\/de\/#organization\",\"name\":\"H\u00fcbsch\",\"url\":\"https:\/\/hubsch-interior.com\/de\/\",\"logo\":{\"@type\":\"ImageObject\",\"inLanguage\":\"de\",\"@id\":\"https:\/\/hubsch-interior.com\/de\/#\/schema\/logo\/image\/\",\"url\":\"https:\/\/hubsch-interior.com\/wp-content\/uploads\/2022\/12\/Hubsch_logo_black_one_line.svg\",\"contentUrl\":\"https:\/\/hubsch-interior.com\/wp-content\/uploads\/2022\/12\/Hubsch_logo_black_one_line.svg\",\"caption\":\"H\u00fcbsch\"},\"image\":{\"@id\":\"https:\/\/hubsch-interior.com\/de\/#\/schema\/logo\/image\/\"}}]}<\/script>\n<!-- \/ Yoast SEO plugin. -->","yoast_head_json":{"title":"Elo Ringbuch-Set Naturfarben - H\u00fcbsch","description":"Das vielseitige und stilvolle Elo Ringbuch-Set ist die perfekte Erg\u00e4nzung f\u00fcr Ihre B\u00fcrosammlung. Hergestellt aus stabilem Karton in nat\u00fcrlicher Farbe, ist","robots":{"index":"index","follow":"follow","max-snippet":"max-snippet:-1","max-image-preview":"max-image-preview:large","max-video-preview":"max-video-preview:-1"},"canonical":"https:\/\/hubsch-interior.com\/de\/wp-json\/wp\/v2\/product\/974889","og_locale":"de_DE","og_type":"article","og_title":"Elo Ringbuch-Set Naturfarben - H\u00fcbsch","og_description":"Das vielseitige und stilvolle Elo Ringbuch-Set ist die perfekte Erg\u00e4nzung f\u00fcr Ihre B\u00fcrosammlung. Hergestellt aus stabilem Karton in nat\u00fcrlicher Farbe, ist","og_url":"https:\/\/hubsch-interior.com\/de\/produkt\/elo-ringbuch-set-naturfarben\/","og_site_name":"H\u00fcbsch","article_modified_time":"2026-04-05T02:19:17+00:00","og_image":[{"width":1200,"height":1200,"url":"https:\/\/hubsch-interior.com\/wp-content\/uploads\/2024\/01\/elo-ring-binder-box-natural-117bed8856245fcbcc28e0739518b7b1.jpg","type":"image\/jpeg"}],"twitter_card":"summary_large_image","schema":{"@context":"https:\/\/schema.org","@graph":[{"@type":"WebPage","@id":"https:\/\/hubsch-interior.com\/de\/produkt\/elo-ringbuch-set-naturfarben\/","url":"https:\/\/hubsch-interior.com\/de\/produkt\/elo-ringbuch-set-naturfarben\/","name":"Elo Ringbuch-Set Naturfarben - H\u00fcbsch","isPartOf":{"@id":"https:\/\/hubsch-interior.com\/de\/#website"},"primaryImageOfPage":{"@id":"https:\/\/hubsch-interior.com\/de\/produkt\/elo-ringbuch-set-naturfarben\/#primaryimage"},"image":{"@id":"https:\/\/hubsch-interior.com\/de\/produkt\/elo-ringbuch-set-naturfarben\/#primaryimage"},"thumbnailUrl":"https:\/\/hubsch-interior.com\/wp-content\/uploads\/2026\/02\/elo-ring-binder-box-natural-34ef855c352d1a1c094ef28b08062792.jpg","datePublished":"2024-01-29T07:24:29+00:00","dateModified":"2026-04-05T02:19:17+00:00","description":"Das vielseitige und stilvolle Elo Ringbuch-Set ist die perfekte Erg\u00e4nzung f\u00fcr Ihre B\u00fcrosammlung. Hergestellt aus stabilem Karton in nat\u00fcrlicher Farbe, ist","breadcrumb":{"@id":"https:\/\/hubsch-interior.com\/de\/produkt\/elo-ringbuch-set-naturfarben\/#breadcrumb"},"inLanguage":"de","potentialAction":[{"@type":"ReadAction","target":["https:\/\/hubsch-interior.com\/de\/produkt\/elo-ringbuch-set-naturfarben\/"]}]},{"@type":"ImageObject","inLanguage":"de","@id":"https:\/\/hubsch-interior.com\/de\/produkt\/elo-ringbuch-set-naturfarben\/#primaryimage","url":"https:\/\/hubsch-interior.com\/wp-content\/uploads\/2026\/02\/elo-ring-binder-box-natural-34ef855c352d1a1c094ef28b08062792.jpg","contentUrl":"https:\/\/hubsch-interior.com\/wp-content\/uploads\/2026\/02\/elo-ring-binder-box-natural-34ef855c352d1a1c094ef28b08062792.jpg","width":1024,"height":1024},{"@type":"BreadcrumbList","@id":"https:\/\/hubsch-interior.com\/de\/produkt\/elo-ringbuch-set-naturfarben\/#breadcrumb","itemListElement":[{"@type":"ListItem","position":1,"name":"Startseite","item":"https:\/\/hubsch-interior.com\/de\/"},{"@type":"ListItem","position":2,"name":"Produkte","item":"https:\/\/hubsch-interior.com\/de\/shop-2\/"},{"@type":"ListItem","position":3,"name":"Wohnaccessoires","item":"https:\/\/hubsch-interior.com\/de\/produkt-kategorie\/wohnaccessoires\/"},{"@type":"ListItem","position":4,"name":"Aufbewahrung","item":"https:\/\/hubsch-interior.com\/de\/produkt-kategorie\/wohnaccessoires\/aufbewahrung-de\/"},{"@type":"ListItem","position":5,"name":"Kisten","item":"https:\/\/hubsch-interior.com\/de\/produkt-kategorie\/wohnaccessoires\/aufbewahrung-de\/kisten-de\/"},{"@type":"ListItem","position":6,"name":"Elo Ringbuch-Set Naturfarben"}]},{"@type":"WebSite","@id":"https:\/\/hubsch-interior.com\/de\/#website","url":"https:\/\/hubsch-interior.com\/de\/","name":"H\u00fcbsch","description":"Danish Home Interior and Design","publisher":{"@id":"https:\/\/hubsch-interior.com\/de\/#organization"},"potentialAction":[{"@type":"SearchAction","target":{"@type":"EntryPoint","urlTemplate":"https:\/\/hubsch-interior.com\/de\/?s={search_term_string}"},"query-input":{"@type":"PropertyValueSpecification","valueRequired":true,"valueName":"search_term_string"}}],"inLanguage":"de"},{"@type":"Organization","@id":"https:\/\/hubsch-interior.com\/de\/#organization","name":"H\u00fcbsch","url":"https:\/\/hubsch-interior.com\/de\/","logo":{"@type":"ImageObject","inLanguage":"de","@id":"https:\/\/hubsch-interior.com\/de\/#\/schema\/logo\/image\/","url":"https:\/\/hubsch-interior.com\/wp-content\/uploads\/2022\/12\/Hubsch_logo_black_one_line.svg","contentUrl":"https:\/\/hubsch-interior.com\/wp-content\/uploads\/2022\/12\/Hubsch_logo_black_one_line.svg","caption":"H\u00fcbsch"},"image":{"@id":"https:\/\/hubsch-interior.com\/de\/#\/schema\/logo\/image\/"}}]}},"_links":{"self":[{"href":"https:\/\/hubsch-interior.com\/de\/wp-json\/wp\/v2\/product\/974889","targetHints":{"allow":["GET"]}}],"collection":[{"href":"https:\/\/hubsch-interior.com\/de\/wp-json\/wp\/v2\/product"}],"about":[{"href":"https:\/\/hubsch-interior.com\/de\/wp-json\/wp\/v2\/types\/product"}],"wp:featuredmedia":[{"embeddable":true,"href":"https:\/\/hubsch-interior.com\/de\/wp-json\/wp\/v2\/media\/1093720"}],"wp:attachment":[{"href":"https:\/\/hubsch-interior.com\/de\/wp-json\/wp\/v2\/media?parent=974889"}],"wp:term":[{"taxonomy":"product_brand","embeddable":true,"href":"https:\/\/hubsch-interior.com\/de\/wp-json\/wp\/v2\/product_brand?post=974889"},{"taxonomy":"product_cat","embeddable":true,"href":"https:\/\/hubsch-interior.com\/de\/wp-json\/wp\/v2\/product_cat?post=974889"},{"taxonomy":"product_tag","embeddable":true,"href":"https:\/\/hubsch-interior.com\/de\/wp-json\/wp\/v2\/product_tag?post=974889"}],"curies":[{"name":"wp","href":"https:\/\/api.w.org\/{rel}","templated":true}]}}