{"id":974913,"date":"2024-01-29T08:24:32","date_gmt":"2024-01-29T07:24:32","guid":{"rendered":"https:\/\/hubsch-interior.com\/product\/product\/"},"modified":"2026-04-09T04:19:21","modified_gmt":"2026-04-09T02:19:21","slug":"storeit-aufbewahrungsbox-naturfarben-3er-set","status":"publish","type":"product","link":"https:\/\/hubsch-interior.com\/de\/produkt\/storeit-aufbewahrungsbox-naturfarben-3er-set\/","title":{"rendered":"Storeit Aufbewahrungsbox Naturfarben (3er Set)"},"content":{"rendered":"<p>Die Storeit Aufbewahrungsbox ist die perfekte L\u00f6sung f\u00fcr all Ihre B\u00fcroaufbewahrungsbed\u00fcrfnisse. Hergestellt aus hochwertigem, nat\u00fcrlichem Karton, sind diese Boxen sowohl robust als auch nachhaltig. Mit drei Gr\u00f6\u00dfen zur Auswahl (A3-, A4- und A5-Papier geeignet) k\u00f6nnen Sie ganz einfach alle wichtigen Dokumente, Akten und Schreibwaren organisieren und aufbewahren. Diese Boxen werden flach verpackt geliefert und sind leicht zusammenzubauen, was es Ihnen bequem macht, sie in Ihrem Arbeitsbereich aufzustellen. Verbessern Sie Ihre B\u00fcroorganisation mit den Storeit Aufbewahrungsboxen &#8211; ein Muss f\u00fcr jeden Profi.<\/p>\n","protected":false},"excerpt":{"rendered":"<p>Die Storeit Aufbewahrungsbox ist die perfekte L\u00f6sung f\u00fcr all Ihre B\u00fcroaufbewahrungsbed\u00fcrfnisse. Hergestellt aus hochwertigem, nat\u00fcrlichem Karton, sind diese Boxen sowohl robust als auch nachhaltig. Mit drei Gr\u00f6\u00dfen zur Auswahl (A3-, A4- und A5-Papier geeignet) k\u00f6nnen Sie ganz einfach alle wichtigen Dokumente, Akten und Schreibwaren organisieren und aufbewahren. Diese Boxen werden flach verpackt geliefert und sind [&hellip;]<\/p>\n","protected":false},"featured_media":1093740,"template":"","meta":{"_acf_changed":false,"inline_featured_image":false},"product_brand":[],"product_cat":[3111,4961,4155,5027,6884,3646],"product_tag":[],"class_list":{"0":"post-974913","1":"product","2":"type-product","3":"status-publish","4":"has-post-thumbnail","6":"product_cat-aufbewahrung-de","7":"product_cat-aufbewahrungsbox-de","8":"product_cat-buero-de","9":"product_cat-bestsellers-de","10":"product_cat-elevating-nostalgia-de","11":"product_cat-kisten-de","12":"product_shipping_class-pk","14":"pa_color-naturfarben-2","15":"pa_material-karton-de","17":"first","18":"instock","19":"featured","20":"taxable","21":"shipping-taxable","22":"purchasable","23":"product-type-simple"},"exclude_global_add_ons":[],"addons":[],"acf":[],"yoast_head":"<!-- This site is optimized with the Yoast SEO plugin v26.4 - https:\/\/yoast.com\/wordpress\/plugins\/seo\/ -->\n<title>Storeit Aufbewahrungsbox Naturfarben (3er Set) - H\u00fcbsch<\/title>\n<meta name=\"description\" content=\"Die Storeit Aufbewahrungsbox ist die perfekte L\u00f6sung f\u00fcr all Ihre B\u00fcroaufbewahrungsbed\u00fcrfnisse. Hergestellt aus hochwertigem, nat\u00fcrlichem Karton, sind\" \/>\n<meta name=\"robots\" content=\"index, follow, max-snippet:-1, max-image-preview:large, max-video-preview:-1\" \/>\n<link rel=\"canonical\" href=\"https:\/\/hubsch-interior.com\/de\/wp-json\/wp\/v2\/product\/974913\" \/>\n<meta property=\"og:locale\" content=\"de_DE\" \/>\n<meta property=\"og:type\" content=\"article\" \/>\n<meta property=\"og:title\" content=\"Storeit Aufbewahrungsbox Naturfarben (3er Set) - H\u00fcbsch\" \/>\n<meta property=\"og:description\" content=\"Die Storeit Aufbewahrungsbox ist die perfekte L\u00f6sung f\u00fcr all Ihre B\u00fcroaufbewahrungsbed\u00fcrfnisse. Hergestellt aus hochwertigem, nat\u00fcrlichem Karton, sind\" \/>\n<meta property=\"og:url\" content=\"https:\/\/hubsch-interior.com\/de\/produkt\/storeit-aufbewahrungsbox-naturfarben-3er-set\/\" \/>\n<meta property=\"og:site_name\" content=\"H\u00fcbsch\" \/>\n<meta property=\"article:modified_time\" content=\"2026-04-09T02:19:21+00:00\" \/>\n<meta property=\"og:image\" content=\"https:\/\/hubsch-interior.com\/wp-content\/uploads\/2024\/03\/storeit-storage-boxes-natural-set-of-3-13439459e7cb321cf574d5aa99aaf966.jpg\" \/>\n\t<meta property=\"og:image:width\" content=\"1200\" \/>\n\t<meta property=\"og:image:height\" content=\"1200\" \/>\n\t<meta property=\"og:image:type\" content=\"image\/jpeg\" \/>\n<meta name=\"twitter:card\" content=\"summary_large_image\" \/>\n<script type=\"application\/ld+json\" class=\"yoast-schema-graph\">{\"@context\":\"https:\/\/schema.org\",\"@graph\":[{\"@type\":\"WebPage\",\"@id\":\"https:\/\/hubsch-interior.com\/de\/produkt\/storeit-aufbewahrungsbox-naturfarben-3er-set\/\",\"url\":\"https:\/\/hubsch-interior.com\/de\/produkt\/storeit-aufbewahrungsbox-naturfarben-3er-set\/\",\"name\":\"Storeit Aufbewahrungsbox Naturfarben (3er Set) - H\u00fcbsch\",\"isPartOf\":{\"@id\":\"https:\/\/hubsch-interior.com\/de\/#website\"},\"primaryImageOfPage\":{\"@id\":\"https:\/\/hubsch-interior.com\/de\/produkt\/storeit-aufbewahrungsbox-naturfarben-3er-set\/#primaryimage\"},\"image\":{\"@id\":\"https:\/\/hubsch-interior.com\/de\/produkt\/storeit-aufbewahrungsbox-naturfarben-3er-set\/#primaryimage\"},\"thumbnailUrl\":\"https:\/\/hubsch-interior.com\/wp-content\/uploads\/2026\/02\/storeit-storage-boxes-natural-set-of-3-6e8db17d560d213e7304bedffe3fd1a4.jpg\",\"datePublished\":\"2024-01-29T07:24:32+00:00\",\"dateModified\":\"2026-04-09T02:19:21+00:00\",\"description\":\"Die Storeit Aufbewahrungsbox ist die perfekte L\u00f6sung f\u00fcr all Ihre B\u00fcroaufbewahrungsbed\u00fcrfnisse. Hergestellt aus hochwertigem, nat\u00fcrlichem Karton, sind\",\"breadcrumb\":{\"@id\":\"https:\/\/hubsch-interior.com\/de\/produkt\/storeit-aufbewahrungsbox-naturfarben-3er-set\/#breadcrumb\"},\"inLanguage\":\"de\",\"potentialAction\":[{\"@type\":\"ReadAction\",\"target\":[\"https:\/\/hubsch-interior.com\/de\/produkt\/storeit-aufbewahrungsbox-naturfarben-3er-set\/\"]}]},{\"@type\":\"ImageObject\",\"inLanguage\":\"de\",\"@id\":\"https:\/\/hubsch-interior.com\/de\/produkt\/storeit-aufbewahrungsbox-naturfarben-3er-set\/#primaryimage\",\"url\":\"https:\/\/hubsch-interior.com\/wp-content\/uploads\/2026\/02\/storeit-storage-boxes-natural-set-of-3-6e8db17d560d213e7304bedffe3fd1a4.jpg\",\"contentUrl\":\"https:\/\/hubsch-interior.com\/wp-content\/uploads\/2026\/02\/storeit-storage-boxes-natural-set-of-3-6e8db17d560d213e7304bedffe3fd1a4.jpg\",\"width\":1024,\"height\":1024},{\"@type\":\"BreadcrumbList\",\"@id\":\"https:\/\/hubsch-interior.com\/de\/produkt\/storeit-aufbewahrungsbox-naturfarben-3er-set\/#breadcrumb\",\"itemListElement\":[{\"@type\":\"ListItem\",\"position\":1,\"name\":\"Startseite\",\"item\":\"https:\/\/hubsch-interior.com\/de\/\"},{\"@type\":\"ListItem\",\"position\":2,\"name\":\"Produkte\",\"item\":\"https:\/\/hubsch-interior.com\/de\/shop-2\/\"},{\"@type\":\"ListItem\",\"position\":3,\"name\":\"Wohnaccessoires\",\"item\":\"https:\/\/hubsch-interior.com\/de\/produkt-kategorie\/wohnaccessoires\/\"},{\"@type\":\"ListItem\",\"position\":4,\"name\":\"Aufbewahrung\",\"item\":\"https:\/\/hubsch-interior.com\/de\/produkt-kategorie\/wohnaccessoires\/aufbewahrung-de\/\"},{\"@type\":\"ListItem\",\"position\":5,\"name\":\"Kisten\",\"item\":\"https:\/\/hubsch-interior.com\/de\/produkt-kategorie\/wohnaccessoires\/aufbewahrung-de\/kisten-de\/\"},{\"@type\":\"ListItem\",\"position\":6,\"name\":\"Storeit Aufbewahrungsbox Naturfarben (3er Set)\"}]},{\"@type\":\"WebSite\",\"@id\":\"https:\/\/hubsch-interior.com\/de\/#website\",\"url\":\"https:\/\/hubsch-interior.com\/de\/\",\"name\":\"H\u00fcbsch\",\"description\":\"Danish Home Interior and Design\",\"publisher\":{\"@id\":\"https:\/\/hubsch-interior.com\/de\/#organization\"},\"potentialAction\":[{\"@type\":\"SearchAction\",\"target\":{\"@type\":\"EntryPoint\",\"urlTemplate\":\"https:\/\/hubsch-interior.com\/de\/?s={search_term_string}\"},\"query-input\":{\"@type\":\"PropertyValueSpecification\",\"valueRequired\":true,\"valueName\":\"search_term_string\"}}],\"inLanguage\":\"de\"},{\"@type\":\"Organization\",\"@id\":\"https:\/\/hubsch-interior.com\/de\/#organization\",\"name\":\"H\u00fcbsch\",\"url\":\"https:\/\/hubsch-interior.com\/de\/\",\"logo\":{\"@type\":\"ImageObject\",\"inLanguage\":\"de\",\"@id\":\"https:\/\/hubsch-interior.com\/de\/#\/schema\/logo\/image\/\",\"url\":\"https:\/\/hubsch-interior.com\/wp-content\/uploads\/2022\/12\/Hubsch_logo_black_one_line.svg\",\"contentUrl\":\"https:\/\/hubsch-interior.com\/wp-content\/uploads\/2022\/12\/Hubsch_logo_black_one_line.svg\",\"caption\":\"H\u00fcbsch\"},\"image\":{\"@id\":\"https:\/\/hubsch-interior.com\/de\/#\/schema\/logo\/image\/\"}}]}<\/script>\n<!-- \/ Yoast SEO plugin. -->","yoast_head_json":{"title":"Storeit Aufbewahrungsbox Naturfarben (3er Set) - H\u00fcbsch","description":"Die Storeit Aufbewahrungsbox ist die perfekte L\u00f6sung f\u00fcr all Ihre B\u00fcroaufbewahrungsbed\u00fcrfnisse. Hergestellt aus hochwertigem, nat\u00fcrlichem Karton, sind","robots":{"index":"index","follow":"follow","max-snippet":"max-snippet:-1","max-image-preview":"max-image-preview:large","max-video-preview":"max-video-preview:-1"},"canonical":"https:\/\/hubsch-interior.com\/de\/wp-json\/wp\/v2\/product\/974913","og_locale":"de_DE","og_type":"article","og_title":"Storeit Aufbewahrungsbox Naturfarben (3er Set) - H\u00fcbsch","og_description":"Die Storeit Aufbewahrungsbox ist die perfekte L\u00f6sung f\u00fcr all Ihre B\u00fcroaufbewahrungsbed\u00fcrfnisse. Hergestellt aus hochwertigem, nat\u00fcrlichem Karton, sind","og_url":"https:\/\/hubsch-interior.com\/de\/produkt\/storeit-aufbewahrungsbox-naturfarben-3er-set\/","og_site_name":"H\u00fcbsch","article_modified_time":"2026-04-09T02:19:21+00:00","og_image":[{"width":1200,"height":1200,"url":"https:\/\/hubsch-interior.com\/wp-content\/uploads\/2024\/03\/storeit-storage-boxes-natural-set-of-3-13439459e7cb321cf574d5aa99aaf966.jpg","type":"image\/jpeg"}],"twitter_card":"summary_large_image","schema":{"@context":"https:\/\/schema.org","@graph":[{"@type":"WebPage","@id":"https:\/\/hubsch-interior.com\/de\/produkt\/storeit-aufbewahrungsbox-naturfarben-3er-set\/","url":"https:\/\/hubsch-interior.com\/de\/produkt\/storeit-aufbewahrungsbox-naturfarben-3er-set\/","name":"Storeit Aufbewahrungsbox Naturfarben (3er Set) - H\u00fcbsch","isPartOf":{"@id":"https:\/\/hubsch-interior.com\/de\/#website"},"primaryImageOfPage":{"@id":"https:\/\/hubsch-interior.com\/de\/produkt\/storeit-aufbewahrungsbox-naturfarben-3er-set\/#primaryimage"},"image":{"@id":"https:\/\/hubsch-interior.com\/de\/produkt\/storeit-aufbewahrungsbox-naturfarben-3er-set\/#primaryimage"},"thumbnailUrl":"https:\/\/hubsch-interior.com\/wp-content\/uploads\/2026\/02\/storeit-storage-boxes-natural-set-of-3-6e8db17d560d213e7304bedffe3fd1a4.jpg","datePublished":"2024-01-29T07:24:32+00:00","dateModified":"2026-04-09T02:19:21+00:00","description":"Die Storeit Aufbewahrungsbox ist die perfekte L\u00f6sung f\u00fcr all Ihre B\u00fcroaufbewahrungsbed\u00fcrfnisse. Hergestellt aus hochwertigem, nat\u00fcrlichem Karton, sind","breadcrumb":{"@id":"https:\/\/hubsch-interior.com\/de\/produkt\/storeit-aufbewahrungsbox-naturfarben-3er-set\/#breadcrumb"},"inLanguage":"de","potentialAction":[{"@type":"ReadAction","target":["https:\/\/hubsch-interior.com\/de\/produkt\/storeit-aufbewahrungsbox-naturfarben-3er-set\/"]}]},{"@type":"ImageObject","inLanguage":"de","@id":"https:\/\/hubsch-interior.com\/de\/produkt\/storeit-aufbewahrungsbox-naturfarben-3er-set\/#primaryimage","url":"https:\/\/hubsch-interior.com\/wp-content\/uploads\/2026\/02\/storeit-storage-boxes-natural-set-of-3-6e8db17d560d213e7304bedffe3fd1a4.jpg","contentUrl":"https:\/\/hubsch-interior.com\/wp-content\/uploads\/2026\/02\/storeit-storage-boxes-natural-set-of-3-6e8db17d560d213e7304bedffe3fd1a4.jpg","width":1024,"height":1024},{"@type":"BreadcrumbList","@id":"https:\/\/hubsch-interior.com\/de\/produkt\/storeit-aufbewahrungsbox-naturfarben-3er-set\/#breadcrumb","itemListElement":[{"@type":"ListItem","position":1,"name":"Startseite","item":"https:\/\/hubsch-interior.com\/de\/"},{"@type":"ListItem","position":2,"name":"Produkte","item":"https:\/\/hubsch-interior.com\/de\/shop-2\/"},{"@type":"ListItem","position":3,"name":"Wohnaccessoires","item":"https:\/\/hubsch-interior.com\/de\/produkt-kategorie\/wohnaccessoires\/"},{"@type":"ListItem","position":4,"name":"Aufbewahrung","item":"https:\/\/hubsch-interior.com\/de\/produkt-kategorie\/wohnaccessoires\/aufbewahrung-de\/"},{"@type":"ListItem","position":5,"name":"Kisten","item":"https:\/\/hubsch-interior.com\/de\/produkt-kategorie\/wohnaccessoires\/aufbewahrung-de\/kisten-de\/"},{"@type":"ListItem","position":6,"name":"Storeit Aufbewahrungsbox Naturfarben (3er Set)"}]},{"@type":"WebSite","@id":"https:\/\/hubsch-interior.com\/de\/#website","url":"https:\/\/hubsch-interior.com\/de\/","name":"H\u00fcbsch","description":"Danish Home Interior and Design","publisher":{"@id":"https:\/\/hubsch-interior.com\/de\/#organization"},"potentialAction":[{"@type":"SearchAction","target":{"@type":"EntryPoint","urlTemplate":"https:\/\/hubsch-interior.com\/de\/?s={search_term_string}"},"query-input":{"@type":"PropertyValueSpecification","valueRequired":true,"valueName":"search_term_string"}}],"inLanguage":"de"},{"@type":"Organization","@id":"https:\/\/hubsch-interior.com\/de\/#organization","name":"H\u00fcbsch","url":"https:\/\/hubsch-interior.com\/de\/","logo":{"@type":"ImageObject","inLanguage":"de","@id":"https:\/\/hubsch-interior.com\/de\/#\/schema\/logo\/image\/","url":"https:\/\/hubsch-interior.com\/wp-content\/uploads\/2022\/12\/Hubsch_logo_black_one_line.svg","contentUrl":"https:\/\/hubsch-interior.com\/wp-content\/uploads\/2022\/12\/Hubsch_logo_black_one_line.svg","caption":"H\u00fcbsch"},"image":{"@id":"https:\/\/hubsch-interior.com\/de\/#\/schema\/logo\/image\/"}}]}},"_links":{"self":[{"href":"https:\/\/hubsch-interior.com\/de\/wp-json\/wp\/v2\/product\/974913","targetHints":{"allow":["GET"]}}],"collection":[{"href":"https:\/\/hubsch-interior.com\/de\/wp-json\/wp\/v2\/product"}],"about":[{"href":"https:\/\/hubsch-interior.com\/de\/wp-json\/wp\/v2\/types\/product"}],"wp:featuredmedia":[{"embeddable":true,"href":"https:\/\/hubsch-interior.com\/de\/wp-json\/wp\/v2\/media\/1093740"}],"wp:attachment":[{"href":"https:\/\/hubsch-interior.com\/de\/wp-json\/wp\/v2\/media?parent=974913"}],"wp:term":[{"taxonomy":"product_brand","embeddable":true,"href":"https:\/\/hubsch-interior.com\/de\/wp-json\/wp\/v2\/product_brand?post=974913"},{"taxonomy":"product_cat","embeddable":true,"href":"https:\/\/hubsch-interior.com\/de\/wp-json\/wp\/v2\/product_cat?post=974913"},{"taxonomy":"product_tag","embeddable":true,"href":"https:\/\/hubsch-interior.com\/de\/wp-json\/wp\/v2\/product_tag?post=974913"}],"curies":[{"name":"wp","href":"https:\/\/api.w.org\/{rel}","templated":true}]}}