{"id":974949,"date":"2024-01-29T08:24:46","date_gmt":"2024-01-29T07:24:46","guid":{"rendered":"https:\/\/hubsch-interior.com\/product\/product\/"},"modified":"2026-04-09T04:19:25","modified_gmt":"2026-04-09T02:19:25","slug":"vera-sofa-grau","status":"publish","type":"product","link":"https:\/\/hubsch-interior.com\/de\/produkt\/vera-sofa-grau\/","title":{"rendered":"Vera Sofa Grau"},"content":{"rendered":"<p>Vorstellung des Vera Sofas, einem wahren Blickfang, der Ihren Wohnraum aufwertet. In einem schlanken und skulpturalen Design gefertigt, beeindruckt dieses moderne Sofa mit einer \u00e4sthetischen Anziehungskraft, die sofort ins Auge f\u00e4llt. Die k\u00fchle graue Farbe verleiht eine Portion Raffinesse, w\u00e4hrend die OEKO-TEX\u00ae STANDARD 100-Zertifizierung ein umweltfreundliches Produkt garantiert. Aus hochwertigem Polyester gefertigt, ist das Vera Sofa nicht nur optisch ansprechend, sondern auch unglaublich bequem. Kuscheln Sie sich ein und schaffen Sie mit dieser verspielten und schicken Erg\u00e4nzung f\u00fcr Ihr Zuhause ein gem\u00fctliches H\u00f6hlengef\u00fchl.<\/p>\n","protected":false},"excerpt":{"rendered":"<p>Vorstellung des Vera Sofas, einem wahren Blickfang, der Ihren Wohnraum aufwertet. In einem schlanken und skulpturalen Design gefertigt, beeindruckt dieses moderne Sofa mit einer \u00e4sthetischen Anziehungskraft, die sofort ins Auge f\u00e4llt. Die k\u00fchle graue Farbe verleiht eine Portion Raffinesse, w\u00e4hrend die OEKO-TEX\u00ae STANDARD 100-Zertifizierung ein umweltfreundliches Produkt garantiert. Aus hochwertigem Polyester gefertigt, ist das Vera [&hellip;]<\/p>\n","protected":false},"featured_media":1093764,"template":"","meta":{"_acf_changed":false,"inline_featured_image":false},"product_brand":[],"product_cat":[6884,2845,4200],"product_tag":[],"class_list":{"0":"post-974949","1":"product","2":"type-product","3":"status-publish","4":"has-post-thumbnail","6":"product_cat-elevating-nostalgia-de","7":"product_cat-sitzmoebel-de","8":"product_cat-sofas-daybeds-de","9":"product_shipping_class-p10","11":"pa_color-grau-2","12":"pa_material-polyester-100-de","14":"first","15":"instock","16":"taxable","17":"shipping-taxable","18":"purchasable","19":"product-type-simple"},"exclude_global_add_ons":[],"addons":[],"acf":[],"yoast_head":"<!-- This site is optimized with the Yoast SEO plugin v26.4 - https:\/\/yoast.com\/wordpress\/plugins\/seo\/ -->\n<title>Vera Sofa Grau - H\u00fcbsch<\/title>\n<meta name=\"description\" content=\"Vorstellung des Vera Sofas, einem wahren Blickfang, der Ihren Wohnraum aufwertet. In einem schlanken und skulpturalen Design gefertigt, beeindruckt dieses\" \/>\n<meta name=\"robots\" content=\"index, follow, max-snippet:-1, max-image-preview:large, max-video-preview:-1\" \/>\n<link rel=\"canonical\" href=\"https:\/\/hubsch-interior.com\/de\/wp-json\/wp\/v2\/product\/974949\" \/>\n<meta property=\"og:locale\" content=\"de_DE\" \/>\n<meta property=\"og:type\" content=\"article\" \/>\n<meta property=\"og:title\" content=\"Vera Sofa Grau - H\u00fcbsch\" \/>\n<meta property=\"og:description\" content=\"Vorstellung des Vera Sofas, einem wahren Blickfang, der Ihren Wohnraum aufwertet. In einem schlanken und skulpturalen Design gefertigt, beeindruckt dieses\" \/>\n<meta property=\"og:url\" content=\"https:\/\/hubsch-interior.com\/de\/produkt\/vera-sofa-grau\/\" \/>\n<meta property=\"og:site_name\" content=\"H\u00fcbsch\" \/>\n<meta property=\"article:modified_time\" content=\"2026-04-09T02:19:25+00:00\" \/>\n<meta property=\"og:image\" content=\"https:\/\/hubsch-interior.com\/wp-content\/uploads\/2024\/03\/vera-sofa-grey-7b7a931c9cebb74733e4d5769aa1bbcf.jpg\" \/>\n\t<meta property=\"og:image:width\" content=\"1200\" \/>\n\t<meta property=\"og:image:height\" content=\"1200\" \/>\n\t<meta property=\"og:image:type\" content=\"image\/jpeg\" \/>\n<meta name=\"twitter:card\" content=\"summary_large_image\" \/>\n<script type=\"application\/ld+json\" class=\"yoast-schema-graph\">{\"@context\":\"https:\/\/schema.org\",\"@graph\":[{\"@type\":\"WebPage\",\"@id\":\"https:\/\/hubsch-interior.com\/de\/produkt\/vera-sofa-grau\/\",\"url\":\"https:\/\/hubsch-interior.com\/de\/produkt\/vera-sofa-grau\/\",\"name\":\"Vera Sofa Grau - H\u00fcbsch\",\"isPartOf\":{\"@id\":\"https:\/\/hubsch-interior.com\/de\/#website\"},\"primaryImageOfPage\":{\"@id\":\"https:\/\/hubsch-interior.com\/de\/produkt\/vera-sofa-grau\/#primaryimage\"},\"image\":{\"@id\":\"https:\/\/hubsch-interior.com\/de\/produkt\/vera-sofa-grau\/#primaryimage\"},\"thumbnailUrl\":\"https:\/\/hubsch-interior.com\/wp-content\/uploads\/2026\/02\/vera-sofa-grey-f37370f1b55a5af44e2ea98e7f2fea73.jpg\",\"datePublished\":\"2024-01-29T07:24:46+00:00\",\"dateModified\":\"2026-04-09T02:19:25+00:00\",\"description\":\"Vorstellung des Vera Sofas, einem wahren Blickfang, der Ihren Wohnraum aufwertet. In einem schlanken und skulpturalen Design gefertigt, beeindruckt dieses\",\"breadcrumb\":{\"@id\":\"https:\/\/hubsch-interior.com\/de\/produkt\/vera-sofa-grau\/#breadcrumb\"},\"inLanguage\":\"de\",\"potentialAction\":[{\"@type\":\"ReadAction\",\"target\":[\"https:\/\/hubsch-interior.com\/de\/produkt\/vera-sofa-grau\/\"]}]},{\"@type\":\"ImageObject\",\"inLanguage\":\"de\",\"@id\":\"https:\/\/hubsch-interior.com\/de\/produkt\/vera-sofa-grau\/#primaryimage\",\"url\":\"https:\/\/hubsch-interior.com\/wp-content\/uploads\/2026\/02\/vera-sofa-grey-f37370f1b55a5af44e2ea98e7f2fea73.jpg\",\"contentUrl\":\"https:\/\/hubsch-interior.com\/wp-content\/uploads\/2026\/02\/vera-sofa-grey-f37370f1b55a5af44e2ea98e7f2fea73.jpg\",\"width\":1024,\"height\":1024},{\"@type\":\"BreadcrumbList\",\"@id\":\"https:\/\/hubsch-interior.com\/de\/produkt\/vera-sofa-grau\/#breadcrumb\",\"itemListElement\":[{\"@type\":\"ListItem\",\"position\":1,\"name\":\"Startseite\",\"item\":\"https:\/\/hubsch-interior.com\/de\/\"},{\"@type\":\"ListItem\",\"position\":2,\"name\":\"Produkte\",\"item\":\"https:\/\/hubsch-interior.com\/de\/shop-2\/\"},{\"@type\":\"ListItem\",\"position\":3,\"name\":\"M\u00f6bel\",\"item\":\"https:\/\/hubsch-interior.com\/de\/produkt-kategorie\/moebel\/\"},{\"@type\":\"ListItem\",\"position\":4,\"name\":\"Sitzm&ouml;bel\",\"item\":\"https:\/\/hubsch-interior.com\/de\/produkt-kategorie\/moebel\/sitzmoebel-de\/\"},{\"@type\":\"ListItem\",\"position\":5,\"name\":\"Sofas &amp; Daybeds\",\"item\":\"https:\/\/hubsch-interior.com\/de\/produkt-kategorie\/moebel\/sitzmoebel-de\/sofas-daybeds-de\/\"},{\"@type\":\"ListItem\",\"position\":6,\"name\":\"Vera Sofa Grau\"}]},{\"@type\":\"WebSite\",\"@id\":\"https:\/\/hubsch-interior.com\/de\/#website\",\"url\":\"https:\/\/hubsch-interior.com\/de\/\",\"name\":\"H\u00fcbsch\",\"description\":\"Danish Home Interior and Design\",\"publisher\":{\"@id\":\"https:\/\/hubsch-interior.com\/de\/#organization\"},\"potentialAction\":[{\"@type\":\"SearchAction\",\"target\":{\"@type\":\"EntryPoint\",\"urlTemplate\":\"https:\/\/hubsch-interior.com\/de\/?s={search_term_string}\"},\"query-input\":{\"@type\":\"PropertyValueSpecification\",\"valueRequired\":true,\"valueName\":\"search_term_string\"}}],\"inLanguage\":\"de\"},{\"@type\":\"Organization\",\"@id\":\"https:\/\/hubsch-interior.com\/de\/#organization\",\"name\":\"H\u00fcbsch\",\"url\":\"https:\/\/hubsch-interior.com\/de\/\",\"logo\":{\"@type\":\"ImageObject\",\"inLanguage\":\"de\",\"@id\":\"https:\/\/hubsch-interior.com\/de\/#\/schema\/logo\/image\/\",\"url\":\"https:\/\/hubsch-interior.com\/wp-content\/uploads\/2022\/12\/Hubsch_logo_black_one_line.svg\",\"contentUrl\":\"https:\/\/hubsch-interior.com\/wp-content\/uploads\/2022\/12\/Hubsch_logo_black_one_line.svg\",\"caption\":\"H\u00fcbsch\"},\"image\":{\"@id\":\"https:\/\/hubsch-interior.com\/de\/#\/schema\/logo\/image\/\"}}]}<\/script>\n<!-- \/ Yoast SEO plugin. -->","yoast_head_json":{"title":"Vera Sofa Grau - H\u00fcbsch","description":"Vorstellung des Vera Sofas, einem wahren Blickfang, der Ihren Wohnraum aufwertet. In einem schlanken und skulpturalen Design gefertigt, beeindruckt dieses","robots":{"index":"index","follow":"follow","max-snippet":"max-snippet:-1","max-image-preview":"max-image-preview:large","max-video-preview":"max-video-preview:-1"},"canonical":"https:\/\/hubsch-interior.com\/de\/wp-json\/wp\/v2\/product\/974949","og_locale":"de_DE","og_type":"article","og_title":"Vera Sofa Grau - H\u00fcbsch","og_description":"Vorstellung des Vera Sofas, einem wahren Blickfang, der Ihren Wohnraum aufwertet. In einem schlanken und skulpturalen Design gefertigt, beeindruckt dieses","og_url":"https:\/\/hubsch-interior.com\/de\/produkt\/vera-sofa-grau\/","og_site_name":"H\u00fcbsch","article_modified_time":"2026-04-09T02:19:25+00:00","og_image":[{"width":1200,"height":1200,"url":"https:\/\/hubsch-interior.com\/wp-content\/uploads\/2024\/03\/vera-sofa-grey-7b7a931c9cebb74733e4d5769aa1bbcf.jpg","type":"image\/jpeg"}],"twitter_card":"summary_large_image","schema":{"@context":"https:\/\/schema.org","@graph":[{"@type":"WebPage","@id":"https:\/\/hubsch-interior.com\/de\/produkt\/vera-sofa-grau\/","url":"https:\/\/hubsch-interior.com\/de\/produkt\/vera-sofa-grau\/","name":"Vera Sofa Grau - H\u00fcbsch","isPartOf":{"@id":"https:\/\/hubsch-interior.com\/de\/#website"},"primaryImageOfPage":{"@id":"https:\/\/hubsch-interior.com\/de\/produkt\/vera-sofa-grau\/#primaryimage"},"image":{"@id":"https:\/\/hubsch-interior.com\/de\/produkt\/vera-sofa-grau\/#primaryimage"},"thumbnailUrl":"https:\/\/hubsch-interior.com\/wp-content\/uploads\/2026\/02\/vera-sofa-grey-f37370f1b55a5af44e2ea98e7f2fea73.jpg","datePublished":"2024-01-29T07:24:46+00:00","dateModified":"2026-04-09T02:19:25+00:00","description":"Vorstellung des Vera Sofas, einem wahren Blickfang, der Ihren Wohnraum aufwertet. In einem schlanken und skulpturalen Design gefertigt, beeindruckt dieses","breadcrumb":{"@id":"https:\/\/hubsch-interior.com\/de\/produkt\/vera-sofa-grau\/#breadcrumb"},"inLanguage":"de","potentialAction":[{"@type":"ReadAction","target":["https:\/\/hubsch-interior.com\/de\/produkt\/vera-sofa-grau\/"]}]},{"@type":"ImageObject","inLanguage":"de","@id":"https:\/\/hubsch-interior.com\/de\/produkt\/vera-sofa-grau\/#primaryimage","url":"https:\/\/hubsch-interior.com\/wp-content\/uploads\/2026\/02\/vera-sofa-grey-f37370f1b55a5af44e2ea98e7f2fea73.jpg","contentUrl":"https:\/\/hubsch-interior.com\/wp-content\/uploads\/2026\/02\/vera-sofa-grey-f37370f1b55a5af44e2ea98e7f2fea73.jpg","width":1024,"height":1024},{"@type":"BreadcrumbList","@id":"https:\/\/hubsch-interior.com\/de\/produkt\/vera-sofa-grau\/#breadcrumb","itemListElement":[{"@type":"ListItem","position":1,"name":"Startseite","item":"https:\/\/hubsch-interior.com\/de\/"},{"@type":"ListItem","position":2,"name":"Produkte","item":"https:\/\/hubsch-interior.com\/de\/shop-2\/"},{"@type":"ListItem","position":3,"name":"M\u00f6bel","item":"https:\/\/hubsch-interior.com\/de\/produkt-kategorie\/moebel\/"},{"@type":"ListItem","position":4,"name":"Sitzm&ouml;bel","item":"https:\/\/hubsch-interior.com\/de\/produkt-kategorie\/moebel\/sitzmoebel-de\/"},{"@type":"ListItem","position":5,"name":"Sofas &amp; Daybeds","item":"https:\/\/hubsch-interior.com\/de\/produkt-kategorie\/moebel\/sitzmoebel-de\/sofas-daybeds-de\/"},{"@type":"ListItem","position":6,"name":"Vera Sofa Grau"}]},{"@type":"WebSite","@id":"https:\/\/hubsch-interior.com\/de\/#website","url":"https:\/\/hubsch-interior.com\/de\/","name":"H\u00fcbsch","description":"Danish Home Interior and Design","publisher":{"@id":"https:\/\/hubsch-interior.com\/de\/#organization"},"potentialAction":[{"@type":"SearchAction","target":{"@type":"EntryPoint","urlTemplate":"https:\/\/hubsch-interior.com\/de\/?s={search_term_string}"},"query-input":{"@type":"PropertyValueSpecification","valueRequired":true,"valueName":"search_term_string"}}],"inLanguage":"de"},{"@type":"Organization","@id":"https:\/\/hubsch-interior.com\/de\/#organization","name":"H\u00fcbsch","url":"https:\/\/hubsch-interior.com\/de\/","logo":{"@type":"ImageObject","inLanguage":"de","@id":"https:\/\/hubsch-interior.com\/de\/#\/schema\/logo\/image\/","url":"https:\/\/hubsch-interior.com\/wp-content\/uploads\/2022\/12\/Hubsch_logo_black_one_line.svg","contentUrl":"https:\/\/hubsch-interior.com\/wp-content\/uploads\/2022\/12\/Hubsch_logo_black_one_line.svg","caption":"H\u00fcbsch"},"image":{"@id":"https:\/\/hubsch-interior.com\/de\/#\/schema\/logo\/image\/"}}]}},"_links":{"self":[{"href":"https:\/\/hubsch-interior.com\/de\/wp-json\/wp\/v2\/product\/974949","targetHints":{"allow":["GET"]}}],"collection":[{"href":"https:\/\/hubsch-interior.com\/de\/wp-json\/wp\/v2\/product"}],"about":[{"href":"https:\/\/hubsch-interior.com\/de\/wp-json\/wp\/v2\/types\/product"}],"wp:featuredmedia":[{"embeddable":true,"href":"https:\/\/hubsch-interior.com\/de\/wp-json\/wp\/v2\/media\/1093764"}],"wp:attachment":[{"href":"https:\/\/hubsch-interior.com\/de\/wp-json\/wp\/v2\/media?parent=974949"}],"wp:term":[{"taxonomy":"product_brand","embeddable":true,"href":"https:\/\/hubsch-interior.com\/de\/wp-json\/wp\/v2\/product_brand?post=974949"},{"taxonomy":"product_cat","embeddable":true,"href":"https:\/\/hubsch-interior.com\/de\/wp-json\/wp\/v2\/product_cat?post=974949"},{"taxonomy":"product_tag","embeddable":true,"href":"https:\/\/hubsch-interior.com\/de\/wp-json\/wp\/v2\/product_tag?post=974949"}],"curies":[{"name":"wp","href":"https:\/\/api.w.org\/{rel}","templated":true}]}}