{"id":974973,"date":"2024-01-29T08:24:58","date_gmt":"2024-01-29T07:24:58","guid":{"rendered":"https:\/\/hubsch-interior.com\/product\/product\/"},"modified":"2026-04-09T04:19:29","modified_gmt":"2026-04-09T02:19:29","slug":"plex-rahmen-50x50-sandfarben","status":"publish","type":"product","link":"https:\/\/hubsch-interior.com\/de\/produkt\/plex-rahmen-50x50-sandfarben\/","title":{"rendered":"Plex Rahmen 50&#215;50 Sandfarben"},"content":{"rendered":"<p>Der Plex Rahmen ist ein Muss f\u00fcr jeden Innenarchitektur-Enthusiasten, der sein Zimmer aufwerten m\u00f6chte. Erh\u00e4ltlich in zwei Varianten, ist der sandfarbene Rahmen eine atemberaubende Erg\u00e4nzung f\u00fcr jeden Raum. Hergestellt aus hochwertigem Plexiglas und Stahl ist dieser Rahmen nicht nur langlebig, sondern verleiht auch Ihrer Dekoration eine Note von Raffinesse. Dank der magnetischen Funktion ist es einfach, die dargestellte Grafik-Kunst auszutauschen. Verwandeln Sie Ihre W\u00e4nde mit unseren Statement-Rahmen und lassen Sie sie h\u00e4ngen, w\u00e4hrend Sie mit dem inkludierten transparenten Poster ein faszinierendes Schattenspiel kreieren.<\/p>\n","protected":false},"excerpt":{"rendered":"<p>Der Plex Rahmen ist ein Muss f\u00fcr jeden Innenarchitektur-Enthusiasten, der sein Zimmer aufwerten m\u00f6chte. Erh\u00e4ltlich in zwei Varianten, ist der sandfarbene Rahmen eine atemberaubende Erg\u00e4nzung f\u00fcr jeden Raum. Hergestellt aus hochwertigem Plexiglas und Stahl ist dieser Rahmen nicht nur langlebig, sondern verleiht auch Ihrer Dekoration eine Note von Raffinesse. Dank der magnetischen Funktion ist es [&hellip;]<\/p>\n","protected":false},"featured_media":1093796,"template":"","meta":{"_acf_changed":false,"inline_featured_image":false},"product_brand":[],"product_cat":[6884,3118,4937],"product_tag":[],"class_list":{"0":"post-974973","1":"product","2":"type-product","3":"status-publish","4":"has-post-thumbnail","6":"product_cat-elevating-nostalgia-de","7":"product_cat-wanddekoration-de","8":"product_cat-rahmen-de","9":"product_shipping_class-pk","11":"pa_color-sandfarben","12":"pa_material-plexiglas-3","13":"pa_material-stahl","15":"first","16":"instock","17":"taxable","18":"shipping-taxable","19":"purchasable","20":"product-type-simple"},"exclude_global_add_ons":[],"addons":[],"acf":[],"yoast_head":"<!-- This site is optimized with the Yoast SEO plugin v26.4 - https:\/\/yoast.com\/wordpress\/plugins\/seo\/ -->\n<title>Plex Rahmen 50x50 Sandfarben - H\u00fcbsch<\/title>\n<meta name=\"description\" content=\"Der Plex Rahmen ist ein Muss f\u00fcr jeden Innenarchitektur-Enthusiasten, der sein Zimmer aufwerten m\u00f6chte. Erh\u00e4ltlich in zwei Varianten, ist der sandfarbene\" \/>\n<meta name=\"robots\" content=\"index, follow, max-snippet:-1, max-image-preview:large, max-video-preview:-1\" \/>\n<link rel=\"canonical\" href=\"https:\/\/hubsch-interior.com\/de\/wp-json\/wp\/v2\/product\/974973\" \/>\n<meta property=\"og:locale\" content=\"de_DE\" \/>\n<meta property=\"og:type\" content=\"article\" \/>\n<meta property=\"og:title\" content=\"Plex Rahmen 50x50 Sandfarben - H\u00fcbsch\" \/>\n<meta property=\"og:description\" content=\"Der Plex Rahmen ist ein Muss f\u00fcr jeden Innenarchitektur-Enthusiasten, der sein Zimmer aufwerten m\u00f6chte. Erh\u00e4ltlich in zwei Varianten, ist der sandfarbene\" \/>\n<meta property=\"og:url\" content=\"https:\/\/hubsch-interior.com\/de\/produkt\/plex-rahmen-50x50-sandfarben\/\" \/>\n<meta property=\"og:site_name\" content=\"H\u00fcbsch\" \/>\n<meta property=\"article:modified_time\" content=\"2026-04-09T02:19:29+00:00\" \/>\n<meta property=\"og:image\" content=\"https:\/\/hubsch-interior.com\/wp-content\/uploads\/2024\/01\/plex-frame-sand-873662a882f5b91b0c718570d6b673b2.jpg\" \/>\n\t<meta property=\"og:image:width\" content=\"1200\" \/>\n\t<meta property=\"og:image:height\" content=\"1200\" \/>\n\t<meta property=\"og:image:type\" content=\"image\/jpeg\" \/>\n<meta name=\"twitter:card\" content=\"summary_large_image\" \/>\n<script type=\"application\/ld+json\" class=\"yoast-schema-graph\">{\"@context\":\"https:\/\/schema.org\",\"@graph\":[{\"@type\":\"WebPage\",\"@id\":\"https:\/\/hubsch-interior.com\/de\/produkt\/plex-rahmen-50x50-sandfarben\/\",\"url\":\"https:\/\/hubsch-interior.com\/de\/produkt\/plex-rahmen-50x50-sandfarben\/\",\"name\":\"Plex Rahmen 50x50 Sandfarben - H\u00fcbsch\",\"isPartOf\":{\"@id\":\"https:\/\/hubsch-interior.com\/de\/#website\"},\"primaryImageOfPage\":{\"@id\":\"https:\/\/hubsch-interior.com\/de\/produkt\/plex-rahmen-50x50-sandfarben\/#primaryimage\"},\"image\":{\"@id\":\"https:\/\/hubsch-interior.com\/de\/produkt\/plex-rahmen-50x50-sandfarben\/#primaryimage\"},\"thumbnailUrl\":\"https:\/\/hubsch-interior.com\/wp-content\/uploads\/2026\/02\/plex-frame-50x50-sand-478003a4d229add070e83a536e59aaeb.jpg\",\"datePublished\":\"2024-01-29T07:24:58+00:00\",\"dateModified\":\"2026-04-09T02:19:29+00:00\",\"description\":\"Der Plex Rahmen ist ein Muss f\u00fcr jeden Innenarchitektur-Enthusiasten, der sein Zimmer aufwerten m\u00f6chte. Erh\u00e4ltlich in zwei Varianten, ist der sandfarbene\",\"breadcrumb\":{\"@id\":\"https:\/\/hubsch-interior.com\/de\/produkt\/plex-rahmen-50x50-sandfarben\/#breadcrumb\"},\"inLanguage\":\"de\",\"potentialAction\":[{\"@type\":\"ReadAction\",\"target\":[\"https:\/\/hubsch-interior.com\/de\/produkt\/plex-rahmen-50x50-sandfarben\/\"]}]},{\"@type\":\"ImageObject\",\"inLanguage\":\"de\",\"@id\":\"https:\/\/hubsch-interior.com\/de\/produkt\/plex-rahmen-50x50-sandfarben\/#primaryimage\",\"url\":\"https:\/\/hubsch-interior.com\/wp-content\/uploads\/2026\/02\/plex-frame-50x50-sand-478003a4d229add070e83a536e59aaeb.jpg\",\"contentUrl\":\"https:\/\/hubsch-interior.com\/wp-content\/uploads\/2026\/02\/plex-frame-50x50-sand-478003a4d229add070e83a536e59aaeb.jpg\",\"width\":1024,\"height\":1024},{\"@type\":\"BreadcrumbList\",\"@id\":\"https:\/\/hubsch-interior.com\/de\/produkt\/plex-rahmen-50x50-sandfarben\/#breadcrumb\",\"itemListElement\":[{\"@type\":\"ListItem\",\"position\":1,\"name\":\"Startseite\",\"item\":\"https:\/\/hubsch-interior.com\/de\/\"},{\"@type\":\"ListItem\",\"position\":2,\"name\":\"Produkte\",\"item\":\"https:\/\/hubsch-interior.com\/de\/shop-2\/\"},{\"@type\":\"ListItem\",\"position\":3,\"name\":\"Wohnaccessoires\",\"item\":\"https:\/\/hubsch-interior.com\/de\/produkt-kategorie\/wohnaccessoires\/\"},{\"@type\":\"ListItem\",\"position\":4,\"name\":\"Wanddekoration\",\"item\":\"https:\/\/hubsch-interior.com\/de\/produkt-kategorie\/wohnaccessoires\/wanddekoration-de\/\"},{\"@type\":\"ListItem\",\"position\":5,\"name\":\"Rahmen\",\"item\":\"https:\/\/hubsch-interior.com\/de\/produkt-kategorie\/wohnaccessoires\/wanddekoration-de\/rahmen-de\/\"},{\"@type\":\"ListItem\",\"position\":6,\"name\":\"Plex Rahmen 50&#215;50 Sandfarben\"}]},{\"@type\":\"WebSite\",\"@id\":\"https:\/\/hubsch-interior.com\/de\/#website\",\"url\":\"https:\/\/hubsch-interior.com\/de\/\",\"name\":\"H\u00fcbsch\",\"description\":\"Danish Home Interior and Design\",\"publisher\":{\"@id\":\"https:\/\/hubsch-interior.com\/de\/#organization\"},\"potentialAction\":[{\"@type\":\"SearchAction\",\"target\":{\"@type\":\"EntryPoint\",\"urlTemplate\":\"https:\/\/hubsch-interior.com\/de\/?s={search_term_string}\"},\"query-input\":{\"@type\":\"PropertyValueSpecification\",\"valueRequired\":true,\"valueName\":\"search_term_string\"}}],\"inLanguage\":\"de\"},{\"@type\":\"Organization\",\"@id\":\"https:\/\/hubsch-interior.com\/de\/#organization\",\"name\":\"H\u00fcbsch\",\"url\":\"https:\/\/hubsch-interior.com\/de\/\",\"logo\":{\"@type\":\"ImageObject\",\"inLanguage\":\"de\",\"@id\":\"https:\/\/hubsch-interior.com\/de\/#\/schema\/logo\/image\/\",\"url\":\"https:\/\/hubsch-interior.com\/wp-content\/uploads\/2022\/12\/Hubsch_logo_black_one_line.svg\",\"contentUrl\":\"https:\/\/hubsch-interior.com\/wp-content\/uploads\/2022\/12\/Hubsch_logo_black_one_line.svg\",\"caption\":\"H\u00fcbsch\"},\"image\":{\"@id\":\"https:\/\/hubsch-interior.com\/de\/#\/schema\/logo\/image\/\"}}]}<\/script>\n<!-- \/ Yoast SEO plugin. -->","yoast_head_json":{"title":"Plex Rahmen 50x50 Sandfarben - H\u00fcbsch","description":"Der Plex Rahmen ist ein Muss f\u00fcr jeden Innenarchitektur-Enthusiasten, der sein Zimmer aufwerten m\u00f6chte. Erh\u00e4ltlich in zwei Varianten, ist der sandfarbene","robots":{"index":"index","follow":"follow","max-snippet":"max-snippet:-1","max-image-preview":"max-image-preview:large","max-video-preview":"max-video-preview:-1"},"canonical":"https:\/\/hubsch-interior.com\/de\/wp-json\/wp\/v2\/product\/974973","og_locale":"de_DE","og_type":"article","og_title":"Plex Rahmen 50x50 Sandfarben - H\u00fcbsch","og_description":"Der Plex Rahmen ist ein Muss f\u00fcr jeden Innenarchitektur-Enthusiasten, der sein Zimmer aufwerten m\u00f6chte. Erh\u00e4ltlich in zwei Varianten, ist der sandfarbene","og_url":"https:\/\/hubsch-interior.com\/de\/produkt\/plex-rahmen-50x50-sandfarben\/","og_site_name":"H\u00fcbsch","article_modified_time":"2026-04-09T02:19:29+00:00","og_image":[{"width":1200,"height":1200,"url":"https:\/\/hubsch-interior.com\/wp-content\/uploads\/2024\/01\/plex-frame-sand-873662a882f5b91b0c718570d6b673b2.jpg","type":"image\/jpeg"}],"twitter_card":"summary_large_image","schema":{"@context":"https:\/\/schema.org","@graph":[{"@type":"WebPage","@id":"https:\/\/hubsch-interior.com\/de\/produkt\/plex-rahmen-50x50-sandfarben\/","url":"https:\/\/hubsch-interior.com\/de\/produkt\/plex-rahmen-50x50-sandfarben\/","name":"Plex Rahmen 50x50 Sandfarben - H\u00fcbsch","isPartOf":{"@id":"https:\/\/hubsch-interior.com\/de\/#website"},"primaryImageOfPage":{"@id":"https:\/\/hubsch-interior.com\/de\/produkt\/plex-rahmen-50x50-sandfarben\/#primaryimage"},"image":{"@id":"https:\/\/hubsch-interior.com\/de\/produkt\/plex-rahmen-50x50-sandfarben\/#primaryimage"},"thumbnailUrl":"https:\/\/hubsch-interior.com\/wp-content\/uploads\/2026\/02\/plex-frame-50x50-sand-478003a4d229add070e83a536e59aaeb.jpg","datePublished":"2024-01-29T07:24:58+00:00","dateModified":"2026-04-09T02:19:29+00:00","description":"Der Plex Rahmen ist ein Muss f\u00fcr jeden Innenarchitektur-Enthusiasten, der sein Zimmer aufwerten m\u00f6chte. Erh\u00e4ltlich in zwei Varianten, ist der sandfarbene","breadcrumb":{"@id":"https:\/\/hubsch-interior.com\/de\/produkt\/plex-rahmen-50x50-sandfarben\/#breadcrumb"},"inLanguage":"de","potentialAction":[{"@type":"ReadAction","target":["https:\/\/hubsch-interior.com\/de\/produkt\/plex-rahmen-50x50-sandfarben\/"]}]},{"@type":"ImageObject","inLanguage":"de","@id":"https:\/\/hubsch-interior.com\/de\/produkt\/plex-rahmen-50x50-sandfarben\/#primaryimage","url":"https:\/\/hubsch-interior.com\/wp-content\/uploads\/2026\/02\/plex-frame-50x50-sand-478003a4d229add070e83a536e59aaeb.jpg","contentUrl":"https:\/\/hubsch-interior.com\/wp-content\/uploads\/2026\/02\/plex-frame-50x50-sand-478003a4d229add070e83a536e59aaeb.jpg","width":1024,"height":1024},{"@type":"BreadcrumbList","@id":"https:\/\/hubsch-interior.com\/de\/produkt\/plex-rahmen-50x50-sandfarben\/#breadcrumb","itemListElement":[{"@type":"ListItem","position":1,"name":"Startseite","item":"https:\/\/hubsch-interior.com\/de\/"},{"@type":"ListItem","position":2,"name":"Produkte","item":"https:\/\/hubsch-interior.com\/de\/shop-2\/"},{"@type":"ListItem","position":3,"name":"Wohnaccessoires","item":"https:\/\/hubsch-interior.com\/de\/produkt-kategorie\/wohnaccessoires\/"},{"@type":"ListItem","position":4,"name":"Wanddekoration","item":"https:\/\/hubsch-interior.com\/de\/produkt-kategorie\/wohnaccessoires\/wanddekoration-de\/"},{"@type":"ListItem","position":5,"name":"Rahmen","item":"https:\/\/hubsch-interior.com\/de\/produkt-kategorie\/wohnaccessoires\/wanddekoration-de\/rahmen-de\/"},{"@type":"ListItem","position":6,"name":"Plex Rahmen 50&#215;50 Sandfarben"}]},{"@type":"WebSite","@id":"https:\/\/hubsch-interior.com\/de\/#website","url":"https:\/\/hubsch-interior.com\/de\/","name":"H\u00fcbsch","description":"Danish Home Interior and Design","publisher":{"@id":"https:\/\/hubsch-interior.com\/de\/#organization"},"potentialAction":[{"@type":"SearchAction","target":{"@type":"EntryPoint","urlTemplate":"https:\/\/hubsch-interior.com\/de\/?s={search_term_string}"},"query-input":{"@type":"PropertyValueSpecification","valueRequired":true,"valueName":"search_term_string"}}],"inLanguage":"de"},{"@type":"Organization","@id":"https:\/\/hubsch-interior.com\/de\/#organization","name":"H\u00fcbsch","url":"https:\/\/hubsch-interior.com\/de\/","logo":{"@type":"ImageObject","inLanguage":"de","@id":"https:\/\/hubsch-interior.com\/de\/#\/schema\/logo\/image\/","url":"https:\/\/hubsch-interior.com\/wp-content\/uploads\/2022\/12\/Hubsch_logo_black_one_line.svg","contentUrl":"https:\/\/hubsch-interior.com\/wp-content\/uploads\/2022\/12\/Hubsch_logo_black_one_line.svg","caption":"H\u00fcbsch"},"image":{"@id":"https:\/\/hubsch-interior.com\/de\/#\/schema\/logo\/image\/"}}]}},"_links":{"self":[{"href":"https:\/\/hubsch-interior.com\/de\/wp-json\/wp\/v2\/product\/974973","targetHints":{"allow":["GET"]}}],"collection":[{"href":"https:\/\/hubsch-interior.com\/de\/wp-json\/wp\/v2\/product"}],"about":[{"href":"https:\/\/hubsch-interior.com\/de\/wp-json\/wp\/v2\/types\/product"}],"wp:featuredmedia":[{"embeddable":true,"href":"https:\/\/hubsch-interior.com\/de\/wp-json\/wp\/v2\/media\/1093796"}],"wp:attachment":[{"href":"https:\/\/hubsch-interior.com\/de\/wp-json\/wp\/v2\/media?parent=974973"}],"wp:term":[{"taxonomy":"product_brand","embeddable":true,"href":"https:\/\/hubsch-interior.com\/de\/wp-json\/wp\/v2\/product_brand?post=974973"},{"taxonomy":"product_cat","embeddable":true,"href":"https:\/\/hubsch-interior.com\/de\/wp-json\/wp\/v2\/product_cat?post=974973"},{"taxonomy":"product_tag","embeddable":true,"href":"https:\/\/hubsch-interior.com\/de\/wp-json\/wp\/v2\/product_tag?post=974973"}],"curies":[{"name":"wp","href":"https:\/\/api.w.org\/{rel}","templated":true}]}}