{"id":975001,"date":"2024-01-29T08:25:11","date_gmt":"2024-01-29T07:25:11","guid":{"rendered":"https:\/\/hubsch-interior.com\/product\/product\/"},"modified":"2026-04-09T04:19:32","modified_gmt":"2026-04-09T02:19:32","slug":"plex-rahmen-50x70-olive","status":"publish","type":"product","link":"https:\/\/hubsch-interior.com\/de\/produkt\/plex-rahmen-50x70-olive\/","title":{"rendered":"Plex Rahmen 50&#215;70 Olive"},"content":{"rendered":"<p>Der Plex Rahmen ist das ultimative Statement-St\u00fcck, das das Design jedes Raumes aufwertet! Erh\u00e4ltlich in zwei atemberaubenden Varianten, ist dieser olivfarbene Rahmen aus hochwertigem Plexiglas und Stahl gefertigt, was f\u00fcr Langlebigkeit und eine elegante Oberfl\u00e4che sorgt. Kreieren Sie ein faszinierendes Schattenspiel an Ihrer Wand mit dem transparenten Poster, das im Lieferumfang enthalten ist, w\u00e4hrend der Rahmen h\u00e4ngen bleibt, um einen einfachen Zugang zum Wechseln der Grafikkunst im Inneren zu erm\u00f6glichen. Mit seiner magnetischen Funktion ist dieser Designer-Wandbilderrahmen ein Muss f\u00fcr jeden kreativen und zeitgen\u00f6ssischen Raum.<\/p>\n","protected":false},"excerpt":{"rendered":"<p>Der Plex Rahmen ist das ultimative Statement-St\u00fcck, das das Design jedes Raumes aufwertet! Erh\u00e4ltlich in zwei atemberaubenden Varianten, ist dieser olivfarbene Rahmen aus hochwertigem Plexiglas und Stahl gefertigt, was f\u00fcr Langlebigkeit und eine elegante Oberfl\u00e4che sorgt. Kreieren Sie ein faszinierendes Schattenspiel an Ihrer Wand mit dem transparenten Poster, das im Lieferumfang enthalten ist, w\u00e4hrend der [&hellip;]<\/p>\n","protected":false},"featured_media":1093816,"template":"","meta":{"_acf_changed":false,"inline_featured_image":false},"product_brand":[],"product_cat":[6884,3118,4937],"product_tag":[],"class_list":{"0":"post-975001","1":"product","2":"type-product","3":"status-publish","4":"has-post-thumbnail","6":"product_cat-elevating-nostalgia-de","7":"product_cat-wanddekoration-de","8":"product_cat-rahmen-de","9":"product_shipping_class-pk","11":"pa_color-olive-3","12":"pa_material-plexiglas-3","13":"pa_material-stahl","15":"first","16":"instock","17":"taxable","18":"shipping-taxable","19":"purchasable","20":"product-type-simple"},"exclude_global_add_ons":[],"addons":[],"acf":[],"yoast_head":"<!-- This site is optimized with the Yoast SEO plugin v26.4 - https:\/\/yoast.com\/wordpress\/plugins\/seo\/ -->\n<title>Plex Rahmen 50x70 Olive - H\u00fcbsch<\/title>\n<meta name=\"description\" content=\"Der Plex Rahmen ist das ultimative Statement-St\u00fcck, das das Design jedes Raumes aufwertet! Erh\u00e4ltlich in zwei atemberaubenden Varianten, ist dieser\" \/>\n<meta name=\"robots\" content=\"index, follow, max-snippet:-1, max-image-preview:large, max-video-preview:-1\" \/>\n<link rel=\"canonical\" href=\"https:\/\/hubsch-interior.com\/de\/wp-json\/wp\/v2\/product\/975001\" \/>\n<meta property=\"og:locale\" content=\"de_DE\" \/>\n<meta property=\"og:type\" content=\"article\" \/>\n<meta property=\"og:title\" content=\"Plex Rahmen 50x70 Olive - H\u00fcbsch\" \/>\n<meta property=\"og:description\" content=\"Der Plex Rahmen ist das ultimative Statement-St\u00fcck, das das Design jedes Raumes aufwertet! Erh\u00e4ltlich in zwei atemberaubenden Varianten, ist dieser\" \/>\n<meta property=\"og:url\" content=\"https:\/\/hubsch-interior.com\/de\/produkt\/plex-rahmen-50x70-olive\/\" \/>\n<meta property=\"og:site_name\" content=\"H\u00fcbsch\" \/>\n<meta property=\"article:modified_time\" content=\"2026-04-09T02:19:32+00:00\" \/>\n<meta property=\"og:image\" content=\"https:\/\/hubsch-interior.com\/wp-content\/uploads\/2024\/01\/plex-frame-olive-7dcd98d8b356f84590597dd991ff5d41.jpg\" \/>\n\t<meta property=\"og:image:width\" content=\"1200\" \/>\n\t<meta property=\"og:image:height\" content=\"1200\" \/>\n\t<meta property=\"og:image:type\" content=\"image\/jpeg\" \/>\n<meta name=\"twitter:card\" content=\"summary_large_image\" \/>\n<script type=\"application\/ld+json\" class=\"yoast-schema-graph\">{\"@context\":\"https:\/\/schema.org\",\"@graph\":[{\"@type\":\"WebPage\",\"@id\":\"https:\/\/hubsch-interior.com\/de\/produkt\/plex-rahmen-50x70-olive\/\",\"url\":\"https:\/\/hubsch-interior.com\/de\/produkt\/plex-rahmen-50x70-olive\/\",\"name\":\"Plex Rahmen 50x70 Olive - H\u00fcbsch\",\"isPartOf\":{\"@id\":\"https:\/\/hubsch-interior.com\/de\/#website\"},\"primaryImageOfPage\":{\"@id\":\"https:\/\/hubsch-interior.com\/de\/produkt\/plex-rahmen-50x70-olive\/#primaryimage\"},\"image\":{\"@id\":\"https:\/\/hubsch-interior.com\/de\/produkt\/plex-rahmen-50x70-olive\/#primaryimage\"},\"thumbnailUrl\":\"https:\/\/hubsch-interior.com\/wp-content\/uploads\/2026\/02\/plex-frame-50x70-olive-9c3a51f7cdee6f9449fca8bc2f049040.jpg\",\"datePublished\":\"2024-01-29T07:25:11+00:00\",\"dateModified\":\"2026-04-09T02:19:32+00:00\",\"description\":\"Der Plex Rahmen ist das ultimative Statement-St\u00fcck, das das Design jedes Raumes aufwertet! Erh\u00e4ltlich in zwei atemberaubenden Varianten, ist dieser\",\"breadcrumb\":{\"@id\":\"https:\/\/hubsch-interior.com\/de\/produkt\/plex-rahmen-50x70-olive\/#breadcrumb\"},\"inLanguage\":\"de\",\"potentialAction\":[{\"@type\":\"ReadAction\",\"target\":[\"https:\/\/hubsch-interior.com\/de\/produkt\/plex-rahmen-50x70-olive\/\"]}]},{\"@type\":\"ImageObject\",\"inLanguage\":\"de\",\"@id\":\"https:\/\/hubsch-interior.com\/de\/produkt\/plex-rahmen-50x70-olive\/#primaryimage\",\"url\":\"https:\/\/hubsch-interior.com\/wp-content\/uploads\/2026\/02\/plex-frame-50x70-olive-9c3a51f7cdee6f9449fca8bc2f049040.jpg\",\"contentUrl\":\"https:\/\/hubsch-interior.com\/wp-content\/uploads\/2026\/02\/plex-frame-50x70-olive-9c3a51f7cdee6f9449fca8bc2f049040.jpg\",\"width\":1024,\"height\":1024},{\"@type\":\"BreadcrumbList\",\"@id\":\"https:\/\/hubsch-interior.com\/de\/produkt\/plex-rahmen-50x70-olive\/#breadcrumb\",\"itemListElement\":[{\"@type\":\"ListItem\",\"position\":1,\"name\":\"Startseite\",\"item\":\"https:\/\/hubsch-interior.com\/de\/\"},{\"@type\":\"ListItem\",\"position\":2,\"name\":\"Produkte\",\"item\":\"https:\/\/hubsch-interior.com\/de\/shop-2\/\"},{\"@type\":\"ListItem\",\"position\":3,\"name\":\"Wohnaccessoires\",\"item\":\"https:\/\/hubsch-interior.com\/de\/produkt-kategorie\/wohnaccessoires\/\"},{\"@type\":\"ListItem\",\"position\":4,\"name\":\"Wanddekoration\",\"item\":\"https:\/\/hubsch-interior.com\/de\/produkt-kategorie\/wohnaccessoires\/wanddekoration-de\/\"},{\"@type\":\"ListItem\",\"position\":5,\"name\":\"Rahmen\",\"item\":\"https:\/\/hubsch-interior.com\/de\/produkt-kategorie\/wohnaccessoires\/wanddekoration-de\/rahmen-de\/\"},{\"@type\":\"ListItem\",\"position\":6,\"name\":\"Plex Rahmen 50&#215;70 Olive\"}]},{\"@type\":\"WebSite\",\"@id\":\"https:\/\/hubsch-interior.com\/de\/#website\",\"url\":\"https:\/\/hubsch-interior.com\/de\/\",\"name\":\"H\u00fcbsch\",\"description\":\"Danish Home Interior and Design\",\"publisher\":{\"@id\":\"https:\/\/hubsch-interior.com\/de\/#organization\"},\"potentialAction\":[{\"@type\":\"SearchAction\",\"target\":{\"@type\":\"EntryPoint\",\"urlTemplate\":\"https:\/\/hubsch-interior.com\/de\/?s={search_term_string}\"},\"query-input\":{\"@type\":\"PropertyValueSpecification\",\"valueRequired\":true,\"valueName\":\"search_term_string\"}}],\"inLanguage\":\"de\"},{\"@type\":\"Organization\",\"@id\":\"https:\/\/hubsch-interior.com\/de\/#organization\",\"name\":\"H\u00fcbsch\",\"url\":\"https:\/\/hubsch-interior.com\/de\/\",\"logo\":{\"@type\":\"ImageObject\",\"inLanguage\":\"de\",\"@id\":\"https:\/\/hubsch-interior.com\/de\/#\/schema\/logo\/image\/\",\"url\":\"https:\/\/hubsch-interior.com\/wp-content\/uploads\/2022\/12\/Hubsch_logo_black_one_line.svg\",\"contentUrl\":\"https:\/\/hubsch-interior.com\/wp-content\/uploads\/2022\/12\/Hubsch_logo_black_one_line.svg\",\"caption\":\"H\u00fcbsch\"},\"image\":{\"@id\":\"https:\/\/hubsch-interior.com\/de\/#\/schema\/logo\/image\/\"}}]}<\/script>\n<!-- \/ Yoast SEO plugin. -->","yoast_head_json":{"title":"Plex Rahmen 50x70 Olive - H\u00fcbsch","description":"Der Plex Rahmen ist das ultimative Statement-St\u00fcck, das das Design jedes Raumes aufwertet! Erh\u00e4ltlich in zwei atemberaubenden Varianten, ist dieser","robots":{"index":"index","follow":"follow","max-snippet":"max-snippet:-1","max-image-preview":"max-image-preview:large","max-video-preview":"max-video-preview:-1"},"canonical":"https:\/\/hubsch-interior.com\/de\/wp-json\/wp\/v2\/product\/975001","og_locale":"de_DE","og_type":"article","og_title":"Plex Rahmen 50x70 Olive - H\u00fcbsch","og_description":"Der Plex Rahmen ist das ultimative Statement-St\u00fcck, das das Design jedes Raumes aufwertet! Erh\u00e4ltlich in zwei atemberaubenden Varianten, ist dieser","og_url":"https:\/\/hubsch-interior.com\/de\/produkt\/plex-rahmen-50x70-olive\/","og_site_name":"H\u00fcbsch","article_modified_time":"2026-04-09T02:19:32+00:00","og_image":[{"width":1200,"height":1200,"url":"https:\/\/hubsch-interior.com\/wp-content\/uploads\/2024\/01\/plex-frame-olive-7dcd98d8b356f84590597dd991ff5d41.jpg","type":"image\/jpeg"}],"twitter_card":"summary_large_image","schema":{"@context":"https:\/\/schema.org","@graph":[{"@type":"WebPage","@id":"https:\/\/hubsch-interior.com\/de\/produkt\/plex-rahmen-50x70-olive\/","url":"https:\/\/hubsch-interior.com\/de\/produkt\/plex-rahmen-50x70-olive\/","name":"Plex Rahmen 50x70 Olive - H\u00fcbsch","isPartOf":{"@id":"https:\/\/hubsch-interior.com\/de\/#website"},"primaryImageOfPage":{"@id":"https:\/\/hubsch-interior.com\/de\/produkt\/plex-rahmen-50x70-olive\/#primaryimage"},"image":{"@id":"https:\/\/hubsch-interior.com\/de\/produkt\/plex-rahmen-50x70-olive\/#primaryimage"},"thumbnailUrl":"https:\/\/hubsch-interior.com\/wp-content\/uploads\/2026\/02\/plex-frame-50x70-olive-9c3a51f7cdee6f9449fca8bc2f049040.jpg","datePublished":"2024-01-29T07:25:11+00:00","dateModified":"2026-04-09T02:19:32+00:00","description":"Der Plex Rahmen ist das ultimative Statement-St\u00fcck, das das Design jedes Raumes aufwertet! Erh\u00e4ltlich in zwei atemberaubenden Varianten, ist dieser","breadcrumb":{"@id":"https:\/\/hubsch-interior.com\/de\/produkt\/plex-rahmen-50x70-olive\/#breadcrumb"},"inLanguage":"de","potentialAction":[{"@type":"ReadAction","target":["https:\/\/hubsch-interior.com\/de\/produkt\/plex-rahmen-50x70-olive\/"]}]},{"@type":"ImageObject","inLanguage":"de","@id":"https:\/\/hubsch-interior.com\/de\/produkt\/plex-rahmen-50x70-olive\/#primaryimage","url":"https:\/\/hubsch-interior.com\/wp-content\/uploads\/2026\/02\/plex-frame-50x70-olive-9c3a51f7cdee6f9449fca8bc2f049040.jpg","contentUrl":"https:\/\/hubsch-interior.com\/wp-content\/uploads\/2026\/02\/plex-frame-50x70-olive-9c3a51f7cdee6f9449fca8bc2f049040.jpg","width":1024,"height":1024},{"@type":"BreadcrumbList","@id":"https:\/\/hubsch-interior.com\/de\/produkt\/plex-rahmen-50x70-olive\/#breadcrumb","itemListElement":[{"@type":"ListItem","position":1,"name":"Startseite","item":"https:\/\/hubsch-interior.com\/de\/"},{"@type":"ListItem","position":2,"name":"Produkte","item":"https:\/\/hubsch-interior.com\/de\/shop-2\/"},{"@type":"ListItem","position":3,"name":"Wohnaccessoires","item":"https:\/\/hubsch-interior.com\/de\/produkt-kategorie\/wohnaccessoires\/"},{"@type":"ListItem","position":4,"name":"Wanddekoration","item":"https:\/\/hubsch-interior.com\/de\/produkt-kategorie\/wohnaccessoires\/wanddekoration-de\/"},{"@type":"ListItem","position":5,"name":"Rahmen","item":"https:\/\/hubsch-interior.com\/de\/produkt-kategorie\/wohnaccessoires\/wanddekoration-de\/rahmen-de\/"},{"@type":"ListItem","position":6,"name":"Plex Rahmen 50&#215;70 Olive"}]},{"@type":"WebSite","@id":"https:\/\/hubsch-interior.com\/de\/#website","url":"https:\/\/hubsch-interior.com\/de\/","name":"H\u00fcbsch","description":"Danish Home Interior and Design","publisher":{"@id":"https:\/\/hubsch-interior.com\/de\/#organization"},"potentialAction":[{"@type":"SearchAction","target":{"@type":"EntryPoint","urlTemplate":"https:\/\/hubsch-interior.com\/de\/?s={search_term_string}"},"query-input":{"@type":"PropertyValueSpecification","valueRequired":true,"valueName":"search_term_string"}}],"inLanguage":"de"},{"@type":"Organization","@id":"https:\/\/hubsch-interior.com\/de\/#organization","name":"H\u00fcbsch","url":"https:\/\/hubsch-interior.com\/de\/","logo":{"@type":"ImageObject","inLanguage":"de","@id":"https:\/\/hubsch-interior.com\/de\/#\/schema\/logo\/image\/","url":"https:\/\/hubsch-interior.com\/wp-content\/uploads\/2022\/12\/Hubsch_logo_black_one_line.svg","contentUrl":"https:\/\/hubsch-interior.com\/wp-content\/uploads\/2022\/12\/Hubsch_logo_black_one_line.svg","caption":"H\u00fcbsch"},"image":{"@id":"https:\/\/hubsch-interior.com\/de\/#\/schema\/logo\/image\/"}}]}},"_links":{"self":[{"href":"https:\/\/hubsch-interior.com\/de\/wp-json\/wp\/v2\/product\/975001","targetHints":{"allow":["GET"]}}],"collection":[{"href":"https:\/\/hubsch-interior.com\/de\/wp-json\/wp\/v2\/product"}],"about":[{"href":"https:\/\/hubsch-interior.com\/de\/wp-json\/wp\/v2\/types\/product"}],"wp:featuredmedia":[{"embeddable":true,"href":"https:\/\/hubsch-interior.com\/de\/wp-json\/wp\/v2\/media\/1093816"}],"wp:attachment":[{"href":"https:\/\/hubsch-interior.com\/de\/wp-json\/wp\/v2\/media?parent=975001"}],"wp:term":[{"taxonomy":"product_brand","embeddable":true,"href":"https:\/\/hubsch-interior.com\/de\/wp-json\/wp\/v2\/product_brand?post=975001"},{"taxonomy":"product_cat","embeddable":true,"href":"https:\/\/hubsch-interior.com\/de\/wp-json\/wp\/v2\/product_cat?post=975001"},{"taxonomy":"product_tag","embeddable":true,"href":"https:\/\/hubsch-interior.com\/de\/wp-json\/wp\/v2\/product_tag?post=975001"}],"curies":[{"name":"wp","href":"https:\/\/api.w.org\/{rel}","templated":true}]}}