{"id":975033,"date":"2024-01-29T08:25:31","date_gmt":"2024-01-29T07:25:31","guid":{"rendered":"https:\/\/hubsch-interior.com\/product\/product\/"},"modified":"2026-04-05T04:19:37","modified_gmt":"2026-04-05T02:19:37","slug":"play-beistelltisch-rot","status":"publish","type":"product","link":"https:\/\/hubsch-interior.com\/de\/produkt\/play-beistelltisch-rot\/","title":{"rendered":"Play Beistelltisch Rot"},"content":{"rendered":"<p>Tauchen Sie ein in die verspielte Welt der Kindheit mit unserem Play Beistelltisch. Hergestellt aus FSC-zertifiziertem Eschenholz, ist dieser leuchtend rote Beistelltisch nicht nur umweltfreundlich, sondern verleiht auch jedem Raum eine spielerische Note. Sein \u00e4sthetisches Design ist von einer nostalgischen Atmosph\u00e4re aus Kindheitserinnerungen inspiriert und macht ihn somit perfekt f\u00fcr Erwachsene und Kinder gleicherma\u00dfen. Lassen Sie diesen Tisch eine Erinnerung daran sein, niemals den Sinn f\u00fcr Vorstellungskraft und Verspieltheit zu verlieren. Bringen Sie mit unserem Play Beistelltisch einen Hauch von Nostalgie in Ihr Zuhause.<\/p>\n","protected":false},"excerpt":{"rendered":"<p>Tauchen Sie ein in die verspielte Welt der Kindheit mit unserem Play Beistelltisch. Hergestellt aus FSC-zertifiziertem Eschenholz, ist dieser leuchtend rote Beistelltisch nicht nur umweltfreundlich, sondern verleiht auch jedem Raum eine spielerische Note. Sein \u00e4sthetisches Design ist von einer nostalgischen Atmosph\u00e4re aus Kindheitserinnerungen inspiriert und macht ihn somit perfekt f\u00fcr Erwachsene und Kinder gleicherma\u00dfen. Lassen [&hellip;]<\/p>\n","protected":false},"featured_media":1093840,"template":"","meta":{"_acf_changed":false,"inline_featured_image":false},"product_brand":[],"product_cat":[6884,6323,2861,4028,6519],"product_tag":[],"class_list":{"0":"post-975033","1":"product","2":"type-product","3":"status-publish","4":"has-post-thumbnail","6":"product_cat-elevating-nostalgia-de","7":"product_cat-fsc-de","8":"product_cat-tische-de","9":"product_cat-beistelltische-de","10":"product_cat-outlet-de","11":"product_shipping_class-pk","13":"pa_color-rot-2","14":"pa_material-eschenholz","16":"first","17":"instock","18":"sale","19":"taxable","20":"shipping-taxable","21":"purchasable","22":"product-type-simple"},"exclude_global_add_ons":[],"addons":[],"acf":[],"yoast_head":"<!-- This site is optimized with the Yoast SEO plugin v26.4 - https:\/\/yoast.com\/wordpress\/plugins\/seo\/ -->\n<title>Play Beistelltisch Rot - H\u00fcbsch<\/title>\n<meta name=\"description\" content=\"Tauchen Sie ein in die verspielte Welt der Kindheit mit unserem Play Beistelltisch. Hergestellt aus FSC-zertifiziertem Eschenholz, ist dieser leuchtend\" \/>\n<meta name=\"robots\" content=\"index, follow, max-snippet:-1, max-image-preview:large, max-video-preview:-1\" \/>\n<link rel=\"canonical\" href=\"https:\/\/hubsch-interior.com\/de\/wp-json\/wp\/v2\/product\/975033\" \/>\n<meta property=\"og:locale\" content=\"de_DE\" \/>\n<meta property=\"og:type\" content=\"article\" \/>\n<meta property=\"og:title\" content=\"Play Beistelltisch Rot - H\u00fcbsch\" \/>\n<meta property=\"og:description\" content=\"Tauchen Sie ein in die verspielte Welt der Kindheit mit unserem Play Beistelltisch. Hergestellt aus FSC-zertifiziertem Eschenholz, ist dieser leuchtend\" \/>\n<meta property=\"og:url\" content=\"https:\/\/hubsch-interior.com\/de\/produkt\/play-beistelltisch-rot\/\" \/>\n<meta property=\"og:site_name\" content=\"H\u00fcbsch\" \/>\n<meta property=\"article:modified_time\" content=\"2026-04-05T02:19:37+00:00\" \/>\n<meta property=\"og:image\" content=\"https:\/\/hubsch-interior.com\/wp-content\/uploads\/2024\/01\/play-side-table-red-1d53596340a6fea7d0db08c0b8481cc4.jpg\" \/>\n\t<meta property=\"og:image:width\" content=\"1200\" \/>\n\t<meta property=\"og:image:height\" content=\"1200\" \/>\n\t<meta property=\"og:image:type\" content=\"image\/jpeg\" \/>\n<meta name=\"twitter:card\" content=\"summary_large_image\" \/>\n<script type=\"application\/ld+json\" class=\"yoast-schema-graph\">{\"@context\":\"https:\/\/schema.org\",\"@graph\":[{\"@type\":\"WebPage\",\"@id\":\"https:\/\/hubsch-interior.com\/de\/produkt\/play-beistelltisch-rot\/\",\"url\":\"https:\/\/hubsch-interior.com\/de\/produkt\/play-beistelltisch-rot\/\",\"name\":\"Play Beistelltisch Rot - H\u00fcbsch\",\"isPartOf\":{\"@id\":\"https:\/\/hubsch-interior.com\/de\/#website\"},\"primaryImageOfPage\":{\"@id\":\"https:\/\/hubsch-interior.com\/de\/produkt\/play-beistelltisch-rot\/#primaryimage\"},\"image\":{\"@id\":\"https:\/\/hubsch-interior.com\/de\/produkt\/play-beistelltisch-rot\/#primaryimage\"},\"thumbnailUrl\":\"https:\/\/hubsch-interior.com\/wp-content\/uploads\/2026\/02\/play-side-table-red-364ff0a85834e9f905ce646241ea084d.jpg\",\"datePublished\":\"2024-01-29T07:25:31+00:00\",\"dateModified\":\"2026-04-05T02:19:37+00:00\",\"description\":\"Tauchen Sie ein in die verspielte Welt der Kindheit mit unserem Play Beistelltisch. Hergestellt aus FSC-zertifiziertem Eschenholz, ist dieser leuchtend\",\"breadcrumb\":{\"@id\":\"https:\/\/hubsch-interior.com\/de\/produkt\/play-beistelltisch-rot\/#breadcrumb\"},\"inLanguage\":\"de\",\"potentialAction\":[{\"@type\":\"ReadAction\",\"target\":[\"https:\/\/hubsch-interior.com\/de\/produkt\/play-beistelltisch-rot\/\"]}]},{\"@type\":\"ImageObject\",\"inLanguage\":\"de\",\"@id\":\"https:\/\/hubsch-interior.com\/de\/produkt\/play-beistelltisch-rot\/#primaryimage\",\"url\":\"https:\/\/hubsch-interior.com\/wp-content\/uploads\/2026\/02\/play-side-table-red-364ff0a85834e9f905ce646241ea084d.jpg\",\"contentUrl\":\"https:\/\/hubsch-interior.com\/wp-content\/uploads\/2026\/02\/play-side-table-red-364ff0a85834e9f905ce646241ea084d.jpg\",\"width\":1024,\"height\":1024},{\"@type\":\"BreadcrumbList\",\"@id\":\"https:\/\/hubsch-interior.com\/de\/produkt\/play-beistelltisch-rot\/#breadcrumb\",\"itemListElement\":[{\"@type\":\"ListItem\",\"position\":1,\"name\":\"Startseite\",\"item\":\"https:\/\/hubsch-interior.com\/de\/\"},{\"@type\":\"ListItem\",\"position\":2,\"name\":\"Produkte\",\"item\":\"https:\/\/hubsch-interior.com\/de\/shop-2\/\"},{\"@type\":\"ListItem\",\"position\":3,\"name\":\"M\u00f6bel\",\"item\":\"https:\/\/hubsch-interior.com\/de\/produkt-kategorie\/moebel\/\"},{\"@type\":\"ListItem\",\"position\":4,\"name\":\"Tische\",\"item\":\"https:\/\/hubsch-interior.com\/de\/produkt-kategorie\/moebel\/tische-de\/\"},{\"@type\":\"ListItem\",\"position\":5,\"name\":\"Beistelltische\",\"item\":\"https:\/\/hubsch-interior.com\/de\/produkt-kategorie\/moebel\/tische-de\/beistelltische-de\/\"},{\"@type\":\"ListItem\",\"position\":6,\"name\":\"Play Beistelltisch Rot\"}]},{\"@type\":\"WebSite\",\"@id\":\"https:\/\/hubsch-interior.com\/de\/#website\",\"url\":\"https:\/\/hubsch-interior.com\/de\/\",\"name\":\"H\u00fcbsch\",\"description\":\"Danish Home Interior and Design\",\"publisher\":{\"@id\":\"https:\/\/hubsch-interior.com\/de\/#organization\"},\"potentialAction\":[{\"@type\":\"SearchAction\",\"target\":{\"@type\":\"EntryPoint\",\"urlTemplate\":\"https:\/\/hubsch-interior.com\/de\/?s={search_term_string}\"},\"query-input\":{\"@type\":\"PropertyValueSpecification\",\"valueRequired\":true,\"valueName\":\"search_term_string\"}}],\"inLanguage\":\"de\"},{\"@type\":\"Organization\",\"@id\":\"https:\/\/hubsch-interior.com\/de\/#organization\",\"name\":\"H\u00fcbsch\",\"url\":\"https:\/\/hubsch-interior.com\/de\/\",\"logo\":{\"@type\":\"ImageObject\",\"inLanguage\":\"de\",\"@id\":\"https:\/\/hubsch-interior.com\/de\/#\/schema\/logo\/image\/\",\"url\":\"https:\/\/hubsch-interior.com\/wp-content\/uploads\/2022\/12\/Hubsch_logo_black_one_line.svg\",\"contentUrl\":\"https:\/\/hubsch-interior.com\/wp-content\/uploads\/2022\/12\/Hubsch_logo_black_one_line.svg\",\"caption\":\"H\u00fcbsch\"},\"image\":{\"@id\":\"https:\/\/hubsch-interior.com\/de\/#\/schema\/logo\/image\/\"}}]}<\/script>\n<!-- \/ Yoast SEO plugin. -->","yoast_head_json":{"title":"Play Beistelltisch Rot - H\u00fcbsch","description":"Tauchen Sie ein in die verspielte Welt der Kindheit mit unserem Play Beistelltisch. Hergestellt aus FSC-zertifiziertem Eschenholz, ist dieser leuchtend","robots":{"index":"index","follow":"follow","max-snippet":"max-snippet:-1","max-image-preview":"max-image-preview:large","max-video-preview":"max-video-preview:-1"},"canonical":"https:\/\/hubsch-interior.com\/de\/wp-json\/wp\/v2\/product\/975033","og_locale":"de_DE","og_type":"article","og_title":"Play Beistelltisch Rot - H\u00fcbsch","og_description":"Tauchen Sie ein in die verspielte Welt der Kindheit mit unserem Play Beistelltisch. Hergestellt aus FSC-zertifiziertem Eschenholz, ist dieser leuchtend","og_url":"https:\/\/hubsch-interior.com\/de\/produkt\/play-beistelltisch-rot\/","og_site_name":"H\u00fcbsch","article_modified_time":"2026-04-05T02:19:37+00:00","og_image":[{"width":1200,"height":1200,"url":"https:\/\/hubsch-interior.com\/wp-content\/uploads\/2024\/01\/play-side-table-red-1d53596340a6fea7d0db08c0b8481cc4.jpg","type":"image\/jpeg"}],"twitter_card":"summary_large_image","schema":{"@context":"https:\/\/schema.org","@graph":[{"@type":"WebPage","@id":"https:\/\/hubsch-interior.com\/de\/produkt\/play-beistelltisch-rot\/","url":"https:\/\/hubsch-interior.com\/de\/produkt\/play-beistelltisch-rot\/","name":"Play Beistelltisch Rot - H\u00fcbsch","isPartOf":{"@id":"https:\/\/hubsch-interior.com\/de\/#website"},"primaryImageOfPage":{"@id":"https:\/\/hubsch-interior.com\/de\/produkt\/play-beistelltisch-rot\/#primaryimage"},"image":{"@id":"https:\/\/hubsch-interior.com\/de\/produkt\/play-beistelltisch-rot\/#primaryimage"},"thumbnailUrl":"https:\/\/hubsch-interior.com\/wp-content\/uploads\/2026\/02\/play-side-table-red-364ff0a85834e9f905ce646241ea084d.jpg","datePublished":"2024-01-29T07:25:31+00:00","dateModified":"2026-04-05T02:19:37+00:00","description":"Tauchen Sie ein in die verspielte Welt der Kindheit mit unserem Play Beistelltisch. Hergestellt aus FSC-zertifiziertem Eschenholz, ist dieser leuchtend","breadcrumb":{"@id":"https:\/\/hubsch-interior.com\/de\/produkt\/play-beistelltisch-rot\/#breadcrumb"},"inLanguage":"de","potentialAction":[{"@type":"ReadAction","target":["https:\/\/hubsch-interior.com\/de\/produkt\/play-beistelltisch-rot\/"]}]},{"@type":"ImageObject","inLanguage":"de","@id":"https:\/\/hubsch-interior.com\/de\/produkt\/play-beistelltisch-rot\/#primaryimage","url":"https:\/\/hubsch-interior.com\/wp-content\/uploads\/2026\/02\/play-side-table-red-364ff0a85834e9f905ce646241ea084d.jpg","contentUrl":"https:\/\/hubsch-interior.com\/wp-content\/uploads\/2026\/02\/play-side-table-red-364ff0a85834e9f905ce646241ea084d.jpg","width":1024,"height":1024},{"@type":"BreadcrumbList","@id":"https:\/\/hubsch-interior.com\/de\/produkt\/play-beistelltisch-rot\/#breadcrumb","itemListElement":[{"@type":"ListItem","position":1,"name":"Startseite","item":"https:\/\/hubsch-interior.com\/de\/"},{"@type":"ListItem","position":2,"name":"Produkte","item":"https:\/\/hubsch-interior.com\/de\/shop-2\/"},{"@type":"ListItem","position":3,"name":"M\u00f6bel","item":"https:\/\/hubsch-interior.com\/de\/produkt-kategorie\/moebel\/"},{"@type":"ListItem","position":4,"name":"Tische","item":"https:\/\/hubsch-interior.com\/de\/produkt-kategorie\/moebel\/tische-de\/"},{"@type":"ListItem","position":5,"name":"Beistelltische","item":"https:\/\/hubsch-interior.com\/de\/produkt-kategorie\/moebel\/tische-de\/beistelltische-de\/"},{"@type":"ListItem","position":6,"name":"Play Beistelltisch Rot"}]},{"@type":"WebSite","@id":"https:\/\/hubsch-interior.com\/de\/#website","url":"https:\/\/hubsch-interior.com\/de\/","name":"H\u00fcbsch","description":"Danish Home Interior and Design","publisher":{"@id":"https:\/\/hubsch-interior.com\/de\/#organization"},"potentialAction":[{"@type":"SearchAction","target":{"@type":"EntryPoint","urlTemplate":"https:\/\/hubsch-interior.com\/de\/?s={search_term_string}"},"query-input":{"@type":"PropertyValueSpecification","valueRequired":true,"valueName":"search_term_string"}}],"inLanguage":"de"},{"@type":"Organization","@id":"https:\/\/hubsch-interior.com\/de\/#organization","name":"H\u00fcbsch","url":"https:\/\/hubsch-interior.com\/de\/","logo":{"@type":"ImageObject","inLanguage":"de","@id":"https:\/\/hubsch-interior.com\/de\/#\/schema\/logo\/image\/","url":"https:\/\/hubsch-interior.com\/wp-content\/uploads\/2022\/12\/Hubsch_logo_black_one_line.svg","contentUrl":"https:\/\/hubsch-interior.com\/wp-content\/uploads\/2022\/12\/Hubsch_logo_black_one_line.svg","caption":"H\u00fcbsch"},"image":{"@id":"https:\/\/hubsch-interior.com\/de\/#\/schema\/logo\/image\/"}}]}},"_links":{"self":[{"href":"https:\/\/hubsch-interior.com\/de\/wp-json\/wp\/v2\/product\/975033","targetHints":{"allow":["GET"]}}],"collection":[{"href":"https:\/\/hubsch-interior.com\/de\/wp-json\/wp\/v2\/product"}],"about":[{"href":"https:\/\/hubsch-interior.com\/de\/wp-json\/wp\/v2\/types\/product"}],"wp:featuredmedia":[{"embeddable":true,"href":"https:\/\/hubsch-interior.com\/de\/wp-json\/wp\/v2\/media\/1093840"}],"wp:attachment":[{"href":"https:\/\/hubsch-interior.com\/de\/wp-json\/wp\/v2\/media?parent=975033"}],"wp:term":[{"taxonomy":"product_brand","embeddable":true,"href":"https:\/\/hubsch-interior.com\/de\/wp-json\/wp\/v2\/product_brand?post=975033"},{"taxonomy":"product_cat","embeddable":true,"href":"https:\/\/hubsch-interior.com\/de\/wp-json\/wp\/v2\/product_cat?post=975033"},{"taxonomy":"product_tag","embeddable":true,"href":"https:\/\/hubsch-interior.com\/de\/wp-json\/wp\/v2\/product_tag?post=975033"}],"curies":[{"name":"wp","href":"https:\/\/api.w.org\/{rel}","templated":true}]}}