{"id":975057,"date":"2024-01-29T08:25:34","date_gmt":"2024-01-29T07:25:34","guid":{"rendered":"https:\/\/hubsch-interior.com\/product\/product\/"},"modified":"2026-04-11T04:19:13","modified_gmt":"2026-04-11T02:19:13","slug":"sola-kissen-rot","status":"publish","type":"product","link":"https:\/\/hubsch-interior.com\/de\/produkt\/sola-kissen-rot\/","title":{"rendered":"Sola Kissen Rot"},"content":{"rendered":"<p>Das Sola Kissen ist in zwei atemberaubenden Varianten erh\u00e4ltlich, dieses hier besticht durch einen wundersch\u00f6nen Rotton, der jedem Raum Farbe verleiht. Aus hochwertigem Polyester gefertigt, ist es sowohl weich als auch gem\u00fctlich und bietet ultimativen Komfort f\u00fcr Ihre Entspannung. OEKO-TEX\u00ae STANDARD 100 zertifiziert, k\u00f6nnen Sie sich sicher sein, dass es umweltfreundlich ist. Aus der Ferne erscheint das Kissen einfarbig, doch bei genauerer Betrachtung entdecken Sie eine atemberaubende Mischung aus Farbt\u00f6nen, die es wirklich dekorativ machen. Verleihen Sie Ihrem Zuhause heute mit dem Sola Kissen das gewisse Etwas!<\/p>\n","protected":false},"excerpt":{"rendered":"<p>Das Sola Kissen ist in zwei atemberaubenden Varianten erh\u00e4ltlich, dieses hier besticht durch einen wundersch\u00f6nen Rotton, der jedem Raum Farbe verleiht. Aus hochwertigem Polyester gefertigt, ist es sowohl weich als auch gem\u00fctlich und bietet ultimativen Komfort f\u00fcr Ihre Entspannung. OEKO-TEX\u00ae STANDARD 100 zertifiziert, k\u00f6nnen Sie sich sicher sein, dass es umweltfreundlich ist. Aus der Ferne [&hellip;]<\/p>\n","protected":false},"featured_media":1093860,"template":"","meta":{"_acf_changed":false,"inline_featured_image":false},"product_brand":[],"product_cat":[6884,3004,3005,5027],"product_tag":[],"class_list":{"0":"post-975057","1":"product","2":"type-product","3":"status-publish","4":"has-post-thumbnail","6":"product_cat-elevating-nostalgia-de","7":"product_cat-textilien","8":"product_cat-kissen-de","9":"product_cat-bestsellers-de","10":"product_shipping_class-pk","12":"pa_color-rot-2","13":"pa_material-polyester-100-de","15":"first","16":"instock","17":"featured","18":"taxable","19":"shipping-taxable","20":"purchasable","21":"product-type-simple"},"exclude_global_add_ons":[],"addons":[],"acf":[],"yoast_head":"<!-- This site is optimized with the Yoast SEO plugin v26.4 - https:\/\/yoast.com\/wordpress\/plugins\/seo\/ -->\n<title>Sola Kissen Rot - H\u00fcbsch<\/title>\n<meta name=\"description\" content=\"Das Sola Kissen ist in zwei atemberaubenden Varianten erh\u00e4ltlich, dieses hier besticht durch einen wundersch\u00f6nen Rotton, der jedem Raum Farbe verleiht.\" \/>\n<meta name=\"robots\" content=\"index, follow, max-snippet:-1, max-image-preview:large, max-video-preview:-1\" \/>\n<link rel=\"canonical\" href=\"https:\/\/hubsch-interior.com\/de\/wp-json\/wp\/v2\/product\/975057\" \/>\n<meta property=\"og:locale\" content=\"de_DE\" \/>\n<meta property=\"og:type\" content=\"article\" \/>\n<meta property=\"og:title\" content=\"Sola Kissen Rot - H\u00fcbsch\" \/>\n<meta property=\"og:description\" content=\"Das Sola Kissen ist in zwei atemberaubenden Varianten erh\u00e4ltlich, dieses hier besticht durch einen wundersch\u00f6nen Rotton, der jedem Raum Farbe verleiht.\" \/>\n<meta property=\"og:url\" content=\"https:\/\/hubsch-interior.com\/de\/produkt\/sola-kissen-rot\/\" \/>\n<meta property=\"og:site_name\" content=\"H\u00fcbsch\" \/>\n<meta property=\"article:modified_time\" content=\"2026-04-11T02:19:13+00:00\" \/>\n<meta property=\"og:image\" content=\"https:\/\/hubsch-interior.com\/wp-content\/uploads\/2025\/03\/sola-cushion-red-b76cd0b7fb7f8de1da17ddc6f8b8d004.jpg\" \/>\n\t<meta property=\"og:image:width\" content=\"1200\" \/>\n\t<meta property=\"og:image:height\" content=\"1200\" \/>\n\t<meta property=\"og:image:type\" content=\"image\/jpeg\" \/>\n<meta name=\"twitter:card\" content=\"summary_large_image\" \/>\n<script type=\"application\/ld+json\" class=\"yoast-schema-graph\">{\"@context\":\"https:\/\/schema.org\",\"@graph\":[{\"@type\":\"WebPage\",\"@id\":\"https:\/\/hubsch-interior.com\/de\/produkt\/sola-kissen-rot\/\",\"url\":\"https:\/\/hubsch-interior.com\/de\/produkt\/sola-kissen-rot\/\",\"name\":\"Sola Kissen Rot - H\u00fcbsch\",\"isPartOf\":{\"@id\":\"https:\/\/hubsch-interior.com\/de\/#website\"},\"primaryImageOfPage\":{\"@id\":\"https:\/\/hubsch-interior.com\/de\/produkt\/sola-kissen-rot\/#primaryimage\"},\"image\":{\"@id\":\"https:\/\/hubsch-interior.com\/de\/produkt\/sola-kissen-rot\/#primaryimage\"},\"thumbnailUrl\":\"https:\/\/hubsch-interior.com\/wp-content\/uploads\/2026\/02\/sola-cushion-red-fb92139e0ee357895444ef0e3b9d6905.jpg\",\"datePublished\":\"2024-01-29T07:25:34+00:00\",\"dateModified\":\"2026-04-11T02:19:13+00:00\",\"description\":\"Das Sola Kissen ist in zwei atemberaubenden Varianten erh\u00e4ltlich, dieses hier besticht durch einen wundersch\u00f6nen Rotton, der jedem Raum Farbe verleiht.\",\"breadcrumb\":{\"@id\":\"https:\/\/hubsch-interior.com\/de\/produkt\/sola-kissen-rot\/#breadcrumb\"},\"inLanguage\":\"de\",\"potentialAction\":[{\"@type\":\"ReadAction\",\"target\":[\"https:\/\/hubsch-interior.com\/de\/produkt\/sola-kissen-rot\/\"]}]},{\"@type\":\"ImageObject\",\"inLanguage\":\"de\",\"@id\":\"https:\/\/hubsch-interior.com\/de\/produkt\/sola-kissen-rot\/#primaryimage\",\"url\":\"https:\/\/hubsch-interior.com\/wp-content\/uploads\/2026\/02\/sola-cushion-red-fb92139e0ee357895444ef0e3b9d6905.jpg\",\"contentUrl\":\"https:\/\/hubsch-interior.com\/wp-content\/uploads\/2026\/02\/sola-cushion-red-fb92139e0ee357895444ef0e3b9d6905.jpg\",\"width\":1024,\"height\":1024},{\"@type\":\"BreadcrumbList\",\"@id\":\"https:\/\/hubsch-interior.com\/de\/produkt\/sola-kissen-rot\/#breadcrumb\",\"itemListElement\":[{\"@type\":\"ListItem\",\"position\":1,\"name\":\"Startseite\",\"item\":\"https:\/\/hubsch-interior.com\/de\/\"},{\"@type\":\"ListItem\",\"position\":2,\"name\":\"Produkte\",\"item\":\"https:\/\/hubsch-interior.com\/de\/shop-2\/\"},{\"@type\":\"ListItem\",\"position\":3,\"name\":\"Textilien\",\"item\":\"https:\/\/hubsch-interior.com\/de\/produkt-kategorie\/textilien\/\"},{\"@type\":\"ListItem\",\"position\":4,\"name\":\"Kissen\",\"item\":\"https:\/\/hubsch-interior.com\/de\/produkt-kategorie\/textilien\/kissen-de\/\"},{\"@type\":\"ListItem\",\"position\":5,\"name\":\"Sola Kissen Rot\"}]},{\"@type\":\"WebSite\",\"@id\":\"https:\/\/hubsch-interior.com\/de\/#website\",\"url\":\"https:\/\/hubsch-interior.com\/de\/\",\"name\":\"H\u00fcbsch\",\"description\":\"Danish Home Interior and Design\",\"publisher\":{\"@id\":\"https:\/\/hubsch-interior.com\/de\/#organization\"},\"potentialAction\":[{\"@type\":\"SearchAction\",\"target\":{\"@type\":\"EntryPoint\",\"urlTemplate\":\"https:\/\/hubsch-interior.com\/de\/?s={search_term_string}\"},\"query-input\":{\"@type\":\"PropertyValueSpecification\",\"valueRequired\":true,\"valueName\":\"search_term_string\"}}],\"inLanguage\":\"de\"},{\"@type\":\"Organization\",\"@id\":\"https:\/\/hubsch-interior.com\/de\/#organization\",\"name\":\"H\u00fcbsch\",\"url\":\"https:\/\/hubsch-interior.com\/de\/\",\"logo\":{\"@type\":\"ImageObject\",\"inLanguage\":\"de\",\"@id\":\"https:\/\/hubsch-interior.com\/de\/#\/schema\/logo\/image\/\",\"url\":\"https:\/\/hubsch-interior.com\/wp-content\/uploads\/2022\/12\/Hubsch_logo_black_one_line.svg\",\"contentUrl\":\"https:\/\/hubsch-interior.com\/wp-content\/uploads\/2022\/12\/Hubsch_logo_black_one_line.svg\",\"caption\":\"H\u00fcbsch\"},\"image\":{\"@id\":\"https:\/\/hubsch-interior.com\/de\/#\/schema\/logo\/image\/\"}}]}<\/script>\n<!-- \/ Yoast SEO plugin. -->","yoast_head_json":{"title":"Sola Kissen Rot - H\u00fcbsch","description":"Das Sola Kissen ist in zwei atemberaubenden Varianten erh\u00e4ltlich, dieses hier besticht durch einen wundersch\u00f6nen Rotton, der jedem Raum Farbe verleiht.","robots":{"index":"index","follow":"follow","max-snippet":"max-snippet:-1","max-image-preview":"max-image-preview:large","max-video-preview":"max-video-preview:-1"},"canonical":"https:\/\/hubsch-interior.com\/de\/wp-json\/wp\/v2\/product\/975057","og_locale":"de_DE","og_type":"article","og_title":"Sola Kissen Rot - H\u00fcbsch","og_description":"Das Sola Kissen ist in zwei atemberaubenden Varianten erh\u00e4ltlich, dieses hier besticht durch einen wundersch\u00f6nen Rotton, der jedem Raum Farbe verleiht.","og_url":"https:\/\/hubsch-interior.com\/de\/produkt\/sola-kissen-rot\/","og_site_name":"H\u00fcbsch","article_modified_time":"2026-04-11T02:19:13+00:00","og_image":[{"width":1200,"height":1200,"url":"https:\/\/hubsch-interior.com\/wp-content\/uploads\/2025\/03\/sola-cushion-red-b76cd0b7fb7f8de1da17ddc6f8b8d004.jpg","type":"image\/jpeg"}],"twitter_card":"summary_large_image","schema":{"@context":"https:\/\/schema.org","@graph":[{"@type":"WebPage","@id":"https:\/\/hubsch-interior.com\/de\/produkt\/sola-kissen-rot\/","url":"https:\/\/hubsch-interior.com\/de\/produkt\/sola-kissen-rot\/","name":"Sola Kissen Rot - H\u00fcbsch","isPartOf":{"@id":"https:\/\/hubsch-interior.com\/de\/#website"},"primaryImageOfPage":{"@id":"https:\/\/hubsch-interior.com\/de\/produkt\/sola-kissen-rot\/#primaryimage"},"image":{"@id":"https:\/\/hubsch-interior.com\/de\/produkt\/sola-kissen-rot\/#primaryimage"},"thumbnailUrl":"https:\/\/hubsch-interior.com\/wp-content\/uploads\/2026\/02\/sola-cushion-red-fb92139e0ee357895444ef0e3b9d6905.jpg","datePublished":"2024-01-29T07:25:34+00:00","dateModified":"2026-04-11T02:19:13+00:00","description":"Das Sola Kissen ist in zwei atemberaubenden Varianten erh\u00e4ltlich, dieses hier besticht durch einen wundersch\u00f6nen Rotton, der jedem Raum Farbe verleiht.","breadcrumb":{"@id":"https:\/\/hubsch-interior.com\/de\/produkt\/sola-kissen-rot\/#breadcrumb"},"inLanguage":"de","potentialAction":[{"@type":"ReadAction","target":["https:\/\/hubsch-interior.com\/de\/produkt\/sola-kissen-rot\/"]}]},{"@type":"ImageObject","inLanguage":"de","@id":"https:\/\/hubsch-interior.com\/de\/produkt\/sola-kissen-rot\/#primaryimage","url":"https:\/\/hubsch-interior.com\/wp-content\/uploads\/2026\/02\/sola-cushion-red-fb92139e0ee357895444ef0e3b9d6905.jpg","contentUrl":"https:\/\/hubsch-interior.com\/wp-content\/uploads\/2026\/02\/sola-cushion-red-fb92139e0ee357895444ef0e3b9d6905.jpg","width":1024,"height":1024},{"@type":"BreadcrumbList","@id":"https:\/\/hubsch-interior.com\/de\/produkt\/sola-kissen-rot\/#breadcrumb","itemListElement":[{"@type":"ListItem","position":1,"name":"Startseite","item":"https:\/\/hubsch-interior.com\/de\/"},{"@type":"ListItem","position":2,"name":"Produkte","item":"https:\/\/hubsch-interior.com\/de\/shop-2\/"},{"@type":"ListItem","position":3,"name":"Textilien","item":"https:\/\/hubsch-interior.com\/de\/produkt-kategorie\/textilien\/"},{"@type":"ListItem","position":4,"name":"Kissen","item":"https:\/\/hubsch-interior.com\/de\/produkt-kategorie\/textilien\/kissen-de\/"},{"@type":"ListItem","position":5,"name":"Sola Kissen Rot"}]},{"@type":"WebSite","@id":"https:\/\/hubsch-interior.com\/de\/#website","url":"https:\/\/hubsch-interior.com\/de\/","name":"H\u00fcbsch","description":"Danish Home Interior and Design","publisher":{"@id":"https:\/\/hubsch-interior.com\/de\/#organization"},"potentialAction":[{"@type":"SearchAction","target":{"@type":"EntryPoint","urlTemplate":"https:\/\/hubsch-interior.com\/de\/?s={search_term_string}"},"query-input":{"@type":"PropertyValueSpecification","valueRequired":true,"valueName":"search_term_string"}}],"inLanguage":"de"},{"@type":"Organization","@id":"https:\/\/hubsch-interior.com\/de\/#organization","name":"H\u00fcbsch","url":"https:\/\/hubsch-interior.com\/de\/","logo":{"@type":"ImageObject","inLanguage":"de","@id":"https:\/\/hubsch-interior.com\/de\/#\/schema\/logo\/image\/","url":"https:\/\/hubsch-interior.com\/wp-content\/uploads\/2022\/12\/Hubsch_logo_black_one_line.svg","contentUrl":"https:\/\/hubsch-interior.com\/wp-content\/uploads\/2022\/12\/Hubsch_logo_black_one_line.svg","caption":"H\u00fcbsch"},"image":{"@id":"https:\/\/hubsch-interior.com\/de\/#\/schema\/logo\/image\/"}}]}},"_links":{"self":[{"href":"https:\/\/hubsch-interior.com\/de\/wp-json\/wp\/v2\/product\/975057","targetHints":{"allow":["GET"]}}],"collection":[{"href":"https:\/\/hubsch-interior.com\/de\/wp-json\/wp\/v2\/product"}],"about":[{"href":"https:\/\/hubsch-interior.com\/de\/wp-json\/wp\/v2\/types\/product"}],"wp:featuredmedia":[{"embeddable":true,"href":"https:\/\/hubsch-interior.com\/de\/wp-json\/wp\/v2\/media\/1093860"}],"wp:attachment":[{"href":"https:\/\/hubsch-interior.com\/de\/wp-json\/wp\/v2\/media?parent=975057"}],"wp:term":[{"taxonomy":"product_brand","embeddable":true,"href":"https:\/\/hubsch-interior.com\/de\/wp-json\/wp\/v2\/product_brand?post=975057"},{"taxonomy":"product_cat","embeddable":true,"href":"https:\/\/hubsch-interior.com\/de\/wp-json\/wp\/v2\/product_cat?post=975057"},{"taxonomy":"product_tag","embeddable":true,"href":"https:\/\/hubsch-interior.com\/de\/wp-json\/wp\/v2\/product_tag?post=975057"}],"curies":[{"name":"wp","href":"https:\/\/api.w.org\/{rel}","templated":true}]}}