{"id":975081,"date":"2024-01-29T08:25:46","date_gmt":"2024-01-29T07:25:46","guid":{"rendered":"https:\/\/hubsch-interior.com\/product\/product\/"},"modified":"2026-04-11T04:19:18","modified_gmt":"2026-04-11T02:19:18","slug":"sola-kissen-grun-grau","status":"publish","type":"product","link":"https:\/\/hubsch-interior.com\/de\/produkt\/sola-kissen-grun-grau\/","title":{"rendered":"Sola Kissen Gr\u00fcn\/Grau"},"content":{"rendered":"<p>Wir pr\u00e4sentieren das Sola Kissen, Inbegriff von Komfort und Stil f\u00fcr Ihre gem\u00fctliche Ecke. Erh\u00e4ltlich in einer sanften Gr\u00fcn\/Grau-Variante, erscheint dieses Kissen zun\u00e4chst in einem einheitlichen Farbton, offenbart jedoch bei n\u00e4herer Betrachtung ein reizvolles Spektrum an Farben, die harmonisch miteinander verschmelzen. Hergestellt aus OEKO-TEX\u00ae STANDARD 100 zertifiziertem Polyester, verspricht es eine weiche und gem\u00fctliche Umarmung, die jeden Sitz unwiderstehlich komfortabel macht. Perfekt dekorativ, f\u00fcgt das Sola Kissen eine pers\u00f6nliche Note von Eleganz zu Ihrem Innenraum hinzu. W\u00e4hlen Sie Ihren Favoriten oder kombinieren Sie zwei charmante Varianten.<\/p>\n","protected":false},"excerpt":{"rendered":"<p>Wir pr\u00e4sentieren das Sola Kissen, Inbegriff von Komfort und Stil f\u00fcr Ihre gem\u00fctliche Ecke. Erh\u00e4ltlich in einer sanften Gr\u00fcn\/Grau-Variante, erscheint dieses Kissen zun\u00e4chst in einem einheitlichen Farbton, offenbart jedoch bei n\u00e4herer Betrachtung ein reizvolles Spektrum an Farben, die harmonisch miteinander verschmelzen. Hergestellt aus OEKO-TEX\u00ae STANDARD 100 zertifiziertem Polyester, verspricht es eine weiche und gem\u00fctliche Umarmung, [&hellip;]<\/p>\n","protected":false},"featured_media":1093880,"template":"","meta":{"_acf_changed":false,"inline_featured_image":false},"product_brand":[],"product_cat":[6884,3004,3005,5027,6519],"product_tag":[],"class_list":{"0":"post-975081","1":"product","2":"type-product","3":"status-publish","4":"has-post-thumbnail","6":"product_cat-elevating-nostalgia-de","7":"product_cat-textilien","8":"product_cat-kissen-de","9":"product_cat-bestsellers-de","10":"product_cat-outlet-de","11":"product_shipping_class-pk","13":"pa_color-grn-2","14":"pa_color-grau-2","15":"pa_material-polyester-100-de","17":"first","18":"instock","19":"sale","20":"featured","21":"taxable","22":"shipping-taxable","23":"purchasable","24":"product-type-simple"},"exclude_global_add_ons":[],"addons":[],"acf":[],"yoast_head":"<!-- This site is optimized with the Yoast SEO plugin v26.4 - https:\/\/yoast.com\/wordpress\/plugins\/seo\/ -->\n<title>Sola Kissen Gr\u00fcn\/Grau - H\u00fcbsch<\/title>\n<meta name=\"description\" content=\"Wir pr\u00e4sentieren das Sola Kissen, Inbegriff von Komfort und Stil f\u00fcr Ihre gem\u00fctliche Ecke. Erh\u00e4ltlich in einer sanften Gr\u00fcn\/Grau-Variante, erscheint\" \/>\n<meta name=\"robots\" content=\"index, follow, max-snippet:-1, max-image-preview:large, max-video-preview:-1\" \/>\n<link rel=\"canonical\" href=\"https:\/\/hubsch-interior.com\/de\/wp-json\/wp\/v2\/product\/975081\" \/>\n<meta property=\"og:locale\" content=\"de_DE\" \/>\n<meta property=\"og:type\" content=\"article\" \/>\n<meta property=\"og:title\" content=\"Sola Kissen Gr\u00fcn\/Grau - H\u00fcbsch\" \/>\n<meta property=\"og:description\" content=\"Wir pr\u00e4sentieren das Sola Kissen, Inbegriff von Komfort und Stil f\u00fcr Ihre gem\u00fctliche Ecke. Erh\u00e4ltlich in einer sanften Gr\u00fcn\/Grau-Variante, erscheint\" \/>\n<meta property=\"og:url\" content=\"https:\/\/hubsch-interior.com\/de\/produkt\/sola-kissen-grun-grau\/\" \/>\n<meta property=\"og:site_name\" content=\"H\u00fcbsch\" \/>\n<meta property=\"article:modified_time\" content=\"2026-04-11T02:19:18+00:00\" \/>\n<meta property=\"og:image\" content=\"https:\/\/hubsch-interior.com\/wp-content\/uploads\/2024\/01\/sola-cushion-greengrey-d9df298ab411896cf53aba0f03bd6836.jpg\" \/>\n\t<meta property=\"og:image:width\" content=\"1200\" \/>\n\t<meta property=\"og:image:height\" content=\"1200\" \/>\n\t<meta property=\"og:image:type\" content=\"image\/jpeg\" \/>\n<meta name=\"twitter:card\" content=\"summary_large_image\" \/>\n<script type=\"application\/ld+json\" class=\"yoast-schema-graph\">{\"@context\":\"https:\/\/schema.org\",\"@graph\":[{\"@type\":\"WebPage\",\"@id\":\"https:\/\/hubsch-interior.com\/de\/produkt\/sola-kissen-grun-grau\/\",\"url\":\"https:\/\/hubsch-interior.com\/de\/produkt\/sola-kissen-grun-grau\/\",\"name\":\"Sola Kissen Gr\u00fcn\/Grau - H\u00fcbsch\",\"isPartOf\":{\"@id\":\"https:\/\/hubsch-interior.com\/de\/#website\"},\"primaryImageOfPage\":{\"@id\":\"https:\/\/hubsch-interior.com\/de\/produkt\/sola-kissen-grun-grau\/#primaryimage\"},\"image\":{\"@id\":\"https:\/\/hubsch-interior.com\/de\/produkt\/sola-kissen-grun-grau\/#primaryimage\"},\"thumbnailUrl\":\"https:\/\/hubsch-interior.com\/wp-content\/uploads\/2026\/02\/sola-cushion-greengrey-d22f8fef845904f75e338f9dcc5fa868.jpg\",\"datePublished\":\"2024-01-29T07:25:46+00:00\",\"dateModified\":\"2026-04-11T02:19:18+00:00\",\"description\":\"Wir pr\u00e4sentieren das Sola Kissen, Inbegriff von Komfort und Stil f\u00fcr Ihre gem\u00fctliche Ecke. Erh\u00e4ltlich in einer sanften Gr\u00fcn\/Grau-Variante, erscheint\",\"breadcrumb\":{\"@id\":\"https:\/\/hubsch-interior.com\/de\/produkt\/sola-kissen-grun-grau\/#breadcrumb\"},\"inLanguage\":\"de\",\"potentialAction\":[{\"@type\":\"ReadAction\",\"target\":[\"https:\/\/hubsch-interior.com\/de\/produkt\/sola-kissen-grun-grau\/\"]}]},{\"@type\":\"ImageObject\",\"inLanguage\":\"de\",\"@id\":\"https:\/\/hubsch-interior.com\/de\/produkt\/sola-kissen-grun-grau\/#primaryimage\",\"url\":\"https:\/\/hubsch-interior.com\/wp-content\/uploads\/2026\/02\/sola-cushion-greengrey-d22f8fef845904f75e338f9dcc5fa868.jpg\",\"contentUrl\":\"https:\/\/hubsch-interior.com\/wp-content\/uploads\/2026\/02\/sola-cushion-greengrey-d22f8fef845904f75e338f9dcc5fa868.jpg\",\"width\":1024,\"height\":1024},{\"@type\":\"BreadcrumbList\",\"@id\":\"https:\/\/hubsch-interior.com\/de\/produkt\/sola-kissen-grun-grau\/#breadcrumb\",\"itemListElement\":[{\"@type\":\"ListItem\",\"position\":1,\"name\":\"Startseite\",\"item\":\"https:\/\/hubsch-interior.com\/de\/\"},{\"@type\":\"ListItem\",\"position\":2,\"name\":\"Produkte\",\"item\":\"https:\/\/hubsch-interior.com\/de\/shop-2\/\"},{\"@type\":\"ListItem\",\"position\":3,\"name\":\"Textilien\",\"item\":\"https:\/\/hubsch-interior.com\/de\/produkt-kategorie\/textilien\/\"},{\"@type\":\"ListItem\",\"position\":4,\"name\":\"Kissen\",\"item\":\"https:\/\/hubsch-interior.com\/de\/produkt-kategorie\/textilien\/kissen-de\/\"},{\"@type\":\"ListItem\",\"position\":5,\"name\":\"Sola Kissen Gr\u00fcn\/Grau\"}]},{\"@type\":\"WebSite\",\"@id\":\"https:\/\/hubsch-interior.com\/de\/#website\",\"url\":\"https:\/\/hubsch-interior.com\/de\/\",\"name\":\"H\u00fcbsch\",\"description\":\"Danish Home Interior and Design\",\"publisher\":{\"@id\":\"https:\/\/hubsch-interior.com\/de\/#organization\"},\"potentialAction\":[{\"@type\":\"SearchAction\",\"target\":{\"@type\":\"EntryPoint\",\"urlTemplate\":\"https:\/\/hubsch-interior.com\/de\/?s={search_term_string}\"},\"query-input\":{\"@type\":\"PropertyValueSpecification\",\"valueRequired\":true,\"valueName\":\"search_term_string\"}}],\"inLanguage\":\"de\"},{\"@type\":\"Organization\",\"@id\":\"https:\/\/hubsch-interior.com\/de\/#organization\",\"name\":\"H\u00fcbsch\",\"url\":\"https:\/\/hubsch-interior.com\/de\/\",\"logo\":{\"@type\":\"ImageObject\",\"inLanguage\":\"de\",\"@id\":\"https:\/\/hubsch-interior.com\/de\/#\/schema\/logo\/image\/\",\"url\":\"https:\/\/hubsch-interior.com\/wp-content\/uploads\/2022\/12\/Hubsch_logo_black_one_line.svg\",\"contentUrl\":\"https:\/\/hubsch-interior.com\/wp-content\/uploads\/2022\/12\/Hubsch_logo_black_one_line.svg\",\"caption\":\"H\u00fcbsch\"},\"image\":{\"@id\":\"https:\/\/hubsch-interior.com\/de\/#\/schema\/logo\/image\/\"}}]}<\/script>\n<!-- \/ Yoast SEO plugin. -->","yoast_head_json":{"title":"Sola Kissen Gr\u00fcn\/Grau - H\u00fcbsch","description":"Wir pr\u00e4sentieren das Sola Kissen, Inbegriff von Komfort und Stil f\u00fcr Ihre gem\u00fctliche Ecke. Erh\u00e4ltlich in einer sanften Gr\u00fcn\/Grau-Variante, erscheint","robots":{"index":"index","follow":"follow","max-snippet":"max-snippet:-1","max-image-preview":"max-image-preview:large","max-video-preview":"max-video-preview:-1"},"canonical":"https:\/\/hubsch-interior.com\/de\/wp-json\/wp\/v2\/product\/975081","og_locale":"de_DE","og_type":"article","og_title":"Sola Kissen Gr\u00fcn\/Grau - H\u00fcbsch","og_description":"Wir pr\u00e4sentieren das Sola Kissen, Inbegriff von Komfort und Stil f\u00fcr Ihre gem\u00fctliche Ecke. Erh\u00e4ltlich in einer sanften Gr\u00fcn\/Grau-Variante, erscheint","og_url":"https:\/\/hubsch-interior.com\/de\/produkt\/sola-kissen-grun-grau\/","og_site_name":"H\u00fcbsch","article_modified_time":"2026-04-11T02:19:18+00:00","og_image":[{"width":1200,"height":1200,"url":"https:\/\/hubsch-interior.com\/wp-content\/uploads\/2024\/01\/sola-cushion-greengrey-d9df298ab411896cf53aba0f03bd6836.jpg","type":"image\/jpeg"}],"twitter_card":"summary_large_image","schema":{"@context":"https:\/\/schema.org","@graph":[{"@type":"WebPage","@id":"https:\/\/hubsch-interior.com\/de\/produkt\/sola-kissen-grun-grau\/","url":"https:\/\/hubsch-interior.com\/de\/produkt\/sola-kissen-grun-grau\/","name":"Sola Kissen Gr\u00fcn\/Grau - H\u00fcbsch","isPartOf":{"@id":"https:\/\/hubsch-interior.com\/de\/#website"},"primaryImageOfPage":{"@id":"https:\/\/hubsch-interior.com\/de\/produkt\/sola-kissen-grun-grau\/#primaryimage"},"image":{"@id":"https:\/\/hubsch-interior.com\/de\/produkt\/sola-kissen-grun-grau\/#primaryimage"},"thumbnailUrl":"https:\/\/hubsch-interior.com\/wp-content\/uploads\/2026\/02\/sola-cushion-greengrey-d22f8fef845904f75e338f9dcc5fa868.jpg","datePublished":"2024-01-29T07:25:46+00:00","dateModified":"2026-04-11T02:19:18+00:00","description":"Wir pr\u00e4sentieren das Sola Kissen, Inbegriff von Komfort und Stil f\u00fcr Ihre gem\u00fctliche Ecke. Erh\u00e4ltlich in einer sanften Gr\u00fcn\/Grau-Variante, erscheint","breadcrumb":{"@id":"https:\/\/hubsch-interior.com\/de\/produkt\/sola-kissen-grun-grau\/#breadcrumb"},"inLanguage":"de","potentialAction":[{"@type":"ReadAction","target":["https:\/\/hubsch-interior.com\/de\/produkt\/sola-kissen-grun-grau\/"]}]},{"@type":"ImageObject","inLanguage":"de","@id":"https:\/\/hubsch-interior.com\/de\/produkt\/sola-kissen-grun-grau\/#primaryimage","url":"https:\/\/hubsch-interior.com\/wp-content\/uploads\/2026\/02\/sola-cushion-greengrey-d22f8fef845904f75e338f9dcc5fa868.jpg","contentUrl":"https:\/\/hubsch-interior.com\/wp-content\/uploads\/2026\/02\/sola-cushion-greengrey-d22f8fef845904f75e338f9dcc5fa868.jpg","width":1024,"height":1024},{"@type":"BreadcrumbList","@id":"https:\/\/hubsch-interior.com\/de\/produkt\/sola-kissen-grun-grau\/#breadcrumb","itemListElement":[{"@type":"ListItem","position":1,"name":"Startseite","item":"https:\/\/hubsch-interior.com\/de\/"},{"@type":"ListItem","position":2,"name":"Produkte","item":"https:\/\/hubsch-interior.com\/de\/shop-2\/"},{"@type":"ListItem","position":3,"name":"Textilien","item":"https:\/\/hubsch-interior.com\/de\/produkt-kategorie\/textilien\/"},{"@type":"ListItem","position":4,"name":"Kissen","item":"https:\/\/hubsch-interior.com\/de\/produkt-kategorie\/textilien\/kissen-de\/"},{"@type":"ListItem","position":5,"name":"Sola Kissen Gr\u00fcn\/Grau"}]},{"@type":"WebSite","@id":"https:\/\/hubsch-interior.com\/de\/#website","url":"https:\/\/hubsch-interior.com\/de\/","name":"H\u00fcbsch","description":"Danish Home Interior and Design","publisher":{"@id":"https:\/\/hubsch-interior.com\/de\/#organization"},"potentialAction":[{"@type":"SearchAction","target":{"@type":"EntryPoint","urlTemplate":"https:\/\/hubsch-interior.com\/de\/?s={search_term_string}"},"query-input":{"@type":"PropertyValueSpecification","valueRequired":true,"valueName":"search_term_string"}}],"inLanguage":"de"},{"@type":"Organization","@id":"https:\/\/hubsch-interior.com\/de\/#organization","name":"H\u00fcbsch","url":"https:\/\/hubsch-interior.com\/de\/","logo":{"@type":"ImageObject","inLanguage":"de","@id":"https:\/\/hubsch-interior.com\/de\/#\/schema\/logo\/image\/","url":"https:\/\/hubsch-interior.com\/wp-content\/uploads\/2022\/12\/Hubsch_logo_black_one_line.svg","contentUrl":"https:\/\/hubsch-interior.com\/wp-content\/uploads\/2022\/12\/Hubsch_logo_black_one_line.svg","caption":"H\u00fcbsch"},"image":{"@id":"https:\/\/hubsch-interior.com\/de\/#\/schema\/logo\/image\/"}}]}},"_links":{"self":[{"href":"https:\/\/hubsch-interior.com\/de\/wp-json\/wp\/v2\/product\/975081","targetHints":{"allow":["GET"]}}],"collection":[{"href":"https:\/\/hubsch-interior.com\/de\/wp-json\/wp\/v2\/product"}],"about":[{"href":"https:\/\/hubsch-interior.com\/de\/wp-json\/wp\/v2\/types\/product"}],"wp:featuredmedia":[{"embeddable":true,"href":"https:\/\/hubsch-interior.com\/de\/wp-json\/wp\/v2\/media\/1093880"}],"wp:attachment":[{"href":"https:\/\/hubsch-interior.com\/de\/wp-json\/wp\/v2\/media?parent=975081"}],"wp:term":[{"taxonomy":"product_brand","embeddable":true,"href":"https:\/\/hubsch-interior.com\/de\/wp-json\/wp\/v2\/product_brand?post=975081"},{"taxonomy":"product_cat","embeddable":true,"href":"https:\/\/hubsch-interior.com\/de\/wp-json\/wp\/v2\/product_cat?post=975081"},{"taxonomy":"product_tag","embeddable":true,"href":"https:\/\/hubsch-interior.com\/de\/wp-json\/wp\/v2\/product_tag?post=975081"}],"curies":[{"name":"wp","href":"https:\/\/api.w.org\/{rel}","templated":true}]}}