{"id":975121,"date":"2024-01-29T08:26:08","date_gmt":"2024-01-29T07:26:08","guid":{"rendered":"https:\/\/hubsch-interior.com\/product\/product\/"},"modified":"2026-04-09T04:19:51","modified_gmt":"2026-04-09T02:19:51","slug":"brick-kerzenhalter-weis","status":"publish","type":"product","link":"https:\/\/hubsch-interior.com\/de\/produkt\/brick-kerzenhalter-weis\/","title":{"rendered":"Brick Kerzenhalter Wei\u00df"},"content":{"rendered":"<p>Wir pr\u00e4sentieren den Brick Kerzenhalter in einer atemberaubenden wei\u00dfen Marmoroptik, die die perfekte Erg\u00e4nzung f\u00fcr Ihre Wohnkultur darstellt. Dieses zeitlose Design ist nicht nur wundersch\u00f6n, sondern auch vielseitig, da es in 3 verschiedenen Varianten erh\u00e4ltlich ist, um Ihrem Stil gerecht zu werden. Verwenden Sie ihn als einzelnes St\u00fcck oder stapeln Sie sie, um Ihren eigenen einzigartigen Kerzenleuchter zu kreieren. Die stapelbare Funktion bietet endlose M\u00f6glichkeiten, w\u00e4hrend die moderne \u00c4sthetik des Marmors jedem Raum eine Note von Raffinesse verleiht. M\u00f6chten Sie etwas ver\u00e4ndern? Der Brick Kerzenhalter ist auch in anderen Farbvarianten erh\u00e4ltlich, zu jeder Stimmung und zu jedem Anlass. Setzen Sie mit diesem modernen und eleganten St\u00fcck ein Statement in Ihrem Zuhause.<\/p>\n","protected":false},"excerpt":{"rendered":"<p>Wir pr\u00e4sentieren den Brick Kerzenhalter in einer atemberaubenden wei\u00dfen Marmoroptik, die die perfekte Erg\u00e4nzung f\u00fcr Ihre Wohnkultur darstellt. Dieses zeitlose Design ist nicht nur wundersch\u00f6n, sondern auch vielseitig, da es in 3 verschiedenen Varianten erh\u00e4ltlich ist, um Ihrem Stil gerecht zu werden. Verwenden Sie ihn als einzelnes St\u00fcck oder stapeln Sie sie, um Ihren eigenen [&hellip;]<\/p>\n","protected":false},"featured_media":1093916,"template":"","meta":{"_acf_changed":false,"inline_featured_image":false},"product_brand":[],"product_cat":[6884,4068,4067],"product_tag":[],"class_list":{"0":"post-975121","1":"product","2":"type-product","3":"status-publish","4":"has-post-thumbnail","6":"product_cat-elevating-nostalgia-de","7":"product_cat-kerzenstaender-de","8":"product_cat-kerzenstaender-laternen-de","9":"product_shipping_class-pk","11":"pa_color-wei","12":"pa_material-marmor-de","14":"first","15":"instock","16":"taxable","17":"shipping-taxable","18":"purchasable","19":"product-type-simple"},"exclude_global_add_ons":[],"addons":[],"acf":[],"yoast_head":"<!-- This site is optimized with the Yoast SEO plugin v26.4 - https:\/\/yoast.com\/wordpress\/plugins\/seo\/ -->\n<title>Brick Kerzenhalter Wei\u00df - H\u00fcbsch<\/title>\n<meta name=\"description\" content=\"Wir pr\u00e4sentieren den Brick Kerzenhalter in einer atemberaubenden wei\u00dfen Marmoroptik, die die perfekte Erg\u00e4nzung f\u00fcr Ihre Wohnkultur darstellt. Dieses\" \/>\n<meta name=\"robots\" content=\"index, follow, max-snippet:-1, max-image-preview:large, max-video-preview:-1\" \/>\n<link rel=\"canonical\" href=\"https:\/\/hubsch-interior.com\/de\/wp-json\/wp\/v2\/product\/975121\" \/>\n<meta property=\"og:locale\" content=\"de_DE\" \/>\n<meta property=\"og:type\" content=\"article\" \/>\n<meta property=\"og:title\" content=\"Brick Kerzenhalter Wei\u00df - H\u00fcbsch\" \/>\n<meta property=\"og:description\" content=\"Wir pr\u00e4sentieren den Brick Kerzenhalter in einer atemberaubenden wei\u00dfen Marmoroptik, die die perfekte Erg\u00e4nzung f\u00fcr Ihre Wohnkultur darstellt. Dieses\" \/>\n<meta property=\"og:url\" content=\"https:\/\/hubsch-interior.com\/de\/produkt\/brick-kerzenhalter-weis\/\" \/>\n<meta property=\"og:site_name\" content=\"H\u00fcbsch\" \/>\n<meta property=\"article:modified_time\" content=\"2026-04-09T02:19:51+00:00\" \/>\n<meta property=\"og:image\" content=\"https:\/\/hubsch-interior.com\/wp-content\/uploads\/2025\/04\/brick-candleholder-white-b498b5a6083460c5cccfd77ce198a7de.jpg\" \/>\n\t<meta property=\"og:image:width\" content=\"1200\" \/>\n\t<meta property=\"og:image:height\" content=\"1200\" \/>\n\t<meta property=\"og:image:type\" content=\"image\/jpeg\" \/>\n<meta name=\"twitter:card\" content=\"summary_large_image\" \/>\n<meta name=\"twitter:label1\" content=\"Gesch\u00e4tzte Lesezeit\" \/>\n\t<meta name=\"twitter:data1\" content=\"1\u00a0Minute\" \/>\n<script type=\"application\/ld+json\" class=\"yoast-schema-graph\">{\"@context\":\"https:\/\/schema.org\",\"@graph\":[{\"@type\":\"WebPage\",\"@id\":\"https:\/\/hubsch-interior.com\/de\/produkt\/brick-kerzenhalter-weis\/\",\"url\":\"https:\/\/hubsch-interior.com\/de\/produkt\/brick-kerzenhalter-weis\/\",\"name\":\"Brick Kerzenhalter Wei\u00df - H\u00fcbsch\",\"isPartOf\":{\"@id\":\"https:\/\/hubsch-interior.com\/de\/#website\"},\"primaryImageOfPage\":{\"@id\":\"https:\/\/hubsch-interior.com\/de\/produkt\/brick-kerzenhalter-weis\/#primaryimage\"},\"image\":{\"@id\":\"https:\/\/hubsch-interior.com\/de\/produkt\/brick-kerzenhalter-weis\/#primaryimage\"},\"thumbnailUrl\":\"https:\/\/hubsch-interior.com\/wp-content\/uploads\/2026\/02\/brick-candleholder-white-33713d314540a59a2704e04e9bbb80a7.jpg\",\"datePublished\":\"2024-01-29T07:26:08+00:00\",\"dateModified\":\"2026-04-09T02:19:51+00:00\",\"description\":\"Wir pr\u00e4sentieren den Brick Kerzenhalter in einer atemberaubenden wei\u00dfen Marmoroptik, die die perfekte Erg\u00e4nzung f\u00fcr Ihre Wohnkultur darstellt. Dieses\",\"breadcrumb\":{\"@id\":\"https:\/\/hubsch-interior.com\/de\/produkt\/brick-kerzenhalter-weis\/#breadcrumb\"},\"inLanguage\":\"de\",\"potentialAction\":[{\"@type\":\"ReadAction\",\"target\":[\"https:\/\/hubsch-interior.com\/de\/produkt\/brick-kerzenhalter-weis\/\"]}]},{\"@type\":\"ImageObject\",\"inLanguage\":\"de\",\"@id\":\"https:\/\/hubsch-interior.com\/de\/produkt\/brick-kerzenhalter-weis\/#primaryimage\",\"url\":\"https:\/\/hubsch-interior.com\/wp-content\/uploads\/2026\/02\/brick-candleholder-white-33713d314540a59a2704e04e9bbb80a7.jpg\",\"contentUrl\":\"https:\/\/hubsch-interior.com\/wp-content\/uploads\/2026\/02\/brick-candleholder-white-33713d314540a59a2704e04e9bbb80a7.jpg\",\"width\":1024,\"height\":1024},{\"@type\":\"BreadcrumbList\",\"@id\":\"https:\/\/hubsch-interior.com\/de\/produkt\/brick-kerzenhalter-weis\/#breadcrumb\",\"itemListElement\":[{\"@type\":\"ListItem\",\"position\":1,\"name\":\"Startseite\",\"item\":\"https:\/\/hubsch-interior.com\/de\/\"},{\"@type\":\"ListItem\",\"position\":2,\"name\":\"Produkte\",\"item\":\"https:\/\/hubsch-interior.com\/de\/shop-2\/\"},{\"@type\":\"ListItem\",\"position\":3,\"name\":\"Wohnaccessoires\",\"item\":\"https:\/\/hubsch-interior.com\/de\/produkt-kategorie\/wohnaccessoires\/\"},{\"@type\":\"ListItem\",\"position\":4,\"name\":\"Kerzenst&auml;nder &amp; Laternen\",\"item\":\"https:\/\/hubsch-interior.com\/de\/produkt-kategorie\/wohnaccessoires\/kerzenstaender-laternen-de\/\"},{\"@type\":\"ListItem\",\"position\":5,\"name\":\"Kerzenst&auml;nder\",\"item\":\"https:\/\/hubsch-interior.com\/de\/produkt-kategorie\/wohnaccessoires\/kerzenstaender-laternen-de\/kerzenstaender-de\/\"},{\"@type\":\"ListItem\",\"position\":6,\"name\":\"Brick Kerzenhalter Wei\u00df\"}]},{\"@type\":\"WebSite\",\"@id\":\"https:\/\/hubsch-interior.com\/de\/#website\",\"url\":\"https:\/\/hubsch-interior.com\/de\/\",\"name\":\"H\u00fcbsch\",\"description\":\"Danish Home Interior and Design\",\"publisher\":{\"@id\":\"https:\/\/hubsch-interior.com\/de\/#organization\"},\"potentialAction\":[{\"@type\":\"SearchAction\",\"target\":{\"@type\":\"EntryPoint\",\"urlTemplate\":\"https:\/\/hubsch-interior.com\/de\/?s={search_term_string}\"},\"query-input\":{\"@type\":\"PropertyValueSpecification\",\"valueRequired\":true,\"valueName\":\"search_term_string\"}}],\"inLanguage\":\"de\"},{\"@type\":\"Organization\",\"@id\":\"https:\/\/hubsch-interior.com\/de\/#organization\",\"name\":\"H\u00fcbsch\",\"url\":\"https:\/\/hubsch-interior.com\/de\/\",\"logo\":{\"@type\":\"ImageObject\",\"inLanguage\":\"de\",\"@id\":\"https:\/\/hubsch-interior.com\/de\/#\/schema\/logo\/image\/\",\"url\":\"https:\/\/hubsch-interior.com\/wp-content\/uploads\/2022\/12\/Hubsch_logo_black_one_line.svg\",\"contentUrl\":\"https:\/\/hubsch-interior.com\/wp-content\/uploads\/2022\/12\/Hubsch_logo_black_one_line.svg\",\"caption\":\"H\u00fcbsch\"},\"image\":{\"@id\":\"https:\/\/hubsch-interior.com\/de\/#\/schema\/logo\/image\/\"}}]}<\/script>\n<!-- \/ Yoast SEO plugin. -->","yoast_head_json":{"title":"Brick Kerzenhalter Wei\u00df - H\u00fcbsch","description":"Wir pr\u00e4sentieren den Brick Kerzenhalter in einer atemberaubenden wei\u00dfen Marmoroptik, die die perfekte Erg\u00e4nzung f\u00fcr Ihre Wohnkultur darstellt. Dieses","robots":{"index":"index","follow":"follow","max-snippet":"max-snippet:-1","max-image-preview":"max-image-preview:large","max-video-preview":"max-video-preview:-1"},"canonical":"https:\/\/hubsch-interior.com\/de\/wp-json\/wp\/v2\/product\/975121","og_locale":"de_DE","og_type":"article","og_title":"Brick Kerzenhalter Wei\u00df - H\u00fcbsch","og_description":"Wir pr\u00e4sentieren den Brick Kerzenhalter in einer atemberaubenden wei\u00dfen Marmoroptik, die die perfekte Erg\u00e4nzung f\u00fcr Ihre Wohnkultur darstellt. Dieses","og_url":"https:\/\/hubsch-interior.com\/de\/produkt\/brick-kerzenhalter-weis\/","og_site_name":"H\u00fcbsch","article_modified_time":"2026-04-09T02:19:51+00:00","og_image":[{"width":1200,"height":1200,"url":"https:\/\/hubsch-interior.com\/wp-content\/uploads\/2025\/04\/brick-candleholder-white-b498b5a6083460c5cccfd77ce198a7de.jpg","type":"image\/jpeg"}],"twitter_card":"summary_large_image","twitter_misc":{"Gesch\u00e4tzte Lesezeit":"1\u00a0Minute"},"schema":{"@context":"https:\/\/schema.org","@graph":[{"@type":"WebPage","@id":"https:\/\/hubsch-interior.com\/de\/produkt\/brick-kerzenhalter-weis\/","url":"https:\/\/hubsch-interior.com\/de\/produkt\/brick-kerzenhalter-weis\/","name":"Brick Kerzenhalter Wei\u00df - H\u00fcbsch","isPartOf":{"@id":"https:\/\/hubsch-interior.com\/de\/#website"},"primaryImageOfPage":{"@id":"https:\/\/hubsch-interior.com\/de\/produkt\/brick-kerzenhalter-weis\/#primaryimage"},"image":{"@id":"https:\/\/hubsch-interior.com\/de\/produkt\/brick-kerzenhalter-weis\/#primaryimage"},"thumbnailUrl":"https:\/\/hubsch-interior.com\/wp-content\/uploads\/2026\/02\/brick-candleholder-white-33713d314540a59a2704e04e9bbb80a7.jpg","datePublished":"2024-01-29T07:26:08+00:00","dateModified":"2026-04-09T02:19:51+00:00","description":"Wir pr\u00e4sentieren den Brick Kerzenhalter in einer atemberaubenden wei\u00dfen Marmoroptik, die die perfekte Erg\u00e4nzung f\u00fcr Ihre Wohnkultur darstellt. Dieses","breadcrumb":{"@id":"https:\/\/hubsch-interior.com\/de\/produkt\/brick-kerzenhalter-weis\/#breadcrumb"},"inLanguage":"de","potentialAction":[{"@type":"ReadAction","target":["https:\/\/hubsch-interior.com\/de\/produkt\/brick-kerzenhalter-weis\/"]}]},{"@type":"ImageObject","inLanguage":"de","@id":"https:\/\/hubsch-interior.com\/de\/produkt\/brick-kerzenhalter-weis\/#primaryimage","url":"https:\/\/hubsch-interior.com\/wp-content\/uploads\/2026\/02\/brick-candleholder-white-33713d314540a59a2704e04e9bbb80a7.jpg","contentUrl":"https:\/\/hubsch-interior.com\/wp-content\/uploads\/2026\/02\/brick-candleholder-white-33713d314540a59a2704e04e9bbb80a7.jpg","width":1024,"height":1024},{"@type":"BreadcrumbList","@id":"https:\/\/hubsch-interior.com\/de\/produkt\/brick-kerzenhalter-weis\/#breadcrumb","itemListElement":[{"@type":"ListItem","position":1,"name":"Startseite","item":"https:\/\/hubsch-interior.com\/de\/"},{"@type":"ListItem","position":2,"name":"Produkte","item":"https:\/\/hubsch-interior.com\/de\/shop-2\/"},{"@type":"ListItem","position":3,"name":"Wohnaccessoires","item":"https:\/\/hubsch-interior.com\/de\/produkt-kategorie\/wohnaccessoires\/"},{"@type":"ListItem","position":4,"name":"Kerzenst&auml;nder &amp; Laternen","item":"https:\/\/hubsch-interior.com\/de\/produkt-kategorie\/wohnaccessoires\/kerzenstaender-laternen-de\/"},{"@type":"ListItem","position":5,"name":"Kerzenst&auml;nder","item":"https:\/\/hubsch-interior.com\/de\/produkt-kategorie\/wohnaccessoires\/kerzenstaender-laternen-de\/kerzenstaender-de\/"},{"@type":"ListItem","position":6,"name":"Brick Kerzenhalter Wei\u00df"}]},{"@type":"WebSite","@id":"https:\/\/hubsch-interior.com\/de\/#website","url":"https:\/\/hubsch-interior.com\/de\/","name":"H\u00fcbsch","description":"Danish Home Interior and Design","publisher":{"@id":"https:\/\/hubsch-interior.com\/de\/#organization"},"potentialAction":[{"@type":"SearchAction","target":{"@type":"EntryPoint","urlTemplate":"https:\/\/hubsch-interior.com\/de\/?s={search_term_string}"},"query-input":{"@type":"PropertyValueSpecification","valueRequired":true,"valueName":"search_term_string"}}],"inLanguage":"de"},{"@type":"Organization","@id":"https:\/\/hubsch-interior.com\/de\/#organization","name":"H\u00fcbsch","url":"https:\/\/hubsch-interior.com\/de\/","logo":{"@type":"ImageObject","inLanguage":"de","@id":"https:\/\/hubsch-interior.com\/de\/#\/schema\/logo\/image\/","url":"https:\/\/hubsch-interior.com\/wp-content\/uploads\/2022\/12\/Hubsch_logo_black_one_line.svg","contentUrl":"https:\/\/hubsch-interior.com\/wp-content\/uploads\/2022\/12\/Hubsch_logo_black_one_line.svg","caption":"H\u00fcbsch"},"image":{"@id":"https:\/\/hubsch-interior.com\/de\/#\/schema\/logo\/image\/"}}]}},"_links":{"self":[{"href":"https:\/\/hubsch-interior.com\/de\/wp-json\/wp\/v2\/product\/975121","targetHints":{"allow":["GET"]}}],"collection":[{"href":"https:\/\/hubsch-interior.com\/de\/wp-json\/wp\/v2\/product"}],"about":[{"href":"https:\/\/hubsch-interior.com\/de\/wp-json\/wp\/v2\/types\/product"}],"wp:featuredmedia":[{"embeddable":true,"href":"https:\/\/hubsch-interior.com\/de\/wp-json\/wp\/v2\/media\/1093916"}],"wp:attachment":[{"href":"https:\/\/hubsch-interior.com\/de\/wp-json\/wp\/v2\/media?parent=975121"}],"wp:term":[{"taxonomy":"product_brand","embeddable":true,"href":"https:\/\/hubsch-interior.com\/de\/wp-json\/wp\/v2\/product_brand?post=975121"},{"taxonomy":"product_cat","embeddable":true,"href":"https:\/\/hubsch-interior.com\/de\/wp-json\/wp\/v2\/product_cat?post=975121"},{"taxonomy":"product_tag","embeddable":true,"href":"https:\/\/hubsch-interior.com\/de\/wp-json\/wp\/v2\/product_tag?post=975121"}],"curies":[{"name":"wp","href":"https:\/\/api.w.org\/{rel}","templated":true}]}}