{"id":975145,"date":"2024-01-29T08:26:18","date_gmt":"2024-01-29T07:26:18","guid":{"rendered":"https:\/\/hubsch-interior.com\/product\/product\/"},"modified":"2026-04-09T04:19:54","modified_gmt":"2026-04-09T02:19:54","slug":"brick-kerzenhalter-grun","status":"publish","type":"product","link":"https:\/\/hubsch-interior.com\/de\/produkt\/brick-kerzenhalter-grun\/","title":{"rendered":"Brick Kerzenhalter Gr\u00fcn"},"content":{"rendered":"<p>Verleihen Sie Ihrer Einrichtung mit dem Brick Kerzenhalter aus reichhaltigem gr\u00fcnen Marmor einen Hauch von Eleganz. Dieses zeitlose Design ist in drei verschiedenen Varianten erh\u00e4ltlich und perfekt, um Ihren eigenen modernen Kerzenleuchter zusammenzustellen. Ob als einzelnes Statement-St\u00fcck oder gestapelt &#8211; dieser Kerzenhalter verleiht jedem Raum eine gewisse Raffinesse. Dank seiner stapelbaren Funktion sind endlose Konfigurationen m\u00f6glich und Sie haben die Freiheit, eine einzigartige und pers\u00f6nliche Darstellung zu gestalten. In weiteren Farbvariationen erh\u00e4ltlich, ist der Brick Kerzenhalter ein Muss f\u00fcr alle, die sowohl Funktionalit\u00e4t als auch Stil sch\u00e4tzen.<\/p>\n","protected":false},"excerpt":{"rendered":"<p>Verleihen Sie Ihrer Einrichtung mit dem Brick Kerzenhalter aus reichhaltigem gr\u00fcnen Marmor einen Hauch von Eleganz. Dieses zeitlose Design ist in drei verschiedenen Varianten erh\u00e4ltlich und perfekt, um Ihren eigenen modernen Kerzenleuchter zusammenzustellen. Ob als einzelnes Statement-St\u00fcck oder gestapelt &#8211; dieser Kerzenhalter verleiht jedem Raum eine gewisse Raffinesse. Dank seiner stapelbaren Funktion sind endlose Konfigurationen [&hellip;]<\/p>\n","protected":false},"featured_media":1093932,"template":"","meta":{"_acf_changed":false,"inline_featured_image":false},"product_brand":[],"product_cat":[6884,4067,4068],"product_tag":[],"class_list":{"0":"post-975145","1":"product","2":"type-product","3":"status-publish","4":"has-post-thumbnail","6":"product_cat-elevating-nostalgia-de","7":"product_cat-kerzenstaender-laternen-de","8":"product_cat-kerzenstaender-de","9":"product_shipping_class-pk","11":"pa_color-grn-2","12":"pa_material-marmor-de","14":"first","15":"instock","16":"taxable","17":"shipping-taxable","18":"purchasable","19":"product-type-simple"},"exclude_global_add_ons":[],"addons":[],"acf":[],"yoast_head":"<!-- This site is optimized with the Yoast SEO plugin v26.4 - https:\/\/yoast.com\/wordpress\/plugins\/seo\/ -->\n<title>Brick Kerzenhalter Gr\u00fcn - H\u00fcbsch<\/title>\n<meta name=\"description\" content=\"Verleihen Sie Ihrer Einrichtung mit dem Brick Kerzenhalter aus reichhaltigem gr\u00fcnen Marmor einen Hauch von Eleganz. Dieses zeitlose Design ist in drei\" \/>\n<meta name=\"robots\" content=\"index, follow, max-snippet:-1, max-image-preview:large, max-video-preview:-1\" \/>\n<link rel=\"canonical\" href=\"https:\/\/hubsch-interior.com\/de\/wp-json\/wp\/v2\/product\/975145\" \/>\n<meta property=\"og:locale\" content=\"de_DE\" \/>\n<meta property=\"og:type\" content=\"article\" \/>\n<meta property=\"og:title\" content=\"Brick Kerzenhalter Gr\u00fcn - H\u00fcbsch\" \/>\n<meta property=\"og:description\" content=\"Verleihen Sie Ihrer Einrichtung mit dem Brick Kerzenhalter aus reichhaltigem gr\u00fcnen Marmor einen Hauch von Eleganz. Dieses zeitlose Design ist in drei\" \/>\n<meta property=\"og:url\" content=\"https:\/\/hubsch-interior.com\/de\/produkt\/brick-kerzenhalter-grun\/\" \/>\n<meta property=\"og:site_name\" content=\"H\u00fcbsch\" \/>\n<meta property=\"article:modified_time\" content=\"2026-04-09T02:19:54+00:00\" \/>\n<meta property=\"og:image\" content=\"https:\/\/hubsch-interior.com\/wp-content\/uploads\/2025\/04\/brick-candleholder-green-79e2122c0f4acdf7e7e0bcc096e201ed.jpg\" \/>\n\t<meta property=\"og:image:width\" content=\"1200\" \/>\n\t<meta property=\"og:image:height\" content=\"1200\" \/>\n\t<meta property=\"og:image:type\" content=\"image\/jpeg\" \/>\n<meta name=\"twitter:card\" content=\"summary_large_image\" \/>\n<script type=\"application\/ld+json\" class=\"yoast-schema-graph\">{\"@context\":\"https:\/\/schema.org\",\"@graph\":[{\"@type\":\"WebPage\",\"@id\":\"https:\/\/hubsch-interior.com\/de\/produkt\/brick-kerzenhalter-grun\/\",\"url\":\"https:\/\/hubsch-interior.com\/de\/produkt\/brick-kerzenhalter-grun\/\",\"name\":\"Brick Kerzenhalter Gr\u00fcn - H\u00fcbsch\",\"isPartOf\":{\"@id\":\"https:\/\/hubsch-interior.com\/de\/#website\"},\"primaryImageOfPage\":{\"@id\":\"https:\/\/hubsch-interior.com\/de\/produkt\/brick-kerzenhalter-grun\/#primaryimage\"},\"image\":{\"@id\":\"https:\/\/hubsch-interior.com\/de\/produkt\/brick-kerzenhalter-grun\/#primaryimage\"},\"thumbnailUrl\":\"https:\/\/hubsch-interior.com\/wp-content\/uploads\/2026\/02\/brick-candleholder-green-9cee6c151baa07caf9376622910b0e16.jpg\",\"datePublished\":\"2024-01-29T07:26:18+00:00\",\"dateModified\":\"2026-04-09T02:19:54+00:00\",\"description\":\"Verleihen Sie Ihrer Einrichtung mit dem Brick Kerzenhalter aus reichhaltigem gr\u00fcnen Marmor einen Hauch von Eleganz. Dieses zeitlose Design ist in drei\",\"breadcrumb\":{\"@id\":\"https:\/\/hubsch-interior.com\/de\/produkt\/brick-kerzenhalter-grun\/#breadcrumb\"},\"inLanguage\":\"de\",\"potentialAction\":[{\"@type\":\"ReadAction\",\"target\":[\"https:\/\/hubsch-interior.com\/de\/produkt\/brick-kerzenhalter-grun\/\"]}]},{\"@type\":\"ImageObject\",\"inLanguage\":\"de\",\"@id\":\"https:\/\/hubsch-interior.com\/de\/produkt\/brick-kerzenhalter-grun\/#primaryimage\",\"url\":\"https:\/\/hubsch-interior.com\/wp-content\/uploads\/2026\/02\/brick-candleholder-green-9cee6c151baa07caf9376622910b0e16.jpg\",\"contentUrl\":\"https:\/\/hubsch-interior.com\/wp-content\/uploads\/2026\/02\/brick-candleholder-green-9cee6c151baa07caf9376622910b0e16.jpg\",\"width\":1024,\"height\":1024},{\"@type\":\"BreadcrumbList\",\"@id\":\"https:\/\/hubsch-interior.com\/de\/produkt\/brick-kerzenhalter-grun\/#breadcrumb\",\"itemListElement\":[{\"@type\":\"ListItem\",\"position\":1,\"name\":\"Startseite\",\"item\":\"https:\/\/hubsch-interior.com\/de\/\"},{\"@type\":\"ListItem\",\"position\":2,\"name\":\"Produkte\",\"item\":\"https:\/\/hubsch-interior.com\/de\/shop-2\/\"},{\"@type\":\"ListItem\",\"position\":3,\"name\":\"Wohnaccessoires\",\"item\":\"https:\/\/hubsch-interior.com\/de\/produkt-kategorie\/wohnaccessoires\/\"},{\"@type\":\"ListItem\",\"position\":4,\"name\":\"Kerzenst&auml;nder &amp; Laternen\",\"item\":\"https:\/\/hubsch-interior.com\/de\/produkt-kategorie\/wohnaccessoires\/kerzenstaender-laternen-de\/\"},{\"@type\":\"ListItem\",\"position\":5,\"name\":\"Kerzenst&auml;nder\",\"item\":\"https:\/\/hubsch-interior.com\/de\/produkt-kategorie\/wohnaccessoires\/kerzenstaender-laternen-de\/kerzenstaender-de\/\"},{\"@type\":\"ListItem\",\"position\":6,\"name\":\"Brick Kerzenhalter Gr\u00fcn\"}]},{\"@type\":\"WebSite\",\"@id\":\"https:\/\/hubsch-interior.com\/de\/#website\",\"url\":\"https:\/\/hubsch-interior.com\/de\/\",\"name\":\"H\u00fcbsch\",\"description\":\"Danish Home Interior and Design\",\"publisher\":{\"@id\":\"https:\/\/hubsch-interior.com\/de\/#organization\"},\"potentialAction\":[{\"@type\":\"SearchAction\",\"target\":{\"@type\":\"EntryPoint\",\"urlTemplate\":\"https:\/\/hubsch-interior.com\/de\/?s={search_term_string}\"},\"query-input\":{\"@type\":\"PropertyValueSpecification\",\"valueRequired\":true,\"valueName\":\"search_term_string\"}}],\"inLanguage\":\"de\"},{\"@type\":\"Organization\",\"@id\":\"https:\/\/hubsch-interior.com\/de\/#organization\",\"name\":\"H\u00fcbsch\",\"url\":\"https:\/\/hubsch-interior.com\/de\/\",\"logo\":{\"@type\":\"ImageObject\",\"inLanguage\":\"de\",\"@id\":\"https:\/\/hubsch-interior.com\/de\/#\/schema\/logo\/image\/\",\"url\":\"https:\/\/hubsch-interior.com\/wp-content\/uploads\/2022\/12\/Hubsch_logo_black_one_line.svg\",\"contentUrl\":\"https:\/\/hubsch-interior.com\/wp-content\/uploads\/2022\/12\/Hubsch_logo_black_one_line.svg\",\"caption\":\"H\u00fcbsch\"},\"image\":{\"@id\":\"https:\/\/hubsch-interior.com\/de\/#\/schema\/logo\/image\/\"}}]}<\/script>\n<!-- \/ Yoast SEO plugin. -->","yoast_head_json":{"title":"Brick Kerzenhalter Gr\u00fcn - H\u00fcbsch","description":"Verleihen Sie Ihrer Einrichtung mit dem Brick Kerzenhalter aus reichhaltigem gr\u00fcnen Marmor einen Hauch von Eleganz. Dieses zeitlose Design ist in drei","robots":{"index":"index","follow":"follow","max-snippet":"max-snippet:-1","max-image-preview":"max-image-preview:large","max-video-preview":"max-video-preview:-1"},"canonical":"https:\/\/hubsch-interior.com\/de\/wp-json\/wp\/v2\/product\/975145","og_locale":"de_DE","og_type":"article","og_title":"Brick Kerzenhalter Gr\u00fcn - H\u00fcbsch","og_description":"Verleihen Sie Ihrer Einrichtung mit dem Brick Kerzenhalter aus reichhaltigem gr\u00fcnen Marmor einen Hauch von Eleganz. Dieses zeitlose Design ist in drei","og_url":"https:\/\/hubsch-interior.com\/de\/produkt\/brick-kerzenhalter-grun\/","og_site_name":"H\u00fcbsch","article_modified_time":"2026-04-09T02:19:54+00:00","og_image":[{"width":1200,"height":1200,"url":"https:\/\/hubsch-interior.com\/wp-content\/uploads\/2025\/04\/brick-candleholder-green-79e2122c0f4acdf7e7e0bcc096e201ed.jpg","type":"image\/jpeg"}],"twitter_card":"summary_large_image","schema":{"@context":"https:\/\/schema.org","@graph":[{"@type":"WebPage","@id":"https:\/\/hubsch-interior.com\/de\/produkt\/brick-kerzenhalter-grun\/","url":"https:\/\/hubsch-interior.com\/de\/produkt\/brick-kerzenhalter-grun\/","name":"Brick Kerzenhalter Gr\u00fcn - H\u00fcbsch","isPartOf":{"@id":"https:\/\/hubsch-interior.com\/de\/#website"},"primaryImageOfPage":{"@id":"https:\/\/hubsch-interior.com\/de\/produkt\/brick-kerzenhalter-grun\/#primaryimage"},"image":{"@id":"https:\/\/hubsch-interior.com\/de\/produkt\/brick-kerzenhalter-grun\/#primaryimage"},"thumbnailUrl":"https:\/\/hubsch-interior.com\/wp-content\/uploads\/2026\/02\/brick-candleholder-green-9cee6c151baa07caf9376622910b0e16.jpg","datePublished":"2024-01-29T07:26:18+00:00","dateModified":"2026-04-09T02:19:54+00:00","description":"Verleihen Sie Ihrer Einrichtung mit dem Brick Kerzenhalter aus reichhaltigem gr\u00fcnen Marmor einen Hauch von Eleganz. Dieses zeitlose Design ist in drei","breadcrumb":{"@id":"https:\/\/hubsch-interior.com\/de\/produkt\/brick-kerzenhalter-grun\/#breadcrumb"},"inLanguage":"de","potentialAction":[{"@type":"ReadAction","target":["https:\/\/hubsch-interior.com\/de\/produkt\/brick-kerzenhalter-grun\/"]}]},{"@type":"ImageObject","inLanguage":"de","@id":"https:\/\/hubsch-interior.com\/de\/produkt\/brick-kerzenhalter-grun\/#primaryimage","url":"https:\/\/hubsch-interior.com\/wp-content\/uploads\/2026\/02\/brick-candleholder-green-9cee6c151baa07caf9376622910b0e16.jpg","contentUrl":"https:\/\/hubsch-interior.com\/wp-content\/uploads\/2026\/02\/brick-candleholder-green-9cee6c151baa07caf9376622910b0e16.jpg","width":1024,"height":1024},{"@type":"BreadcrumbList","@id":"https:\/\/hubsch-interior.com\/de\/produkt\/brick-kerzenhalter-grun\/#breadcrumb","itemListElement":[{"@type":"ListItem","position":1,"name":"Startseite","item":"https:\/\/hubsch-interior.com\/de\/"},{"@type":"ListItem","position":2,"name":"Produkte","item":"https:\/\/hubsch-interior.com\/de\/shop-2\/"},{"@type":"ListItem","position":3,"name":"Wohnaccessoires","item":"https:\/\/hubsch-interior.com\/de\/produkt-kategorie\/wohnaccessoires\/"},{"@type":"ListItem","position":4,"name":"Kerzenst&auml;nder &amp; Laternen","item":"https:\/\/hubsch-interior.com\/de\/produkt-kategorie\/wohnaccessoires\/kerzenstaender-laternen-de\/"},{"@type":"ListItem","position":5,"name":"Kerzenst&auml;nder","item":"https:\/\/hubsch-interior.com\/de\/produkt-kategorie\/wohnaccessoires\/kerzenstaender-laternen-de\/kerzenstaender-de\/"},{"@type":"ListItem","position":6,"name":"Brick Kerzenhalter Gr\u00fcn"}]},{"@type":"WebSite","@id":"https:\/\/hubsch-interior.com\/de\/#website","url":"https:\/\/hubsch-interior.com\/de\/","name":"H\u00fcbsch","description":"Danish Home Interior and Design","publisher":{"@id":"https:\/\/hubsch-interior.com\/de\/#organization"},"potentialAction":[{"@type":"SearchAction","target":{"@type":"EntryPoint","urlTemplate":"https:\/\/hubsch-interior.com\/de\/?s={search_term_string}"},"query-input":{"@type":"PropertyValueSpecification","valueRequired":true,"valueName":"search_term_string"}}],"inLanguage":"de"},{"@type":"Organization","@id":"https:\/\/hubsch-interior.com\/de\/#organization","name":"H\u00fcbsch","url":"https:\/\/hubsch-interior.com\/de\/","logo":{"@type":"ImageObject","inLanguage":"de","@id":"https:\/\/hubsch-interior.com\/de\/#\/schema\/logo\/image\/","url":"https:\/\/hubsch-interior.com\/wp-content\/uploads\/2022\/12\/Hubsch_logo_black_one_line.svg","contentUrl":"https:\/\/hubsch-interior.com\/wp-content\/uploads\/2022\/12\/Hubsch_logo_black_one_line.svg","caption":"H\u00fcbsch"},"image":{"@id":"https:\/\/hubsch-interior.com\/de\/#\/schema\/logo\/image\/"}}]}},"_links":{"self":[{"href":"https:\/\/hubsch-interior.com\/de\/wp-json\/wp\/v2\/product\/975145","targetHints":{"allow":["GET"]}}],"collection":[{"href":"https:\/\/hubsch-interior.com\/de\/wp-json\/wp\/v2\/product"}],"about":[{"href":"https:\/\/hubsch-interior.com\/de\/wp-json\/wp\/v2\/types\/product"}],"wp:featuredmedia":[{"embeddable":true,"href":"https:\/\/hubsch-interior.com\/de\/wp-json\/wp\/v2\/media\/1093932"}],"wp:attachment":[{"href":"https:\/\/hubsch-interior.com\/de\/wp-json\/wp\/v2\/media?parent=975145"}],"wp:term":[{"taxonomy":"product_brand","embeddable":true,"href":"https:\/\/hubsch-interior.com\/de\/wp-json\/wp\/v2\/product_brand?post=975145"},{"taxonomy":"product_cat","embeddable":true,"href":"https:\/\/hubsch-interior.com\/de\/wp-json\/wp\/v2\/product_cat?post=975145"},{"taxonomy":"product_tag","embeddable":true,"href":"https:\/\/hubsch-interior.com\/de\/wp-json\/wp\/v2\/product_tag?post=975145"}],"curies":[{"name":"wp","href":"https:\/\/api.w.org\/{rel}","templated":true}]}}