{"id":975225,"date":"2024-01-29T08:27:01","date_gmt":"2024-01-29T07:27:01","guid":{"rendered":"https:\/\/hubsch-interior.com\/product\/product\/"},"modified":"2026-04-09T04:20:01","modified_gmt":"2026-04-09T02:20:01","slug":"study-schrank-dunkelblau-grau","status":"publish","type":"product","link":"https:\/\/hubsch-interior.com\/de\/produkt\/study-schrank-dunkelblau-grau\/","title":{"rendered":"Study Schrank Dunkelblau\/Grau"},"content":{"rendered":"<p>Lernen Sie den eleganten und funktionalen Study Schrank kennen, die perfekte Erg\u00e4nzung f\u00fcr jedes B\u00fcro oder Zuhause. Dieser dunkelblaue\/graue Schrank besteht aus FSC-zertifiziertem Holz und Stahl und garantiert damit sowohl Langlebigkeit als auch Nachhaltigkeit. Nutzen Sie ihn als einzelnes M\u00f6belst\u00fcck oder in Kombination mit dem Rest der Study Serie f\u00fcr effiziente Aufbewahrung und Organisation Ihrer Akten. Der Schrank bietet mehrere Regaloptionen und ist somit eine vielseitige Wahl f\u00fcr all Ihre Aufbewahrungsbed\u00fcrfnisse. Seine kr\u00e4ftige Farbe verleiht jedem Raum einen Hauch von Stil und bietet zugleich effiziente und robuste Aufbewahrungsl\u00f6sungen. R\u00fcsten Sie Ihren Arbeitsbereich oder Ihr B\u00fcro auf mit dem Study Schrank.<\/p>\n","protected":false},"excerpt":{"rendered":"<p>Lernen Sie den eleganten und funktionalen Study Schrank kennen, die perfekte Erg\u00e4nzung f\u00fcr jedes B\u00fcro oder Zuhause. Dieser dunkelblaue\/graue Schrank besteht aus FSC-zertifiziertem Holz und Stahl und garantiert damit sowohl Langlebigkeit als auch Nachhaltigkeit. Nutzen Sie ihn als einzelnes M\u00f6belst\u00fcck oder in Kombination mit dem Rest der Study Serie f\u00fcr effiziente Aufbewahrung und Organisation Ihrer [&hellip;]<\/p>\n","protected":false},"featured_media":1093968,"template":"","meta":{"_acf_changed":false,"inline_featured_image":false},"product_brand":[],"product_cat":[6884,6323,4921,4003],"product_tag":[],"class_list":{"0":"post-975225","1":"product","2":"type-product","3":"status-publish","4":"has-post-thumbnail","6":"product_cat-elevating-nostalgia-de","7":"product_cat-fsc-de","8":"product_cat-kommoden-sideboards-de","9":"product_cat-regale-aufbewahrung-de","10":"product_shipping_class-p10","12":"pa_color-dunkelblau-2","13":"pa_color-grau-2","14":"pa_material-eschefurnier","15":"pa_material-mdf-de","16":"pa_material-stahl","18":"first","19":"instock","20":"taxable","21":"shipping-taxable","22":"purchasable","23":"product-type-simple"},"exclude_global_add_ons":[],"addons":[],"acf":[],"yoast_head":"<!-- This site is optimized with the Yoast SEO plugin v26.4 - https:\/\/yoast.com\/wordpress\/plugins\/seo\/ -->\n<title>Study Schrank Dunkelblau\/Grau - H\u00fcbsch<\/title>\n<meta name=\"description\" content=\"Lernen Sie den eleganten und funktionalen Study Schrank kennen, die perfekte Erg\u00e4nzung f\u00fcr jedes B\u00fcro oder Zuhause. Dieser dunkelblaue\/graue Schrank\" \/>\n<meta name=\"robots\" content=\"index, follow, max-snippet:-1, max-image-preview:large, max-video-preview:-1\" \/>\n<link rel=\"canonical\" href=\"https:\/\/hubsch-interior.com\/de\/wp-json\/wp\/v2\/product\/975225\" \/>\n<meta property=\"og:locale\" content=\"de_DE\" \/>\n<meta property=\"og:type\" content=\"article\" \/>\n<meta property=\"og:title\" content=\"Study Schrank Dunkelblau\/Grau - H\u00fcbsch\" \/>\n<meta property=\"og:description\" content=\"Lernen Sie den eleganten und funktionalen Study Schrank kennen, die perfekte Erg\u00e4nzung f\u00fcr jedes B\u00fcro oder Zuhause. Dieser dunkelblaue\/graue Schrank\" \/>\n<meta property=\"og:url\" content=\"https:\/\/hubsch-interior.com\/de\/produkt\/study-schrank-dunkelblau-grau\/\" \/>\n<meta property=\"og:site_name\" content=\"H\u00fcbsch\" \/>\n<meta property=\"article:modified_time\" content=\"2026-04-09T02:20:01+00:00\" \/>\n<meta property=\"og:image\" content=\"https:\/\/hubsch-interior.com\/wp-content\/uploads\/2024\/01\/study-cabinet-dark-bluegrey-853a62c67340bdd1b70252fc9986d021.jpg\" \/>\n\t<meta property=\"og:image:width\" content=\"1200\" \/>\n\t<meta property=\"og:image:height\" content=\"1200\" \/>\n\t<meta property=\"og:image:type\" content=\"image\/jpeg\" \/>\n<meta name=\"twitter:card\" content=\"summary_large_image\" \/>\n<meta name=\"twitter:label1\" content=\"Gesch\u00e4tzte Lesezeit\" \/>\n\t<meta name=\"twitter:data1\" content=\"1\u00a0Minute\" \/>\n<script type=\"application\/ld+json\" class=\"yoast-schema-graph\">{\"@context\":\"https:\/\/schema.org\",\"@graph\":[{\"@type\":\"WebPage\",\"@id\":\"https:\/\/hubsch-interior.com\/de\/produkt\/study-schrank-dunkelblau-grau\/\",\"url\":\"https:\/\/hubsch-interior.com\/de\/produkt\/study-schrank-dunkelblau-grau\/\",\"name\":\"Study Schrank Dunkelblau\/Grau - H\u00fcbsch\",\"isPartOf\":{\"@id\":\"https:\/\/hubsch-interior.com\/de\/#website\"},\"primaryImageOfPage\":{\"@id\":\"https:\/\/hubsch-interior.com\/de\/produkt\/study-schrank-dunkelblau-grau\/#primaryimage\"},\"image\":{\"@id\":\"https:\/\/hubsch-interior.com\/de\/produkt\/study-schrank-dunkelblau-grau\/#primaryimage\"},\"thumbnailUrl\":\"https:\/\/hubsch-interior.com\/wp-content\/uploads\/2026\/02\/study-cabinet-dark-bluegrey-d2992f4013f40d3ee43dfec3b8527ba3.jpg\",\"datePublished\":\"2024-01-29T07:27:01+00:00\",\"dateModified\":\"2026-04-09T02:20:01+00:00\",\"description\":\"Lernen Sie den eleganten und funktionalen Study Schrank kennen, die perfekte Erg\u00e4nzung f\u00fcr jedes B\u00fcro oder Zuhause. Dieser dunkelblaue\/graue Schrank\",\"breadcrumb\":{\"@id\":\"https:\/\/hubsch-interior.com\/de\/produkt\/study-schrank-dunkelblau-grau\/#breadcrumb\"},\"inLanguage\":\"de\",\"potentialAction\":[{\"@type\":\"ReadAction\",\"target\":[\"https:\/\/hubsch-interior.com\/de\/produkt\/study-schrank-dunkelblau-grau\/\"]}]},{\"@type\":\"ImageObject\",\"inLanguage\":\"de\",\"@id\":\"https:\/\/hubsch-interior.com\/de\/produkt\/study-schrank-dunkelblau-grau\/#primaryimage\",\"url\":\"https:\/\/hubsch-interior.com\/wp-content\/uploads\/2026\/02\/study-cabinet-dark-bluegrey-d2992f4013f40d3ee43dfec3b8527ba3.jpg\",\"contentUrl\":\"https:\/\/hubsch-interior.com\/wp-content\/uploads\/2026\/02\/study-cabinet-dark-bluegrey-d2992f4013f40d3ee43dfec3b8527ba3.jpg\",\"width\":1024,\"height\":1024},{\"@type\":\"BreadcrumbList\",\"@id\":\"https:\/\/hubsch-interior.com\/de\/produkt\/study-schrank-dunkelblau-grau\/#breadcrumb\",\"itemListElement\":[{\"@type\":\"ListItem\",\"position\":1,\"name\":\"Startseite\",\"item\":\"https:\/\/hubsch-interior.com\/de\/\"},{\"@type\":\"ListItem\",\"position\":2,\"name\":\"Produkte\",\"item\":\"https:\/\/hubsch-interior.com\/de\/shop-2\/\"},{\"@type\":\"ListItem\",\"position\":3,\"name\":\"M\u00f6bel\",\"item\":\"https:\/\/hubsch-interior.com\/de\/produkt-kategorie\/moebel\/\"},{\"@type\":\"ListItem\",\"position\":4,\"name\":\"Regale &amp; Aufbewahrung\",\"item\":\"https:\/\/hubsch-interior.com\/de\/produkt-kategorie\/moebel\/regale-aufbewahrung-de\/\"},{\"@type\":\"ListItem\",\"position\":5,\"name\":\"Kommoden &amp; Sideboards\",\"item\":\"https:\/\/hubsch-interior.com\/de\/produkt-kategorie\/moebel\/regale-aufbewahrung-de\/kommoden-sideboards-de\/\"},{\"@type\":\"ListItem\",\"position\":6,\"name\":\"Study Schrank Dunkelblau\/Grau\"}]},{\"@type\":\"WebSite\",\"@id\":\"https:\/\/hubsch-interior.com\/de\/#website\",\"url\":\"https:\/\/hubsch-interior.com\/de\/\",\"name\":\"H\u00fcbsch\",\"description\":\"Danish Home Interior and Design\",\"publisher\":{\"@id\":\"https:\/\/hubsch-interior.com\/de\/#organization\"},\"potentialAction\":[{\"@type\":\"SearchAction\",\"target\":{\"@type\":\"EntryPoint\",\"urlTemplate\":\"https:\/\/hubsch-interior.com\/de\/?s={search_term_string}\"},\"query-input\":{\"@type\":\"PropertyValueSpecification\",\"valueRequired\":true,\"valueName\":\"search_term_string\"}}],\"inLanguage\":\"de\"},{\"@type\":\"Organization\",\"@id\":\"https:\/\/hubsch-interior.com\/de\/#organization\",\"name\":\"H\u00fcbsch\",\"url\":\"https:\/\/hubsch-interior.com\/de\/\",\"logo\":{\"@type\":\"ImageObject\",\"inLanguage\":\"de\",\"@id\":\"https:\/\/hubsch-interior.com\/de\/#\/schema\/logo\/image\/\",\"url\":\"https:\/\/hubsch-interior.com\/wp-content\/uploads\/2022\/12\/Hubsch_logo_black_one_line.svg\",\"contentUrl\":\"https:\/\/hubsch-interior.com\/wp-content\/uploads\/2022\/12\/Hubsch_logo_black_one_line.svg\",\"caption\":\"H\u00fcbsch\"},\"image\":{\"@id\":\"https:\/\/hubsch-interior.com\/de\/#\/schema\/logo\/image\/\"}}]}<\/script>\n<!-- \/ Yoast SEO plugin. -->","yoast_head_json":{"title":"Study Schrank Dunkelblau\/Grau - H\u00fcbsch","description":"Lernen Sie den eleganten und funktionalen Study Schrank kennen, die perfekte Erg\u00e4nzung f\u00fcr jedes B\u00fcro oder Zuhause. Dieser dunkelblaue\/graue Schrank","robots":{"index":"index","follow":"follow","max-snippet":"max-snippet:-1","max-image-preview":"max-image-preview:large","max-video-preview":"max-video-preview:-1"},"canonical":"https:\/\/hubsch-interior.com\/de\/wp-json\/wp\/v2\/product\/975225","og_locale":"de_DE","og_type":"article","og_title":"Study Schrank Dunkelblau\/Grau - H\u00fcbsch","og_description":"Lernen Sie den eleganten und funktionalen Study Schrank kennen, die perfekte Erg\u00e4nzung f\u00fcr jedes B\u00fcro oder Zuhause. Dieser dunkelblaue\/graue Schrank","og_url":"https:\/\/hubsch-interior.com\/de\/produkt\/study-schrank-dunkelblau-grau\/","og_site_name":"H\u00fcbsch","article_modified_time":"2026-04-09T02:20:01+00:00","og_image":[{"width":1200,"height":1200,"url":"https:\/\/hubsch-interior.com\/wp-content\/uploads\/2024\/01\/study-cabinet-dark-bluegrey-853a62c67340bdd1b70252fc9986d021.jpg","type":"image\/jpeg"}],"twitter_card":"summary_large_image","twitter_misc":{"Gesch\u00e4tzte Lesezeit":"1\u00a0Minute"},"schema":{"@context":"https:\/\/schema.org","@graph":[{"@type":"WebPage","@id":"https:\/\/hubsch-interior.com\/de\/produkt\/study-schrank-dunkelblau-grau\/","url":"https:\/\/hubsch-interior.com\/de\/produkt\/study-schrank-dunkelblau-grau\/","name":"Study Schrank Dunkelblau\/Grau - H\u00fcbsch","isPartOf":{"@id":"https:\/\/hubsch-interior.com\/de\/#website"},"primaryImageOfPage":{"@id":"https:\/\/hubsch-interior.com\/de\/produkt\/study-schrank-dunkelblau-grau\/#primaryimage"},"image":{"@id":"https:\/\/hubsch-interior.com\/de\/produkt\/study-schrank-dunkelblau-grau\/#primaryimage"},"thumbnailUrl":"https:\/\/hubsch-interior.com\/wp-content\/uploads\/2026\/02\/study-cabinet-dark-bluegrey-d2992f4013f40d3ee43dfec3b8527ba3.jpg","datePublished":"2024-01-29T07:27:01+00:00","dateModified":"2026-04-09T02:20:01+00:00","description":"Lernen Sie den eleganten und funktionalen Study Schrank kennen, die perfekte Erg\u00e4nzung f\u00fcr jedes B\u00fcro oder Zuhause. Dieser dunkelblaue\/graue Schrank","breadcrumb":{"@id":"https:\/\/hubsch-interior.com\/de\/produkt\/study-schrank-dunkelblau-grau\/#breadcrumb"},"inLanguage":"de","potentialAction":[{"@type":"ReadAction","target":["https:\/\/hubsch-interior.com\/de\/produkt\/study-schrank-dunkelblau-grau\/"]}]},{"@type":"ImageObject","inLanguage":"de","@id":"https:\/\/hubsch-interior.com\/de\/produkt\/study-schrank-dunkelblau-grau\/#primaryimage","url":"https:\/\/hubsch-interior.com\/wp-content\/uploads\/2026\/02\/study-cabinet-dark-bluegrey-d2992f4013f40d3ee43dfec3b8527ba3.jpg","contentUrl":"https:\/\/hubsch-interior.com\/wp-content\/uploads\/2026\/02\/study-cabinet-dark-bluegrey-d2992f4013f40d3ee43dfec3b8527ba3.jpg","width":1024,"height":1024},{"@type":"BreadcrumbList","@id":"https:\/\/hubsch-interior.com\/de\/produkt\/study-schrank-dunkelblau-grau\/#breadcrumb","itemListElement":[{"@type":"ListItem","position":1,"name":"Startseite","item":"https:\/\/hubsch-interior.com\/de\/"},{"@type":"ListItem","position":2,"name":"Produkte","item":"https:\/\/hubsch-interior.com\/de\/shop-2\/"},{"@type":"ListItem","position":3,"name":"M\u00f6bel","item":"https:\/\/hubsch-interior.com\/de\/produkt-kategorie\/moebel\/"},{"@type":"ListItem","position":4,"name":"Regale &amp; Aufbewahrung","item":"https:\/\/hubsch-interior.com\/de\/produkt-kategorie\/moebel\/regale-aufbewahrung-de\/"},{"@type":"ListItem","position":5,"name":"Kommoden &amp; Sideboards","item":"https:\/\/hubsch-interior.com\/de\/produkt-kategorie\/moebel\/regale-aufbewahrung-de\/kommoden-sideboards-de\/"},{"@type":"ListItem","position":6,"name":"Study Schrank Dunkelblau\/Grau"}]},{"@type":"WebSite","@id":"https:\/\/hubsch-interior.com\/de\/#website","url":"https:\/\/hubsch-interior.com\/de\/","name":"H\u00fcbsch","description":"Danish Home Interior and Design","publisher":{"@id":"https:\/\/hubsch-interior.com\/de\/#organization"},"potentialAction":[{"@type":"SearchAction","target":{"@type":"EntryPoint","urlTemplate":"https:\/\/hubsch-interior.com\/de\/?s={search_term_string}"},"query-input":{"@type":"PropertyValueSpecification","valueRequired":true,"valueName":"search_term_string"}}],"inLanguage":"de"},{"@type":"Organization","@id":"https:\/\/hubsch-interior.com\/de\/#organization","name":"H\u00fcbsch","url":"https:\/\/hubsch-interior.com\/de\/","logo":{"@type":"ImageObject","inLanguage":"de","@id":"https:\/\/hubsch-interior.com\/de\/#\/schema\/logo\/image\/","url":"https:\/\/hubsch-interior.com\/wp-content\/uploads\/2022\/12\/Hubsch_logo_black_one_line.svg","contentUrl":"https:\/\/hubsch-interior.com\/wp-content\/uploads\/2022\/12\/Hubsch_logo_black_one_line.svg","caption":"H\u00fcbsch"},"image":{"@id":"https:\/\/hubsch-interior.com\/de\/#\/schema\/logo\/image\/"}}]}},"_links":{"self":[{"href":"https:\/\/hubsch-interior.com\/de\/wp-json\/wp\/v2\/product\/975225","targetHints":{"allow":["GET"]}}],"collection":[{"href":"https:\/\/hubsch-interior.com\/de\/wp-json\/wp\/v2\/product"}],"about":[{"href":"https:\/\/hubsch-interior.com\/de\/wp-json\/wp\/v2\/types\/product"}],"wp:featuredmedia":[{"embeddable":true,"href":"https:\/\/hubsch-interior.com\/de\/wp-json\/wp\/v2\/media\/1093968"}],"wp:attachment":[{"href":"https:\/\/hubsch-interior.com\/de\/wp-json\/wp\/v2\/media?parent=975225"}],"wp:term":[{"taxonomy":"product_brand","embeddable":true,"href":"https:\/\/hubsch-interior.com\/de\/wp-json\/wp\/v2\/product_brand?post=975225"},{"taxonomy":"product_cat","embeddable":true,"href":"https:\/\/hubsch-interior.com\/de\/wp-json\/wp\/v2\/product_cat?post=975225"},{"taxonomy":"product_tag","embeddable":true,"href":"https:\/\/hubsch-interior.com\/de\/wp-json\/wp\/v2\/product_tag?post=975225"}],"curies":[{"name":"wp","href":"https:\/\/api.w.org\/{rel}","templated":true}]}}