{"id":975273,"date":"2024-01-29T08:27:22","date_gmt":"2024-01-29T07:27:22","guid":{"rendered":"https:\/\/hubsch-interior.com\/product\/product\/"},"modified":"2026-04-09T04:20:09","modified_gmt":"2026-04-09T02:20:09","slug":"study-konsolentisch-dunkelblau","status":"publish","type":"product","link":"https:\/\/hubsch-interior.com\/de\/produkt\/study-konsolentisch-dunkelblau\/","title":{"rendered":"Study Konsolentisch Dunkelblau"},"content":{"rendered":"<p>Entdecken Sie den Study Konsolentisch, eine perfekte Erg\u00e4nzung f\u00fcr Ihre B\u00fcro- oder Wohnkultur. Hergestellt aus FSC-zertifiziertem Eschenholz und Stahl, strahlt dieser traditionelle Konsolentisch Eleganz und Langlebigkeit aus. Verziert mit einem tiefen Dunkelblau, verleiht er jedem Raum einen Hauch von k\u00fchner Farbe. Verwenden Sie ihn als Einzelst\u00fcck oder in Kombination mit dem Rest der Study Serie f\u00fcr ein stimmiges Gesamtbild. R\u00fcsten Sie Ihren Arbeitsbereich oder Ihr B\u00fcro mit dem Study Konsolentisch auf.<\/p>\n","protected":false},"excerpt":{"rendered":"<p>Entdecken Sie den Study Konsolentisch, eine perfekte Erg\u00e4nzung f\u00fcr Ihre B\u00fcro- oder Wohnkultur. Hergestellt aus FSC-zertifiziertem Eschenholz und Stahl, strahlt dieser traditionelle Konsolentisch Eleganz und Langlebigkeit aus. Verziert mit einem tiefen Dunkelblau, verleiht er jedem Raum einen Hauch von k\u00fchner Farbe. Verwenden Sie ihn als Einzelst\u00fcck oder in Kombination mit dem Rest der Study Serie [&hellip;]<\/p>\n","protected":false},"featured_media":1094008,"template":"","meta":{"_acf_changed":false,"inline_featured_image":false},"product_brand":[],"product_cat":[6884,6323,4003,4921],"product_tag":[],"class_list":{"0":"post-975273","1":"product","2":"type-product","3":"status-publish","4":"has-post-thumbnail","6":"product_cat-elevating-nostalgia-de","7":"product_cat-fsc-de","8":"product_cat-regale-aufbewahrung-de","9":"product_cat-kommoden-sideboards-de","10":"product_shipping_class-p10","12":"pa_color-dunkelblau-2","13":"pa_material-eschefurnier","14":"pa_material-mdf-de","15":"pa_material-stahl","17":"first","18":"instock","19":"taxable","20":"shipping-taxable","21":"purchasable","22":"product-type-simple"},"exclude_global_add_ons":[],"addons":[],"acf":[],"yoast_head":"<!-- This site is optimized with the Yoast SEO plugin v26.4 - https:\/\/yoast.com\/wordpress\/plugins\/seo\/ -->\n<title>Study Konsolentisch Dunkelblau - H\u00fcbsch<\/title>\n<meta name=\"description\" content=\"Entdecken Sie den Study Konsolentisch, eine perfekte Erg\u00e4nzung f\u00fcr Ihre B\u00fcro- oder Wohnkultur. Hergestellt aus FSC-zertifiziertem Eschenholz und Stahl,\" \/>\n<meta name=\"robots\" content=\"index, follow, max-snippet:-1, max-image-preview:large, max-video-preview:-1\" \/>\n<link rel=\"canonical\" href=\"https:\/\/hubsch-interior.com\/de\/wp-json\/wp\/v2\/product\/975273\" \/>\n<meta property=\"og:locale\" content=\"de_DE\" \/>\n<meta property=\"og:type\" content=\"article\" \/>\n<meta property=\"og:title\" content=\"Study Konsolentisch Dunkelblau - H\u00fcbsch\" \/>\n<meta property=\"og:description\" content=\"Entdecken Sie den Study Konsolentisch, eine perfekte Erg\u00e4nzung f\u00fcr Ihre B\u00fcro- oder Wohnkultur. Hergestellt aus FSC-zertifiziertem Eschenholz und Stahl,\" \/>\n<meta property=\"og:url\" content=\"https:\/\/hubsch-interior.com\/de\/produkt\/study-konsolentisch-dunkelblau\/\" \/>\n<meta property=\"og:site_name\" content=\"H\u00fcbsch\" \/>\n<meta property=\"article:modified_time\" content=\"2026-04-09T02:20:09+00:00\" \/>\n<meta property=\"og:image\" content=\"https:\/\/hubsch-interior.com\/wp-content\/uploads\/2024\/01\/study-console-table-dark-blue-553df1db4c1c578d6947a6f6fb225f6b.jpg\" \/>\n\t<meta property=\"og:image:width\" content=\"1200\" \/>\n\t<meta property=\"og:image:height\" content=\"1200\" \/>\n\t<meta property=\"og:image:type\" content=\"image\/jpeg\" \/>\n<meta name=\"twitter:card\" content=\"summary_large_image\" \/>\n<script type=\"application\/ld+json\" class=\"yoast-schema-graph\">{\"@context\":\"https:\/\/schema.org\",\"@graph\":[{\"@type\":\"WebPage\",\"@id\":\"https:\/\/hubsch-interior.com\/de\/produkt\/study-konsolentisch-dunkelblau\/\",\"url\":\"https:\/\/hubsch-interior.com\/de\/produkt\/study-konsolentisch-dunkelblau\/\",\"name\":\"Study Konsolentisch Dunkelblau - H\u00fcbsch\",\"isPartOf\":{\"@id\":\"https:\/\/hubsch-interior.com\/de\/#website\"},\"primaryImageOfPage\":{\"@id\":\"https:\/\/hubsch-interior.com\/de\/produkt\/study-konsolentisch-dunkelblau\/#primaryimage\"},\"image\":{\"@id\":\"https:\/\/hubsch-interior.com\/de\/produkt\/study-konsolentisch-dunkelblau\/#primaryimage\"},\"thumbnailUrl\":\"https:\/\/hubsch-interior.com\/wp-content\/uploads\/2026\/02\/study-console-table-dark-blue-f987c30610f674c266807cdf2387dcb1.jpg\",\"datePublished\":\"2024-01-29T07:27:22+00:00\",\"dateModified\":\"2026-04-09T02:20:09+00:00\",\"description\":\"Entdecken Sie den Study Konsolentisch, eine perfekte Erg\u00e4nzung f\u00fcr Ihre B\u00fcro- oder Wohnkultur. Hergestellt aus FSC-zertifiziertem Eschenholz und Stahl,\",\"breadcrumb\":{\"@id\":\"https:\/\/hubsch-interior.com\/de\/produkt\/study-konsolentisch-dunkelblau\/#breadcrumb\"},\"inLanguage\":\"de\",\"potentialAction\":[{\"@type\":\"ReadAction\",\"target\":[\"https:\/\/hubsch-interior.com\/de\/produkt\/study-konsolentisch-dunkelblau\/\"]}]},{\"@type\":\"ImageObject\",\"inLanguage\":\"de\",\"@id\":\"https:\/\/hubsch-interior.com\/de\/produkt\/study-konsolentisch-dunkelblau\/#primaryimage\",\"url\":\"https:\/\/hubsch-interior.com\/wp-content\/uploads\/2026\/02\/study-console-table-dark-blue-f987c30610f674c266807cdf2387dcb1.jpg\",\"contentUrl\":\"https:\/\/hubsch-interior.com\/wp-content\/uploads\/2026\/02\/study-console-table-dark-blue-f987c30610f674c266807cdf2387dcb1.jpg\",\"width\":1024,\"height\":1024},{\"@type\":\"BreadcrumbList\",\"@id\":\"https:\/\/hubsch-interior.com\/de\/produkt\/study-konsolentisch-dunkelblau\/#breadcrumb\",\"itemListElement\":[{\"@type\":\"ListItem\",\"position\":1,\"name\":\"Startseite\",\"item\":\"https:\/\/hubsch-interior.com\/de\/\"},{\"@type\":\"ListItem\",\"position\":2,\"name\":\"Produkte\",\"item\":\"https:\/\/hubsch-interior.com\/de\/shop-2\/\"},{\"@type\":\"ListItem\",\"position\":3,\"name\":\"M\u00f6bel\",\"item\":\"https:\/\/hubsch-interior.com\/de\/produkt-kategorie\/moebel\/\"},{\"@type\":\"ListItem\",\"position\":4,\"name\":\"Regale &amp; Aufbewahrung\",\"item\":\"https:\/\/hubsch-interior.com\/de\/produkt-kategorie\/moebel\/regale-aufbewahrung-de\/\"},{\"@type\":\"ListItem\",\"position\":5,\"name\":\"Kommoden &amp; Sideboards\",\"item\":\"https:\/\/hubsch-interior.com\/de\/produkt-kategorie\/moebel\/regale-aufbewahrung-de\/kommoden-sideboards-de\/\"},{\"@type\":\"ListItem\",\"position\":6,\"name\":\"Study Konsolentisch Dunkelblau\"}]},{\"@type\":\"WebSite\",\"@id\":\"https:\/\/hubsch-interior.com\/de\/#website\",\"url\":\"https:\/\/hubsch-interior.com\/de\/\",\"name\":\"H\u00fcbsch\",\"description\":\"Danish Home Interior and Design\",\"publisher\":{\"@id\":\"https:\/\/hubsch-interior.com\/de\/#organization\"},\"potentialAction\":[{\"@type\":\"SearchAction\",\"target\":{\"@type\":\"EntryPoint\",\"urlTemplate\":\"https:\/\/hubsch-interior.com\/de\/?s={search_term_string}\"},\"query-input\":{\"@type\":\"PropertyValueSpecification\",\"valueRequired\":true,\"valueName\":\"search_term_string\"}}],\"inLanguage\":\"de\"},{\"@type\":\"Organization\",\"@id\":\"https:\/\/hubsch-interior.com\/de\/#organization\",\"name\":\"H\u00fcbsch\",\"url\":\"https:\/\/hubsch-interior.com\/de\/\",\"logo\":{\"@type\":\"ImageObject\",\"inLanguage\":\"de\",\"@id\":\"https:\/\/hubsch-interior.com\/de\/#\/schema\/logo\/image\/\",\"url\":\"https:\/\/hubsch-interior.com\/wp-content\/uploads\/2022\/12\/Hubsch_logo_black_one_line.svg\",\"contentUrl\":\"https:\/\/hubsch-interior.com\/wp-content\/uploads\/2022\/12\/Hubsch_logo_black_one_line.svg\",\"caption\":\"H\u00fcbsch\"},\"image\":{\"@id\":\"https:\/\/hubsch-interior.com\/de\/#\/schema\/logo\/image\/\"}}]}<\/script>\n<!-- \/ Yoast SEO plugin. -->","yoast_head_json":{"title":"Study Konsolentisch Dunkelblau - H\u00fcbsch","description":"Entdecken Sie den Study Konsolentisch, eine perfekte Erg\u00e4nzung f\u00fcr Ihre B\u00fcro- oder Wohnkultur. Hergestellt aus FSC-zertifiziertem Eschenholz und Stahl,","robots":{"index":"index","follow":"follow","max-snippet":"max-snippet:-1","max-image-preview":"max-image-preview:large","max-video-preview":"max-video-preview:-1"},"canonical":"https:\/\/hubsch-interior.com\/de\/wp-json\/wp\/v2\/product\/975273","og_locale":"de_DE","og_type":"article","og_title":"Study Konsolentisch Dunkelblau - H\u00fcbsch","og_description":"Entdecken Sie den Study Konsolentisch, eine perfekte Erg\u00e4nzung f\u00fcr Ihre B\u00fcro- oder Wohnkultur. Hergestellt aus FSC-zertifiziertem Eschenholz und Stahl,","og_url":"https:\/\/hubsch-interior.com\/de\/produkt\/study-konsolentisch-dunkelblau\/","og_site_name":"H\u00fcbsch","article_modified_time":"2026-04-09T02:20:09+00:00","og_image":[{"width":1200,"height":1200,"url":"https:\/\/hubsch-interior.com\/wp-content\/uploads\/2024\/01\/study-console-table-dark-blue-553df1db4c1c578d6947a6f6fb225f6b.jpg","type":"image\/jpeg"}],"twitter_card":"summary_large_image","schema":{"@context":"https:\/\/schema.org","@graph":[{"@type":"WebPage","@id":"https:\/\/hubsch-interior.com\/de\/produkt\/study-konsolentisch-dunkelblau\/","url":"https:\/\/hubsch-interior.com\/de\/produkt\/study-konsolentisch-dunkelblau\/","name":"Study Konsolentisch Dunkelblau - H\u00fcbsch","isPartOf":{"@id":"https:\/\/hubsch-interior.com\/de\/#website"},"primaryImageOfPage":{"@id":"https:\/\/hubsch-interior.com\/de\/produkt\/study-konsolentisch-dunkelblau\/#primaryimage"},"image":{"@id":"https:\/\/hubsch-interior.com\/de\/produkt\/study-konsolentisch-dunkelblau\/#primaryimage"},"thumbnailUrl":"https:\/\/hubsch-interior.com\/wp-content\/uploads\/2026\/02\/study-console-table-dark-blue-f987c30610f674c266807cdf2387dcb1.jpg","datePublished":"2024-01-29T07:27:22+00:00","dateModified":"2026-04-09T02:20:09+00:00","description":"Entdecken Sie den Study Konsolentisch, eine perfekte Erg\u00e4nzung f\u00fcr Ihre B\u00fcro- oder Wohnkultur. Hergestellt aus FSC-zertifiziertem Eschenholz und Stahl,","breadcrumb":{"@id":"https:\/\/hubsch-interior.com\/de\/produkt\/study-konsolentisch-dunkelblau\/#breadcrumb"},"inLanguage":"de","potentialAction":[{"@type":"ReadAction","target":["https:\/\/hubsch-interior.com\/de\/produkt\/study-konsolentisch-dunkelblau\/"]}]},{"@type":"ImageObject","inLanguage":"de","@id":"https:\/\/hubsch-interior.com\/de\/produkt\/study-konsolentisch-dunkelblau\/#primaryimage","url":"https:\/\/hubsch-interior.com\/wp-content\/uploads\/2026\/02\/study-console-table-dark-blue-f987c30610f674c266807cdf2387dcb1.jpg","contentUrl":"https:\/\/hubsch-interior.com\/wp-content\/uploads\/2026\/02\/study-console-table-dark-blue-f987c30610f674c266807cdf2387dcb1.jpg","width":1024,"height":1024},{"@type":"BreadcrumbList","@id":"https:\/\/hubsch-interior.com\/de\/produkt\/study-konsolentisch-dunkelblau\/#breadcrumb","itemListElement":[{"@type":"ListItem","position":1,"name":"Startseite","item":"https:\/\/hubsch-interior.com\/de\/"},{"@type":"ListItem","position":2,"name":"Produkte","item":"https:\/\/hubsch-interior.com\/de\/shop-2\/"},{"@type":"ListItem","position":3,"name":"M\u00f6bel","item":"https:\/\/hubsch-interior.com\/de\/produkt-kategorie\/moebel\/"},{"@type":"ListItem","position":4,"name":"Regale &amp; Aufbewahrung","item":"https:\/\/hubsch-interior.com\/de\/produkt-kategorie\/moebel\/regale-aufbewahrung-de\/"},{"@type":"ListItem","position":5,"name":"Kommoden &amp; Sideboards","item":"https:\/\/hubsch-interior.com\/de\/produkt-kategorie\/moebel\/regale-aufbewahrung-de\/kommoden-sideboards-de\/"},{"@type":"ListItem","position":6,"name":"Study Konsolentisch Dunkelblau"}]},{"@type":"WebSite","@id":"https:\/\/hubsch-interior.com\/de\/#website","url":"https:\/\/hubsch-interior.com\/de\/","name":"H\u00fcbsch","description":"Danish Home Interior and Design","publisher":{"@id":"https:\/\/hubsch-interior.com\/de\/#organization"},"potentialAction":[{"@type":"SearchAction","target":{"@type":"EntryPoint","urlTemplate":"https:\/\/hubsch-interior.com\/de\/?s={search_term_string}"},"query-input":{"@type":"PropertyValueSpecification","valueRequired":true,"valueName":"search_term_string"}}],"inLanguage":"de"},{"@type":"Organization","@id":"https:\/\/hubsch-interior.com\/de\/#organization","name":"H\u00fcbsch","url":"https:\/\/hubsch-interior.com\/de\/","logo":{"@type":"ImageObject","inLanguage":"de","@id":"https:\/\/hubsch-interior.com\/de\/#\/schema\/logo\/image\/","url":"https:\/\/hubsch-interior.com\/wp-content\/uploads\/2022\/12\/Hubsch_logo_black_one_line.svg","contentUrl":"https:\/\/hubsch-interior.com\/wp-content\/uploads\/2022\/12\/Hubsch_logo_black_one_line.svg","caption":"H\u00fcbsch"},"image":{"@id":"https:\/\/hubsch-interior.com\/de\/#\/schema\/logo\/image\/"}}]}},"_links":{"self":[{"href":"https:\/\/hubsch-interior.com\/de\/wp-json\/wp\/v2\/product\/975273","targetHints":{"allow":["GET"]}}],"collection":[{"href":"https:\/\/hubsch-interior.com\/de\/wp-json\/wp\/v2\/product"}],"about":[{"href":"https:\/\/hubsch-interior.com\/de\/wp-json\/wp\/v2\/types\/product"}],"wp:featuredmedia":[{"embeddable":true,"href":"https:\/\/hubsch-interior.com\/de\/wp-json\/wp\/v2\/media\/1094008"}],"wp:attachment":[{"href":"https:\/\/hubsch-interior.com\/de\/wp-json\/wp\/v2\/media?parent=975273"}],"wp:term":[{"taxonomy":"product_brand","embeddable":true,"href":"https:\/\/hubsch-interior.com\/de\/wp-json\/wp\/v2\/product_brand?post=975273"},{"taxonomy":"product_cat","embeddable":true,"href":"https:\/\/hubsch-interior.com\/de\/wp-json\/wp\/v2\/product_cat?post=975273"},{"taxonomy":"product_tag","embeddable":true,"href":"https:\/\/hubsch-interior.com\/de\/wp-json\/wp\/v2\/product_tag?post=975273"}],"curies":[{"name":"wp","href":"https:\/\/api.w.org\/{rel}","templated":true}]}}