{"id":975345,"date":"2024-01-29T08:28:01","date_gmt":"2024-01-29T07:28:01","guid":{"rendered":"https:\/\/hubsch-interior.com\/product\/product\/"},"modified":"2026-04-09T04:23:25","modified_gmt":"2026-04-09T02:23:25","slug":"arch-esszimmerstuhl-hellgrau","status":"publish","type":"product","link":"https:\/\/hubsch-interior.com\/de\/produkt\/arch-esszimmerstuhl-hellgrau\/","title":{"rendered":"Arch Esszimmerstuhl Hellgrau"},"content":{"rendered":"<p>Der Arch Esszimmerstuhl ist eine zeitlose und moderne Erg\u00e4nzung f\u00fcr Ihren Essbereich. Erh\u00e4ltlich in drei atemberaubenden Varianten, ist diese hellgraue Sch\u00f6nheit sicherlich eine Bereicherung f\u00fcr jeden Raum. Hergestellt aus FSC-zertifiziertem Holz und Metall, verf\u00fcgt dieser Stuhl \u00fcber ein robustes Design, das den Test der Zeit bestehen wird. Die unterst\u00fctzende R\u00fcckenlehne sorgt f\u00fcr maximalen Komfort w\u00e4hrend Sie Mahlzeiten mit Ihren Liebsten genie\u00dfen. Und f\u00fcr diejenigen mit begrenztem Platzangebot macht die stapelbare und kompakte Funktion die Aufbewahrung zum Kinderspiel. Dies ist eine Wiedereinf\u00fchrung eines fr\u00fcheren Bestsellers, der nun verbessert wurde und bereit ist, in Ihrem Zuhause ein Statement zu setzen.<\/p>\n","protected":false},"excerpt":{"rendered":"<p>Der Arch Esszimmerstuhl ist eine zeitlose und moderne Erg\u00e4nzung f\u00fcr Ihren Essbereich. Erh\u00e4ltlich in drei atemberaubenden Varianten, ist diese hellgraue Sch\u00f6nheit sicherlich eine Bereicherung f\u00fcr jeden Raum. Hergestellt aus FSC-zertifiziertem Holz und Metall, verf\u00fcgt dieser Stuhl \u00fcber ein robustes Design, das den Test der Zeit bestehen wird. Die unterst\u00fctzende R\u00fcckenlehne sorgt f\u00fcr maximalen Komfort w\u00e4hrend [&hellip;]<\/p>\n","protected":false},"featured_media":1095290,"template":"","meta":{"_acf_changed":false,"inline_featured_image":false},"product_brand":[],"product_cat":[6884,6323,2845,2846],"product_tag":[],"class_list":{"0":"post-975345","1":"product","2":"type-product","3":"status-publish","4":"has-post-thumbnail","6":"product_cat-elevating-nostalgia-de","7":"product_cat-fsc-de","8":"product_cat-sitzmoebel-de","9":"product_cat-esszimmerstuehle-de","10":"product_shipping_class-p05","12":"pa_color-hellgrau-2","13":"pa_material-eisen-de","14":"pa_material-sperrholz","16":"first","17":"instock","18":"taxable","19":"shipping-taxable","20":"purchasable","21":"product-type-simple"},"exclude_global_add_ons":[],"addons":[],"acf":[],"yoast_head":"<!-- This site is optimized with the Yoast SEO plugin v26.4 - https:\/\/yoast.com\/wordpress\/plugins\/seo\/ -->\n<title>Arch Esszimmerstuhl Hellgrau - H\u00fcbsch<\/title>\n<meta name=\"description\" content=\"Der Arch Esszimmerstuhl ist eine zeitlose und moderne Erg\u00e4nzung f\u00fcr Ihren Essbereich. Erh\u00e4ltlich in drei atemberaubenden Varianten, ist diese hellgraue\" \/>\n<meta name=\"robots\" content=\"index, follow, max-snippet:-1, max-image-preview:large, max-video-preview:-1\" \/>\n<link rel=\"canonical\" href=\"https:\/\/hubsch-interior.com\/de\/wp-json\/wp\/v2\/product\/975345\" \/>\n<meta property=\"og:locale\" content=\"de_DE\" \/>\n<meta property=\"og:type\" content=\"article\" \/>\n<meta property=\"og:title\" content=\"Arch Esszimmerstuhl Hellgrau - H\u00fcbsch\" \/>\n<meta property=\"og:description\" content=\"Der Arch Esszimmerstuhl ist eine zeitlose und moderne Erg\u00e4nzung f\u00fcr Ihren Essbereich. Erh\u00e4ltlich in drei atemberaubenden Varianten, ist diese hellgraue\" \/>\n<meta property=\"og:url\" content=\"https:\/\/hubsch-interior.com\/de\/produkt\/arch-esszimmerstuhl-hellgrau\/\" \/>\n<meta property=\"og:site_name\" content=\"H\u00fcbsch\" \/>\n<meta property=\"article:modified_time\" content=\"2026-04-09T02:23:25+00:00\" \/>\n<meta property=\"og:image\" content=\"https:\/\/hubsch-interior.com\/wp-content\/uploads\/2025\/05\/arch-dining-chair-light-grey-b1674888395c524b63a2c679f21dba79.jpg\" \/>\n\t<meta property=\"og:image:width\" content=\"1200\" \/>\n\t<meta property=\"og:image:height\" content=\"1200\" \/>\n\t<meta property=\"og:image:type\" content=\"image\/jpeg\" \/>\n<meta name=\"twitter:card\" content=\"summary_large_image\" \/>\n<meta name=\"twitter:label1\" content=\"Gesch\u00e4tzte Lesezeit\" \/>\n\t<meta name=\"twitter:data1\" content=\"1\u00a0Minute\" \/>\n<script type=\"application\/ld+json\" class=\"yoast-schema-graph\">{\"@context\":\"https:\/\/schema.org\",\"@graph\":[{\"@type\":\"WebPage\",\"@id\":\"https:\/\/hubsch-interior.com\/de\/produkt\/arch-esszimmerstuhl-hellgrau\/\",\"url\":\"https:\/\/hubsch-interior.com\/de\/produkt\/arch-esszimmerstuhl-hellgrau\/\",\"name\":\"Arch Esszimmerstuhl Hellgrau - H\u00fcbsch\",\"isPartOf\":{\"@id\":\"https:\/\/hubsch-interior.com\/de\/#website\"},\"primaryImageOfPage\":{\"@id\":\"https:\/\/hubsch-interior.com\/de\/produkt\/arch-esszimmerstuhl-hellgrau\/#primaryimage\"},\"image\":{\"@id\":\"https:\/\/hubsch-interior.com\/de\/produkt\/arch-esszimmerstuhl-hellgrau\/#primaryimage\"},\"thumbnailUrl\":\"https:\/\/hubsch-interior.com\/wp-content\/uploads\/2026\/02\/arch-dining-chair-light-grey-5db0e7fe427971077a5adbf644b551dc.jpg\",\"datePublished\":\"2024-01-29T07:28:01+00:00\",\"dateModified\":\"2026-04-09T02:23:25+00:00\",\"description\":\"Der Arch Esszimmerstuhl ist eine zeitlose und moderne Erg\u00e4nzung f\u00fcr Ihren Essbereich. Erh\u00e4ltlich in drei atemberaubenden Varianten, ist diese hellgraue\",\"breadcrumb\":{\"@id\":\"https:\/\/hubsch-interior.com\/de\/produkt\/arch-esszimmerstuhl-hellgrau\/#breadcrumb\"},\"inLanguage\":\"de\",\"potentialAction\":[{\"@type\":\"ReadAction\",\"target\":[\"https:\/\/hubsch-interior.com\/de\/produkt\/arch-esszimmerstuhl-hellgrau\/\"]}]},{\"@type\":\"ImageObject\",\"inLanguage\":\"de\",\"@id\":\"https:\/\/hubsch-interior.com\/de\/produkt\/arch-esszimmerstuhl-hellgrau\/#primaryimage\",\"url\":\"https:\/\/hubsch-interior.com\/wp-content\/uploads\/2026\/02\/arch-dining-chair-light-grey-5db0e7fe427971077a5adbf644b551dc.jpg\",\"contentUrl\":\"https:\/\/hubsch-interior.com\/wp-content\/uploads\/2026\/02\/arch-dining-chair-light-grey-5db0e7fe427971077a5adbf644b551dc.jpg\",\"width\":1024,\"height\":1024},{\"@type\":\"BreadcrumbList\",\"@id\":\"https:\/\/hubsch-interior.com\/de\/produkt\/arch-esszimmerstuhl-hellgrau\/#breadcrumb\",\"itemListElement\":[{\"@type\":\"ListItem\",\"position\":1,\"name\":\"Startseite\",\"item\":\"https:\/\/hubsch-interior.com\/de\/\"},{\"@type\":\"ListItem\",\"position\":2,\"name\":\"Produkte\",\"item\":\"https:\/\/hubsch-interior.com\/de\/shop-2\/\"},{\"@type\":\"ListItem\",\"position\":3,\"name\":\"M\u00f6bel\",\"item\":\"https:\/\/hubsch-interior.com\/de\/produkt-kategorie\/moebel\/\"},{\"@type\":\"ListItem\",\"position\":4,\"name\":\"Sitzm&ouml;bel\",\"item\":\"https:\/\/hubsch-interior.com\/de\/produkt-kategorie\/moebel\/sitzmoebel-de\/\"},{\"@type\":\"ListItem\",\"position\":5,\"name\":\"Esszimmerst&uuml;hle\",\"item\":\"https:\/\/hubsch-interior.com\/de\/produkt-kategorie\/moebel\/sitzmoebel-de\/esszimmerstuehle-de\/\"},{\"@type\":\"ListItem\",\"position\":6,\"name\":\"Arch Esszimmerstuhl Hellgrau\"}]},{\"@type\":\"WebSite\",\"@id\":\"https:\/\/hubsch-interior.com\/de\/#website\",\"url\":\"https:\/\/hubsch-interior.com\/de\/\",\"name\":\"H\u00fcbsch\",\"description\":\"Danish Home Interior and Design\",\"publisher\":{\"@id\":\"https:\/\/hubsch-interior.com\/de\/#organization\"},\"potentialAction\":[{\"@type\":\"SearchAction\",\"target\":{\"@type\":\"EntryPoint\",\"urlTemplate\":\"https:\/\/hubsch-interior.com\/de\/?s={search_term_string}\"},\"query-input\":{\"@type\":\"PropertyValueSpecification\",\"valueRequired\":true,\"valueName\":\"search_term_string\"}}],\"inLanguage\":\"de\"},{\"@type\":\"Organization\",\"@id\":\"https:\/\/hubsch-interior.com\/de\/#organization\",\"name\":\"H\u00fcbsch\",\"url\":\"https:\/\/hubsch-interior.com\/de\/\",\"logo\":{\"@type\":\"ImageObject\",\"inLanguage\":\"de\",\"@id\":\"https:\/\/hubsch-interior.com\/de\/#\/schema\/logo\/image\/\",\"url\":\"https:\/\/hubsch-interior.com\/wp-content\/uploads\/2022\/12\/Hubsch_logo_black_one_line.svg\",\"contentUrl\":\"https:\/\/hubsch-interior.com\/wp-content\/uploads\/2022\/12\/Hubsch_logo_black_one_line.svg\",\"caption\":\"H\u00fcbsch\"},\"image\":{\"@id\":\"https:\/\/hubsch-interior.com\/de\/#\/schema\/logo\/image\/\"}}]}<\/script>\n<!-- \/ Yoast SEO plugin. -->","yoast_head_json":{"title":"Arch Esszimmerstuhl Hellgrau - H\u00fcbsch","description":"Der Arch Esszimmerstuhl ist eine zeitlose und moderne Erg\u00e4nzung f\u00fcr Ihren Essbereich. Erh\u00e4ltlich in drei atemberaubenden Varianten, ist diese hellgraue","robots":{"index":"index","follow":"follow","max-snippet":"max-snippet:-1","max-image-preview":"max-image-preview:large","max-video-preview":"max-video-preview:-1"},"canonical":"https:\/\/hubsch-interior.com\/de\/wp-json\/wp\/v2\/product\/975345","og_locale":"de_DE","og_type":"article","og_title":"Arch Esszimmerstuhl Hellgrau - H\u00fcbsch","og_description":"Der Arch Esszimmerstuhl ist eine zeitlose und moderne Erg\u00e4nzung f\u00fcr Ihren Essbereich. Erh\u00e4ltlich in drei atemberaubenden Varianten, ist diese hellgraue","og_url":"https:\/\/hubsch-interior.com\/de\/produkt\/arch-esszimmerstuhl-hellgrau\/","og_site_name":"H\u00fcbsch","article_modified_time":"2026-04-09T02:23:25+00:00","og_image":[{"width":1200,"height":1200,"url":"https:\/\/hubsch-interior.com\/wp-content\/uploads\/2025\/05\/arch-dining-chair-light-grey-b1674888395c524b63a2c679f21dba79.jpg","type":"image\/jpeg"}],"twitter_card":"summary_large_image","twitter_misc":{"Gesch\u00e4tzte Lesezeit":"1\u00a0Minute"},"schema":{"@context":"https:\/\/schema.org","@graph":[{"@type":"WebPage","@id":"https:\/\/hubsch-interior.com\/de\/produkt\/arch-esszimmerstuhl-hellgrau\/","url":"https:\/\/hubsch-interior.com\/de\/produkt\/arch-esszimmerstuhl-hellgrau\/","name":"Arch Esszimmerstuhl Hellgrau - H\u00fcbsch","isPartOf":{"@id":"https:\/\/hubsch-interior.com\/de\/#website"},"primaryImageOfPage":{"@id":"https:\/\/hubsch-interior.com\/de\/produkt\/arch-esszimmerstuhl-hellgrau\/#primaryimage"},"image":{"@id":"https:\/\/hubsch-interior.com\/de\/produkt\/arch-esszimmerstuhl-hellgrau\/#primaryimage"},"thumbnailUrl":"https:\/\/hubsch-interior.com\/wp-content\/uploads\/2026\/02\/arch-dining-chair-light-grey-5db0e7fe427971077a5adbf644b551dc.jpg","datePublished":"2024-01-29T07:28:01+00:00","dateModified":"2026-04-09T02:23:25+00:00","description":"Der Arch Esszimmerstuhl ist eine zeitlose und moderne Erg\u00e4nzung f\u00fcr Ihren Essbereich. Erh\u00e4ltlich in drei atemberaubenden Varianten, ist diese hellgraue","breadcrumb":{"@id":"https:\/\/hubsch-interior.com\/de\/produkt\/arch-esszimmerstuhl-hellgrau\/#breadcrumb"},"inLanguage":"de","potentialAction":[{"@type":"ReadAction","target":["https:\/\/hubsch-interior.com\/de\/produkt\/arch-esszimmerstuhl-hellgrau\/"]}]},{"@type":"ImageObject","inLanguage":"de","@id":"https:\/\/hubsch-interior.com\/de\/produkt\/arch-esszimmerstuhl-hellgrau\/#primaryimage","url":"https:\/\/hubsch-interior.com\/wp-content\/uploads\/2026\/02\/arch-dining-chair-light-grey-5db0e7fe427971077a5adbf644b551dc.jpg","contentUrl":"https:\/\/hubsch-interior.com\/wp-content\/uploads\/2026\/02\/arch-dining-chair-light-grey-5db0e7fe427971077a5adbf644b551dc.jpg","width":1024,"height":1024},{"@type":"BreadcrumbList","@id":"https:\/\/hubsch-interior.com\/de\/produkt\/arch-esszimmerstuhl-hellgrau\/#breadcrumb","itemListElement":[{"@type":"ListItem","position":1,"name":"Startseite","item":"https:\/\/hubsch-interior.com\/de\/"},{"@type":"ListItem","position":2,"name":"Produkte","item":"https:\/\/hubsch-interior.com\/de\/shop-2\/"},{"@type":"ListItem","position":3,"name":"M\u00f6bel","item":"https:\/\/hubsch-interior.com\/de\/produkt-kategorie\/moebel\/"},{"@type":"ListItem","position":4,"name":"Sitzm&ouml;bel","item":"https:\/\/hubsch-interior.com\/de\/produkt-kategorie\/moebel\/sitzmoebel-de\/"},{"@type":"ListItem","position":5,"name":"Esszimmerst&uuml;hle","item":"https:\/\/hubsch-interior.com\/de\/produkt-kategorie\/moebel\/sitzmoebel-de\/esszimmerstuehle-de\/"},{"@type":"ListItem","position":6,"name":"Arch Esszimmerstuhl Hellgrau"}]},{"@type":"WebSite","@id":"https:\/\/hubsch-interior.com\/de\/#website","url":"https:\/\/hubsch-interior.com\/de\/","name":"H\u00fcbsch","description":"Danish Home Interior and Design","publisher":{"@id":"https:\/\/hubsch-interior.com\/de\/#organization"},"potentialAction":[{"@type":"SearchAction","target":{"@type":"EntryPoint","urlTemplate":"https:\/\/hubsch-interior.com\/de\/?s={search_term_string}"},"query-input":{"@type":"PropertyValueSpecification","valueRequired":true,"valueName":"search_term_string"}}],"inLanguage":"de"},{"@type":"Organization","@id":"https:\/\/hubsch-interior.com\/de\/#organization","name":"H\u00fcbsch","url":"https:\/\/hubsch-interior.com\/de\/","logo":{"@type":"ImageObject","inLanguage":"de","@id":"https:\/\/hubsch-interior.com\/de\/#\/schema\/logo\/image\/","url":"https:\/\/hubsch-interior.com\/wp-content\/uploads\/2022\/12\/Hubsch_logo_black_one_line.svg","contentUrl":"https:\/\/hubsch-interior.com\/wp-content\/uploads\/2022\/12\/Hubsch_logo_black_one_line.svg","caption":"H\u00fcbsch"},"image":{"@id":"https:\/\/hubsch-interior.com\/de\/#\/schema\/logo\/image\/"}}]}},"_links":{"self":[{"href":"https:\/\/hubsch-interior.com\/de\/wp-json\/wp\/v2\/product\/975345","targetHints":{"allow":["GET"]}}],"collection":[{"href":"https:\/\/hubsch-interior.com\/de\/wp-json\/wp\/v2\/product"}],"about":[{"href":"https:\/\/hubsch-interior.com\/de\/wp-json\/wp\/v2\/types\/product"}],"wp:featuredmedia":[{"embeddable":true,"href":"https:\/\/hubsch-interior.com\/de\/wp-json\/wp\/v2\/media\/1095290"}],"wp:attachment":[{"href":"https:\/\/hubsch-interior.com\/de\/wp-json\/wp\/v2\/media?parent=975345"}],"wp:term":[{"taxonomy":"product_brand","embeddable":true,"href":"https:\/\/hubsch-interior.com\/de\/wp-json\/wp\/v2\/product_brand?post=975345"},{"taxonomy":"product_cat","embeddable":true,"href":"https:\/\/hubsch-interior.com\/de\/wp-json\/wp\/v2\/product_cat?post=975345"},{"taxonomy":"product_tag","embeddable":true,"href":"https:\/\/hubsch-interior.com\/de\/wp-json\/wp\/v2\/product_tag?post=975345"}],"curies":[{"name":"wp","href":"https:\/\/api.w.org\/{rel}","templated":true}]}}