{"id":975385,"date":"2024-01-29T08:28:28","date_gmt":"2024-01-29T07:28:28","guid":{"rendered":"https:\/\/hubsch-interior.com\/product\/product\/"},"modified":"2026-04-09T04:23:31","modified_gmt":"2026-04-09T02:23:31","slug":"string-kissen-dobbelt-beige","status":"publish","type":"product","link":"https:\/\/hubsch-interior.com\/de\/produkt\/string-kissen-dobbelt-beige\/","title":{"rendered":"String Kissen Dobbelt Beige"},"content":{"rendered":"<p>Entdecken Sie das String Kissen &#8211; die perfekte Erg\u00e4nzung f\u00fcr Ihre Bank f\u00fcr ein gem\u00fctliches und komfortables Sitzerlebnis. Erh\u00e4ltlich in vier verschiedenen Varianten, zeichnet sich dieses Kissen durch eine warme beige Farbe aus, die sich nahtlos in jede Einrichtung einf\u00fcgt. Aus hochwertigem Olefin-Material gefertigt, ist dieses Kissen nicht nur weich und leicht, sondern auch widerstandsf\u00e4hig und langlebig. Sein farbechtes Design sorgt f\u00fcr lang anhaltende Farbbrillanz und macht es sowohl f\u00fcr den Innen- als auch den Au\u00dfenbereich geeignet. Warum also mit einer harten und unbequemen Bank zufrieden sein? R\u00fcsten Sie noch heute mit dem String Kissen auf und verleihen Sie Ihrem Sitzbereich einen Hauch von Luxus.<\/p>\n","protected":false},"excerpt":{"rendered":"<p>Entdecken Sie das String Kissen &#8211; die perfekte Erg\u00e4nzung f\u00fcr Ihre Bank f\u00fcr ein gem\u00fctliches und komfortables Sitzerlebnis. Erh\u00e4ltlich in vier verschiedenen Varianten, zeichnet sich dieses Kissen durch eine warme beige Farbe aus, die sich nahtlos in jede Einrichtung einf\u00fcgt. Aus hochwertigem Olefin-Material gefertigt, ist dieses Kissen nicht nur weich und leicht, sondern auch widerstandsf\u00e4hig [&hellip;]<\/p>\n","protected":false},"featured_media":1095314,"template":"","meta":{"_acf_changed":false,"inline_featured_image":false},"product_brand":[],"product_cat":[6884,6349,7095,5013,3005,3004],"product_tag":[],"class_list":{"0":"post-975385","1":"product","2":"type-product","3":"status-publish","4":"has-post-thumbnail","6":"product_cat-elevating-nostalgia-de","7":"product_cat-garden-selection-de","8":"product_cat-gartenkissen-de","9":"product_cat-gartenmoebel-de","10":"product_cat-kissen-de","11":"product_cat-textilien","12":"product_shipping_class-pk","14":"pa_color-beige-4","15":"pa_material-olefin-3","17":"first","18":"instock","19":"taxable","20":"shipping-taxable","21":"purchasable","22":"product-type-simple"},"exclude_global_add_ons":[],"addons":[],"acf":[],"yoast_head":"<!-- This site is optimized with the Yoast SEO plugin v26.4 - https:\/\/yoast.com\/wordpress\/plugins\/seo\/ -->\n<title>String Kissen Dobbelt Beige - H\u00fcbsch<\/title>\n<meta name=\"description\" content=\"Entdecken Sie das String Kissen - die perfekte Erg\u00e4nzung f\u00fcr Ihre Bank f\u00fcr ein gem\u00fctliches und komfortables Sitzerlebnis. Erh\u00e4ltlich in vier verschiedenen\" \/>\n<meta name=\"robots\" content=\"index, follow, max-snippet:-1, max-image-preview:large, max-video-preview:-1\" \/>\n<link rel=\"canonical\" href=\"https:\/\/hubsch-interior.com\/de\/wp-json\/wp\/v2\/product\/975385\" \/>\n<meta property=\"og:locale\" content=\"de_DE\" \/>\n<meta property=\"og:type\" content=\"article\" \/>\n<meta property=\"og:title\" content=\"String Kissen Dobbelt Beige - H\u00fcbsch\" \/>\n<meta property=\"og:description\" content=\"Entdecken Sie das String Kissen - die perfekte Erg\u00e4nzung f\u00fcr Ihre Bank f\u00fcr ein gem\u00fctliches und komfortables Sitzerlebnis. Erh\u00e4ltlich in vier verschiedenen\" \/>\n<meta property=\"og:url\" content=\"https:\/\/hubsch-interior.com\/de\/produkt\/string-kissen-dobbelt-beige\/\" \/>\n<meta property=\"og:site_name\" content=\"H\u00fcbsch\" \/>\n<meta property=\"article:modified_time\" content=\"2026-04-09T02:23:31+00:00\" \/>\n<meta property=\"og:image\" content=\"https:\/\/hubsch-interior.com\/wp-content\/uploads\/2024\/05\/string-cushion-double-beige-d362d371275e8aac5db9a8dc571d82a3.jpg\" \/>\n\t<meta property=\"og:image:width\" content=\"1200\" \/>\n\t<meta property=\"og:image:height\" content=\"1200\" \/>\n\t<meta property=\"og:image:type\" content=\"image\/jpeg\" \/>\n<meta name=\"twitter:card\" content=\"summary_large_image\" \/>\n<meta name=\"twitter:label1\" content=\"Gesch\u00e4tzte Lesezeit\" \/>\n\t<meta name=\"twitter:data1\" content=\"1\u00a0Minute\" \/>\n<script type=\"application\/ld+json\" class=\"yoast-schema-graph\">{\"@context\":\"https:\/\/schema.org\",\"@graph\":[{\"@type\":\"WebPage\",\"@id\":\"https:\/\/hubsch-interior.com\/de\/produkt\/string-kissen-dobbelt-beige\/\",\"url\":\"https:\/\/hubsch-interior.com\/de\/produkt\/string-kissen-dobbelt-beige\/\",\"name\":\"String Kissen Dobbelt Beige - H\u00fcbsch\",\"isPartOf\":{\"@id\":\"https:\/\/hubsch-interior.com\/de\/#website\"},\"primaryImageOfPage\":{\"@id\":\"https:\/\/hubsch-interior.com\/de\/produkt\/string-kissen-dobbelt-beige\/#primaryimage\"},\"image\":{\"@id\":\"https:\/\/hubsch-interior.com\/de\/produkt\/string-kissen-dobbelt-beige\/#primaryimage\"},\"thumbnailUrl\":\"https:\/\/hubsch-interior.com\/wp-content\/uploads\/2026\/02\/string-cushion-double-beige-53c6fcfce6e810590e655139d7fbec03.jpg\",\"datePublished\":\"2024-01-29T07:28:28+00:00\",\"dateModified\":\"2026-04-09T02:23:31+00:00\",\"description\":\"Entdecken Sie das String Kissen - die perfekte Erg\u00e4nzung f\u00fcr Ihre Bank f\u00fcr ein gem\u00fctliches und komfortables Sitzerlebnis. Erh\u00e4ltlich in vier verschiedenen\",\"breadcrumb\":{\"@id\":\"https:\/\/hubsch-interior.com\/de\/produkt\/string-kissen-dobbelt-beige\/#breadcrumb\"},\"inLanguage\":\"de\",\"potentialAction\":[{\"@type\":\"ReadAction\",\"target\":[\"https:\/\/hubsch-interior.com\/de\/produkt\/string-kissen-dobbelt-beige\/\"]}]},{\"@type\":\"ImageObject\",\"inLanguage\":\"de\",\"@id\":\"https:\/\/hubsch-interior.com\/de\/produkt\/string-kissen-dobbelt-beige\/#primaryimage\",\"url\":\"https:\/\/hubsch-interior.com\/wp-content\/uploads\/2026\/02\/string-cushion-double-beige-53c6fcfce6e810590e655139d7fbec03.jpg\",\"contentUrl\":\"https:\/\/hubsch-interior.com\/wp-content\/uploads\/2026\/02\/string-cushion-double-beige-53c6fcfce6e810590e655139d7fbec03.jpg\",\"width\":1024,\"height\":1024},{\"@type\":\"BreadcrumbList\",\"@id\":\"https:\/\/hubsch-interior.com\/de\/produkt\/string-kissen-dobbelt-beige\/#breadcrumb\",\"itemListElement\":[{\"@type\":\"ListItem\",\"position\":1,\"name\":\"Startseite\",\"item\":\"https:\/\/hubsch-interior.com\/de\/\"},{\"@type\":\"ListItem\",\"position\":2,\"name\":\"Produkte\",\"item\":\"https:\/\/hubsch-interior.com\/de\/shop-2\/\"},{\"@type\":\"ListItem\",\"position\":3,\"name\":\"M\u00f6bel\",\"item\":\"https:\/\/hubsch-interior.com\/de\/produkt-kategorie\/moebel\/\"},{\"@type\":\"ListItem\",\"position\":4,\"name\":\"Gartenm&ouml;bel\",\"item\":\"https:\/\/hubsch-interior.com\/de\/produkt-kategorie\/moebel\/gartenmoebel-de\/\"},{\"@type\":\"ListItem\",\"position\":5,\"name\":\"Gartenkissen\",\"item\":\"https:\/\/hubsch-interior.com\/de\/produkt-kategorie\/moebel\/gartenmoebel-de\/gartenkissen-de\/\"},{\"@type\":\"ListItem\",\"position\":6,\"name\":\"String Kissen Dobbelt Beige\"}]},{\"@type\":\"WebSite\",\"@id\":\"https:\/\/hubsch-interior.com\/de\/#website\",\"url\":\"https:\/\/hubsch-interior.com\/de\/\",\"name\":\"H\u00fcbsch\",\"description\":\"Danish Home Interior and Design\",\"publisher\":{\"@id\":\"https:\/\/hubsch-interior.com\/de\/#organization\"},\"potentialAction\":[{\"@type\":\"SearchAction\",\"target\":{\"@type\":\"EntryPoint\",\"urlTemplate\":\"https:\/\/hubsch-interior.com\/de\/?s={search_term_string}\"},\"query-input\":{\"@type\":\"PropertyValueSpecification\",\"valueRequired\":true,\"valueName\":\"search_term_string\"}}],\"inLanguage\":\"de\"},{\"@type\":\"Organization\",\"@id\":\"https:\/\/hubsch-interior.com\/de\/#organization\",\"name\":\"H\u00fcbsch\",\"url\":\"https:\/\/hubsch-interior.com\/de\/\",\"logo\":{\"@type\":\"ImageObject\",\"inLanguage\":\"de\",\"@id\":\"https:\/\/hubsch-interior.com\/de\/#\/schema\/logo\/image\/\",\"url\":\"https:\/\/hubsch-interior.com\/wp-content\/uploads\/2022\/12\/Hubsch_logo_black_one_line.svg\",\"contentUrl\":\"https:\/\/hubsch-interior.com\/wp-content\/uploads\/2022\/12\/Hubsch_logo_black_one_line.svg\",\"caption\":\"H\u00fcbsch\"},\"image\":{\"@id\":\"https:\/\/hubsch-interior.com\/de\/#\/schema\/logo\/image\/\"}}]}<\/script>\n<!-- \/ Yoast SEO plugin. -->","yoast_head_json":{"title":"String Kissen Dobbelt Beige - H\u00fcbsch","description":"Entdecken Sie das String Kissen - die perfekte Erg\u00e4nzung f\u00fcr Ihre Bank f\u00fcr ein gem\u00fctliches und komfortables Sitzerlebnis. Erh\u00e4ltlich in vier verschiedenen","robots":{"index":"index","follow":"follow","max-snippet":"max-snippet:-1","max-image-preview":"max-image-preview:large","max-video-preview":"max-video-preview:-1"},"canonical":"https:\/\/hubsch-interior.com\/de\/wp-json\/wp\/v2\/product\/975385","og_locale":"de_DE","og_type":"article","og_title":"String Kissen Dobbelt Beige - H\u00fcbsch","og_description":"Entdecken Sie das String Kissen - die perfekte Erg\u00e4nzung f\u00fcr Ihre Bank f\u00fcr ein gem\u00fctliches und komfortables Sitzerlebnis. Erh\u00e4ltlich in vier verschiedenen","og_url":"https:\/\/hubsch-interior.com\/de\/produkt\/string-kissen-dobbelt-beige\/","og_site_name":"H\u00fcbsch","article_modified_time":"2026-04-09T02:23:31+00:00","og_image":[{"width":1200,"height":1200,"url":"https:\/\/hubsch-interior.com\/wp-content\/uploads\/2024\/05\/string-cushion-double-beige-d362d371275e8aac5db9a8dc571d82a3.jpg","type":"image\/jpeg"}],"twitter_card":"summary_large_image","twitter_misc":{"Gesch\u00e4tzte Lesezeit":"1\u00a0Minute"},"schema":{"@context":"https:\/\/schema.org","@graph":[{"@type":"WebPage","@id":"https:\/\/hubsch-interior.com\/de\/produkt\/string-kissen-dobbelt-beige\/","url":"https:\/\/hubsch-interior.com\/de\/produkt\/string-kissen-dobbelt-beige\/","name":"String Kissen Dobbelt Beige - H\u00fcbsch","isPartOf":{"@id":"https:\/\/hubsch-interior.com\/de\/#website"},"primaryImageOfPage":{"@id":"https:\/\/hubsch-interior.com\/de\/produkt\/string-kissen-dobbelt-beige\/#primaryimage"},"image":{"@id":"https:\/\/hubsch-interior.com\/de\/produkt\/string-kissen-dobbelt-beige\/#primaryimage"},"thumbnailUrl":"https:\/\/hubsch-interior.com\/wp-content\/uploads\/2026\/02\/string-cushion-double-beige-53c6fcfce6e810590e655139d7fbec03.jpg","datePublished":"2024-01-29T07:28:28+00:00","dateModified":"2026-04-09T02:23:31+00:00","description":"Entdecken Sie das String Kissen - die perfekte Erg\u00e4nzung f\u00fcr Ihre Bank f\u00fcr ein gem\u00fctliches und komfortables Sitzerlebnis. Erh\u00e4ltlich in vier verschiedenen","breadcrumb":{"@id":"https:\/\/hubsch-interior.com\/de\/produkt\/string-kissen-dobbelt-beige\/#breadcrumb"},"inLanguage":"de","potentialAction":[{"@type":"ReadAction","target":["https:\/\/hubsch-interior.com\/de\/produkt\/string-kissen-dobbelt-beige\/"]}]},{"@type":"ImageObject","inLanguage":"de","@id":"https:\/\/hubsch-interior.com\/de\/produkt\/string-kissen-dobbelt-beige\/#primaryimage","url":"https:\/\/hubsch-interior.com\/wp-content\/uploads\/2026\/02\/string-cushion-double-beige-53c6fcfce6e810590e655139d7fbec03.jpg","contentUrl":"https:\/\/hubsch-interior.com\/wp-content\/uploads\/2026\/02\/string-cushion-double-beige-53c6fcfce6e810590e655139d7fbec03.jpg","width":1024,"height":1024},{"@type":"BreadcrumbList","@id":"https:\/\/hubsch-interior.com\/de\/produkt\/string-kissen-dobbelt-beige\/#breadcrumb","itemListElement":[{"@type":"ListItem","position":1,"name":"Startseite","item":"https:\/\/hubsch-interior.com\/de\/"},{"@type":"ListItem","position":2,"name":"Produkte","item":"https:\/\/hubsch-interior.com\/de\/shop-2\/"},{"@type":"ListItem","position":3,"name":"M\u00f6bel","item":"https:\/\/hubsch-interior.com\/de\/produkt-kategorie\/moebel\/"},{"@type":"ListItem","position":4,"name":"Gartenm&ouml;bel","item":"https:\/\/hubsch-interior.com\/de\/produkt-kategorie\/moebel\/gartenmoebel-de\/"},{"@type":"ListItem","position":5,"name":"Gartenkissen","item":"https:\/\/hubsch-interior.com\/de\/produkt-kategorie\/moebel\/gartenmoebel-de\/gartenkissen-de\/"},{"@type":"ListItem","position":6,"name":"String Kissen Dobbelt Beige"}]},{"@type":"WebSite","@id":"https:\/\/hubsch-interior.com\/de\/#website","url":"https:\/\/hubsch-interior.com\/de\/","name":"H\u00fcbsch","description":"Danish Home Interior and Design","publisher":{"@id":"https:\/\/hubsch-interior.com\/de\/#organization"},"potentialAction":[{"@type":"SearchAction","target":{"@type":"EntryPoint","urlTemplate":"https:\/\/hubsch-interior.com\/de\/?s={search_term_string}"},"query-input":{"@type":"PropertyValueSpecification","valueRequired":true,"valueName":"search_term_string"}}],"inLanguage":"de"},{"@type":"Organization","@id":"https:\/\/hubsch-interior.com\/de\/#organization","name":"H\u00fcbsch","url":"https:\/\/hubsch-interior.com\/de\/","logo":{"@type":"ImageObject","inLanguage":"de","@id":"https:\/\/hubsch-interior.com\/de\/#\/schema\/logo\/image\/","url":"https:\/\/hubsch-interior.com\/wp-content\/uploads\/2022\/12\/Hubsch_logo_black_one_line.svg","contentUrl":"https:\/\/hubsch-interior.com\/wp-content\/uploads\/2022\/12\/Hubsch_logo_black_one_line.svg","caption":"H\u00fcbsch"},"image":{"@id":"https:\/\/hubsch-interior.com\/de\/#\/schema\/logo\/image\/"}}]}},"_links":{"self":[{"href":"https:\/\/hubsch-interior.com\/de\/wp-json\/wp\/v2\/product\/975385","targetHints":{"allow":["GET"]}}],"collection":[{"href":"https:\/\/hubsch-interior.com\/de\/wp-json\/wp\/v2\/product"}],"about":[{"href":"https:\/\/hubsch-interior.com\/de\/wp-json\/wp\/v2\/types\/product"}],"wp:featuredmedia":[{"embeddable":true,"href":"https:\/\/hubsch-interior.com\/de\/wp-json\/wp\/v2\/media\/1095314"}],"wp:attachment":[{"href":"https:\/\/hubsch-interior.com\/de\/wp-json\/wp\/v2\/media?parent=975385"}],"wp:term":[{"taxonomy":"product_brand","embeddable":true,"href":"https:\/\/hubsch-interior.com\/de\/wp-json\/wp\/v2\/product_brand?post=975385"},{"taxonomy":"product_cat","embeddable":true,"href":"https:\/\/hubsch-interior.com\/de\/wp-json\/wp\/v2\/product_cat?post=975385"},{"taxonomy":"product_tag","embeddable":true,"href":"https:\/\/hubsch-interior.com\/de\/wp-json\/wp\/v2\/product_tag?post=975385"}],"curies":[{"name":"wp","href":"https:\/\/api.w.org\/{rel}","templated":true}]}}