{"id":975437,"date":"2024-01-29T08:28:53","date_gmt":"2024-01-29T07:28:53","guid":{"rendered":"https:\/\/hubsch-interior.com\/product\/product\/"},"modified":"2026-04-06T04:23:20","modified_gmt":"2026-04-06T02:23:20","slug":"string-kissen-dunkelblau","status":"publish","type":"product","link":"https:\/\/hubsch-interior.com\/de\/produkt\/string-kissen-dunkelblau\/","title":{"rendered":"String Kissen Dunkelblau"},"content":{"rendered":"<p>Das String Kissen ist die perfekte Erg\u00e4nzung f\u00fcr Ihre Sitzgelegenheiten. Hergestellt aus strapazierf\u00e4higem Olefin-Material, ist dieses Kissen langlebig und robust. In drei verschiedenen Varianten erh\u00e4ltlich, verleiht die dunkelblaue Option jedem Raum einen Hauch von Raffinesse. Dank seines farbechten Designs beh\u00e4lt es seine satte Farbe, w\u00e4hrend seine weiche und leichte Textur einen bequemen Sitz bietet, egal wo Sie sich befinden. Ob Sie eine Option f\u00fcr drinnen oder drau\u00dfen suchen, unser belastbares und haltbares String Kissen hat Sie abgedeckt. Verbessern Sie Ihr Sitzerlebnis und f\u00fcgen Sie Ihrem Sitz mit unserem String Kissen in Dunkelblau einen weichen Sitzkomfort hinzu.<\/p>\n","protected":false},"excerpt":{"rendered":"<p>Das String Kissen ist die perfekte Erg\u00e4nzung f\u00fcr Ihre Sitzgelegenheiten. Hergestellt aus strapazierf\u00e4higem Olefin-Material, ist dieses Kissen langlebig und robust. In drei verschiedenen Varianten erh\u00e4ltlich, verleiht die dunkelblaue Option jedem Raum einen Hauch von Raffinesse. Dank seines farbechten Designs beh\u00e4lt es seine satte Farbe, w\u00e4hrend seine weiche und leichte Textur einen bequemen Sitz bietet, egal [&hellip;]<\/p>\n","protected":false},"featured_media":1095367,"template":"","meta":{"_acf_changed":false,"inline_featured_image":false},"product_brand":[],"product_cat":[6884,7095,6349,5013,3004,3005],"product_tag":[],"class_list":{"0":"post-975437","1":"product","2":"type-product","3":"status-publish","4":"has-post-thumbnail","6":"product_cat-elevating-nostalgia-de","7":"product_cat-gartenkissen-de","8":"product_cat-garden-selection-de","9":"product_cat-gartenmoebel-de","10":"product_cat-textilien","11":"product_cat-kissen-de","12":"product_shipping_class-pk","14":"pa_color-dunkelblau-2","15":"pa_material-olefin-3","17":"first","18":"instock","19":"taxable","20":"shipping-taxable","21":"purchasable","22":"product-type-simple"},"exclude_global_add_ons":[],"addons":[],"acf":[],"yoast_head":"<!-- This site is optimized with the Yoast SEO plugin v26.4 - https:\/\/yoast.com\/wordpress\/plugins\/seo\/ -->\n<title>String Kissen Dunkelblau - H\u00fcbsch<\/title>\n<meta name=\"description\" content=\"Das String Kissen ist die perfekte Erg\u00e4nzung f\u00fcr Ihre Sitzgelegenheiten. Hergestellt aus strapazierf\u00e4higem Olefin-Material, ist dieses Kissen langlebig\" \/>\n<meta name=\"robots\" content=\"index, follow, max-snippet:-1, max-image-preview:large, max-video-preview:-1\" \/>\n<link rel=\"canonical\" href=\"https:\/\/hubsch-interior.com\/de\/wp-json\/wp\/v2\/product\/975437\" \/>\n<meta property=\"og:locale\" content=\"de_DE\" \/>\n<meta property=\"og:type\" content=\"article\" \/>\n<meta property=\"og:title\" content=\"String Kissen Dunkelblau - H\u00fcbsch\" \/>\n<meta property=\"og:description\" content=\"Das String Kissen ist die perfekte Erg\u00e4nzung f\u00fcr Ihre Sitzgelegenheiten. Hergestellt aus strapazierf\u00e4higem Olefin-Material, ist dieses Kissen langlebig\" \/>\n<meta property=\"og:url\" content=\"https:\/\/hubsch-interior.com\/de\/produkt\/string-kissen-dunkelblau\/\" \/>\n<meta property=\"og:site_name\" content=\"H\u00fcbsch\" \/>\n<meta property=\"article:modified_time\" content=\"2026-04-06T02:23:20+00:00\" \/>\n<meta property=\"og:image\" content=\"https:\/\/hubsch-interior.com\/wp-content\/uploads\/2024\/05\/string-cushion-dark-blue-b1058793dda3a77d2697fda059f4bd0b.jpg\" \/>\n\t<meta property=\"og:image:width\" content=\"1200\" \/>\n\t<meta property=\"og:image:height\" content=\"1200\" \/>\n\t<meta property=\"og:image:type\" content=\"image\/jpeg\" \/>\n<meta name=\"twitter:card\" content=\"summary_large_image\" \/>\n<meta name=\"twitter:label1\" content=\"Gesch\u00e4tzte Lesezeit\" \/>\n\t<meta name=\"twitter:data1\" content=\"1\u00a0Minute\" \/>\n<script type=\"application\/ld+json\" class=\"yoast-schema-graph\">{\"@context\":\"https:\/\/schema.org\",\"@graph\":[{\"@type\":\"WebPage\",\"@id\":\"https:\/\/hubsch-interior.com\/de\/produkt\/string-kissen-dunkelblau\/\",\"url\":\"https:\/\/hubsch-interior.com\/de\/produkt\/string-kissen-dunkelblau\/\",\"name\":\"String Kissen Dunkelblau - H\u00fcbsch\",\"isPartOf\":{\"@id\":\"https:\/\/hubsch-interior.com\/de\/#website\"},\"primaryImageOfPage\":{\"@id\":\"https:\/\/hubsch-interior.com\/de\/produkt\/string-kissen-dunkelblau\/#primaryimage\"},\"image\":{\"@id\":\"https:\/\/hubsch-interior.com\/de\/produkt\/string-kissen-dunkelblau\/#primaryimage\"},\"thumbnailUrl\":\"https:\/\/hubsch-interior.com\/wp-content\/uploads\/2026\/02\/string-cushion-dark-blue-9a8c9de2aab1f99b3fbeaa9b0fee5f39.jpg\",\"datePublished\":\"2024-01-29T07:28:53+00:00\",\"dateModified\":\"2026-04-06T02:23:20+00:00\",\"description\":\"Das String Kissen ist die perfekte Erg\u00e4nzung f\u00fcr Ihre Sitzgelegenheiten. Hergestellt aus strapazierf\u00e4higem Olefin-Material, ist dieses Kissen langlebig\",\"breadcrumb\":{\"@id\":\"https:\/\/hubsch-interior.com\/de\/produkt\/string-kissen-dunkelblau\/#breadcrumb\"},\"inLanguage\":\"de\",\"potentialAction\":[{\"@type\":\"ReadAction\",\"target\":[\"https:\/\/hubsch-interior.com\/de\/produkt\/string-kissen-dunkelblau\/\"]}]},{\"@type\":\"ImageObject\",\"inLanguage\":\"de\",\"@id\":\"https:\/\/hubsch-interior.com\/de\/produkt\/string-kissen-dunkelblau\/#primaryimage\",\"url\":\"https:\/\/hubsch-interior.com\/wp-content\/uploads\/2026\/02\/string-cushion-dark-blue-9a8c9de2aab1f99b3fbeaa9b0fee5f39.jpg\",\"contentUrl\":\"https:\/\/hubsch-interior.com\/wp-content\/uploads\/2026\/02\/string-cushion-dark-blue-9a8c9de2aab1f99b3fbeaa9b0fee5f39.jpg\",\"width\":1024,\"height\":1024},{\"@type\":\"BreadcrumbList\",\"@id\":\"https:\/\/hubsch-interior.com\/de\/produkt\/string-kissen-dunkelblau\/#breadcrumb\",\"itemListElement\":[{\"@type\":\"ListItem\",\"position\":1,\"name\":\"Startseite\",\"item\":\"https:\/\/hubsch-interior.com\/de\/\"},{\"@type\":\"ListItem\",\"position\":2,\"name\":\"Produkte\",\"item\":\"https:\/\/hubsch-interior.com\/de\/shop-2\/\"},{\"@type\":\"ListItem\",\"position\":3,\"name\":\"M\u00f6bel\",\"item\":\"https:\/\/hubsch-interior.com\/de\/produkt-kategorie\/moebel\/\"},{\"@type\":\"ListItem\",\"position\":4,\"name\":\"Gartenm&ouml;bel\",\"item\":\"https:\/\/hubsch-interior.com\/de\/produkt-kategorie\/moebel\/gartenmoebel-de\/\"},{\"@type\":\"ListItem\",\"position\":5,\"name\":\"Gartenkissen\",\"item\":\"https:\/\/hubsch-interior.com\/de\/produkt-kategorie\/moebel\/gartenmoebel-de\/gartenkissen-de\/\"},{\"@type\":\"ListItem\",\"position\":6,\"name\":\"String Kissen Dunkelblau\"}]},{\"@type\":\"WebSite\",\"@id\":\"https:\/\/hubsch-interior.com\/de\/#website\",\"url\":\"https:\/\/hubsch-interior.com\/de\/\",\"name\":\"H\u00fcbsch\",\"description\":\"Danish Home Interior and Design\",\"publisher\":{\"@id\":\"https:\/\/hubsch-interior.com\/de\/#organization\"},\"potentialAction\":[{\"@type\":\"SearchAction\",\"target\":{\"@type\":\"EntryPoint\",\"urlTemplate\":\"https:\/\/hubsch-interior.com\/de\/?s={search_term_string}\"},\"query-input\":{\"@type\":\"PropertyValueSpecification\",\"valueRequired\":true,\"valueName\":\"search_term_string\"}}],\"inLanguage\":\"de\"},{\"@type\":\"Organization\",\"@id\":\"https:\/\/hubsch-interior.com\/de\/#organization\",\"name\":\"H\u00fcbsch\",\"url\":\"https:\/\/hubsch-interior.com\/de\/\",\"logo\":{\"@type\":\"ImageObject\",\"inLanguage\":\"de\",\"@id\":\"https:\/\/hubsch-interior.com\/de\/#\/schema\/logo\/image\/\",\"url\":\"https:\/\/hubsch-interior.com\/wp-content\/uploads\/2022\/12\/Hubsch_logo_black_one_line.svg\",\"contentUrl\":\"https:\/\/hubsch-interior.com\/wp-content\/uploads\/2022\/12\/Hubsch_logo_black_one_line.svg\",\"caption\":\"H\u00fcbsch\"},\"image\":{\"@id\":\"https:\/\/hubsch-interior.com\/de\/#\/schema\/logo\/image\/\"}}]}<\/script>\n<!-- \/ Yoast SEO plugin. -->","yoast_head_json":{"title":"String Kissen Dunkelblau - H\u00fcbsch","description":"Das String Kissen ist die perfekte Erg\u00e4nzung f\u00fcr Ihre Sitzgelegenheiten. Hergestellt aus strapazierf\u00e4higem Olefin-Material, ist dieses Kissen langlebig","robots":{"index":"index","follow":"follow","max-snippet":"max-snippet:-1","max-image-preview":"max-image-preview:large","max-video-preview":"max-video-preview:-1"},"canonical":"https:\/\/hubsch-interior.com\/de\/wp-json\/wp\/v2\/product\/975437","og_locale":"de_DE","og_type":"article","og_title":"String Kissen Dunkelblau - H\u00fcbsch","og_description":"Das String Kissen ist die perfekte Erg\u00e4nzung f\u00fcr Ihre Sitzgelegenheiten. Hergestellt aus strapazierf\u00e4higem Olefin-Material, ist dieses Kissen langlebig","og_url":"https:\/\/hubsch-interior.com\/de\/produkt\/string-kissen-dunkelblau\/","og_site_name":"H\u00fcbsch","article_modified_time":"2026-04-06T02:23:20+00:00","og_image":[{"width":1200,"height":1200,"url":"https:\/\/hubsch-interior.com\/wp-content\/uploads\/2024\/05\/string-cushion-dark-blue-b1058793dda3a77d2697fda059f4bd0b.jpg","type":"image\/jpeg"}],"twitter_card":"summary_large_image","twitter_misc":{"Gesch\u00e4tzte Lesezeit":"1\u00a0Minute"},"schema":{"@context":"https:\/\/schema.org","@graph":[{"@type":"WebPage","@id":"https:\/\/hubsch-interior.com\/de\/produkt\/string-kissen-dunkelblau\/","url":"https:\/\/hubsch-interior.com\/de\/produkt\/string-kissen-dunkelblau\/","name":"String Kissen Dunkelblau - H\u00fcbsch","isPartOf":{"@id":"https:\/\/hubsch-interior.com\/de\/#website"},"primaryImageOfPage":{"@id":"https:\/\/hubsch-interior.com\/de\/produkt\/string-kissen-dunkelblau\/#primaryimage"},"image":{"@id":"https:\/\/hubsch-interior.com\/de\/produkt\/string-kissen-dunkelblau\/#primaryimage"},"thumbnailUrl":"https:\/\/hubsch-interior.com\/wp-content\/uploads\/2026\/02\/string-cushion-dark-blue-9a8c9de2aab1f99b3fbeaa9b0fee5f39.jpg","datePublished":"2024-01-29T07:28:53+00:00","dateModified":"2026-04-06T02:23:20+00:00","description":"Das String Kissen ist die perfekte Erg\u00e4nzung f\u00fcr Ihre Sitzgelegenheiten. Hergestellt aus strapazierf\u00e4higem Olefin-Material, ist dieses Kissen langlebig","breadcrumb":{"@id":"https:\/\/hubsch-interior.com\/de\/produkt\/string-kissen-dunkelblau\/#breadcrumb"},"inLanguage":"de","potentialAction":[{"@type":"ReadAction","target":["https:\/\/hubsch-interior.com\/de\/produkt\/string-kissen-dunkelblau\/"]}]},{"@type":"ImageObject","inLanguage":"de","@id":"https:\/\/hubsch-interior.com\/de\/produkt\/string-kissen-dunkelblau\/#primaryimage","url":"https:\/\/hubsch-interior.com\/wp-content\/uploads\/2026\/02\/string-cushion-dark-blue-9a8c9de2aab1f99b3fbeaa9b0fee5f39.jpg","contentUrl":"https:\/\/hubsch-interior.com\/wp-content\/uploads\/2026\/02\/string-cushion-dark-blue-9a8c9de2aab1f99b3fbeaa9b0fee5f39.jpg","width":1024,"height":1024},{"@type":"BreadcrumbList","@id":"https:\/\/hubsch-interior.com\/de\/produkt\/string-kissen-dunkelblau\/#breadcrumb","itemListElement":[{"@type":"ListItem","position":1,"name":"Startseite","item":"https:\/\/hubsch-interior.com\/de\/"},{"@type":"ListItem","position":2,"name":"Produkte","item":"https:\/\/hubsch-interior.com\/de\/shop-2\/"},{"@type":"ListItem","position":3,"name":"M\u00f6bel","item":"https:\/\/hubsch-interior.com\/de\/produkt-kategorie\/moebel\/"},{"@type":"ListItem","position":4,"name":"Gartenm&ouml;bel","item":"https:\/\/hubsch-interior.com\/de\/produkt-kategorie\/moebel\/gartenmoebel-de\/"},{"@type":"ListItem","position":5,"name":"Gartenkissen","item":"https:\/\/hubsch-interior.com\/de\/produkt-kategorie\/moebel\/gartenmoebel-de\/gartenkissen-de\/"},{"@type":"ListItem","position":6,"name":"String Kissen Dunkelblau"}]},{"@type":"WebSite","@id":"https:\/\/hubsch-interior.com\/de\/#website","url":"https:\/\/hubsch-interior.com\/de\/","name":"H\u00fcbsch","description":"Danish Home Interior and Design","publisher":{"@id":"https:\/\/hubsch-interior.com\/de\/#organization"},"potentialAction":[{"@type":"SearchAction","target":{"@type":"EntryPoint","urlTemplate":"https:\/\/hubsch-interior.com\/de\/?s={search_term_string}"},"query-input":{"@type":"PropertyValueSpecification","valueRequired":true,"valueName":"search_term_string"}}],"inLanguage":"de"},{"@type":"Organization","@id":"https:\/\/hubsch-interior.com\/de\/#organization","name":"H\u00fcbsch","url":"https:\/\/hubsch-interior.com\/de\/","logo":{"@type":"ImageObject","inLanguage":"de","@id":"https:\/\/hubsch-interior.com\/de\/#\/schema\/logo\/image\/","url":"https:\/\/hubsch-interior.com\/wp-content\/uploads\/2022\/12\/Hubsch_logo_black_one_line.svg","contentUrl":"https:\/\/hubsch-interior.com\/wp-content\/uploads\/2022\/12\/Hubsch_logo_black_one_line.svg","caption":"H\u00fcbsch"},"image":{"@id":"https:\/\/hubsch-interior.com\/de\/#\/schema\/logo\/image\/"}}]}},"_links":{"self":[{"href":"https:\/\/hubsch-interior.com\/de\/wp-json\/wp\/v2\/product\/975437","targetHints":{"allow":["GET"]}}],"collection":[{"href":"https:\/\/hubsch-interior.com\/de\/wp-json\/wp\/v2\/product"}],"about":[{"href":"https:\/\/hubsch-interior.com\/de\/wp-json\/wp\/v2\/types\/product"}],"wp:featuredmedia":[{"embeddable":true,"href":"https:\/\/hubsch-interior.com\/de\/wp-json\/wp\/v2\/media\/1095367"}],"wp:attachment":[{"href":"https:\/\/hubsch-interior.com\/de\/wp-json\/wp\/v2\/media?parent=975437"}],"wp:term":[{"taxonomy":"product_brand","embeddable":true,"href":"https:\/\/hubsch-interior.com\/de\/wp-json\/wp\/v2\/product_brand?post=975437"},{"taxonomy":"product_cat","embeddable":true,"href":"https:\/\/hubsch-interior.com\/de\/wp-json\/wp\/v2\/product_cat?post=975437"},{"taxonomy":"product_tag","embeddable":true,"href":"https:\/\/hubsch-interior.com\/de\/wp-json\/wp\/v2\/product_tag?post=975437"}],"curies":[{"name":"wp","href":"https:\/\/api.w.org\/{rel}","templated":true}]}}