{"id":975453,"date":"2024-01-29T08:28:55","date_gmt":"2024-01-29T07:28:55","guid":{"rendered":"https:\/\/hubsch-interior.com\/product\/product\/"},"modified":"2026-04-09T04:23:52","modified_gmt":"2026-04-09T02:23:52","slug":"string-kissen-dobbelt-mint","status":"publish","type":"product","link":"https:\/\/hubsch-interior.com\/de\/produkt\/string-kissen-dobbelt-mint\/","title":{"rendered":"String Kissen Dobbelt Mint"},"content":{"rendered":"<p>G\u00f6nnen Sie sich ultimativen Komfort mit unserem String Kissen in der erfrischenden Minzfarbe. Hergestellt aus strapazierf\u00e4higem Olefin-Material, ist dieses Kissen perfekt geeignet, um Ihrer Bank eine weiche Sitzm\u00f6glichkeit hinzuzuf\u00fcgen. Dank seines leichten Designs ist es einfach zu bewegen, w\u00e4hrend seine Widerstandsf\u00e4higkeit eine langfristige Nutzung gew\u00e4hrleistet. Mit farbstabilen Eigenschaften k\u00f6nnen Sie dieses Kissen sowohl drinnen als auch drau\u00dfen genie\u00dfen und es somit zu einem perfekten Accessoire f\u00fcr jeden Raum machen. In 3 verschiedenen Varianten erh\u00e4ltlich, verbessern Sie Ihr Entspannungsspiel mit unserem vielseitigen und Outdoor-freundlichen String Kissen.<\/p>\n","protected":false},"excerpt":{"rendered":"<p>G\u00f6nnen Sie sich ultimativen Komfort mit unserem String Kissen in der erfrischenden Minzfarbe. Hergestellt aus strapazierf\u00e4higem Olefin-Material, ist dieses Kissen perfekt geeignet, um Ihrer Bank eine weiche Sitzm\u00f6glichkeit hinzuzuf\u00fcgen. Dank seines leichten Designs ist es einfach zu bewegen, w\u00e4hrend seine Widerstandsf\u00e4higkeit eine langfristige Nutzung gew\u00e4hrleistet. Mit farbstabilen Eigenschaften k\u00f6nnen Sie dieses Kissen sowohl drinnen als [&hellip;]<\/p>\n","protected":false},"featured_media":1095384,"template":"","meta":{"_acf_changed":false,"inline_featured_image":false},"product_brand":[],"product_cat":[6884,6349,7095,5013,3005,3004],"product_tag":[],"class_list":{"0":"post-975453","1":"product","2":"type-product","3":"status-publish","4":"has-post-thumbnail","6":"product_cat-elevating-nostalgia-de","7":"product_cat-garden-selection-de","8":"product_cat-gartenkissen-de","9":"product_cat-gartenmoebel-de","10":"product_cat-kissen-de","11":"product_cat-textilien","12":"product_shipping_class-pk","14":"pa_color-mint-3","15":"pa_material-olefin-3","17":"first","18":"instock","19":"taxable","20":"shipping-taxable","21":"purchasable","22":"product-type-simple"},"exclude_global_add_ons":[],"addons":[],"acf":[],"yoast_head":"<!-- This site is optimized with the Yoast SEO plugin v26.4 - https:\/\/yoast.com\/wordpress\/plugins\/seo\/ -->\n<title>String Kissen Dobbelt Mint - H\u00fcbsch<\/title>\n<meta name=\"description\" content=\"G\u00f6nnen Sie sich ultimativen Komfort mit unserem String Kissen in der erfrischenden Minzfarbe. Hergestellt aus strapazierf\u00e4higem Olefin-Material, ist\" \/>\n<meta name=\"robots\" content=\"index, follow, max-snippet:-1, max-image-preview:large, max-video-preview:-1\" \/>\n<link rel=\"canonical\" href=\"https:\/\/hubsch-interior.com\/de\/wp-json\/wp\/v2\/product\/975453\" \/>\n<meta property=\"og:locale\" content=\"de_DE\" \/>\n<meta property=\"og:type\" content=\"article\" \/>\n<meta property=\"og:title\" content=\"String Kissen Dobbelt Mint - H\u00fcbsch\" \/>\n<meta property=\"og:description\" content=\"G\u00f6nnen Sie sich ultimativen Komfort mit unserem String Kissen in der erfrischenden Minzfarbe. Hergestellt aus strapazierf\u00e4higem Olefin-Material, ist\" \/>\n<meta property=\"og:url\" content=\"https:\/\/hubsch-interior.com\/de\/produkt\/string-kissen-dobbelt-mint\/\" \/>\n<meta property=\"og:site_name\" content=\"H\u00fcbsch\" \/>\n<meta property=\"article:modified_time\" content=\"2026-04-09T02:23:52+00:00\" \/>\n<meta property=\"og:image\" content=\"https:\/\/hubsch-interior.com\/wp-content\/uploads\/2024\/01\/string-cushion-double-mint-89200097db38a9e0df675b95a699cbbb.jpg\" \/>\n\t<meta property=\"og:image:width\" content=\"1200\" \/>\n\t<meta property=\"og:image:height\" content=\"1200\" \/>\n\t<meta property=\"og:image:type\" content=\"image\/jpeg\" \/>\n<meta name=\"twitter:card\" content=\"summary_large_image\" \/>\n<script type=\"application\/ld+json\" class=\"yoast-schema-graph\">{\"@context\":\"https:\/\/schema.org\",\"@graph\":[{\"@type\":\"WebPage\",\"@id\":\"https:\/\/hubsch-interior.com\/de\/produkt\/string-kissen-dobbelt-mint\/\",\"url\":\"https:\/\/hubsch-interior.com\/de\/produkt\/string-kissen-dobbelt-mint\/\",\"name\":\"String Kissen Dobbelt Mint - H\u00fcbsch\",\"isPartOf\":{\"@id\":\"https:\/\/hubsch-interior.com\/de\/#website\"},\"primaryImageOfPage\":{\"@id\":\"https:\/\/hubsch-interior.com\/de\/produkt\/string-kissen-dobbelt-mint\/#primaryimage\"},\"image\":{\"@id\":\"https:\/\/hubsch-interior.com\/de\/produkt\/string-kissen-dobbelt-mint\/#primaryimage\"},\"thumbnailUrl\":\"https:\/\/hubsch-interior.com\/wp-content\/uploads\/2026\/02\/string-cushion-double-mint-190df1431713a3916d8e33de29c550bd.jpg\",\"datePublished\":\"2024-01-29T07:28:55+00:00\",\"dateModified\":\"2026-04-09T02:23:52+00:00\",\"description\":\"G\u00f6nnen Sie sich ultimativen Komfort mit unserem String Kissen in der erfrischenden Minzfarbe. Hergestellt aus strapazierf\u00e4higem Olefin-Material, ist\",\"breadcrumb\":{\"@id\":\"https:\/\/hubsch-interior.com\/de\/produkt\/string-kissen-dobbelt-mint\/#breadcrumb\"},\"inLanguage\":\"de\",\"potentialAction\":[{\"@type\":\"ReadAction\",\"target\":[\"https:\/\/hubsch-interior.com\/de\/produkt\/string-kissen-dobbelt-mint\/\"]}]},{\"@type\":\"ImageObject\",\"inLanguage\":\"de\",\"@id\":\"https:\/\/hubsch-interior.com\/de\/produkt\/string-kissen-dobbelt-mint\/#primaryimage\",\"url\":\"https:\/\/hubsch-interior.com\/wp-content\/uploads\/2026\/02\/string-cushion-double-mint-190df1431713a3916d8e33de29c550bd.jpg\",\"contentUrl\":\"https:\/\/hubsch-interior.com\/wp-content\/uploads\/2026\/02\/string-cushion-double-mint-190df1431713a3916d8e33de29c550bd.jpg\",\"width\":1024,\"height\":1024},{\"@type\":\"BreadcrumbList\",\"@id\":\"https:\/\/hubsch-interior.com\/de\/produkt\/string-kissen-dobbelt-mint\/#breadcrumb\",\"itemListElement\":[{\"@type\":\"ListItem\",\"position\":1,\"name\":\"Startseite\",\"item\":\"https:\/\/hubsch-interior.com\/de\/\"},{\"@type\":\"ListItem\",\"position\":2,\"name\":\"Produkte\",\"item\":\"https:\/\/hubsch-interior.com\/de\/shop-2\/\"},{\"@type\":\"ListItem\",\"position\":3,\"name\":\"M\u00f6bel\",\"item\":\"https:\/\/hubsch-interior.com\/de\/produkt-kategorie\/moebel\/\"},{\"@type\":\"ListItem\",\"position\":4,\"name\":\"Gartenm&ouml;bel\",\"item\":\"https:\/\/hubsch-interior.com\/de\/produkt-kategorie\/moebel\/gartenmoebel-de\/\"},{\"@type\":\"ListItem\",\"position\":5,\"name\":\"Gartenkissen\",\"item\":\"https:\/\/hubsch-interior.com\/de\/produkt-kategorie\/moebel\/gartenmoebel-de\/gartenkissen-de\/\"},{\"@type\":\"ListItem\",\"position\":6,\"name\":\"String Kissen Dobbelt Mint\"}]},{\"@type\":\"WebSite\",\"@id\":\"https:\/\/hubsch-interior.com\/de\/#website\",\"url\":\"https:\/\/hubsch-interior.com\/de\/\",\"name\":\"H\u00fcbsch\",\"description\":\"Danish Home Interior and Design\",\"publisher\":{\"@id\":\"https:\/\/hubsch-interior.com\/de\/#organization\"},\"potentialAction\":[{\"@type\":\"SearchAction\",\"target\":{\"@type\":\"EntryPoint\",\"urlTemplate\":\"https:\/\/hubsch-interior.com\/de\/?s={search_term_string}\"},\"query-input\":{\"@type\":\"PropertyValueSpecification\",\"valueRequired\":true,\"valueName\":\"search_term_string\"}}],\"inLanguage\":\"de\"},{\"@type\":\"Organization\",\"@id\":\"https:\/\/hubsch-interior.com\/de\/#organization\",\"name\":\"H\u00fcbsch\",\"url\":\"https:\/\/hubsch-interior.com\/de\/\",\"logo\":{\"@type\":\"ImageObject\",\"inLanguage\":\"de\",\"@id\":\"https:\/\/hubsch-interior.com\/de\/#\/schema\/logo\/image\/\",\"url\":\"https:\/\/hubsch-interior.com\/wp-content\/uploads\/2022\/12\/Hubsch_logo_black_one_line.svg\",\"contentUrl\":\"https:\/\/hubsch-interior.com\/wp-content\/uploads\/2022\/12\/Hubsch_logo_black_one_line.svg\",\"caption\":\"H\u00fcbsch\"},\"image\":{\"@id\":\"https:\/\/hubsch-interior.com\/de\/#\/schema\/logo\/image\/\"}}]}<\/script>\n<!-- \/ Yoast SEO plugin. -->","yoast_head_json":{"title":"String Kissen Dobbelt Mint - H\u00fcbsch","description":"G\u00f6nnen Sie sich ultimativen Komfort mit unserem String Kissen in der erfrischenden Minzfarbe. Hergestellt aus strapazierf\u00e4higem Olefin-Material, ist","robots":{"index":"index","follow":"follow","max-snippet":"max-snippet:-1","max-image-preview":"max-image-preview:large","max-video-preview":"max-video-preview:-1"},"canonical":"https:\/\/hubsch-interior.com\/de\/wp-json\/wp\/v2\/product\/975453","og_locale":"de_DE","og_type":"article","og_title":"String Kissen Dobbelt Mint - H\u00fcbsch","og_description":"G\u00f6nnen Sie sich ultimativen Komfort mit unserem String Kissen in der erfrischenden Minzfarbe. Hergestellt aus strapazierf\u00e4higem Olefin-Material, ist","og_url":"https:\/\/hubsch-interior.com\/de\/produkt\/string-kissen-dobbelt-mint\/","og_site_name":"H\u00fcbsch","article_modified_time":"2026-04-09T02:23:52+00:00","og_image":[{"width":1200,"height":1200,"url":"https:\/\/hubsch-interior.com\/wp-content\/uploads\/2024\/01\/string-cushion-double-mint-89200097db38a9e0df675b95a699cbbb.jpg","type":"image\/jpeg"}],"twitter_card":"summary_large_image","schema":{"@context":"https:\/\/schema.org","@graph":[{"@type":"WebPage","@id":"https:\/\/hubsch-interior.com\/de\/produkt\/string-kissen-dobbelt-mint\/","url":"https:\/\/hubsch-interior.com\/de\/produkt\/string-kissen-dobbelt-mint\/","name":"String Kissen Dobbelt Mint - H\u00fcbsch","isPartOf":{"@id":"https:\/\/hubsch-interior.com\/de\/#website"},"primaryImageOfPage":{"@id":"https:\/\/hubsch-interior.com\/de\/produkt\/string-kissen-dobbelt-mint\/#primaryimage"},"image":{"@id":"https:\/\/hubsch-interior.com\/de\/produkt\/string-kissen-dobbelt-mint\/#primaryimage"},"thumbnailUrl":"https:\/\/hubsch-interior.com\/wp-content\/uploads\/2026\/02\/string-cushion-double-mint-190df1431713a3916d8e33de29c550bd.jpg","datePublished":"2024-01-29T07:28:55+00:00","dateModified":"2026-04-09T02:23:52+00:00","description":"G\u00f6nnen Sie sich ultimativen Komfort mit unserem String Kissen in der erfrischenden Minzfarbe. Hergestellt aus strapazierf\u00e4higem Olefin-Material, ist","breadcrumb":{"@id":"https:\/\/hubsch-interior.com\/de\/produkt\/string-kissen-dobbelt-mint\/#breadcrumb"},"inLanguage":"de","potentialAction":[{"@type":"ReadAction","target":["https:\/\/hubsch-interior.com\/de\/produkt\/string-kissen-dobbelt-mint\/"]}]},{"@type":"ImageObject","inLanguage":"de","@id":"https:\/\/hubsch-interior.com\/de\/produkt\/string-kissen-dobbelt-mint\/#primaryimage","url":"https:\/\/hubsch-interior.com\/wp-content\/uploads\/2026\/02\/string-cushion-double-mint-190df1431713a3916d8e33de29c550bd.jpg","contentUrl":"https:\/\/hubsch-interior.com\/wp-content\/uploads\/2026\/02\/string-cushion-double-mint-190df1431713a3916d8e33de29c550bd.jpg","width":1024,"height":1024},{"@type":"BreadcrumbList","@id":"https:\/\/hubsch-interior.com\/de\/produkt\/string-kissen-dobbelt-mint\/#breadcrumb","itemListElement":[{"@type":"ListItem","position":1,"name":"Startseite","item":"https:\/\/hubsch-interior.com\/de\/"},{"@type":"ListItem","position":2,"name":"Produkte","item":"https:\/\/hubsch-interior.com\/de\/shop-2\/"},{"@type":"ListItem","position":3,"name":"M\u00f6bel","item":"https:\/\/hubsch-interior.com\/de\/produkt-kategorie\/moebel\/"},{"@type":"ListItem","position":4,"name":"Gartenm&ouml;bel","item":"https:\/\/hubsch-interior.com\/de\/produkt-kategorie\/moebel\/gartenmoebel-de\/"},{"@type":"ListItem","position":5,"name":"Gartenkissen","item":"https:\/\/hubsch-interior.com\/de\/produkt-kategorie\/moebel\/gartenmoebel-de\/gartenkissen-de\/"},{"@type":"ListItem","position":6,"name":"String Kissen Dobbelt Mint"}]},{"@type":"WebSite","@id":"https:\/\/hubsch-interior.com\/de\/#website","url":"https:\/\/hubsch-interior.com\/de\/","name":"H\u00fcbsch","description":"Danish Home Interior and Design","publisher":{"@id":"https:\/\/hubsch-interior.com\/de\/#organization"},"potentialAction":[{"@type":"SearchAction","target":{"@type":"EntryPoint","urlTemplate":"https:\/\/hubsch-interior.com\/de\/?s={search_term_string}"},"query-input":{"@type":"PropertyValueSpecification","valueRequired":true,"valueName":"search_term_string"}}],"inLanguage":"de"},{"@type":"Organization","@id":"https:\/\/hubsch-interior.com\/de\/#organization","name":"H\u00fcbsch","url":"https:\/\/hubsch-interior.com\/de\/","logo":{"@type":"ImageObject","inLanguage":"de","@id":"https:\/\/hubsch-interior.com\/de\/#\/schema\/logo\/image\/","url":"https:\/\/hubsch-interior.com\/wp-content\/uploads\/2022\/12\/Hubsch_logo_black_one_line.svg","contentUrl":"https:\/\/hubsch-interior.com\/wp-content\/uploads\/2022\/12\/Hubsch_logo_black_one_line.svg","caption":"H\u00fcbsch"},"image":{"@id":"https:\/\/hubsch-interior.com\/de\/#\/schema\/logo\/image\/"}}]}},"_links":{"self":[{"href":"https:\/\/hubsch-interior.com\/de\/wp-json\/wp\/v2\/product\/975453","targetHints":{"allow":["GET"]}}],"collection":[{"href":"https:\/\/hubsch-interior.com\/de\/wp-json\/wp\/v2\/product"}],"about":[{"href":"https:\/\/hubsch-interior.com\/de\/wp-json\/wp\/v2\/types\/product"}],"wp:featuredmedia":[{"embeddable":true,"href":"https:\/\/hubsch-interior.com\/de\/wp-json\/wp\/v2\/media\/1095384"}],"wp:attachment":[{"href":"https:\/\/hubsch-interior.com\/de\/wp-json\/wp\/v2\/media?parent=975453"}],"wp:term":[{"taxonomy":"product_brand","embeddable":true,"href":"https:\/\/hubsch-interior.com\/de\/wp-json\/wp\/v2\/product_brand?post=975453"},{"taxonomy":"product_cat","embeddable":true,"href":"https:\/\/hubsch-interior.com\/de\/wp-json\/wp\/v2\/product_cat?post=975453"},{"taxonomy":"product_tag","embeddable":true,"href":"https:\/\/hubsch-interior.com\/de\/wp-json\/wp\/v2\/product_tag?post=975453"}],"curies":[{"name":"wp","href":"https:\/\/api.w.org\/{rel}","templated":true}]}}