{"id":975469,"date":"2024-01-29T08:29:01","date_gmt":"2024-01-29T07:29:01","guid":{"rendered":"https:\/\/hubsch-interior.com\/product\/product\/"},"modified":"2026-04-09T04:23:57","modified_gmt":"2026-04-09T02:23:57","slug":"string-kissen-mint","status":"publish","type":"product","link":"https:\/\/hubsch-interior.com\/de\/produkt\/string-kissen-mint\/","title":{"rendered":"String Kissen Mint"},"content":{"rendered":"<p>Wir pr\u00e4sentieren die perfekte Erg\u00e4nzung f\u00fcr Ihre Sitzgelegenheiten &#8211; das String Kissen in einem erfrischenden Minzton! Hergestellt aus hochwertigem Olefin-Material, ist dieses Kissen nicht nur weich und leicht, sondern auch belastbar und langlebig. Die farbechten Eigenschaften sorgen f\u00fcr lang anhaltende Lebendigkeit und machen es zu einer gro\u00dfartigen Wahl f\u00fcr jede Innen- oder Au\u00dfenanordnung. Mit 3 verschiedenen Varianten zur Auswahl k\u00f6nnen Sie das Kissen perfekt auf Ihren Stuhl abstimmen. Verw\u00f6hnen Sie sich mit dem Outdoor-freundlichen String Kissen und erh\u00f6hen Sie Ihren Komfort.<\/p>\n","protected":false},"excerpt":{"rendered":"<p>Wir pr\u00e4sentieren die perfekte Erg\u00e4nzung f\u00fcr Ihre Sitzgelegenheiten &#8211; das String Kissen in einem erfrischenden Minzton! Hergestellt aus hochwertigem Olefin-Material, ist dieses Kissen nicht nur weich und leicht, sondern auch belastbar und langlebig. Die farbechten Eigenschaften sorgen f\u00fcr lang anhaltende Lebendigkeit und machen es zu einer gro\u00dfartigen Wahl f\u00fcr jede Innen- oder Au\u00dfenanordnung. Mit 3 [&hellip;]<\/p>\n","protected":false},"featured_media":1095396,"template":"","meta":{"_acf_changed":false,"inline_featured_image":false},"product_brand":[],"product_cat":[6884,7095,6349,5013,3004,3005,5027],"product_tag":[],"class_list":{"0":"post-975469","1":"product","2":"type-product","3":"status-publish","4":"has-post-thumbnail","6":"product_cat-elevating-nostalgia-de","7":"product_cat-gartenkissen-de","8":"product_cat-garden-selection-de","9":"product_cat-gartenmoebel-de","10":"product_cat-textilien","11":"product_cat-kissen-de","12":"product_cat-bestsellers-de","13":"product_shipping_class-pk","15":"pa_color-mint-3","16":"pa_material-olefin-3","18":"first","19":"instock","20":"featured","21":"taxable","22":"shipping-taxable","23":"purchasable","24":"product-type-simple"},"exclude_global_add_ons":[],"addons":[],"acf":[],"yoast_head":"<!-- This site is optimized with the Yoast SEO plugin v26.4 - https:\/\/yoast.com\/wordpress\/plugins\/seo\/ -->\n<title>String Kissen Mint - H\u00fcbsch<\/title>\n<meta name=\"description\" content=\"Wir pr\u00e4sentieren die perfekte Erg\u00e4nzung f\u00fcr Ihre Sitzgelegenheiten - das String Kissen in einem erfrischenden Minzton! Hergestellt aus hochwertigem\" \/>\n<meta name=\"robots\" content=\"index, follow, max-snippet:-1, max-image-preview:large, max-video-preview:-1\" \/>\n<link rel=\"canonical\" href=\"https:\/\/hubsch-interior.com\/de\/wp-json\/wp\/v2\/product\/975469\" \/>\n<meta property=\"og:locale\" content=\"de_DE\" \/>\n<meta property=\"og:type\" content=\"article\" \/>\n<meta property=\"og:title\" content=\"String Kissen Mint - H\u00fcbsch\" \/>\n<meta property=\"og:description\" content=\"Wir pr\u00e4sentieren die perfekte Erg\u00e4nzung f\u00fcr Ihre Sitzgelegenheiten - das String Kissen in einem erfrischenden Minzton! Hergestellt aus hochwertigem\" \/>\n<meta property=\"og:url\" content=\"https:\/\/hubsch-interior.com\/de\/produkt\/string-kissen-mint\/\" \/>\n<meta property=\"og:site_name\" content=\"H\u00fcbsch\" \/>\n<meta property=\"article:modified_time\" content=\"2026-04-09T02:23:57+00:00\" \/>\n<meta property=\"og:image\" content=\"https:\/\/hubsch-interior.com\/wp-content\/uploads\/2024\/05\/string-cushion-mint-4e9067858f923120fcc823579d61c8f9.jpg\" \/>\n\t<meta property=\"og:image:width\" content=\"1200\" \/>\n\t<meta property=\"og:image:height\" content=\"1200\" \/>\n\t<meta property=\"og:image:type\" content=\"image\/jpeg\" \/>\n<meta name=\"twitter:card\" content=\"summary_large_image\" \/>\n<script type=\"application\/ld+json\" class=\"yoast-schema-graph\">{\"@context\":\"https:\/\/schema.org\",\"@graph\":[{\"@type\":\"WebPage\",\"@id\":\"https:\/\/hubsch-interior.com\/de\/produkt\/string-kissen-mint\/\",\"url\":\"https:\/\/hubsch-interior.com\/de\/produkt\/string-kissen-mint\/\",\"name\":\"String Kissen Mint - H\u00fcbsch\",\"isPartOf\":{\"@id\":\"https:\/\/hubsch-interior.com\/de\/#website\"},\"primaryImageOfPage\":{\"@id\":\"https:\/\/hubsch-interior.com\/de\/produkt\/string-kissen-mint\/#primaryimage\"},\"image\":{\"@id\":\"https:\/\/hubsch-interior.com\/de\/produkt\/string-kissen-mint\/#primaryimage\"},\"thumbnailUrl\":\"https:\/\/hubsch-interior.com\/wp-content\/uploads\/2026\/02\/string-cushion-mint-f8dda209c4bcfea5c2b04ee34b4b7bba.jpg\",\"datePublished\":\"2024-01-29T07:29:01+00:00\",\"dateModified\":\"2026-04-09T02:23:57+00:00\",\"description\":\"Wir pr\u00e4sentieren die perfekte Erg\u00e4nzung f\u00fcr Ihre Sitzgelegenheiten - das String Kissen in einem erfrischenden Minzton! Hergestellt aus hochwertigem\",\"breadcrumb\":{\"@id\":\"https:\/\/hubsch-interior.com\/de\/produkt\/string-kissen-mint\/#breadcrumb\"},\"inLanguage\":\"de\",\"potentialAction\":[{\"@type\":\"ReadAction\",\"target\":[\"https:\/\/hubsch-interior.com\/de\/produkt\/string-kissen-mint\/\"]}]},{\"@type\":\"ImageObject\",\"inLanguage\":\"de\",\"@id\":\"https:\/\/hubsch-interior.com\/de\/produkt\/string-kissen-mint\/#primaryimage\",\"url\":\"https:\/\/hubsch-interior.com\/wp-content\/uploads\/2026\/02\/string-cushion-mint-f8dda209c4bcfea5c2b04ee34b4b7bba.jpg\",\"contentUrl\":\"https:\/\/hubsch-interior.com\/wp-content\/uploads\/2026\/02\/string-cushion-mint-f8dda209c4bcfea5c2b04ee34b4b7bba.jpg\",\"width\":1024,\"height\":1024},{\"@type\":\"BreadcrumbList\",\"@id\":\"https:\/\/hubsch-interior.com\/de\/produkt\/string-kissen-mint\/#breadcrumb\",\"itemListElement\":[{\"@type\":\"ListItem\",\"position\":1,\"name\":\"Startseite\",\"item\":\"https:\/\/hubsch-interior.com\/de\/\"},{\"@type\":\"ListItem\",\"position\":2,\"name\":\"Produkte\",\"item\":\"https:\/\/hubsch-interior.com\/de\/shop-2\/\"},{\"@type\":\"ListItem\",\"position\":3,\"name\":\"M\u00f6bel\",\"item\":\"https:\/\/hubsch-interior.com\/de\/produkt-kategorie\/moebel\/\"},{\"@type\":\"ListItem\",\"position\":4,\"name\":\"Gartenm&ouml;bel\",\"item\":\"https:\/\/hubsch-interior.com\/de\/produkt-kategorie\/moebel\/gartenmoebel-de\/\"},{\"@type\":\"ListItem\",\"position\":5,\"name\":\"Gartenkissen\",\"item\":\"https:\/\/hubsch-interior.com\/de\/produkt-kategorie\/moebel\/gartenmoebel-de\/gartenkissen-de\/\"},{\"@type\":\"ListItem\",\"position\":6,\"name\":\"String Kissen Mint\"}]},{\"@type\":\"WebSite\",\"@id\":\"https:\/\/hubsch-interior.com\/de\/#website\",\"url\":\"https:\/\/hubsch-interior.com\/de\/\",\"name\":\"H\u00fcbsch\",\"description\":\"Danish Home Interior and Design\",\"publisher\":{\"@id\":\"https:\/\/hubsch-interior.com\/de\/#organization\"},\"potentialAction\":[{\"@type\":\"SearchAction\",\"target\":{\"@type\":\"EntryPoint\",\"urlTemplate\":\"https:\/\/hubsch-interior.com\/de\/?s={search_term_string}\"},\"query-input\":{\"@type\":\"PropertyValueSpecification\",\"valueRequired\":true,\"valueName\":\"search_term_string\"}}],\"inLanguage\":\"de\"},{\"@type\":\"Organization\",\"@id\":\"https:\/\/hubsch-interior.com\/de\/#organization\",\"name\":\"H\u00fcbsch\",\"url\":\"https:\/\/hubsch-interior.com\/de\/\",\"logo\":{\"@type\":\"ImageObject\",\"inLanguage\":\"de\",\"@id\":\"https:\/\/hubsch-interior.com\/de\/#\/schema\/logo\/image\/\",\"url\":\"https:\/\/hubsch-interior.com\/wp-content\/uploads\/2022\/12\/Hubsch_logo_black_one_line.svg\",\"contentUrl\":\"https:\/\/hubsch-interior.com\/wp-content\/uploads\/2022\/12\/Hubsch_logo_black_one_line.svg\",\"caption\":\"H\u00fcbsch\"},\"image\":{\"@id\":\"https:\/\/hubsch-interior.com\/de\/#\/schema\/logo\/image\/\"}}]}<\/script>\n<!-- \/ Yoast SEO plugin. -->","yoast_head_json":{"title":"String Kissen Mint - H\u00fcbsch","description":"Wir pr\u00e4sentieren die perfekte Erg\u00e4nzung f\u00fcr Ihre Sitzgelegenheiten - das String Kissen in einem erfrischenden Minzton! Hergestellt aus hochwertigem","robots":{"index":"index","follow":"follow","max-snippet":"max-snippet:-1","max-image-preview":"max-image-preview:large","max-video-preview":"max-video-preview:-1"},"canonical":"https:\/\/hubsch-interior.com\/de\/wp-json\/wp\/v2\/product\/975469","og_locale":"de_DE","og_type":"article","og_title":"String Kissen Mint - H\u00fcbsch","og_description":"Wir pr\u00e4sentieren die perfekte Erg\u00e4nzung f\u00fcr Ihre Sitzgelegenheiten - das String Kissen in einem erfrischenden Minzton! Hergestellt aus hochwertigem","og_url":"https:\/\/hubsch-interior.com\/de\/produkt\/string-kissen-mint\/","og_site_name":"H\u00fcbsch","article_modified_time":"2026-04-09T02:23:57+00:00","og_image":[{"width":1200,"height":1200,"url":"https:\/\/hubsch-interior.com\/wp-content\/uploads\/2024\/05\/string-cushion-mint-4e9067858f923120fcc823579d61c8f9.jpg","type":"image\/jpeg"}],"twitter_card":"summary_large_image","schema":{"@context":"https:\/\/schema.org","@graph":[{"@type":"WebPage","@id":"https:\/\/hubsch-interior.com\/de\/produkt\/string-kissen-mint\/","url":"https:\/\/hubsch-interior.com\/de\/produkt\/string-kissen-mint\/","name":"String Kissen Mint - H\u00fcbsch","isPartOf":{"@id":"https:\/\/hubsch-interior.com\/de\/#website"},"primaryImageOfPage":{"@id":"https:\/\/hubsch-interior.com\/de\/produkt\/string-kissen-mint\/#primaryimage"},"image":{"@id":"https:\/\/hubsch-interior.com\/de\/produkt\/string-kissen-mint\/#primaryimage"},"thumbnailUrl":"https:\/\/hubsch-interior.com\/wp-content\/uploads\/2026\/02\/string-cushion-mint-f8dda209c4bcfea5c2b04ee34b4b7bba.jpg","datePublished":"2024-01-29T07:29:01+00:00","dateModified":"2026-04-09T02:23:57+00:00","description":"Wir pr\u00e4sentieren die perfekte Erg\u00e4nzung f\u00fcr Ihre Sitzgelegenheiten - das String Kissen in einem erfrischenden Minzton! Hergestellt aus hochwertigem","breadcrumb":{"@id":"https:\/\/hubsch-interior.com\/de\/produkt\/string-kissen-mint\/#breadcrumb"},"inLanguage":"de","potentialAction":[{"@type":"ReadAction","target":["https:\/\/hubsch-interior.com\/de\/produkt\/string-kissen-mint\/"]}]},{"@type":"ImageObject","inLanguage":"de","@id":"https:\/\/hubsch-interior.com\/de\/produkt\/string-kissen-mint\/#primaryimage","url":"https:\/\/hubsch-interior.com\/wp-content\/uploads\/2026\/02\/string-cushion-mint-f8dda209c4bcfea5c2b04ee34b4b7bba.jpg","contentUrl":"https:\/\/hubsch-interior.com\/wp-content\/uploads\/2026\/02\/string-cushion-mint-f8dda209c4bcfea5c2b04ee34b4b7bba.jpg","width":1024,"height":1024},{"@type":"BreadcrumbList","@id":"https:\/\/hubsch-interior.com\/de\/produkt\/string-kissen-mint\/#breadcrumb","itemListElement":[{"@type":"ListItem","position":1,"name":"Startseite","item":"https:\/\/hubsch-interior.com\/de\/"},{"@type":"ListItem","position":2,"name":"Produkte","item":"https:\/\/hubsch-interior.com\/de\/shop-2\/"},{"@type":"ListItem","position":3,"name":"M\u00f6bel","item":"https:\/\/hubsch-interior.com\/de\/produkt-kategorie\/moebel\/"},{"@type":"ListItem","position":4,"name":"Gartenm&ouml;bel","item":"https:\/\/hubsch-interior.com\/de\/produkt-kategorie\/moebel\/gartenmoebel-de\/"},{"@type":"ListItem","position":5,"name":"Gartenkissen","item":"https:\/\/hubsch-interior.com\/de\/produkt-kategorie\/moebel\/gartenmoebel-de\/gartenkissen-de\/"},{"@type":"ListItem","position":6,"name":"String Kissen Mint"}]},{"@type":"WebSite","@id":"https:\/\/hubsch-interior.com\/de\/#website","url":"https:\/\/hubsch-interior.com\/de\/","name":"H\u00fcbsch","description":"Danish Home Interior and Design","publisher":{"@id":"https:\/\/hubsch-interior.com\/de\/#organization"},"potentialAction":[{"@type":"SearchAction","target":{"@type":"EntryPoint","urlTemplate":"https:\/\/hubsch-interior.com\/de\/?s={search_term_string}"},"query-input":{"@type":"PropertyValueSpecification","valueRequired":true,"valueName":"search_term_string"}}],"inLanguage":"de"},{"@type":"Organization","@id":"https:\/\/hubsch-interior.com\/de\/#organization","name":"H\u00fcbsch","url":"https:\/\/hubsch-interior.com\/de\/","logo":{"@type":"ImageObject","inLanguage":"de","@id":"https:\/\/hubsch-interior.com\/de\/#\/schema\/logo\/image\/","url":"https:\/\/hubsch-interior.com\/wp-content\/uploads\/2022\/12\/Hubsch_logo_black_one_line.svg","contentUrl":"https:\/\/hubsch-interior.com\/wp-content\/uploads\/2022\/12\/Hubsch_logo_black_one_line.svg","caption":"H\u00fcbsch"},"image":{"@id":"https:\/\/hubsch-interior.com\/de\/#\/schema\/logo\/image\/"}}]}},"_links":{"self":[{"href":"https:\/\/hubsch-interior.com\/de\/wp-json\/wp\/v2\/product\/975469","targetHints":{"allow":["GET"]}}],"collection":[{"href":"https:\/\/hubsch-interior.com\/de\/wp-json\/wp\/v2\/product"}],"about":[{"href":"https:\/\/hubsch-interior.com\/de\/wp-json\/wp\/v2\/types\/product"}],"wp:featuredmedia":[{"embeddable":true,"href":"https:\/\/hubsch-interior.com\/de\/wp-json\/wp\/v2\/media\/1095396"}],"wp:attachment":[{"href":"https:\/\/hubsch-interior.com\/de\/wp-json\/wp\/v2\/media?parent=975469"}],"wp:term":[{"taxonomy":"product_brand","embeddable":true,"href":"https:\/\/hubsch-interior.com\/de\/wp-json\/wp\/v2\/product_brand?post=975469"},{"taxonomy":"product_cat","embeddable":true,"href":"https:\/\/hubsch-interior.com\/de\/wp-json\/wp\/v2\/product_cat?post=975469"},{"taxonomy":"product_tag","embeddable":true,"href":"https:\/\/hubsch-interior.com\/de\/wp-json\/wp\/v2\/product_tag?post=975469"}],"curies":[{"name":"wp","href":"https:\/\/api.w.org\/{rel}","templated":true}]}}