{"id":975573,"date":"2024-01-29T08:29:49","date_gmt":"2024-01-29T07:29:49","guid":{"rendered":"https:\/\/hubsch-interior.com\/product\/product\/"},"modified":"2026-04-29T04:27:39","modified_gmt":"2026-04-29T02:27:39","slug":"amare-schalen-multifarben-3er-set","status":"publish","type":"product","link":"https:\/\/hubsch-interior.com\/de\/produkt\/amare-schalen-multifarben-3er-set\/","title":{"rendered":"Amare Schalen \u00a0Multifarben (3er Set)"},"content":{"rendered":"<p>Wir pr\u00e4sentieren das neueste Mitglied unserer Amare Serie, die Amare Schalen in lebendigen Multifarben! Hergestellt aus hochwertigem Steinpulver, sind diese Schalen nicht nur robust, sondern auch optisch ansprechend. Perfekt, um Ihrem Esstisch oder Ihrer K\u00fcchentheke einen Hauch von Eleganz zu verleihen. Verwenden Sie die kleinste der Amare Servierschalen, um Snacks f\u00fcr Ihre G\u00e4ste anzubieten oder f\u00fcllen Sie sie mit Gew\u00fcrzen und anderen K\u00fcchenzutaten. Geben Sie Ihren G\u00e4sten das volle Amare-Erlebnis mit diesen wundersch\u00f6n gestalteten Schalen. Verbessern Sie Ihr Esserlebnis mit den Amare Schalen.<\/p>\n","protected":false},"excerpt":{"rendered":"<p>Wir pr\u00e4sentieren das neueste Mitglied unserer Amare Serie, die Amare Schalen in lebendigen Multifarben! Hergestellt aus hochwertigem Steinpulver, sind diese Schalen nicht nur robust, sondern auch optisch ansprechend. Perfekt, um Ihrem Esstisch oder Ihrer K\u00fcchentheke einen Hauch von Eleganz zu verleihen. Verwenden Sie die kleinste der Amare Servierschalen, um Snacks f\u00fcr Ihre G\u00e4ste anzubieten oder [&hellip;]<\/p>\n","protected":false},"featured_media":1096412,"template":"","meta":{"_acf_changed":false,"inline_featured_image":false},"product_brand":[],"product_cat":[6884,6972,7044,7029,6674,4055,4096,5027],"product_tag":[],"class_list":{"0":"post-975573","1":"product","2":"type-product","3":"status-publish","4":"has-post-thumbnail","6":"product_cat-elevating-nostalgia-de","7":"product_cat-oster-sale","8":"product_cat-servierschalen-de","9":"product_cat-tischgeschirr-de-2","10":"product_cat-amare-tafelgeschirr-de","11":"product_cat-kuechenzubehoer-de","12":"product_cat-tischgeschirr-de","13":"product_cat-bestsellers-de","14":"product_shipping_class-pk","16":"pa_color-multifarben-2","17":"pa_material-stone-powder-100-4","19":"first","20":"instock","21":"featured","22":"taxable","23":"shipping-taxable","24":"purchasable","25":"product-type-simple"},"exclude_global_add_ons":[],"addons":[],"acf":[],"yoast_head":"<!-- This site is optimized with the Yoast SEO plugin v26.4 - https:\/\/yoast.com\/wordpress\/plugins\/seo\/ -->\n<title>Amare Schalen \u00a0Multifarben (3er Set) - H\u00fcbsch<\/title>\n<meta name=\"description\" content=\"Wir pr\u00e4sentieren das neueste Mitglied unserer Amare Serie, die Amare Schalen in lebendigen Multifarben! Hergestellt aus hochwertigem Steinpulver, sind\" \/>\n<meta name=\"robots\" content=\"index, follow, max-snippet:-1, max-image-preview:large, max-video-preview:-1\" \/>\n<link rel=\"canonical\" href=\"https:\/\/hubsch-interior.com\/de\/wp-json\/wp\/v2\/product\/975573\" \/>\n<meta property=\"og:locale\" content=\"de_DE\" \/>\n<meta property=\"og:type\" content=\"article\" \/>\n<meta property=\"og:title\" content=\"Amare Schalen \u00a0Multifarben (3er Set) - H\u00fcbsch\" \/>\n<meta property=\"og:description\" content=\"Wir pr\u00e4sentieren das neueste Mitglied unserer Amare Serie, die Amare Schalen in lebendigen Multifarben! Hergestellt aus hochwertigem Steinpulver, sind\" \/>\n<meta property=\"og:url\" content=\"https:\/\/hubsch-interior.com\/de\/produkt\/amare-schalen-multifarben-3er-set\/\" \/>\n<meta property=\"og:site_name\" content=\"H\u00fcbsch\" \/>\n<meta property=\"article:modified_time\" content=\"2026-04-29T02:27:39+00:00\" \/>\n<meta property=\"og:image\" content=\"https:\/\/hubsch-interior.com\/wp-content\/uploads\/2024\/11\/amare-bowls-multicolour-set-of-3-84aaf89c54e38c5c24abeaff9b7e4287.jpg\" \/>\n\t<meta property=\"og:image:width\" content=\"1200\" \/>\n\t<meta property=\"og:image:height\" content=\"1200\" \/>\n\t<meta property=\"og:image:type\" content=\"image\/jpeg\" \/>\n<meta name=\"twitter:card\" content=\"summary_large_image\" \/>\n<script type=\"application\/ld+json\" class=\"yoast-schema-graph\">{\"@context\":\"https:\/\/schema.org\",\"@graph\":[{\"@type\":\"WebPage\",\"@id\":\"https:\/\/hubsch-interior.com\/de\/produkt\/amare-schalen-multifarben-3er-set\/\",\"url\":\"https:\/\/hubsch-interior.com\/de\/produkt\/amare-schalen-multifarben-3er-set\/\",\"name\":\"Amare Schalen \u00a0Multifarben (3er Set) - H\u00fcbsch\",\"isPartOf\":{\"@id\":\"https:\/\/hubsch-interior.com\/de\/#website\"},\"primaryImageOfPage\":{\"@id\":\"https:\/\/hubsch-interior.com\/de\/produkt\/amare-schalen-multifarben-3er-set\/#primaryimage\"},\"image\":{\"@id\":\"https:\/\/hubsch-interior.com\/de\/produkt\/amare-schalen-multifarben-3er-set\/#primaryimage\"},\"thumbnailUrl\":\"https:\/\/hubsch-interior.com\/wp-content\/uploads\/2026\/02\/amare-bowls-multicolour-set-of-3-9e832d4f9ef81f84cac99c7b69d8d039.jpg\",\"datePublished\":\"2024-01-29T07:29:49+00:00\",\"dateModified\":\"2026-04-29T02:27:39+00:00\",\"description\":\"Wir pr\u00e4sentieren das neueste Mitglied unserer Amare Serie, die Amare Schalen in lebendigen Multifarben! Hergestellt aus hochwertigem Steinpulver, sind\",\"breadcrumb\":{\"@id\":\"https:\/\/hubsch-interior.com\/de\/produkt\/amare-schalen-multifarben-3er-set\/#breadcrumb\"},\"inLanguage\":\"de\",\"potentialAction\":[{\"@type\":\"ReadAction\",\"target\":[\"https:\/\/hubsch-interior.com\/de\/produkt\/amare-schalen-multifarben-3er-set\/\"]}]},{\"@type\":\"ImageObject\",\"inLanguage\":\"de\",\"@id\":\"https:\/\/hubsch-interior.com\/de\/produkt\/amare-schalen-multifarben-3er-set\/#primaryimage\",\"url\":\"https:\/\/hubsch-interior.com\/wp-content\/uploads\/2026\/02\/amare-bowls-multicolour-set-of-3-9e832d4f9ef81f84cac99c7b69d8d039.jpg\",\"contentUrl\":\"https:\/\/hubsch-interior.com\/wp-content\/uploads\/2026\/02\/amare-bowls-multicolour-set-of-3-9e832d4f9ef81f84cac99c7b69d8d039.jpg\",\"width\":1024,\"height\":1024},{\"@type\":\"BreadcrumbList\",\"@id\":\"https:\/\/hubsch-interior.com\/de\/produkt\/amare-schalen-multifarben-3er-set\/#breadcrumb\",\"itemListElement\":[{\"@type\":\"ListItem\",\"position\":1,\"name\":\"Startseite\",\"item\":\"https:\/\/hubsch-interior.com\/de\/\"},{\"@type\":\"ListItem\",\"position\":2,\"name\":\"Produkte\",\"item\":\"https:\/\/hubsch-interior.com\/de\/shop-2\/\"},{\"@type\":\"ListItem\",\"position\":3,\"name\":\"K\u00fcche\",\"item\":\"https:\/\/hubsch-interior.com\/de\/produkt-kategorie\/kuche\/\"},{\"@type\":\"ListItem\",\"position\":4,\"name\":\"Tischgeschirr\",\"item\":\"https:\/\/hubsch-interior.com\/de\/produkt-kategorie\/kuche\/tischgeschirr-de-2\/\"},{\"@type\":\"ListItem\",\"position\":5,\"name\":\"Servierschalen\",\"item\":\"https:\/\/hubsch-interior.com\/de\/produkt-kategorie\/kuche\/tischgeschirr-de-2\/servierschalen-de\/\"},{\"@type\":\"ListItem\",\"position\":6,\"name\":\"Amare Schalen \u00a0Multifarben (3er Set)\"}]},{\"@type\":\"WebSite\",\"@id\":\"https:\/\/hubsch-interior.com\/de\/#website\",\"url\":\"https:\/\/hubsch-interior.com\/de\/\",\"name\":\"H\u00fcbsch\",\"description\":\"Danish Home Interior and Design\",\"publisher\":{\"@id\":\"https:\/\/hubsch-interior.com\/de\/#organization\"},\"potentialAction\":[{\"@type\":\"SearchAction\",\"target\":{\"@type\":\"EntryPoint\",\"urlTemplate\":\"https:\/\/hubsch-interior.com\/de\/?s={search_term_string}\"},\"query-input\":{\"@type\":\"PropertyValueSpecification\",\"valueRequired\":true,\"valueName\":\"search_term_string\"}}],\"inLanguage\":\"de\"},{\"@type\":\"Organization\",\"@id\":\"https:\/\/hubsch-interior.com\/de\/#organization\",\"name\":\"H\u00fcbsch\",\"url\":\"https:\/\/hubsch-interior.com\/de\/\",\"logo\":{\"@type\":\"ImageObject\",\"inLanguage\":\"de\",\"@id\":\"https:\/\/hubsch-interior.com\/de\/#\/schema\/logo\/image\/\",\"url\":\"https:\/\/hubsch-interior.com\/wp-content\/uploads\/2022\/12\/Hubsch_logo_black_one_line.svg\",\"contentUrl\":\"https:\/\/hubsch-interior.com\/wp-content\/uploads\/2022\/12\/Hubsch_logo_black_one_line.svg\",\"caption\":\"H\u00fcbsch\"},\"image\":{\"@id\":\"https:\/\/hubsch-interior.com\/de\/#\/schema\/logo\/image\/\"}}]}<\/script>\n<!-- \/ Yoast SEO plugin. -->","yoast_head_json":{"title":"Amare Schalen \u00a0Multifarben (3er Set) - H\u00fcbsch","description":"Wir pr\u00e4sentieren das neueste Mitglied unserer Amare Serie, die Amare Schalen in lebendigen Multifarben! Hergestellt aus hochwertigem Steinpulver, sind","robots":{"index":"index","follow":"follow","max-snippet":"max-snippet:-1","max-image-preview":"max-image-preview:large","max-video-preview":"max-video-preview:-1"},"canonical":"https:\/\/hubsch-interior.com\/de\/wp-json\/wp\/v2\/product\/975573","og_locale":"de_DE","og_type":"article","og_title":"Amare Schalen \u00a0Multifarben (3er Set) - H\u00fcbsch","og_description":"Wir pr\u00e4sentieren das neueste Mitglied unserer Amare Serie, die Amare Schalen in lebendigen Multifarben! Hergestellt aus hochwertigem Steinpulver, sind","og_url":"https:\/\/hubsch-interior.com\/de\/produkt\/amare-schalen-multifarben-3er-set\/","og_site_name":"H\u00fcbsch","article_modified_time":"2026-04-29T02:27:39+00:00","og_image":[{"width":1200,"height":1200,"url":"https:\/\/hubsch-interior.com\/wp-content\/uploads\/2024\/11\/amare-bowls-multicolour-set-of-3-84aaf89c54e38c5c24abeaff9b7e4287.jpg","type":"image\/jpeg"}],"twitter_card":"summary_large_image","schema":{"@context":"https:\/\/schema.org","@graph":[{"@type":"WebPage","@id":"https:\/\/hubsch-interior.com\/de\/produkt\/amare-schalen-multifarben-3er-set\/","url":"https:\/\/hubsch-interior.com\/de\/produkt\/amare-schalen-multifarben-3er-set\/","name":"Amare Schalen \u00a0Multifarben (3er Set) - H\u00fcbsch","isPartOf":{"@id":"https:\/\/hubsch-interior.com\/de\/#website"},"primaryImageOfPage":{"@id":"https:\/\/hubsch-interior.com\/de\/produkt\/amare-schalen-multifarben-3er-set\/#primaryimage"},"image":{"@id":"https:\/\/hubsch-interior.com\/de\/produkt\/amare-schalen-multifarben-3er-set\/#primaryimage"},"thumbnailUrl":"https:\/\/hubsch-interior.com\/wp-content\/uploads\/2026\/02\/amare-bowls-multicolour-set-of-3-9e832d4f9ef81f84cac99c7b69d8d039.jpg","datePublished":"2024-01-29T07:29:49+00:00","dateModified":"2026-04-29T02:27:39+00:00","description":"Wir pr\u00e4sentieren das neueste Mitglied unserer Amare Serie, die Amare Schalen in lebendigen Multifarben! Hergestellt aus hochwertigem Steinpulver, sind","breadcrumb":{"@id":"https:\/\/hubsch-interior.com\/de\/produkt\/amare-schalen-multifarben-3er-set\/#breadcrumb"},"inLanguage":"de","potentialAction":[{"@type":"ReadAction","target":["https:\/\/hubsch-interior.com\/de\/produkt\/amare-schalen-multifarben-3er-set\/"]}]},{"@type":"ImageObject","inLanguage":"de","@id":"https:\/\/hubsch-interior.com\/de\/produkt\/amare-schalen-multifarben-3er-set\/#primaryimage","url":"https:\/\/hubsch-interior.com\/wp-content\/uploads\/2026\/02\/amare-bowls-multicolour-set-of-3-9e832d4f9ef81f84cac99c7b69d8d039.jpg","contentUrl":"https:\/\/hubsch-interior.com\/wp-content\/uploads\/2026\/02\/amare-bowls-multicolour-set-of-3-9e832d4f9ef81f84cac99c7b69d8d039.jpg","width":1024,"height":1024},{"@type":"BreadcrumbList","@id":"https:\/\/hubsch-interior.com\/de\/produkt\/amare-schalen-multifarben-3er-set\/#breadcrumb","itemListElement":[{"@type":"ListItem","position":1,"name":"Startseite","item":"https:\/\/hubsch-interior.com\/de\/"},{"@type":"ListItem","position":2,"name":"Produkte","item":"https:\/\/hubsch-interior.com\/de\/shop-2\/"},{"@type":"ListItem","position":3,"name":"K\u00fcche","item":"https:\/\/hubsch-interior.com\/de\/produkt-kategorie\/kuche\/"},{"@type":"ListItem","position":4,"name":"Tischgeschirr","item":"https:\/\/hubsch-interior.com\/de\/produkt-kategorie\/kuche\/tischgeschirr-de-2\/"},{"@type":"ListItem","position":5,"name":"Servierschalen","item":"https:\/\/hubsch-interior.com\/de\/produkt-kategorie\/kuche\/tischgeschirr-de-2\/servierschalen-de\/"},{"@type":"ListItem","position":6,"name":"Amare Schalen \u00a0Multifarben (3er Set)"}]},{"@type":"WebSite","@id":"https:\/\/hubsch-interior.com\/de\/#website","url":"https:\/\/hubsch-interior.com\/de\/","name":"H\u00fcbsch","description":"Danish Home Interior and Design","publisher":{"@id":"https:\/\/hubsch-interior.com\/de\/#organization"},"potentialAction":[{"@type":"SearchAction","target":{"@type":"EntryPoint","urlTemplate":"https:\/\/hubsch-interior.com\/de\/?s={search_term_string}"},"query-input":{"@type":"PropertyValueSpecification","valueRequired":true,"valueName":"search_term_string"}}],"inLanguage":"de"},{"@type":"Organization","@id":"https:\/\/hubsch-interior.com\/de\/#organization","name":"H\u00fcbsch","url":"https:\/\/hubsch-interior.com\/de\/","logo":{"@type":"ImageObject","inLanguage":"de","@id":"https:\/\/hubsch-interior.com\/de\/#\/schema\/logo\/image\/","url":"https:\/\/hubsch-interior.com\/wp-content\/uploads\/2022\/12\/Hubsch_logo_black_one_line.svg","contentUrl":"https:\/\/hubsch-interior.com\/wp-content\/uploads\/2022\/12\/Hubsch_logo_black_one_line.svg","caption":"H\u00fcbsch"},"image":{"@id":"https:\/\/hubsch-interior.com\/de\/#\/schema\/logo\/image\/"}}]}},"_links":{"self":[{"href":"https:\/\/hubsch-interior.com\/de\/wp-json\/wp\/v2\/product\/975573","targetHints":{"allow":["GET"]}}],"collection":[{"href":"https:\/\/hubsch-interior.com\/de\/wp-json\/wp\/v2\/product"}],"about":[{"href":"https:\/\/hubsch-interior.com\/de\/wp-json\/wp\/v2\/types\/product"}],"wp:featuredmedia":[{"embeddable":true,"href":"https:\/\/hubsch-interior.com\/de\/wp-json\/wp\/v2\/media\/1096412"}],"wp:attachment":[{"href":"https:\/\/hubsch-interior.com\/de\/wp-json\/wp\/v2\/media?parent=975573"}],"wp:term":[{"taxonomy":"product_brand","embeddable":true,"href":"https:\/\/hubsch-interior.com\/de\/wp-json\/wp\/v2\/product_brand?post=975573"},{"taxonomy":"product_cat","embeddable":true,"href":"https:\/\/hubsch-interior.com\/de\/wp-json\/wp\/v2\/product_cat?post=975573"},{"taxonomy":"product_tag","embeddable":true,"href":"https:\/\/hubsch-interior.com\/de\/wp-json\/wp\/v2\/product_tag?post=975573"}],"curies":[{"name":"wp","href":"https:\/\/api.w.org\/{rel}","templated":true}]}}