{"id":975605,"date":"2024-01-29T08:30:04","date_gmt":"2024-01-29T07:30:04","guid":{"rendered":"https:\/\/hubsch-interior.com\/product\/product\/"},"modified":"2026-04-09T04:28:02","modified_gmt":"2026-04-09T02:28:02","slug":"amare-untersetzer-small-blau-orange-2er-set","status":"publish","type":"product","link":"https:\/\/hubsch-interior.com\/de\/produkt\/amare-untersetzer-small-blau-orange-2er-set\/","title":{"rendered":"Amare Untersetzer Small Blau\/Orange (2er Set)"},"content":{"rendered":"<p>Wir stellen vor: die Amare Untersetzer &#8211; die perfekte Erg\u00e4nzung f\u00fcr Ihre K\u00fcche und Essbereich. Erh\u00e4ltlich in zwei lebendigen Varianten, werden die blauen und orangefarbenen Farben einen Hauch von Farbe in Ihr Zuhause bringen. Hergestellt aus hochwertigem Steinpulver, sind diese kleinen Untersetzer nicht nur dekorative Elemente, sondern auch hitzebest\u00e4ndig und unterst\u00fctzen Ihre t\u00e4glichen Kochbed\u00fcrfnisse. Verbessern Sie Ihr Esserlebnis, indem Sie diese Untersetzer zur Amare Serie hinzuf\u00fcgen und bei jeder Mahlzeit stilvoll servieren. Geben Sie Ihren G\u00e4sten die volle Amare Erfahrung mit diesen bunten und praktischen Untersetzer.<\/p>\n","protected":false},"excerpt":{"rendered":"<p>Wir stellen vor: die Amare Untersetzer &#8211; die perfekte Erg\u00e4nzung f\u00fcr Ihre K\u00fcche und Essbereich. Erh\u00e4ltlich in zwei lebendigen Varianten, werden die blauen und orangefarbenen Farben einen Hauch von Farbe in Ihr Zuhause bringen. Hergestellt aus hochwertigem Steinpulver, sind diese kleinen Untersetzer nicht nur dekorative Elemente, sondern auch hitzebest\u00e4ndig und unterst\u00fctzen Ihre t\u00e4glichen Kochbed\u00fcrfnisse. Verbessern [&hellip;]<\/p>\n","protected":false},"featured_media":1096432,"template":"","meta":{"_acf_changed":false,"inline_featured_image":false},"product_brand":[],"product_cat":[6674,5027,6884,6349,4055,6972,6519,7030,4096,7029],"product_tag":[],"class_list":{"0":"post-975605","1":"product","2":"type-product","3":"status-publish","4":"has-post-thumbnail","6":"product_cat-amare-tafelgeschirr-de","7":"product_cat-bestsellers-de","8":"product_cat-elevating-nostalgia-de","9":"product_cat-garden-selection-de","10":"product_cat-kuechenzubehoer-de","11":"product_cat-oster-sale","12":"product_cat-outlet-de","13":"product_cat-servierplatten-und-teller-de","14":"product_cat-tischgeschirr-de","15":"product_cat-tischgeschirr-de-2","16":"product_shipping_class-pk","18":"pa_color-blau-2","19":"pa_color-orange-de","20":"pa_material-stone-powder-100-4","22":"first","23":"instock","24":"sale","25":"featured","26":"taxable","27":"shipping-taxable","28":"purchasable","29":"product-type-simple"},"exclude_global_add_ons":[],"addons":[],"acf":[],"yoast_head":"<!-- This site is optimized with the Yoast SEO plugin v26.4 - https:\/\/yoast.com\/wordpress\/plugins\/seo\/ -->\n<title>Amare Untersetzer Small Blau\/Orange (2er Set) - H\u00fcbsch<\/title>\n<meta name=\"description\" content=\"Wir stellen vor: die Amare Untersetzer - die perfekte Erg\u00e4nzung f\u00fcr Ihre K\u00fcche und Essbereich. Erh\u00e4ltlich in zwei lebendigen Varianten, werden die blauen\" \/>\n<meta name=\"robots\" content=\"index, follow, max-snippet:-1, max-image-preview:large, max-video-preview:-1\" \/>\n<link rel=\"canonical\" href=\"https:\/\/hubsch-interior.com\/de\/wp-json\/wp\/v2\/product\/975605\" \/>\n<meta property=\"og:locale\" content=\"de_DE\" \/>\n<meta property=\"og:type\" content=\"article\" \/>\n<meta property=\"og:title\" content=\"Amare Untersetzer Small Blau\/Orange (2er Set) - H\u00fcbsch\" \/>\n<meta property=\"og:description\" content=\"Wir stellen vor: die Amare Untersetzer - die perfekte Erg\u00e4nzung f\u00fcr Ihre K\u00fcche und Essbereich. Erh\u00e4ltlich in zwei lebendigen Varianten, werden die blauen\" \/>\n<meta property=\"og:url\" content=\"https:\/\/hubsch-interior.com\/de\/produkt\/amare-untersetzer-small-blau-orange-2er-set\/\" \/>\n<meta property=\"og:site_name\" content=\"H\u00fcbsch\" \/>\n<meta property=\"article:modified_time\" content=\"2026-04-09T02:28:02+00:00\" \/>\n<meta property=\"og:image\" content=\"https:\/\/hubsch-interior.com\/wp-content\/uploads\/2024\/08\/amare-trivets-small-blueorange-set-of-2-34a1cfc77891ac42e81f45f23ca9eeb5.jpg\" \/>\n\t<meta property=\"og:image:width\" content=\"1200\" \/>\n\t<meta property=\"og:image:height\" content=\"1200\" \/>\n\t<meta property=\"og:image:type\" content=\"image\/jpeg\" \/>\n<meta name=\"twitter:card\" content=\"summary_large_image\" \/>\n<script type=\"application\/ld+json\" class=\"yoast-schema-graph\">{\"@context\":\"https:\/\/schema.org\",\"@graph\":[{\"@type\":\"WebPage\",\"@id\":\"https:\/\/hubsch-interior.com\/de\/produkt\/amare-untersetzer-small-blau-orange-2er-set\/\",\"url\":\"https:\/\/hubsch-interior.com\/de\/produkt\/amare-untersetzer-small-blau-orange-2er-set\/\",\"name\":\"Amare Untersetzer Small Blau\/Orange (2er Set) - H\u00fcbsch\",\"isPartOf\":{\"@id\":\"https:\/\/hubsch-interior.com\/de\/#website\"},\"primaryImageOfPage\":{\"@id\":\"https:\/\/hubsch-interior.com\/de\/produkt\/amare-untersetzer-small-blau-orange-2er-set\/#primaryimage\"},\"image\":{\"@id\":\"https:\/\/hubsch-interior.com\/de\/produkt\/amare-untersetzer-small-blau-orange-2er-set\/#primaryimage\"},\"thumbnailUrl\":\"https:\/\/hubsch-interior.com\/wp-content\/uploads\/2026\/02\/amare-trivets-small-blueorange-set-of-2-4b2174a563eb5da0e065264b1d8b6444.jpg\",\"datePublished\":\"2024-01-29T07:30:04+00:00\",\"dateModified\":\"2026-04-09T02:28:02+00:00\",\"description\":\"Wir stellen vor: die Amare Untersetzer - die perfekte Erg\u00e4nzung f\u00fcr Ihre K\u00fcche und Essbereich. Erh\u00e4ltlich in zwei lebendigen Varianten, werden die blauen\",\"breadcrumb\":{\"@id\":\"https:\/\/hubsch-interior.com\/de\/produkt\/amare-untersetzer-small-blau-orange-2er-set\/#breadcrumb\"},\"inLanguage\":\"de\",\"potentialAction\":[{\"@type\":\"ReadAction\",\"target\":[\"https:\/\/hubsch-interior.com\/de\/produkt\/amare-untersetzer-small-blau-orange-2er-set\/\"]}]},{\"@type\":\"ImageObject\",\"inLanguage\":\"de\",\"@id\":\"https:\/\/hubsch-interior.com\/de\/produkt\/amare-untersetzer-small-blau-orange-2er-set\/#primaryimage\",\"url\":\"https:\/\/hubsch-interior.com\/wp-content\/uploads\/2026\/02\/amare-trivets-small-blueorange-set-of-2-4b2174a563eb5da0e065264b1d8b6444.jpg\",\"contentUrl\":\"https:\/\/hubsch-interior.com\/wp-content\/uploads\/2026\/02\/amare-trivets-small-blueorange-set-of-2-4b2174a563eb5da0e065264b1d8b6444.jpg\",\"width\":1024,\"height\":1024},{\"@type\":\"BreadcrumbList\",\"@id\":\"https:\/\/hubsch-interior.com\/de\/produkt\/amare-untersetzer-small-blau-orange-2er-set\/#breadcrumb\",\"itemListElement\":[{\"@type\":\"ListItem\",\"position\":1,\"name\":\"Startseite\",\"item\":\"https:\/\/hubsch-interior.com\/de\/\"},{\"@type\":\"ListItem\",\"position\":2,\"name\":\"Produkte\",\"item\":\"https:\/\/hubsch-interior.com\/de\/shop-2\/\"},{\"@type\":\"ListItem\",\"position\":3,\"name\":\"K\u00fcche\",\"item\":\"https:\/\/hubsch-interior.com\/de\/produkt-kategorie\/kuche\/\"},{\"@type\":\"ListItem\",\"position\":4,\"name\":\"Tischgeschirr\",\"item\":\"https:\/\/hubsch-interior.com\/de\/produkt-kategorie\/kuche\/tischgeschirr-de-2\/\"},{\"@type\":\"ListItem\",\"position\":5,\"name\":\"Servierplatten und Teller\",\"item\":\"https:\/\/hubsch-interior.com\/de\/produkt-kategorie\/kuche\/tischgeschirr-de-2\/servierplatten-und-teller-de\/\"},{\"@type\":\"ListItem\",\"position\":6,\"name\":\"Amare Untersetzer Small Blau\/Orange (2er Set)\"}]},{\"@type\":\"WebSite\",\"@id\":\"https:\/\/hubsch-interior.com\/de\/#website\",\"url\":\"https:\/\/hubsch-interior.com\/de\/\",\"name\":\"H\u00fcbsch\",\"description\":\"Danish Home Interior and Design\",\"publisher\":{\"@id\":\"https:\/\/hubsch-interior.com\/de\/#organization\"},\"potentialAction\":[{\"@type\":\"SearchAction\",\"target\":{\"@type\":\"EntryPoint\",\"urlTemplate\":\"https:\/\/hubsch-interior.com\/de\/?s={search_term_string}\"},\"query-input\":{\"@type\":\"PropertyValueSpecification\",\"valueRequired\":true,\"valueName\":\"search_term_string\"}}],\"inLanguage\":\"de\"},{\"@type\":\"Organization\",\"@id\":\"https:\/\/hubsch-interior.com\/de\/#organization\",\"name\":\"H\u00fcbsch\",\"url\":\"https:\/\/hubsch-interior.com\/de\/\",\"logo\":{\"@type\":\"ImageObject\",\"inLanguage\":\"de\",\"@id\":\"https:\/\/hubsch-interior.com\/de\/#\/schema\/logo\/image\/\",\"url\":\"https:\/\/hubsch-interior.com\/wp-content\/uploads\/2022\/12\/Hubsch_logo_black_one_line.svg\",\"contentUrl\":\"https:\/\/hubsch-interior.com\/wp-content\/uploads\/2022\/12\/Hubsch_logo_black_one_line.svg\",\"caption\":\"H\u00fcbsch\"},\"image\":{\"@id\":\"https:\/\/hubsch-interior.com\/de\/#\/schema\/logo\/image\/\"}}]}<\/script>\n<!-- \/ Yoast SEO plugin. -->","yoast_head_json":{"title":"Amare Untersetzer Small Blau\/Orange (2er Set) - H\u00fcbsch","description":"Wir stellen vor: die Amare Untersetzer - die perfekte Erg\u00e4nzung f\u00fcr Ihre K\u00fcche und Essbereich. Erh\u00e4ltlich in zwei lebendigen Varianten, werden die blauen","robots":{"index":"index","follow":"follow","max-snippet":"max-snippet:-1","max-image-preview":"max-image-preview:large","max-video-preview":"max-video-preview:-1"},"canonical":"https:\/\/hubsch-interior.com\/de\/wp-json\/wp\/v2\/product\/975605","og_locale":"de_DE","og_type":"article","og_title":"Amare Untersetzer Small Blau\/Orange (2er Set) - H\u00fcbsch","og_description":"Wir stellen vor: die Amare Untersetzer - die perfekte Erg\u00e4nzung f\u00fcr Ihre K\u00fcche und Essbereich. Erh\u00e4ltlich in zwei lebendigen Varianten, werden die blauen","og_url":"https:\/\/hubsch-interior.com\/de\/produkt\/amare-untersetzer-small-blau-orange-2er-set\/","og_site_name":"H\u00fcbsch","article_modified_time":"2026-04-09T02:28:02+00:00","og_image":[{"width":1200,"height":1200,"url":"https:\/\/hubsch-interior.com\/wp-content\/uploads\/2024\/08\/amare-trivets-small-blueorange-set-of-2-34a1cfc77891ac42e81f45f23ca9eeb5.jpg","type":"image\/jpeg"}],"twitter_card":"summary_large_image","schema":{"@context":"https:\/\/schema.org","@graph":[{"@type":"WebPage","@id":"https:\/\/hubsch-interior.com\/de\/produkt\/amare-untersetzer-small-blau-orange-2er-set\/","url":"https:\/\/hubsch-interior.com\/de\/produkt\/amare-untersetzer-small-blau-orange-2er-set\/","name":"Amare Untersetzer Small Blau\/Orange (2er Set) - H\u00fcbsch","isPartOf":{"@id":"https:\/\/hubsch-interior.com\/de\/#website"},"primaryImageOfPage":{"@id":"https:\/\/hubsch-interior.com\/de\/produkt\/amare-untersetzer-small-blau-orange-2er-set\/#primaryimage"},"image":{"@id":"https:\/\/hubsch-interior.com\/de\/produkt\/amare-untersetzer-small-blau-orange-2er-set\/#primaryimage"},"thumbnailUrl":"https:\/\/hubsch-interior.com\/wp-content\/uploads\/2026\/02\/amare-trivets-small-blueorange-set-of-2-4b2174a563eb5da0e065264b1d8b6444.jpg","datePublished":"2024-01-29T07:30:04+00:00","dateModified":"2026-04-09T02:28:02+00:00","description":"Wir stellen vor: die Amare Untersetzer - die perfekte Erg\u00e4nzung f\u00fcr Ihre K\u00fcche und Essbereich. Erh\u00e4ltlich in zwei lebendigen Varianten, werden die blauen","breadcrumb":{"@id":"https:\/\/hubsch-interior.com\/de\/produkt\/amare-untersetzer-small-blau-orange-2er-set\/#breadcrumb"},"inLanguage":"de","potentialAction":[{"@type":"ReadAction","target":["https:\/\/hubsch-interior.com\/de\/produkt\/amare-untersetzer-small-blau-orange-2er-set\/"]}]},{"@type":"ImageObject","inLanguage":"de","@id":"https:\/\/hubsch-interior.com\/de\/produkt\/amare-untersetzer-small-blau-orange-2er-set\/#primaryimage","url":"https:\/\/hubsch-interior.com\/wp-content\/uploads\/2026\/02\/amare-trivets-small-blueorange-set-of-2-4b2174a563eb5da0e065264b1d8b6444.jpg","contentUrl":"https:\/\/hubsch-interior.com\/wp-content\/uploads\/2026\/02\/amare-trivets-small-blueorange-set-of-2-4b2174a563eb5da0e065264b1d8b6444.jpg","width":1024,"height":1024},{"@type":"BreadcrumbList","@id":"https:\/\/hubsch-interior.com\/de\/produkt\/amare-untersetzer-small-blau-orange-2er-set\/#breadcrumb","itemListElement":[{"@type":"ListItem","position":1,"name":"Startseite","item":"https:\/\/hubsch-interior.com\/de\/"},{"@type":"ListItem","position":2,"name":"Produkte","item":"https:\/\/hubsch-interior.com\/de\/shop-2\/"},{"@type":"ListItem","position":3,"name":"K\u00fcche","item":"https:\/\/hubsch-interior.com\/de\/produkt-kategorie\/kuche\/"},{"@type":"ListItem","position":4,"name":"Tischgeschirr","item":"https:\/\/hubsch-interior.com\/de\/produkt-kategorie\/kuche\/tischgeschirr-de-2\/"},{"@type":"ListItem","position":5,"name":"Servierplatten und Teller","item":"https:\/\/hubsch-interior.com\/de\/produkt-kategorie\/kuche\/tischgeschirr-de-2\/servierplatten-und-teller-de\/"},{"@type":"ListItem","position":6,"name":"Amare Untersetzer Small Blau\/Orange (2er Set)"}]},{"@type":"WebSite","@id":"https:\/\/hubsch-interior.com\/de\/#website","url":"https:\/\/hubsch-interior.com\/de\/","name":"H\u00fcbsch","description":"Danish Home Interior and Design","publisher":{"@id":"https:\/\/hubsch-interior.com\/de\/#organization"},"potentialAction":[{"@type":"SearchAction","target":{"@type":"EntryPoint","urlTemplate":"https:\/\/hubsch-interior.com\/de\/?s={search_term_string}"},"query-input":{"@type":"PropertyValueSpecification","valueRequired":true,"valueName":"search_term_string"}}],"inLanguage":"de"},{"@type":"Organization","@id":"https:\/\/hubsch-interior.com\/de\/#organization","name":"H\u00fcbsch","url":"https:\/\/hubsch-interior.com\/de\/","logo":{"@type":"ImageObject","inLanguage":"de","@id":"https:\/\/hubsch-interior.com\/de\/#\/schema\/logo\/image\/","url":"https:\/\/hubsch-interior.com\/wp-content\/uploads\/2022\/12\/Hubsch_logo_black_one_line.svg","contentUrl":"https:\/\/hubsch-interior.com\/wp-content\/uploads\/2022\/12\/Hubsch_logo_black_one_line.svg","caption":"H\u00fcbsch"},"image":{"@id":"https:\/\/hubsch-interior.com\/de\/#\/schema\/logo\/image\/"}}]}},"_links":{"self":[{"href":"https:\/\/hubsch-interior.com\/de\/wp-json\/wp\/v2\/product\/975605","targetHints":{"allow":["GET"]}}],"collection":[{"href":"https:\/\/hubsch-interior.com\/de\/wp-json\/wp\/v2\/product"}],"about":[{"href":"https:\/\/hubsch-interior.com\/de\/wp-json\/wp\/v2\/types\/product"}],"wp:featuredmedia":[{"embeddable":true,"href":"https:\/\/hubsch-interior.com\/de\/wp-json\/wp\/v2\/media\/1096432"}],"wp:attachment":[{"href":"https:\/\/hubsch-interior.com\/de\/wp-json\/wp\/v2\/media?parent=975605"}],"wp:term":[{"taxonomy":"product_brand","embeddable":true,"href":"https:\/\/hubsch-interior.com\/de\/wp-json\/wp\/v2\/product_brand?post=975605"},{"taxonomy":"product_cat","embeddable":true,"href":"https:\/\/hubsch-interior.com\/de\/wp-json\/wp\/v2\/product_cat?post=975605"},{"taxonomy":"product_tag","embeddable":true,"href":"https:\/\/hubsch-interior.com\/de\/wp-json\/wp\/v2\/product_tag?post=975605"}],"curies":[{"name":"wp","href":"https:\/\/api.w.org\/{rel}","templated":true}]}}