{"id":975641,"date":"2024-01-29T08:30:19","date_gmt":"2024-01-29T07:30:19","guid":{"rendered":"https:\/\/hubsch-interior.com\/product\/product\/"},"modified":"2026-04-29T04:27:53","modified_gmt":"2026-04-29T02:27:53","slug":"amare-untersetzer-large-hellgrun-rotbraun-2er-set","status":"publish","type":"product","link":"https:\/\/hubsch-interior.com\/de\/produkt\/amare-untersetzer-large-hellgrun-rotbraun-2er-set\/","title":{"rendered":"Amare Untersetzer Large Hellgr\u00fcn\/Rotbraun (2er Set)"},"content":{"rendered":"<p>Auf der Suche nach einer Bereicherung f\u00fcr Ihr Esserlebnis? Dann brauchen Sie nicht weiter zu suchen, denn Amare Untersetzer sind hier, um Ihre K\u00fcche aufzuwerten. Als neues Mitglied der Amare Serie sind diese Untersetzer in zwei verschiedenen Gr\u00f6\u00dfen erh\u00e4ltlich und unterst\u00fctzen somit Ihre t\u00e4glichen Kochbed\u00fcrfnisse. Hergestellt aus robustem Steinpulver, bieten sie einen hitzebest\u00e4ndigen Schutz f\u00fcr Ihre Arbeitsplatte und verleihen Ihrer K\u00fcche zugleich eine elegante Note. In den Farben Hellgr\u00fcn oder Bordeaux erh\u00e4ltlich, sind diese hitzebest\u00e4ndigen Untersetzer die perfekte Erg\u00e4nzung f\u00fcr jede Tischdekoration. Geben Sie Ihren G\u00e4sten das volle Amare-Erlebnis mit diesen stilvollen und funktionalen Untersetzer.<\/p>\n","protected":false},"excerpt":{"rendered":"<p>Auf der Suche nach einer Bereicherung f\u00fcr Ihr Esserlebnis? Dann brauchen Sie nicht weiter zu suchen, denn Amare Untersetzer sind hier, um Ihre K\u00fcche aufzuwerten. Als neues Mitglied der Amare Serie sind diese Untersetzer in zwei verschiedenen Gr\u00f6\u00dfen erh\u00e4ltlich und unterst\u00fctzen somit Ihre t\u00e4glichen Kochbed\u00fcrfnisse. Hergestellt aus robustem Steinpulver, bieten sie einen hitzebest\u00e4ndigen Schutz f\u00fcr [&hellip;]<\/p>\n","protected":false},"featured_media":1096460,"template":"","meta":{"_acf_changed":false,"inline_featured_image":false},"product_brand":[],"product_cat":[6674,5027,6884,6349,4055,6972,7030,7029,4096],"product_tag":[],"class_list":{"0":"post-975641","1":"product","2":"type-product","3":"status-publish","4":"has-post-thumbnail","6":"product_cat-amare-tafelgeschirr-de","7":"product_cat-bestsellers-de","8":"product_cat-elevating-nostalgia-de","9":"product_cat-garden-selection-de","10":"product_cat-kuechenzubehoer-de","11":"product_cat-oster-sale","12":"product_cat-servierplatten-und-teller-de","13":"product_cat-tischgeschirr-de-2","14":"product_cat-tischgeschirr-de","15":"product_shipping_class-pk","17":"pa_color-hellgrn-2","18":"pa_color-rotbraun-2","19":"pa_material-stone-powder-100-4","21":"first","22":"instock","23":"featured","24":"taxable","25":"shipping-taxable","26":"purchasable","27":"product-type-simple"},"exclude_global_add_ons":[],"addons":[],"acf":[],"yoast_head":"<!-- This site is optimized with the Yoast SEO plugin v26.4 - https:\/\/yoast.com\/wordpress\/plugins\/seo\/ -->\n<title>Amare Untersetzer Large Hellgr\u00fcn\/Rotbraun (2er Set) - H\u00fcbsch<\/title>\n<meta name=\"description\" content=\"Auf der Suche nach einer Bereicherung f\u00fcr Ihr Esserlebnis? Dann brauchen Sie nicht weiter zu suchen, denn Amare Untersetzer sind hier, um Ihre K\u00fcche\" \/>\n<meta name=\"robots\" content=\"index, follow, max-snippet:-1, max-image-preview:large, max-video-preview:-1\" \/>\n<link rel=\"canonical\" href=\"https:\/\/hubsch-interior.com\/de\/wp-json\/wp\/v2\/product\/975641\" \/>\n<meta property=\"og:locale\" content=\"de_DE\" \/>\n<meta property=\"og:type\" content=\"article\" \/>\n<meta property=\"og:title\" content=\"Amare Untersetzer Large Hellgr\u00fcn\/Rotbraun (2er Set) - H\u00fcbsch\" \/>\n<meta property=\"og:description\" content=\"Auf der Suche nach einer Bereicherung f\u00fcr Ihr Esserlebnis? Dann brauchen Sie nicht weiter zu suchen, denn Amare Untersetzer sind hier, um Ihre K\u00fcche\" \/>\n<meta property=\"og:url\" content=\"https:\/\/hubsch-interior.com\/de\/produkt\/amare-untersetzer-large-hellgrun-rotbraun-2er-set\/\" \/>\n<meta property=\"og:site_name\" content=\"H\u00fcbsch\" \/>\n<meta property=\"article:modified_time\" content=\"2026-04-29T02:27:53+00:00\" \/>\n<meta property=\"og:image\" content=\"https:\/\/hubsch-interior.com\/wp-content\/uploads\/2025\/04\/amare-trivets-large-light-greenmaroon-set-of-2-172d8bfede281c0fec29555184a2fcc9.jpg\" \/>\n\t<meta property=\"og:image:width\" content=\"1200\" \/>\n\t<meta property=\"og:image:height\" content=\"1200\" \/>\n\t<meta property=\"og:image:type\" content=\"image\/jpeg\" \/>\n<meta name=\"twitter:card\" content=\"summary_large_image\" \/>\n<meta name=\"twitter:label1\" content=\"Gesch\u00e4tzte Lesezeit\" \/>\n\t<meta name=\"twitter:data1\" content=\"1\u00a0Minute\" \/>\n<script type=\"application\/ld+json\" class=\"yoast-schema-graph\">{\"@context\":\"https:\/\/schema.org\",\"@graph\":[{\"@type\":\"WebPage\",\"@id\":\"https:\/\/hubsch-interior.com\/de\/produkt\/amare-untersetzer-large-hellgrun-rotbraun-2er-set\/\",\"url\":\"https:\/\/hubsch-interior.com\/de\/produkt\/amare-untersetzer-large-hellgrun-rotbraun-2er-set\/\",\"name\":\"Amare Untersetzer Large Hellgr\u00fcn\/Rotbraun (2er Set) - H\u00fcbsch\",\"isPartOf\":{\"@id\":\"https:\/\/hubsch-interior.com\/de\/#website\"},\"primaryImageOfPage\":{\"@id\":\"https:\/\/hubsch-interior.com\/de\/produkt\/amare-untersetzer-large-hellgrun-rotbraun-2er-set\/#primaryimage\"},\"image\":{\"@id\":\"https:\/\/hubsch-interior.com\/de\/produkt\/amare-untersetzer-large-hellgrun-rotbraun-2er-set\/#primaryimage\"},\"thumbnailUrl\":\"https:\/\/hubsch-interior.com\/wp-content\/uploads\/2026\/02\/amare-trivets-large-light-greenmaroon-set-of-2-9b116ce6669fd29d6be33b217dcb174a.jpg\",\"datePublished\":\"2024-01-29T07:30:19+00:00\",\"dateModified\":\"2026-04-29T02:27:53+00:00\",\"description\":\"Auf der Suche nach einer Bereicherung f\u00fcr Ihr Esserlebnis? Dann brauchen Sie nicht weiter zu suchen, denn Amare Untersetzer sind hier, um Ihre K\u00fcche\",\"breadcrumb\":{\"@id\":\"https:\/\/hubsch-interior.com\/de\/produkt\/amare-untersetzer-large-hellgrun-rotbraun-2er-set\/#breadcrumb\"},\"inLanguage\":\"de\",\"potentialAction\":[{\"@type\":\"ReadAction\",\"target\":[\"https:\/\/hubsch-interior.com\/de\/produkt\/amare-untersetzer-large-hellgrun-rotbraun-2er-set\/\"]}]},{\"@type\":\"ImageObject\",\"inLanguage\":\"de\",\"@id\":\"https:\/\/hubsch-interior.com\/de\/produkt\/amare-untersetzer-large-hellgrun-rotbraun-2er-set\/#primaryimage\",\"url\":\"https:\/\/hubsch-interior.com\/wp-content\/uploads\/2026\/02\/amare-trivets-large-light-greenmaroon-set-of-2-9b116ce6669fd29d6be33b217dcb174a.jpg\",\"contentUrl\":\"https:\/\/hubsch-interior.com\/wp-content\/uploads\/2026\/02\/amare-trivets-large-light-greenmaroon-set-of-2-9b116ce6669fd29d6be33b217dcb174a.jpg\",\"width\":1024,\"height\":1024},{\"@type\":\"BreadcrumbList\",\"@id\":\"https:\/\/hubsch-interior.com\/de\/produkt\/amare-untersetzer-large-hellgrun-rotbraun-2er-set\/#breadcrumb\",\"itemListElement\":[{\"@type\":\"ListItem\",\"position\":1,\"name\":\"Startseite\",\"item\":\"https:\/\/hubsch-interior.com\/de\/\"},{\"@type\":\"ListItem\",\"position\":2,\"name\":\"Produkte\",\"item\":\"https:\/\/hubsch-interior.com\/de\/shop-2\/\"},{\"@type\":\"ListItem\",\"position\":3,\"name\":\"K\u00fcche\",\"item\":\"https:\/\/hubsch-interior.com\/de\/produkt-kategorie\/kuche\/\"},{\"@type\":\"ListItem\",\"position\":4,\"name\":\"Tischgeschirr\",\"item\":\"https:\/\/hubsch-interior.com\/de\/produkt-kategorie\/kuche\/tischgeschirr-de-2\/\"},{\"@type\":\"ListItem\",\"position\":5,\"name\":\"Servierplatten und Teller\",\"item\":\"https:\/\/hubsch-interior.com\/de\/produkt-kategorie\/kuche\/tischgeschirr-de-2\/servierplatten-und-teller-de\/\"},{\"@type\":\"ListItem\",\"position\":6,\"name\":\"Amare Untersetzer Large Hellgr\u00fcn\/Rotbraun (2er Set)\"}]},{\"@type\":\"WebSite\",\"@id\":\"https:\/\/hubsch-interior.com\/de\/#website\",\"url\":\"https:\/\/hubsch-interior.com\/de\/\",\"name\":\"H\u00fcbsch\",\"description\":\"Danish Home Interior and Design\",\"publisher\":{\"@id\":\"https:\/\/hubsch-interior.com\/de\/#organization\"},\"potentialAction\":[{\"@type\":\"SearchAction\",\"target\":{\"@type\":\"EntryPoint\",\"urlTemplate\":\"https:\/\/hubsch-interior.com\/de\/?s={search_term_string}\"},\"query-input\":{\"@type\":\"PropertyValueSpecification\",\"valueRequired\":true,\"valueName\":\"search_term_string\"}}],\"inLanguage\":\"de\"},{\"@type\":\"Organization\",\"@id\":\"https:\/\/hubsch-interior.com\/de\/#organization\",\"name\":\"H\u00fcbsch\",\"url\":\"https:\/\/hubsch-interior.com\/de\/\",\"logo\":{\"@type\":\"ImageObject\",\"inLanguage\":\"de\",\"@id\":\"https:\/\/hubsch-interior.com\/de\/#\/schema\/logo\/image\/\",\"url\":\"https:\/\/hubsch-interior.com\/wp-content\/uploads\/2022\/12\/Hubsch_logo_black_one_line.svg\",\"contentUrl\":\"https:\/\/hubsch-interior.com\/wp-content\/uploads\/2022\/12\/Hubsch_logo_black_one_line.svg\",\"caption\":\"H\u00fcbsch\"},\"image\":{\"@id\":\"https:\/\/hubsch-interior.com\/de\/#\/schema\/logo\/image\/\"}}]}<\/script>\n<!-- \/ Yoast SEO plugin. -->","yoast_head_json":{"title":"Amare Untersetzer Large Hellgr\u00fcn\/Rotbraun (2er Set) - H\u00fcbsch","description":"Auf der Suche nach einer Bereicherung f\u00fcr Ihr Esserlebnis? Dann brauchen Sie nicht weiter zu suchen, denn Amare Untersetzer sind hier, um Ihre K\u00fcche","robots":{"index":"index","follow":"follow","max-snippet":"max-snippet:-1","max-image-preview":"max-image-preview:large","max-video-preview":"max-video-preview:-1"},"canonical":"https:\/\/hubsch-interior.com\/de\/wp-json\/wp\/v2\/product\/975641","og_locale":"de_DE","og_type":"article","og_title":"Amare Untersetzer Large Hellgr\u00fcn\/Rotbraun (2er Set) - H\u00fcbsch","og_description":"Auf der Suche nach einer Bereicherung f\u00fcr Ihr Esserlebnis? Dann brauchen Sie nicht weiter zu suchen, denn Amare Untersetzer sind hier, um Ihre K\u00fcche","og_url":"https:\/\/hubsch-interior.com\/de\/produkt\/amare-untersetzer-large-hellgrun-rotbraun-2er-set\/","og_site_name":"H\u00fcbsch","article_modified_time":"2026-04-29T02:27:53+00:00","og_image":[{"width":1200,"height":1200,"url":"https:\/\/hubsch-interior.com\/wp-content\/uploads\/2025\/04\/amare-trivets-large-light-greenmaroon-set-of-2-172d8bfede281c0fec29555184a2fcc9.jpg","type":"image\/jpeg"}],"twitter_card":"summary_large_image","twitter_misc":{"Gesch\u00e4tzte Lesezeit":"1\u00a0Minute"},"schema":{"@context":"https:\/\/schema.org","@graph":[{"@type":"WebPage","@id":"https:\/\/hubsch-interior.com\/de\/produkt\/amare-untersetzer-large-hellgrun-rotbraun-2er-set\/","url":"https:\/\/hubsch-interior.com\/de\/produkt\/amare-untersetzer-large-hellgrun-rotbraun-2er-set\/","name":"Amare Untersetzer Large Hellgr\u00fcn\/Rotbraun (2er Set) - H\u00fcbsch","isPartOf":{"@id":"https:\/\/hubsch-interior.com\/de\/#website"},"primaryImageOfPage":{"@id":"https:\/\/hubsch-interior.com\/de\/produkt\/amare-untersetzer-large-hellgrun-rotbraun-2er-set\/#primaryimage"},"image":{"@id":"https:\/\/hubsch-interior.com\/de\/produkt\/amare-untersetzer-large-hellgrun-rotbraun-2er-set\/#primaryimage"},"thumbnailUrl":"https:\/\/hubsch-interior.com\/wp-content\/uploads\/2026\/02\/amare-trivets-large-light-greenmaroon-set-of-2-9b116ce6669fd29d6be33b217dcb174a.jpg","datePublished":"2024-01-29T07:30:19+00:00","dateModified":"2026-04-29T02:27:53+00:00","description":"Auf der Suche nach einer Bereicherung f\u00fcr Ihr Esserlebnis? Dann brauchen Sie nicht weiter zu suchen, denn Amare Untersetzer sind hier, um Ihre K\u00fcche","breadcrumb":{"@id":"https:\/\/hubsch-interior.com\/de\/produkt\/amare-untersetzer-large-hellgrun-rotbraun-2er-set\/#breadcrumb"},"inLanguage":"de","potentialAction":[{"@type":"ReadAction","target":["https:\/\/hubsch-interior.com\/de\/produkt\/amare-untersetzer-large-hellgrun-rotbraun-2er-set\/"]}]},{"@type":"ImageObject","inLanguage":"de","@id":"https:\/\/hubsch-interior.com\/de\/produkt\/amare-untersetzer-large-hellgrun-rotbraun-2er-set\/#primaryimage","url":"https:\/\/hubsch-interior.com\/wp-content\/uploads\/2026\/02\/amare-trivets-large-light-greenmaroon-set-of-2-9b116ce6669fd29d6be33b217dcb174a.jpg","contentUrl":"https:\/\/hubsch-interior.com\/wp-content\/uploads\/2026\/02\/amare-trivets-large-light-greenmaroon-set-of-2-9b116ce6669fd29d6be33b217dcb174a.jpg","width":1024,"height":1024},{"@type":"BreadcrumbList","@id":"https:\/\/hubsch-interior.com\/de\/produkt\/amare-untersetzer-large-hellgrun-rotbraun-2er-set\/#breadcrumb","itemListElement":[{"@type":"ListItem","position":1,"name":"Startseite","item":"https:\/\/hubsch-interior.com\/de\/"},{"@type":"ListItem","position":2,"name":"Produkte","item":"https:\/\/hubsch-interior.com\/de\/shop-2\/"},{"@type":"ListItem","position":3,"name":"K\u00fcche","item":"https:\/\/hubsch-interior.com\/de\/produkt-kategorie\/kuche\/"},{"@type":"ListItem","position":4,"name":"Tischgeschirr","item":"https:\/\/hubsch-interior.com\/de\/produkt-kategorie\/kuche\/tischgeschirr-de-2\/"},{"@type":"ListItem","position":5,"name":"Servierplatten und Teller","item":"https:\/\/hubsch-interior.com\/de\/produkt-kategorie\/kuche\/tischgeschirr-de-2\/servierplatten-und-teller-de\/"},{"@type":"ListItem","position":6,"name":"Amare Untersetzer Large Hellgr\u00fcn\/Rotbraun (2er Set)"}]},{"@type":"WebSite","@id":"https:\/\/hubsch-interior.com\/de\/#website","url":"https:\/\/hubsch-interior.com\/de\/","name":"H\u00fcbsch","description":"Danish Home Interior and Design","publisher":{"@id":"https:\/\/hubsch-interior.com\/de\/#organization"},"potentialAction":[{"@type":"SearchAction","target":{"@type":"EntryPoint","urlTemplate":"https:\/\/hubsch-interior.com\/de\/?s={search_term_string}"},"query-input":{"@type":"PropertyValueSpecification","valueRequired":true,"valueName":"search_term_string"}}],"inLanguage":"de"},{"@type":"Organization","@id":"https:\/\/hubsch-interior.com\/de\/#organization","name":"H\u00fcbsch","url":"https:\/\/hubsch-interior.com\/de\/","logo":{"@type":"ImageObject","inLanguage":"de","@id":"https:\/\/hubsch-interior.com\/de\/#\/schema\/logo\/image\/","url":"https:\/\/hubsch-interior.com\/wp-content\/uploads\/2022\/12\/Hubsch_logo_black_one_line.svg","contentUrl":"https:\/\/hubsch-interior.com\/wp-content\/uploads\/2022\/12\/Hubsch_logo_black_one_line.svg","caption":"H\u00fcbsch"},"image":{"@id":"https:\/\/hubsch-interior.com\/de\/#\/schema\/logo\/image\/"}}]}},"_links":{"self":[{"href":"https:\/\/hubsch-interior.com\/de\/wp-json\/wp\/v2\/product\/975641","targetHints":{"allow":["GET"]}}],"collection":[{"href":"https:\/\/hubsch-interior.com\/de\/wp-json\/wp\/v2\/product"}],"about":[{"href":"https:\/\/hubsch-interior.com\/de\/wp-json\/wp\/v2\/types\/product"}],"wp:featuredmedia":[{"embeddable":true,"href":"https:\/\/hubsch-interior.com\/de\/wp-json\/wp\/v2\/media\/1096460"}],"wp:attachment":[{"href":"https:\/\/hubsch-interior.com\/de\/wp-json\/wp\/v2\/media?parent=975641"}],"wp:term":[{"taxonomy":"product_brand","embeddable":true,"href":"https:\/\/hubsch-interior.com\/de\/wp-json\/wp\/v2\/product_brand?post=975641"},{"taxonomy":"product_cat","embeddable":true,"href":"https:\/\/hubsch-interior.com\/de\/wp-json\/wp\/v2\/product_cat?post=975641"},{"taxonomy":"product_tag","embeddable":true,"href":"https:\/\/hubsch-interior.com\/de\/wp-json\/wp\/v2\/product_tag?post=975641"}],"curies":[{"name":"wp","href":"https:\/\/api.w.org\/{rel}","templated":true}]}}