{"id":975657,"date":"2024-01-29T08:30:34","date_gmt":"2024-01-29T07:30:34","guid":{"rendered":"https:\/\/hubsch-interior.com\/product\/product\/"},"modified":"2026-04-09T04:28:15","modified_gmt":"2026-04-09T02:28:15","slug":"amare-keramikplatten-hellblau-orange-2er-set","status":"publish","type":"product","link":"https:\/\/hubsch-interior.com\/de\/produkt\/amare-keramikplatten-hellblau-orange-2er-set\/","title":{"rendered":"Amare Keramikplatten Hellblau\/Orange (2er Set)"},"content":{"rendered":"<p>Vorstellung des neuesten Zuwachses in der Amare Serie &#8211; die Amare Keramikplatten! Erh\u00e4ltlich in zwei dynamischen Varianten &#8211; Hellblau und Orange &#8211; sind diese dekorativen Platten aus hochwertigem Steinpulver gefertigt, was sie hitzebest\u00e4ndig und langlebig f\u00fcr all Ihre Servierbed\u00fcrfnisse macht. Heben Sie Ihr Gastgeberspiel auf die n\u00e4chste Stufe und bieten Sie Ihren G\u00e4sten mit diesen modernen und spa\u00dfigen Mehrzweckplatten das volle Amare-Erlebnis. Perfekt zum Servieren Ihrer Lieblingssnacks oder als dekoratives Element sind die Amare Keramikplatten ein Muss f\u00fcr jedes Zuhause.<\/p>\n","protected":false},"excerpt":{"rendered":"<p>Vorstellung des neuesten Zuwachses in der Amare Serie &#8211; die Amare Keramikplatten! Erh\u00e4ltlich in zwei dynamischen Varianten &#8211; Hellblau und Orange &#8211; sind diese dekorativen Platten aus hochwertigem Steinpulver gefertigt, was sie hitzebest\u00e4ndig und langlebig f\u00fcr all Ihre Servierbed\u00fcrfnisse macht. Heben Sie Ihr Gastgeberspiel auf die n\u00e4chste Stufe und bieten Sie Ihren G\u00e4sten mit diesen [&hellip;]<\/p>\n","protected":false},"featured_media":1096488,"template":"","meta":{"_acf_changed":false,"inline_featured_image":false},"product_brand":[],"product_cat":[6674,5027,6884,6349,4055,6972,6519,4124,7030,7029,4096],"product_tag":[],"class_list":{"0":"post-975657","1":"product","2":"type-product","3":"status-publish","4":"has-post-thumbnail","6":"product_cat-amare-tafelgeschirr-de","7":"product_cat-bestsellers-de","8":"product_cat-elevating-nostalgia-de","9":"product_cat-garden-selection-de","10":"product_cat-kuechenzubehoer-de","11":"product_cat-oster-sale","12":"product_cat-outlet-de","13":"product_cat-schneidebretter-de","14":"product_cat-servierplatten-und-teller-de","15":"product_cat-tischgeschirr-de-2","16":"product_cat-tischgeschirr-de","17":"product_shipping_class-pk","19":"pa_color-hellblau-2","20":"pa_color-orange-de","21":"pa_material-stone-powder-100-4","23":"first","24":"instock","25":"sale","26":"featured","27":"taxable","28":"shipping-taxable","29":"purchasable","30":"product-type-simple"},"exclude_global_add_ons":[],"addons":[],"acf":[],"yoast_head":"<!-- This site is optimized with the Yoast SEO plugin v26.4 - https:\/\/yoast.com\/wordpress\/plugins\/seo\/ -->\n<title>Amare Keramikplatten Hellblau\/Orange (2er Set) - H\u00fcbsch<\/title>\n<meta name=\"description\" content=\"Vorstellung des neuesten Zuwachses in der Amare Serie - die Amare Keramikplatten! Erh\u00e4ltlich in zwei dynamischen Varianten - Hellblau und Orange - sind\" \/>\n<meta name=\"robots\" content=\"index, follow, max-snippet:-1, max-image-preview:large, max-video-preview:-1\" \/>\n<link rel=\"canonical\" href=\"https:\/\/hubsch-interior.com\/de\/wp-json\/wp\/v2\/product\/975657\" \/>\n<meta property=\"og:locale\" content=\"de_DE\" \/>\n<meta property=\"og:type\" content=\"article\" \/>\n<meta property=\"og:title\" content=\"Amare Keramikplatten Hellblau\/Orange (2er Set) - H\u00fcbsch\" \/>\n<meta property=\"og:description\" content=\"Vorstellung des neuesten Zuwachses in der Amare Serie - die Amare Keramikplatten! Erh\u00e4ltlich in zwei dynamischen Varianten - Hellblau und Orange - sind\" \/>\n<meta property=\"og:url\" content=\"https:\/\/hubsch-interior.com\/de\/produkt\/amare-keramikplatten-hellblau-orange-2er-set\/\" \/>\n<meta property=\"og:site_name\" content=\"H\u00fcbsch\" \/>\n<meta property=\"article:modified_time\" content=\"2026-04-09T02:28:15+00:00\" \/>\n<meta property=\"og:image\" content=\"https:\/\/hubsch-interior.com\/wp-content\/uploads\/2025\/04\/amare-ceramic-boards-light-blueorange-set-of-2-5d9bcfbc345f96e33be15c0a4aad3530.jpg\" \/>\n\t<meta property=\"og:image:width\" content=\"1200\" \/>\n\t<meta property=\"og:image:height\" content=\"1200\" \/>\n\t<meta property=\"og:image:type\" content=\"image\/jpeg\" \/>\n<meta name=\"twitter:card\" content=\"summary_large_image\" \/>\n<script type=\"application\/ld+json\" class=\"yoast-schema-graph\">{\"@context\":\"https:\/\/schema.org\",\"@graph\":[{\"@type\":\"WebPage\",\"@id\":\"https:\/\/hubsch-interior.com\/de\/produkt\/amare-keramikplatten-hellblau-orange-2er-set\/\",\"url\":\"https:\/\/hubsch-interior.com\/de\/produkt\/amare-keramikplatten-hellblau-orange-2er-set\/\",\"name\":\"Amare Keramikplatten Hellblau\/Orange (2er Set) - H\u00fcbsch\",\"isPartOf\":{\"@id\":\"https:\/\/hubsch-interior.com\/de\/#website\"},\"primaryImageOfPage\":{\"@id\":\"https:\/\/hubsch-interior.com\/de\/produkt\/amare-keramikplatten-hellblau-orange-2er-set\/#primaryimage\"},\"image\":{\"@id\":\"https:\/\/hubsch-interior.com\/de\/produkt\/amare-keramikplatten-hellblau-orange-2er-set\/#primaryimage\"},\"thumbnailUrl\":\"https:\/\/hubsch-interior.com\/wp-content\/uploads\/2026\/02\/amare-ceramic-boards-light-blueorange-set-of-2-53d4392a4bc3c8b2f560f87922441f2a.jpg\",\"datePublished\":\"2024-01-29T07:30:34+00:00\",\"dateModified\":\"2026-04-09T02:28:15+00:00\",\"description\":\"Vorstellung des neuesten Zuwachses in der Amare Serie - die Amare Keramikplatten! Erh\u00e4ltlich in zwei dynamischen Varianten - Hellblau und Orange - sind\",\"breadcrumb\":{\"@id\":\"https:\/\/hubsch-interior.com\/de\/produkt\/amare-keramikplatten-hellblau-orange-2er-set\/#breadcrumb\"},\"inLanguage\":\"de\",\"potentialAction\":[{\"@type\":\"ReadAction\",\"target\":[\"https:\/\/hubsch-interior.com\/de\/produkt\/amare-keramikplatten-hellblau-orange-2er-set\/\"]}]},{\"@type\":\"ImageObject\",\"inLanguage\":\"de\",\"@id\":\"https:\/\/hubsch-interior.com\/de\/produkt\/amare-keramikplatten-hellblau-orange-2er-set\/#primaryimage\",\"url\":\"https:\/\/hubsch-interior.com\/wp-content\/uploads\/2026\/02\/amare-ceramic-boards-light-blueorange-set-of-2-53d4392a4bc3c8b2f560f87922441f2a.jpg\",\"contentUrl\":\"https:\/\/hubsch-interior.com\/wp-content\/uploads\/2026\/02\/amare-ceramic-boards-light-blueorange-set-of-2-53d4392a4bc3c8b2f560f87922441f2a.jpg\",\"width\":1024,\"height\":1024},{\"@type\":\"BreadcrumbList\",\"@id\":\"https:\/\/hubsch-interior.com\/de\/produkt\/amare-keramikplatten-hellblau-orange-2er-set\/#breadcrumb\",\"itemListElement\":[{\"@type\":\"ListItem\",\"position\":1,\"name\":\"Startseite\",\"item\":\"https:\/\/hubsch-interior.com\/de\/\"},{\"@type\":\"ListItem\",\"position\":2,\"name\":\"Produkte\",\"item\":\"https:\/\/hubsch-interior.com\/de\/shop-2\/\"},{\"@type\":\"ListItem\",\"position\":3,\"name\":\"Wohnaccessoires\",\"item\":\"https:\/\/hubsch-interior.com\/de\/produkt-kategorie\/wohnaccessoires\/\"},{\"@type\":\"ListItem\",\"position\":4,\"name\":\"K&uuml;chenzubeh&ouml;r\",\"item\":\"https:\/\/hubsch-interior.com\/de\/produkt-kategorie\/wohnaccessoires\/kuechenzubehoer-de\/\"},{\"@type\":\"ListItem\",\"position\":5,\"name\":\"Schneidebretter\",\"item\":\"https:\/\/hubsch-interior.com\/de\/produkt-kategorie\/wohnaccessoires\/kuechenzubehoer-de\/schneidebretter-de\/\"},{\"@type\":\"ListItem\",\"position\":6,\"name\":\"Amare Keramikplatten Hellblau\/Orange (2er Set)\"}]},{\"@type\":\"WebSite\",\"@id\":\"https:\/\/hubsch-interior.com\/de\/#website\",\"url\":\"https:\/\/hubsch-interior.com\/de\/\",\"name\":\"H\u00fcbsch\",\"description\":\"Danish Home Interior and Design\",\"publisher\":{\"@id\":\"https:\/\/hubsch-interior.com\/de\/#organization\"},\"potentialAction\":[{\"@type\":\"SearchAction\",\"target\":{\"@type\":\"EntryPoint\",\"urlTemplate\":\"https:\/\/hubsch-interior.com\/de\/?s={search_term_string}\"},\"query-input\":{\"@type\":\"PropertyValueSpecification\",\"valueRequired\":true,\"valueName\":\"search_term_string\"}}],\"inLanguage\":\"de\"},{\"@type\":\"Organization\",\"@id\":\"https:\/\/hubsch-interior.com\/de\/#organization\",\"name\":\"H\u00fcbsch\",\"url\":\"https:\/\/hubsch-interior.com\/de\/\",\"logo\":{\"@type\":\"ImageObject\",\"inLanguage\":\"de\",\"@id\":\"https:\/\/hubsch-interior.com\/de\/#\/schema\/logo\/image\/\",\"url\":\"https:\/\/hubsch-interior.com\/wp-content\/uploads\/2022\/12\/Hubsch_logo_black_one_line.svg\",\"contentUrl\":\"https:\/\/hubsch-interior.com\/wp-content\/uploads\/2022\/12\/Hubsch_logo_black_one_line.svg\",\"caption\":\"H\u00fcbsch\"},\"image\":{\"@id\":\"https:\/\/hubsch-interior.com\/de\/#\/schema\/logo\/image\/\"}}]}<\/script>\n<!-- \/ Yoast SEO plugin. -->","yoast_head_json":{"title":"Amare Keramikplatten Hellblau\/Orange (2er Set) - H\u00fcbsch","description":"Vorstellung des neuesten Zuwachses in der Amare Serie - die Amare Keramikplatten! Erh\u00e4ltlich in zwei dynamischen Varianten - Hellblau und Orange - sind","robots":{"index":"index","follow":"follow","max-snippet":"max-snippet:-1","max-image-preview":"max-image-preview:large","max-video-preview":"max-video-preview:-1"},"canonical":"https:\/\/hubsch-interior.com\/de\/wp-json\/wp\/v2\/product\/975657","og_locale":"de_DE","og_type":"article","og_title":"Amare Keramikplatten Hellblau\/Orange (2er Set) - H\u00fcbsch","og_description":"Vorstellung des neuesten Zuwachses in der Amare Serie - die Amare Keramikplatten! Erh\u00e4ltlich in zwei dynamischen Varianten - Hellblau und Orange - sind","og_url":"https:\/\/hubsch-interior.com\/de\/produkt\/amare-keramikplatten-hellblau-orange-2er-set\/","og_site_name":"H\u00fcbsch","article_modified_time":"2026-04-09T02:28:15+00:00","og_image":[{"width":1200,"height":1200,"url":"https:\/\/hubsch-interior.com\/wp-content\/uploads\/2025\/04\/amare-ceramic-boards-light-blueorange-set-of-2-5d9bcfbc345f96e33be15c0a4aad3530.jpg","type":"image\/jpeg"}],"twitter_card":"summary_large_image","schema":{"@context":"https:\/\/schema.org","@graph":[{"@type":"WebPage","@id":"https:\/\/hubsch-interior.com\/de\/produkt\/amare-keramikplatten-hellblau-orange-2er-set\/","url":"https:\/\/hubsch-interior.com\/de\/produkt\/amare-keramikplatten-hellblau-orange-2er-set\/","name":"Amare Keramikplatten Hellblau\/Orange (2er Set) - H\u00fcbsch","isPartOf":{"@id":"https:\/\/hubsch-interior.com\/de\/#website"},"primaryImageOfPage":{"@id":"https:\/\/hubsch-interior.com\/de\/produkt\/amare-keramikplatten-hellblau-orange-2er-set\/#primaryimage"},"image":{"@id":"https:\/\/hubsch-interior.com\/de\/produkt\/amare-keramikplatten-hellblau-orange-2er-set\/#primaryimage"},"thumbnailUrl":"https:\/\/hubsch-interior.com\/wp-content\/uploads\/2026\/02\/amare-ceramic-boards-light-blueorange-set-of-2-53d4392a4bc3c8b2f560f87922441f2a.jpg","datePublished":"2024-01-29T07:30:34+00:00","dateModified":"2026-04-09T02:28:15+00:00","description":"Vorstellung des neuesten Zuwachses in der Amare Serie - die Amare Keramikplatten! Erh\u00e4ltlich in zwei dynamischen Varianten - Hellblau und Orange - sind","breadcrumb":{"@id":"https:\/\/hubsch-interior.com\/de\/produkt\/amare-keramikplatten-hellblau-orange-2er-set\/#breadcrumb"},"inLanguage":"de","potentialAction":[{"@type":"ReadAction","target":["https:\/\/hubsch-interior.com\/de\/produkt\/amare-keramikplatten-hellblau-orange-2er-set\/"]}]},{"@type":"ImageObject","inLanguage":"de","@id":"https:\/\/hubsch-interior.com\/de\/produkt\/amare-keramikplatten-hellblau-orange-2er-set\/#primaryimage","url":"https:\/\/hubsch-interior.com\/wp-content\/uploads\/2026\/02\/amare-ceramic-boards-light-blueorange-set-of-2-53d4392a4bc3c8b2f560f87922441f2a.jpg","contentUrl":"https:\/\/hubsch-interior.com\/wp-content\/uploads\/2026\/02\/amare-ceramic-boards-light-blueorange-set-of-2-53d4392a4bc3c8b2f560f87922441f2a.jpg","width":1024,"height":1024},{"@type":"BreadcrumbList","@id":"https:\/\/hubsch-interior.com\/de\/produkt\/amare-keramikplatten-hellblau-orange-2er-set\/#breadcrumb","itemListElement":[{"@type":"ListItem","position":1,"name":"Startseite","item":"https:\/\/hubsch-interior.com\/de\/"},{"@type":"ListItem","position":2,"name":"Produkte","item":"https:\/\/hubsch-interior.com\/de\/shop-2\/"},{"@type":"ListItem","position":3,"name":"Wohnaccessoires","item":"https:\/\/hubsch-interior.com\/de\/produkt-kategorie\/wohnaccessoires\/"},{"@type":"ListItem","position":4,"name":"K&uuml;chenzubeh&ouml;r","item":"https:\/\/hubsch-interior.com\/de\/produkt-kategorie\/wohnaccessoires\/kuechenzubehoer-de\/"},{"@type":"ListItem","position":5,"name":"Schneidebretter","item":"https:\/\/hubsch-interior.com\/de\/produkt-kategorie\/wohnaccessoires\/kuechenzubehoer-de\/schneidebretter-de\/"},{"@type":"ListItem","position":6,"name":"Amare Keramikplatten Hellblau\/Orange (2er Set)"}]},{"@type":"WebSite","@id":"https:\/\/hubsch-interior.com\/de\/#website","url":"https:\/\/hubsch-interior.com\/de\/","name":"H\u00fcbsch","description":"Danish Home Interior and Design","publisher":{"@id":"https:\/\/hubsch-interior.com\/de\/#organization"},"potentialAction":[{"@type":"SearchAction","target":{"@type":"EntryPoint","urlTemplate":"https:\/\/hubsch-interior.com\/de\/?s={search_term_string}"},"query-input":{"@type":"PropertyValueSpecification","valueRequired":true,"valueName":"search_term_string"}}],"inLanguage":"de"},{"@type":"Organization","@id":"https:\/\/hubsch-interior.com\/de\/#organization","name":"H\u00fcbsch","url":"https:\/\/hubsch-interior.com\/de\/","logo":{"@type":"ImageObject","inLanguage":"de","@id":"https:\/\/hubsch-interior.com\/de\/#\/schema\/logo\/image\/","url":"https:\/\/hubsch-interior.com\/wp-content\/uploads\/2022\/12\/Hubsch_logo_black_one_line.svg","contentUrl":"https:\/\/hubsch-interior.com\/wp-content\/uploads\/2022\/12\/Hubsch_logo_black_one_line.svg","caption":"H\u00fcbsch"},"image":{"@id":"https:\/\/hubsch-interior.com\/de\/#\/schema\/logo\/image\/"}}]}},"_links":{"self":[{"href":"https:\/\/hubsch-interior.com\/de\/wp-json\/wp\/v2\/product\/975657","targetHints":{"allow":["GET"]}}],"collection":[{"href":"https:\/\/hubsch-interior.com\/de\/wp-json\/wp\/v2\/product"}],"about":[{"href":"https:\/\/hubsch-interior.com\/de\/wp-json\/wp\/v2\/types\/product"}],"wp:featuredmedia":[{"embeddable":true,"href":"https:\/\/hubsch-interior.com\/de\/wp-json\/wp\/v2\/media\/1096488"}],"wp:attachment":[{"href":"https:\/\/hubsch-interior.com\/de\/wp-json\/wp\/v2\/media?parent=975657"}],"wp:term":[{"taxonomy":"product_brand","embeddable":true,"href":"https:\/\/hubsch-interior.com\/de\/wp-json\/wp\/v2\/product_brand?post=975657"},{"taxonomy":"product_cat","embeddable":true,"href":"https:\/\/hubsch-interior.com\/de\/wp-json\/wp\/v2\/product_cat?post=975657"},{"taxonomy":"product_tag","embeddable":true,"href":"https:\/\/hubsch-interior.com\/de\/wp-json\/wp\/v2\/product_tag?post=975657"}],"curies":[{"name":"wp","href":"https:\/\/api.w.org\/{rel}","templated":true}]}}