{"id":975677,"date":"2024-01-29T08:30:44","date_gmt":"2024-01-29T07:30:44","guid":{"rendered":"https:\/\/hubsch-interior.com\/product\/product\/"},"modified":"2026-04-30T04:27:53","modified_gmt":"2026-04-30T02:27:53","slug":"amare-keramikplatten-sandfarben-olive-2er-set","status":"publish","type":"product","link":"https:\/\/hubsch-interior.com\/de\/produkt\/amare-keramikplatten-sandfarben-olive-2er-set\/","title":{"rendered":"Amare Keramikplatten Sandfarben\/Olive (2er Set)"},"content":{"rendered":"<p>Erh\u00f6hen Sie Ihren Unterhaltungsspiel mit den Amare Keramikplatten. Erh\u00e4ltlich in zwei atemberaubenden Farben, Sand und Olive, sind diese dekorativen Platten die perfekte Erg\u00e4nzung zur Amare Serie. Hergestellt aus strapazierf\u00e4higem Steinpulver, sind diese vielseitigen Platten nicht nur optisch ansprechend, sondern auch hitzebest\u00e4ndig, was sie zu perfekten Servierplatten f\u00fcr Ihre Lieblings-Snacks macht. Verleihen Sie Ihren G\u00e4sten das volle Amare-Erlebnis, indem Sie diese stilvollen und funktionalen Platten zu Ihrer Sammlung hinzuf\u00fcgen. Ob f\u00fcr ein Abendessen oder eine zwanglose Zusammenkunft, diese Amare Keramikplatten werden sicher beeindrucken.<\/p>\n","protected":false},"excerpt":{"rendered":"<p>Erh\u00f6hen Sie Ihren Unterhaltungsspiel mit den Amare Keramikplatten. Erh\u00e4ltlich in zwei atemberaubenden Farben, Sand und Olive, sind diese dekorativen Platten die perfekte Erg\u00e4nzung zur Amare Serie. Hergestellt aus strapazierf\u00e4higem Steinpulver, sind diese vielseitigen Platten nicht nur optisch ansprechend, sondern auch hitzebest\u00e4ndig, was sie zu perfekten Servierplatten f\u00fcr Ihre Lieblings-Snacks macht. Verleihen Sie Ihren G\u00e4sten das [&hellip;]<\/p>\n","protected":false},"featured_media":1096508,"template":"","meta":{"_acf_changed":false,"inline_featured_image":false},"product_brand":[],"product_cat":[6674,5027,6884,6349,4055,6972,4124,7030,4096,7029],"product_tag":[],"class_list":{"0":"post-975677","1":"product","2":"type-product","3":"status-publish","4":"has-post-thumbnail","6":"product_cat-amare-tafelgeschirr-de","7":"product_cat-bestsellers-de","8":"product_cat-elevating-nostalgia-de","9":"product_cat-garden-selection-de","10":"product_cat-kuechenzubehoer-de","11":"product_cat-oster-sale","12":"product_cat-schneidebretter-de","13":"product_cat-servierplatten-und-teller-de","14":"product_cat-tischgeschirr-de","15":"product_cat-tischgeschirr-de-2","16":"product_shipping_class-pk","17":"pa_color-olive-3","18":"pa_color-sandfarben","19":"pa_material-stone-powder-100-4","21":"first","22":"instock","23":"featured","24":"taxable","25":"shipping-taxable","26":"purchasable","27":"product-type-simple"},"exclude_global_add_ons":[],"addons":[],"acf":[],"yoast_head":"<!-- This site is optimized with the Yoast SEO plugin v26.4 - https:\/\/yoast.com\/wordpress\/plugins\/seo\/ -->\n<title>Amare Keramikplatten Sandfarben\/Olive (2er Set) - H\u00fcbsch<\/title>\n<meta name=\"description\" content=\"Erh\u00f6hen Sie Ihren Unterhaltungsspiel mit den Amare Keramikplatten. Erh\u00e4ltlich in zwei atemberaubenden Farben, Sand und Olive, sind diese dekorativen\" \/>\n<meta name=\"robots\" content=\"index, follow, max-snippet:-1, max-image-preview:large, max-video-preview:-1\" \/>\n<link rel=\"canonical\" href=\"https:\/\/hubsch-interior.com\/de\/wp-json\/wp\/v2\/product\/975677\" \/>\n<meta property=\"og:locale\" content=\"de_DE\" \/>\n<meta property=\"og:type\" content=\"article\" \/>\n<meta property=\"og:title\" content=\"Amare Keramikplatten Sandfarben\/Olive (2er Set) - H\u00fcbsch\" \/>\n<meta property=\"og:description\" content=\"Erh\u00f6hen Sie Ihren Unterhaltungsspiel mit den Amare Keramikplatten. Erh\u00e4ltlich in zwei atemberaubenden Farben, Sand und Olive, sind diese dekorativen\" \/>\n<meta property=\"og:url\" content=\"https:\/\/hubsch-interior.com\/de\/produkt\/amare-keramikplatten-sandfarben-olive-2er-set\/\" \/>\n<meta property=\"og:site_name\" content=\"H\u00fcbsch\" \/>\n<meta property=\"article:modified_time\" content=\"2026-04-30T02:27:53+00:00\" \/>\n<meta property=\"og:image\" content=\"https:\/\/hubsch-interior.com\/wp-content\/uploads\/2025\/04\/amare-ceramic-boards-sandolive-set-of-2-56d480616ea957712cbbd37a6d4cd7db.jpg\" \/>\n\t<meta property=\"og:image:width\" content=\"1200\" \/>\n\t<meta property=\"og:image:height\" content=\"1200\" \/>\n\t<meta property=\"og:image:type\" content=\"image\/jpeg\" \/>\n<meta name=\"twitter:card\" content=\"summary_large_image\" \/>\n<script type=\"application\/ld+json\" class=\"yoast-schema-graph\">{\"@context\":\"https:\/\/schema.org\",\"@graph\":[{\"@type\":\"WebPage\",\"@id\":\"https:\/\/hubsch-interior.com\/de\/produkt\/amare-keramikplatten-sandfarben-olive-2er-set\/\",\"url\":\"https:\/\/hubsch-interior.com\/de\/produkt\/amare-keramikplatten-sandfarben-olive-2er-set\/\",\"name\":\"Amare Keramikplatten Sandfarben\/Olive (2er Set) - H\u00fcbsch\",\"isPartOf\":{\"@id\":\"https:\/\/hubsch-interior.com\/de\/#website\"},\"primaryImageOfPage\":{\"@id\":\"https:\/\/hubsch-interior.com\/de\/produkt\/amare-keramikplatten-sandfarben-olive-2er-set\/#primaryimage\"},\"image\":{\"@id\":\"https:\/\/hubsch-interior.com\/de\/produkt\/amare-keramikplatten-sandfarben-olive-2er-set\/#primaryimage\"},\"thumbnailUrl\":\"https:\/\/hubsch-interior.com\/wp-content\/uploads\/2026\/02\/amare-ceramic-boards-sandolive-set-of-2-f3a1c1e667e92759f2840874d207df8f.jpg\",\"datePublished\":\"2024-01-29T07:30:44+00:00\",\"dateModified\":\"2026-04-30T02:27:53+00:00\",\"description\":\"Erh\u00f6hen Sie Ihren Unterhaltungsspiel mit den Amare Keramikplatten. Erh\u00e4ltlich in zwei atemberaubenden Farben, Sand und Olive, sind diese dekorativen\",\"breadcrumb\":{\"@id\":\"https:\/\/hubsch-interior.com\/de\/produkt\/amare-keramikplatten-sandfarben-olive-2er-set\/#breadcrumb\"},\"inLanguage\":\"de\",\"potentialAction\":[{\"@type\":\"ReadAction\",\"target\":[\"https:\/\/hubsch-interior.com\/de\/produkt\/amare-keramikplatten-sandfarben-olive-2er-set\/\"]}]},{\"@type\":\"ImageObject\",\"inLanguage\":\"de\",\"@id\":\"https:\/\/hubsch-interior.com\/de\/produkt\/amare-keramikplatten-sandfarben-olive-2er-set\/#primaryimage\",\"url\":\"https:\/\/hubsch-interior.com\/wp-content\/uploads\/2026\/02\/amare-ceramic-boards-sandolive-set-of-2-f3a1c1e667e92759f2840874d207df8f.jpg\",\"contentUrl\":\"https:\/\/hubsch-interior.com\/wp-content\/uploads\/2026\/02\/amare-ceramic-boards-sandolive-set-of-2-f3a1c1e667e92759f2840874d207df8f.jpg\",\"width\":1024,\"height\":1024},{\"@type\":\"BreadcrumbList\",\"@id\":\"https:\/\/hubsch-interior.com\/de\/produkt\/amare-keramikplatten-sandfarben-olive-2er-set\/#breadcrumb\",\"itemListElement\":[{\"@type\":\"ListItem\",\"position\":1,\"name\":\"Startseite\",\"item\":\"https:\/\/hubsch-interior.com\/de\/\"},{\"@type\":\"ListItem\",\"position\":2,\"name\":\"Produkte\",\"item\":\"https:\/\/hubsch-interior.com\/de\/shop-2\/\"},{\"@type\":\"ListItem\",\"position\":3,\"name\":\"K\u00fcche\",\"item\":\"https:\/\/hubsch-interior.com\/de\/produkt-kategorie\/kuche\/\"},{\"@type\":\"ListItem\",\"position\":4,\"name\":\"Tischgeschirr\",\"item\":\"https:\/\/hubsch-interior.com\/de\/produkt-kategorie\/kuche\/tischgeschirr-de-2\/\"},{\"@type\":\"ListItem\",\"position\":5,\"name\":\"Servierplatten und Teller\",\"item\":\"https:\/\/hubsch-interior.com\/de\/produkt-kategorie\/kuche\/tischgeschirr-de-2\/servierplatten-und-teller-de\/\"},{\"@type\":\"ListItem\",\"position\":6,\"name\":\"Amare Keramikplatten Sandfarben\/Olive (2er Set)\"}]},{\"@type\":\"WebSite\",\"@id\":\"https:\/\/hubsch-interior.com\/de\/#website\",\"url\":\"https:\/\/hubsch-interior.com\/de\/\",\"name\":\"H\u00fcbsch\",\"description\":\"Danish Home Interior and Design\",\"publisher\":{\"@id\":\"https:\/\/hubsch-interior.com\/de\/#organization\"},\"potentialAction\":[{\"@type\":\"SearchAction\",\"target\":{\"@type\":\"EntryPoint\",\"urlTemplate\":\"https:\/\/hubsch-interior.com\/de\/?s={search_term_string}\"},\"query-input\":{\"@type\":\"PropertyValueSpecification\",\"valueRequired\":true,\"valueName\":\"search_term_string\"}}],\"inLanguage\":\"de\"},{\"@type\":\"Organization\",\"@id\":\"https:\/\/hubsch-interior.com\/de\/#organization\",\"name\":\"H\u00fcbsch\",\"url\":\"https:\/\/hubsch-interior.com\/de\/\",\"logo\":{\"@type\":\"ImageObject\",\"inLanguage\":\"de\",\"@id\":\"https:\/\/hubsch-interior.com\/de\/#\/schema\/logo\/image\/\",\"url\":\"https:\/\/hubsch-interior.com\/wp-content\/uploads\/2022\/12\/Hubsch_logo_black_one_line.svg\",\"contentUrl\":\"https:\/\/hubsch-interior.com\/wp-content\/uploads\/2022\/12\/Hubsch_logo_black_one_line.svg\",\"caption\":\"H\u00fcbsch\"},\"image\":{\"@id\":\"https:\/\/hubsch-interior.com\/de\/#\/schema\/logo\/image\/\"}}]}<\/script>\n<!-- \/ Yoast SEO plugin. -->","yoast_head_json":{"title":"Amare Keramikplatten Sandfarben\/Olive (2er Set) - H\u00fcbsch","description":"Erh\u00f6hen Sie Ihren Unterhaltungsspiel mit den Amare Keramikplatten. Erh\u00e4ltlich in zwei atemberaubenden Farben, Sand und Olive, sind diese dekorativen","robots":{"index":"index","follow":"follow","max-snippet":"max-snippet:-1","max-image-preview":"max-image-preview:large","max-video-preview":"max-video-preview:-1"},"canonical":"https:\/\/hubsch-interior.com\/de\/wp-json\/wp\/v2\/product\/975677","og_locale":"de_DE","og_type":"article","og_title":"Amare Keramikplatten Sandfarben\/Olive (2er Set) - H\u00fcbsch","og_description":"Erh\u00f6hen Sie Ihren Unterhaltungsspiel mit den Amare Keramikplatten. Erh\u00e4ltlich in zwei atemberaubenden Farben, Sand und Olive, sind diese dekorativen","og_url":"https:\/\/hubsch-interior.com\/de\/produkt\/amare-keramikplatten-sandfarben-olive-2er-set\/","og_site_name":"H\u00fcbsch","article_modified_time":"2026-04-30T02:27:53+00:00","og_image":[{"width":1200,"height":1200,"url":"https:\/\/hubsch-interior.com\/wp-content\/uploads\/2025\/04\/amare-ceramic-boards-sandolive-set-of-2-56d480616ea957712cbbd37a6d4cd7db.jpg","type":"image\/jpeg"}],"twitter_card":"summary_large_image","schema":{"@context":"https:\/\/schema.org","@graph":[{"@type":"WebPage","@id":"https:\/\/hubsch-interior.com\/de\/produkt\/amare-keramikplatten-sandfarben-olive-2er-set\/","url":"https:\/\/hubsch-interior.com\/de\/produkt\/amare-keramikplatten-sandfarben-olive-2er-set\/","name":"Amare Keramikplatten Sandfarben\/Olive (2er Set) - H\u00fcbsch","isPartOf":{"@id":"https:\/\/hubsch-interior.com\/de\/#website"},"primaryImageOfPage":{"@id":"https:\/\/hubsch-interior.com\/de\/produkt\/amare-keramikplatten-sandfarben-olive-2er-set\/#primaryimage"},"image":{"@id":"https:\/\/hubsch-interior.com\/de\/produkt\/amare-keramikplatten-sandfarben-olive-2er-set\/#primaryimage"},"thumbnailUrl":"https:\/\/hubsch-interior.com\/wp-content\/uploads\/2026\/02\/amare-ceramic-boards-sandolive-set-of-2-f3a1c1e667e92759f2840874d207df8f.jpg","datePublished":"2024-01-29T07:30:44+00:00","dateModified":"2026-04-30T02:27:53+00:00","description":"Erh\u00f6hen Sie Ihren Unterhaltungsspiel mit den Amare Keramikplatten. Erh\u00e4ltlich in zwei atemberaubenden Farben, Sand und Olive, sind diese dekorativen","breadcrumb":{"@id":"https:\/\/hubsch-interior.com\/de\/produkt\/amare-keramikplatten-sandfarben-olive-2er-set\/#breadcrumb"},"inLanguage":"de","potentialAction":[{"@type":"ReadAction","target":["https:\/\/hubsch-interior.com\/de\/produkt\/amare-keramikplatten-sandfarben-olive-2er-set\/"]}]},{"@type":"ImageObject","inLanguage":"de","@id":"https:\/\/hubsch-interior.com\/de\/produkt\/amare-keramikplatten-sandfarben-olive-2er-set\/#primaryimage","url":"https:\/\/hubsch-interior.com\/wp-content\/uploads\/2026\/02\/amare-ceramic-boards-sandolive-set-of-2-f3a1c1e667e92759f2840874d207df8f.jpg","contentUrl":"https:\/\/hubsch-interior.com\/wp-content\/uploads\/2026\/02\/amare-ceramic-boards-sandolive-set-of-2-f3a1c1e667e92759f2840874d207df8f.jpg","width":1024,"height":1024},{"@type":"BreadcrumbList","@id":"https:\/\/hubsch-interior.com\/de\/produkt\/amare-keramikplatten-sandfarben-olive-2er-set\/#breadcrumb","itemListElement":[{"@type":"ListItem","position":1,"name":"Startseite","item":"https:\/\/hubsch-interior.com\/de\/"},{"@type":"ListItem","position":2,"name":"Produkte","item":"https:\/\/hubsch-interior.com\/de\/shop-2\/"},{"@type":"ListItem","position":3,"name":"K\u00fcche","item":"https:\/\/hubsch-interior.com\/de\/produkt-kategorie\/kuche\/"},{"@type":"ListItem","position":4,"name":"Tischgeschirr","item":"https:\/\/hubsch-interior.com\/de\/produkt-kategorie\/kuche\/tischgeschirr-de-2\/"},{"@type":"ListItem","position":5,"name":"Servierplatten und Teller","item":"https:\/\/hubsch-interior.com\/de\/produkt-kategorie\/kuche\/tischgeschirr-de-2\/servierplatten-und-teller-de\/"},{"@type":"ListItem","position":6,"name":"Amare Keramikplatten Sandfarben\/Olive (2er Set)"}]},{"@type":"WebSite","@id":"https:\/\/hubsch-interior.com\/de\/#website","url":"https:\/\/hubsch-interior.com\/de\/","name":"H\u00fcbsch","description":"Danish Home Interior and Design","publisher":{"@id":"https:\/\/hubsch-interior.com\/de\/#organization"},"potentialAction":[{"@type":"SearchAction","target":{"@type":"EntryPoint","urlTemplate":"https:\/\/hubsch-interior.com\/de\/?s={search_term_string}"},"query-input":{"@type":"PropertyValueSpecification","valueRequired":true,"valueName":"search_term_string"}}],"inLanguage":"de"},{"@type":"Organization","@id":"https:\/\/hubsch-interior.com\/de\/#organization","name":"H\u00fcbsch","url":"https:\/\/hubsch-interior.com\/de\/","logo":{"@type":"ImageObject","inLanguage":"de","@id":"https:\/\/hubsch-interior.com\/de\/#\/schema\/logo\/image\/","url":"https:\/\/hubsch-interior.com\/wp-content\/uploads\/2022\/12\/Hubsch_logo_black_one_line.svg","contentUrl":"https:\/\/hubsch-interior.com\/wp-content\/uploads\/2022\/12\/Hubsch_logo_black_one_line.svg","caption":"H\u00fcbsch"},"image":{"@id":"https:\/\/hubsch-interior.com\/de\/#\/schema\/logo\/image\/"}}]}},"_links":{"self":[{"href":"https:\/\/hubsch-interior.com\/de\/wp-json\/wp\/v2\/product\/975677","targetHints":{"allow":["GET"]}}],"collection":[{"href":"https:\/\/hubsch-interior.com\/de\/wp-json\/wp\/v2\/product"}],"about":[{"href":"https:\/\/hubsch-interior.com\/de\/wp-json\/wp\/v2\/types\/product"}],"wp:featuredmedia":[{"embeddable":true,"href":"https:\/\/hubsch-interior.com\/de\/wp-json\/wp\/v2\/media\/1096508"}],"wp:attachment":[{"href":"https:\/\/hubsch-interior.com\/de\/wp-json\/wp\/v2\/media?parent=975677"}],"wp:term":[{"taxonomy":"product_brand","embeddable":true,"href":"https:\/\/hubsch-interior.com\/de\/wp-json\/wp\/v2\/product_brand?post=975677"},{"taxonomy":"product_cat","embeddable":true,"href":"https:\/\/hubsch-interior.com\/de\/wp-json\/wp\/v2\/product_cat?post=975677"},{"taxonomy":"product_tag","embeddable":true,"href":"https:\/\/hubsch-interior.com\/de\/wp-json\/wp\/v2\/product_tag?post=975677"}],"curies":[{"name":"wp","href":"https:\/\/api.w.org\/{rel}","templated":true}]}}