{"id":975741,"date":"2024-01-29T08:31:18","date_gmt":"2024-01-29T07:31:18","guid":{"rendered":"https:\/\/hubsch-interior.com\/product\/product\/"},"modified":"2026-04-09T04:28:43","modified_gmt":"2026-04-09T02:28:43","slug":"amare-schale-small-rotbraun","status":"publish","type":"product","link":"https:\/\/hubsch-interior.com\/de\/produkt\/amare-schale-small-rotbraun\/","title":{"rendered":"Amare Schale Small Rotbraun"},"content":{"rendered":"<p>Treffen Sie die neueste Erg\u00e4nzung der Amare-Serie &#8211; die Amare Schale! Verbessern Sie Ihr Esserlebnis mit unserer modernen und vielseitigen Schale, erh\u00e4ltlich in f\u00fcnf atemberaubenden Varianten. Diese spezielle Variante ist in einem satten Burgunder-Ton erh\u00e4ltlich, perfekt um Ihrem Tischgedeck eine elegante Note zu verleihen. Aus hochwertigem Steinpulver gefertigt, ist unsere Amare Schale nicht nur hitzebest\u00e4ndig, sondern auch langlebig f\u00fcr den langfristigen Gebrauch. F\u00fcr Ihre Lieblingsfr\u00fcchte oder -gem\u00fcse oder verwenden Sie sie als Salatsch\u00fcssel f\u00fcr zwei Personen. Vervollst\u00e4ndigen Sie Ihre Amare-Kollektion und geben Sie Ihren G\u00e4sten das volle Amare-Erlebnis.<\/p>\n","protected":false},"excerpt":{"rendered":"<p>Treffen Sie die neueste Erg\u00e4nzung der Amare-Serie &#8211; die Amare Schale! Verbessern Sie Ihr Esserlebnis mit unserer modernen und vielseitigen Schale, erh\u00e4ltlich in f\u00fcnf atemberaubenden Varianten. Diese spezielle Variante ist in einem satten Burgunder-Ton erh\u00e4ltlich, perfekt um Ihrem Tischgedeck eine elegante Note zu verleihen. Aus hochwertigem Steinpulver gefertigt, ist unsere Amare Schale nicht nur hitzebest\u00e4ndig, [&hellip;]<\/p>\n","protected":false},"featured_media":1096564,"template":"","meta":{"_acf_changed":false,"inline_featured_image":false},"product_brand":[],"product_cat":[6674,6884,4055,6972,6519,7030,7044,7078,7029,4096],"product_tag":[],"class_list":{"0":"post-975741","1":"product","2":"type-product","3":"status-publish","4":"has-post-thumbnail","6":"product_cat-amare-tafelgeschirr-de","7":"product_cat-elevating-nostalgia-de","8":"product_cat-kuechenzubehoer-de","9":"product_cat-oster-sale","10":"product_cat-outlet-de","11":"product_cat-servierplatten-und-teller-de","12":"product_cat-servierschalen-de","13":"product_cat-teller-und-schuesseln-de","14":"product_cat-tischgeschirr-de-2","15":"product_cat-tischgeschirr-de","16":"product_shipping_class-pk","18":"pa_color-rotbraun-2","19":"pa_material-stone-powder-100-4","21":"first","22":"instock","23":"sale","24":"taxable","25":"shipping-taxable","26":"purchasable","27":"product-type-simple"},"exclude_global_add_ons":[],"addons":[],"acf":[],"yoast_head":"<!-- This site is optimized with the Yoast SEO plugin v26.4 - https:\/\/yoast.com\/wordpress\/plugins\/seo\/ -->\n<title>Amare Schale Small Rotbraun - H\u00fcbsch<\/title>\n<meta name=\"description\" content=\"Treffen Sie die neueste Erg\u00e4nzung der Amare-Serie - die Amare Schale! Verbessern Sie Ihr Esserlebnis mit unserer modernen und vielseitigen Schale,\" \/>\n<meta name=\"robots\" content=\"index, follow, max-snippet:-1, max-image-preview:large, max-video-preview:-1\" \/>\n<link rel=\"canonical\" href=\"https:\/\/hubsch-interior.com\/de\/wp-json\/wp\/v2\/product\/975741\" \/>\n<meta property=\"og:locale\" content=\"de_DE\" \/>\n<meta property=\"og:type\" content=\"article\" \/>\n<meta property=\"og:title\" content=\"Amare Schale Small Rotbraun - H\u00fcbsch\" \/>\n<meta property=\"og:description\" content=\"Treffen Sie die neueste Erg\u00e4nzung der Amare-Serie - die Amare Schale! Verbessern Sie Ihr Esserlebnis mit unserer modernen und vielseitigen Schale,\" \/>\n<meta property=\"og:url\" content=\"https:\/\/hubsch-interior.com\/de\/produkt\/amare-schale-small-rotbraun\/\" \/>\n<meta property=\"og:site_name\" content=\"H\u00fcbsch\" \/>\n<meta property=\"article:modified_time\" content=\"2026-04-09T02:28:43+00:00\" \/>\n<meta property=\"og:image\" content=\"https:\/\/hubsch-interior.com\/wp-content\/uploads\/2024\/01\/amare-bowl-small-maroon-512c0893e78f410ab100e1174aa62717.jpg\" \/>\n\t<meta property=\"og:image:width\" content=\"1200\" \/>\n\t<meta property=\"og:image:height\" content=\"1200\" \/>\n\t<meta property=\"og:image:type\" content=\"image\/jpeg\" \/>\n<meta name=\"twitter:card\" content=\"summary_large_image\" \/>\n<meta name=\"twitter:label1\" content=\"Gesch\u00e4tzte Lesezeit\" \/>\n\t<meta name=\"twitter:data1\" content=\"1\u00a0Minute\" \/>\n<script type=\"application\/ld+json\" class=\"yoast-schema-graph\">{\"@context\":\"https:\/\/schema.org\",\"@graph\":[{\"@type\":\"WebPage\",\"@id\":\"https:\/\/hubsch-interior.com\/de\/produkt\/amare-schale-small-rotbraun\/\",\"url\":\"https:\/\/hubsch-interior.com\/de\/produkt\/amare-schale-small-rotbraun\/\",\"name\":\"Amare Schale Small Rotbraun - H\u00fcbsch\",\"isPartOf\":{\"@id\":\"https:\/\/hubsch-interior.com\/de\/#website\"},\"primaryImageOfPage\":{\"@id\":\"https:\/\/hubsch-interior.com\/de\/produkt\/amare-schale-small-rotbraun\/#primaryimage\"},\"image\":{\"@id\":\"https:\/\/hubsch-interior.com\/de\/produkt\/amare-schale-small-rotbraun\/#primaryimage\"},\"thumbnailUrl\":\"https:\/\/hubsch-interior.com\/wp-content\/uploads\/2026\/02\/amare-bowl-small-maroon-cad5ca1e271479c2ada38f3fbc45754e.jpg\",\"datePublished\":\"2024-01-29T07:31:18+00:00\",\"dateModified\":\"2026-04-09T02:28:43+00:00\",\"description\":\"Treffen Sie die neueste Erg\u00e4nzung der Amare-Serie - die Amare Schale! Verbessern Sie Ihr Esserlebnis mit unserer modernen und vielseitigen Schale,\",\"breadcrumb\":{\"@id\":\"https:\/\/hubsch-interior.com\/de\/produkt\/amare-schale-small-rotbraun\/#breadcrumb\"},\"inLanguage\":\"de\",\"potentialAction\":[{\"@type\":\"ReadAction\",\"target\":[\"https:\/\/hubsch-interior.com\/de\/produkt\/amare-schale-small-rotbraun\/\"]}]},{\"@type\":\"ImageObject\",\"inLanguage\":\"de\",\"@id\":\"https:\/\/hubsch-interior.com\/de\/produkt\/amare-schale-small-rotbraun\/#primaryimage\",\"url\":\"https:\/\/hubsch-interior.com\/wp-content\/uploads\/2026\/02\/amare-bowl-small-maroon-cad5ca1e271479c2ada38f3fbc45754e.jpg\",\"contentUrl\":\"https:\/\/hubsch-interior.com\/wp-content\/uploads\/2026\/02\/amare-bowl-small-maroon-cad5ca1e271479c2ada38f3fbc45754e.jpg\",\"width\":1024,\"height\":1024},{\"@type\":\"BreadcrumbList\",\"@id\":\"https:\/\/hubsch-interior.com\/de\/produkt\/amare-schale-small-rotbraun\/#breadcrumb\",\"itemListElement\":[{\"@type\":\"ListItem\",\"position\":1,\"name\":\"Startseite\",\"item\":\"https:\/\/hubsch-interior.com\/de\/\"},{\"@type\":\"ListItem\",\"position\":2,\"name\":\"Produkte\",\"item\":\"https:\/\/hubsch-interior.com\/de\/shop-2\/\"},{\"@type\":\"ListItem\",\"position\":3,\"name\":\"K\u00fcche\",\"item\":\"https:\/\/hubsch-interior.com\/de\/produkt-kategorie\/kuche\/\"},{\"@type\":\"ListItem\",\"position\":4,\"name\":\"Tischgeschirr\",\"item\":\"https:\/\/hubsch-interior.com\/de\/produkt-kategorie\/kuche\/tischgeschirr-de-2\/\"},{\"@type\":\"ListItem\",\"position\":5,\"name\":\"Servierplatten und Teller\",\"item\":\"https:\/\/hubsch-interior.com\/de\/produkt-kategorie\/kuche\/tischgeschirr-de-2\/servierplatten-und-teller-de\/\"},{\"@type\":\"ListItem\",\"position\":6,\"name\":\"Amare Schale Small Rotbraun\"}]},{\"@type\":\"WebSite\",\"@id\":\"https:\/\/hubsch-interior.com\/de\/#website\",\"url\":\"https:\/\/hubsch-interior.com\/de\/\",\"name\":\"H\u00fcbsch\",\"description\":\"Danish Home Interior and Design\",\"publisher\":{\"@id\":\"https:\/\/hubsch-interior.com\/de\/#organization\"},\"potentialAction\":[{\"@type\":\"SearchAction\",\"target\":{\"@type\":\"EntryPoint\",\"urlTemplate\":\"https:\/\/hubsch-interior.com\/de\/?s={search_term_string}\"},\"query-input\":{\"@type\":\"PropertyValueSpecification\",\"valueRequired\":true,\"valueName\":\"search_term_string\"}}],\"inLanguage\":\"de\"},{\"@type\":\"Organization\",\"@id\":\"https:\/\/hubsch-interior.com\/de\/#organization\",\"name\":\"H\u00fcbsch\",\"url\":\"https:\/\/hubsch-interior.com\/de\/\",\"logo\":{\"@type\":\"ImageObject\",\"inLanguage\":\"de\",\"@id\":\"https:\/\/hubsch-interior.com\/de\/#\/schema\/logo\/image\/\",\"url\":\"https:\/\/hubsch-interior.com\/wp-content\/uploads\/2022\/12\/Hubsch_logo_black_one_line.svg\",\"contentUrl\":\"https:\/\/hubsch-interior.com\/wp-content\/uploads\/2022\/12\/Hubsch_logo_black_one_line.svg\",\"caption\":\"H\u00fcbsch\"},\"image\":{\"@id\":\"https:\/\/hubsch-interior.com\/de\/#\/schema\/logo\/image\/\"}}]}<\/script>\n<!-- \/ Yoast SEO plugin. -->","yoast_head_json":{"title":"Amare Schale Small Rotbraun - H\u00fcbsch","description":"Treffen Sie die neueste Erg\u00e4nzung der Amare-Serie - die Amare Schale! Verbessern Sie Ihr Esserlebnis mit unserer modernen und vielseitigen Schale,","robots":{"index":"index","follow":"follow","max-snippet":"max-snippet:-1","max-image-preview":"max-image-preview:large","max-video-preview":"max-video-preview:-1"},"canonical":"https:\/\/hubsch-interior.com\/de\/wp-json\/wp\/v2\/product\/975741","og_locale":"de_DE","og_type":"article","og_title":"Amare Schale Small Rotbraun - H\u00fcbsch","og_description":"Treffen Sie die neueste Erg\u00e4nzung der Amare-Serie - die Amare Schale! Verbessern Sie Ihr Esserlebnis mit unserer modernen und vielseitigen Schale,","og_url":"https:\/\/hubsch-interior.com\/de\/produkt\/amare-schale-small-rotbraun\/","og_site_name":"H\u00fcbsch","article_modified_time":"2026-04-09T02:28:43+00:00","og_image":[{"width":1200,"height":1200,"url":"https:\/\/hubsch-interior.com\/wp-content\/uploads\/2024\/01\/amare-bowl-small-maroon-512c0893e78f410ab100e1174aa62717.jpg","type":"image\/jpeg"}],"twitter_card":"summary_large_image","twitter_misc":{"Gesch\u00e4tzte Lesezeit":"1\u00a0Minute"},"schema":{"@context":"https:\/\/schema.org","@graph":[{"@type":"WebPage","@id":"https:\/\/hubsch-interior.com\/de\/produkt\/amare-schale-small-rotbraun\/","url":"https:\/\/hubsch-interior.com\/de\/produkt\/amare-schale-small-rotbraun\/","name":"Amare Schale Small Rotbraun - H\u00fcbsch","isPartOf":{"@id":"https:\/\/hubsch-interior.com\/de\/#website"},"primaryImageOfPage":{"@id":"https:\/\/hubsch-interior.com\/de\/produkt\/amare-schale-small-rotbraun\/#primaryimage"},"image":{"@id":"https:\/\/hubsch-interior.com\/de\/produkt\/amare-schale-small-rotbraun\/#primaryimage"},"thumbnailUrl":"https:\/\/hubsch-interior.com\/wp-content\/uploads\/2026\/02\/amare-bowl-small-maroon-cad5ca1e271479c2ada38f3fbc45754e.jpg","datePublished":"2024-01-29T07:31:18+00:00","dateModified":"2026-04-09T02:28:43+00:00","description":"Treffen Sie die neueste Erg\u00e4nzung der Amare-Serie - die Amare Schale! Verbessern Sie Ihr Esserlebnis mit unserer modernen und vielseitigen Schale,","breadcrumb":{"@id":"https:\/\/hubsch-interior.com\/de\/produkt\/amare-schale-small-rotbraun\/#breadcrumb"},"inLanguage":"de","potentialAction":[{"@type":"ReadAction","target":["https:\/\/hubsch-interior.com\/de\/produkt\/amare-schale-small-rotbraun\/"]}]},{"@type":"ImageObject","inLanguage":"de","@id":"https:\/\/hubsch-interior.com\/de\/produkt\/amare-schale-small-rotbraun\/#primaryimage","url":"https:\/\/hubsch-interior.com\/wp-content\/uploads\/2026\/02\/amare-bowl-small-maroon-cad5ca1e271479c2ada38f3fbc45754e.jpg","contentUrl":"https:\/\/hubsch-interior.com\/wp-content\/uploads\/2026\/02\/amare-bowl-small-maroon-cad5ca1e271479c2ada38f3fbc45754e.jpg","width":1024,"height":1024},{"@type":"BreadcrumbList","@id":"https:\/\/hubsch-interior.com\/de\/produkt\/amare-schale-small-rotbraun\/#breadcrumb","itemListElement":[{"@type":"ListItem","position":1,"name":"Startseite","item":"https:\/\/hubsch-interior.com\/de\/"},{"@type":"ListItem","position":2,"name":"Produkte","item":"https:\/\/hubsch-interior.com\/de\/shop-2\/"},{"@type":"ListItem","position":3,"name":"K\u00fcche","item":"https:\/\/hubsch-interior.com\/de\/produkt-kategorie\/kuche\/"},{"@type":"ListItem","position":4,"name":"Tischgeschirr","item":"https:\/\/hubsch-interior.com\/de\/produkt-kategorie\/kuche\/tischgeschirr-de-2\/"},{"@type":"ListItem","position":5,"name":"Servierplatten und Teller","item":"https:\/\/hubsch-interior.com\/de\/produkt-kategorie\/kuche\/tischgeschirr-de-2\/servierplatten-und-teller-de\/"},{"@type":"ListItem","position":6,"name":"Amare Schale Small Rotbraun"}]},{"@type":"WebSite","@id":"https:\/\/hubsch-interior.com\/de\/#website","url":"https:\/\/hubsch-interior.com\/de\/","name":"H\u00fcbsch","description":"Danish Home Interior and Design","publisher":{"@id":"https:\/\/hubsch-interior.com\/de\/#organization"},"potentialAction":[{"@type":"SearchAction","target":{"@type":"EntryPoint","urlTemplate":"https:\/\/hubsch-interior.com\/de\/?s={search_term_string}"},"query-input":{"@type":"PropertyValueSpecification","valueRequired":true,"valueName":"search_term_string"}}],"inLanguage":"de"},{"@type":"Organization","@id":"https:\/\/hubsch-interior.com\/de\/#organization","name":"H\u00fcbsch","url":"https:\/\/hubsch-interior.com\/de\/","logo":{"@type":"ImageObject","inLanguage":"de","@id":"https:\/\/hubsch-interior.com\/de\/#\/schema\/logo\/image\/","url":"https:\/\/hubsch-interior.com\/wp-content\/uploads\/2022\/12\/Hubsch_logo_black_one_line.svg","contentUrl":"https:\/\/hubsch-interior.com\/wp-content\/uploads\/2022\/12\/Hubsch_logo_black_one_line.svg","caption":"H\u00fcbsch"},"image":{"@id":"https:\/\/hubsch-interior.com\/de\/#\/schema\/logo\/image\/"}}]}},"_links":{"self":[{"href":"https:\/\/hubsch-interior.com\/de\/wp-json\/wp\/v2\/product\/975741","targetHints":{"allow":["GET"]}}],"collection":[{"href":"https:\/\/hubsch-interior.com\/de\/wp-json\/wp\/v2\/product"}],"about":[{"href":"https:\/\/hubsch-interior.com\/de\/wp-json\/wp\/v2\/types\/product"}],"wp:featuredmedia":[{"embeddable":true,"href":"https:\/\/hubsch-interior.com\/de\/wp-json\/wp\/v2\/media\/1096564"}],"wp:attachment":[{"href":"https:\/\/hubsch-interior.com\/de\/wp-json\/wp\/v2\/media?parent=975741"}],"wp:term":[{"taxonomy":"product_brand","embeddable":true,"href":"https:\/\/hubsch-interior.com\/de\/wp-json\/wp\/v2\/product_brand?post=975741"},{"taxonomy":"product_cat","embeddable":true,"href":"https:\/\/hubsch-interior.com\/de\/wp-json\/wp\/v2\/product_cat?post=975741"},{"taxonomy":"product_tag","embeddable":true,"href":"https:\/\/hubsch-interior.com\/de\/wp-json\/wp\/v2\/product_tag?post=975741"}],"curies":[{"name":"wp","href":"https:\/\/api.w.org\/{rel}","templated":true}]}}