{"id":975773,"date":"2024-01-29T08:31:30","date_gmt":"2024-01-29T07:31:30","guid":{"rendered":"https:\/\/hubsch-interior.com\/product\/product\/"},"modified":"2026-04-09T04:28:50","modified_gmt":"2026-04-09T02:28:50","slug":"amare-schale-medium-olive","status":"publish","type":"product","link":"https:\/\/hubsch-interior.com\/de\/produkt\/amare-schale-medium-olive\/","title":{"rendered":"Amare Schale Medium Olive"},"content":{"rendered":"<p>Die Amare Schale in einem wundersch\u00f6nen Olivton ist perfekt, um sie Ihrer Sammlung der Amare Serie hinzuzuf\u00fcgen. Hergestellt aus hochwertigem Steinpulver, strahlt diese Schale Eleganz und Best\u00e4ndigkeit aus. Mit ihren gro\u00dfz\u00fcgigen Ma\u00dfen eignet sie sich ideal f\u00fcr das Servieren gro\u00dfer Salate f\u00fcr vier oder mehr G\u00e4ste und ist somit ein Muss f\u00fcr jede Dinnerparty. Verw\u00f6hnen Sie Ihre G\u00e4ste mit dem vollen Amare-Erlebnis mit dieser atemberaubenden Schale. In f\u00fcnf verschiedenen Varianten erh\u00e4ltlich, ist die Amare Schale in Olive eine vielseitige und stilvolle Erg\u00e4nzung zu Ihrem Geschirr.<\/p>\n","protected":false},"excerpt":{"rendered":"<p>Die Amare Schale in einem wundersch\u00f6nen Olivton ist perfekt, um sie Ihrer Sammlung der Amare Serie hinzuzuf\u00fcgen. Hergestellt aus hochwertigem Steinpulver, strahlt diese Schale Eleganz und Best\u00e4ndigkeit aus. Mit ihren gro\u00dfz\u00fcgigen Ma\u00dfen eignet sie sich ideal f\u00fcr das Servieren gro\u00dfer Salate f\u00fcr vier oder mehr G\u00e4ste und ist somit ein Muss f\u00fcr jede Dinnerparty. Verw\u00f6hnen [&hellip;]<\/p>\n","protected":false},"featured_media":1096588,"template":"","meta":{"_acf_changed":false,"inline_featured_image":false},"product_brand":[],"product_cat":[6884,6972,7030,7029,6674,4055,4096,5027,6519],"product_tag":[],"class_list":{"0":"post-975773","1":"product","2":"type-product","3":"status-publish","4":"has-post-thumbnail","6":"product_cat-elevating-nostalgia-de","7":"product_cat-oster-sale","8":"product_cat-servierplatten-und-teller-de","9":"product_cat-tischgeschirr-de-2","10":"product_cat-amare-tafelgeschirr-de","11":"product_cat-kuechenzubehoer-de","12":"product_cat-tischgeschirr-de","13":"product_cat-bestsellers-de","14":"product_cat-outlet-de","15":"product_shipping_class-pk","17":"pa_color-olive-3","18":"pa_material-stone-powder-100-4","20":"first","21":"instock","22":"sale","23":"featured","24":"taxable","25":"shipping-taxable","26":"purchasable","27":"product-type-simple"},"exclude_global_add_ons":[],"addons":[],"acf":[],"yoast_head":"<!-- This site is optimized with the Yoast SEO plugin v26.4 - https:\/\/yoast.com\/wordpress\/plugins\/seo\/ -->\n<title>Amare Schale Medium Olive - H\u00fcbsch<\/title>\n<meta name=\"description\" content=\"Die Amare Schale in einem wundersch\u00f6nen Olivton ist perfekt, um sie Ihrer Sammlung der Amare Serie hinzuzuf\u00fcgen. Hergestellt aus hochwertigem Steinpulver,\" \/>\n<meta name=\"robots\" content=\"index, follow, max-snippet:-1, max-image-preview:large, max-video-preview:-1\" \/>\n<link rel=\"canonical\" href=\"https:\/\/hubsch-interior.com\/de\/wp-json\/wp\/v2\/product\/975773\" \/>\n<meta property=\"og:locale\" content=\"de_DE\" \/>\n<meta property=\"og:type\" content=\"article\" \/>\n<meta property=\"og:title\" content=\"Amare Schale Medium Olive - H\u00fcbsch\" \/>\n<meta property=\"og:description\" content=\"Die Amare Schale in einem wundersch\u00f6nen Olivton ist perfekt, um sie Ihrer Sammlung der Amare Serie hinzuzuf\u00fcgen. Hergestellt aus hochwertigem Steinpulver,\" \/>\n<meta property=\"og:url\" content=\"https:\/\/hubsch-interior.com\/de\/produkt\/amare-schale-medium-olive\/\" \/>\n<meta property=\"og:site_name\" content=\"H\u00fcbsch\" \/>\n<meta property=\"article:modified_time\" content=\"2026-04-09T02:28:50+00:00\" \/>\n<meta property=\"og:image\" content=\"https:\/\/hubsch-interior.com\/wp-content\/uploads\/2024\/08\/amare-bowl-medium-olive-3286e549b357d44024581cc9d1a1e2c5.jpg\" \/>\n\t<meta property=\"og:image:width\" content=\"1200\" \/>\n\t<meta property=\"og:image:height\" content=\"1200\" \/>\n\t<meta property=\"og:image:type\" content=\"image\/jpeg\" \/>\n<meta name=\"twitter:card\" content=\"summary_large_image\" \/>\n<meta name=\"twitter:label1\" content=\"Gesch\u00e4tzte Lesezeit\" \/>\n\t<meta name=\"twitter:data1\" content=\"1\u00a0Minute\" \/>\n<script type=\"application\/ld+json\" class=\"yoast-schema-graph\">{\"@context\":\"https:\/\/schema.org\",\"@graph\":[{\"@type\":\"WebPage\",\"@id\":\"https:\/\/hubsch-interior.com\/de\/produkt\/amare-schale-medium-olive\/\",\"url\":\"https:\/\/hubsch-interior.com\/de\/produkt\/amare-schale-medium-olive\/\",\"name\":\"Amare Schale Medium Olive - H\u00fcbsch\",\"isPartOf\":{\"@id\":\"https:\/\/hubsch-interior.com\/de\/#website\"},\"primaryImageOfPage\":{\"@id\":\"https:\/\/hubsch-interior.com\/de\/produkt\/amare-schale-medium-olive\/#primaryimage\"},\"image\":{\"@id\":\"https:\/\/hubsch-interior.com\/de\/produkt\/amare-schale-medium-olive\/#primaryimage\"},\"thumbnailUrl\":\"https:\/\/hubsch-interior.com\/wp-content\/uploads\/2026\/02\/amare-bowl-medium-olive-de461e2b3b0ef554c8fae71ecd624bec.jpg\",\"datePublished\":\"2024-01-29T07:31:30+00:00\",\"dateModified\":\"2026-04-09T02:28:50+00:00\",\"description\":\"Die Amare Schale in einem wundersch\u00f6nen Olivton ist perfekt, um sie Ihrer Sammlung der Amare Serie hinzuzuf\u00fcgen. Hergestellt aus hochwertigem Steinpulver,\",\"breadcrumb\":{\"@id\":\"https:\/\/hubsch-interior.com\/de\/produkt\/amare-schale-medium-olive\/#breadcrumb\"},\"inLanguage\":\"de\",\"potentialAction\":[{\"@type\":\"ReadAction\",\"target\":[\"https:\/\/hubsch-interior.com\/de\/produkt\/amare-schale-medium-olive\/\"]}]},{\"@type\":\"ImageObject\",\"inLanguage\":\"de\",\"@id\":\"https:\/\/hubsch-interior.com\/de\/produkt\/amare-schale-medium-olive\/#primaryimage\",\"url\":\"https:\/\/hubsch-interior.com\/wp-content\/uploads\/2026\/02\/amare-bowl-medium-olive-de461e2b3b0ef554c8fae71ecd624bec.jpg\",\"contentUrl\":\"https:\/\/hubsch-interior.com\/wp-content\/uploads\/2026\/02\/amare-bowl-medium-olive-de461e2b3b0ef554c8fae71ecd624bec.jpg\",\"width\":1024,\"height\":1024},{\"@type\":\"BreadcrumbList\",\"@id\":\"https:\/\/hubsch-interior.com\/de\/produkt\/amare-schale-medium-olive\/#breadcrumb\",\"itemListElement\":[{\"@type\":\"ListItem\",\"position\":1,\"name\":\"Startseite\",\"item\":\"https:\/\/hubsch-interior.com\/de\/\"},{\"@type\":\"ListItem\",\"position\":2,\"name\":\"Produkte\",\"item\":\"https:\/\/hubsch-interior.com\/de\/shop-2\/\"},{\"@type\":\"ListItem\",\"position\":3,\"name\":\"K\u00fcche\",\"item\":\"https:\/\/hubsch-interior.com\/de\/produkt-kategorie\/kuche\/\"},{\"@type\":\"ListItem\",\"position\":4,\"name\":\"Tischgeschirr\",\"item\":\"https:\/\/hubsch-interior.com\/de\/produkt-kategorie\/kuche\/tischgeschirr-de-2\/\"},{\"@type\":\"ListItem\",\"position\":5,\"name\":\"Servierplatten und Teller\",\"item\":\"https:\/\/hubsch-interior.com\/de\/produkt-kategorie\/kuche\/tischgeschirr-de-2\/servierplatten-und-teller-de\/\"},{\"@type\":\"ListItem\",\"position\":6,\"name\":\"Amare Schale Medium Olive\"}]},{\"@type\":\"WebSite\",\"@id\":\"https:\/\/hubsch-interior.com\/de\/#website\",\"url\":\"https:\/\/hubsch-interior.com\/de\/\",\"name\":\"H\u00fcbsch\",\"description\":\"Danish Home Interior and Design\",\"publisher\":{\"@id\":\"https:\/\/hubsch-interior.com\/de\/#organization\"},\"potentialAction\":[{\"@type\":\"SearchAction\",\"target\":{\"@type\":\"EntryPoint\",\"urlTemplate\":\"https:\/\/hubsch-interior.com\/de\/?s={search_term_string}\"},\"query-input\":{\"@type\":\"PropertyValueSpecification\",\"valueRequired\":true,\"valueName\":\"search_term_string\"}}],\"inLanguage\":\"de\"},{\"@type\":\"Organization\",\"@id\":\"https:\/\/hubsch-interior.com\/de\/#organization\",\"name\":\"H\u00fcbsch\",\"url\":\"https:\/\/hubsch-interior.com\/de\/\",\"logo\":{\"@type\":\"ImageObject\",\"inLanguage\":\"de\",\"@id\":\"https:\/\/hubsch-interior.com\/de\/#\/schema\/logo\/image\/\",\"url\":\"https:\/\/hubsch-interior.com\/wp-content\/uploads\/2022\/12\/Hubsch_logo_black_one_line.svg\",\"contentUrl\":\"https:\/\/hubsch-interior.com\/wp-content\/uploads\/2022\/12\/Hubsch_logo_black_one_line.svg\",\"caption\":\"H\u00fcbsch\"},\"image\":{\"@id\":\"https:\/\/hubsch-interior.com\/de\/#\/schema\/logo\/image\/\"}}]}<\/script>\n<!-- \/ Yoast SEO plugin. -->","yoast_head_json":{"title":"Amare Schale Medium Olive - H\u00fcbsch","description":"Die Amare Schale in einem wundersch\u00f6nen Olivton ist perfekt, um sie Ihrer Sammlung der Amare Serie hinzuzuf\u00fcgen. Hergestellt aus hochwertigem Steinpulver,","robots":{"index":"index","follow":"follow","max-snippet":"max-snippet:-1","max-image-preview":"max-image-preview:large","max-video-preview":"max-video-preview:-1"},"canonical":"https:\/\/hubsch-interior.com\/de\/wp-json\/wp\/v2\/product\/975773","og_locale":"de_DE","og_type":"article","og_title":"Amare Schale Medium Olive - H\u00fcbsch","og_description":"Die Amare Schale in einem wundersch\u00f6nen Olivton ist perfekt, um sie Ihrer Sammlung der Amare Serie hinzuzuf\u00fcgen. Hergestellt aus hochwertigem Steinpulver,","og_url":"https:\/\/hubsch-interior.com\/de\/produkt\/amare-schale-medium-olive\/","og_site_name":"H\u00fcbsch","article_modified_time":"2026-04-09T02:28:50+00:00","og_image":[{"width":1200,"height":1200,"url":"https:\/\/hubsch-interior.com\/wp-content\/uploads\/2024\/08\/amare-bowl-medium-olive-3286e549b357d44024581cc9d1a1e2c5.jpg","type":"image\/jpeg"}],"twitter_card":"summary_large_image","twitter_misc":{"Gesch\u00e4tzte Lesezeit":"1\u00a0Minute"},"schema":{"@context":"https:\/\/schema.org","@graph":[{"@type":"WebPage","@id":"https:\/\/hubsch-interior.com\/de\/produkt\/amare-schale-medium-olive\/","url":"https:\/\/hubsch-interior.com\/de\/produkt\/amare-schale-medium-olive\/","name":"Amare Schale Medium Olive - H\u00fcbsch","isPartOf":{"@id":"https:\/\/hubsch-interior.com\/de\/#website"},"primaryImageOfPage":{"@id":"https:\/\/hubsch-interior.com\/de\/produkt\/amare-schale-medium-olive\/#primaryimage"},"image":{"@id":"https:\/\/hubsch-interior.com\/de\/produkt\/amare-schale-medium-olive\/#primaryimage"},"thumbnailUrl":"https:\/\/hubsch-interior.com\/wp-content\/uploads\/2026\/02\/amare-bowl-medium-olive-de461e2b3b0ef554c8fae71ecd624bec.jpg","datePublished":"2024-01-29T07:31:30+00:00","dateModified":"2026-04-09T02:28:50+00:00","description":"Die Amare Schale in einem wundersch\u00f6nen Olivton ist perfekt, um sie Ihrer Sammlung der Amare Serie hinzuzuf\u00fcgen. Hergestellt aus hochwertigem Steinpulver,","breadcrumb":{"@id":"https:\/\/hubsch-interior.com\/de\/produkt\/amare-schale-medium-olive\/#breadcrumb"},"inLanguage":"de","potentialAction":[{"@type":"ReadAction","target":["https:\/\/hubsch-interior.com\/de\/produkt\/amare-schale-medium-olive\/"]}]},{"@type":"ImageObject","inLanguage":"de","@id":"https:\/\/hubsch-interior.com\/de\/produkt\/amare-schale-medium-olive\/#primaryimage","url":"https:\/\/hubsch-interior.com\/wp-content\/uploads\/2026\/02\/amare-bowl-medium-olive-de461e2b3b0ef554c8fae71ecd624bec.jpg","contentUrl":"https:\/\/hubsch-interior.com\/wp-content\/uploads\/2026\/02\/amare-bowl-medium-olive-de461e2b3b0ef554c8fae71ecd624bec.jpg","width":1024,"height":1024},{"@type":"BreadcrumbList","@id":"https:\/\/hubsch-interior.com\/de\/produkt\/amare-schale-medium-olive\/#breadcrumb","itemListElement":[{"@type":"ListItem","position":1,"name":"Startseite","item":"https:\/\/hubsch-interior.com\/de\/"},{"@type":"ListItem","position":2,"name":"Produkte","item":"https:\/\/hubsch-interior.com\/de\/shop-2\/"},{"@type":"ListItem","position":3,"name":"K\u00fcche","item":"https:\/\/hubsch-interior.com\/de\/produkt-kategorie\/kuche\/"},{"@type":"ListItem","position":4,"name":"Tischgeschirr","item":"https:\/\/hubsch-interior.com\/de\/produkt-kategorie\/kuche\/tischgeschirr-de-2\/"},{"@type":"ListItem","position":5,"name":"Servierplatten und Teller","item":"https:\/\/hubsch-interior.com\/de\/produkt-kategorie\/kuche\/tischgeschirr-de-2\/servierplatten-und-teller-de\/"},{"@type":"ListItem","position":6,"name":"Amare Schale Medium Olive"}]},{"@type":"WebSite","@id":"https:\/\/hubsch-interior.com\/de\/#website","url":"https:\/\/hubsch-interior.com\/de\/","name":"H\u00fcbsch","description":"Danish Home Interior and Design","publisher":{"@id":"https:\/\/hubsch-interior.com\/de\/#organization"},"potentialAction":[{"@type":"SearchAction","target":{"@type":"EntryPoint","urlTemplate":"https:\/\/hubsch-interior.com\/de\/?s={search_term_string}"},"query-input":{"@type":"PropertyValueSpecification","valueRequired":true,"valueName":"search_term_string"}}],"inLanguage":"de"},{"@type":"Organization","@id":"https:\/\/hubsch-interior.com\/de\/#organization","name":"H\u00fcbsch","url":"https:\/\/hubsch-interior.com\/de\/","logo":{"@type":"ImageObject","inLanguage":"de","@id":"https:\/\/hubsch-interior.com\/de\/#\/schema\/logo\/image\/","url":"https:\/\/hubsch-interior.com\/wp-content\/uploads\/2022\/12\/Hubsch_logo_black_one_line.svg","contentUrl":"https:\/\/hubsch-interior.com\/wp-content\/uploads\/2022\/12\/Hubsch_logo_black_one_line.svg","caption":"H\u00fcbsch"},"image":{"@id":"https:\/\/hubsch-interior.com\/de\/#\/schema\/logo\/image\/"}}]}},"_links":{"self":[{"href":"https:\/\/hubsch-interior.com\/de\/wp-json\/wp\/v2\/product\/975773","targetHints":{"allow":["GET"]}}],"collection":[{"href":"https:\/\/hubsch-interior.com\/de\/wp-json\/wp\/v2\/product"}],"about":[{"href":"https:\/\/hubsch-interior.com\/de\/wp-json\/wp\/v2\/types\/product"}],"wp:featuredmedia":[{"embeddable":true,"href":"https:\/\/hubsch-interior.com\/de\/wp-json\/wp\/v2\/media\/1096588"}],"wp:attachment":[{"href":"https:\/\/hubsch-interior.com\/de\/wp-json\/wp\/v2\/media?parent=975773"}],"wp:term":[{"taxonomy":"product_brand","embeddable":true,"href":"https:\/\/hubsch-interior.com\/de\/wp-json\/wp\/v2\/product_brand?post=975773"},{"taxonomy":"product_cat","embeddable":true,"href":"https:\/\/hubsch-interior.com\/de\/wp-json\/wp\/v2\/product_cat?post=975773"},{"taxonomy":"product_tag","embeddable":true,"href":"https:\/\/hubsch-interior.com\/de\/wp-json\/wp\/v2\/product_tag?post=975773"}],"curies":[{"name":"wp","href":"https:\/\/api.w.org\/{rel}","templated":true}]}}