{"id":975793,"date":"2024-01-29T08:31:42","date_gmt":"2024-01-29T07:31:42","guid":{"rendered":"https:\/\/hubsch-interior.com\/product\/product\/"},"modified":"2026-04-09T04:28:55","modified_gmt":"2026-04-09T02:28:55","slug":"amare-schale-large-hellblau","status":"publish","type":"product","link":"https:\/\/hubsch-interior.com\/de\/produkt\/amare-schale-large-hellblau\/","title":{"rendered":"Amare Schale Large Hellblau"},"content":{"rendered":"<p>Die neueste Erg\u00e4nzung der Amare-Serie, die Amare Schale, ist in 5 atemberaubenden Varianten erh\u00e4ltlich. Diese besondere Schale besticht durch ihre edle wei\u00dfe Farbe, die jedem Tischgedeck eine elegante Note verleiht. Aus hochwertigem Steinpulver gefertigt, ist sie nicht nur sch\u00f6n, sondern auch praktisch f\u00fcr den t\u00e4glichen Gebrauch. Ihre tiefe Form macht sie zur perfekten Wahl f\u00fcr das Servieren gro\u00dfer Portionen, sei es f\u00fcr einen gem\u00fctlichen Filmabend oder als Gastgeber einer Dinnerparty. Au\u00dferdem kann sie auch zur Aufbewahrung oder Organisation gr\u00f6\u00dferer Gegenst\u00e4nde verwendet werden und somit das Amare-Erlebnis bereichern.<\/p>\n","protected":false},"excerpt":{"rendered":"<p>Die neueste Erg\u00e4nzung der Amare-Serie, die Amare Schale, ist in 5 atemberaubenden Varianten erh\u00e4ltlich. Diese besondere Schale besticht durch ihre edle wei\u00dfe Farbe, die jedem Tischgedeck eine elegante Note verleiht. Aus hochwertigem Steinpulver gefertigt, ist sie nicht nur sch\u00f6n, sondern auch praktisch f\u00fcr den t\u00e4glichen Gebrauch. Ihre tiefe Form macht sie zur perfekten Wahl f\u00fcr [&hellip;]<\/p>\n","protected":false},"featured_media":1096616,"template":"","meta":{"_acf_changed":false,"inline_featured_image":false},"product_brand":[],"product_cat":[6884,6972,7044,7029,6674,6349,4055,4096,6519],"product_tag":[],"class_list":{"0":"post-975793","1":"product","2":"type-product","3":"status-publish","4":"has-post-thumbnail","6":"product_cat-elevating-nostalgia-de","7":"product_cat-oster-sale","8":"product_cat-servierschalen-de","9":"product_cat-tischgeschirr-de-2","10":"product_cat-amare-tafelgeschirr-de","11":"product_cat-garden-selection-de","12":"product_cat-kuechenzubehoer-de","13":"product_cat-tischgeschirr-de","14":"product_cat-outlet-de","15":"product_shipping_class-pk","17":"pa_color-hellblau-2","18":"pa_material-stone-powder-100-4","20":"first","21":"instock","22":"sale","23":"taxable","24":"shipping-taxable","25":"purchasable","26":"product-type-simple"},"exclude_global_add_ons":[],"addons":[],"acf":[],"yoast_head":"<!-- This site is optimized with the Yoast SEO plugin v26.4 - https:\/\/yoast.com\/wordpress\/plugins\/seo\/ -->\n<title>Amare Schale Large Hellblau - H\u00fcbsch<\/title>\n<meta name=\"description\" content=\"Die neueste Erg\u00e4nzung der Amare-Serie, die Amare Schale, ist in 5 atemberaubenden Varianten erh\u00e4ltlich. Diese besondere Schale besticht durch ihre edle\" \/>\n<meta name=\"robots\" content=\"index, follow, max-snippet:-1, max-image-preview:large, max-video-preview:-1\" \/>\n<link rel=\"canonical\" href=\"https:\/\/hubsch-interior.com\/de\/wp-json\/wp\/v2\/product\/975793\" \/>\n<meta property=\"og:locale\" content=\"de_DE\" \/>\n<meta property=\"og:type\" content=\"article\" \/>\n<meta property=\"og:title\" content=\"Amare Schale Large Hellblau - H\u00fcbsch\" \/>\n<meta property=\"og:description\" content=\"Die neueste Erg\u00e4nzung der Amare-Serie, die Amare Schale, ist in 5 atemberaubenden Varianten erh\u00e4ltlich. Diese besondere Schale besticht durch ihre edle\" \/>\n<meta property=\"og:url\" content=\"https:\/\/hubsch-interior.com\/de\/produkt\/amare-schale-large-hellblau\/\" \/>\n<meta property=\"og:site_name\" content=\"H\u00fcbsch\" \/>\n<meta property=\"article:modified_time\" content=\"2026-04-09T02:28:55+00:00\" \/>\n<meta property=\"og:image\" content=\"https:\/\/hubsch-interior.com\/wp-content\/uploads\/2024\/12\/amare-bowl-large-light-blue-b078652775f4b26f521e194a5c8674fd.jpg\" \/>\n\t<meta property=\"og:image:width\" content=\"1200\" \/>\n\t<meta property=\"og:image:height\" content=\"1200\" \/>\n\t<meta property=\"og:image:type\" content=\"image\/jpeg\" \/>\n<meta name=\"twitter:card\" content=\"summary_large_image\" \/>\n<script type=\"application\/ld+json\" class=\"yoast-schema-graph\">{\"@context\":\"https:\/\/schema.org\",\"@graph\":[{\"@type\":\"WebPage\",\"@id\":\"https:\/\/hubsch-interior.com\/de\/produkt\/amare-schale-large-hellblau\/\",\"url\":\"https:\/\/hubsch-interior.com\/de\/produkt\/amare-schale-large-hellblau\/\",\"name\":\"Amare Schale Large Hellblau - H\u00fcbsch\",\"isPartOf\":{\"@id\":\"https:\/\/hubsch-interior.com\/de\/#website\"},\"primaryImageOfPage\":{\"@id\":\"https:\/\/hubsch-interior.com\/de\/produkt\/amare-schale-large-hellblau\/#primaryimage\"},\"image\":{\"@id\":\"https:\/\/hubsch-interior.com\/de\/produkt\/amare-schale-large-hellblau\/#primaryimage\"},\"thumbnailUrl\":\"https:\/\/hubsch-interior.com\/wp-content\/uploads\/2026\/02\/amare-bowl-large-light-blue-d8b717f11ebea14cd996e37a1cd58b23.jpg\",\"datePublished\":\"2024-01-29T07:31:42+00:00\",\"dateModified\":\"2026-04-09T02:28:55+00:00\",\"description\":\"Die neueste Erg\u00e4nzung der Amare-Serie, die Amare Schale, ist in 5 atemberaubenden Varianten erh\u00e4ltlich. Diese besondere Schale besticht durch ihre edle\",\"breadcrumb\":{\"@id\":\"https:\/\/hubsch-interior.com\/de\/produkt\/amare-schale-large-hellblau\/#breadcrumb\"},\"inLanguage\":\"de\",\"potentialAction\":[{\"@type\":\"ReadAction\",\"target\":[\"https:\/\/hubsch-interior.com\/de\/produkt\/amare-schale-large-hellblau\/\"]}]},{\"@type\":\"ImageObject\",\"inLanguage\":\"de\",\"@id\":\"https:\/\/hubsch-interior.com\/de\/produkt\/amare-schale-large-hellblau\/#primaryimage\",\"url\":\"https:\/\/hubsch-interior.com\/wp-content\/uploads\/2026\/02\/amare-bowl-large-light-blue-d8b717f11ebea14cd996e37a1cd58b23.jpg\",\"contentUrl\":\"https:\/\/hubsch-interior.com\/wp-content\/uploads\/2026\/02\/amare-bowl-large-light-blue-d8b717f11ebea14cd996e37a1cd58b23.jpg\",\"width\":1024,\"height\":1024},{\"@type\":\"BreadcrumbList\",\"@id\":\"https:\/\/hubsch-interior.com\/de\/produkt\/amare-schale-large-hellblau\/#breadcrumb\",\"itemListElement\":[{\"@type\":\"ListItem\",\"position\":1,\"name\":\"Startseite\",\"item\":\"https:\/\/hubsch-interior.com\/de\/\"},{\"@type\":\"ListItem\",\"position\":2,\"name\":\"Produkte\",\"item\":\"https:\/\/hubsch-interior.com\/de\/shop-2\/\"},{\"@type\":\"ListItem\",\"position\":3,\"name\":\"K\u00fcche\",\"item\":\"https:\/\/hubsch-interior.com\/de\/produkt-kategorie\/kuche\/\"},{\"@type\":\"ListItem\",\"position\":4,\"name\":\"Tischgeschirr\",\"item\":\"https:\/\/hubsch-interior.com\/de\/produkt-kategorie\/kuche\/tischgeschirr-de-2\/\"},{\"@type\":\"ListItem\",\"position\":5,\"name\":\"Servierschalen\",\"item\":\"https:\/\/hubsch-interior.com\/de\/produkt-kategorie\/kuche\/tischgeschirr-de-2\/servierschalen-de\/\"},{\"@type\":\"ListItem\",\"position\":6,\"name\":\"Amare Schale Large Hellblau\"}]},{\"@type\":\"WebSite\",\"@id\":\"https:\/\/hubsch-interior.com\/de\/#website\",\"url\":\"https:\/\/hubsch-interior.com\/de\/\",\"name\":\"H\u00fcbsch\",\"description\":\"Danish Home Interior and Design\",\"publisher\":{\"@id\":\"https:\/\/hubsch-interior.com\/de\/#organization\"},\"potentialAction\":[{\"@type\":\"SearchAction\",\"target\":{\"@type\":\"EntryPoint\",\"urlTemplate\":\"https:\/\/hubsch-interior.com\/de\/?s={search_term_string}\"},\"query-input\":{\"@type\":\"PropertyValueSpecification\",\"valueRequired\":true,\"valueName\":\"search_term_string\"}}],\"inLanguage\":\"de\"},{\"@type\":\"Organization\",\"@id\":\"https:\/\/hubsch-interior.com\/de\/#organization\",\"name\":\"H\u00fcbsch\",\"url\":\"https:\/\/hubsch-interior.com\/de\/\",\"logo\":{\"@type\":\"ImageObject\",\"inLanguage\":\"de\",\"@id\":\"https:\/\/hubsch-interior.com\/de\/#\/schema\/logo\/image\/\",\"url\":\"https:\/\/hubsch-interior.com\/wp-content\/uploads\/2022\/12\/Hubsch_logo_black_one_line.svg\",\"contentUrl\":\"https:\/\/hubsch-interior.com\/wp-content\/uploads\/2022\/12\/Hubsch_logo_black_one_line.svg\",\"caption\":\"H\u00fcbsch\"},\"image\":{\"@id\":\"https:\/\/hubsch-interior.com\/de\/#\/schema\/logo\/image\/\"}}]}<\/script>\n<!-- \/ Yoast SEO plugin. -->","yoast_head_json":{"title":"Amare Schale Large Hellblau - H\u00fcbsch","description":"Die neueste Erg\u00e4nzung der Amare-Serie, die Amare Schale, ist in 5 atemberaubenden Varianten erh\u00e4ltlich. Diese besondere Schale besticht durch ihre edle","robots":{"index":"index","follow":"follow","max-snippet":"max-snippet:-1","max-image-preview":"max-image-preview:large","max-video-preview":"max-video-preview:-1"},"canonical":"https:\/\/hubsch-interior.com\/de\/wp-json\/wp\/v2\/product\/975793","og_locale":"de_DE","og_type":"article","og_title":"Amare Schale Large Hellblau - H\u00fcbsch","og_description":"Die neueste Erg\u00e4nzung der Amare-Serie, die Amare Schale, ist in 5 atemberaubenden Varianten erh\u00e4ltlich. Diese besondere Schale besticht durch ihre edle","og_url":"https:\/\/hubsch-interior.com\/de\/produkt\/amare-schale-large-hellblau\/","og_site_name":"H\u00fcbsch","article_modified_time":"2026-04-09T02:28:55+00:00","og_image":[{"width":1200,"height":1200,"url":"https:\/\/hubsch-interior.com\/wp-content\/uploads\/2024\/12\/amare-bowl-large-light-blue-b078652775f4b26f521e194a5c8674fd.jpg","type":"image\/jpeg"}],"twitter_card":"summary_large_image","schema":{"@context":"https:\/\/schema.org","@graph":[{"@type":"WebPage","@id":"https:\/\/hubsch-interior.com\/de\/produkt\/amare-schale-large-hellblau\/","url":"https:\/\/hubsch-interior.com\/de\/produkt\/amare-schale-large-hellblau\/","name":"Amare Schale Large Hellblau - H\u00fcbsch","isPartOf":{"@id":"https:\/\/hubsch-interior.com\/de\/#website"},"primaryImageOfPage":{"@id":"https:\/\/hubsch-interior.com\/de\/produkt\/amare-schale-large-hellblau\/#primaryimage"},"image":{"@id":"https:\/\/hubsch-interior.com\/de\/produkt\/amare-schale-large-hellblau\/#primaryimage"},"thumbnailUrl":"https:\/\/hubsch-interior.com\/wp-content\/uploads\/2026\/02\/amare-bowl-large-light-blue-d8b717f11ebea14cd996e37a1cd58b23.jpg","datePublished":"2024-01-29T07:31:42+00:00","dateModified":"2026-04-09T02:28:55+00:00","description":"Die neueste Erg\u00e4nzung der Amare-Serie, die Amare Schale, ist in 5 atemberaubenden Varianten erh\u00e4ltlich. Diese besondere Schale besticht durch ihre edle","breadcrumb":{"@id":"https:\/\/hubsch-interior.com\/de\/produkt\/amare-schale-large-hellblau\/#breadcrumb"},"inLanguage":"de","potentialAction":[{"@type":"ReadAction","target":["https:\/\/hubsch-interior.com\/de\/produkt\/amare-schale-large-hellblau\/"]}]},{"@type":"ImageObject","inLanguage":"de","@id":"https:\/\/hubsch-interior.com\/de\/produkt\/amare-schale-large-hellblau\/#primaryimage","url":"https:\/\/hubsch-interior.com\/wp-content\/uploads\/2026\/02\/amare-bowl-large-light-blue-d8b717f11ebea14cd996e37a1cd58b23.jpg","contentUrl":"https:\/\/hubsch-interior.com\/wp-content\/uploads\/2026\/02\/amare-bowl-large-light-blue-d8b717f11ebea14cd996e37a1cd58b23.jpg","width":1024,"height":1024},{"@type":"BreadcrumbList","@id":"https:\/\/hubsch-interior.com\/de\/produkt\/amare-schale-large-hellblau\/#breadcrumb","itemListElement":[{"@type":"ListItem","position":1,"name":"Startseite","item":"https:\/\/hubsch-interior.com\/de\/"},{"@type":"ListItem","position":2,"name":"Produkte","item":"https:\/\/hubsch-interior.com\/de\/shop-2\/"},{"@type":"ListItem","position":3,"name":"K\u00fcche","item":"https:\/\/hubsch-interior.com\/de\/produkt-kategorie\/kuche\/"},{"@type":"ListItem","position":4,"name":"Tischgeschirr","item":"https:\/\/hubsch-interior.com\/de\/produkt-kategorie\/kuche\/tischgeschirr-de-2\/"},{"@type":"ListItem","position":5,"name":"Servierschalen","item":"https:\/\/hubsch-interior.com\/de\/produkt-kategorie\/kuche\/tischgeschirr-de-2\/servierschalen-de\/"},{"@type":"ListItem","position":6,"name":"Amare Schale Large Hellblau"}]},{"@type":"WebSite","@id":"https:\/\/hubsch-interior.com\/de\/#website","url":"https:\/\/hubsch-interior.com\/de\/","name":"H\u00fcbsch","description":"Danish Home Interior and Design","publisher":{"@id":"https:\/\/hubsch-interior.com\/de\/#organization"},"potentialAction":[{"@type":"SearchAction","target":{"@type":"EntryPoint","urlTemplate":"https:\/\/hubsch-interior.com\/de\/?s={search_term_string}"},"query-input":{"@type":"PropertyValueSpecification","valueRequired":true,"valueName":"search_term_string"}}],"inLanguage":"de"},{"@type":"Organization","@id":"https:\/\/hubsch-interior.com\/de\/#organization","name":"H\u00fcbsch","url":"https:\/\/hubsch-interior.com\/de\/","logo":{"@type":"ImageObject","inLanguage":"de","@id":"https:\/\/hubsch-interior.com\/de\/#\/schema\/logo\/image\/","url":"https:\/\/hubsch-interior.com\/wp-content\/uploads\/2022\/12\/Hubsch_logo_black_one_line.svg","contentUrl":"https:\/\/hubsch-interior.com\/wp-content\/uploads\/2022\/12\/Hubsch_logo_black_one_line.svg","caption":"H\u00fcbsch"},"image":{"@id":"https:\/\/hubsch-interior.com\/de\/#\/schema\/logo\/image\/"}}]}},"_links":{"self":[{"href":"https:\/\/hubsch-interior.com\/de\/wp-json\/wp\/v2\/product\/975793","targetHints":{"allow":["GET"]}}],"collection":[{"href":"https:\/\/hubsch-interior.com\/de\/wp-json\/wp\/v2\/product"}],"about":[{"href":"https:\/\/hubsch-interior.com\/de\/wp-json\/wp\/v2\/types\/product"}],"wp:featuredmedia":[{"embeddable":true,"href":"https:\/\/hubsch-interior.com\/de\/wp-json\/wp\/v2\/media\/1096616"}],"wp:attachment":[{"href":"https:\/\/hubsch-interior.com\/de\/wp-json\/wp\/v2\/media?parent=975793"}],"wp:term":[{"taxonomy":"product_brand","embeddable":true,"href":"https:\/\/hubsch-interior.com\/de\/wp-json\/wp\/v2\/product_brand?post=975793"},{"taxonomy":"product_cat","embeddable":true,"href":"https:\/\/hubsch-interior.com\/de\/wp-json\/wp\/v2\/product_cat?post=975793"},{"taxonomy":"product_tag","embeddable":true,"href":"https:\/\/hubsch-interior.com\/de\/wp-json\/wp\/v2\/product_tag?post=975793"}],"curies":[{"name":"wp","href":"https:\/\/api.w.org\/{rel}","templated":true}]}}