{"id":975809,"date":"2024-01-29T08:32:03","date_gmt":"2024-01-29T07:32:03","guid":{"rendered":"https:\/\/hubsch-interior.com\/product\/product\/"},"modified":"2026-04-03T04:29:59","modified_gmt":"2026-04-03T02:29:59","slug":"deux-topfe-hellgrun-sandfarben-2er-set","status":"publish","type":"product","link":"https:\/\/hubsch-interior.com\/de\/produkt\/deux-topfe-hellgrun-sandfarben-2er-set\/","title":{"rendered":"Deux T\u00f6pfe Hellgr\u00fcn\/Sandfarben (2er Set)"},"content":{"rendered":"<p>Die Deux T\u00f6pfe sind in 2 atemberaubenden Varianten erh\u00e4ltlich, diese spezielle Variante ist in einer wundersch\u00f6nen hellgr\u00fcn\/sandfarbenen Farbe erh\u00e4ltlich und verleiht jedem Raum eine elegante Note. Aus hochwertigem Steinpulver gefertigt, strahlt sie zeitlose Anmut und Langlebigkeit aus. Vielseitig und funktional, k\u00f6nnen diese T\u00f6pfe entweder einzeln oder zusammen als Aufbewahrungsl\u00f6sung f\u00fcr verschiedene Gegenst\u00e4nde genutzt werden. Die Mischung aus Farben verleiht Ihrem Raum eine einzigartige Note. Die Deux T\u00f6pfe sind die ultimative Wahl f\u00fcr stilvolle Vasen und T\u00f6pfe.<\/p>\n","protected":false},"excerpt":{"rendered":"<p>Die Deux T\u00f6pfe sind in 2 atemberaubenden Varianten erh\u00e4ltlich, diese spezielle Variante ist in einer wundersch\u00f6nen hellgr\u00fcn\/sandfarbenen Farbe erh\u00e4ltlich und verleiht jedem Raum eine elegante Note. Aus hochwertigem Steinpulver gefertigt, strahlt sie zeitlose Anmut und Langlebigkeit aus. Vielseitig und funktional, k\u00f6nnen diese T\u00f6pfe entweder einzeln oder zusammen als Aufbewahrungsl\u00f6sung f\u00fcr verschiedene Gegenst\u00e4nde genutzt werden. Die [&hellip;]<\/p>\n","protected":false},"featured_media":1096632,"template":"","meta":{"_acf_changed":false,"inline_featured_image":false},"product_brand":[],"product_cat":[6884,6972,4916,4925,3156,6519],"product_tag":[],"class_list":{"0":"post-975809","1":"product","2":"type-product","3":"status-publish","4":"has-post-thumbnail","6":"product_cat-elevating-nostalgia-de","7":"product_cat-oster-sale","8":"product_cat-toepfe-giesskannen-de","9":"product_cat-blumentoepfe-de","10":"product_cat-vasen-de","11":"product_cat-outlet-de","12":"product_shipping_class-pk","14":"pa_color-hellgrn-2","15":"pa_color-sandfarben","16":"pa_material-stone-powder-100-4","18":"first","19":"instock","20":"sale","21":"taxable","22":"shipping-taxable","23":"purchasable","24":"product-type-simple"},"exclude_global_add_ons":[],"addons":[],"acf":[],"yoast_head":"<!-- This site is optimized with the Yoast SEO plugin v26.4 - https:\/\/yoast.com\/wordpress\/plugins\/seo\/ -->\n<title>Deux T\u00f6pfe Hellgr\u00fcn\/Sandfarben (2er Set) - H\u00fcbsch<\/title>\n<meta name=\"description\" content=\"Die Deux T\u00f6pfe sind in 2 atemberaubenden Varianten erh\u00e4ltlich, diese spezielle Variante ist in einer wundersch\u00f6nen hellgr\u00fcn\/sandfarbenen Farbe erh\u00e4ltlich\" \/>\n<meta name=\"robots\" content=\"index, follow, max-snippet:-1, max-image-preview:large, max-video-preview:-1\" \/>\n<link rel=\"canonical\" href=\"https:\/\/hubsch-interior.com\/de\/wp-json\/wp\/v2\/product\/975809\" \/>\n<meta property=\"og:locale\" content=\"de_DE\" \/>\n<meta property=\"og:type\" content=\"article\" \/>\n<meta property=\"og:title\" content=\"Deux T\u00f6pfe Hellgr\u00fcn\/Sandfarben (2er Set) - H\u00fcbsch\" \/>\n<meta property=\"og:description\" content=\"Die Deux T\u00f6pfe sind in 2 atemberaubenden Varianten erh\u00e4ltlich, diese spezielle Variante ist in einer wundersch\u00f6nen hellgr\u00fcn\/sandfarbenen Farbe erh\u00e4ltlich\" \/>\n<meta property=\"og:url\" content=\"https:\/\/hubsch-interior.com\/de\/produkt\/deux-topfe-hellgrun-sandfarben-2er-set\/\" \/>\n<meta property=\"og:site_name\" content=\"H\u00fcbsch\" \/>\n<meta property=\"article:modified_time\" content=\"2026-04-03T02:29:59+00:00\" \/>\n<meta property=\"og:image\" content=\"https:\/\/hubsch-interior.com\/wp-content\/uploads\/2025\/04\/deux-pots-light-greensand-set-of-2-7f3737c685da0df020c8e05ccd104837.jpg\" \/>\n\t<meta property=\"og:image:width\" content=\"1200\" \/>\n\t<meta property=\"og:image:height\" content=\"1200\" \/>\n\t<meta property=\"og:image:type\" content=\"image\/jpeg\" \/>\n<meta name=\"twitter:card\" content=\"summary_large_image\" \/>\n<script type=\"application\/ld+json\" class=\"yoast-schema-graph\">{\"@context\":\"https:\/\/schema.org\",\"@graph\":[{\"@type\":\"WebPage\",\"@id\":\"https:\/\/hubsch-interior.com\/de\/produkt\/deux-topfe-hellgrun-sandfarben-2er-set\/\",\"url\":\"https:\/\/hubsch-interior.com\/de\/produkt\/deux-topfe-hellgrun-sandfarben-2er-set\/\",\"name\":\"Deux T\u00f6pfe Hellgr\u00fcn\/Sandfarben (2er Set) - H\u00fcbsch\",\"isPartOf\":{\"@id\":\"https:\/\/hubsch-interior.com\/de\/#website\"},\"primaryImageOfPage\":{\"@id\":\"https:\/\/hubsch-interior.com\/de\/produkt\/deux-topfe-hellgrun-sandfarben-2er-set\/#primaryimage\"},\"image\":{\"@id\":\"https:\/\/hubsch-interior.com\/de\/produkt\/deux-topfe-hellgrun-sandfarben-2er-set\/#primaryimage\"},\"thumbnailUrl\":\"https:\/\/hubsch-interior.com\/wp-content\/uploads\/2026\/02\/deux-pots-light-greensand-set-of-2-1f4ea0643808d5af0f3df67b036b8b36.jpg\",\"datePublished\":\"2024-01-29T07:32:03+00:00\",\"dateModified\":\"2026-04-03T02:29:59+00:00\",\"description\":\"Die Deux T\u00f6pfe sind in 2 atemberaubenden Varianten erh\u00e4ltlich, diese spezielle Variante ist in einer wundersch\u00f6nen hellgr\u00fcn\/sandfarbenen Farbe erh\u00e4ltlich\",\"breadcrumb\":{\"@id\":\"https:\/\/hubsch-interior.com\/de\/produkt\/deux-topfe-hellgrun-sandfarben-2er-set\/#breadcrumb\"},\"inLanguage\":\"de\",\"potentialAction\":[{\"@type\":\"ReadAction\",\"target\":[\"https:\/\/hubsch-interior.com\/de\/produkt\/deux-topfe-hellgrun-sandfarben-2er-set\/\"]}]},{\"@type\":\"ImageObject\",\"inLanguage\":\"de\",\"@id\":\"https:\/\/hubsch-interior.com\/de\/produkt\/deux-topfe-hellgrun-sandfarben-2er-set\/#primaryimage\",\"url\":\"https:\/\/hubsch-interior.com\/wp-content\/uploads\/2026\/02\/deux-pots-light-greensand-set-of-2-1f4ea0643808d5af0f3df67b036b8b36.jpg\",\"contentUrl\":\"https:\/\/hubsch-interior.com\/wp-content\/uploads\/2026\/02\/deux-pots-light-greensand-set-of-2-1f4ea0643808d5af0f3df67b036b8b36.jpg\",\"width\":1024,\"height\":1024},{\"@type\":\"BreadcrumbList\",\"@id\":\"https:\/\/hubsch-interior.com\/de\/produkt\/deux-topfe-hellgrun-sandfarben-2er-set\/#breadcrumb\",\"itemListElement\":[{\"@type\":\"ListItem\",\"position\":1,\"name\":\"Startseite\",\"item\":\"https:\/\/hubsch-interior.com\/de\/\"},{\"@type\":\"ListItem\",\"position\":2,\"name\":\"Produkte\",\"item\":\"https:\/\/hubsch-interior.com\/de\/shop-2\/\"},{\"@type\":\"ListItem\",\"position\":3,\"name\":\"Wohnaccessoires\",\"item\":\"https:\/\/hubsch-interior.com\/de\/produkt-kategorie\/wohnaccessoires\/\"},{\"@type\":\"ListItem\",\"position\":4,\"name\":\"T&ouml;pfe &amp; Gie&szlig;kannen\",\"item\":\"https:\/\/hubsch-interior.com\/de\/produkt-kategorie\/wohnaccessoires\/toepfe-giesskannen-de\/\"},{\"@type\":\"ListItem\",\"position\":5,\"name\":\"Blument&ouml;pfe\",\"item\":\"https:\/\/hubsch-interior.com\/de\/produkt-kategorie\/wohnaccessoires\/toepfe-giesskannen-de\/blumentoepfe-de\/\"},{\"@type\":\"ListItem\",\"position\":6,\"name\":\"Deux T\u00f6pfe Hellgr\u00fcn\/Sandfarben (2er Set)\"}]},{\"@type\":\"WebSite\",\"@id\":\"https:\/\/hubsch-interior.com\/de\/#website\",\"url\":\"https:\/\/hubsch-interior.com\/de\/\",\"name\":\"H\u00fcbsch\",\"description\":\"Danish Home Interior and Design\",\"publisher\":{\"@id\":\"https:\/\/hubsch-interior.com\/de\/#organization\"},\"potentialAction\":[{\"@type\":\"SearchAction\",\"target\":{\"@type\":\"EntryPoint\",\"urlTemplate\":\"https:\/\/hubsch-interior.com\/de\/?s={search_term_string}\"},\"query-input\":{\"@type\":\"PropertyValueSpecification\",\"valueRequired\":true,\"valueName\":\"search_term_string\"}}],\"inLanguage\":\"de\"},{\"@type\":\"Organization\",\"@id\":\"https:\/\/hubsch-interior.com\/de\/#organization\",\"name\":\"H\u00fcbsch\",\"url\":\"https:\/\/hubsch-interior.com\/de\/\",\"logo\":{\"@type\":\"ImageObject\",\"inLanguage\":\"de\",\"@id\":\"https:\/\/hubsch-interior.com\/de\/#\/schema\/logo\/image\/\",\"url\":\"https:\/\/hubsch-interior.com\/wp-content\/uploads\/2022\/12\/Hubsch_logo_black_one_line.svg\",\"contentUrl\":\"https:\/\/hubsch-interior.com\/wp-content\/uploads\/2022\/12\/Hubsch_logo_black_one_line.svg\",\"caption\":\"H\u00fcbsch\"},\"image\":{\"@id\":\"https:\/\/hubsch-interior.com\/de\/#\/schema\/logo\/image\/\"}}]}<\/script>\n<!-- \/ Yoast SEO plugin. -->","yoast_head_json":{"title":"Deux T\u00f6pfe Hellgr\u00fcn\/Sandfarben (2er Set) - H\u00fcbsch","description":"Die Deux T\u00f6pfe sind in 2 atemberaubenden Varianten erh\u00e4ltlich, diese spezielle Variante ist in einer wundersch\u00f6nen hellgr\u00fcn\/sandfarbenen Farbe erh\u00e4ltlich","robots":{"index":"index","follow":"follow","max-snippet":"max-snippet:-1","max-image-preview":"max-image-preview:large","max-video-preview":"max-video-preview:-1"},"canonical":"https:\/\/hubsch-interior.com\/de\/wp-json\/wp\/v2\/product\/975809","og_locale":"de_DE","og_type":"article","og_title":"Deux T\u00f6pfe Hellgr\u00fcn\/Sandfarben (2er Set) - H\u00fcbsch","og_description":"Die Deux T\u00f6pfe sind in 2 atemberaubenden Varianten erh\u00e4ltlich, diese spezielle Variante ist in einer wundersch\u00f6nen hellgr\u00fcn\/sandfarbenen Farbe erh\u00e4ltlich","og_url":"https:\/\/hubsch-interior.com\/de\/produkt\/deux-topfe-hellgrun-sandfarben-2er-set\/","og_site_name":"H\u00fcbsch","article_modified_time":"2026-04-03T02:29:59+00:00","og_image":[{"width":1200,"height":1200,"url":"https:\/\/hubsch-interior.com\/wp-content\/uploads\/2025\/04\/deux-pots-light-greensand-set-of-2-7f3737c685da0df020c8e05ccd104837.jpg","type":"image\/jpeg"}],"twitter_card":"summary_large_image","schema":{"@context":"https:\/\/schema.org","@graph":[{"@type":"WebPage","@id":"https:\/\/hubsch-interior.com\/de\/produkt\/deux-topfe-hellgrun-sandfarben-2er-set\/","url":"https:\/\/hubsch-interior.com\/de\/produkt\/deux-topfe-hellgrun-sandfarben-2er-set\/","name":"Deux T\u00f6pfe Hellgr\u00fcn\/Sandfarben (2er Set) - H\u00fcbsch","isPartOf":{"@id":"https:\/\/hubsch-interior.com\/de\/#website"},"primaryImageOfPage":{"@id":"https:\/\/hubsch-interior.com\/de\/produkt\/deux-topfe-hellgrun-sandfarben-2er-set\/#primaryimage"},"image":{"@id":"https:\/\/hubsch-interior.com\/de\/produkt\/deux-topfe-hellgrun-sandfarben-2er-set\/#primaryimage"},"thumbnailUrl":"https:\/\/hubsch-interior.com\/wp-content\/uploads\/2026\/02\/deux-pots-light-greensand-set-of-2-1f4ea0643808d5af0f3df67b036b8b36.jpg","datePublished":"2024-01-29T07:32:03+00:00","dateModified":"2026-04-03T02:29:59+00:00","description":"Die Deux T\u00f6pfe sind in 2 atemberaubenden Varianten erh\u00e4ltlich, diese spezielle Variante ist in einer wundersch\u00f6nen hellgr\u00fcn\/sandfarbenen Farbe erh\u00e4ltlich","breadcrumb":{"@id":"https:\/\/hubsch-interior.com\/de\/produkt\/deux-topfe-hellgrun-sandfarben-2er-set\/#breadcrumb"},"inLanguage":"de","potentialAction":[{"@type":"ReadAction","target":["https:\/\/hubsch-interior.com\/de\/produkt\/deux-topfe-hellgrun-sandfarben-2er-set\/"]}]},{"@type":"ImageObject","inLanguage":"de","@id":"https:\/\/hubsch-interior.com\/de\/produkt\/deux-topfe-hellgrun-sandfarben-2er-set\/#primaryimage","url":"https:\/\/hubsch-interior.com\/wp-content\/uploads\/2026\/02\/deux-pots-light-greensand-set-of-2-1f4ea0643808d5af0f3df67b036b8b36.jpg","contentUrl":"https:\/\/hubsch-interior.com\/wp-content\/uploads\/2026\/02\/deux-pots-light-greensand-set-of-2-1f4ea0643808d5af0f3df67b036b8b36.jpg","width":1024,"height":1024},{"@type":"BreadcrumbList","@id":"https:\/\/hubsch-interior.com\/de\/produkt\/deux-topfe-hellgrun-sandfarben-2er-set\/#breadcrumb","itemListElement":[{"@type":"ListItem","position":1,"name":"Startseite","item":"https:\/\/hubsch-interior.com\/de\/"},{"@type":"ListItem","position":2,"name":"Produkte","item":"https:\/\/hubsch-interior.com\/de\/shop-2\/"},{"@type":"ListItem","position":3,"name":"Wohnaccessoires","item":"https:\/\/hubsch-interior.com\/de\/produkt-kategorie\/wohnaccessoires\/"},{"@type":"ListItem","position":4,"name":"T&ouml;pfe &amp; Gie&szlig;kannen","item":"https:\/\/hubsch-interior.com\/de\/produkt-kategorie\/wohnaccessoires\/toepfe-giesskannen-de\/"},{"@type":"ListItem","position":5,"name":"Blument&ouml;pfe","item":"https:\/\/hubsch-interior.com\/de\/produkt-kategorie\/wohnaccessoires\/toepfe-giesskannen-de\/blumentoepfe-de\/"},{"@type":"ListItem","position":6,"name":"Deux T\u00f6pfe Hellgr\u00fcn\/Sandfarben (2er Set)"}]},{"@type":"WebSite","@id":"https:\/\/hubsch-interior.com\/de\/#website","url":"https:\/\/hubsch-interior.com\/de\/","name":"H\u00fcbsch","description":"Danish Home Interior and Design","publisher":{"@id":"https:\/\/hubsch-interior.com\/de\/#organization"},"potentialAction":[{"@type":"SearchAction","target":{"@type":"EntryPoint","urlTemplate":"https:\/\/hubsch-interior.com\/de\/?s={search_term_string}"},"query-input":{"@type":"PropertyValueSpecification","valueRequired":true,"valueName":"search_term_string"}}],"inLanguage":"de"},{"@type":"Organization","@id":"https:\/\/hubsch-interior.com\/de\/#organization","name":"H\u00fcbsch","url":"https:\/\/hubsch-interior.com\/de\/","logo":{"@type":"ImageObject","inLanguage":"de","@id":"https:\/\/hubsch-interior.com\/de\/#\/schema\/logo\/image\/","url":"https:\/\/hubsch-interior.com\/wp-content\/uploads\/2022\/12\/Hubsch_logo_black_one_line.svg","contentUrl":"https:\/\/hubsch-interior.com\/wp-content\/uploads\/2022\/12\/Hubsch_logo_black_one_line.svg","caption":"H\u00fcbsch"},"image":{"@id":"https:\/\/hubsch-interior.com\/de\/#\/schema\/logo\/image\/"}}]}},"_links":{"self":[{"href":"https:\/\/hubsch-interior.com\/de\/wp-json\/wp\/v2\/product\/975809","targetHints":{"allow":["GET"]}}],"collection":[{"href":"https:\/\/hubsch-interior.com\/de\/wp-json\/wp\/v2\/product"}],"about":[{"href":"https:\/\/hubsch-interior.com\/de\/wp-json\/wp\/v2\/types\/product"}],"wp:featuredmedia":[{"embeddable":true,"href":"https:\/\/hubsch-interior.com\/de\/wp-json\/wp\/v2\/media\/1096632"}],"wp:attachment":[{"href":"https:\/\/hubsch-interior.com\/de\/wp-json\/wp\/v2\/media?parent=975809"}],"wp:term":[{"taxonomy":"product_brand","embeddable":true,"href":"https:\/\/hubsch-interior.com\/de\/wp-json\/wp\/v2\/product_brand?post=975809"},{"taxonomy":"product_cat","embeddable":true,"href":"https:\/\/hubsch-interior.com\/de\/wp-json\/wp\/v2\/product_cat?post=975809"},{"taxonomy":"product_tag","embeddable":true,"href":"https:\/\/hubsch-interior.com\/de\/wp-json\/wp\/v2\/product_tag?post=975809"}],"curies":[{"name":"wp","href":"https:\/\/api.w.org\/{rel}","templated":true}]}}