{"id":975825,"date":"2024-01-29T08:32:06","date_gmt":"2024-01-29T07:32:06","guid":{"rendered":"https:\/\/hubsch-interior.com\/product\/product\/"},"modified":"2026-04-30T04:28:40","modified_gmt":"2026-04-30T02:28:40","slug":"deux-topfe-rotbraun-blau-2er-set","status":"publish","type":"product","link":"https:\/\/hubsch-interior.com\/de\/produkt\/deux-topfe-rotbraun-blau-2er-set\/","title":{"rendered":"Deux T\u00f6pfe Rotbraun\/Blau (2er Set)"},"content":{"rendered":"<p>Die Deux T\u00f6pfe sind vielseitig einsetzbar und gibt es in zwei verschiedenen Varianten, die jeweils eine einzigartige Farbe in Bordeaux oder Blau haben. Aus hochwertigem Steinpulver hergestellt, sind diese T\u00f6pfe nicht nur haltbar, sondern verleihen auch jedem Raum eine elegante Note. Verwenden Sie sie als zwei separate Einzelst\u00fccke oder zusammen, um eine atemberaubende Mischung aus Farben zu schaffen. Ob als Vasen, T\u00f6pfe oder zur Aufbewahrung, diese kr\u00e4ftig gef\u00e4rbten T\u00f6pfe werden garantiert zum Blickfang in Ihrem Wohnraum. Die Deux T\u00f6pfe sind ein Muss f\u00fcr jeden Einrichtungsliebhaber.<\/p>\n","protected":false},"excerpt":{"rendered":"<p>Die Deux T\u00f6pfe sind vielseitig einsetzbar und gibt es in zwei verschiedenen Varianten, die jeweils eine einzigartige Farbe in Bordeaux oder Blau haben. Aus hochwertigem Steinpulver hergestellt, sind diese T\u00f6pfe nicht nur haltbar, sondern verleihen auch jedem Raum eine elegante Note. Verwenden Sie sie als zwei separate Einzelst\u00fccke oder zusammen, um eine atemberaubende Mischung aus [&hellip;]<\/p>\n","protected":false},"featured_media":1096652,"template":"","meta":{"_acf_changed":false,"inline_featured_image":false},"product_brand":[],"product_cat":[6884,6972,4916,4925,3156,5027],"product_tag":[],"class_list":{"0":"post-975825","1":"product","2":"type-product","3":"status-publish","4":"has-post-thumbnail","6":"product_cat-elevating-nostalgia-de","7":"product_cat-oster-sale","8":"product_cat-toepfe-giesskannen-de","9":"product_cat-blumentoepfe-de","10":"product_cat-vasen-de","11":"product_cat-bestsellers-de","12":"product_shipping_class-pk","13":"pa_color-blau-2","14":"pa_color-rotbraun-2","15":"pa_material-stone-powder-100-4","17":"first","18":"instock","19":"featured","20":"taxable","21":"shipping-taxable","22":"purchasable","23":"product-type-simple"},"exclude_global_add_ons":[],"addons":[],"acf":[],"yoast_head":"<!-- This site is optimized with the Yoast SEO plugin v26.4 - https:\/\/yoast.com\/wordpress\/plugins\/seo\/ -->\n<title>Deux T\u00f6pfe Rotbraun\/Blau (2er Set) - H\u00fcbsch<\/title>\n<meta name=\"description\" content=\"Die Deux T\u00f6pfe sind vielseitig einsetzbar und gibt es in zwei verschiedenen Varianten, die jeweils eine einzigartige Farbe in Bordeaux oder Blau haben.\" \/>\n<meta name=\"robots\" content=\"index, follow, max-snippet:-1, max-image-preview:large, max-video-preview:-1\" \/>\n<link rel=\"canonical\" href=\"https:\/\/hubsch-interior.com\/de\/wp-json\/wp\/v2\/product\/975825\" \/>\n<meta property=\"og:locale\" content=\"de_DE\" \/>\n<meta property=\"og:type\" content=\"article\" \/>\n<meta property=\"og:title\" content=\"Deux T\u00f6pfe Rotbraun\/Blau (2er Set) - H\u00fcbsch\" \/>\n<meta property=\"og:description\" content=\"Die Deux T\u00f6pfe sind vielseitig einsetzbar und gibt es in zwei verschiedenen Varianten, die jeweils eine einzigartige Farbe in Bordeaux oder Blau haben.\" \/>\n<meta property=\"og:url\" content=\"https:\/\/hubsch-interior.com\/de\/produkt\/deux-topfe-rotbraun-blau-2er-set\/\" \/>\n<meta property=\"og:site_name\" content=\"H\u00fcbsch\" \/>\n<meta property=\"article:modified_time\" content=\"2026-04-30T02:28:40+00:00\" \/>\n<meta property=\"og:image\" content=\"https:\/\/hubsch-interior.com\/wp-content\/uploads\/2025\/04\/deux-pots-maroonblue-set-of-2-ed3708abe33e696f8686c1393629a3e4.jpg\" \/>\n\t<meta property=\"og:image:width\" content=\"1200\" \/>\n\t<meta property=\"og:image:height\" content=\"1200\" \/>\n\t<meta property=\"og:image:type\" content=\"image\/jpeg\" \/>\n<meta name=\"twitter:card\" content=\"summary_large_image\" \/>\n<script type=\"application\/ld+json\" class=\"yoast-schema-graph\">{\"@context\":\"https:\/\/schema.org\",\"@graph\":[{\"@type\":\"WebPage\",\"@id\":\"https:\/\/hubsch-interior.com\/de\/produkt\/deux-topfe-rotbraun-blau-2er-set\/\",\"url\":\"https:\/\/hubsch-interior.com\/de\/produkt\/deux-topfe-rotbraun-blau-2er-set\/\",\"name\":\"Deux T\u00f6pfe Rotbraun\/Blau (2er Set) - H\u00fcbsch\",\"isPartOf\":{\"@id\":\"https:\/\/hubsch-interior.com\/de\/#website\"},\"primaryImageOfPage\":{\"@id\":\"https:\/\/hubsch-interior.com\/de\/produkt\/deux-topfe-rotbraun-blau-2er-set\/#primaryimage\"},\"image\":{\"@id\":\"https:\/\/hubsch-interior.com\/de\/produkt\/deux-topfe-rotbraun-blau-2er-set\/#primaryimage\"},\"thumbnailUrl\":\"https:\/\/hubsch-interior.com\/wp-content\/uploads\/2026\/02\/deux-pots-maroonblue-set-of-2-9ab040f30de4fae606743ba67ce0a7d9.jpg\",\"datePublished\":\"2024-01-29T07:32:06+00:00\",\"dateModified\":\"2026-04-30T02:28:40+00:00\",\"description\":\"Die Deux T\u00f6pfe sind vielseitig einsetzbar und gibt es in zwei verschiedenen Varianten, die jeweils eine einzigartige Farbe in Bordeaux oder Blau haben.\",\"breadcrumb\":{\"@id\":\"https:\/\/hubsch-interior.com\/de\/produkt\/deux-topfe-rotbraun-blau-2er-set\/#breadcrumb\"},\"inLanguage\":\"de\",\"potentialAction\":[{\"@type\":\"ReadAction\",\"target\":[\"https:\/\/hubsch-interior.com\/de\/produkt\/deux-topfe-rotbraun-blau-2er-set\/\"]}]},{\"@type\":\"ImageObject\",\"inLanguage\":\"de\",\"@id\":\"https:\/\/hubsch-interior.com\/de\/produkt\/deux-topfe-rotbraun-blau-2er-set\/#primaryimage\",\"url\":\"https:\/\/hubsch-interior.com\/wp-content\/uploads\/2026\/02\/deux-pots-maroonblue-set-of-2-9ab040f30de4fae606743ba67ce0a7d9.jpg\",\"contentUrl\":\"https:\/\/hubsch-interior.com\/wp-content\/uploads\/2026\/02\/deux-pots-maroonblue-set-of-2-9ab040f30de4fae606743ba67ce0a7d9.jpg\",\"width\":1024,\"height\":1024},{\"@type\":\"BreadcrumbList\",\"@id\":\"https:\/\/hubsch-interior.com\/de\/produkt\/deux-topfe-rotbraun-blau-2er-set\/#breadcrumb\",\"itemListElement\":[{\"@type\":\"ListItem\",\"position\":1,\"name\":\"Startseite\",\"item\":\"https:\/\/hubsch-interior.com\/de\/\"},{\"@type\":\"ListItem\",\"position\":2,\"name\":\"Produkte\",\"item\":\"https:\/\/hubsch-interior.com\/de\/shop-2\/\"},{\"@type\":\"ListItem\",\"position\":3,\"name\":\"Wohnaccessoires\",\"item\":\"https:\/\/hubsch-interior.com\/de\/produkt-kategorie\/wohnaccessoires\/\"},{\"@type\":\"ListItem\",\"position\":4,\"name\":\"T&ouml;pfe &amp; Gie&szlig;kannen\",\"item\":\"https:\/\/hubsch-interior.com\/de\/produkt-kategorie\/wohnaccessoires\/toepfe-giesskannen-de\/\"},{\"@type\":\"ListItem\",\"position\":5,\"name\":\"Blument&ouml;pfe\",\"item\":\"https:\/\/hubsch-interior.com\/de\/produkt-kategorie\/wohnaccessoires\/toepfe-giesskannen-de\/blumentoepfe-de\/\"},{\"@type\":\"ListItem\",\"position\":6,\"name\":\"Deux T\u00f6pfe Rotbraun\/Blau (2er Set)\"}]},{\"@type\":\"WebSite\",\"@id\":\"https:\/\/hubsch-interior.com\/de\/#website\",\"url\":\"https:\/\/hubsch-interior.com\/de\/\",\"name\":\"H\u00fcbsch\",\"description\":\"Danish Home Interior and Design\",\"publisher\":{\"@id\":\"https:\/\/hubsch-interior.com\/de\/#organization\"},\"potentialAction\":[{\"@type\":\"SearchAction\",\"target\":{\"@type\":\"EntryPoint\",\"urlTemplate\":\"https:\/\/hubsch-interior.com\/de\/?s={search_term_string}\"},\"query-input\":{\"@type\":\"PropertyValueSpecification\",\"valueRequired\":true,\"valueName\":\"search_term_string\"}}],\"inLanguage\":\"de\"},{\"@type\":\"Organization\",\"@id\":\"https:\/\/hubsch-interior.com\/de\/#organization\",\"name\":\"H\u00fcbsch\",\"url\":\"https:\/\/hubsch-interior.com\/de\/\",\"logo\":{\"@type\":\"ImageObject\",\"inLanguage\":\"de\",\"@id\":\"https:\/\/hubsch-interior.com\/de\/#\/schema\/logo\/image\/\",\"url\":\"https:\/\/hubsch-interior.com\/wp-content\/uploads\/2022\/12\/Hubsch_logo_black_one_line.svg\",\"contentUrl\":\"https:\/\/hubsch-interior.com\/wp-content\/uploads\/2022\/12\/Hubsch_logo_black_one_line.svg\",\"caption\":\"H\u00fcbsch\"},\"image\":{\"@id\":\"https:\/\/hubsch-interior.com\/de\/#\/schema\/logo\/image\/\"}}]}<\/script>\n<!-- \/ Yoast SEO plugin. -->","yoast_head_json":{"title":"Deux T\u00f6pfe Rotbraun\/Blau (2er Set) - H\u00fcbsch","description":"Die Deux T\u00f6pfe sind vielseitig einsetzbar und gibt es in zwei verschiedenen Varianten, die jeweils eine einzigartige Farbe in Bordeaux oder Blau haben.","robots":{"index":"index","follow":"follow","max-snippet":"max-snippet:-1","max-image-preview":"max-image-preview:large","max-video-preview":"max-video-preview:-1"},"canonical":"https:\/\/hubsch-interior.com\/de\/wp-json\/wp\/v2\/product\/975825","og_locale":"de_DE","og_type":"article","og_title":"Deux T\u00f6pfe Rotbraun\/Blau (2er Set) - H\u00fcbsch","og_description":"Die Deux T\u00f6pfe sind vielseitig einsetzbar und gibt es in zwei verschiedenen Varianten, die jeweils eine einzigartige Farbe in Bordeaux oder Blau haben.","og_url":"https:\/\/hubsch-interior.com\/de\/produkt\/deux-topfe-rotbraun-blau-2er-set\/","og_site_name":"H\u00fcbsch","article_modified_time":"2026-04-30T02:28:40+00:00","og_image":[{"width":1200,"height":1200,"url":"https:\/\/hubsch-interior.com\/wp-content\/uploads\/2025\/04\/deux-pots-maroonblue-set-of-2-ed3708abe33e696f8686c1393629a3e4.jpg","type":"image\/jpeg"}],"twitter_card":"summary_large_image","schema":{"@context":"https:\/\/schema.org","@graph":[{"@type":"WebPage","@id":"https:\/\/hubsch-interior.com\/de\/produkt\/deux-topfe-rotbraun-blau-2er-set\/","url":"https:\/\/hubsch-interior.com\/de\/produkt\/deux-topfe-rotbraun-blau-2er-set\/","name":"Deux T\u00f6pfe Rotbraun\/Blau (2er Set) - H\u00fcbsch","isPartOf":{"@id":"https:\/\/hubsch-interior.com\/de\/#website"},"primaryImageOfPage":{"@id":"https:\/\/hubsch-interior.com\/de\/produkt\/deux-topfe-rotbraun-blau-2er-set\/#primaryimage"},"image":{"@id":"https:\/\/hubsch-interior.com\/de\/produkt\/deux-topfe-rotbraun-blau-2er-set\/#primaryimage"},"thumbnailUrl":"https:\/\/hubsch-interior.com\/wp-content\/uploads\/2026\/02\/deux-pots-maroonblue-set-of-2-9ab040f30de4fae606743ba67ce0a7d9.jpg","datePublished":"2024-01-29T07:32:06+00:00","dateModified":"2026-04-30T02:28:40+00:00","description":"Die Deux T\u00f6pfe sind vielseitig einsetzbar und gibt es in zwei verschiedenen Varianten, die jeweils eine einzigartige Farbe in Bordeaux oder Blau haben.","breadcrumb":{"@id":"https:\/\/hubsch-interior.com\/de\/produkt\/deux-topfe-rotbraun-blau-2er-set\/#breadcrumb"},"inLanguage":"de","potentialAction":[{"@type":"ReadAction","target":["https:\/\/hubsch-interior.com\/de\/produkt\/deux-topfe-rotbraun-blau-2er-set\/"]}]},{"@type":"ImageObject","inLanguage":"de","@id":"https:\/\/hubsch-interior.com\/de\/produkt\/deux-topfe-rotbraun-blau-2er-set\/#primaryimage","url":"https:\/\/hubsch-interior.com\/wp-content\/uploads\/2026\/02\/deux-pots-maroonblue-set-of-2-9ab040f30de4fae606743ba67ce0a7d9.jpg","contentUrl":"https:\/\/hubsch-interior.com\/wp-content\/uploads\/2026\/02\/deux-pots-maroonblue-set-of-2-9ab040f30de4fae606743ba67ce0a7d9.jpg","width":1024,"height":1024},{"@type":"BreadcrumbList","@id":"https:\/\/hubsch-interior.com\/de\/produkt\/deux-topfe-rotbraun-blau-2er-set\/#breadcrumb","itemListElement":[{"@type":"ListItem","position":1,"name":"Startseite","item":"https:\/\/hubsch-interior.com\/de\/"},{"@type":"ListItem","position":2,"name":"Produkte","item":"https:\/\/hubsch-interior.com\/de\/shop-2\/"},{"@type":"ListItem","position":3,"name":"Wohnaccessoires","item":"https:\/\/hubsch-interior.com\/de\/produkt-kategorie\/wohnaccessoires\/"},{"@type":"ListItem","position":4,"name":"T&ouml;pfe &amp; Gie&szlig;kannen","item":"https:\/\/hubsch-interior.com\/de\/produkt-kategorie\/wohnaccessoires\/toepfe-giesskannen-de\/"},{"@type":"ListItem","position":5,"name":"Blument&ouml;pfe","item":"https:\/\/hubsch-interior.com\/de\/produkt-kategorie\/wohnaccessoires\/toepfe-giesskannen-de\/blumentoepfe-de\/"},{"@type":"ListItem","position":6,"name":"Deux T\u00f6pfe Rotbraun\/Blau (2er Set)"}]},{"@type":"WebSite","@id":"https:\/\/hubsch-interior.com\/de\/#website","url":"https:\/\/hubsch-interior.com\/de\/","name":"H\u00fcbsch","description":"Danish Home Interior and Design","publisher":{"@id":"https:\/\/hubsch-interior.com\/de\/#organization"},"potentialAction":[{"@type":"SearchAction","target":{"@type":"EntryPoint","urlTemplate":"https:\/\/hubsch-interior.com\/de\/?s={search_term_string}"},"query-input":{"@type":"PropertyValueSpecification","valueRequired":true,"valueName":"search_term_string"}}],"inLanguage":"de"},{"@type":"Organization","@id":"https:\/\/hubsch-interior.com\/de\/#organization","name":"H\u00fcbsch","url":"https:\/\/hubsch-interior.com\/de\/","logo":{"@type":"ImageObject","inLanguage":"de","@id":"https:\/\/hubsch-interior.com\/de\/#\/schema\/logo\/image\/","url":"https:\/\/hubsch-interior.com\/wp-content\/uploads\/2022\/12\/Hubsch_logo_black_one_line.svg","contentUrl":"https:\/\/hubsch-interior.com\/wp-content\/uploads\/2022\/12\/Hubsch_logo_black_one_line.svg","caption":"H\u00fcbsch"},"image":{"@id":"https:\/\/hubsch-interior.com\/de\/#\/schema\/logo\/image\/"}}]}},"_links":{"self":[{"href":"https:\/\/hubsch-interior.com\/de\/wp-json\/wp\/v2\/product\/975825","targetHints":{"allow":["GET"]}}],"collection":[{"href":"https:\/\/hubsch-interior.com\/de\/wp-json\/wp\/v2\/product"}],"about":[{"href":"https:\/\/hubsch-interior.com\/de\/wp-json\/wp\/v2\/types\/product"}],"wp:featuredmedia":[{"embeddable":true,"href":"https:\/\/hubsch-interior.com\/de\/wp-json\/wp\/v2\/media\/1096652"}],"wp:attachment":[{"href":"https:\/\/hubsch-interior.com\/de\/wp-json\/wp\/v2\/media?parent=975825"}],"wp:term":[{"taxonomy":"product_brand","embeddable":true,"href":"https:\/\/hubsch-interior.com\/de\/wp-json\/wp\/v2\/product_brand?post=975825"},{"taxonomy":"product_cat","embeddable":true,"href":"https:\/\/hubsch-interior.com\/de\/wp-json\/wp\/v2\/product_cat?post=975825"},{"taxonomy":"product_tag","embeddable":true,"href":"https:\/\/hubsch-interior.com\/de\/wp-json\/wp\/v2\/product_tag?post=975825"}],"curies":[{"name":"wp","href":"https:\/\/api.w.org\/{rel}","templated":true}]}}