{"id":975857,"date":"2024-01-29T08:32:18","date_gmt":"2024-01-29T07:32:18","guid":{"rendered":"https:\/\/hubsch-interior.com\/product\/product\/"},"modified":"2026-04-09T04:29:14","modified_gmt":"2026-04-09T02:29:14","slug":"amare-servierplatte-tablett-hellblau-orange-2er-set","status":"publish","type":"product","link":"https:\/\/hubsch-interior.com\/de\/produkt\/amare-servierplatte-tablett-hellblau-orange-2er-set\/","title":{"rendered":"Amare Servierplatte\/Tablett Hellblau\/Orange (2er Set)"},"content":{"rendered":"<p>Hier pr\u00e4sentieren wir Ihnen die Amare Servierplatte\/Tablett &#8211; die perfekte Erg\u00e4nzung f\u00fcr Ihre Wohnkultur! Erh\u00e4ltlich in zwei Gr\u00f6\u00dfen und einer atemberaubenden Mischung aus Hellblau und Orange, werden diese Tablette sicherlich in jedem Raum auffallen. Hergestellt aus strapazierf\u00e4higem und stilvollem Steinpulver sind sie nicht nur praktisch, sondern verleihen auch Ihrer Essenserfahrung eine elegante Note. Vervollst\u00e4ndigen Sie Ihre Amare-Serie mit diesem Set von Servierplatten und pr\u00e4sentieren Sie Ihre kulinarischen Kreationen auf Ihrer n\u00e4chsten Dinnerparty oder servieren Sie ein kleines Mittagessen mit Stil. Diese Tabletts sind nicht nur zum Servieren gedacht, sondern k\u00f6nnen auch als wundersch\u00f6ne Mittelst\u00fccke verwendet werden, um Ihre Wohnkultur zu pr\u00e4sentieren. Verbessern Sie Ihr Servierspiel mit den Amare Servierplatten.<\/p>\n","protected":false},"excerpt":{"rendered":"<p>Hier pr\u00e4sentieren wir Ihnen die Amare Servierplatte\/Tablett &#8211; die perfekte Erg\u00e4nzung f\u00fcr Ihre Wohnkultur! Erh\u00e4ltlich in zwei Gr\u00f6\u00dfen und einer atemberaubenden Mischung aus Hellblau und Orange, werden diese Tablette sicherlich in jedem Raum auffallen. Hergestellt aus strapazierf\u00e4higem und stilvollem Steinpulver sind sie nicht nur praktisch, sondern verleihen auch Ihrer Essenserfahrung eine elegante Note. Vervollst\u00e4ndigen Sie [&hellip;]<\/p>\n","protected":false},"featured_media":1096672,"template":"","meta":{"_acf_changed":false,"inline_featured_image":false},"product_brand":[],"product_cat":[6884,6972,7030,7029,6674,6349,4055,4096,5027,6519],"product_tag":[],"class_list":{"0":"post-975857","1":"product","2":"type-product","3":"status-publish","4":"has-post-thumbnail","6":"product_cat-elevating-nostalgia-de","7":"product_cat-oster-sale","8":"product_cat-servierplatten-und-teller-de","9":"product_cat-tischgeschirr-de-2","10":"product_cat-amare-tafelgeschirr-de","11":"product_cat-garden-selection-de","12":"product_cat-kuechenzubehoer-de","13":"product_cat-tischgeschirr-de","14":"product_cat-bestsellers-de","15":"product_cat-outlet-de","16":"product_shipping_class-pk","18":"pa_color-orange-de","19":"pa_color-hellblau-2","20":"pa_material-stone-powder-100-4","22":"first","23":"instock","24":"sale","25":"featured","26":"taxable","27":"shipping-taxable","28":"purchasable","29":"product-type-simple"},"exclude_global_add_ons":[],"addons":[],"acf":[],"yoast_head":"<!-- This site is optimized with the Yoast SEO plugin v26.4 - https:\/\/yoast.com\/wordpress\/plugins\/seo\/ -->\n<title>Amare Servierplatte\/Tablett Hellblau\/Orange (2er Set) - H\u00fcbsch<\/title>\n<meta name=\"description\" content=\"Hier pr\u00e4sentieren wir Ihnen die Amare Servierplatte\/Tablett - die perfekte Erg\u00e4nzung f\u00fcr Ihre Wohnkultur! Erh\u00e4ltlich in zwei Gr\u00f6\u00dfen und einer\" \/>\n<meta name=\"robots\" content=\"index, follow, max-snippet:-1, max-image-preview:large, max-video-preview:-1\" \/>\n<link rel=\"canonical\" href=\"https:\/\/hubsch-interior.com\/de\/wp-json\/wp\/v2\/product\/975857\" \/>\n<meta property=\"og:locale\" content=\"de_DE\" \/>\n<meta property=\"og:type\" content=\"article\" \/>\n<meta property=\"og:title\" content=\"Amare Servierplatte\/Tablett Hellblau\/Orange (2er Set) - H\u00fcbsch\" \/>\n<meta property=\"og:description\" content=\"Hier pr\u00e4sentieren wir Ihnen die Amare Servierplatte\/Tablett - die perfekte Erg\u00e4nzung f\u00fcr Ihre Wohnkultur! Erh\u00e4ltlich in zwei Gr\u00f6\u00dfen und einer\" \/>\n<meta property=\"og:url\" content=\"https:\/\/hubsch-interior.com\/de\/produkt\/amare-servierplatte-tablett-hellblau-orange-2er-set\/\" \/>\n<meta property=\"og:site_name\" content=\"H\u00fcbsch\" \/>\n<meta property=\"article:modified_time\" content=\"2026-04-09T02:29:14+00:00\" \/>\n<meta property=\"og:image\" content=\"https:\/\/hubsch-interior.com\/wp-content\/uploads\/2025\/04\/amare-serving-trays-light-blueorange-set-of-2-8a1baeefb0e70e712cd37b73676c8941.jpg\" \/>\n\t<meta property=\"og:image:width\" content=\"1200\" \/>\n\t<meta property=\"og:image:height\" content=\"1200\" \/>\n\t<meta property=\"og:image:type\" content=\"image\/jpeg\" \/>\n<meta name=\"twitter:card\" content=\"summary_large_image\" \/>\n<meta name=\"twitter:label1\" content=\"Gesch\u00e4tzte Lesezeit\" \/>\n\t<meta name=\"twitter:data1\" content=\"1\u00a0Minute\" \/>\n<script type=\"application\/ld+json\" class=\"yoast-schema-graph\">{\"@context\":\"https:\/\/schema.org\",\"@graph\":[{\"@type\":\"WebPage\",\"@id\":\"https:\/\/hubsch-interior.com\/de\/produkt\/amare-servierplatte-tablett-hellblau-orange-2er-set\/\",\"url\":\"https:\/\/hubsch-interior.com\/de\/produkt\/amare-servierplatte-tablett-hellblau-orange-2er-set\/\",\"name\":\"Amare Servierplatte\/Tablett Hellblau\/Orange (2er Set) - H\u00fcbsch\",\"isPartOf\":{\"@id\":\"https:\/\/hubsch-interior.com\/de\/#website\"},\"primaryImageOfPage\":{\"@id\":\"https:\/\/hubsch-interior.com\/de\/produkt\/amare-servierplatte-tablett-hellblau-orange-2er-set\/#primaryimage\"},\"image\":{\"@id\":\"https:\/\/hubsch-interior.com\/de\/produkt\/amare-servierplatte-tablett-hellblau-orange-2er-set\/#primaryimage\"},\"thumbnailUrl\":\"https:\/\/hubsch-interior.com\/wp-content\/uploads\/2026\/02\/amare-serving-trays-light-blueorange-set-of-2-6ee50bba580a1b4a0f031272c2ad4a1e.jpg\",\"datePublished\":\"2024-01-29T07:32:18+00:00\",\"dateModified\":\"2026-04-09T02:29:14+00:00\",\"description\":\"Hier pr\u00e4sentieren wir Ihnen die Amare Servierplatte\/Tablett - die perfekte Erg\u00e4nzung f\u00fcr Ihre Wohnkultur! Erh\u00e4ltlich in zwei Gr\u00f6\u00dfen und einer\",\"breadcrumb\":{\"@id\":\"https:\/\/hubsch-interior.com\/de\/produkt\/amare-servierplatte-tablett-hellblau-orange-2er-set\/#breadcrumb\"},\"inLanguage\":\"de\",\"potentialAction\":[{\"@type\":\"ReadAction\",\"target\":[\"https:\/\/hubsch-interior.com\/de\/produkt\/amare-servierplatte-tablett-hellblau-orange-2er-set\/\"]}]},{\"@type\":\"ImageObject\",\"inLanguage\":\"de\",\"@id\":\"https:\/\/hubsch-interior.com\/de\/produkt\/amare-servierplatte-tablett-hellblau-orange-2er-set\/#primaryimage\",\"url\":\"https:\/\/hubsch-interior.com\/wp-content\/uploads\/2026\/02\/amare-serving-trays-light-blueorange-set-of-2-6ee50bba580a1b4a0f031272c2ad4a1e.jpg\",\"contentUrl\":\"https:\/\/hubsch-interior.com\/wp-content\/uploads\/2026\/02\/amare-serving-trays-light-blueorange-set-of-2-6ee50bba580a1b4a0f031272c2ad4a1e.jpg\",\"width\":1024,\"height\":1024},{\"@type\":\"BreadcrumbList\",\"@id\":\"https:\/\/hubsch-interior.com\/de\/produkt\/amare-servierplatte-tablett-hellblau-orange-2er-set\/#breadcrumb\",\"itemListElement\":[{\"@type\":\"ListItem\",\"position\":1,\"name\":\"Startseite\",\"item\":\"https:\/\/hubsch-interior.com\/de\/\"},{\"@type\":\"ListItem\",\"position\":2,\"name\":\"Produkte\",\"item\":\"https:\/\/hubsch-interior.com\/de\/shop-2\/\"},{\"@type\":\"ListItem\",\"position\":3,\"name\":\"K\u00fcche\",\"item\":\"https:\/\/hubsch-interior.com\/de\/produkt-kategorie\/kuche\/\"},{\"@type\":\"ListItem\",\"position\":4,\"name\":\"Tischgeschirr\",\"item\":\"https:\/\/hubsch-interior.com\/de\/produkt-kategorie\/kuche\/tischgeschirr-de-2\/\"},{\"@type\":\"ListItem\",\"position\":5,\"name\":\"Servierplatten und Teller\",\"item\":\"https:\/\/hubsch-interior.com\/de\/produkt-kategorie\/kuche\/tischgeschirr-de-2\/servierplatten-und-teller-de\/\"},{\"@type\":\"ListItem\",\"position\":6,\"name\":\"Amare Servierplatte\/Tablett Hellblau\/Orange (2er Set)\"}]},{\"@type\":\"WebSite\",\"@id\":\"https:\/\/hubsch-interior.com\/de\/#website\",\"url\":\"https:\/\/hubsch-interior.com\/de\/\",\"name\":\"H\u00fcbsch\",\"description\":\"Danish Home Interior and Design\",\"publisher\":{\"@id\":\"https:\/\/hubsch-interior.com\/de\/#organization\"},\"potentialAction\":[{\"@type\":\"SearchAction\",\"target\":{\"@type\":\"EntryPoint\",\"urlTemplate\":\"https:\/\/hubsch-interior.com\/de\/?s={search_term_string}\"},\"query-input\":{\"@type\":\"PropertyValueSpecification\",\"valueRequired\":true,\"valueName\":\"search_term_string\"}}],\"inLanguage\":\"de\"},{\"@type\":\"Organization\",\"@id\":\"https:\/\/hubsch-interior.com\/de\/#organization\",\"name\":\"H\u00fcbsch\",\"url\":\"https:\/\/hubsch-interior.com\/de\/\",\"logo\":{\"@type\":\"ImageObject\",\"inLanguage\":\"de\",\"@id\":\"https:\/\/hubsch-interior.com\/de\/#\/schema\/logo\/image\/\",\"url\":\"https:\/\/hubsch-interior.com\/wp-content\/uploads\/2022\/12\/Hubsch_logo_black_one_line.svg\",\"contentUrl\":\"https:\/\/hubsch-interior.com\/wp-content\/uploads\/2022\/12\/Hubsch_logo_black_one_line.svg\",\"caption\":\"H\u00fcbsch\"},\"image\":{\"@id\":\"https:\/\/hubsch-interior.com\/de\/#\/schema\/logo\/image\/\"}}]}<\/script>\n<!-- \/ Yoast SEO plugin. -->","yoast_head_json":{"title":"Amare Servierplatte\/Tablett Hellblau\/Orange (2er Set) - H\u00fcbsch","description":"Hier pr\u00e4sentieren wir Ihnen die Amare Servierplatte\/Tablett - die perfekte Erg\u00e4nzung f\u00fcr Ihre Wohnkultur! Erh\u00e4ltlich in zwei Gr\u00f6\u00dfen und einer","robots":{"index":"index","follow":"follow","max-snippet":"max-snippet:-1","max-image-preview":"max-image-preview:large","max-video-preview":"max-video-preview:-1"},"canonical":"https:\/\/hubsch-interior.com\/de\/wp-json\/wp\/v2\/product\/975857","og_locale":"de_DE","og_type":"article","og_title":"Amare Servierplatte\/Tablett Hellblau\/Orange (2er Set) - H\u00fcbsch","og_description":"Hier pr\u00e4sentieren wir Ihnen die Amare Servierplatte\/Tablett - die perfekte Erg\u00e4nzung f\u00fcr Ihre Wohnkultur! Erh\u00e4ltlich in zwei Gr\u00f6\u00dfen und einer","og_url":"https:\/\/hubsch-interior.com\/de\/produkt\/amare-servierplatte-tablett-hellblau-orange-2er-set\/","og_site_name":"H\u00fcbsch","article_modified_time":"2026-04-09T02:29:14+00:00","og_image":[{"width":1200,"height":1200,"url":"https:\/\/hubsch-interior.com\/wp-content\/uploads\/2025\/04\/amare-serving-trays-light-blueorange-set-of-2-8a1baeefb0e70e712cd37b73676c8941.jpg","type":"image\/jpeg"}],"twitter_card":"summary_large_image","twitter_misc":{"Gesch\u00e4tzte Lesezeit":"1\u00a0Minute"},"schema":{"@context":"https:\/\/schema.org","@graph":[{"@type":"WebPage","@id":"https:\/\/hubsch-interior.com\/de\/produkt\/amare-servierplatte-tablett-hellblau-orange-2er-set\/","url":"https:\/\/hubsch-interior.com\/de\/produkt\/amare-servierplatte-tablett-hellblau-orange-2er-set\/","name":"Amare Servierplatte\/Tablett Hellblau\/Orange (2er Set) - H\u00fcbsch","isPartOf":{"@id":"https:\/\/hubsch-interior.com\/de\/#website"},"primaryImageOfPage":{"@id":"https:\/\/hubsch-interior.com\/de\/produkt\/amare-servierplatte-tablett-hellblau-orange-2er-set\/#primaryimage"},"image":{"@id":"https:\/\/hubsch-interior.com\/de\/produkt\/amare-servierplatte-tablett-hellblau-orange-2er-set\/#primaryimage"},"thumbnailUrl":"https:\/\/hubsch-interior.com\/wp-content\/uploads\/2026\/02\/amare-serving-trays-light-blueorange-set-of-2-6ee50bba580a1b4a0f031272c2ad4a1e.jpg","datePublished":"2024-01-29T07:32:18+00:00","dateModified":"2026-04-09T02:29:14+00:00","description":"Hier pr\u00e4sentieren wir Ihnen die Amare Servierplatte\/Tablett - die perfekte Erg\u00e4nzung f\u00fcr Ihre Wohnkultur! Erh\u00e4ltlich in zwei Gr\u00f6\u00dfen und einer","breadcrumb":{"@id":"https:\/\/hubsch-interior.com\/de\/produkt\/amare-servierplatte-tablett-hellblau-orange-2er-set\/#breadcrumb"},"inLanguage":"de","potentialAction":[{"@type":"ReadAction","target":["https:\/\/hubsch-interior.com\/de\/produkt\/amare-servierplatte-tablett-hellblau-orange-2er-set\/"]}]},{"@type":"ImageObject","inLanguage":"de","@id":"https:\/\/hubsch-interior.com\/de\/produkt\/amare-servierplatte-tablett-hellblau-orange-2er-set\/#primaryimage","url":"https:\/\/hubsch-interior.com\/wp-content\/uploads\/2026\/02\/amare-serving-trays-light-blueorange-set-of-2-6ee50bba580a1b4a0f031272c2ad4a1e.jpg","contentUrl":"https:\/\/hubsch-interior.com\/wp-content\/uploads\/2026\/02\/amare-serving-trays-light-blueorange-set-of-2-6ee50bba580a1b4a0f031272c2ad4a1e.jpg","width":1024,"height":1024},{"@type":"BreadcrumbList","@id":"https:\/\/hubsch-interior.com\/de\/produkt\/amare-servierplatte-tablett-hellblau-orange-2er-set\/#breadcrumb","itemListElement":[{"@type":"ListItem","position":1,"name":"Startseite","item":"https:\/\/hubsch-interior.com\/de\/"},{"@type":"ListItem","position":2,"name":"Produkte","item":"https:\/\/hubsch-interior.com\/de\/shop-2\/"},{"@type":"ListItem","position":3,"name":"K\u00fcche","item":"https:\/\/hubsch-interior.com\/de\/produkt-kategorie\/kuche\/"},{"@type":"ListItem","position":4,"name":"Tischgeschirr","item":"https:\/\/hubsch-interior.com\/de\/produkt-kategorie\/kuche\/tischgeschirr-de-2\/"},{"@type":"ListItem","position":5,"name":"Servierplatten und Teller","item":"https:\/\/hubsch-interior.com\/de\/produkt-kategorie\/kuche\/tischgeschirr-de-2\/servierplatten-und-teller-de\/"},{"@type":"ListItem","position":6,"name":"Amare Servierplatte\/Tablett Hellblau\/Orange (2er Set)"}]},{"@type":"WebSite","@id":"https:\/\/hubsch-interior.com\/de\/#website","url":"https:\/\/hubsch-interior.com\/de\/","name":"H\u00fcbsch","description":"Danish Home Interior and Design","publisher":{"@id":"https:\/\/hubsch-interior.com\/de\/#organization"},"potentialAction":[{"@type":"SearchAction","target":{"@type":"EntryPoint","urlTemplate":"https:\/\/hubsch-interior.com\/de\/?s={search_term_string}"},"query-input":{"@type":"PropertyValueSpecification","valueRequired":true,"valueName":"search_term_string"}}],"inLanguage":"de"},{"@type":"Organization","@id":"https:\/\/hubsch-interior.com\/de\/#organization","name":"H\u00fcbsch","url":"https:\/\/hubsch-interior.com\/de\/","logo":{"@type":"ImageObject","inLanguage":"de","@id":"https:\/\/hubsch-interior.com\/de\/#\/schema\/logo\/image\/","url":"https:\/\/hubsch-interior.com\/wp-content\/uploads\/2022\/12\/Hubsch_logo_black_one_line.svg","contentUrl":"https:\/\/hubsch-interior.com\/wp-content\/uploads\/2022\/12\/Hubsch_logo_black_one_line.svg","caption":"H\u00fcbsch"},"image":{"@id":"https:\/\/hubsch-interior.com\/de\/#\/schema\/logo\/image\/"}}]}},"_links":{"self":[{"href":"https:\/\/hubsch-interior.com\/de\/wp-json\/wp\/v2\/product\/975857","targetHints":{"allow":["GET"]}}],"collection":[{"href":"https:\/\/hubsch-interior.com\/de\/wp-json\/wp\/v2\/product"}],"about":[{"href":"https:\/\/hubsch-interior.com\/de\/wp-json\/wp\/v2\/types\/product"}],"wp:featuredmedia":[{"embeddable":true,"href":"https:\/\/hubsch-interior.com\/de\/wp-json\/wp\/v2\/media\/1096672"}],"wp:attachment":[{"href":"https:\/\/hubsch-interior.com\/de\/wp-json\/wp\/v2\/media?parent=975857"}],"wp:term":[{"taxonomy":"product_brand","embeddable":true,"href":"https:\/\/hubsch-interior.com\/de\/wp-json\/wp\/v2\/product_brand?post=975857"},{"taxonomy":"product_cat","embeddable":true,"href":"https:\/\/hubsch-interior.com\/de\/wp-json\/wp\/v2\/product_cat?post=975857"},{"taxonomy":"product_tag","embeddable":true,"href":"https:\/\/hubsch-interior.com\/de\/wp-json\/wp\/v2\/product_tag?post=975857"}],"curies":[{"name":"wp","href":"https:\/\/api.w.org\/{rel}","templated":true}]}}