{"id":975917,"date":"2024-01-29T09:11:17","date_gmt":"2024-01-29T08:11:17","guid":{"rendered":"https:\/\/hubsch-interior.com\/product\/product\/"},"modified":"2026-04-11T04:31:06","modified_gmt":"2026-04-11T02:31:06","slug":"mano-besteck-texturiertes-16er-set","status":"publish","type":"product","link":"https:\/\/hubsch-interior.com\/de\/produkt\/mano-besteck-texturiertes-16er-set\/","title":{"rendered":"Mano Besteck Texturiertes (16er Set)"},"content":{"rendered":"<p>Wir pr\u00e4sentieren das Mano Besteck, die perfekte Kombination aus zeitloser Eleganz und moderner Funktionalit\u00e4t. Hergestellt aus hochwertigem 18\/10 Chrom-Nickel-Stahl, ist dieses Set langlebig und rostfrei f\u00fcr lang anhaltenden Gebrauch. Die strukturierte Oberfl\u00e4che verleiht jedem Esserlebnis eine Note von Raffinesse. Kombinieren Sie es mit der geb\u00fcrsteten Version, um eine interessante und dynamische Tischgestaltung zu schaffen. Langlebig und stilvoll, ist das Mano Besteck die perfekte Erg\u00e4nzung f\u00fcr jedes Zuhause.<\/p>\n","protected":false},"excerpt":{"rendered":"<p>Wir pr\u00e4sentieren das Mano Besteck, die perfekte Kombination aus zeitloser Eleganz und moderner Funktionalit\u00e4t. Hergestellt aus hochwertigem 18\/10 Chrom-Nickel-Stahl, ist dieses Set langlebig und rostfrei f\u00fcr lang anhaltenden Gebrauch. Die strukturierte Oberfl\u00e4che verleiht jedem Esserlebnis eine Note von Raffinesse. Kombinieren Sie es mit der geb\u00fcrsteten Version, um eine interessante und dynamische Tischgestaltung zu schaffen. Langlebig [&hellip;]<\/p>\n","protected":false},"featured_media":1097507,"template":"","meta":{"_acf_changed":false,"inline_featured_image":false},"product_brand":[],"product_cat":[7052,5027,6884,6349,4055,6972,6519,4096,7029],"product_tag":[],"class_list":{"0":"post-975917","1":"product","2":"type-product","3":"status-publish","4":"has-post-thumbnail","6":"product_cat-besteck-de","7":"product_cat-bestsellers-de","8":"product_cat-elevating-nostalgia-de","9":"product_cat-garden-selection-de","10":"product_cat-kuechenzubehoer-de","11":"product_cat-oster-sale","12":"product_cat-outlet-de","13":"product_cat-tischgeschirr-de","14":"product_cat-tischgeschirr-de-2","15":"product_shipping_class-pk","17":"pa_color-texturiertes","18":"pa_material-rostfreiem-stahl","20":"first","21":"instock","22":"sale","23":"featured","24":"taxable","25":"shipping-taxable","26":"purchasable","27":"product-type-simple"},"exclude_global_add_ons":[],"addons":[],"acf":[],"yoast_head":"<!-- This site is optimized with the Yoast SEO plugin v26.4 - https:\/\/yoast.com\/wordpress\/plugins\/seo\/ -->\n<title>Mano Besteck Texturiertes (16er Set) - H\u00fcbsch<\/title>\n<meta name=\"description\" content=\"Wir pr\u00e4sentieren das Mano Besteck, die perfekte Kombination aus zeitloser Eleganz und moderner Funktionalit\u00e4t. Hergestellt aus hochwertigem 18\/10\" \/>\n<meta name=\"robots\" content=\"index, follow, max-snippet:-1, max-image-preview:large, max-video-preview:-1\" \/>\n<link rel=\"canonical\" href=\"https:\/\/hubsch-interior.com\/de\/wp-json\/wp\/v2\/product\/975917\" \/>\n<meta property=\"og:locale\" content=\"de_DE\" \/>\n<meta property=\"og:type\" content=\"article\" \/>\n<meta property=\"og:title\" content=\"Mano Besteck Texturiertes (16er Set) - H\u00fcbsch\" \/>\n<meta property=\"og:description\" content=\"Wir pr\u00e4sentieren das Mano Besteck, die perfekte Kombination aus zeitloser Eleganz und moderner Funktionalit\u00e4t. Hergestellt aus hochwertigem 18\/10\" \/>\n<meta property=\"og:url\" content=\"https:\/\/hubsch-interior.com\/de\/produkt\/mano-besteck-texturiertes-16er-set\/\" \/>\n<meta property=\"og:site_name\" content=\"H\u00fcbsch\" \/>\n<meta property=\"article:modified_time\" content=\"2026-04-11T02:31:06+00:00\" \/>\n<meta property=\"og:image\" content=\"https:\/\/hubsch-interior.com\/wp-content\/uploads\/2024\/01\/mano-cutlery-textured-set-of-16-3b159291bda886f56b474bf459aeaa96.jpg\" \/>\n\t<meta property=\"og:image:width\" content=\"1200\" \/>\n\t<meta property=\"og:image:height\" content=\"1200\" \/>\n\t<meta property=\"og:image:type\" content=\"image\/jpeg\" \/>\n<meta name=\"twitter:card\" content=\"summary_large_image\" \/>\n<script type=\"application\/ld+json\" class=\"yoast-schema-graph\">{\"@context\":\"https:\/\/schema.org\",\"@graph\":[{\"@type\":\"WebPage\",\"@id\":\"https:\/\/hubsch-interior.com\/de\/produkt\/mano-besteck-texturiertes-16er-set\/\",\"url\":\"https:\/\/hubsch-interior.com\/de\/produkt\/mano-besteck-texturiertes-16er-set\/\",\"name\":\"Mano Besteck Texturiertes (16er Set) - H\u00fcbsch\",\"isPartOf\":{\"@id\":\"https:\/\/hubsch-interior.com\/de\/#website\"},\"primaryImageOfPage\":{\"@id\":\"https:\/\/hubsch-interior.com\/de\/produkt\/mano-besteck-texturiertes-16er-set\/#primaryimage\"},\"image\":{\"@id\":\"https:\/\/hubsch-interior.com\/de\/produkt\/mano-besteck-texturiertes-16er-set\/#primaryimage\"},\"thumbnailUrl\":\"https:\/\/hubsch-interior.com\/wp-content\/uploads\/2026\/02\/mano-cutlery-textured-set-of-16-aff8a216ad709e3ec964d84e83ca1b84.jpg\",\"datePublished\":\"2024-01-29T08:11:17+00:00\",\"dateModified\":\"2026-04-11T02:31:06+00:00\",\"description\":\"Wir pr\u00e4sentieren das Mano Besteck, die perfekte Kombination aus zeitloser Eleganz und moderner Funktionalit\u00e4t. Hergestellt aus hochwertigem 18\/10\",\"breadcrumb\":{\"@id\":\"https:\/\/hubsch-interior.com\/de\/produkt\/mano-besteck-texturiertes-16er-set\/#breadcrumb\"},\"inLanguage\":\"de\",\"potentialAction\":[{\"@type\":\"ReadAction\",\"target\":[\"https:\/\/hubsch-interior.com\/de\/produkt\/mano-besteck-texturiertes-16er-set\/\"]}]},{\"@type\":\"ImageObject\",\"inLanguage\":\"de\",\"@id\":\"https:\/\/hubsch-interior.com\/de\/produkt\/mano-besteck-texturiertes-16er-set\/#primaryimage\",\"url\":\"https:\/\/hubsch-interior.com\/wp-content\/uploads\/2026\/02\/mano-cutlery-textured-set-of-16-aff8a216ad709e3ec964d84e83ca1b84.jpg\",\"contentUrl\":\"https:\/\/hubsch-interior.com\/wp-content\/uploads\/2026\/02\/mano-cutlery-textured-set-of-16-aff8a216ad709e3ec964d84e83ca1b84.jpg\",\"width\":1024,\"height\":1024},{\"@type\":\"BreadcrumbList\",\"@id\":\"https:\/\/hubsch-interior.com\/de\/produkt\/mano-besteck-texturiertes-16er-set\/#breadcrumb\",\"itemListElement\":[{\"@type\":\"ListItem\",\"position\":1,\"name\":\"Startseite\",\"item\":\"https:\/\/hubsch-interior.com\/de\/\"},{\"@type\":\"ListItem\",\"position\":2,\"name\":\"Produkte\",\"item\":\"https:\/\/hubsch-interior.com\/de\/shop-2\/\"},{\"@type\":\"ListItem\",\"position\":3,\"name\":\"K\u00fcche\",\"item\":\"https:\/\/hubsch-interior.com\/de\/produkt-kategorie\/kuche\/\"},{\"@type\":\"ListItem\",\"position\":4,\"name\":\"Tischgeschirr\",\"item\":\"https:\/\/hubsch-interior.com\/de\/produkt-kategorie\/kuche\/tischgeschirr-de-2\/\"},{\"@type\":\"ListItem\",\"position\":5,\"name\":\"Besteck\",\"item\":\"https:\/\/hubsch-interior.com\/de\/produkt-kategorie\/kuche\/tischgeschirr-de-2\/besteck-de\/\"},{\"@type\":\"ListItem\",\"position\":6,\"name\":\"Mano Besteck Texturiertes (16er Set)\"}]},{\"@type\":\"WebSite\",\"@id\":\"https:\/\/hubsch-interior.com\/de\/#website\",\"url\":\"https:\/\/hubsch-interior.com\/de\/\",\"name\":\"H\u00fcbsch\",\"description\":\"Danish Home Interior and Design\",\"publisher\":{\"@id\":\"https:\/\/hubsch-interior.com\/de\/#organization\"},\"potentialAction\":[{\"@type\":\"SearchAction\",\"target\":{\"@type\":\"EntryPoint\",\"urlTemplate\":\"https:\/\/hubsch-interior.com\/de\/?s={search_term_string}\"},\"query-input\":{\"@type\":\"PropertyValueSpecification\",\"valueRequired\":true,\"valueName\":\"search_term_string\"}}],\"inLanguage\":\"de\"},{\"@type\":\"Organization\",\"@id\":\"https:\/\/hubsch-interior.com\/de\/#organization\",\"name\":\"H\u00fcbsch\",\"url\":\"https:\/\/hubsch-interior.com\/de\/\",\"logo\":{\"@type\":\"ImageObject\",\"inLanguage\":\"de\",\"@id\":\"https:\/\/hubsch-interior.com\/de\/#\/schema\/logo\/image\/\",\"url\":\"https:\/\/hubsch-interior.com\/wp-content\/uploads\/2022\/12\/Hubsch_logo_black_one_line.svg\",\"contentUrl\":\"https:\/\/hubsch-interior.com\/wp-content\/uploads\/2022\/12\/Hubsch_logo_black_one_line.svg\",\"caption\":\"H\u00fcbsch\"},\"image\":{\"@id\":\"https:\/\/hubsch-interior.com\/de\/#\/schema\/logo\/image\/\"}}]}<\/script>\n<!-- \/ Yoast SEO plugin. -->","yoast_head_json":{"title":"Mano Besteck Texturiertes (16er Set) - H\u00fcbsch","description":"Wir pr\u00e4sentieren das Mano Besteck, die perfekte Kombination aus zeitloser Eleganz und moderner Funktionalit\u00e4t. Hergestellt aus hochwertigem 18\/10","robots":{"index":"index","follow":"follow","max-snippet":"max-snippet:-1","max-image-preview":"max-image-preview:large","max-video-preview":"max-video-preview:-1"},"canonical":"https:\/\/hubsch-interior.com\/de\/wp-json\/wp\/v2\/product\/975917","og_locale":"de_DE","og_type":"article","og_title":"Mano Besteck Texturiertes (16er Set) - H\u00fcbsch","og_description":"Wir pr\u00e4sentieren das Mano Besteck, die perfekte Kombination aus zeitloser Eleganz und moderner Funktionalit\u00e4t. Hergestellt aus hochwertigem 18\/10","og_url":"https:\/\/hubsch-interior.com\/de\/produkt\/mano-besteck-texturiertes-16er-set\/","og_site_name":"H\u00fcbsch","article_modified_time":"2026-04-11T02:31:06+00:00","og_image":[{"width":1200,"height":1200,"url":"https:\/\/hubsch-interior.com\/wp-content\/uploads\/2024\/01\/mano-cutlery-textured-set-of-16-3b159291bda886f56b474bf459aeaa96.jpg","type":"image\/jpeg"}],"twitter_card":"summary_large_image","schema":{"@context":"https:\/\/schema.org","@graph":[{"@type":"WebPage","@id":"https:\/\/hubsch-interior.com\/de\/produkt\/mano-besteck-texturiertes-16er-set\/","url":"https:\/\/hubsch-interior.com\/de\/produkt\/mano-besteck-texturiertes-16er-set\/","name":"Mano Besteck Texturiertes (16er Set) - H\u00fcbsch","isPartOf":{"@id":"https:\/\/hubsch-interior.com\/de\/#website"},"primaryImageOfPage":{"@id":"https:\/\/hubsch-interior.com\/de\/produkt\/mano-besteck-texturiertes-16er-set\/#primaryimage"},"image":{"@id":"https:\/\/hubsch-interior.com\/de\/produkt\/mano-besteck-texturiertes-16er-set\/#primaryimage"},"thumbnailUrl":"https:\/\/hubsch-interior.com\/wp-content\/uploads\/2026\/02\/mano-cutlery-textured-set-of-16-aff8a216ad709e3ec964d84e83ca1b84.jpg","datePublished":"2024-01-29T08:11:17+00:00","dateModified":"2026-04-11T02:31:06+00:00","description":"Wir pr\u00e4sentieren das Mano Besteck, die perfekte Kombination aus zeitloser Eleganz und moderner Funktionalit\u00e4t. Hergestellt aus hochwertigem 18\/10","breadcrumb":{"@id":"https:\/\/hubsch-interior.com\/de\/produkt\/mano-besteck-texturiertes-16er-set\/#breadcrumb"},"inLanguage":"de","potentialAction":[{"@type":"ReadAction","target":["https:\/\/hubsch-interior.com\/de\/produkt\/mano-besteck-texturiertes-16er-set\/"]}]},{"@type":"ImageObject","inLanguage":"de","@id":"https:\/\/hubsch-interior.com\/de\/produkt\/mano-besteck-texturiertes-16er-set\/#primaryimage","url":"https:\/\/hubsch-interior.com\/wp-content\/uploads\/2026\/02\/mano-cutlery-textured-set-of-16-aff8a216ad709e3ec964d84e83ca1b84.jpg","contentUrl":"https:\/\/hubsch-interior.com\/wp-content\/uploads\/2026\/02\/mano-cutlery-textured-set-of-16-aff8a216ad709e3ec964d84e83ca1b84.jpg","width":1024,"height":1024},{"@type":"BreadcrumbList","@id":"https:\/\/hubsch-interior.com\/de\/produkt\/mano-besteck-texturiertes-16er-set\/#breadcrumb","itemListElement":[{"@type":"ListItem","position":1,"name":"Startseite","item":"https:\/\/hubsch-interior.com\/de\/"},{"@type":"ListItem","position":2,"name":"Produkte","item":"https:\/\/hubsch-interior.com\/de\/shop-2\/"},{"@type":"ListItem","position":3,"name":"K\u00fcche","item":"https:\/\/hubsch-interior.com\/de\/produkt-kategorie\/kuche\/"},{"@type":"ListItem","position":4,"name":"Tischgeschirr","item":"https:\/\/hubsch-interior.com\/de\/produkt-kategorie\/kuche\/tischgeschirr-de-2\/"},{"@type":"ListItem","position":5,"name":"Besteck","item":"https:\/\/hubsch-interior.com\/de\/produkt-kategorie\/kuche\/tischgeschirr-de-2\/besteck-de\/"},{"@type":"ListItem","position":6,"name":"Mano Besteck Texturiertes (16er Set)"}]},{"@type":"WebSite","@id":"https:\/\/hubsch-interior.com\/de\/#website","url":"https:\/\/hubsch-interior.com\/de\/","name":"H\u00fcbsch","description":"Danish Home Interior and Design","publisher":{"@id":"https:\/\/hubsch-interior.com\/de\/#organization"},"potentialAction":[{"@type":"SearchAction","target":{"@type":"EntryPoint","urlTemplate":"https:\/\/hubsch-interior.com\/de\/?s={search_term_string}"},"query-input":{"@type":"PropertyValueSpecification","valueRequired":true,"valueName":"search_term_string"}}],"inLanguage":"de"},{"@type":"Organization","@id":"https:\/\/hubsch-interior.com\/de\/#organization","name":"H\u00fcbsch","url":"https:\/\/hubsch-interior.com\/de\/","logo":{"@type":"ImageObject","inLanguage":"de","@id":"https:\/\/hubsch-interior.com\/de\/#\/schema\/logo\/image\/","url":"https:\/\/hubsch-interior.com\/wp-content\/uploads\/2022\/12\/Hubsch_logo_black_one_line.svg","contentUrl":"https:\/\/hubsch-interior.com\/wp-content\/uploads\/2022\/12\/Hubsch_logo_black_one_line.svg","caption":"H\u00fcbsch"},"image":{"@id":"https:\/\/hubsch-interior.com\/de\/#\/schema\/logo\/image\/"}}]}},"_links":{"self":[{"href":"https:\/\/hubsch-interior.com\/de\/wp-json\/wp\/v2\/product\/975917","targetHints":{"allow":["GET"]}}],"collection":[{"href":"https:\/\/hubsch-interior.com\/de\/wp-json\/wp\/v2\/product"}],"about":[{"href":"https:\/\/hubsch-interior.com\/de\/wp-json\/wp\/v2\/types\/product"}],"wp:featuredmedia":[{"embeddable":true,"href":"https:\/\/hubsch-interior.com\/de\/wp-json\/wp\/v2\/media\/1097507"}],"wp:attachment":[{"href":"https:\/\/hubsch-interior.com\/de\/wp-json\/wp\/v2\/media?parent=975917"}],"wp:term":[{"taxonomy":"product_brand","embeddable":true,"href":"https:\/\/hubsch-interior.com\/de\/wp-json\/wp\/v2\/product_brand?post=975917"},{"taxonomy":"product_cat","embeddable":true,"href":"https:\/\/hubsch-interior.com\/de\/wp-json\/wp\/v2\/product_cat?post=975917"},{"taxonomy":"product_tag","embeddable":true,"href":"https:\/\/hubsch-interior.com\/de\/wp-json\/wp\/v2\/product_tag?post=975917"}],"curies":[{"name":"wp","href":"https:\/\/api.w.org\/{rel}","templated":true}]}}