{"id":975937,"date":"2024-01-29T09:11:30","date_gmt":"2024-01-29T08:11:30","guid":{"rendered":"https:\/\/hubsch-interior.com\/product\/product\/"},"modified":"2026-04-09T04:32:38","modified_gmt":"2026-04-09T02:32:38","slug":"clink-weisweinglas-klar","status":"publish","type":"product","link":"https:\/\/hubsch-interior.com\/de\/produkt\/clink-weisweinglas-klar\/","title":{"rendered":"Clink Wei\u00dfweinglas Klar"},"content":{"rendered":"<p>G\u00f6nnen Sie sich einen Hauch von Nostalgie mit dem Clink Wei\u00dfweinglas. Dieses zarte und stilvolle Glas ist die perfekte Aussage von Eleganz und verleiht jedem Esserlebnis das gewisse Etwas. Aus Kristall gefertigt, strahlt es eine klare und polierte Erscheinung aus und verleiht Ihrer Tischdekoration eine Portion Raffinesse. In drei verschiedenen Varianten erh\u00e4ltlich, erm\u00f6glicht dieses klare Glas Ihnen, Ihre Lieblings-Wei\u00dfweine stilvoll zu genie\u00dfen. Erweitern Sie Ihr Trinkerlebnis und f\u00fcgen Sie Ihrem n\u00e4chsten Abendessen eine Prise Luxus hinzu mit dem Clink Wei\u00dfweinglas.<\/p>\n","protected":false},"excerpt":{"rendered":"<p>G\u00f6nnen Sie sich einen Hauch von Nostalgie mit dem Clink Wei\u00dfweinglas. Dieses zarte und stilvolle Glas ist die perfekte Aussage von Eleganz und verleiht jedem Esserlebnis das gewisse Etwas. Aus Kristall gefertigt, strahlt es eine klare und polierte Erscheinung aus und verleiht Ihrer Tischdekoration eine Portion Raffinesse. In drei verschiedenen Varianten erh\u00e4ltlich, erm\u00f6glicht dieses klare [&hellip;]<\/p>\n","protected":false},"featured_media":1097527,"template":"","meta":{"_acf_changed":false,"inline_featured_image":false},"product_brand":[],"product_cat":[6884,7034,6972,7029,6349,4055,4096,6519],"product_tag":[],"class_list":{"0":"post-975937","1":"product","2":"type-product","3":"status-publish","4":"has-post-thumbnail","6":"product_cat-elevating-nostalgia-de","7":"product_cat-glaeser-und-kannen-de","8":"product_cat-oster-sale","9":"product_cat-tischgeschirr-de-2","10":"product_cat-garden-selection-de","11":"product_cat-kuechenzubehoer-de","12":"product_cat-tischgeschirr-de","13":"product_cat-outlet-de","14":"product_shipping_class-pk","16":"pa_color-klar-de","17":"pa_material-kristall-de","19":"first","20":"instock","21":"sale","22":"taxable","23":"shipping-taxable","24":"purchasable","25":"product-type-simple"},"exclude_global_add_ons":[],"addons":[],"acf":[],"yoast_head":"<!-- This site is optimized with the Yoast SEO plugin v26.4 - https:\/\/yoast.com\/wordpress\/plugins\/seo\/ -->\n<title>Clink Wei\u00dfweinglas Klar - H\u00fcbsch<\/title>\n<meta name=\"description\" content=\"G\u00f6nnen Sie sich einen Hauch von Nostalgie mit dem Clink Wei\u00dfweinglas. Dieses zarte und stilvolle Glas ist die perfekte Aussage von Eleganz und verleiht\" \/>\n<meta name=\"robots\" content=\"index, follow, max-snippet:-1, max-image-preview:large, max-video-preview:-1\" \/>\n<link rel=\"canonical\" href=\"https:\/\/hubsch-interior.com\/de\/wp-json\/wp\/v2\/product\/975937\" \/>\n<meta property=\"og:locale\" content=\"de_DE\" \/>\n<meta property=\"og:type\" content=\"article\" \/>\n<meta property=\"og:title\" content=\"Clink Wei\u00dfweinglas Klar - H\u00fcbsch\" \/>\n<meta property=\"og:description\" content=\"G\u00f6nnen Sie sich einen Hauch von Nostalgie mit dem Clink Wei\u00dfweinglas. Dieses zarte und stilvolle Glas ist die perfekte Aussage von Eleganz und verleiht\" \/>\n<meta property=\"og:url\" content=\"https:\/\/hubsch-interior.com\/de\/produkt\/clink-weisweinglas-klar\/\" \/>\n<meta property=\"og:site_name\" content=\"H\u00fcbsch\" \/>\n<meta property=\"article:modified_time\" content=\"2026-04-09T02:32:38+00:00\" \/>\n<meta property=\"og:image\" content=\"https:\/\/hubsch-interior.com\/wp-content\/uploads\/2025\/04\/clink-white-wine-glass-clear-614e1ce1b0c39758f7738ea8b968ad65.jpg\" \/>\n\t<meta property=\"og:image:width\" content=\"1200\" \/>\n\t<meta property=\"og:image:height\" content=\"1200\" \/>\n\t<meta property=\"og:image:type\" content=\"image\/jpeg\" \/>\n<meta name=\"twitter:card\" content=\"summary_large_image\" \/>\n<script type=\"application\/ld+json\" class=\"yoast-schema-graph\">{\"@context\":\"https:\/\/schema.org\",\"@graph\":[{\"@type\":\"WebPage\",\"@id\":\"https:\/\/hubsch-interior.com\/de\/produkt\/clink-weisweinglas-klar\/\",\"url\":\"https:\/\/hubsch-interior.com\/de\/produkt\/clink-weisweinglas-klar\/\",\"name\":\"Clink Wei\u00dfweinglas Klar - H\u00fcbsch\",\"isPartOf\":{\"@id\":\"https:\/\/hubsch-interior.com\/de\/#website\"},\"primaryImageOfPage\":{\"@id\":\"https:\/\/hubsch-interior.com\/de\/produkt\/clink-weisweinglas-klar\/#primaryimage\"},\"image\":{\"@id\":\"https:\/\/hubsch-interior.com\/de\/produkt\/clink-weisweinglas-klar\/#primaryimage\"},\"thumbnailUrl\":\"https:\/\/hubsch-interior.com\/wp-content\/uploads\/2026\/02\/clink-white-wine-glass-clear-1792f1a0a7db3dd5db3b10deff37f950.jpg\",\"datePublished\":\"2024-01-29T08:11:30+00:00\",\"dateModified\":\"2026-04-09T02:32:38+00:00\",\"description\":\"G\u00f6nnen Sie sich einen Hauch von Nostalgie mit dem Clink Wei\u00dfweinglas. Dieses zarte und stilvolle Glas ist die perfekte Aussage von Eleganz und verleiht\",\"breadcrumb\":{\"@id\":\"https:\/\/hubsch-interior.com\/de\/produkt\/clink-weisweinglas-klar\/#breadcrumb\"},\"inLanguage\":\"de\",\"potentialAction\":[{\"@type\":\"ReadAction\",\"target\":[\"https:\/\/hubsch-interior.com\/de\/produkt\/clink-weisweinglas-klar\/\"]}]},{\"@type\":\"ImageObject\",\"inLanguage\":\"de\",\"@id\":\"https:\/\/hubsch-interior.com\/de\/produkt\/clink-weisweinglas-klar\/#primaryimage\",\"url\":\"https:\/\/hubsch-interior.com\/wp-content\/uploads\/2026\/02\/clink-white-wine-glass-clear-1792f1a0a7db3dd5db3b10deff37f950.jpg\",\"contentUrl\":\"https:\/\/hubsch-interior.com\/wp-content\/uploads\/2026\/02\/clink-white-wine-glass-clear-1792f1a0a7db3dd5db3b10deff37f950.jpg\",\"width\":1024,\"height\":1024},{\"@type\":\"BreadcrumbList\",\"@id\":\"https:\/\/hubsch-interior.com\/de\/produkt\/clink-weisweinglas-klar\/#breadcrumb\",\"itemListElement\":[{\"@type\":\"ListItem\",\"position\":1,\"name\":\"Startseite\",\"item\":\"https:\/\/hubsch-interior.com\/de\/\"},{\"@type\":\"ListItem\",\"position\":2,\"name\":\"Produkte\",\"item\":\"https:\/\/hubsch-interior.com\/de\/shop-2\/\"},{\"@type\":\"ListItem\",\"position\":3,\"name\":\"K\u00fcche\",\"item\":\"https:\/\/hubsch-interior.com\/de\/produkt-kategorie\/kuche\/\"},{\"@type\":\"ListItem\",\"position\":4,\"name\":\"Tischgeschirr\",\"item\":\"https:\/\/hubsch-interior.com\/de\/produkt-kategorie\/kuche\/tischgeschirr-de-2\/\"},{\"@type\":\"ListItem\",\"position\":5,\"name\":\"Gl&auml;ser und Kannen\",\"item\":\"https:\/\/hubsch-interior.com\/de\/produkt-kategorie\/kuche\/tischgeschirr-de-2\/glaeser-und-kannen-de\/\"},{\"@type\":\"ListItem\",\"position\":6,\"name\":\"Clink Wei\u00dfweinglas Klar\"}]},{\"@type\":\"WebSite\",\"@id\":\"https:\/\/hubsch-interior.com\/de\/#website\",\"url\":\"https:\/\/hubsch-interior.com\/de\/\",\"name\":\"H\u00fcbsch\",\"description\":\"Danish Home Interior and Design\",\"publisher\":{\"@id\":\"https:\/\/hubsch-interior.com\/de\/#organization\"},\"potentialAction\":[{\"@type\":\"SearchAction\",\"target\":{\"@type\":\"EntryPoint\",\"urlTemplate\":\"https:\/\/hubsch-interior.com\/de\/?s={search_term_string}\"},\"query-input\":{\"@type\":\"PropertyValueSpecification\",\"valueRequired\":true,\"valueName\":\"search_term_string\"}}],\"inLanguage\":\"de\"},{\"@type\":\"Organization\",\"@id\":\"https:\/\/hubsch-interior.com\/de\/#organization\",\"name\":\"H\u00fcbsch\",\"url\":\"https:\/\/hubsch-interior.com\/de\/\",\"logo\":{\"@type\":\"ImageObject\",\"inLanguage\":\"de\",\"@id\":\"https:\/\/hubsch-interior.com\/de\/#\/schema\/logo\/image\/\",\"url\":\"https:\/\/hubsch-interior.com\/wp-content\/uploads\/2022\/12\/Hubsch_logo_black_one_line.svg\",\"contentUrl\":\"https:\/\/hubsch-interior.com\/wp-content\/uploads\/2022\/12\/Hubsch_logo_black_one_line.svg\",\"caption\":\"H\u00fcbsch\"},\"image\":{\"@id\":\"https:\/\/hubsch-interior.com\/de\/#\/schema\/logo\/image\/\"}}]}<\/script>\n<!-- \/ Yoast SEO plugin. -->","yoast_head_json":{"title":"Clink Wei\u00dfweinglas Klar - H\u00fcbsch","description":"G\u00f6nnen Sie sich einen Hauch von Nostalgie mit dem Clink Wei\u00dfweinglas. Dieses zarte und stilvolle Glas ist die perfekte Aussage von Eleganz und verleiht","robots":{"index":"index","follow":"follow","max-snippet":"max-snippet:-1","max-image-preview":"max-image-preview:large","max-video-preview":"max-video-preview:-1"},"canonical":"https:\/\/hubsch-interior.com\/de\/wp-json\/wp\/v2\/product\/975937","og_locale":"de_DE","og_type":"article","og_title":"Clink Wei\u00dfweinglas Klar - H\u00fcbsch","og_description":"G\u00f6nnen Sie sich einen Hauch von Nostalgie mit dem Clink Wei\u00dfweinglas. Dieses zarte und stilvolle Glas ist die perfekte Aussage von Eleganz und verleiht","og_url":"https:\/\/hubsch-interior.com\/de\/produkt\/clink-weisweinglas-klar\/","og_site_name":"H\u00fcbsch","article_modified_time":"2026-04-09T02:32:38+00:00","og_image":[{"width":1200,"height":1200,"url":"https:\/\/hubsch-interior.com\/wp-content\/uploads\/2025\/04\/clink-white-wine-glass-clear-614e1ce1b0c39758f7738ea8b968ad65.jpg","type":"image\/jpeg"}],"twitter_card":"summary_large_image","schema":{"@context":"https:\/\/schema.org","@graph":[{"@type":"WebPage","@id":"https:\/\/hubsch-interior.com\/de\/produkt\/clink-weisweinglas-klar\/","url":"https:\/\/hubsch-interior.com\/de\/produkt\/clink-weisweinglas-klar\/","name":"Clink Wei\u00dfweinglas Klar - H\u00fcbsch","isPartOf":{"@id":"https:\/\/hubsch-interior.com\/de\/#website"},"primaryImageOfPage":{"@id":"https:\/\/hubsch-interior.com\/de\/produkt\/clink-weisweinglas-klar\/#primaryimage"},"image":{"@id":"https:\/\/hubsch-interior.com\/de\/produkt\/clink-weisweinglas-klar\/#primaryimage"},"thumbnailUrl":"https:\/\/hubsch-interior.com\/wp-content\/uploads\/2026\/02\/clink-white-wine-glass-clear-1792f1a0a7db3dd5db3b10deff37f950.jpg","datePublished":"2024-01-29T08:11:30+00:00","dateModified":"2026-04-09T02:32:38+00:00","description":"G\u00f6nnen Sie sich einen Hauch von Nostalgie mit dem Clink Wei\u00dfweinglas. Dieses zarte und stilvolle Glas ist die perfekte Aussage von Eleganz und verleiht","breadcrumb":{"@id":"https:\/\/hubsch-interior.com\/de\/produkt\/clink-weisweinglas-klar\/#breadcrumb"},"inLanguage":"de","potentialAction":[{"@type":"ReadAction","target":["https:\/\/hubsch-interior.com\/de\/produkt\/clink-weisweinglas-klar\/"]}]},{"@type":"ImageObject","inLanguage":"de","@id":"https:\/\/hubsch-interior.com\/de\/produkt\/clink-weisweinglas-klar\/#primaryimage","url":"https:\/\/hubsch-interior.com\/wp-content\/uploads\/2026\/02\/clink-white-wine-glass-clear-1792f1a0a7db3dd5db3b10deff37f950.jpg","contentUrl":"https:\/\/hubsch-interior.com\/wp-content\/uploads\/2026\/02\/clink-white-wine-glass-clear-1792f1a0a7db3dd5db3b10deff37f950.jpg","width":1024,"height":1024},{"@type":"BreadcrumbList","@id":"https:\/\/hubsch-interior.com\/de\/produkt\/clink-weisweinglas-klar\/#breadcrumb","itemListElement":[{"@type":"ListItem","position":1,"name":"Startseite","item":"https:\/\/hubsch-interior.com\/de\/"},{"@type":"ListItem","position":2,"name":"Produkte","item":"https:\/\/hubsch-interior.com\/de\/shop-2\/"},{"@type":"ListItem","position":3,"name":"K\u00fcche","item":"https:\/\/hubsch-interior.com\/de\/produkt-kategorie\/kuche\/"},{"@type":"ListItem","position":4,"name":"Tischgeschirr","item":"https:\/\/hubsch-interior.com\/de\/produkt-kategorie\/kuche\/tischgeschirr-de-2\/"},{"@type":"ListItem","position":5,"name":"Gl&auml;ser und Kannen","item":"https:\/\/hubsch-interior.com\/de\/produkt-kategorie\/kuche\/tischgeschirr-de-2\/glaeser-und-kannen-de\/"},{"@type":"ListItem","position":6,"name":"Clink Wei\u00dfweinglas Klar"}]},{"@type":"WebSite","@id":"https:\/\/hubsch-interior.com\/de\/#website","url":"https:\/\/hubsch-interior.com\/de\/","name":"H\u00fcbsch","description":"Danish Home Interior and Design","publisher":{"@id":"https:\/\/hubsch-interior.com\/de\/#organization"},"potentialAction":[{"@type":"SearchAction","target":{"@type":"EntryPoint","urlTemplate":"https:\/\/hubsch-interior.com\/de\/?s={search_term_string}"},"query-input":{"@type":"PropertyValueSpecification","valueRequired":true,"valueName":"search_term_string"}}],"inLanguage":"de"},{"@type":"Organization","@id":"https:\/\/hubsch-interior.com\/de\/#organization","name":"H\u00fcbsch","url":"https:\/\/hubsch-interior.com\/de\/","logo":{"@type":"ImageObject","inLanguage":"de","@id":"https:\/\/hubsch-interior.com\/de\/#\/schema\/logo\/image\/","url":"https:\/\/hubsch-interior.com\/wp-content\/uploads\/2022\/12\/Hubsch_logo_black_one_line.svg","contentUrl":"https:\/\/hubsch-interior.com\/wp-content\/uploads\/2022\/12\/Hubsch_logo_black_one_line.svg","caption":"H\u00fcbsch"},"image":{"@id":"https:\/\/hubsch-interior.com\/de\/#\/schema\/logo\/image\/"}}]}},"_links":{"self":[{"href":"https:\/\/hubsch-interior.com\/de\/wp-json\/wp\/v2\/product\/975937","targetHints":{"allow":["GET"]}}],"collection":[{"href":"https:\/\/hubsch-interior.com\/de\/wp-json\/wp\/v2\/product"}],"about":[{"href":"https:\/\/hubsch-interior.com\/de\/wp-json\/wp\/v2\/types\/product"}],"wp:featuredmedia":[{"embeddable":true,"href":"https:\/\/hubsch-interior.com\/de\/wp-json\/wp\/v2\/media\/1097527"}],"wp:attachment":[{"href":"https:\/\/hubsch-interior.com\/de\/wp-json\/wp\/v2\/media?parent=975937"}],"wp:term":[{"taxonomy":"product_brand","embeddable":true,"href":"https:\/\/hubsch-interior.com\/de\/wp-json\/wp\/v2\/product_brand?post=975937"},{"taxonomy":"product_cat","embeddable":true,"href":"https:\/\/hubsch-interior.com\/de\/wp-json\/wp\/v2\/product_cat?post=975937"},{"taxonomy":"product_tag","embeddable":true,"href":"https:\/\/hubsch-interior.com\/de\/wp-json\/wp\/v2\/product_tag?post=975937"}],"curies":[{"name":"wp","href":"https:\/\/api.w.org\/{rel}","templated":true}]}}