{"id":975981,"date":"2024-01-29T09:11:55","date_gmt":"2024-01-29T08:11:55","guid":{"rendered":"https:\/\/hubsch-interior.com\/product\/product\/"},"modified":"2026-04-09T04:32:49","modified_gmt":"2026-04-09T02:32:49","slug":"clink-champagnerglas-klar","status":"publish","type":"product","link":"https:\/\/hubsch-interior.com\/de\/produkt\/clink-champagnerglas-klar\/","title":{"rendered":"Clink Champagnerglas Klar"},"content":{"rendered":"<p>Verfeiner dein Trinkerlebnis mit dem Clink Champagnerglas. Dieses kristallklare Glas strahlt Eleganz aus und bringt Erinnerungen an das Ansto\u00dfen auf Liebe, Erfolg und Gl\u00fcck zur\u00fcck. Verwende es mit deinem Lieblingschampagner zum Feiern oder g\u00f6nne dir ein wundersch\u00f6nes Eis-Dessert als besonderen Genuss. Mit 3 verschiedenen Varianten zur Auswahl ist dieses Glas perfekt, um jeden besonderen Anlass noch besonderer zu machen. Verleihe deiner Tafel mit dem Clink Champagnerglas eine Portion Raffinesse.<\/p>\n","protected":false},"excerpt":{"rendered":"<p>Verfeiner dein Trinkerlebnis mit dem Clink Champagnerglas. Dieses kristallklare Glas strahlt Eleganz aus und bringt Erinnerungen an das Ansto\u00dfen auf Liebe, Erfolg und Gl\u00fcck zur\u00fcck. Verwende es mit deinem Lieblingschampagner zum Feiern oder g\u00f6nne dir ein wundersch\u00f6nes Eis-Dessert als besonderen Genuss. Mit 3 verschiedenen Varianten zur Auswahl ist dieses Glas perfekt, um jeden besonderen Anlass [&hellip;]<\/p>\n","protected":false},"featured_media":1097563,"template":"","meta":{"_acf_changed":false,"inline_featured_image":false},"product_brand":[],"product_cat":[6884,6349,7034,4055,6972,6519,7029,4096],"product_tag":[],"class_list":{"0":"post-975981","1":"product","2":"type-product","3":"status-publish","4":"has-post-thumbnail","6":"product_cat-elevating-nostalgia-de","7":"product_cat-garden-selection-de","8":"product_cat-glaeser-und-kannen-de","9":"product_cat-kuechenzubehoer-de","10":"product_cat-oster-sale","11":"product_cat-outlet-de","12":"product_cat-tischgeschirr-de-2","13":"product_cat-tischgeschirr-de","14":"product_shipping_class-pk","16":"pa_color-klar-de","17":"pa_material-kristall-de","19":"first","20":"instock","21":"sale","22":"taxable","23":"shipping-taxable","24":"purchasable","25":"product-type-simple"},"exclude_global_add_ons":[],"addons":[],"acf":[],"yoast_head":"<!-- This site is optimized with the Yoast SEO plugin v26.4 - https:\/\/yoast.com\/wordpress\/plugins\/seo\/ -->\n<title>Clink Champagnerglas Klar - H\u00fcbsch<\/title>\n<meta name=\"description\" content=\"Verfeiner dein Trinkerlebnis mit dem Clink Champagnerglas. Dieses kristallklare Glas strahlt Eleganz aus und bringt Erinnerungen an das Ansto\u00dfen auf\" \/>\n<meta name=\"robots\" content=\"index, follow, max-snippet:-1, max-image-preview:large, max-video-preview:-1\" \/>\n<link rel=\"canonical\" href=\"https:\/\/hubsch-interior.com\/de\/wp-json\/wp\/v2\/product\/975981\" \/>\n<meta property=\"og:locale\" content=\"de_DE\" \/>\n<meta property=\"og:type\" content=\"article\" \/>\n<meta property=\"og:title\" content=\"Clink Champagnerglas Klar - H\u00fcbsch\" \/>\n<meta property=\"og:description\" content=\"Verfeiner dein Trinkerlebnis mit dem Clink Champagnerglas. Dieses kristallklare Glas strahlt Eleganz aus und bringt Erinnerungen an das Ansto\u00dfen auf\" \/>\n<meta property=\"og:url\" content=\"https:\/\/hubsch-interior.com\/de\/produkt\/clink-champagnerglas-klar\/\" \/>\n<meta property=\"og:site_name\" content=\"H\u00fcbsch\" \/>\n<meta property=\"article:modified_time\" content=\"2026-04-09T02:32:49+00:00\" \/>\n<meta property=\"og:image\" content=\"https:\/\/hubsch-interior.com\/wp-content\/uploads\/2024\/05\/clink-champagne-glass-clear-5eb4fe9418fcf757236a5f204a0e5372.jpg\" \/>\n\t<meta property=\"og:image:width\" content=\"1200\" \/>\n\t<meta property=\"og:image:height\" content=\"1200\" \/>\n\t<meta property=\"og:image:type\" content=\"image\/jpeg\" \/>\n<meta name=\"twitter:card\" content=\"summary_large_image\" \/>\n<script type=\"application\/ld+json\" class=\"yoast-schema-graph\">{\"@context\":\"https:\/\/schema.org\",\"@graph\":[{\"@type\":\"WebPage\",\"@id\":\"https:\/\/hubsch-interior.com\/de\/produkt\/clink-champagnerglas-klar\/\",\"url\":\"https:\/\/hubsch-interior.com\/de\/produkt\/clink-champagnerglas-klar\/\",\"name\":\"Clink Champagnerglas Klar - H\u00fcbsch\",\"isPartOf\":{\"@id\":\"https:\/\/hubsch-interior.com\/de\/#website\"},\"primaryImageOfPage\":{\"@id\":\"https:\/\/hubsch-interior.com\/de\/produkt\/clink-champagnerglas-klar\/#primaryimage\"},\"image\":{\"@id\":\"https:\/\/hubsch-interior.com\/de\/produkt\/clink-champagnerglas-klar\/#primaryimage\"},\"thumbnailUrl\":\"https:\/\/hubsch-interior.com\/wp-content\/uploads\/2026\/02\/clink-champagne-glass-clear-b03cc000cfb49d58d1127c6d64f6281c.jpg\",\"datePublished\":\"2024-01-29T08:11:55+00:00\",\"dateModified\":\"2026-04-09T02:32:49+00:00\",\"description\":\"Verfeiner dein Trinkerlebnis mit dem Clink Champagnerglas. Dieses kristallklare Glas strahlt Eleganz aus und bringt Erinnerungen an das Ansto\u00dfen auf\",\"breadcrumb\":{\"@id\":\"https:\/\/hubsch-interior.com\/de\/produkt\/clink-champagnerglas-klar\/#breadcrumb\"},\"inLanguage\":\"de\",\"potentialAction\":[{\"@type\":\"ReadAction\",\"target\":[\"https:\/\/hubsch-interior.com\/de\/produkt\/clink-champagnerglas-klar\/\"]}]},{\"@type\":\"ImageObject\",\"inLanguage\":\"de\",\"@id\":\"https:\/\/hubsch-interior.com\/de\/produkt\/clink-champagnerglas-klar\/#primaryimage\",\"url\":\"https:\/\/hubsch-interior.com\/wp-content\/uploads\/2026\/02\/clink-champagne-glass-clear-b03cc000cfb49d58d1127c6d64f6281c.jpg\",\"contentUrl\":\"https:\/\/hubsch-interior.com\/wp-content\/uploads\/2026\/02\/clink-champagne-glass-clear-b03cc000cfb49d58d1127c6d64f6281c.jpg\",\"width\":1024,\"height\":1024},{\"@type\":\"BreadcrumbList\",\"@id\":\"https:\/\/hubsch-interior.com\/de\/produkt\/clink-champagnerglas-klar\/#breadcrumb\",\"itemListElement\":[{\"@type\":\"ListItem\",\"position\":1,\"name\":\"Startseite\",\"item\":\"https:\/\/hubsch-interior.com\/de\/\"},{\"@type\":\"ListItem\",\"position\":2,\"name\":\"Produkte\",\"item\":\"https:\/\/hubsch-interior.com\/de\/shop-2\/\"},{\"@type\":\"ListItem\",\"position\":3,\"name\":\"K\u00fcche\",\"item\":\"https:\/\/hubsch-interior.com\/de\/produkt-kategorie\/kuche\/\"},{\"@type\":\"ListItem\",\"position\":4,\"name\":\"Tischgeschirr\",\"item\":\"https:\/\/hubsch-interior.com\/de\/produkt-kategorie\/kuche\/tischgeschirr-de-2\/\"},{\"@type\":\"ListItem\",\"position\":5,\"name\":\"Gl&auml;ser und Kannen\",\"item\":\"https:\/\/hubsch-interior.com\/de\/produkt-kategorie\/kuche\/tischgeschirr-de-2\/glaeser-und-kannen-de\/\"},{\"@type\":\"ListItem\",\"position\":6,\"name\":\"Clink Champagnerglas Klar\"}]},{\"@type\":\"WebSite\",\"@id\":\"https:\/\/hubsch-interior.com\/de\/#website\",\"url\":\"https:\/\/hubsch-interior.com\/de\/\",\"name\":\"H\u00fcbsch\",\"description\":\"Danish Home Interior and Design\",\"publisher\":{\"@id\":\"https:\/\/hubsch-interior.com\/de\/#organization\"},\"potentialAction\":[{\"@type\":\"SearchAction\",\"target\":{\"@type\":\"EntryPoint\",\"urlTemplate\":\"https:\/\/hubsch-interior.com\/de\/?s={search_term_string}\"},\"query-input\":{\"@type\":\"PropertyValueSpecification\",\"valueRequired\":true,\"valueName\":\"search_term_string\"}}],\"inLanguage\":\"de\"},{\"@type\":\"Organization\",\"@id\":\"https:\/\/hubsch-interior.com\/de\/#organization\",\"name\":\"H\u00fcbsch\",\"url\":\"https:\/\/hubsch-interior.com\/de\/\",\"logo\":{\"@type\":\"ImageObject\",\"inLanguage\":\"de\",\"@id\":\"https:\/\/hubsch-interior.com\/de\/#\/schema\/logo\/image\/\",\"url\":\"https:\/\/hubsch-interior.com\/wp-content\/uploads\/2022\/12\/Hubsch_logo_black_one_line.svg\",\"contentUrl\":\"https:\/\/hubsch-interior.com\/wp-content\/uploads\/2022\/12\/Hubsch_logo_black_one_line.svg\",\"caption\":\"H\u00fcbsch\"},\"image\":{\"@id\":\"https:\/\/hubsch-interior.com\/de\/#\/schema\/logo\/image\/\"}}]}<\/script>\n<!-- \/ Yoast SEO plugin. -->","yoast_head_json":{"title":"Clink Champagnerglas Klar - H\u00fcbsch","description":"Verfeiner dein Trinkerlebnis mit dem Clink Champagnerglas. Dieses kristallklare Glas strahlt Eleganz aus und bringt Erinnerungen an das Ansto\u00dfen auf","robots":{"index":"index","follow":"follow","max-snippet":"max-snippet:-1","max-image-preview":"max-image-preview:large","max-video-preview":"max-video-preview:-1"},"canonical":"https:\/\/hubsch-interior.com\/de\/wp-json\/wp\/v2\/product\/975981","og_locale":"de_DE","og_type":"article","og_title":"Clink Champagnerglas Klar - H\u00fcbsch","og_description":"Verfeiner dein Trinkerlebnis mit dem Clink Champagnerglas. Dieses kristallklare Glas strahlt Eleganz aus und bringt Erinnerungen an das Ansto\u00dfen auf","og_url":"https:\/\/hubsch-interior.com\/de\/produkt\/clink-champagnerglas-klar\/","og_site_name":"H\u00fcbsch","article_modified_time":"2026-04-09T02:32:49+00:00","og_image":[{"width":1200,"height":1200,"url":"https:\/\/hubsch-interior.com\/wp-content\/uploads\/2024\/05\/clink-champagne-glass-clear-5eb4fe9418fcf757236a5f204a0e5372.jpg","type":"image\/jpeg"}],"twitter_card":"summary_large_image","schema":{"@context":"https:\/\/schema.org","@graph":[{"@type":"WebPage","@id":"https:\/\/hubsch-interior.com\/de\/produkt\/clink-champagnerglas-klar\/","url":"https:\/\/hubsch-interior.com\/de\/produkt\/clink-champagnerglas-klar\/","name":"Clink Champagnerglas Klar - H\u00fcbsch","isPartOf":{"@id":"https:\/\/hubsch-interior.com\/de\/#website"},"primaryImageOfPage":{"@id":"https:\/\/hubsch-interior.com\/de\/produkt\/clink-champagnerglas-klar\/#primaryimage"},"image":{"@id":"https:\/\/hubsch-interior.com\/de\/produkt\/clink-champagnerglas-klar\/#primaryimage"},"thumbnailUrl":"https:\/\/hubsch-interior.com\/wp-content\/uploads\/2026\/02\/clink-champagne-glass-clear-b03cc000cfb49d58d1127c6d64f6281c.jpg","datePublished":"2024-01-29T08:11:55+00:00","dateModified":"2026-04-09T02:32:49+00:00","description":"Verfeiner dein Trinkerlebnis mit dem Clink Champagnerglas. Dieses kristallklare Glas strahlt Eleganz aus und bringt Erinnerungen an das Ansto\u00dfen auf","breadcrumb":{"@id":"https:\/\/hubsch-interior.com\/de\/produkt\/clink-champagnerglas-klar\/#breadcrumb"},"inLanguage":"de","potentialAction":[{"@type":"ReadAction","target":["https:\/\/hubsch-interior.com\/de\/produkt\/clink-champagnerglas-klar\/"]}]},{"@type":"ImageObject","inLanguage":"de","@id":"https:\/\/hubsch-interior.com\/de\/produkt\/clink-champagnerglas-klar\/#primaryimage","url":"https:\/\/hubsch-interior.com\/wp-content\/uploads\/2026\/02\/clink-champagne-glass-clear-b03cc000cfb49d58d1127c6d64f6281c.jpg","contentUrl":"https:\/\/hubsch-interior.com\/wp-content\/uploads\/2026\/02\/clink-champagne-glass-clear-b03cc000cfb49d58d1127c6d64f6281c.jpg","width":1024,"height":1024},{"@type":"BreadcrumbList","@id":"https:\/\/hubsch-interior.com\/de\/produkt\/clink-champagnerglas-klar\/#breadcrumb","itemListElement":[{"@type":"ListItem","position":1,"name":"Startseite","item":"https:\/\/hubsch-interior.com\/de\/"},{"@type":"ListItem","position":2,"name":"Produkte","item":"https:\/\/hubsch-interior.com\/de\/shop-2\/"},{"@type":"ListItem","position":3,"name":"K\u00fcche","item":"https:\/\/hubsch-interior.com\/de\/produkt-kategorie\/kuche\/"},{"@type":"ListItem","position":4,"name":"Tischgeschirr","item":"https:\/\/hubsch-interior.com\/de\/produkt-kategorie\/kuche\/tischgeschirr-de-2\/"},{"@type":"ListItem","position":5,"name":"Gl&auml;ser und Kannen","item":"https:\/\/hubsch-interior.com\/de\/produkt-kategorie\/kuche\/tischgeschirr-de-2\/glaeser-und-kannen-de\/"},{"@type":"ListItem","position":6,"name":"Clink Champagnerglas Klar"}]},{"@type":"WebSite","@id":"https:\/\/hubsch-interior.com\/de\/#website","url":"https:\/\/hubsch-interior.com\/de\/","name":"H\u00fcbsch","description":"Danish Home Interior and Design","publisher":{"@id":"https:\/\/hubsch-interior.com\/de\/#organization"},"potentialAction":[{"@type":"SearchAction","target":{"@type":"EntryPoint","urlTemplate":"https:\/\/hubsch-interior.com\/de\/?s={search_term_string}"},"query-input":{"@type":"PropertyValueSpecification","valueRequired":true,"valueName":"search_term_string"}}],"inLanguage":"de"},{"@type":"Organization","@id":"https:\/\/hubsch-interior.com\/de\/#organization","name":"H\u00fcbsch","url":"https:\/\/hubsch-interior.com\/de\/","logo":{"@type":"ImageObject","inLanguage":"de","@id":"https:\/\/hubsch-interior.com\/de\/#\/schema\/logo\/image\/","url":"https:\/\/hubsch-interior.com\/wp-content\/uploads\/2022\/12\/Hubsch_logo_black_one_line.svg","contentUrl":"https:\/\/hubsch-interior.com\/wp-content\/uploads\/2022\/12\/Hubsch_logo_black_one_line.svg","caption":"H\u00fcbsch"},"image":{"@id":"https:\/\/hubsch-interior.com\/de\/#\/schema\/logo\/image\/"}}]}},"_links":{"self":[{"href":"https:\/\/hubsch-interior.com\/de\/wp-json\/wp\/v2\/product\/975981","targetHints":{"allow":["GET"]}}],"collection":[{"href":"https:\/\/hubsch-interior.com\/de\/wp-json\/wp\/v2\/product"}],"about":[{"href":"https:\/\/hubsch-interior.com\/de\/wp-json\/wp\/v2\/types\/product"}],"wp:featuredmedia":[{"embeddable":true,"href":"https:\/\/hubsch-interior.com\/de\/wp-json\/wp\/v2\/media\/1097563"}],"wp:attachment":[{"href":"https:\/\/hubsch-interior.com\/de\/wp-json\/wp\/v2\/media?parent=975981"}],"wp:term":[{"taxonomy":"product_brand","embeddable":true,"href":"https:\/\/hubsch-interior.com\/de\/wp-json\/wp\/v2\/product_brand?post=975981"},{"taxonomy":"product_cat","embeddable":true,"href":"https:\/\/hubsch-interior.com\/de\/wp-json\/wp\/v2\/product_cat?post=975981"},{"taxonomy":"product_tag","embeddable":true,"href":"https:\/\/hubsch-interior.com\/de\/wp-json\/wp\/v2\/product_tag?post=975981"}],"curies":[{"name":"wp","href":"https:\/\/api.w.org\/{rel}","templated":true}]}}