{"id":976009,"date":"2024-01-29T09:12:07","date_gmt":"2024-01-29T08:12:07","guid":{"rendered":"https:\/\/hubsch-interior.com\/product\/product\/"},"modified":"2026-04-29T04:32:52","modified_gmt":"2026-04-29T02:32:52","slug":"ecto-esszimmerstuhl-grau","status":"publish","type":"product","link":"https:\/\/hubsch-interior.com\/de\/produkt\/ecto-esszimmerstuhl-grau\/","title":{"rendered":"Ecto Esszimmerstuhl Grau"},"content":{"rendered":"<p>Der Ecto Esszimmerstuhl ist die perfekte Kombination aus Komfort und Design f\u00fcr Ihren Essbereich. Mit einer unverwechselbaren und skulpturalen Form f\u00fcgt dieser Stuhl Ihrem Raum garantiert eine Note von Eleganz hinzu. In zwei Varianten erh\u00e4ltlich, ist diese graue Sch\u00f6nheit perfekt f\u00fcr jeden Einrichtungsstil geeignet. Die gepolsterte Sitzfl\u00e4che und R\u00fcckenlehne sorgen f\u00fcr maximalen Komfort und machen ihn ideal f\u00fcr ein entspanntes Esserlebnis. Speisen Sie mit Stil und heben Sie Ihre Mahlzeiten auf ein h\u00f6heres Niveau mit dem Ecto Esszimmerstuhl.<\/p>\n","protected":false},"excerpt":{"rendered":"<p>Der Ecto Esszimmerstuhl ist die perfekte Kombination aus Komfort und Design f\u00fcr Ihren Essbereich. Mit einer unverwechselbaren und skulpturalen Form f\u00fcgt dieser Stuhl Ihrem Raum garantiert eine Note von Eleganz hinzu. In zwei Varianten erh\u00e4ltlich, ist diese graue Sch\u00f6nheit perfekt f\u00fcr jeden Einrichtungsstil geeignet. Die gepolsterte Sitzfl\u00e4che und R\u00fcckenlehne sorgen f\u00fcr maximalen Komfort und machen [&hellip;]<\/p>\n","protected":false},"featured_media":1097671,"template":"","meta":{"_acf_changed":false,"inline_featured_image":false},"product_brand":[],"product_cat":[6884,6323,2845,2846,5027],"product_tag":[],"class_list":{"0":"post-976009","1":"product","2":"type-product","3":"status-publish","4":"has-post-thumbnail","6":"product_cat-elevating-nostalgia-de","7":"product_cat-fsc-de","8":"product_cat-sitzmoebel-de","9":"product_cat-esszimmerstuehle-de","10":"product_cat-bestsellers-de","11":"product_shipping_class-pk","13":"pa_color-grau-2","14":"pa_material-eisen-de","15":"pa_material-polyester-100-de","17":"first","18":"instock","19":"featured","20":"taxable","21":"shipping-taxable","22":"purchasable","23":"product-type-simple"},"exclude_global_add_ons":[],"addons":[],"acf":[],"yoast_head":"<!-- This site is optimized with the Yoast SEO plugin v26.4 - https:\/\/yoast.com\/wordpress\/plugins\/seo\/ -->\n<title>Ecto Esszimmerstuhl Grau - H\u00fcbsch<\/title>\n<meta name=\"description\" content=\"Der Ecto Esszimmerstuhl ist die perfekte Kombination aus Komfort und Design f\u00fcr Ihren Essbereich. Mit einer unverwechselbaren und skulpturalen Form f\u00fcgt\" \/>\n<meta name=\"robots\" content=\"index, follow, max-snippet:-1, max-image-preview:large, max-video-preview:-1\" \/>\n<link rel=\"canonical\" href=\"https:\/\/hubsch-interior.com\/de\/wp-json\/wp\/v2\/product\/976009\" \/>\n<meta property=\"og:locale\" content=\"de_DE\" \/>\n<meta property=\"og:type\" content=\"article\" \/>\n<meta property=\"og:title\" content=\"Ecto Esszimmerstuhl Grau - H\u00fcbsch\" \/>\n<meta property=\"og:description\" content=\"Der Ecto Esszimmerstuhl ist die perfekte Kombination aus Komfort und Design f\u00fcr Ihren Essbereich. Mit einer unverwechselbaren und skulpturalen Form f\u00fcgt\" \/>\n<meta property=\"og:url\" content=\"https:\/\/hubsch-interior.com\/de\/produkt\/ecto-esszimmerstuhl-grau\/\" \/>\n<meta property=\"og:site_name\" content=\"H\u00fcbsch\" \/>\n<meta property=\"article:modified_time\" content=\"2026-04-29T02:32:52+00:00\" \/>\n<meta property=\"og:image\" content=\"https:\/\/hubsch-interior.com\/wp-content\/uploads\/2024\/01\/ecto-dining-chair-grey-3e5a13e9a8217e290360d7f299009c0a.jpg\" \/>\n\t<meta property=\"og:image:width\" content=\"1200\" \/>\n\t<meta property=\"og:image:height\" content=\"1200\" \/>\n\t<meta property=\"og:image:type\" content=\"image\/jpeg\" \/>\n<meta name=\"twitter:card\" content=\"summary_large_image\" \/>\n<script type=\"application\/ld+json\" class=\"yoast-schema-graph\">{\"@context\":\"https:\/\/schema.org\",\"@graph\":[{\"@type\":\"WebPage\",\"@id\":\"https:\/\/hubsch-interior.com\/de\/produkt\/ecto-esszimmerstuhl-grau\/\",\"url\":\"https:\/\/hubsch-interior.com\/de\/produkt\/ecto-esszimmerstuhl-grau\/\",\"name\":\"Ecto Esszimmerstuhl Grau - H\u00fcbsch\",\"isPartOf\":{\"@id\":\"https:\/\/hubsch-interior.com\/de\/#website\"},\"primaryImageOfPage\":{\"@id\":\"https:\/\/hubsch-interior.com\/de\/produkt\/ecto-esszimmerstuhl-grau\/#primaryimage\"},\"image\":{\"@id\":\"https:\/\/hubsch-interior.com\/de\/produkt\/ecto-esszimmerstuhl-grau\/#primaryimage\"},\"thumbnailUrl\":\"https:\/\/hubsch-interior.com\/wp-content\/uploads\/2026\/02\/ecto-dining-chair-grey-7322cafb412e5cebdd4b970b9be0b722.jpg\",\"datePublished\":\"2024-01-29T08:12:07+00:00\",\"dateModified\":\"2026-04-29T02:32:52+00:00\",\"description\":\"Der Ecto Esszimmerstuhl ist die perfekte Kombination aus Komfort und Design f\u00fcr Ihren Essbereich. Mit einer unverwechselbaren und skulpturalen Form f\u00fcgt\",\"breadcrumb\":{\"@id\":\"https:\/\/hubsch-interior.com\/de\/produkt\/ecto-esszimmerstuhl-grau\/#breadcrumb\"},\"inLanguage\":\"de\",\"potentialAction\":[{\"@type\":\"ReadAction\",\"target\":[\"https:\/\/hubsch-interior.com\/de\/produkt\/ecto-esszimmerstuhl-grau\/\"]}]},{\"@type\":\"ImageObject\",\"inLanguage\":\"de\",\"@id\":\"https:\/\/hubsch-interior.com\/de\/produkt\/ecto-esszimmerstuhl-grau\/#primaryimage\",\"url\":\"https:\/\/hubsch-interior.com\/wp-content\/uploads\/2026\/02\/ecto-dining-chair-grey-7322cafb412e5cebdd4b970b9be0b722.jpg\",\"contentUrl\":\"https:\/\/hubsch-interior.com\/wp-content\/uploads\/2026\/02\/ecto-dining-chair-grey-7322cafb412e5cebdd4b970b9be0b722.jpg\",\"width\":1024,\"height\":1024},{\"@type\":\"BreadcrumbList\",\"@id\":\"https:\/\/hubsch-interior.com\/de\/produkt\/ecto-esszimmerstuhl-grau\/#breadcrumb\",\"itemListElement\":[{\"@type\":\"ListItem\",\"position\":1,\"name\":\"Startseite\",\"item\":\"https:\/\/hubsch-interior.com\/de\/\"},{\"@type\":\"ListItem\",\"position\":2,\"name\":\"Produkte\",\"item\":\"https:\/\/hubsch-interior.com\/de\/shop-2\/\"},{\"@type\":\"ListItem\",\"position\":3,\"name\":\"M\u00f6bel\",\"item\":\"https:\/\/hubsch-interior.com\/de\/produkt-kategorie\/moebel\/\"},{\"@type\":\"ListItem\",\"position\":4,\"name\":\"Sitzm&ouml;bel\",\"item\":\"https:\/\/hubsch-interior.com\/de\/produkt-kategorie\/moebel\/sitzmoebel-de\/\"},{\"@type\":\"ListItem\",\"position\":5,\"name\":\"Esszimmerst&uuml;hle\",\"item\":\"https:\/\/hubsch-interior.com\/de\/produkt-kategorie\/moebel\/sitzmoebel-de\/esszimmerstuehle-de\/\"},{\"@type\":\"ListItem\",\"position\":6,\"name\":\"Ecto Esszimmerstuhl Grau\"}]},{\"@type\":\"WebSite\",\"@id\":\"https:\/\/hubsch-interior.com\/de\/#website\",\"url\":\"https:\/\/hubsch-interior.com\/de\/\",\"name\":\"H\u00fcbsch\",\"description\":\"Danish Home Interior and Design\",\"publisher\":{\"@id\":\"https:\/\/hubsch-interior.com\/de\/#organization\"},\"potentialAction\":[{\"@type\":\"SearchAction\",\"target\":{\"@type\":\"EntryPoint\",\"urlTemplate\":\"https:\/\/hubsch-interior.com\/de\/?s={search_term_string}\"},\"query-input\":{\"@type\":\"PropertyValueSpecification\",\"valueRequired\":true,\"valueName\":\"search_term_string\"}}],\"inLanguage\":\"de\"},{\"@type\":\"Organization\",\"@id\":\"https:\/\/hubsch-interior.com\/de\/#organization\",\"name\":\"H\u00fcbsch\",\"url\":\"https:\/\/hubsch-interior.com\/de\/\",\"logo\":{\"@type\":\"ImageObject\",\"inLanguage\":\"de\",\"@id\":\"https:\/\/hubsch-interior.com\/de\/#\/schema\/logo\/image\/\",\"url\":\"https:\/\/hubsch-interior.com\/wp-content\/uploads\/2022\/12\/Hubsch_logo_black_one_line.svg\",\"contentUrl\":\"https:\/\/hubsch-interior.com\/wp-content\/uploads\/2022\/12\/Hubsch_logo_black_one_line.svg\",\"caption\":\"H\u00fcbsch\"},\"image\":{\"@id\":\"https:\/\/hubsch-interior.com\/de\/#\/schema\/logo\/image\/\"}}]}<\/script>\n<!-- \/ Yoast SEO plugin. -->","yoast_head_json":{"title":"Ecto Esszimmerstuhl Grau - H\u00fcbsch","description":"Der Ecto Esszimmerstuhl ist die perfekte Kombination aus Komfort und Design f\u00fcr Ihren Essbereich. Mit einer unverwechselbaren und skulpturalen Form f\u00fcgt","robots":{"index":"index","follow":"follow","max-snippet":"max-snippet:-1","max-image-preview":"max-image-preview:large","max-video-preview":"max-video-preview:-1"},"canonical":"https:\/\/hubsch-interior.com\/de\/wp-json\/wp\/v2\/product\/976009","og_locale":"de_DE","og_type":"article","og_title":"Ecto Esszimmerstuhl Grau - H\u00fcbsch","og_description":"Der Ecto Esszimmerstuhl ist die perfekte Kombination aus Komfort und Design f\u00fcr Ihren Essbereich. Mit einer unverwechselbaren und skulpturalen Form f\u00fcgt","og_url":"https:\/\/hubsch-interior.com\/de\/produkt\/ecto-esszimmerstuhl-grau\/","og_site_name":"H\u00fcbsch","article_modified_time":"2026-04-29T02:32:52+00:00","og_image":[{"width":1200,"height":1200,"url":"https:\/\/hubsch-interior.com\/wp-content\/uploads\/2024\/01\/ecto-dining-chair-grey-3e5a13e9a8217e290360d7f299009c0a.jpg","type":"image\/jpeg"}],"twitter_card":"summary_large_image","schema":{"@context":"https:\/\/schema.org","@graph":[{"@type":"WebPage","@id":"https:\/\/hubsch-interior.com\/de\/produkt\/ecto-esszimmerstuhl-grau\/","url":"https:\/\/hubsch-interior.com\/de\/produkt\/ecto-esszimmerstuhl-grau\/","name":"Ecto Esszimmerstuhl Grau - H\u00fcbsch","isPartOf":{"@id":"https:\/\/hubsch-interior.com\/de\/#website"},"primaryImageOfPage":{"@id":"https:\/\/hubsch-interior.com\/de\/produkt\/ecto-esszimmerstuhl-grau\/#primaryimage"},"image":{"@id":"https:\/\/hubsch-interior.com\/de\/produkt\/ecto-esszimmerstuhl-grau\/#primaryimage"},"thumbnailUrl":"https:\/\/hubsch-interior.com\/wp-content\/uploads\/2026\/02\/ecto-dining-chair-grey-7322cafb412e5cebdd4b970b9be0b722.jpg","datePublished":"2024-01-29T08:12:07+00:00","dateModified":"2026-04-29T02:32:52+00:00","description":"Der Ecto Esszimmerstuhl ist die perfekte Kombination aus Komfort und Design f\u00fcr Ihren Essbereich. Mit einer unverwechselbaren und skulpturalen Form f\u00fcgt","breadcrumb":{"@id":"https:\/\/hubsch-interior.com\/de\/produkt\/ecto-esszimmerstuhl-grau\/#breadcrumb"},"inLanguage":"de","potentialAction":[{"@type":"ReadAction","target":["https:\/\/hubsch-interior.com\/de\/produkt\/ecto-esszimmerstuhl-grau\/"]}]},{"@type":"ImageObject","inLanguage":"de","@id":"https:\/\/hubsch-interior.com\/de\/produkt\/ecto-esszimmerstuhl-grau\/#primaryimage","url":"https:\/\/hubsch-interior.com\/wp-content\/uploads\/2026\/02\/ecto-dining-chair-grey-7322cafb412e5cebdd4b970b9be0b722.jpg","contentUrl":"https:\/\/hubsch-interior.com\/wp-content\/uploads\/2026\/02\/ecto-dining-chair-grey-7322cafb412e5cebdd4b970b9be0b722.jpg","width":1024,"height":1024},{"@type":"BreadcrumbList","@id":"https:\/\/hubsch-interior.com\/de\/produkt\/ecto-esszimmerstuhl-grau\/#breadcrumb","itemListElement":[{"@type":"ListItem","position":1,"name":"Startseite","item":"https:\/\/hubsch-interior.com\/de\/"},{"@type":"ListItem","position":2,"name":"Produkte","item":"https:\/\/hubsch-interior.com\/de\/shop-2\/"},{"@type":"ListItem","position":3,"name":"M\u00f6bel","item":"https:\/\/hubsch-interior.com\/de\/produkt-kategorie\/moebel\/"},{"@type":"ListItem","position":4,"name":"Sitzm&ouml;bel","item":"https:\/\/hubsch-interior.com\/de\/produkt-kategorie\/moebel\/sitzmoebel-de\/"},{"@type":"ListItem","position":5,"name":"Esszimmerst&uuml;hle","item":"https:\/\/hubsch-interior.com\/de\/produkt-kategorie\/moebel\/sitzmoebel-de\/esszimmerstuehle-de\/"},{"@type":"ListItem","position":6,"name":"Ecto Esszimmerstuhl Grau"}]},{"@type":"WebSite","@id":"https:\/\/hubsch-interior.com\/de\/#website","url":"https:\/\/hubsch-interior.com\/de\/","name":"H\u00fcbsch","description":"Danish Home Interior and Design","publisher":{"@id":"https:\/\/hubsch-interior.com\/de\/#organization"},"potentialAction":[{"@type":"SearchAction","target":{"@type":"EntryPoint","urlTemplate":"https:\/\/hubsch-interior.com\/de\/?s={search_term_string}"},"query-input":{"@type":"PropertyValueSpecification","valueRequired":true,"valueName":"search_term_string"}}],"inLanguage":"de"},{"@type":"Organization","@id":"https:\/\/hubsch-interior.com\/de\/#organization","name":"H\u00fcbsch","url":"https:\/\/hubsch-interior.com\/de\/","logo":{"@type":"ImageObject","inLanguage":"de","@id":"https:\/\/hubsch-interior.com\/de\/#\/schema\/logo\/image\/","url":"https:\/\/hubsch-interior.com\/wp-content\/uploads\/2022\/12\/Hubsch_logo_black_one_line.svg","contentUrl":"https:\/\/hubsch-interior.com\/wp-content\/uploads\/2022\/12\/Hubsch_logo_black_one_line.svg","caption":"H\u00fcbsch"},"image":{"@id":"https:\/\/hubsch-interior.com\/de\/#\/schema\/logo\/image\/"}}]}},"_links":{"self":[{"href":"https:\/\/hubsch-interior.com\/de\/wp-json\/wp\/v2\/product\/976009","targetHints":{"allow":["GET"]}}],"collection":[{"href":"https:\/\/hubsch-interior.com\/de\/wp-json\/wp\/v2\/product"}],"about":[{"href":"https:\/\/hubsch-interior.com\/de\/wp-json\/wp\/v2\/types\/product"}],"wp:featuredmedia":[{"embeddable":true,"href":"https:\/\/hubsch-interior.com\/de\/wp-json\/wp\/v2\/media\/1097671"}],"wp:attachment":[{"href":"https:\/\/hubsch-interior.com\/de\/wp-json\/wp\/v2\/media?parent=976009"}],"wp:term":[{"taxonomy":"product_brand","embeddable":true,"href":"https:\/\/hubsch-interior.com\/de\/wp-json\/wp\/v2\/product_brand?post=976009"},{"taxonomy":"product_cat","embeddable":true,"href":"https:\/\/hubsch-interior.com\/de\/wp-json\/wp\/v2\/product_cat?post=976009"},{"taxonomy":"product_tag","embeddable":true,"href":"https:\/\/hubsch-interior.com\/de\/wp-json\/wp\/v2\/product_tag?post=976009"}],"curies":[{"name":"wp","href":"https:\/\/api.w.org\/{rel}","templated":true}]}}