{"id":976165,"date":"2024-01-29T09:13:04","date_gmt":"2024-01-29T08:13:04","guid":{"rendered":"https:\/\/hubsch-interior.com\/product\/product\/"},"modified":"2026-04-20T04:32:06","modified_gmt":"2026-04-20T02:32:06","slug":"rest-burostuhl-dunkelgrau","status":"publish","type":"product","link":"https:\/\/hubsch-interior.com\/de\/produkt\/rest-burostuhl-dunkelgrau\/","title":{"rendered":"Rest B\u00fcrostuhl Dunkelgrau"},"content":{"rendered":"<p>Stellen Sie sich den ultimativen Komfortbegleiter f\u00fcr Ihren B\u00fcrobereich vor &#8211; den Rest B\u00fcrostuhl. Erh\u00e4ltlich in zwei schlanken und modernen Varianten, wird diese dunkelgraue Sch\u00f6nheit das Aussehen jedes Arbeitsplatzes aufwerten. Das klassische Polstertextil ist mit neutralen Farbt\u00f6nen versehen und somit eine vielseitige Erg\u00e4nzung f\u00fcr jede Einrichtung. Sagen Sie auf Wiedersehen zu unangenehmen Arbeitstagen und Hallo zum Rest B\u00fcrostuhl.<\/p>\n","protected":false},"excerpt":{"rendered":"<p>Stellen Sie sich den ultimativen Komfortbegleiter f\u00fcr Ihren B\u00fcrobereich vor &#8211; den Rest B\u00fcrostuhl. Erh\u00e4ltlich in zwei schlanken und modernen Varianten, wird diese dunkelgraue Sch\u00f6nheit das Aussehen jedes Arbeitsplatzes aufwerten. Das klassische Polstertextil ist mit neutralen Farbt\u00f6nen versehen und somit eine vielseitige Erg\u00e4nzung f\u00fcr jede Einrichtung. Sagen Sie auf Wiedersehen zu unangenehmen Arbeitstagen und Hallo [&hellip;]<\/p>\n","protected":false},"featured_media":1097735,"template":"","meta":{"_acf_changed":false,"inline_featured_image":false},"product_brand":[],"product_cat":[5027,6884,2846,2845],"product_tag":[],"class_list":{"0":"post-976165","1":"product","2":"type-product","3":"status-publish","4":"has-post-thumbnail","6":"product_cat-bestsellers-de","7":"product_cat-elevating-nostalgia-de","8":"product_cat-esszimmerstuehle-de","9":"product_cat-sitzmoebel-de","10":"product_shipping_class-pk","12":"pa_color-dunkelgrau-2","13":"pa_material-polyester-100-de","14":"pa_material-stahl","16":"first","17":"instock","18":"featured","19":"taxable","20":"shipping-taxable","21":"purchasable","22":"product-type-simple"},"exclude_global_add_ons":[],"addons":[],"acf":[],"yoast_head":"<!-- This site is optimized with the Yoast SEO plugin v26.4 - https:\/\/yoast.com\/wordpress\/plugins\/seo\/ -->\n<title>Rest B\u00fcrostuhl Dunkelgrau - H\u00fcbsch<\/title>\n<meta name=\"description\" content=\"Stellen Sie sich den ultimativen Komfortbegleiter f\u00fcr Ihren B\u00fcrobereich vor - den Rest B\u00fcrostuhl. Erh\u00e4ltlich in zwei schlanken und modernen Varianten,\" \/>\n<meta name=\"robots\" content=\"index, follow, max-snippet:-1, max-image-preview:large, max-video-preview:-1\" \/>\n<link rel=\"canonical\" href=\"https:\/\/hubsch-interior.com\/de\/wp-json\/wp\/v2\/product\/976165\" \/>\n<meta property=\"og:locale\" content=\"de_DE\" \/>\n<meta property=\"og:type\" content=\"article\" \/>\n<meta property=\"og:title\" content=\"Rest B\u00fcrostuhl Dunkelgrau - H\u00fcbsch\" \/>\n<meta property=\"og:description\" content=\"Stellen Sie sich den ultimativen Komfortbegleiter f\u00fcr Ihren B\u00fcrobereich vor - den Rest B\u00fcrostuhl. Erh\u00e4ltlich in zwei schlanken und modernen Varianten,\" \/>\n<meta property=\"og:url\" content=\"https:\/\/hubsch-interior.com\/de\/produkt\/rest-burostuhl-dunkelgrau\/\" \/>\n<meta property=\"og:site_name\" content=\"H\u00fcbsch\" \/>\n<meta property=\"article:modified_time\" content=\"2026-04-20T02:32:06+00:00\" \/>\n<meta property=\"og:image\" content=\"https:\/\/hubsch-interior.com\/wp-content\/uploads\/2025\/08\/rest-office-chair-dark-grey-cb7b6a81af5cce37157613f6377eecdf.jpg\" \/>\n\t<meta property=\"og:image:width\" content=\"1200\" \/>\n\t<meta property=\"og:image:height\" content=\"1200\" \/>\n\t<meta property=\"og:image:type\" content=\"image\/jpeg\" \/>\n<meta name=\"twitter:card\" content=\"summary_large_image\" \/>\n<script type=\"application\/ld+json\" class=\"yoast-schema-graph\">{\"@context\":\"https:\/\/schema.org\",\"@graph\":[{\"@type\":\"WebPage\",\"@id\":\"https:\/\/hubsch-interior.com\/de\/produkt\/rest-burostuhl-dunkelgrau\/\",\"url\":\"https:\/\/hubsch-interior.com\/de\/produkt\/rest-burostuhl-dunkelgrau\/\",\"name\":\"Rest B\u00fcrostuhl Dunkelgrau - H\u00fcbsch\",\"isPartOf\":{\"@id\":\"https:\/\/hubsch-interior.com\/de\/#website\"},\"primaryImageOfPage\":{\"@id\":\"https:\/\/hubsch-interior.com\/de\/produkt\/rest-burostuhl-dunkelgrau\/#primaryimage\"},\"image\":{\"@id\":\"https:\/\/hubsch-interior.com\/de\/produkt\/rest-burostuhl-dunkelgrau\/#primaryimage\"},\"thumbnailUrl\":\"https:\/\/hubsch-interior.com\/wp-content\/uploads\/2026\/02\/rest-office-chair-dark-grey-172270ee088ab574d36bc12f6cb44d7d.jpg\",\"datePublished\":\"2024-01-29T08:13:04+00:00\",\"dateModified\":\"2026-04-20T02:32:06+00:00\",\"description\":\"Stellen Sie sich den ultimativen Komfortbegleiter f\u00fcr Ihren B\u00fcrobereich vor - den Rest B\u00fcrostuhl. Erh\u00e4ltlich in zwei schlanken und modernen Varianten,\",\"breadcrumb\":{\"@id\":\"https:\/\/hubsch-interior.com\/de\/produkt\/rest-burostuhl-dunkelgrau\/#breadcrumb\"},\"inLanguage\":\"de\",\"potentialAction\":[{\"@type\":\"ReadAction\",\"target\":[\"https:\/\/hubsch-interior.com\/de\/produkt\/rest-burostuhl-dunkelgrau\/\"]}]},{\"@type\":\"ImageObject\",\"inLanguage\":\"de\",\"@id\":\"https:\/\/hubsch-interior.com\/de\/produkt\/rest-burostuhl-dunkelgrau\/#primaryimage\",\"url\":\"https:\/\/hubsch-interior.com\/wp-content\/uploads\/2026\/02\/rest-office-chair-dark-grey-172270ee088ab574d36bc12f6cb44d7d.jpg\",\"contentUrl\":\"https:\/\/hubsch-interior.com\/wp-content\/uploads\/2026\/02\/rest-office-chair-dark-grey-172270ee088ab574d36bc12f6cb44d7d.jpg\",\"width\":1024,\"height\":1024},{\"@type\":\"BreadcrumbList\",\"@id\":\"https:\/\/hubsch-interior.com\/de\/produkt\/rest-burostuhl-dunkelgrau\/#breadcrumb\",\"itemListElement\":[{\"@type\":\"ListItem\",\"position\":1,\"name\":\"Startseite\",\"item\":\"https:\/\/hubsch-interior.com\/de\/\"},{\"@type\":\"ListItem\",\"position\":2,\"name\":\"Produkte\",\"item\":\"https:\/\/hubsch-interior.com\/de\/shop-2\/\"},{\"@type\":\"ListItem\",\"position\":3,\"name\":\"M\u00f6bel\",\"item\":\"https:\/\/hubsch-interior.com\/de\/produkt-kategorie\/moebel\/\"},{\"@type\":\"ListItem\",\"position\":4,\"name\":\"Sitzm&ouml;bel\",\"item\":\"https:\/\/hubsch-interior.com\/de\/produkt-kategorie\/moebel\/sitzmoebel-de\/\"},{\"@type\":\"ListItem\",\"position\":5,\"name\":\"Esszimmerst&uuml;hle\",\"item\":\"https:\/\/hubsch-interior.com\/de\/produkt-kategorie\/moebel\/sitzmoebel-de\/esszimmerstuehle-de\/\"},{\"@type\":\"ListItem\",\"position\":6,\"name\":\"Rest B\u00fcrostuhl Dunkelgrau\"}]},{\"@type\":\"WebSite\",\"@id\":\"https:\/\/hubsch-interior.com\/de\/#website\",\"url\":\"https:\/\/hubsch-interior.com\/de\/\",\"name\":\"H\u00fcbsch\",\"description\":\"Danish Home Interior and Design\",\"publisher\":{\"@id\":\"https:\/\/hubsch-interior.com\/de\/#organization\"},\"potentialAction\":[{\"@type\":\"SearchAction\",\"target\":{\"@type\":\"EntryPoint\",\"urlTemplate\":\"https:\/\/hubsch-interior.com\/de\/?s={search_term_string}\"},\"query-input\":{\"@type\":\"PropertyValueSpecification\",\"valueRequired\":true,\"valueName\":\"search_term_string\"}}],\"inLanguage\":\"de\"},{\"@type\":\"Organization\",\"@id\":\"https:\/\/hubsch-interior.com\/de\/#organization\",\"name\":\"H\u00fcbsch\",\"url\":\"https:\/\/hubsch-interior.com\/de\/\",\"logo\":{\"@type\":\"ImageObject\",\"inLanguage\":\"de\",\"@id\":\"https:\/\/hubsch-interior.com\/de\/#\/schema\/logo\/image\/\",\"url\":\"https:\/\/hubsch-interior.com\/wp-content\/uploads\/2022\/12\/Hubsch_logo_black_one_line.svg\",\"contentUrl\":\"https:\/\/hubsch-interior.com\/wp-content\/uploads\/2022\/12\/Hubsch_logo_black_one_line.svg\",\"caption\":\"H\u00fcbsch\"},\"image\":{\"@id\":\"https:\/\/hubsch-interior.com\/de\/#\/schema\/logo\/image\/\"}}]}<\/script>\n<!-- \/ Yoast SEO plugin. -->","yoast_head_json":{"title":"Rest B\u00fcrostuhl Dunkelgrau - H\u00fcbsch","description":"Stellen Sie sich den ultimativen Komfortbegleiter f\u00fcr Ihren B\u00fcrobereich vor - den Rest B\u00fcrostuhl. Erh\u00e4ltlich in zwei schlanken und modernen Varianten,","robots":{"index":"index","follow":"follow","max-snippet":"max-snippet:-1","max-image-preview":"max-image-preview:large","max-video-preview":"max-video-preview:-1"},"canonical":"https:\/\/hubsch-interior.com\/de\/wp-json\/wp\/v2\/product\/976165","og_locale":"de_DE","og_type":"article","og_title":"Rest B\u00fcrostuhl Dunkelgrau - H\u00fcbsch","og_description":"Stellen Sie sich den ultimativen Komfortbegleiter f\u00fcr Ihren B\u00fcrobereich vor - den Rest B\u00fcrostuhl. Erh\u00e4ltlich in zwei schlanken und modernen Varianten,","og_url":"https:\/\/hubsch-interior.com\/de\/produkt\/rest-burostuhl-dunkelgrau\/","og_site_name":"H\u00fcbsch","article_modified_time":"2026-04-20T02:32:06+00:00","og_image":[{"width":1200,"height":1200,"url":"https:\/\/hubsch-interior.com\/wp-content\/uploads\/2025\/08\/rest-office-chair-dark-grey-cb7b6a81af5cce37157613f6377eecdf.jpg","type":"image\/jpeg"}],"twitter_card":"summary_large_image","schema":{"@context":"https:\/\/schema.org","@graph":[{"@type":"WebPage","@id":"https:\/\/hubsch-interior.com\/de\/produkt\/rest-burostuhl-dunkelgrau\/","url":"https:\/\/hubsch-interior.com\/de\/produkt\/rest-burostuhl-dunkelgrau\/","name":"Rest B\u00fcrostuhl Dunkelgrau - H\u00fcbsch","isPartOf":{"@id":"https:\/\/hubsch-interior.com\/de\/#website"},"primaryImageOfPage":{"@id":"https:\/\/hubsch-interior.com\/de\/produkt\/rest-burostuhl-dunkelgrau\/#primaryimage"},"image":{"@id":"https:\/\/hubsch-interior.com\/de\/produkt\/rest-burostuhl-dunkelgrau\/#primaryimage"},"thumbnailUrl":"https:\/\/hubsch-interior.com\/wp-content\/uploads\/2026\/02\/rest-office-chair-dark-grey-172270ee088ab574d36bc12f6cb44d7d.jpg","datePublished":"2024-01-29T08:13:04+00:00","dateModified":"2026-04-20T02:32:06+00:00","description":"Stellen Sie sich den ultimativen Komfortbegleiter f\u00fcr Ihren B\u00fcrobereich vor - den Rest B\u00fcrostuhl. Erh\u00e4ltlich in zwei schlanken und modernen Varianten,","breadcrumb":{"@id":"https:\/\/hubsch-interior.com\/de\/produkt\/rest-burostuhl-dunkelgrau\/#breadcrumb"},"inLanguage":"de","potentialAction":[{"@type":"ReadAction","target":["https:\/\/hubsch-interior.com\/de\/produkt\/rest-burostuhl-dunkelgrau\/"]}]},{"@type":"ImageObject","inLanguage":"de","@id":"https:\/\/hubsch-interior.com\/de\/produkt\/rest-burostuhl-dunkelgrau\/#primaryimage","url":"https:\/\/hubsch-interior.com\/wp-content\/uploads\/2026\/02\/rest-office-chair-dark-grey-172270ee088ab574d36bc12f6cb44d7d.jpg","contentUrl":"https:\/\/hubsch-interior.com\/wp-content\/uploads\/2026\/02\/rest-office-chair-dark-grey-172270ee088ab574d36bc12f6cb44d7d.jpg","width":1024,"height":1024},{"@type":"BreadcrumbList","@id":"https:\/\/hubsch-interior.com\/de\/produkt\/rest-burostuhl-dunkelgrau\/#breadcrumb","itemListElement":[{"@type":"ListItem","position":1,"name":"Startseite","item":"https:\/\/hubsch-interior.com\/de\/"},{"@type":"ListItem","position":2,"name":"Produkte","item":"https:\/\/hubsch-interior.com\/de\/shop-2\/"},{"@type":"ListItem","position":3,"name":"M\u00f6bel","item":"https:\/\/hubsch-interior.com\/de\/produkt-kategorie\/moebel\/"},{"@type":"ListItem","position":4,"name":"Sitzm&ouml;bel","item":"https:\/\/hubsch-interior.com\/de\/produkt-kategorie\/moebel\/sitzmoebel-de\/"},{"@type":"ListItem","position":5,"name":"Esszimmerst&uuml;hle","item":"https:\/\/hubsch-interior.com\/de\/produkt-kategorie\/moebel\/sitzmoebel-de\/esszimmerstuehle-de\/"},{"@type":"ListItem","position":6,"name":"Rest B\u00fcrostuhl Dunkelgrau"}]},{"@type":"WebSite","@id":"https:\/\/hubsch-interior.com\/de\/#website","url":"https:\/\/hubsch-interior.com\/de\/","name":"H\u00fcbsch","description":"Danish Home Interior and Design","publisher":{"@id":"https:\/\/hubsch-interior.com\/de\/#organization"},"potentialAction":[{"@type":"SearchAction","target":{"@type":"EntryPoint","urlTemplate":"https:\/\/hubsch-interior.com\/de\/?s={search_term_string}"},"query-input":{"@type":"PropertyValueSpecification","valueRequired":true,"valueName":"search_term_string"}}],"inLanguage":"de"},{"@type":"Organization","@id":"https:\/\/hubsch-interior.com\/de\/#organization","name":"H\u00fcbsch","url":"https:\/\/hubsch-interior.com\/de\/","logo":{"@type":"ImageObject","inLanguage":"de","@id":"https:\/\/hubsch-interior.com\/de\/#\/schema\/logo\/image\/","url":"https:\/\/hubsch-interior.com\/wp-content\/uploads\/2022\/12\/Hubsch_logo_black_one_line.svg","contentUrl":"https:\/\/hubsch-interior.com\/wp-content\/uploads\/2022\/12\/Hubsch_logo_black_one_line.svg","caption":"H\u00fcbsch"},"image":{"@id":"https:\/\/hubsch-interior.com\/de\/#\/schema\/logo\/image\/"}}]}},"_links":{"self":[{"href":"https:\/\/hubsch-interior.com\/de\/wp-json\/wp\/v2\/product\/976165","targetHints":{"allow":["GET"]}}],"collection":[{"href":"https:\/\/hubsch-interior.com\/de\/wp-json\/wp\/v2\/product"}],"about":[{"href":"https:\/\/hubsch-interior.com\/de\/wp-json\/wp\/v2\/types\/product"}],"wp:featuredmedia":[{"embeddable":true,"href":"https:\/\/hubsch-interior.com\/de\/wp-json\/wp\/v2\/media\/1097735"}],"wp:attachment":[{"href":"https:\/\/hubsch-interior.com\/de\/wp-json\/wp\/v2\/media?parent=976165"}],"wp:term":[{"taxonomy":"product_brand","embeddable":true,"href":"https:\/\/hubsch-interior.com\/de\/wp-json\/wp\/v2\/product_brand?post=976165"},{"taxonomy":"product_cat","embeddable":true,"href":"https:\/\/hubsch-interior.com\/de\/wp-json\/wp\/v2\/product_cat?post=976165"},{"taxonomy":"product_tag","embeddable":true,"href":"https:\/\/hubsch-interior.com\/de\/wp-json\/wp\/v2\/product_tag?post=976165"}],"curies":[{"name":"wp","href":"https:\/\/api.w.org\/{rel}","templated":true}]}}