{"id":976217,"date":"2024-01-29T09:13:30","date_gmt":"2024-01-29T08:13:30","guid":{"rendered":"https:\/\/hubsch-interior.com\/product\/product\/"},"modified":"2026-04-09T04:38:41","modified_gmt":"2026-04-09T02:38:41","slug":"orbit-trinkglas-gelb","status":"publish","type":"product","link":"https:\/\/hubsch-interior.com\/de\/produkt\/orbit-trinkglas-gelb\/","title":{"rendered":"Orbit Trinkglas Gelb"},"content":{"rendered":"<p>Wir stellen Ihnen das Orbit Trinkglase vor, einer unverzichtbaren Erg\u00e4nzung f\u00fcr Ihre Geschirrsammlung. Dieses leichte Glas wird sorgf\u00e4ltig von Hand gefertigt und garantiert somit ein qualitativ hochwertiges Produkt f\u00fcr den t\u00e4glichen Gebrauch. Erh\u00e4ltlich in 4 lebendigen Varianten, einschlie\u00dflich dieser strahlend gelben, verleiht es Ihrer Tischdekoration einen Farbtupfer. Durch sein stapelbares Design ist die Aufbewahrung ein Kinderspiel. Einfach und unterhaltsam, wird das Orbit Trinkglas sicherlich Ihr bevorzugtes Gef\u00e4\u00df f\u00fcr alle Ihre Getr\u00e4nkebed\u00fcrfnisse werden.<\/p>\n","protected":false},"excerpt":{"rendered":"<p>Wir stellen Ihnen das Orbit Trinkglase vor, einer unverzichtbaren Erg\u00e4nzung f\u00fcr Ihre Geschirrsammlung. Dieses leichte Glas wird sorgf\u00e4ltig von Hand gefertigt und garantiert somit ein qualitativ hochwertiges Produkt f\u00fcr den t\u00e4glichen Gebrauch. Erh\u00e4ltlich in 4 lebendigen Varianten, einschlie\u00dflich dieser strahlend gelben, verleiht es Ihrer Tischdekoration einen Farbtupfer. Durch sein stapelbares Design ist die Aufbewahrung ein [&hellip;]<\/p>\n","protected":false},"featured_media":1099300,"template":"","meta":{"_acf_changed":false,"inline_featured_image":false},"product_brand":[],"product_cat":[6884,7034,6972,7029,6349,4055,4096,5027,6519],"product_tag":[],"class_list":{"0":"post-976217","1":"product","2":"type-product","3":"status-publish","4":"has-post-thumbnail","6":"product_cat-elevating-nostalgia-de","7":"product_cat-glaeser-und-kannen-de","8":"product_cat-oster-sale","9":"product_cat-tischgeschirr-de-2","10":"product_cat-garden-selection-de","11":"product_cat-kuechenzubehoer-de","12":"product_cat-tischgeschirr-de","13":"product_cat-bestsellers-de","14":"product_cat-outlet-de","15":"product_shipping_class-pk","17":"pa_color-gelb","18":"pa_material-glas-de","20":"first","21":"instock","22":"sale","23":"featured","24":"taxable","25":"shipping-taxable","26":"purchasable","27":"product-type-simple"},"exclude_global_add_ons":[],"addons":[],"acf":[],"yoast_head":"<!-- This site is optimized with the Yoast SEO plugin v26.4 - https:\/\/yoast.com\/wordpress\/plugins\/seo\/ -->\n<title>Orbit Trinkglas Gelb - H\u00fcbsch<\/title>\n<meta name=\"description\" content=\"Wir stellen Ihnen das Orbit Trinkglase vor, einer unverzichtbaren Erg\u00e4nzung f\u00fcr Ihre Geschirrsammlung. Dieses leichte Glas wird sorgf\u00e4ltig von Hand\" \/>\n<meta name=\"robots\" content=\"index, follow, max-snippet:-1, max-image-preview:large, max-video-preview:-1\" \/>\n<link rel=\"canonical\" href=\"https:\/\/hubsch-interior.com\/de\/wp-json\/wp\/v2\/product\/976217\" \/>\n<meta property=\"og:locale\" content=\"de_DE\" \/>\n<meta property=\"og:type\" content=\"article\" \/>\n<meta property=\"og:title\" content=\"Orbit Trinkglas Gelb - H\u00fcbsch\" \/>\n<meta property=\"og:description\" content=\"Wir stellen Ihnen das Orbit Trinkglase vor, einer unverzichtbaren Erg\u00e4nzung f\u00fcr Ihre Geschirrsammlung. Dieses leichte Glas wird sorgf\u00e4ltig von Hand\" \/>\n<meta property=\"og:url\" content=\"https:\/\/hubsch-interior.com\/de\/produkt\/orbit-trinkglas-gelb\/\" \/>\n<meta property=\"og:site_name\" content=\"H\u00fcbsch\" \/>\n<meta property=\"article:modified_time\" content=\"2026-04-09T02:38:41+00:00\" \/>\n<meta property=\"og:image\" content=\"https:\/\/hubsch-interior.com\/wp-content\/uploads\/2024\/01\/orbit-drinking-glass-yellow-2992b2feb3d247059cfb6d7a45a89833.jpg\" \/>\n\t<meta property=\"og:image:width\" content=\"1200\" \/>\n\t<meta property=\"og:image:height\" content=\"1200\" \/>\n\t<meta property=\"og:image:type\" content=\"image\/jpeg\" \/>\n<meta name=\"twitter:card\" content=\"summary_large_image\" \/>\n<script type=\"application\/ld+json\" class=\"yoast-schema-graph\">{\"@context\":\"https:\/\/schema.org\",\"@graph\":[{\"@type\":\"WebPage\",\"@id\":\"https:\/\/hubsch-interior.com\/de\/produkt\/orbit-trinkglas-gelb\/\",\"url\":\"https:\/\/hubsch-interior.com\/de\/produkt\/orbit-trinkglas-gelb\/\",\"name\":\"Orbit Trinkglas Gelb - H\u00fcbsch\",\"isPartOf\":{\"@id\":\"https:\/\/hubsch-interior.com\/de\/#website\"},\"primaryImageOfPage\":{\"@id\":\"https:\/\/hubsch-interior.com\/de\/produkt\/orbit-trinkglas-gelb\/#primaryimage\"},\"image\":{\"@id\":\"https:\/\/hubsch-interior.com\/de\/produkt\/orbit-trinkglas-gelb\/#primaryimage\"},\"thumbnailUrl\":\"https:\/\/hubsch-interior.com\/wp-content\/uploads\/2026\/02\/orbit-drinking-glass-yellow-fb08cb228c2c44d12d72c7e232c3e8d8.jpg\",\"datePublished\":\"2024-01-29T08:13:30+00:00\",\"dateModified\":\"2026-04-09T02:38:41+00:00\",\"description\":\"Wir stellen Ihnen das Orbit Trinkglase vor, einer unverzichtbaren Erg\u00e4nzung f\u00fcr Ihre Geschirrsammlung. Dieses leichte Glas wird sorgf\u00e4ltig von Hand\",\"breadcrumb\":{\"@id\":\"https:\/\/hubsch-interior.com\/de\/produkt\/orbit-trinkglas-gelb\/#breadcrumb\"},\"inLanguage\":\"de\",\"potentialAction\":[{\"@type\":\"ReadAction\",\"target\":[\"https:\/\/hubsch-interior.com\/de\/produkt\/orbit-trinkglas-gelb\/\"]}]},{\"@type\":\"ImageObject\",\"inLanguage\":\"de\",\"@id\":\"https:\/\/hubsch-interior.com\/de\/produkt\/orbit-trinkglas-gelb\/#primaryimage\",\"url\":\"https:\/\/hubsch-interior.com\/wp-content\/uploads\/2026\/02\/orbit-drinking-glass-yellow-fb08cb228c2c44d12d72c7e232c3e8d8.jpg\",\"contentUrl\":\"https:\/\/hubsch-interior.com\/wp-content\/uploads\/2026\/02\/orbit-drinking-glass-yellow-fb08cb228c2c44d12d72c7e232c3e8d8.jpg\",\"width\":1024,\"height\":1024},{\"@type\":\"BreadcrumbList\",\"@id\":\"https:\/\/hubsch-interior.com\/de\/produkt\/orbit-trinkglas-gelb\/#breadcrumb\",\"itemListElement\":[{\"@type\":\"ListItem\",\"position\":1,\"name\":\"Startseite\",\"item\":\"https:\/\/hubsch-interior.com\/de\/\"},{\"@type\":\"ListItem\",\"position\":2,\"name\":\"Produkte\",\"item\":\"https:\/\/hubsch-interior.com\/de\/shop-2\/\"},{\"@type\":\"ListItem\",\"position\":3,\"name\":\"K\u00fcche\",\"item\":\"https:\/\/hubsch-interior.com\/de\/produkt-kategorie\/kuche\/\"},{\"@type\":\"ListItem\",\"position\":4,\"name\":\"Tischgeschirr\",\"item\":\"https:\/\/hubsch-interior.com\/de\/produkt-kategorie\/kuche\/tischgeschirr-de-2\/\"},{\"@type\":\"ListItem\",\"position\":5,\"name\":\"Gl&auml;ser und Kannen\",\"item\":\"https:\/\/hubsch-interior.com\/de\/produkt-kategorie\/kuche\/tischgeschirr-de-2\/glaeser-und-kannen-de\/\"},{\"@type\":\"ListItem\",\"position\":6,\"name\":\"Orbit Trinkglas Gelb\"}]},{\"@type\":\"WebSite\",\"@id\":\"https:\/\/hubsch-interior.com\/de\/#website\",\"url\":\"https:\/\/hubsch-interior.com\/de\/\",\"name\":\"H\u00fcbsch\",\"description\":\"Danish Home Interior and Design\",\"publisher\":{\"@id\":\"https:\/\/hubsch-interior.com\/de\/#organization\"},\"potentialAction\":[{\"@type\":\"SearchAction\",\"target\":{\"@type\":\"EntryPoint\",\"urlTemplate\":\"https:\/\/hubsch-interior.com\/de\/?s={search_term_string}\"},\"query-input\":{\"@type\":\"PropertyValueSpecification\",\"valueRequired\":true,\"valueName\":\"search_term_string\"}}],\"inLanguage\":\"de\"},{\"@type\":\"Organization\",\"@id\":\"https:\/\/hubsch-interior.com\/de\/#organization\",\"name\":\"H\u00fcbsch\",\"url\":\"https:\/\/hubsch-interior.com\/de\/\",\"logo\":{\"@type\":\"ImageObject\",\"inLanguage\":\"de\",\"@id\":\"https:\/\/hubsch-interior.com\/de\/#\/schema\/logo\/image\/\",\"url\":\"https:\/\/hubsch-interior.com\/wp-content\/uploads\/2022\/12\/Hubsch_logo_black_one_line.svg\",\"contentUrl\":\"https:\/\/hubsch-interior.com\/wp-content\/uploads\/2022\/12\/Hubsch_logo_black_one_line.svg\",\"caption\":\"H\u00fcbsch\"},\"image\":{\"@id\":\"https:\/\/hubsch-interior.com\/de\/#\/schema\/logo\/image\/\"}}]}<\/script>\n<!-- \/ Yoast SEO plugin. -->","yoast_head_json":{"title":"Orbit Trinkglas Gelb - H\u00fcbsch","description":"Wir stellen Ihnen das Orbit Trinkglase vor, einer unverzichtbaren Erg\u00e4nzung f\u00fcr Ihre Geschirrsammlung. Dieses leichte Glas wird sorgf\u00e4ltig von Hand","robots":{"index":"index","follow":"follow","max-snippet":"max-snippet:-1","max-image-preview":"max-image-preview:large","max-video-preview":"max-video-preview:-1"},"canonical":"https:\/\/hubsch-interior.com\/de\/wp-json\/wp\/v2\/product\/976217","og_locale":"de_DE","og_type":"article","og_title":"Orbit Trinkglas Gelb - H\u00fcbsch","og_description":"Wir stellen Ihnen das Orbit Trinkglase vor, einer unverzichtbaren Erg\u00e4nzung f\u00fcr Ihre Geschirrsammlung. Dieses leichte Glas wird sorgf\u00e4ltig von Hand","og_url":"https:\/\/hubsch-interior.com\/de\/produkt\/orbit-trinkglas-gelb\/","og_site_name":"H\u00fcbsch","article_modified_time":"2026-04-09T02:38:41+00:00","og_image":[{"width":1200,"height":1200,"url":"https:\/\/hubsch-interior.com\/wp-content\/uploads\/2024\/01\/orbit-drinking-glass-yellow-2992b2feb3d247059cfb6d7a45a89833.jpg","type":"image\/jpeg"}],"twitter_card":"summary_large_image","schema":{"@context":"https:\/\/schema.org","@graph":[{"@type":"WebPage","@id":"https:\/\/hubsch-interior.com\/de\/produkt\/orbit-trinkglas-gelb\/","url":"https:\/\/hubsch-interior.com\/de\/produkt\/orbit-trinkglas-gelb\/","name":"Orbit Trinkglas Gelb - H\u00fcbsch","isPartOf":{"@id":"https:\/\/hubsch-interior.com\/de\/#website"},"primaryImageOfPage":{"@id":"https:\/\/hubsch-interior.com\/de\/produkt\/orbit-trinkglas-gelb\/#primaryimage"},"image":{"@id":"https:\/\/hubsch-interior.com\/de\/produkt\/orbit-trinkglas-gelb\/#primaryimage"},"thumbnailUrl":"https:\/\/hubsch-interior.com\/wp-content\/uploads\/2026\/02\/orbit-drinking-glass-yellow-fb08cb228c2c44d12d72c7e232c3e8d8.jpg","datePublished":"2024-01-29T08:13:30+00:00","dateModified":"2026-04-09T02:38:41+00:00","description":"Wir stellen Ihnen das Orbit Trinkglase vor, einer unverzichtbaren Erg\u00e4nzung f\u00fcr Ihre Geschirrsammlung. Dieses leichte Glas wird sorgf\u00e4ltig von Hand","breadcrumb":{"@id":"https:\/\/hubsch-interior.com\/de\/produkt\/orbit-trinkglas-gelb\/#breadcrumb"},"inLanguage":"de","potentialAction":[{"@type":"ReadAction","target":["https:\/\/hubsch-interior.com\/de\/produkt\/orbit-trinkglas-gelb\/"]}]},{"@type":"ImageObject","inLanguage":"de","@id":"https:\/\/hubsch-interior.com\/de\/produkt\/orbit-trinkglas-gelb\/#primaryimage","url":"https:\/\/hubsch-interior.com\/wp-content\/uploads\/2026\/02\/orbit-drinking-glass-yellow-fb08cb228c2c44d12d72c7e232c3e8d8.jpg","contentUrl":"https:\/\/hubsch-interior.com\/wp-content\/uploads\/2026\/02\/orbit-drinking-glass-yellow-fb08cb228c2c44d12d72c7e232c3e8d8.jpg","width":1024,"height":1024},{"@type":"BreadcrumbList","@id":"https:\/\/hubsch-interior.com\/de\/produkt\/orbit-trinkglas-gelb\/#breadcrumb","itemListElement":[{"@type":"ListItem","position":1,"name":"Startseite","item":"https:\/\/hubsch-interior.com\/de\/"},{"@type":"ListItem","position":2,"name":"Produkte","item":"https:\/\/hubsch-interior.com\/de\/shop-2\/"},{"@type":"ListItem","position":3,"name":"K\u00fcche","item":"https:\/\/hubsch-interior.com\/de\/produkt-kategorie\/kuche\/"},{"@type":"ListItem","position":4,"name":"Tischgeschirr","item":"https:\/\/hubsch-interior.com\/de\/produkt-kategorie\/kuche\/tischgeschirr-de-2\/"},{"@type":"ListItem","position":5,"name":"Gl&auml;ser und Kannen","item":"https:\/\/hubsch-interior.com\/de\/produkt-kategorie\/kuche\/tischgeschirr-de-2\/glaeser-und-kannen-de\/"},{"@type":"ListItem","position":6,"name":"Orbit Trinkglas Gelb"}]},{"@type":"WebSite","@id":"https:\/\/hubsch-interior.com\/de\/#website","url":"https:\/\/hubsch-interior.com\/de\/","name":"H\u00fcbsch","description":"Danish Home Interior and Design","publisher":{"@id":"https:\/\/hubsch-interior.com\/de\/#organization"},"potentialAction":[{"@type":"SearchAction","target":{"@type":"EntryPoint","urlTemplate":"https:\/\/hubsch-interior.com\/de\/?s={search_term_string}"},"query-input":{"@type":"PropertyValueSpecification","valueRequired":true,"valueName":"search_term_string"}}],"inLanguage":"de"},{"@type":"Organization","@id":"https:\/\/hubsch-interior.com\/de\/#organization","name":"H\u00fcbsch","url":"https:\/\/hubsch-interior.com\/de\/","logo":{"@type":"ImageObject","inLanguage":"de","@id":"https:\/\/hubsch-interior.com\/de\/#\/schema\/logo\/image\/","url":"https:\/\/hubsch-interior.com\/wp-content\/uploads\/2022\/12\/Hubsch_logo_black_one_line.svg","contentUrl":"https:\/\/hubsch-interior.com\/wp-content\/uploads\/2022\/12\/Hubsch_logo_black_one_line.svg","caption":"H\u00fcbsch"},"image":{"@id":"https:\/\/hubsch-interior.com\/de\/#\/schema\/logo\/image\/"}}]}},"_links":{"self":[{"href":"https:\/\/hubsch-interior.com\/de\/wp-json\/wp\/v2\/product\/976217","targetHints":{"allow":["GET"]}}],"collection":[{"href":"https:\/\/hubsch-interior.com\/de\/wp-json\/wp\/v2\/product"}],"about":[{"href":"https:\/\/hubsch-interior.com\/de\/wp-json\/wp\/v2\/types\/product"}],"wp:featuredmedia":[{"embeddable":true,"href":"https:\/\/hubsch-interior.com\/de\/wp-json\/wp\/v2\/media\/1099300"}],"wp:attachment":[{"href":"https:\/\/hubsch-interior.com\/de\/wp-json\/wp\/v2\/media?parent=976217"}],"wp:term":[{"taxonomy":"product_brand","embeddable":true,"href":"https:\/\/hubsch-interior.com\/de\/wp-json\/wp\/v2\/product_brand?post=976217"},{"taxonomy":"product_cat","embeddable":true,"href":"https:\/\/hubsch-interior.com\/de\/wp-json\/wp\/v2\/product_cat?post=976217"},{"taxonomy":"product_tag","embeddable":true,"href":"https:\/\/hubsch-interior.com\/de\/wp-json\/wp\/v2\/product_tag?post=976217"}],"curies":[{"name":"wp","href":"https:\/\/api.w.org\/{rel}","templated":true}]}}