{"id":976241,"date":"2024-01-29T09:13:44","date_gmt":"2024-01-29T08:13:44","guid":{"rendered":"https:\/\/hubsch-interior.com\/product\/product\/"},"modified":"2026-04-09T04:38:46","modified_gmt":"2026-04-09T02:38:46","slug":"orbit-trinkglas-blau","status":"publish","type":"product","link":"https:\/\/hubsch-interior.com\/de\/produkt\/orbit-trinkglas-blau\/","title":{"rendered":"Orbit Trinkglas Blau"},"content":{"rendered":"<p>Versch\u00f6nern Sie Ihr t\u00e4gliches Trinkerlebnis mit dem Orbit Trinkglas in einem atemberaubenden Blauton. Dieses zeitlose St\u00fcck ist handgefertigt mit Pr\u00e4zision und Sorgfalt, wodurch jedes Glas einzigartig sch\u00f6n ist. Sein leichtes Design und die stapelbare Funktion machen es perfekt f\u00fcr jede K\u00fcche oder Essbereich. Mit einem gro\u00dfz\u00fcgigen Volumen von 200 ml ist es die ideale Gr\u00f6\u00dfe f\u00fcr Ihre Lieblingsgetr\u00e4nke. Kombinieren Sie die vier verf\u00fcgbaren Farben f\u00fcr einen einfachen und spa\u00dfigen Touch auf Ihrer Tischdekoration. Warum sich also mit einem gew\u00f6hnlichen Glas zufriedengeben, wenn Sie ein stilvolles und funktionales St\u00fcck wie dieses haben k\u00f6nnen?<\/p>\n","protected":false},"excerpt":{"rendered":"<p>Versch\u00f6nern Sie Ihr t\u00e4gliches Trinkerlebnis mit dem Orbit Trinkglas in einem atemberaubenden Blauton. Dieses zeitlose St\u00fcck ist handgefertigt mit Pr\u00e4zision und Sorgfalt, wodurch jedes Glas einzigartig sch\u00f6n ist. Sein leichtes Design und die stapelbare Funktion machen es perfekt f\u00fcr jede K\u00fcche oder Essbereich. Mit einem gro\u00dfz\u00fcgigen Volumen von 200 ml ist es die ideale Gr\u00f6\u00dfe [&hellip;]<\/p>\n","protected":false},"featured_media":1099324,"template":"","meta":{"_acf_changed":false,"inline_featured_image":false},"product_brand":[],"product_cat":[5027,6884,6349,7034,4055,6972,6519,4096,7029,5031],"product_tag":[],"class_list":{"0":"post-976241","1":"product","2":"type-product","3":"status-publish","4":"has-post-thumbnail","6":"product_cat-bestsellers-de","7":"product_cat-elevating-nostalgia-de","8":"product_cat-garden-selection-de","9":"product_cat-glaeser-und-kannen-de","10":"product_cat-kuechenzubehoer-de","11":"product_cat-oster-sale","12":"product_cat-outlet-de","13":"product_cat-tischgeschirr-de","14":"product_cat-tischgeschirr-de-2","15":"product_cat-wieder-auf-lager-de","16":"product_shipping_class-pk","18":"pa_color-blau-2","19":"pa_material-glas-de","21":"first","22":"instock","23":"sale","24":"featured","25":"taxable","26":"shipping-taxable","27":"purchasable","28":"product-type-simple"},"exclude_global_add_ons":[],"addons":[],"acf":[],"yoast_head":"<!-- This site is optimized with the Yoast SEO plugin v26.4 - https:\/\/yoast.com\/wordpress\/plugins\/seo\/ -->\n<title>Orbit Trinkglas Blau - H\u00fcbsch<\/title>\n<meta name=\"description\" content=\"Versch\u00f6nern Sie Ihr t\u00e4gliches Trinkerlebnis mit dem Orbit Trinkglas in einem atemberaubenden Blauton. Dieses zeitlose St\u00fcck ist handgefertigt mit\" \/>\n<meta name=\"robots\" content=\"index, follow, max-snippet:-1, max-image-preview:large, max-video-preview:-1\" \/>\n<link rel=\"canonical\" href=\"https:\/\/hubsch-interior.com\/de\/wp-json\/wp\/v2\/product\/976241\" \/>\n<meta property=\"og:locale\" content=\"de_DE\" \/>\n<meta property=\"og:type\" content=\"article\" \/>\n<meta property=\"og:title\" content=\"Orbit Trinkglas Blau - H\u00fcbsch\" \/>\n<meta property=\"og:description\" content=\"Versch\u00f6nern Sie Ihr t\u00e4gliches Trinkerlebnis mit dem Orbit Trinkglas in einem atemberaubenden Blauton. Dieses zeitlose St\u00fcck ist handgefertigt mit\" \/>\n<meta property=\"og:url\" content=\"https:\/\/hubsch-interior.com\/de\/produkt\/orbit-trinkglas-blau\/\" \/>\n<meta property=\"og:site_name\" content=\"H\u00fcbsch\" \/>\n<meta property=\"article:modified_time\" content=\"2026-04-09T02:38:46+00:00\" \/>\n<meta property=\"og:image\" content=\"https:\/\/hubsch-interior.com\/wp-content\/uploads\/2024\/01\/orbit-drinking-glass-blue-3f065e11a3cc0e1c99cd73f7d445aab0.jpg\" \/>\n\t<meta property=\"og:image:width\" content=\"1200\" \/>\n\t<meta property=\"og:image:height\" content=\"1200\" \/>\n\t<meta property=\"og:image:type\" content=\"image\/jpeg\" \/>\n<meta name=\"twitter:card\" content=\"summary_large_image\" \/>\n<meta name=\"twitter:label1\" content=\"Gesch\u00e4tzte Lesezeit\" \/>\n\t<meta name=\"twitter:data1\" content=\"1\u00a0Minute\" \/>\n<script type=\"application\/ld+json\" class=\"yoast-schema-graph\">{\"@context\":\"https:\/\/schema.org\",\"@graph\":[{\"@type\":\"WebPage\",\"@id\":\"https:\/\/hubsch-interior.com\/de\/produkt\/orbit-trinkglas-blau\/\",\"url\":\"https:\/\/hubsch-interior.com\/de\/produkt\/orbit-trinkglas-blau\/\",\"name\":\"Orbit Trinkglas Blau - H\u00fcbsch\",\"isPartOf\":{\"@id\":\"https:\/\/hubsch-interior.com\/de\/#website\"},\"primaryImageOfPage\":{\"@id\":\"https:\/\/hubsch-interior.com\/de\/produkt\/orbit-trinkglas-blau\/#primaryimage\"},\"image\":{\"@id\":\"https:\/\/hubsch-interior.com\/de\/produkt\/orbit-trinkglas-blau\/#primaryimage\"},\"thumbnailUrl\":\"https:\/\/hubsch-interior.com\/wp-content\/uploads\/2026\/02\/orbit-drinking-glass-blue-4a3a3b49c7eddaee5d14175687892083.jpg\",\"datePublished\":\"2024-01-29T08:13:44+00:00\",\"dateModified\":\"2026-04-09T02:38:46+00:00\",\"description\":\"Versch\u00f6nern Sie Ihr t\u00e4gliches Trinkerlebnis mit dem Orbit Trinkglas in einem atemberaubenden Blauton. Dieses zeitlose St\u00fcck ist handgefertigt mit\",\"breadcrumb\":{\"@id\":\"https:\/\/hubsch-interior.com\/de\/produkt\/orbit-trinkglas-blau\/#breadcrumb\"},\"inLanguage\":\"de\",\"potentialAction\":[{\"@type\":\"ReadAction\",\"target\":[\"https:\/\/hubsch-interior.com\/de\/produkt\/orbit-trinkglas-blau\/\"]}]},{\"@type\":\"ImageObject\",\"inLanguage\":\"de\",\"@id\":\"https:\/\/hubsch-interior.com\/de\/produkt\/orbit-trinkglas-blau\/#primaryimage\",\"url\":\"https:\/\/hubsch-interior.com\/wp-content\/uploads\/2026\/02\/orbit-drinking-glass-blue-4a3a3b49c7eddaee5d14175687892083.jpg\",\"contentUrl\":\"https:\/\/hubsch-interior.com\/wp-content\/uploads\/2026\/02\/orbit-drinking-glass-blue-4a3a3b49c7eddaee5d14175687892083.jpg\",\"width\":1024,\"height\":1024},{\"@type\":\"BreadcrumbList\",\"@id\":\"https:\/\/hubsch-interior.com\/de\/produkt\/orbit-trinkglas-blau\/#breadcrumb\",\"itemListElement\":[{\"@type\":\"ListItem\",\"position\":1,\"name\":\"Startseite\",\"item\":\"https:\/\/hubsch-interior.com\/de\/\"},{\"@type\":\"ListItem\",\"position\":2,\"name\":\"Produkte\",\"item\":\"https:\/\/hubsch-interior.com\/de\/shop-2\/\"},{\"@type\":\"ListItem\",\"position\":3,\"name\":\"K\u00fcche\",\"item\":\"https:\/\/hubsch-interior.com\/de\/produkt-kategorie\/kuche\/\"},{\"@type\":\"ListItem\",\"position\":4,\"name\":\"Tischgeschirr\",\"item\":\"https:\/\/hubsch-interior.com\/de\/produkt-kategorie\/kuche\/tischgeschirr-de-2\/\"},{\"@type\":\"ListItem\",\"position\":5,\"name\":\"Gl&auml;ser und Kannen\",\"item\":\"https:\/\/hubsch-interior.com\/de\/produkt-kategorie\/kuche\/tischgeschirr-de-2\/glaeser-und-kannen-de\/\"},{\"@type\":\"ListItem\",\"position\":6,\"name\":\"Orbit Trinkglas Blau\"}]},{\"@type\":\"WebSite\",\"@id\":\"https:\/\/hubsch-interior.com\/de\/#website\",\"url\":\"https:\/\/hubsch-interior.com\/de\/\",\"name\":\"H\u00fcbsch\",\"description\":\"Danish Home Interior and Design\",\"publisher\":{\"@id\":\"https:\/\/hubsch-interior.com\/de\/#organization\"},\"potentialAction\":[{\"@type\":\"SearchAction\",\"target\":{\"@type\":\"EntryPoint\",\"urlTemplate\":\"https:\/\/hubsch-interior.com\/de\/?s={search_term_string}\"},\"query-input\":{\"@type\":\"PropertyValueSpecification\",\"valueRequired\":true,\"valueName\":\"search_term_string\"}}],\"inLanguage\":\"de\"},{\"@type\":\"Organization\",\"@id\":\"https:\/\/hubsch-interior.com\/de\/#organization\",\"name\":\"H\u00fcbsch\",\"url\":\"https:\/\/hubsch-interior.com\/de\/\",\"logo\":{\"@type\":\"ImageObject\",\"inLanguage\":\"de\",\"@id\":\"https:\/\/hubsch-interior.com\/de\/#\/schema\/logo\/image\/\",\"url\":\"https:\/\/hubsch-interior.com\/wp-content\/uploads\/2022\/12\/Hubsch_logo_black_one_line.svg\",\"contentUrl\":\"https:\/\/hubsch-interior.com\/wp-content\/uploads\/2022\/12\/Hubsch_logo_black_one_line.svg\",\"caption\":\"H\u00fcbsch\"},\"image\":{\"@id\":\"https:\/\/hubsch-interior.com\/de\/#\/schema\/logo\/image\/\"}}]}<\/script>\n<!-- \/ Yoast SEO plugin. -->","yoast_head_json":{"title":"Orbit Trinkglas Blau - H\u00fcbsch","description":"Versch\u00f6nern Sie Ihr t\u00e4gliches Trinkerlebnis mit dem Orbit Trinkglas in einem atemberaubenden Blauton. Dieses zeitlose St\u00fcck ist handgefertigt mit","robots":{"index":"index","follow":"follow","max-snippet":"max-snippet:-1","max-image-preview":"max-image-preview:large","max-video-preview":"max-video-preview:-1"},"canonical":"https:\/\/hubsch-interior.com\/de\/wp-json\/wp\/v2\/product\/976241","og_locale":"de_DE","og_type":"article","og_title":"Orbit Trinkglas Blau - H\u00fcbsch","og_description":"Versch\u00f6nern Sie Ihr t\u00e4gliches Trinkerlebnis mit dem Orbit Trinkglas in einem atemberaubenden Blauton. Dieses zeitlose St\u00fcck ist handgefertigt mit","og_url":"https:\/\/hubsch-interior.com\/de\/produkt\/orbit-trinkglas-blau\/","og_site_name":"H\u00fcbsch","article_modified_time":"2026-04-09T02:38:46+00:00","og_image":[{"width":1200,"height":1200,"url":"https:\/\/hubsch-interior.com\/wp-content\/uploads\/2024\/01\/orbit-drinking-glass-blue-3f065e11a3cc0e1c99cd73f7d445aab0.jpg","type":"image\/jpeg"}],"twitter_card":"summary_large_image","twitter_misc":{"Gesch\u00e4tzte Lesezeit":"1\u00a0Minute"},"schema":{"@context":"https:\/\/schema.org","@graph":[{"@type":"WebPage","@id":"https:\/\/hubsch-interior.com\/de\/produkt\/orbit-trinkglas-blau\/","url":"https:\/\/hubsch-interior.com\/de\/produkt\/orbit-trinkglas-blau\/","name":"Orbit Trinkglas Blau - H\u00fcbsch","isPartOf":{"@id":"https:\/\/hubsch-interior.com\/de\/#website"},"primaryImageOfPage":{"@id":"https:\/\/hubsch-interior.com\/de\/produkt\/orbit-trinkglas-blau\/#primaryimage"},"image":{"@id":"https:\/\/hubsch-interior.com\/de\/produkt\/orbit-trinkglas-blau\/#primaryimage"},"thumbnailUrl":"https:\/\/hubsch-interior.com\/wp-content\/uploads\/2026\/02\/orbit-drinking-glass-blue-4a3a3b49c7eddaee5d14175687892083.jpg","datePublished":"2024-01-29T08:13:44+00:00","dateModified":"2026-04-09T02:38:46+00:00","description":"Versch\u00f6nern Sie Ihr t\u00e4gliches Trinkerlebnis mit dem Orbit Trinkglas in einem atemberaubenden Blauton. Dieses zeitlose St\u00fcck ist handgefertigt mit","breadcrumb":{"@id":"https:\/\/hubsch-interior.com\/de\/produkt\/orbit-trinkglas-blau\/#breadcrumb"},"inLanguage":"de","potentialAction":[{"@type":"ReadAction","target":["https:\/\/hubsch-interior.com\/de\/produkt\/orbit-trinkglas-blau\/"]}]},{"@type":"ImageObject","inLanguage":"de","@id":"https:\/\/hubsch-interior.com\/de\/produkt\/orbit-trinkglas-blau\/#primaryimage","url":"https:\/\/hubsch-interior.com\/wp-content\/uploads\/2026\/02\/orbit-drinking-glass-blue-4a3a3b49c7eddaee5d14175687892083.jpg","contentUrl":"https:\/\/hubsch-interior.com\/wp-content\/uploads\/2026\/02\/orbit-drinking-glass-blue-4a3a3b49c7eddaee5d14175687892083.jpg","width":1024,"height":1024},{"@type":"BreadcrumbList","@id":"https:\/\/hubsch-interior.com\/de\/produkt\/orbit-trinkglas-blau\/#breadcrumb","itemListElement":[{"@type":"ListItem","position":1,"name":"Startseite","item":"https:\/\/hubsch-interior.com\/de\/"},{"@type":"ListItem","position":2,"name":"Produkte","item":"https:\/\/hubsch-interior.com\/de\/shop-2\/"},{"@type":"ListItem","position":3,"name":"K\u00fcche","item":"https:\/\/hubsch-interior.com\/de\/produkt-kategorie\/kuche\/"},{"@type":"ListItem","position":4,"name":"Tischgeschirr","item":"https:\/\/hubsch-interior.com\/de\/produkt-kategorie\/kuche\/tischgeschirr-de-2\/"},{"@type":"ListItem","position":5,"name":"Gl&auml;ser und Kannen","item":"https:\/\/hubsch-interior.com\/de\/produkt-kategorie\/kuche\/tischgeschirr-de-2\/glaeser-und-kannen-de\/"},{"@type":"ListItem","position":6,"name":"Orbit Trinkglas Blau"}]},{"@type":"WebSite","@id":"https:\/\/hubsch-interior.com\/de\/#website","url":"https:\/\/hubsch-interior.com\/de\/","name":"H\u00fcbsch","description":"Danish Home Interior and Design","publisher":{"@id":"https:\/\/hubsch-interior.com\/de\/#organization"},"potentialAction":[{"@type":"SearchAction","target":{"@type":"EntryPoint","urlTemplate":"https:\/\/hubsch-interior.com\/de\/?s={search_term_string}"},"query-input":{"@type":"PropertyValueSpecification","valueRequired":true,"valueName":"search_term_string"}}],"inLanguage":"de"},{"@type":"Organization","@id":"https:\/\/hubsch-interior.com\/de\/#organization","name":"H\u00fcbsch","url":"https:\/\/hubsch-interior.com\/de\/","logo":{"@type":"ImageObject","inLanguage":"de","@id":"https:\/\/hubsch-interior.com\/de\/#\/schema\/logo\/image\/","url":"https:\/\/hubsch-interior.com\/wp-content\/uploads\/2022\/12\/Hubsch_logo_black_one_line.svg","contentUrl":"https:\/\/hubsch-interior.com\/wp-content\/uploads\/2022\/12\/Hubsch_logo_black_one_line.svg","caption":"H\u00fcbsch"},"image":{"@id":"https:\/\/hubsch-interior.com\/de\/#\/schema\/logo\/image\/"}}]}},"_links":{"self":[{"href":"https:\/\/hubsch-interior.com\/de\/wp-json\/wp\/v2\/product\/976241","targetHints":{"allow":["GET"]}}],"collection":[{"href":"https:\/\/hubsch-interior.com\/de\/wp-json\/wp\/v2\/product"}],"about":[{"href":"https:\/\/hubsch-interior.com\/de\/wp-json\/wp\/v2\/types\/product"}],"wp:featuredmedia":[{"embeddable":true,"href":"https:\/\/hubsch-interior.com\/de\/wp-json\/wp\/v2\/media\/1099324"}],"wp:attachment":[{"href":"https:\/\/hubsch-interior.com\/de\/wp-json\/wp\/v2\/media?parent=976241"}],"wp:term":[{"taxonomy":"product_brand","embeddable":true,"href":"https:\/\/hubsch-interior.com\/de\/wp-json\/wp\/v2\/product_brand?post=976241"},{"taxonomy":"product_cat","embeddable":true,"href":"https:\/\/hubsch-interior.com\/de\/wp-json\/wp\/v2\/product_cat?post=976241"},{"taxonomy":"product_tag","embeddable":true,"href":"https:\/\/hubsch-interior.com\/de\/wp-json\/wp\/v2\/product_tag?post=976241"}],"curies":[{"name":"wp","href":"https:\/\/api.w.org\/{rel}","templated":true}]}}