{"id":976281,"date":"2024-01-29T09:15:13","date_gmt":"2024-01-29T08:15:13","guid":{"rendered":"https:\/\/hubsch-interior.com\/product\/product\/"},"modified":"2026-04-05T04:38:53","modified_gmt":"2026-04-05T02:38:53","slug":"orbit-trinkglas-grun","status":"publish","type":"product","link":"https:\/\/hubsch-interior.com\/de\/produkt\/orbit-trinkglas-grun\/","title":{"rendered":"Orbit Trinkglas Gr\u00fcn"},"content":{"rendered":"<p>Das Orbit Trinkglas in leuchtendem Gr\u00fcn ist handgefertigt aus hochwertigem Glas. Dieses leichte und stapelbare Glas fasst ein gro\u00dfz\u00fcgiges Volumen von 200 ml, perfekt f\u00fcr Ihren t\u00e4glichen Wasserkonsum. Sein einfaches und spa\u00dfiges Design verleiht Ihrer K\u00fcche einen Farbtupfer und mit vier weiteren Farboptionen k\u00f6nnen Sie sie f\u00fcr einen verspielten Touch mischen und kombinieren. Verbessern Sie Ihre Gl\u00e4serkollektion mit dem Orbit Trinkglas und verleihen Sie Ihrer t\u00e4glichen Routine eine pers\u00f6nliche Note.<\/p>\n","protected":false},"excerpt":{"rendered":"<p>Das Orbit Trinkglas in leuchtendem Gr\u00fcn ist handgefertigt aus hochwertigem Glas. Dieses leichte und stapelbare Glas fasst ein gro\u00dfz\u00fcgiges Volumen von 200 ml, perfekt f\u00fcr Ihren t\u00e4glichen Wasserkonsum. Sein einfaches und spa\u00dfiges Design verleiht Ihrer K\u00fcche einen Farbtupfer und mit vier weiteren Farboptionen k\u00f6nnen Sie sie f\u00fcr einen verspielten Touch mischen und kombinieren. Verbessern Sie [&hellip;]<\/p>\n","protected":false},"featured_media":1099344,"template":"","meta":{"_acf_changed":false,"inline_featured_image":false},"product_brand":[],"product_cat":[6884,7034,6972,7029,6349,4055,4096,5027,5031,6519],"product_tag":[],"class_list":{"0":"post-976281","1":"product","2":"type-product","3":"status-publish","4":"has-post-thumbnail","6":"product_cat-elevating-nostalgia-de","7":"product_cat-glaeser-und-kannen-de","8":"product_cat-oster-sale","9":"product_cat-tischgeschirr-de-2","10":"product_cat-garden-selection-de","11":"product_cat-kuechenzubehoer-de","12":"product_cat-tischgeschirr-de","13":"product_cat-bestsellers-de","14":"product_cat-wieder-auf-lager-de","15":"product_cat-outlet-de","16":"product_shipping_class-pk","18":"pa_color-grn-2","19":"pa_material-glas-de","21":"first","22":"instock","23":"sale","24":"featured","25":"taxable","26":"shipping-taxable","27":"purchasable","28":"product-type-simple"},"exclude_global_add_ons":[],"addons":[],"acf":[],"yoast_head":"<!-- This site is optimized with the Yoast SEO plugin v26.4 - https:\/\/yoast.com\/wordpress\/plugins\/seo\/ -->\n<title>Orbit Trinkglas Gr\u00fcn - H\u00fcbsch<\/title>\n<meta name=\"description\" content=\"Das Orbit Trinkglas in leuchtendem Gr\u00fcn ist handgefertigt aus hochwertigem Glas. Dieses leichte und stapelbare Glas fasst ein gro\u00dfz\u00fcgiges Volumen von 200\" \/>\n<meta name=\"robots\" content=\"index, follow, max-snippet:-1, max-image-preview:large, max-video-preview:-1\" \/>\n<link rel=\"canonical\" href=\"https:\/\/hubsch-interior.com\/de\/wp-json\/wp\/v2\/product\/976281\" \/>\n<meta property=\"og:locale\" content=\"de_DE\" \/>\n<meta property=\"og:type\" content=\"article\" \/>\n<meta property=\"og:title\" content=\"Orbit Trinkglas Gr\u00fcn - H\u00fcbsch\" \/>\n<meta property=\"og:description\" content=\"Das Orbit Trinkglas in leuchtendem Gr\u00fcn ist handgefertigt aus hochwertigem Glas. Dieses leichte und stapelbare Glas fasst ein gro\u00dfz\u00fcgiges Volumen von 200\" \/>\n<meta property=\"og:url\" content=\"https:\/\/hubsch-interior.com\/de\/produkt\/orbit-trinkglas-grun\/\" \/>\n<meta property=\"og:site_name\" content=\"H\u00fcbsch\" \/>\n<meta property=\"article:modified_time\" content=\"2026-04-05T02:38:53+00:00\" \/>\n<meta property=\"og:image\" content=\"https:\/\/hubsch-interior.com\/wp-content\/uploads\/2025\/04\/orbit-drinking-glass-green-fa9904bcac3798852e033e85f1331382.jpg\" \/>\n\t<meta property=\"og:image:width\" content=\"1200\" \/>\n\t<meta property=\"og:image:height\" content=\"1200\" \/>\n\t<meta property=\"og:image:type\" content=\"image\/jpeg\" \/>\n<meta name=\"twitter:card\" content=\"summary_large_image\" \/>\n<script type=\"application\/ld+json\" class=\"yoast-schema-graph\">{\"@context\":\"https:\/\/schema.org\",\"@graph\":[{\"@type\":\"WebPage\",\"@id\":\"https:\/\/hubsch-interior.com\/de\/produkt\/orbit-trinkglas-grun\/\",\"url\":\"https:\/\/hubsch-interior.com\/de\/produkt\/orbit-trinkglas-grun\/\",\"name\":\"Orbit Trinkglas Gr\u00fcn - H\u00fcbsch\",\"isPartOf\":{\"@id\":\"https:\/\/hubsch-interior.com\/de\/#website\"},\"primaryImageOfPage\":{\"@id\":\"https:\/\/hubsch-interior.com\/de\/produkt\/orbit-trinkglas-grun\/#primaryimage\"},\"image\":{\"@id\":\"https:\/\/hubsch-interior.com\/de\/produkt\/orbit-trinkglas-grun\/#primaryimage\"},\"thumbnailUrl\":\"https:\/\/hubsch-interior.com\/wp-content\/uploads\/2026\/02\/orbit-drinking-glass-green-263a24b1c3f4269a183011f6b2c95353.jpg\",\"datePublished\":\"2024-01-29T08:15:13+00:00\",\"dateModified\":\"2026-04-05T02:38:53+00:00\",\"description\":\"Das Orbit Trinkglas in leuchtendem Gr\u00fcn ist handgefertigt aus hochwertigem Glas. Dieses leichte und stapelbare Glas fasst ein gro\u00dfz\u00fcgiges Volumen von 200\",\"breadcrumb\":{\"@id\":\"https:\/\/hubsch-interior.com\/de\/produkt\/orbit-trinkglas-grun\/#breadcrumb\"},\"inLanguage\":\"de\",\"potentialAction\":[{\"@type\":\"ReadAction\",\"target\":[\"https:\/\/hubsch-interior.com\/de\/produkt\/orbit-trinkglas-grun\/\"]}]},{\"@type\":\"ImageObject\",\"inLanguage\":\"de\",\"@id\":\"https:\/\/hubsch-interior.com\/de\/produkt\/orbit-trinkglas-grun\/#primaryimage\",\"url\":\"https:\/\/hubsch-interior.com\/wp-content\/uploads\/2026\/02\/orbit-drinking-glass-green-263a24b1c3f4269a183011f6b2c95353.jpg\",\"contentUrl\":\"https:\/\/hubsch-interior.com\/wp-content\/uploads\/2026\/02\/orbit-drinking-glass-green-263a24b1c3f4269a183011f6b2c95353.jpg\",\"width\":1024,\"height\":1024},{\"@type\":\"BreadcrumbList\",\"@id\":\"https:\/\/hubsch-interior.com\/de\/produkt\/orbit-trinkglas-grun\/#breadcrumb\",\"itemListElement\":[{\"@type\":\"ListItem\",\"position\":1,\"name\":\"Startseite\",\"item\":\"https:\/\/hubsch-interior.com\/de\/\"},{\"@type\":\"ListItem\",\"position\":2,\"name\":\"Produkte\",\"item\":\"https:\/\/hubsch-interior.com\/de\/shop-2\/\"},{\"@type\":\"ListItem\",\"position\":3,\"name\":\"K\u00fcche\",\"item\":\"https:\/\/hubsch-interior.com\/de\/produkt-kategorie\/kuche\/\"},{\"@type\":\"ListItem\",\"position\":4,\"name\":\"Tischgeschirr\",\"item\":\"https:\/\/hubsch-interior.com\/de\/produkt-kategorie\/kuche\/tischgeschirr-de-2\/\"},{\"@type\":\"ListItem\",\"position\":5,\"name\":\"Gl&auml;ser und Kannen\",\"item\":\"https:\/\/hubsch-interior.com\/de\/produkt-kategorie\/kuche\/tischgeschirr-de-2\/glaeser-und-kannen-de\/\"},{\"@type\":\"ListItem\",\"position\":6,\"name\":\"Orbit Trinkglas Gr\u00fcn\"}]},{\"@type\":\"WebSite\",\"@id\":\"https:\/\/hubsch-interior.com\/de\/#website\",\"url\":\"https:\/\/hubsch-interior.com\/de\/\",\"name\":\"H\u00fcbsch\",\"description\":\"Danish Home Interior and Design\",\"publisher\":{\"@id\":\"https:\/\/hubsch-interior.com\/de\/#organization\"},\"potentialAction\":[{\"@type\":\"SearchAction\",\"target\":{\"@type\":\"EntryPoint\",\"urlTemplate\":\"https:\/\/hubsch-interior.com\/de\/?s={search_term_string}\"},\"query-input\":{\"@type\":\"PropertyValueSpecification\",\"valueRequired\":true,\"valueName\":\"search_term_string\"}}],\"inLanguage\":\"de\"},{\"@type\":\"Organization\",\"@id\":\"https:\/\/hubsch-interior.com\/de\/#organization\",\"name\":\"H\u00fcbsch\",\"url\":\"https:\/\/hubsch-interior.com\/de\/\",\"logo\":{\"@type\":\"ImageObject\",\"inLanguage\":\"de\",\"@id\":\"https:\/\/hubsch-interior.com\/de\/#\/schema\/logo\/image\/\",\"url\":\"https:\/\/hubsch-interior.com\/wp-content\/uploads\/2022\/12\/Hubsch_logo_black_one_line.svg\",\"contentUrl\":\"https:\/\/hubsch-interior.com\/wp-content\/uploads\/2022\/12\/Hubsch_logo_black_one_line.svg\",\"caption\":\"H\u00fcbsch\"},\"image\":{\"@id\":\"https:\/\/hubsch-interior.com\/de\/#\/schema\/logo\/image\/\"}}]}<\/script>\n<!-- \/ Yoast SEO plugin. -->","yoast_head_json":{"title":"Orbit Trinkglas Gr\u00fcn - H\u00fcbsch","description":"Das Orbit Trinkglas in leuchtendem Gr\u00fcn ist handgefertigt aus hochwertigem Glas. Dieses leichte und stapelbare Glas fasst ein gro\u00dfz\u00fcgiges Volumen von 200","robots":{"index":"index","follow":"follow","max-snippet":"max-snippet:-1","max-image-preview":"max-image-preview:large","max-video-preview":"max-video-preview:-1"},"canonical":"https:\/\/hubsch-interior.com\/de\/wp-json\/wp\/v2\/product\/976281","og_locale":"de_DE","og_type":"article","og_title":"Orbit Trinkglas Gr\u00fcn - H\u00fcbsch","og_description":"Das Orbit Trinkglas in leuchtendem Gr\u00fcn ist handgefertigt aus hochwertigem Glas. Dieses leichte und stapelbare Glas fasst ein gro\u00dfz\u00fcgiges Volumen von 200","og_url":"https:\/\/hubsch-interior.com\/de\/produkt\/orbit-trinkglas-grun\/","og_site_name":"H\u00fcbsch","article_modified_time":"2026-04-05T02:38:53+00:00","og_image":[{"width":1200,"height":1200,"url":"https:\/\/hubsch-interior.com\/wp-content\/uploads\/2025\/04\/orbit-drinking-glass-green-fa9904bcac3798852e033e85f1331382.jpg","type":"image\/jpeg"}],"twitter_card":"summary_large_image","schema":{"@context":"https:\/\/schema.org","@graph":[{"@type":"WebPage","@id":"https:\/\/hubsch-interior.com\/de\/produkt\/orbit-trinkglas-grun\/","url":"https:\/\/hubsch-interior.com\/de\/produkt\/orbit-trinkglas-grun\/","name":"Orbit Trinkglas Gr\u00fcn - H\u00fcbsch","isPartOf":{"@id":"https:\/\/hubsch-interior.com\/de\/#website"},"primaryImageOfPage":{"@id":"https:\/\/hubsch-interior.com\/de\/produkt\/orbit-trinkglas-grun\/#primaryimage"},"image":{"@id":"https:\/\/hubsch-interior.com\/de\/produkt\/orbit-trinkglas-grun\/#primaryimage"},"thumbnailUrl":"https:\/\/hubsch-interior.com\/wp-content\/uploads\/2026\/02\/orbit-drinking-glass-green-263a24b1c3f4269a183011f6b2c95353.jpg","datePublished":"2024-01-29T08:15:13+00:00","dateModified":"2026-04-05T02:38:53+00:00","description":"Das Orbit Trinkglas in leuchtendem Gr\u00fcn ist handgefertigt aus hochwertigem Glas. Dieses leichte und stapelbare Glas fasst ein gro\u00dfz\u00fcgiges Volumen von 200","breadcrumb":{"@id":"https:\/\/hubsch-interior.com\/de\/produkt\/orbit-trinkglas-grun\/#breadcrumb"},"inLanguage":"de","potentialAction":[{"@type":"ReadAction","target":["https:\/\/hubsch-interior.com\/de\/produkt\/orbit-trinkglas-grun\/"]}]},{"@type":"ImageObject","inLanguage":"de","@id":"https:\/\/hubsch-interior.com\/de\/produkt\/orbit-trinkglas-grun\/#primaryimage","url":"https:\/\/hubsch-interior.com\/wp-content\/uploads\/2026\/02\/orbit-drinking-glass-green-263a24b1c3f4269a183011f6b2c95353.jpg","contentUrl":"https:\/\/hubsch-interior.com\/wp-content\/uploads\/2026\/02\/orbit-drinking-glass-green-263a24b1c3f4269a183011f6b2c95353.jpg","width":1024,"height":1024},{"@type":"BreadcrumbList","@id":"https:\/\/hubsch-interior.com\/de\/produkt\/orbit-trinkglas-grun\/#breadcrumb","itemListElement":[{"@type":"ListItem","position":1,"name":"Startseite","item":"https:\/\/hubsch-interior.com\/de\/"},{"@type":"ListItem","position":2,"name":"Produkte","item":"https:\/\/hubsch-interior.com\/de\/shop-2\/"},{"@type":"ListItem","position":3,"name":"K\u00fcche","item":"https:\/\/hubsch-interior.com\/de\/produkt-kategorie\/kuche\/"},{"@type":"ListItem","position":4,"name":"Tischgeschirr","item":"https:\/\/hubsch-interior.com\/de\/produkt-kategorie\/kuche\/tischgeschirr-de-2\/"},{"@type":"ListItem","position":5,"name":"Gl&auml;ser und Kannen","item":"https:\/\/hubsch-interior.com\/de\/produkt-kategorie\/kuche\/tischgeschirr-de-2\/glaeser-und-kannen-de\/"},{"@type":"ListItem","position":6,"name":"Orbit Trinkglas Gr\u00fcn"}]},{"@type":"WebSite","@id":"https:\/\/hubsch-interior.com\/de\/#website","url":"https:\/\/hubsch-interior.com\/de\/","name":"H\u00fcbsch","description":"Danish Home Interior and Design","publisher":{"@id":"https:\/\/hubsch-interior.com\/de\/#organization"},"potentialAction":[{"@type":"SearchAction","target":{"@type":"EntryPoint","urlTemplate":"https:\/\/hubsch-interior.com\/de\/?s={search_term_string}"},"query-input":{"@type":"PropertyValueSpecification","valueRequired":true,"valueName":"search_term_string"}}],"inLanguage":"de"},{"@type":"Organization","@id":"https:\/\/hubsch-interior.com\/de\/#organization","name":"H\u00fcbsch","url":"https:\/\/hubsch-interior.com\/de\/","logo":{"@type":"ImageObject","inLanguage":"de","@id":"https:\/\/hubsch-interior.com\/de\/#\/schema\/logo\/image\/","url":"https:\/\/hubsch-interior.com\/wp-content\/uploads\/2022\/12\/Hubsch_logo_black_one_line.svg","contentUrl":"https:\/\/hubsch-interior.com\/wp-content\/uploads\/2022\/12\/Hubsch_logo_black_one_line.svg","caption":"H\u00fcbsch"},"image":{"@id":"https:\/\/hubsch-interior.com\/de\/#\/schema\/logo\/image\/"}}]}},"_links":{"self":[{"href":"https:\/\/hubsch-interior.com\/de\/wp-json\/wp\/v2\/product\/976281","targetHints":{"allow":["GET"]}}],"collection":[{"href":"https:\/\/hubsch-interior.com\/de\/wp-json\/wp\/v2\/product"}],"about":[{"href":"https:\/\/hubsch-interior.com\/de\/wp-json\/wp\/v2\/types\/product"}],"wp:featuredmedia":[{"embeddable":true,"href":"https:\/\/hubsch-interior.com\/de\/wp-json\/wp\/v2\/media\/1099344"}],"wp:attachment":[{"href":"https:\/\/hubsch-interior.com\/de\/wp-json\/wp\/v2\/media?parent=976281"}],"wp:term":[{"taxonomy":"product_brand","embeddable":true,"href":"https:\/\/hubsch-interior.com\/de\/wp-json\/wp\/v2\/product_brand?post=976281"},{"taxonomy":"product_cat","embeddable":true,"href":"https:\/\/hubsch-interior.com\/de\/wp-json\/wp\/v2\/product_cat?post=976281"},{"taxonomy":"product_tag","embeddable":true,"href":"https:\/\/hubsch-interior.com\/de\/wp-json\/wp\/v2\/product_tag?post=976281"}],"curies":[{"name":"wp","href":"https:\/\/api.w.org\/{rel}","templated":true}]}}