{"id":976305,"date":"2024-01-29T09:15:16","date_gmt":"2024-01-29T08:15:16","guid":{"rendered":"https:\/\/hubsch-interior.com\/product\/product\/"},"modified":"2026-04-09T04:38:59","modified_gmt":"2026-04-09T02:38:59","slug":"orbit-trinkglas-rosa","status":"publish","type":"product","link":"https:\/\/hubsch-interior.com\/de\/produkt\/orbit-trinkglas-rosa\/","title":{"rendered":"Orbit Trinkglas Rosa"},"content":{"rendered":"<p>Wir pr\u00e4sentieren das Orbit Trinkglas in einem bezaubernden Rosa-Ton, perfekt um eine Note von Eleganz in Ihren Alltag zu bringen. Hergestellt aus hochwertigem Glas, wird jedes Glas sorgf\u00e4ltig von Hand gefertigt, um Langlebigkeit und Robustheit zu gew\u00e4hrleisten. Dank des stapelbaren Designs ist es sowohl praktisch als auch platzsparend. Mit einem Fassungsverm\u00f6gen von 200ml ist dieses leichte Glas ideal zum Genie\u00dfen Ihrer Lieblingsgetr\u00e4nke geeignet. Kombinieren Sie es mit den anderen 3 Farben, um ein fr\u00f6hliches und lebhaftes Set zu kreieren.<\/p>\n","protected":false},"excerpt":{"rendered":"<p>Wir pr\u00e4sentieren das Orbit Trinkglas in einem bezaubernden Rosa-Ton, perfekt um eine Note von Eleganz in Ihren Alltag zu bringen. Hergestellt aus hochwertigem Glas, wird jedes Glas sorgf\u00e4ltig von Hand gefertigt, um Langlebigkeit und Robustheit zu gew\u00e4hrleisten. Dank des stapelbaren Designs ist es sowohl praktisch als auch platzsparend. Mit einem Fassungsverm\u00f6gen von 200ml ist dieses [&hellip;]<\/p>\n","protected":false},"featured_media":1099376,"template":"","meta":{"_acf_changed":false,"inline_featured_image":false},"product_brand":[],"product_cat":[6944,6884,7034,6972,7029,6349,4055,4096,5027,5031,6519],"product_tag":[],"class_list":{"0":"post-976305","1":"product","2":"type-product","3":"status-publish","4":"has-post-thumbnail","6":"product_cat-bestseller-2025-de","7":"product_cat-elevating-nostalgia-de","8":"product_cat-glaeser-und-kannen-de","9":"product_cat-oster-sale","10":"product_cat-tischgeschirr-de-2","11":"product_cat-garden-selection-de","12":"product_cat-kuechenzubehoer-de","13":"product_cat-tischgeschirr-de","14":"product_cat-bestsellers-de","15":"product_cat-wieder-auf-lager-de","16":"product_cat-outlet-de","17":"product_shipping_class-pk","19":"pa_color-rosa-de","20":"pa_material-glas-de","22":"first","23":"instock","24":"sale","25":"featured","26":"taxable","27":"shipping-taxable","28":"purchasable","29":"product-type-simple"},"exclude_global_add_ons":[],"addons":[],"acf":[],"yoast_head":"<!-- This site is optimized with the Yoast SEO plugin v26.4 - https:\/\/yoast.com\/wordpress\/plugins\/seo\/ -->\n<title>Orbit Trinkglas Rosa - H\u00fcbsch<\/title>\n<meta name=\"description\" content=\"Wir pr\u00e4sentieren das Orbit Trinkglas in einem bezaubernden Rosa-Ton, perfekt um eine Note von Eleganz in Ihren Alltag zu bringen. Hergestellt aus\" \/>\n<meta name=\"robots\" content=\"index, follow, max-snippet:-1, max-image-preview:large, max-video-preview:-1\" \/>\n<link rel=\"canonical\" href=\"https:\/\/hubsch-interior.com\/de\/wp-json\/wp\/v2\/product\/976305\" \/>\n<meta property=\"og:locale\" content=\"de_DE\" \/>\n<meta property=\"og:type\" content=\"article\" \/>\n<meta property=\"og:title\" content=\"Orbit Trinkglas Rosa - H\u00fcbsch\" \/>\n<meta property=\"og:description\" content=\"Wir pr\u00e4sentieren das Orbit Trinkglas in einem bezaubernden Rosa-Ton, perfekt um eine Note von Eleganz in Ihren Alltag zu bringen. Hergestellt aus\" \/>\n<meta property=\"og:url\" content=\"https:\/\/hubsch-interior.com\/de\/produkt\/orbit-trinkglas-rosa\/\" \/>\n<meta property=\"og:site_name\" content=\"H\u00fcbsch\" \/>\n<meta property=\"article:modified_time\" content=\"2026-04-09T02:38:59+00:00\" \/>\n<meta property=\"og:image\" content=\"https:\/\/hubsch-interior.com\/wp-content\/uploads\/2024\/01\/orbit-drinking-glass-pink-5dce25179368807300a7c954a3c1dd02.jpg\" \/>\n\t<meta property=\"og:image:width\" content=\"1200\" \/>\n\t<meta property=\"og:image:height\" content=\"1200\" \/>\n\t<meta property=\"og:image:type\" content=\"image\/jpeg\" \/>\n<meta name=\"twitter:card\" content=\"summary_large_image\" \/>\n<script type=\"application\/ld+json\" class=\"yoast-schema-graph\">{\"@context\":\"https:\/\/schema.org\",\"@graph\":[{\"@type\":\"WebPage\",\"@id\":\"https:\/\/hubsch-interior.com\/de\/produkt\/orbit-trinkglas-rosa\/\",\"url\":\"https:\/\/hubsch-interior.com\/de\/produkt\/orbit-trinkglas-rosa\/\",\"name\":\"Orbit Trinkglas Rosa - H\u00fcbsch\",\"isPartOf\":{\"@id\":\"https:\/\/hubsch-interior.com\/de\/#website\"},\"primaryImageOfPage\":{\"@id\":\"https:\/\/hubsch-interior.com\/de\/produkt\/orbit-trinkglas-rosa\/#primaryimage\"},\"image\":{\"@id\":\"https:\/\/hubsch-interior.com\/de\/produkt\/orbit-trinkglas-rosa\/#primaryimage\"},\"thumbnailUrl\":\"https:\/\/hubsch-interior.com\/wp-content\/uploads\/2026\/02\/orbit-drinking-glass-pink-da09a675df0f7eee35c021541c100dfd.jpg\",\"datePublished\":\"2024-01-29T08:15:16+00:00\",\"dateModified\":\"2026-04-09T02:38:59+00:00\",\"description\":\"Wir pr\u00e4sentieren das Orbit Trinkglas in einem bezaubernden Rosa-Ton, perfekt um eine Note von Eleganz in Ihren Alltag zu bringen. Hergestellt aus\",\"breadcrumb\":{\"@id\":\"https:\/\/hubsch-interior.com\/de\/produkt\/orbit-trinkglas-rosa\/#breadcrumb\"},\"inLanguage\":\"de\",\"potentialAction\":[{\"@type\":\"ReadAction\",\"target\":[\"https:\/\/hubsch-interior.com\/de\/produkt\/orbit-trinkglas-rosa\/\"]}]},{\"@type\":\"ImageObject\",\"inLanguage\":\"de\",\"@id\":\"https:\/\/hubsch-interior.com\/de\/produkt\/orbit-trinkglas-rosa\/#primaryimage\",\"url\":\"https:\/\/hubsch-interior.com\/wp-content\/uploads\/2026\/02\/orbit-drinking-glass-pink-da09a675df0f7eee35c021541c100dfd.jpg\",\"contentUrl\":\"https:\/\/hubsch-interior.com\/wp-content\/uploads\/2026\/02\/orbit-drinking-glass-pink-da09a675df0f7eee35c021541c100dfd.jpg\",\"width\":1024,\"height\":1024},{\"@type\":\"BreadcrumbList\",\"@id\":\"https:\/\/hubsch-interior.com\/de\/produkt\/orbit-trinkglas-rosa\/#breadcrumb\",\"itemListElement\":[{\"@type\":\"ListItem\",\"position\":1,\"name\":\"Startseite\",\"item\":\"https:\/\/hubsch-interior.com\/de\/\"},{\"@type\":\"ListItem\",\"position\":2,\"name\":\"Produkte\",\"item\":\"https:\/\/hubsch-interior.com\/de\/shop-2\/\"},{\"@type\":\"ListItem\",\"position\":3,\"name\":\"K\u00fcche\",\"item\":\"https:\/\/hubsch-interior.com\/de\/produkt-kategorie\/kuche\/\"},{\"@type\":\"ListItem\",\"position\":4,\"name\":\"Tischgeschirr\",\"item\":\"https:\/\/hubsch-interior.com\/de\/produkt-kategorie\/kuche\/tischgeschirr-de-2\/\"},{\"@type\":\"ListItem\",\"position\":5,\"name\":\"Gl&auml;ser und Kannen\",\"item\":\"https:\/\/hubsch-interior.com\/de\/produkt-kategorie\/kuche\/tischgeschirr-de-2\/glaeser-und-kannen-de\/\"},{\"@type\":\"ListItem\",\"position\":6,\"name\":\"Orbit Trinkglas Rosa\"}]},{\"@type\":\"WebSite\",\"@id\":\"https:\/\/hubsch-interior.com\/de\/#website\",\"url\":\"https:\/\/hubsch-interior.com\/de\/\",\"name\":\"H\u00fcbsch\",\"description\":\"Danish Home Interior and Design\",\"publisher\":{\"@id\":\"https:\/\/hubsch-interior.com\/de\/#organization\"},\"potentialAction\":[{\"@type\":\"SearchAction\",\"target\":{\"@type\":\"EntryPoint\",\"urlTemplate\":\"https:\/\/hubsch-interior.com\/de\/?s={search_term_string}\"},\"query-input\":{\"@type\":\"PropertyValueSpecification\",\"valueRequired\":true,\"valueName\":\"search_term_string\"}}],\"inLanguage\":\"de\"},{\"@type\":\"Organization\",\"@id\":\"https:\/\/hubsch-interior.com\/de\/#organization\",\"name\":\"H\u00fcbsch\",\"url\":\"https:\/\/hubsch-interior.com\/de\/\",\"logo\":{\"@type\":\"ImageObject\",\"inLanguage\":\"de\",\"@id\":\"https:\/\/hubsch-interior.com\/de\/#\/schema\/logo\/image\/\",\"url\":\"https:\/\/hubsch-interior.com\/wp-content\/uploads\/2022\/12\/Hubsch_logo_black_one_line.svg\",\"contentUrl\":\"https:\/\/hubsch-interior.com\/wp-content\/uploads\/2022\/12\/Hubsch_logo_black_one_line.svg\",\"caption\":\"H\u00fcbsch\"},\"image\":{\"@id\":\"https:\/\/hubsch-interior.com\/de\/#\/schema\/logo\/image\/\"}}]}<\/script>\n<!-- \/ Yoast SEO plugin. -->","yoast_head_json":{"title":"Orbit Trinkglas Rosa - H\u00fcbsch","description":"Wir pr\u00e4sentieren das Orbit Trinkglas in einem bezaubernden Rosa-Ton, perfekt um eine Note von Eleganz in Ihren Alltag zu bringen. Hergestellt aus","robots":{"index":"index","follow":"follow","max-snippet":"max-snippet:-1","max-image-preview":"max-image-preview:large","max-video-preview":"max-video-preview:-1"},"canonical":"https:\/\/hubsch-interior.com\/de\/wp-json\/wp\/v2\/product\/976305","og_locale":"de_DE","og_type":"article","og_title":"Orbit Trinkglas Rosa - H\u00fcbsch","og_description":"Wir pr\u00e4sentieren das Orbit Trinkglas in einem bezaubernden Rosa-Ton, perfekt um eine Note von Eleganz in Ihren Alltag zu bringen. Hergestellt aus","og_url":"https:\/\/hubsch-interior.com\/de\/produkt\/orbit-trinkglas-rosa\/","og_site_name":"H\u00fcbsch","article_modified_time":"2026-04-09T02:38:59+00:00","og_image":[{"width":1200,"height":1200,"url":"https:\/\/hubsch-interior.com\/wp-content\/uploads\/2024\/01\/orbit-drinking-glass-pink-5dce25179368807300a7c954a3c1dd02.jpg","type":"image\/jpeg"}],"twitter_card":"summary_large_image","schema":{"@context":"https:\/\/schema.org","@graph":[{"@type":"WebPage","@id":"https:\/\/hubsch-interior.com\/de\/produkt\/orbit-trinkglas-rosa\/","url":"https:\/\/hubsch-interior.com\/de\/produkt\/orbit-trinkglas-rosa\/","name":"Orbit Trinkglas Rosa - H\u00fcbsch","isPartOf":{"@id":"https:\/\/hubsch-interior.com\/de\/#website"},"primaryImageOfPage":{"@id":"https:\/\/hubsch-interior.com\/de\/produkt\/orbit-trinkglas-rosa\/#primaryimage"},"image":{"@id":"https:\/\/hubsch-interior.com\/de\/produkt\/orbit-trinkglas-rosa\/#primaryimage"},"thumbnailUrl":"https:\/\/hubsch-interior.com\/wp-content\/uploads\/2026\/02\/orbit-drinking-glass-pink-da09a675df0f7eee35c021541c100dfd.jpg","datePublished":"2024-01-29T08:15:16+00:00","dateModified":"2026-04-09T02:38:59+00:00","description":"Wir pr\u00e4sentieren das Orbit Trinkglas in einem bezaubernden Rosa-Ton, perfekt um eine Note von Eleganz in Ihren Alltag zu bringen. Hergestellt aus","breadcrumb":{"@id":"https:\/\/hubsch-interior.com\/de\/produkt\/orbit-trinkglas-rosa\/#breadcrumb"},"inLanguage":"de","potentialAction":[{"@type":"ReadAction","target":["https:\/\/hubsch-interior.com\/de\/produkt\/orbit-trinkglas-rosa\/"]}]},{"@type":"ImageObject","inLanguage":"de","@id":"https:\/\/hubsch-interior.com\/de\/produkt\/orbit-trinkglas-rosa\/#primaryimage","url":"https:\/\/hubsch-interior.com\/wp-content\/uploads\/2026\/02\/orbit-drinking-glass-pink-da09a675df0f7eee35c021541c100dfd.jpg","contentUrl":"https:\/\/hubsch-interior.com\/wp-content\/uploads\/2026\/02\/orbit-drinking-glass-pink-da09a675df0f7eee35c021541c100dfd.jpg","width":1024,"height":1024},{"@type":"BreadcrumbList","@id":"https:\/\/hubsch-interior.com\/de\/produkt\/orbit-trinkglas-rosa\/#breadcrumb","itemListElement":[{"@type":"ListItem","position":1,"name":"Startseite","item":"https:\/\/hubsch-interior.com\/de\/"},{"@type":"ListItem","position":2,"name":"Produkte","item":"https:\/\/hubsch-interior.com\/de\/shop-2\/"},{"@type":"ListItem","position":3,"name":"K\u00fcche","item":"https:\/\/hubsch-interior.com\/de\/produkt-kategorie\/kuche\/"},{"@type":"ListItem","position":4,"name":"Tischgeschirr","item":"https:\/\/hubsch-interior.com\/de\/produkt-kategorie\/kuche\/tischgeschirr-de-2\/"},{"@type":"ListItem","position":5,"name":"Gl&auml;ser und Kannen","item":"https:\/\/hubsch-interior.com\/de\/produkt-kategorie\/kuche\/tischgeschirr-de-2\/glaeser-und-kannen-de\/"},{"@type":"ListItem","position":6,"name":"Orbit Trinkglas Rosa"}]},{"@type":"WebSite","@id":"https:\/\/hubsch-interior.com\/de\/#website","url":"https:\/\/hubsch-interior.com\/de\/","name":"H\u00fcbsch","description":"Danish Home Interior and Design","publisher":{"@id":"https:\/\/hubsch-interior.com\/de\/#organization"},"potentialAction":[{"@type":"SearchAction","target":{"@type":"EntryPoint","urlTemplate":"https:\/\/hubsch-interior.com\/de\/?s={search_term_string}"},"query-input":{"@type":"PropertyValueSpecification","valueRequired":true,"valueName":"search_term_string"}}],"inLanguage":"de"},{"@type":"Organization","@id":"https:\/\/hubsch-interior.com\/de\/#organization","name":"H\u00fcbsch","url":"https:\/\/hubsch-interior.com\/de\/","logo":{"@type":"ImageObject","inLanguage":"de","@id":"https:\/\/hubsch-interior.com\/de\/#\/schema\/logo\/image\/","url":"https:\/\/hubsch-interior.com\/wp-content\/uploads\/2022\/12\/Hubsch_logo_black_one_line.svg","contentUrl":"https:\/\/hubsch-interior.com\/wp-content\/uploads\/2022\/12\/Hubsch_logo_black_one_line.svg","caption":"H\u00fcbsch"},"image":{"@id":"https:\/\/hubsch-interior.com\/de\/#\/schema\/logo\/image\/"}}]}},"_links":{"self":[{"href":"https:\/\/hubsch-interior.com\/de\/wp-json\/wp\/v2\/product\/976305","targetHints":{"allow":["GET"]}}],"collection":[{"href":"https:\/\/hubsch-interior.com\/de\/wp-json\/wp\/v2\/product"}],"about":[{"href":"https:\/\/hubsch-interior.com\/de\/wp-json\/wp\/v2\/types\/product"}],"wp:featuredmedia":[{"embeddable":true,"href":"https:\/\/hubsch-interior.com\/de\/wp-json\/wp\/v2\/media\/1099376"}],"wp:attachment":[{"href":"https:\/\/hubsch-interior.com\/de\/wp-json\/wp\/v2\/media?parent=976305"}],"wp:term":[{"taxonomy":"product_brand","embeddable":true,"href":"https:\/\/hubsch-interior.com\/de\/wp-json\/wp\/v2\/product_brand?post=976305"},{"taxonomy":"product_cat","embeddable":true,"href":"https:\/\/hubsch-interior.com\/de\/wp-json\/wp\/v2\/product_cat?post=976305"},{"taxonomy":"product_tag","embeddable":true,"href":"https:\/\/hubsch-interior.com\/de\/wp-json\/wp\/v2\/product_tag?post=976305"}],"curies":[{"name":"wp","href":"https:\/\/api.w.org\/{rel}","templated":true}]}}