{"id":976329,"date":"2024-01-29T09:15:28","date_gmt":"2024-01-29T08:15:28","guid":{"rendered":"https:\/\/hubsch-interior.com\/product\/product\/"},"modified":"2026-04-09T04:39:03","modified_gmt":"2026-04-09T02:39:03","slug":"heir-kerzenhalter-gelb","status":"publish","type":"product","link":"https:\/\/hubsch-interior.com\/de\/produkt\/heir-kerzenhalter-gelb\/","title":{"rendered":"Heir Kerzenhalter Gelb"},"content":{"rendered":"<p>Verleihen Sie Ihrer Wohnung mit unserem Heir Kerzenhalter in leuchtendem Gelb eine besondere Atmosph\u00e4re. Handgefertigt mit Pr\u00e4zision, pr\u00e4sentiert sich dieses moderne St\u00fcck in einer wundersch\u00f6nen Wirbelschleifen-Optik in Pastellfarben und verleiht jedem Raum eine elegante Note. Aus hochwertigem Glas gefertigt, ist er sowohl kompakt als auch leicht und l\u00e4sst sich somit problemlos transportieren, perfekt f\u00fcr jeden Raum. Erh\u00e4ltlich in zwei atemberaubenden Varianten, ist dieser Kerzenhalter ein Muss f\u00fcr alle, die einzigartige und stilvolle Dekoration zu sch\u00e4tzen wissen.<\/p>\n","protected":false},"excerpt":{"rendered":"<p>Verleihen Sie Ihrer Wohnung mit unserem Heir Kerzenhalter in leuchtendem Gelb eine besondere Atmosph\u00e4re. Handgefertigt mit Pr\u00e4zision, pr\u00e4sentiert sich dieses moderne St\u00fcck in einer wundersch\u00f6nen Wirbelschleifen-Optik in Pastellfarben und verleiht jedem Raum eine elegante Note. Aus hochwertigem Glas gefertigt, ist er sowohl kompakt als auch leicht und l\u00e4sst sich somit problemlos transportieren, perfekt f\u00fcr jeden [&hellip;]<\/p>\n","protected":false},"featured_media":1099396,"template":"","meta":{"_acf_changed":false,"inline_featured_image":false},"product_brand":[],"product_cat":[6884,6972,4067,4068,6519],"product_tag":[],"class_list":{"0":"post-976329","1":"product","2":"type-product","3":"status-publish","4":"has-post-thumbnail","6":"product_cat-elevating-nostalgia-de","7":"product_cat-oster-sale","8":"product_cat-kerzenstaender-laternen-de","9":"product_cat-kerzenstaender-de","10":"product_cat-outlet-de","11":"product_shipping_class-pk","13":"pa_color-gelb","14":"pa_material-glas-de","16":"first","17":"instock","18":"sale","19":"taxable","20":"shipping-taxable","21":"purchasable","22":"product-type-simple"},"exclude_global_add_ons":[],"addons":[],"acf":[],"yoast_head":"<!-- This site is optimized with the Yoast SEO plugin v26.4 - https:\/\/yoast.com\/wordpress\/plugins\/seo\/ -->\n<title>Heir Kerzenhalter Gelb - H\u00fcbsch<\/title>\n<meta name=\"description\" content=\"Verleihen Sie Ihrer Wohnung mit unserem Heir Kerzenhalter in leuchtendem Gelb eine besondere Atmosph\u00e4re. Handgefertigt mit Pr\u00e4zision, pr\u00e4sentiert sich\" \/>\n<meta name=\"robots\" content=\"index, follow, max-snippet:-1, max-image-preview:large, max-video-preview:-1\" \/>\n<link rel=\"canonical\" href=\"https:\/\/hubsch-interior.com\/de\/wp-json\/wp\/v2\/product\/976329\" \/>\n<meta property=\"og:locale\" content=\"de_DE\" \/>\n<meta property=\"og:type\" content=\"article\" \/>\n<meta property=\"og:title\" content=\"Heir Kerzenhalter Gelb - H\u00fcbsch\" \/>\n<meta property=\"og:description\" content=\"Verleihen Sie Ihrer Wohnung mit unserem Heir Kerzenhalter in leuchtendem Gelb eine besondere Atmosph\u00e4re. Handgefertigt mit Pr\u00e4zision, pr\u00e4sentiert sich\" \/>\n<meta property=\"og:url\" content=\"https:\/\/hubsch-interior.com\/de\/produkt\/heir-kerzenhalter-gelb\/\" \/>\n<meta property=\"og:site_name\" content=\"H\u00fcbsch\" \/>\n<meta property=\"article:modified_time\" content=\"2026-04-09T02:39:03+00:00\" \/>\n<meta property=\"og:image\" content=\"https:\/\/hubsch-interior.com\/wp-content\/uploads\/2024\/01\/heir-candleholder-yellow-08cf2ca9a404775c28d9f32254c18362.jpg\" \/>\n\t<meta property=\"og:image:width\" content=\"1200\" \/>\n\t<meta property=\"og:image:height\" content=\"1200\" \/>\n\t<meta property=\"og:image:type\" content=\"image\/jpeg\" \/>\n<meta name=\"twitter:card\" content=\"summary_large_image\" \/>\n<script type=\"application\/ld+json\" class=\"yoast-schema-graph\">{\"@context\":\"https:\/\/schema.org\",\"@graph\":[{\"@type\":\"WebPage\",\"@id\":\"https:\/\/hubsch-interior.com\/de\/produkt\/heir-kerzenhalter-gelb\/\",\"url\":\"https:\/\/hubsch-interior.com\/de\/produkt\/heir-kerzenhalter-gelb\/\",\"name\":\"Heir Kerzenhalter Gelb - H\u00fcbsch\",\"isPartOf\":{\"@id\":\"https:\/\/hubsch-interior.com\/de\/#website\"},\"primaryImageOfPage\":{\"@id\":\"https:\/\/hubsch-interior.com\/de\/produkt\/heir-kerzenhalter-gelb\/#primaryimage\"},\"image\":{\"@id\":\"https:\/\/hubsch-interior.com\/de\/produkt\/heir-kerzenhalter-gelb\/#primaryimage\"},\"thumbnailUrl\":\"https:\/\/hubsch-interior.com\/wp-content\/uploads\/2026\/02\/heir-candleholder-yellow-16e0ee54015fe14853b3e15bd1c62d5a.jpg\",\"datePublished\":\"2024-01-29T08:15:28+00:00\",\"dateModified\":\"2026-04-09T02:39:03+00:00\",\"description\":\"Verleihen Sie Ihrer Wohnung mit unserem Heir Kerzenhalter in leuchtendem Gelb eine besondere Atmosph\u00e4re. Handgefertigt mit Pr\u00e4zision, pr\u00e4sentiert sich\",\"breadcrumb\":{\"@id\":\"https:\/\/hubsch-interior.com\/de\/produkt\/heir-kerzenhalter-gelb\/#breadcrumb\"},\"inLanguage\":\"de\",\"potentialAction\":[{\"@type\":\"ReadAction\",\"target\":[\"https:\/\/hubsch-interior.com\/de\/produkt\/heir-kerzenhalter-gelb\/\"]}]},{\"@type\":\"ImageObject\",\"inLanguage\":\"de\",\"@id\":\"https:\/\/hubsch-interior.com\/de\/produkt\/heir-kerzenhalter-gelb\/#primaryimage\",\"url\":\"https:\/\/hubsch-interior.com\/wp-content\/uploads\/2026\/02\/heir-candleholder-yellow-16e0ee54015fe14853b3e15bd1c62d5a.jpg\",\"contentUrl\":\"https:\/\/hubsch-interior.com\/wp-content\/uploads\/2026\/02\/heir-candleholder-yellow-16e0ee54015fe14853b3e15bd1c62d5a.jpg\",\"width\":1024,\"height\":1024},{\"@type\":\"BreadcrumbList\",\"@id\":\"https:\/\/hubsch-interior.com\/de\/produkt\/heir-kerzenhalter-gelb\/#breadcrumb\",\"itemListElement\":[{\"@type\":\"ListItem\",\"position\":1,\"name\":\"Startseite\",\"item\":\"https:\/\/hubsch-interior.com\/de\/\"},{\"@type\":\"ListItem\",\"position\":2,\"name\":\"Produkte\",\"item\":\"https:\/\/hubsch-interior.com\/de\/shop-2\/\"},{\"@type\":\"ListItem\",\"position\":3,\"name\":\"Wohnaccessoires\",\"item\":\"https:\/\/hubsch-interior.com\/de\/produkt-kategorie\/wohnaccessoires\/\"},{\"@type\":\"ListItem\",\"position\":4,\"name\":\"Kerzenst&auml;nder &amp; Laternen\",\"item\":\"https:\/\/hubsch-interior.com\/de\/produkt-kategorie\/wohnaccessoires\/kerzenstaender-laternen-de\/\"},{\"@type\":\"ListItem\",\"position\":5,\"name\":\"Kerzenst&auml;nder\",\"item\":\"https:\/\/hubsch-interior.com\/de\/produkt-kategorie\/wohnaccessoires\/kerzenstaender-laternen-de\/kerzenstaender-de\/\"},{\"@type\":\"ListItem\",\"position\":6,\"name\":\"Heir Kerzenhalter Gelb\"}]},{\"@type\":\"WebSite\",\"@id\":\"https:\/\/hubsch-interior.com\/de\/#website\",\"url\":\"https:\/\/hubsch-interior.com\/de\/\",\"name\":\"H\u00fcbsch\",\"description\":\"Danish Home Interior and Design\",\"publisher\":{\"@id\":\"https:\/\/hubsch-interior.com\/de\/#organization\"},\"potentialAction\":[{\"@type\":\"SearchAction\",\"target\":{\"@type\":\"EntryPoint\",\"urlTemplate\":\"https:\/\/hubsch-interior.com\/de\/?s={search_term_string}\"},\"query-input\":{\"@type\":\"PropertyValueSpecification\",\"valueRequired\":true,\"valueName\":\"search_term_string\"}}],\"inLanguage\":\"de\"},{\"@type\":\"Organization\",\"@id\":\"https:\/\/hubsch-interior.com\/de\/#organization\",\"name\":\"H\u00fcbsch\",\"url\":\"https:\/\/hubsch-interior.com\/de\/\",\"logo\":{\"@type\":\"ImageObject\",\"inLanguage\":\"de\",\"@id\":\"https:\/\/hubsch-interior.com\/de\/#\/schema\/logo\/image\/\",\"url\":\"https:\/\/hubsch-interior.com\/wp-content\/uploads\/2022\/12\/Hubsch_logo_black_one_line.svg\",\"contentUrl\":\"https:\/\/hubsch-interior.com\/wp-content\/uploads\/2022\/12\/Hubsch_logo_black_one_line.svg\",\"caption\":\"H\u00fcbsch\"},\"image\":{\"@id\":\"https:\/\/hubsch-interior.com\/de\/#\/schema\/logo\/image\/\"}}]}<\/script>\n<!-- \/ Yoast SEO plugin. -->","yoast_head_json":{"title":"Heir Kerzenhalter Gelb - H\u00fcbsch","description":"Verleihen Sie Ihrer Wohnung mit unserem Heir Kerzenhalter in leuchtendem Gelb eine besondere Atmosph\u00e4re. Handgefertigt mit Pr\u00e4zision, pr\u00e4sentiert sich","robots":{"index":"index","follow":"follow","max-snippet":"max-snippet:-1","max-image-preview":"max-image-preview:large","max-video-preview":"max-video-preview:-1"},"canonical":"https:\/\/hubsch-interior.com\/de\/wp-json\/wp\/v2\/product\/976329","og_locale":"de_DE","og_type":"article","og_title":"Heir Kerzenhalter Gelb - H\u00fcbsch","og_description":"Verleihen Sie Ihrer Wohnung mit unserem Heir Kerzenhalter in leuchtendem Gelb eine besondere Atmosph\u00e4re. Handgefertigt mit Pr\u00e4zision, pr\u00e4sentiert sich","og_url":"https:\/\/hubsch-interior.com\/de\/produkt\/heir-kerzenhalter-gelb\/","og_site_name":"H\u00fcbsch","article_modified_time":"2026-04-09T02:39:03+00:00","og_image":[{"width":1200,"height":1200,"url":"https:\/\/hubsch-interior.com\/wp-content\/uploads\/2024\/01\/heir-candleholder-yellow-08cf2ca9a404775c28d9f32254c18362.jpg","type":"image\/jpeg"}],"twitter_card":"summary_large_image","schema":{"@context":"https:\/\/schema.org","@graph":[{"@type":"WebPage","@id":"https:\/\/hubsch-interior.com\/de\/produkt\/heir-kerzenhalter-gelb\/","url":"https:\/\/hubsch-interior.com\/de\/produkt\/heir-kerzenhalter-gelb\/","name":"Heir Kerzenhalter Gelb - H\u00fcbsch","isPartOf":{"@id":"https:\/\/hubsch-interior.com\/de\/#website"},"primaryImageOfPage":{"@id":"https:\/\/hubsch-interior.com\/de\/produkt\/heir-kerzenhalter-gelb\/#primaryimage"},"image":{"@id":"https:\/\/hubsch-interior.com\/de\/produkt\/heir-kerzenhalter-gelb\/#primaryimage"},"thumbnailUrl":"https:\/\/hubsch-interior.com\/wp-content\/uploads\/2026\/02\/heir-candleholder-yellow-16e0ee54015fe14853b3e15bd1c62d5a.jpg","datePublished":"2024-01-29T08:15:28+00:00","dateModified":"2026-04-09T02:39:03+00:00","description":"Verleihen Sie Ihrer Wohnung mit unserem Heir Kerzenhalter in leuchtendem Gelb eine besondere Atmosph\u00e4re. Handgefertigt mit Pr\u00e4zision, pr\u00e4sentiert sich","breadcrumb":{"@id":"https:\/\/hubsch-interior.com\/de\/produkt\/heir-kerzenhalter-gelb\/#breadcrumb"},"inLanguage":"de","potentialAction":[{"@type":"ReadAction","target":["https:\/\/hubsch-interior.com\/de\/produkt\/heir-kerzenhalter-gelb\/"]}]},{"@type":"ImageObject","inLanguage":"de","@id":"https:\/\/hubsch-interior.com\/de\/produkt\/heir-kerzenhalter-gelb\/#primaryimage","url":"https:\/\/hubsch-interior.com\/wp-content\/uploads\/2026\/02\/heir-candleholder-yellow-16e0ee54015fe14853b3e15bd1c62d5a.jpg","contentUrl":"https:\/\/hubsch-interior.com\/wp-content\/uploads\/2026\/02\/heir-candleholder-yellow-16e0ee54015fe14853b3e15bd1c62d5a.jpg","width":1024,"height":1024},{"@type":"BreadcrumbList","@id":"https:\/\/hubsch-interior.com\/de\/produkt\/heir-kerzenhalter-gelb\/#breadcrumb","itemListElement":[{"@type":"ListItem","position":1,"name":"Startseite","item":"https:\/\/hubsch-interior.com\/de\/"},{"@type":"ListItem","position":2,"name":"Produkte","item":"https:\/\/hubsch-interior.com\/de\/shop-2\/"},{"@type":"ListItem","position":3,"name":"Wohnaccessoires","item":"https:\/\/hubsch-interior.com\/de\/produkt-kategorie\/wohnaccessoires\/"},{"@type":"ListItem","position":4,"name":"Kerzenst&auml;nder &amp; Laternen","item":"https:\/\/hubsch-interior.com\/de\/produkt-kategorie\/wohnaccessoires\/kerzenstaender-laternen-de\/"},{"@type":"ListItem","position":5,"name":"Kerzenst&auml;nder","item":"https:\/\/hubsch-interior.com\/de\/produkt-kategorie\/wohnaccessoires\/kerzenstaender-laternen-de\/kerzenstaender-de\/"},{"@type":"ListItem","position":6,"name":"Heir Kerzenhalter Gelb"}]},{"@type":"WebSite","@id":"https:\/\/hubsch-interior.com\/de\/#website","url":"https:\/\/hubsch-interior.com\/de\/","name":"H\u00fcbsch","description":"Danish Home Interior and Design","publisher":{"@id":"https:\/\/hubsch-interior.com\/de\/#organization"},"potentialAction":[{"@type":"SearchAction","target":{"@type":"EntryPoint","urlTemplate":"https:\/\/hubsch-interior.com\/de\/?s={search_term_string}"},"query-input":{"@type":"PropertyValueSpecification","valueRequired":true,"valueName":"search_term_string"}}],"inLanguage":"de"},{"@type":"Organization","@id":"https:\/\/hubsch-interior.com\/de\/#organization","name":"H\u00fcbsch","url":"https:\/\/hubsch-interior.com\/de\/","logo":{"@type":"ImageObject","inLanguage":"de","@id":"https:\/\/hubsch-interior.com\/de\/#\/schema\/logo\/image\/","url":"https:\/\/hubsch-interior.com\/wp-content\/uploads\/2022\/12\/Hubsch_logo_black_one_line.svg","contentUrl":"https:\/\/hubsch-interior.com\/wp-content\/uploads\/2022\/12\/Hubsch_logo_black_one_line.svg","caption":"H\u00fcbsch"},"image":{"@id":"https:\/\/hubsch-interior.com\/de\/#\/schema\/logo\/image\/"}}]}},"_links":{"self":[{"href":"https:\/\/hubsch-interior.com\/de\/wp-json\/wp\/v2\/product\/976329","targetHints":{"allow":["GET"]}}],"collection":[{"href":"https:\/\/hubsch-interior.com\/de\/wp-json\/wp\/v2\/product"}],"about":[{"href":"https:\/\/hubsch-interior.com\/de\/wp-json\/wp\/v2\/types\/product"}],"wp:featuredmedia":[{"embeddable":true,"href":"https:\/\/hubsch-interior.com\/de\/wp-json\/wp\/v2\/media\/1099396"}],"wp:attachment":[{"href":"https:\/\/hubsch-interior.com\/de\/wp-json\/wp\/v2\/media?parent=976329"}],"wp:term":[{"taxonomy":"product_brand","embeddable":true,"href":"https:\/\/hubsch-interior.com\/de\/wp-json\/wp\/v2\/product_brand?post=976329"},{"taxonomy":"product_cat","embeddable":true,"href":"https:\/\/hubsch-interior.com\/de\/wp-json\/wp\/v2\/product_cat?post=976329"},{"taxonomy":"product_tag","embeddable":true,"href":"https:\/\/hubsch-interior.com\/de\/wp-json\/wp\/v2\/product_tag?post=976329"}],"curies":[{"name":"wp","href":"https:\/\/api.w.org\/{rel}","templated":true}]}}