{"id":976405,"date":"2024-01-29T09:16:08","date_gmt":"2024-01-29T08:16:08","guid":{"rendered":"https:\/\/hubsch-interior.com\/product\/product\/"},"modified":"2026-04-05T04:39:18","modified_gmt":"2026-04-05T02:39:18","slug":"heir-aufbewahrungsglas-medium-rosa","status":"publish","type":"product","link":"https:\/\/hubsch-interior.com\/de\/produkt\/heir-aufbewahrungsglas-medium-rosa\/","title":{"rendered":"Heir Aufbewahrungsglas Medium Rosa"},"content":{"rendered":"<p>Hier stellen wir Ihnen das Heir Aufbewahrungsglas vor, die perfekte Erg\u00e4nzung f\u00fcr Ihre Wohnkultur! Erh\u00e4ltlich in einem entz\u00fcckenden Rosa-Ton, ist dieses Glasgef\u00e4\u00df sowohl funktional als auch stilvoll. Das Wirbelmuster in Pastellfarben verleiht jedem Raum eine elegante Note. Verwenden Sie es, um all Ihre Kleinigkeiten in Ordnung zu halten, sei es Ihre Lebensmittel oder Wohnaccessoires. Mit 3 Gr\u00f6\u00dfen und Farben zur Auswahl k\u00f6nnen Sie je nach pers\u00f6nlichem Stil kombinieren und anpassen. Leicht und f\u00fcr Lebensmittel zugelassen, ist dieses Glasgef\u00e4\u00df ein Muss f\u00fcr jeden Haushalt. Halten Sie Ihre Habseligkeiten organisiert und sch\u00f6n pr\u00e4sentiert mit dem Heir Aufbewahrungsglas.<\/p>\n","protected":false},"excerpt":{"rendered":"<p>Hier stellen wir Ihnen das Heir Aufbewahrungsglas vor, die perfekte Erg\u00e4nzung f\u00fcr Ihre Wohnkultur! Erh\u00e4ltlich in einem entz\u00fcckenden Rosa-Ton, ist dieses Glasgef\u00e4\u00df sowohl funktional als auch stilvoll. Das Wirbelmuster in Pastellfarben verleiht jedem Raum eine elegante Note. Verwenden Sie es, um all Ihre Kleinigkeiten in Ordnung zu halten, sei es Ihre Lebensmittel oder Wohnaccessoires. Mit [&hellip;]<\/p>\n","protected":false},"featured_media":1099448,"template":"","meta":{"_acf_changed":false,"inline_featured_image":false},"product_brand":[],"product_cat":[3111,4933,3429,6884,7048,4055,6972,6519],"product_tag":[],"class_list":{"0":"post-976405","1":"product","2":"type-product","3":"status-publish","4":"has-post-thumbnail","6":"product_cat-aufbewahrung-de","7":"product_cat-aufbewahrungsglaeser-de","8":"product_cat-behaelter-de","9":"product_cat-elevating-nostalgia-de","10":"product_cat-kuechenaufbewahrung-de","11":"product_cat-kuechenzubehoer-de","12":"product_cat-oster-sale","13":"product_cat-outlet-de","14":"product_shipping_class-pk","16":"pa_color-rosa-de","17":"pa_material-glas-de","19":"first","20":"instock","21":"sale","22":"taxable","23":"shipping-taxable","24":"purchasable","25":"product-type-simple"},"exclude_global_add_ons":[],"addons":[],"acf":[],"yoast_head":"<!-- This site is optimized with the Yoast SEO plugin v26.4 - https:\/\/yoast.com\/wordpress\/plugins\/seo\/ -->\n<title>Heir Aufbewahrungsglas Medium Rosa - H\u00fcbsch<\/title>\n<meta name=\"description\" content=\"Hier stellen wir Ihnen das Heir Aufbewahrungsglas vor, die perfekte Erg\u00e4nzung f\u00fcr Ihre Wohnkultur! Erh\u00e4ltlich in einem entz\u00fcckenden Rosa-Ton, ist dieses\" \/>\n<meta name=\"robots\" content=\"index, follow, max-snippet:-1, max-image-preview:large, max-video-preview:-1\" \/>\n<link rel=\"canonical\" href=\"https:\/\/hubsch-interior.com\/de\/wp-json\/wp\/v2\/product\/976405\" \/>\n<meta property=\"og:locale\" content=\"de_DE\" \/>\n<meta property=\"og:type\" content=\"article\" \/>\n<meta property=\"og:title\" content=\"Heir Aufbewahrungsglas Medium Rosa - H\u00fcbsch\" \/>\n<meta property=\"og:description\" content=\"Hier stellen wir Ihnen das Heir Aufbewahrungsglas vor, die perfekte Erg\u00e4nzung f\u00fcr Ihre Wohnkultur! Erh\u00e4ltlich in einem entz\u00fcckenden Rosa-Ton, ist dieses\" \/>\n<meta property=\"og:url\" content=\"https:\/\/hubsch-interior.com\/de\/produkt\/heir-aufbewahrungsglas-medium-rosa\/\" \/>\n<meta property=\"og:site_name\" content=\"H\u00fcbsch\" \/>\n<meta property=\"article:modified_time\" content=\"2026-04-05T02:39:18+00:00\" \/>\n<meta property=\"og:image\" content=\"https:\/\/hubsch-interior.com\/wp-content\/uploads\/2024\/01\/heir-storage-jar-medium-pink-7dabcbfbe7aa4cd8f94d2217ff291608.jpg\" \/>\n\t<meta property=\"og:image:width\" content=\"1200\" \/>\n\t<meta property=\"og:image:height\" content=\"1200\" \/>\n\t<meta property=\"og:image:type\" content=\"image\/jpeg\" \/>\n<meta name=\"twitter:card\" content=\"summary_large_image\" \/>\n<meta name=\"twitter:label1\" content=\"Gesch\u00e4tzte Lesezeit\" \/>\n\t<meta name=\"twitter:data1\" content=\"1\u00a0Minute\" \/>\n<script type=\"application\/ld+json\" class=\"yoast-schema-graph\">{\"@context\":\"https:\/\/schema.org\",\"@graph\":[{\"@type\":\"WebPage\",\"@id\":\"https:\/\/hubsch-interior.com\/de\/produkt\/heir-aufbewahrungsglas-medium-rosa\/\",\"url\":\"https:\/\/hubsch-interior.com\/de\/produkt\/heir-aufbewahrungsglas-medium-rosa\/\",\"name\":\"Heir Aufbewahrungsglas Medium Rosa - H\u00fcbsch\",\"isPartOf\":{\"@id\":\"https:\/\/hubsch-interior.com\/de\/#website\"},\"primaryImageOfPage\":{\"@id\":\"https:\/\/hubsch-interior.com\/de\/produkt\/heir-aufbewahrungsglas-medium-rosa\/#primaryimage\"},\"image\":{\"@id\":\"https:\/\/hubsch-interior.com\/de\/produkt\/heir-aufbewahrungsglas-medium-rosa\/#primaryimage\"},\"thumbnailUrl\":\"https:\/\/hubsch-interior.com\/wp-content\/uploads\/2026\/02\/heir-storage-jar-medium-pink-30f82e7ab65be2432e82be776c505d50.jpg\",\"datePublished\":\"2024-01-29T08:16:08+00:00\",\"dateModified\":\"2026-04-05T02:39:18+00:00\",\"description\":\"Hier stellen wir Ihnen das Heir Aufbewahrungsglas vor, die perfekte Erg\u00e4nzung f\u00fcr Ihre Wohnkultur! Erh\u00e4ltlich in einem entz\u00fcckenden Rosa-Ton, ist dieses\",\"breadcrumb\":{\"@id\":\"https:\/\/hubsch-interior.com\/de\/produkt\/heir-aufbewahrungsglas-medium-rosa\/#breadcrumb\"},\"inLanguage\":\"de\",\"potentialAction\":[{\"@type\":\"ReadAction\",\"target\":[\"https:\/\/hubsch-interior.com\/de\/produkt\/heir-aufbewahrungsglas-medium-rosa\/\"]}]},{\"@type\":\"ImageObject\",\"inLanguage\":\"de\",\"@id\":\"https:\/\/hubsch-interior.com\/de\/produkt\/heir-aufbewahrungsglas-medium-rosa\/#primaryimage\",\"url\":\"https:\/\/hubsch-interior.com\/wp-content\/uploads\/2026\/02\/heir-storage-jar-medium-pink-30f82e7ab65be2432e82be776c505d50.jpg\",\"contentUrl\":\"https:\/\/hubsch-interior.com\/wp-content\/uploads\/2026\/02\/heir-storage-jar-medium-pink-30f82e7ab65be2432e82be776c505d50.jpg\",\"width\":1024,\"height\":1024},{\"@type\":\"BreadcrumbList\",\"@id\":\"https:\/\/hubsch-interior.com\/de\/produkt\/heir-aufbewahrungsglas-medium-rosa\/#breadcrumb\",\"itemListElement\":[{\"@type\":\"ListItem\",\"position\":1,\"name\":\"Startseite\",\"item\":\"https:\/\/hubsch-interior.com\/de\/\"},{\"@type\":\"ListItem\",\"position\":2,\"name\":\"Produkte\",\"item\":\"https:\/\/hubsch-interior.com\/de\/shop-2\/\"},{\"@type\":\"ListItem\",\"position\":3,\"name\":\"Wohnaccessoires\",\"item\":\"https:\/\/hubsch-interior.com\/de\/produkt-kategorie\/wohnaccessoires\/\"},{\"@type\":\"ListItem\",\"position\":4,\"name\":\"K&uuml;chenzubeh&ouml;r\",\"item\":\"https:\/\/hubsch-interior.com\/de\/produkt-kategorie\/wohnaccessoires\/kuechenzubehoer-de\/\"},{\"@type\":\"ListItem\",\"position\":5,\"name\":\"Aufbewahrungsgl&auml;ser\",\"item\":\"https:\/\/hubsch-interior.com\/de\/produkt-kategorie\/wohnaccessoires\/kuechenzubehoer-de\/aufbewahrungsglaeser-de\/\"},{\"@type\":\"ListItem\",\"position\":6,\"name\":\"Heir Aufbewahrungsglas Medium Rosa\"}]},{\"@type\":\"WebSite\",\"@id\":\"https:\/\/hubsch-interior.com\/de\/#website\",\"url\":\"https:\/\/hubsch-interior.com\/de\/\",\"name\":\"H\u00fcbsch\",\"description\":\"Danish Home Interior and Design\",\"publisher\":{\"@id\":\"https:\/\/hubsch-interior.com\/de\/#organization\"},\"potentialAction\":[{\"@type\":\"SearchAction\",\"target\":{\"@type\":\"EntryPoint\",\"urlTemplate\":\"https:\/\/hubsch-interior.com\/de\/?s={search_term_string}\"},\"query-input\":{\"@type\":\"PropertyValueSpecification\",\"valueRequired\":true,\"valueName\":\"search_term_string\"}}],\"inLanguage\":\"de\"},{\"@type\":\"Organization\",\"@id\":\"https:\/\/hubsch-interior.com\/de\/#organization\",\"name\":\"H\u00fcbsch\",\"url\":\"https:\/\/hubsch-interior.com\/de\/\",\"logo\":{\"@type\":\"ImageObject\",\"inLanguage\":\"de\",\"@id\":\"https:\/\/hubsch-interior.com\/de\/#\/schema\/logo\/image\/\",\"url\":\"https:\/\/hubsch-interior.com\/wp-content\/uploads\/2022\/12\/Hubsch_logo_black_one_line.svg\",\"contentUrl\":\"https:\/\/hubsch-interior.com\/wp-content\/uploads\/2022\/12\/Hubsch_logo_black_one_line.svg\",\"caption\":\"H\u00fcbsch\"},\"image\":{\"@id\":\"https:\/\/hubsch-interior.com\/de\/#\/schema\/logo\/image\/\"}}]}<\/script>\n<!-- \/ Yoast SEO plugin. -->","yoast_head_json":{"title":"Heir Aufbewahrungsglas Medium Rosa - H\u00fcbsch","description":"Hier stellen wir Ihnen das Heir Aufbewahrungsglas vor, die perfekte Erg\u00e4nzung f\u00fcr Ihre Wohnkultur! Erh\u00e4ltlich in einem entz\u00fcckenden Rosa-Ton, ist dieses","robots":{"index":"index","follow":"follow","max-snippet":"max-snippet:-1","max-image-preview":"max-image-preview:large","max-video-preview":"max-video-preview:-1"},"canonical":"https:\/\/hubsch-interior.com\/de\/wp-json\/wp\/v2\/product\/976405","og_locale":"de_DE","og_type":"article","og_title":"Heir Aufbewahrungsglas Medium Rosa - H\u00fcbsch","og_description":"Hier stellen wir Ihnen das Heir Aufbewahrungsglas vor, die perfekte Erg\u00e4nzung f\u00fcr Ihre Wohnkultur! Erh\u00e4ltlich in einem entz\u00fcckenden Rosa-Ton, ist dieses","og_url":"https:\/\/hubsch-interior.com\/de\/produkt\/heir-aufbewahrungsglas-medium-rosa\/","og_site_name":"H\u00fcbsch","article_modified_time":"2026-04-05T02:39:18+00:00","og_image":[{"width":1200,"height":1200,"url":"https:\/\/hubsch-interior.com\/wp-content\/uploads\/2024\/01\/heir-storage-jar-medium-pink-7dabcbfbe7aa4cd8f94d2217ff291608.jpg","type":"image\/jpeg"}],"twitter_card":"summary_large_image","twitter_misc":{"Gesch\u00e4tzte Lesezeit":"1\u00a0Minute"},"schema":{"@context":"https:\/\/schema.org","@graph":[{"@type":"WebPage","@id":"https:\/\/hubsch-interior.com\/de\/produkt\/heir-aufbewahrungsglas-medium-rosa\/","url":"https:\/\/hubsch-interior.com\/de\/produkt\/heir-aufbewahrungsglas-medium-rosa\/","name":"Heir Aufbewahrungsglas Medium Rosa - H\u00fcbsch","isPartOf":{"@id":"https:\/\/hubsch-interior.com\/de\/#website"},"primaryImageOfPage":{"@id":"https:\/\/hubsch-interior.com\/de\/produkt\/heir-aufbewahrungsglas-medium-rosa\/#primaryimage"},"image":{"@id":"https:\/\/hubsch-interior.com\/de\/produkt\/heir-aufbewahrungsglas-medium-rosa\/#primaryimage"},"thumbnailUrl":"https:\/\/hubsch-interior.com\/wp-content\/uploads\/2026\/02\/heir-storage-jar-medium-pink-30f82e7ab65be2432e82be776c505d50.jpg","datePublished":"2024-01-29T08:16:08+00:00","dateModified":"2026-04-05T02:39:18+00:00","description":"Hier stellen wir Ihnen das Heir Aufbewahrungsglas vor, die perfekte Erg\u00e4nzung f\u00fcr Ihre Wohnkultur! Erh\u00e4ltlich in einem entz\u00fcckenden Rosa-Ton, ist dieses","breadcrumb":{"@id":"https:\/\/hubsch-interior.com\/de\/produkt\/heir-aufbewahrungsglas-medium-rosa\/#breadcrumb"},"inLanguage":"de","potentialAction":[{"@type":"ReadAction","target":["https:\/\/hubsch-interior.com\/de\/produkt\/heir-aufbewahrungsglas-medium-rosa\/"]}]},{"@type":"ImageObject","inLanguage":"de","@id":"https:\/\/hubsch-interior.com\/de\/produkt\/heir-aufbewahrungsglas-medium-rosa\/#primaryimage","url":"https:\/\/hubsch-interior.com\/wp-content\/uploads\/2026\/02\/heir-storage-jar-medium-pink-30f82e7ab65be2432e82be776c505d50.jpg","contentUrl":"https:\/\/hubsch-interior.com\/wp-content\/uploads\/2026\/02\/heir-storage-jar-medium-pink-30f82e7ab65be2432e82be776c505d50.jpg","width":1024,"height":1024},{"@type":"BreadcrumbList","@id":"https:\/\/hubsch-interior.com\/de\/produkt\/heir-aufbewahrungsglas-medium-rosa\/#breadcrumb","itemListElement":[{"@type":"ListItem","position":1,"name":"Startseite","item":"https:\/\/hubsch-interior.com\/de\/"},{"@type":"ListItem","position":2,"name":"Produkte","item":"https:\/\/hubsch-interior.com\/de\/shop-2\/"},{"@type":"ListItem","position":3,"name":"Wohnaccessoires","item":"https:\/\/hubsch-interior.com\/de\/produkt-kategorie\/wohnaccessoires\/"},{"@type":"ListItem","position":4,"name":"K&uuml;chenzubeh&ouml;r","item":"https:\/\/hubsch-interior.com\/de\/produkt-kategorie\/wohnaccessoires\/kuechenzubehoer-de\/"},{"@type":"ListItem","position":5,"name":"Aufbewahrungsgl&auml;ser","item":"https:\/\/hubsch-interior.com\/de\/produkt-kategorie\/wohnaccessoires\/kuechenzubehoer-de\/aufbewahrungsglaeser-de\/"},{"@type":"ListItem","position":6,"name":"Heir Aufbewahrungsglas Medium Rosa"}]},{"@type":"WebSite","@id":"https:\/\/hubsch-interior.com\/de\/#website","url":"https:\/\/hubsch-interior.com\/de\/","name":"H\u00fcbsch","description":"Danish Home Interior and Design","publisher":{"@id":"https:\/\/hubsch-interior.com\/de\/#organization"},"potentialAction":[{"@type":"SearchAction","target":{"@type":"EntryPoint","urlTemplate":"https:\/\/hubsch-interior.com\/de\/?s={search_term_string}"},"query-input":{"@type":"PropertyValueSpecification","valueRequired":true,"valueName":"search_term_string"}}],"inLanguage":"de"},{"@type":"Organization","@id":"https:\/\/hubsch-interior.com\/de\/#organization","name":"H\u00fcbsch","url":"https:\/\/hubsch-interior.com\/de\/","logo":{"@type":"ImageObject","inLanguage":"de","@id":"https:\/\/hubsch-interior.com\/de\/#\/schema\/logo\/image\/","url":"https:\/\/hubsch-interior.com\/wp-content\/uploads\/2022\/12\/Hubsch_logo_black_one_line.svg","contentUrl":"https:\/\/hubsch-interior.com\/wp-content\/uploads\/2022\/12\/Hubsch_logo_black_one_line.svg","caption":"H\u00fcbsch"},"image":{"@id":"https:\/\/hubsch-interior.com\/de\/#\/schema\/logo\/image\/"}}]}},"_links":{"self":[{"href":"https:\/\/hubsch-interior.com\/de\/wp-json\/wp\/v2\/product\/976405","targetHints":{"allow":["GET"]}}],"collection":[{"href":"https:\/\/hubsch-interior.com\/de\/wp-json\/wp\/v2\/product"}],"about":[{"href":"https:\/\/hubsch-interior.com\/de\/wp-json\/wp\/v2\/types\/product"}],"wp:featuredmedia":[{"embeddable":true,"href":"https:\/\/hubsch-interior.com\/de\/wp-json\/wp\/v2\/media\/1099448"}],"wp:attachment":[{"href":"https:\/\/hubsch-interior.com\/de\/wp-json\/wp\/v2\/media?parent=976405"}],"wp:term":[{"taxonomy":"product_brand","embeddable":true,"href":"https:\/\/hubsch-interior.com\/de\/wp-json\/wp\/v2\/product_brand?post=976405"},{"taxonomy":"product_cat","embeddable":true,"href":"https:\/\/hubsch-interior.com\/de\/wp-json\/wp\/v2\/product_cat?post=976405"},{"taxonomy":"product_tag","embeddable":true,"href":"https:\/\/hubsch-interior.com\/de\/wp-json\/wp\/v2\/product_tag?post=976405"}],"curies":[{"name":"wp","href":"https:\/\/api.w.org\/{rel}","templated":true}]}}