{"id":976505,"date":"2024-01-29T09:18:31","date_gmt":"2024-01-29T08:18:31","guid":{"rendered":"https:\/\/hubsch-interior.com\/product\/product\/"},"modified":"2026-04-29T04:42:40","modified_gmt":"2026-04-29T02:42:40","slug":"mochi-pouf-sandfarben-multifarben","status":"publish","type":"product","link":"https:\/\/hubsch-interior.com\/de\/produkt\/mochi-pouf-sandfarben-multifarben\/","title":{"rendered":"Mochi Pouf Sandfarben\/\u00a0Multifarben"},"content":{"rendered":"<p>Wir pr\u00e4sentieren stolz unser neuestes Mitglied der Mochi Serie &#8211; der Mochi Pouf in Sand\/Mehrfarbig! Hergestellt aus weicher und strapazierf\u00e4higer Baumwolle, verleiht dieser Pouf jedem Raum einen Farbtupfer. Das gewebte Textil wurde sorgf\u00e4ltig entworfen, um ein visuell faszinierendes Muster zu schaffen, mit einer Kombination aus f\u00fcnf lebendigen Farben. Nicht nur ist er eine gro\u00dfe und bequeme Erg\u00e4nzung f\u00fcr Ihr Zuhause, sondern er dient auch als zus\u00e4tzlicher Sitzplatz oder als bequeme Fu\u00dfst\u00fctze. Bringen Sie eine Prise Gem\u00fctlichkeit in Ihren Wohnbereich mit dem Mochi Pouf.<\/p>\n","protected":false},"excerpt":{"rendered":"<p>Wir pr\u00e4sentieren stolz unser neuestes Mitglied der Mochi Serie &#8211; der Mochi Pouf in Sand\/Mehrfarbig! Hergestellt aus weicher und strapazierf\u00e4higer Baumwolle, verleiht dieser Pouf jedem Raum einen Farbtupfer. Das gewebte Textil wurde sorgf\u00e4ltig entworfen, um ein visuell faszinierendes Muster zu schaffen, mit einer Kombination aus f\u00fcnf lebendigen Farben. Nicht nur ist er eine gro\u00dfe und [&hellip;]<\/p>\n","protected":false},"featured_media":1100269,"template":"","meta":{"_acf_changed":false,"inline_featured_image":false},"product_brand":[],"product_cat":[6884,2845,5458,5027],"product_tag":[],"class_list":{"0":"post-976505","1":"product","2":"type-product","3":"status-publish","4":"has-post-thumbnail","6":"product_cat-elevating-nostalgia-de","7":"product_cat-sitzmoebel-de","8":"product_cat-poufs-de","9":"product_cat-bestsellers-de","10":"product_shipping_class-p05","12":"pa_color-sandfarben","13":"pa_color-multifarben-2","14":"pa_material-cotton-100-de","16":"first","17":"instock","18":"featured","19":"taxable","20":"shipping-taxable","21":"purchasable","22":"product-type-simple"},"exclude_global_add_ons":[],"addons":[],"acf":[],"yoast_head":"<!-- This site is optimized with the Yoast SEO plugin v26.4 - https:\/\/yoast.com\/wordpress\/plugins\/seo\/ -->\n<title>Mochi Pouf Sandfarben\/\u00a0Multifarben - H\u00fcbsch<\/title>\n<meta name=\"description\" content=\"Wir pr\u00e4sentieren stolz unser neuestes Mitglied der Mochi Serie - der Mochi Pouf in Sand\/Mehrfarbig! Hergestellt aus weicher und strapazierf\u00e4higer\" \/>\n<meta name=\"robots\" content=\"index, follow, max-snippet:-1, max-image-preview:large, max-video-preview:-1\" \/>\n<link rel=\"canonical\" href=\"https:\/\/hubsch-interior.com\/de\/wp-json\/wp\/v2\/product\/976505\" \/>\n<meta property=\"og:locale\" content=\"de_DE\" \/>\n<meta property=\"og:type\" content=\"article\" \/>\n<meta property=\"og:title\" content=\"Mochi Pouf Sandfarben\/\u00a0Multifarben - H\u00fcbsch\" \/>\n<meta property=\"og:description\" content=\"Wir pr\u00e4sentieren stolz unser neuestes Mitglied der Mochi Serie - der Mochi Pouf in Sand\/Mehrfarbig! Hergestellt aus weicher und strapazierf\u00e4higer\" \/>\n<meta property=\"og:url\" content=\"https:\/\/hubsch-interior.com\/de\/produkt\/mochi-pouf-sandfarben-multifarben\/\" \/>\n<meta property=\"og:site_name\" content=\"H\u00fcbsch\" \/>\n<meta property=\"article:modified_time\" content=\"2026-04-29T02:42:40+00:00\" \/>\n<meta property=\"og:image\" content=\"https:\/\/hubsch-interior.com\/wp-content\/uploads\/2024\/01\/mochi-pouffe-sandmulticolour-7b9ea413891774ef29f05d0a026c644d.jpg\" \/>\n\t<meta property=\"og:image:width\" content=\"1200\" \/>\n\t<meta property=\"og:image:height\" content=\"1200\" \/>\n\t<meta property=\"og:image:type\" content=\"image\/jpeg\" \/>\n<meta name=\"twitter:card\" content=\"summary_large_image\" \/>\n<script type=\"application\/ld+json\" class=\"yoast-schema-graph\">{\"@context\":\"https:\/\/schema.org\",\"@graph\":[{\"@type\":\"WebPage\",\"@id\":\"https:\/\/hubsch-interior.com\/de\/produkt\/mochi-pouf-sandfarben-multifarben\/\",\"url\":\"https:\/\/hubsch-interior.com\/de\/produkt\/mochi-pouf-sandfarben-multifarben\/\",\"name\":\"Mochi Pouf Sandfarben\/\u00a0Multifarben - H\u00fcbsch\",\"isPartOf\":{\"@id\":\"https:\/\/hubsch-interior.com\/de\/#website\"},\"primaryImageOfPage\":{\"@id\":\"https:\/\/hubsch-interior.com\/de\/produkt\/mochi-pouf-sandfarben-multifarben\/#primaryimage\"},\"image\":{\"@id\":\"https:\/\/hubsch-interior.com\/de\/produkt\/mochi-pouf-sandfarben-multifarben\/#primaryimage\"},\"thumbnailUrl\":\"https:\/\/hubsch-interior.com\/wp-content\/uploads\/2026\/02\/mochi-pouffe-sandmulticolour-bfe4e493c62de4b9b15d5c2dbf7218b3.jpg\",\"datePublished\":\"2024-01-29T08:18:31+00:00\",\"dateModified\":\"2026-04-29T02:42:40+00:00\",\"description\":\"Wir pr\u00e4sentieren stolz unser neuestes Mitglied der Mochi Serie - der Mochi Pouf in Sand\/Mehrfarbig! Hergestellt aus weicher und strapazierf\u00e4higer\",\"breadcrumb\":{\"@id\":\"https:\/\/hubsch-interior.com\/de\/produkt\/mochi-pouf-sandfarben-multifarben\/#breadcrumb\"},\"inLanguage\":\"de\",\"potentialAction\":[{\"@type\":\"ReadAction\",\"target\":[\"https:\/\/hubsch-interior.com\/de\/produkt\/mochi-pouf-sandfarben-multifarben\/\"]}]},{\"@type\":\"ImageObject\",\"inLanguage\":\"de\",\"@id\":\"https:\/\/hubsch-interior.com\/de\/produkt\/mochi-pouf-sandfarben-multifarben\/#primaryimage\",\"url\":\"https:\/\/hubsch-interior.com\/wp-content\/uploads\/2026\/02\/mochi-pouffe-sandmulticolour-bfe4e493c62de4b9b15d5c2dbf7218b3.jpg\",\"contentUrl\":\"https:\/\/hubsch-interior.com\/wp-content\/uploads\/2026\/02\/mochi-pouffe-sandmulticolour-bfe4e493c62de4b9b15d5c2dbf7218b3.jpg\",\"width\":1024,\"height\":1024},{\"@type\":\"BreadcrumbList\",\"@id\":\"https:\/\/hubsch-interior.com\/de\/produkt\/mochi-pouf-sandfarben-multifarben\/#breadcrumb\",\"itemListElement\":[{\"@type\":\"ListItem\",\"position\":1,\"name\":\"Startseite\",\"item\":\"https:\/\/hubsch-interior.com\/de\/\"},{\"@type\":\"ListItem\",\"position\":2,\"name\":\"Produkte\",\"item\":\"https:\/\/hubsch-interior.com\/de\/shop-2\/\"},{\"@type\":\"ListItem\",\"position\":3,\"name\":\"M\u00f6bel\",\"item\":\"https:\/\/hubsch-interior.com\/de\/produkt-kategorie\/moebel\/\"},{\"@type\":\"ListItem\",\"position\":4,\"name\":\"Sitzm&ouml;bel\",\"item\":\"https:\/\/hubsch-interior.com\/de\/produkt-kategorie\/moebel\/sitzmoebel-de\/\"},{\"@type\":\"ListItem\",\"position\":5,\"name\":\"Poufs\",\"item\":\"https:\/\/hubsch-interior.com\/de\/produkt-kategorie\/moebel\/sitzmoebel-de\/poufs-de\/\"},{\"@type\":\"ListItem\",\"position\":6,\"name\":\"Mochi Pouf Sandfarben\/\u00a0Multifarben\"}]},{\"@type\":\"WebSite\",\"@id\":\"https:\/\/hubsch-interior.com\/de\/#website\",\"url\":\"https:\/\/hubsch-interior.com\/de\/\",\"name\":\"H\u00fcbsch\",\"description\":\"Danish Home Interior and Design\",\"publisher\":{\"@id\":\"https:\/\/hubsch-interior.com\/de\/#organization\"},\"potentialAction\":[{\"@type\":\"SearchAction\",\"target\":{\"@type\":\"EntryPoint\",\"urlTemplate\":\"https:\/\/hubsch-interior.com\/de\/?s={search_term_string}\"},\"query-input\":{\"@type\":\"PropertyValueSpecification\",\"valueRequired\":true,\"valueName\":\"search_term_string\"}}],\"inLanguage\":\"de\"},{\"@type\":\"Organization\",\"@id\":\"https:\/\/hubsch-interior.com\/de\/#organization\",\"name\":\"H\u00fcbsch\",\"url\":\"https:\/\/hubsch-interior.com\/de\/\",\"logo\":{\"@type\":\"ImageObject\",\"inLanguage\":\"de\",\"@id\":\"https:\/\/hubsch-interior.com\/de\/#\/schema\/logo\/image\/\",\"url\":\"https:\/\/hubsch-interior.com\/wp-content\/uploads\/2022\/12\/Hubsch_logo_black_one_line.svg\",\"contentUrl\":\"https:\/\/hubsch-interior.com\/wp-content\/uploads\/2022\/12\/Hubsch_logo_black_one_line.svg\",\"caption\":\"H\u00fcbsch\"},\"image\":{\"@id\":\"https:\/\/hubsch-interior.com\/de\/#\/schema\/logo\/image\/\"}}]}<\/script>\n<!-- \/ Yoast SEO plugin. -->","yoast_head_json":{"title":"Mochi Pouf Sandfarben\/\u00a0Multifarben - H\u00fcbsch","description":"Wir pr\u00e4sentieren stolz unser neuestes Mitglied der Mochi Serie - der Mochi Pouf in Sand\/Mehrfarbig! Hergestellt aus weicher und strapazierf\u00e4higer","robots":{"index":"index","follow":"follow","max-snippet":"max-snippet:-1","max-image-preview":"max-image-preview:large","max-video-preview":"max-video-preview:-1"},"canonical":"https:\/\/hubsch-interior.com\/de\/wp-json\/wp\/v2\/product\/976505","og_locale":"de_DE","og_type":"article","og_title":"Mochi Pouf Sandfarben\/\u00a0Multifarben - H\u00fcbsch","og_description":"Wir pr\u00e4sentieren stolz unser neuestes Mitglied der Mochi Serie - der Mochi Pouf in Sand\/Mehrfarbig! Hergestellt aus weicher und strapazierf\u00e4higer","og_url":"https:\/\/hubsch-interior.com\/de\/produkt\/mochi-pouf-sandfarben-multifarben\/","og_site_name":"H\u00fcbsch","article_modified_time":"2026-04-29T02:42:40+00:00","og_image":[{"width":1200,"height":1200,"url":"https:\/\/hubsch-interior.com\/wp-content\/uploads\/2024\/01\/mochi-pouffe-sandmulticolour-7b9ea413891774ef29f05d0a026c644d.jpg","type":"image\/jpeg"}],"twitter_card":"summary_large_image","schema":{"@context":"https:\/\/schema.org","@graph":[{"@type":"WebPage","@id":"https:\/\/hubsch-interior.com\/de\/produkt\/mochi-pouf-sandfarben-multifarben\/","url":"https:\/\/hubsch-interior.com\/de\/produkt\/mochi-pouf-sandfarben-multifarben\/","name":"Mochi Pouf Sandfarben\/\u00a0Multifarben - H\u00fcbsch","isPartOf":{"@id":"https:\/\/hubsch-interior.com\/de\/#website"},"primaryImageOfPage":{"@id":"https:\/\/hubsch-interior.com\/de\/produkt\/mochi-pouf-sandfarben-multifarben\/#primaryimage"},"image":{"@id":"https:\/\/hubsch-interior.com\/de\/produkt\/mochi-pouf-sandfarben-multifarben\/#primaryimage"},"thumbnailUrl":"https:\/\/hubsch-interior.com\/wp-content\/uploads\/2026\/02\/mochi-pouffe-sandmulticolour-bfe4e493c62de4b9b15d5c2dbf7218b3.jpg","datePublished":"2024-01-29T08:18:31+00:00","dateModified":"2026-04-29T02:42:40+00:00","description":"Wir pr\u00e4sentieren stolz unser neuestes Mitglied der Mochi Serie - der Mochi Pouf in Sand\/Mehrfarbig! Hergestellt aus weicher und strapazierf\u00e4higer","breadcrumb":{"@id":"https:\/\/hubsch-interior.com\/de\/produkt\/mochi-pouf-sandfarben-multifarben\/#breadcrumb"},"inLanguage":"de","potentialAction":[{"@type":"ReadAction","target":["https:\/\/hubsch-interior.com\/de\/produkt\/mochi-pouf-sandfarben-multifarben\/"]}]},{"@type":"ImageObject","inLanguage":"de","@id":"https:\/\/hubsch-interior.com\/de\/produkt\/mochi-pouf-sandfarben-multifarben\/#primaryimage","url":"https:\/\/hubsch-interior.com\/wp-content\/uploads\/2026\/02\/mochi-pouffe-sandmulticolour-bfe4e493c62de4b9b15d5c2dbf7218b3.jpg","contentUrl":"https:\/\/hubsch-interior.com\/wp-content\/uploads\/2026\/02\/mochi-pouffe-sandmulticolour-bfe4e493c62de4b9b15d5c2dbf7218b3.jpg","width":1024,"height":1024},{"@type":"BreadcrumbList","@id":"https:\/\/hubsch-interior.com\/de\/produkt\/mochi-pouf-sandfarben-multifarben\/#breadcrumb","itemListElement":[{"@type":"ListItem","position":1,"name":"Startseite","item":"https:\/\/hubsch-interior.com\/de\/"},{"@type":"ListItem","position":2,"name":"Produkte","item":"https:\/\/hubsch-interior.com\/de\/shop-2\/"},{"@type":"ListItem","position":3,"name":"M\u00f6bel","item":"https:\/\/hubsch-interior.com\/de\/produkt-kategorie\/moebel\/"},{"@type":"ListItem","position":4,"name":"Sitzm&ouml;bel","item":"https:\/\/hubsch-interior.com\/de\/produkt-kategorie\/moebel\/sitzmoebel-de\/"},{"@type":"ListItem","position":5,"name":"Poufs","item":"https:\/\/hubsch-interior.com\/de\/produkt-kategorie\/moebel\/sitzmoebel-de\/poufs-de\/"},{"@type":"ListItem","position":6,"name":"Mochi Pouf Sandfarben\/\u00a0Multifarben"}]},{"@type":"WebSite","@id":"https:\/\/hubsch-interior.com\/de\/#website","url":"https:\/\/hubsch-interior.com\/de\/","name":"H\u00fcbsch","description":"Danish Home Interior and Design","publisher":{"@id":"https:\/\/hubsch-interior.com\/de\/#organization"},"potentialAction":[{"@type":"SearchAction","target":{"@type":"EntryPoint","urlTemplate":"https:\/\/hubsch-interior.com\/de\/?s={search_term_string}"},"query-input":{"@type":"PropertyValueSpecification","valueRequired":true,"valueName":"search_term_string"}}],"inLanguage":"de"},{"@type":"Organization","@id":"https:\/\/hubsch-interior.com\/de\/#organization","name":"H\u00fcbsch","url":"https:\/\/hubsch-interior.com\/de\/","logo":{"@type":"ImageObject","inLanguage":"de","@id":"https:\/\/hubsch-interior.com\/de\/#\/schema\/logo\/image\/","url":"https:\/\/hubsch-interior.com\/wp-content\/uploads\/2022\/12\/Hubsch_logo_black_one_line.svg","contentUrl":"https:\/\/hubsch-interior.com\/wp-content\/uploads\/2022\/12\/Hubsch_logo_black_one_line.svg","caption":"H\u00fcbsch"},"image":{"@id":"https:\/\/hubsch-interior.com\/de\/#\/schema\/logo\/image\/"}}]}},"_links":{"self":[{"href":"https:\/\/hubsch-interior.com\/de\/wp-json\/wp\/v2\/product\/976505","targetHints":{"allow":["GET"]}}],"collection":[{"href":"https:\/\/hubsch-interior.com\/de\/wp-json\/wp\/v2\/product"}],"about":[{"href":"https:\/\/hubsch-interior.com\/de\/wp-json\/wp\/v2\/types\/product"}],"wp:featuredmedia":[{"embeddable":true,"href":"https:\/\/hubsch-interior.com\/de\/wp-json\/wp\/v2\/media\/1100269"}],"wp:attachment":[{"href":"https:\/\/hubsch-interior.com\/de\/wp-json\/wp\/v2\/media?parent=976505"}],"wp:term":[{"taxonomy":"product_brand","embeddable":true,"href":"https:\/\/hubsch-interior.com\/de\/wp-json\/wp\/v2\/product_brand?post=976505"},{"taxonomy":"product_cat","embeddable":true,"href":"https:\/\/hubsch-interior.com\/de\/wp-json\/wp\/v2\/product_cat?post=976505"},{"taxonomy":"product_tag","embeddable":true,"href":"https:\/\/hubsch-interior.com\/de\/wp-json\/wp\/v2\/product_tag?post=976505"}],"curies":[{"name":"wp","href":"https:\/\/api.w.org\/{rel}","templated":true}]}}