{"id":976533,"date":"2024-01-29T09:18:42","date_gmt":"2024-01-29T08:18:42","guid":{"rendered":"https:\/\/hubsch-interior.com\/product\/product\/"},"modified":"2026-04-11T04:39:59","modified_gmt":"2026-04-11T02:39:59","slug":"mochi-pouf-blau-multifarben","status":"publish","type":"product","link":"https:\/\/hubsch-interior.com\/de\/produkt\/mochi-pouf-blau-multifarben\/","title":{"rendered":"Mochi Pouf Blau\/\u00a0Multifarben"},"content":{"rendered":"<p>Wir stellen vor: Der Mochi Pouf in Blau\/Mehrfarben, die neueste Erg\u00e4nzung unserer beliebten Mochi Serie. Hergestellt aus weichem Baumwollmaterial, ist dieser Pouf die perfekte Kombination aus Komfort und Stil. Erh\u00e4ltlich in 5 verschiedenen Varianten, zeichnet sich dieses Modell durch ein wundersch\u00f6nes gewebtes Textil in Blau und Multicolor aus, das ein beeindruckendes Muster ergibt. Nutzen Sie ihn als zus\u00e4tzliche Sitzgelegenheit oder bequemen Fu\u00dfhocker, dieser Pouf ist gro\u00df und gem\u00fctlich und somit eine behagliche Erg\u00e4nzung f\u00fcr jedes Zuhause. Bringen Sie mit dem Mochi Pouf etwas Farbe in Ihren Wohnbereich.<\/p>\n","protected":false},"excerpt":{"rendered":"<p>Wir stellen vor: Der Mochi Pouf in Blau\/Mehrfarben, die neueste Erg\u00e4nzung unserer beliebten Mochi Serie. Hergestellt aus weichem Baumwollmaterial, ist dieser Pouf die perfekte Kombination aus Komfort und Stil. Erh\u00e4ltlich in 5 verschiedenen Varianten, zeichnet sich dieses Modell durch ein wundersch\u00f6nes gewebtes Textil in Blau und Multicolor aus, das ein beeindruckendes Muster ergibt. Nutzen Sie [&hellip;]<\/p>\n","protected":false},"featured_media":1100285,"template":"","meta":{"_acf_changed":false,"inline_featured_image":false},"product_brand":[],"product_cat":[6884,2845,5458,5027,5031],"product_tag":[],"class_list":{"0":"post-976533","1":"product","2":"type-product","3":"status-publish","4":"has-post-thumbnail","6":"product_cat-elevating-nostalgia-de","7":"product_cat-sitzmoebel-de","8":"product_cat-poufs-de","9":"product_cat-bestsellers-de","10":"product_cat-wieder-auf-lager-de","11":"product_shipping_class-p05","13":"pa_color-multifarben-2","14":"pa_color-blau-2","15":"pa_material-cotton-100-de","17":"first","18":"instock","19":"featured","20":"taxable","21":"shipping-taxable","22":"purchasable","23":"product-type-simple"},"exclude_global_add_ons":[],"addons":[],"acf":[],"yoast_head":"<!-- This site is optimized with the Yoast SEO plugin v26.4 - https:\/\/yoast.com\/wordpress\/plugins\/seo\/ -->\n<title>Mochi Pouf Blau\/\u00a0Multifarben - H\u00fcbsch<\/title>\n<meta name=\"description\" content=\"Wir stellen vor: Der Mochi Pouf in Blau\/Mehrfarben, die neueste Erg\u00e4nzung unserer beliebten Mochi Serie. Hergestellt aus weichem Baumwollmaterial, ist\" \/>\n<meta name=\"robots\" content=\"index, follow, max-snippet:-1, max-image-preview:large, max-video-preview:-1\" \/>\n<link rel=\"canonical\" href=\"https:\/\/hubsch-interior.com\/de\/wp-json\/wp\/v2\/product\/976533\" \/>\n<meta property=\"og:locale\" content=\"de_DE\" \/>\n<meta property=\"og:type\" content=\"article\" \/>\n<meta property=\"og:title\" content=\"Mochi Pouf Blau\/\u00a0Multifarben - H\u00fcbsch\" \/>\n<meta property=\"og:description\" content=\"Wir stellen vor: Der Mochi Pouf in Blau\/Mehrfarben, die neueste Erg\u00e4nzung unserer beliebten Mochi Serie. Hergestellt aus weichem Baumwollmaterial, ist\" \/>\n<meta property=\"og:url\" content=\"https:\/\/hubsch-interior.com\/de\/produkt\/mochi-pouf-blau-multifarben\/\" \/>\n<meta property=\"og:site_name\" content=\"H\u00fcbsch\" \/>\n<meta property=\"article:modified_time\" content=\"2026-04-11T02:39:59+00:00\" \/>\n<meta property=\"og:image\" content=\"https:\/\/hubsch-interior.com\/wp-content\/uploads\/2024\/01\/mochi-pouffe-bluemulticolour-49b6dc609bab4923efe820d4bc67140f.jpg\" \/>\n\t<meta property=\"og:image:width\" content=\"1200\" \/>\n\t<meta property=\"og:image:height\" content=\"1200\" \/>\n\t<meta property=\"og:image:type\" content=\"image\/jpeg\" \/>\n<meta name=\"twitter:card\" content=\"summary_large_image\" \/>\n<script type=\"application\/ld+json\" class=\"yoast-schema-graph\">{\"@context\":\"https:\/\/schema.org\",\"@graph\":[{\"@type\":\"WebPage\",\"@id\":\"https:\/\/hubsch-interior.com\/de\/produkt\/mochi-pouf-blau-multifarben\/\",\"url\":\"https:\/\/hubsch-interior.com\/de\/produkt\/mochi-pouf-blau-multifarben\/\",\"name\":\"Mochi Pouf Blau\/\u00a0Multifarben - H\u00fcbsch\",\"isPartOf\":{\"@id\":\"https:\/\/hubsch-interior.com\/de\/#website\"},\"primaryImageOfPage\":{\"@id\":\"https:\/\/hubsch-interior.com\/de\/produkt\/mochi-pouf-blau-multifarben\/#primaryimage\"},\"image\":{\"@id\":\"https:\/\/hubsch-interior.com\/de\/produkt\/mochi-pouf-blau-multifarben\/#primaryimage\"},\"thumbnailUrl\":\"https:\/\/hubsch-interior.com\/wp-content\/uploads\/2026\/02\/mochi-pouffe-bluemulticolour-329a0ba77a1aa96ab573766d27bfc83f.jpg\",\"datePublished\":\"2024-01-29T08:18:42+00:00\",\"dateModified\":\"2026-04-11T02:39:59+00:00\",\"description\":\"Wir stellen vor: Der Mochi Pouf in Blau\/Mehrfarben, die neueste Erg\u00e4nzung unserer beliebten Mochi Serie. Hergestellt aus weichem Baumwollmaterial, ist\",\"breadcrumb\":{\"@id\":\"https:\/\/hubsch-interior.com\/de\/produkt\/mochi-pouf-blau-multifarben\/#breadcrumb\"},\"inLanguage\":\"de\",\"potentialAction\":[{\"@type\":\"ReadAction\",\"target\":[\"https:\/\/hubsch-interior.com\/de\/produkt\/mochi-pouf-blau-multifarben\/\"]}]},{\"@type\":\"ImageObject\",\"inLanguage\":\"de\",\"@id\":\"https:\/\/hubsch-interior.com\/de\/produkt\/mochi-pouf-blau-multifarben\/#primaryimage\",\"url\":\"https:\/\/hubsch-interior.com\/wp-content\/uploads\/2026\/02\/mochi-pouffe-bluemulticolour-329a0ba77a1aa96ab573766d27bfc83f.jpg\",\"contentUrl\":\"https:\/\/hubsch-interior.com\/wp-content\/uploads\/2026\/02\/mochi-pouffe-bluemulticolour-329a0ba77a1aa96ab573766d27bfc83f.jpg\",\"width\":1024,\"height\":1024},{\"@type\":\"BreadcrumbList\",\"@id\":\"https:\/\/hubsch-interior.com\/de\/produkt\/mochi-pouf-blau-multifarben\/#breadcrumb\",\"itemListElement\":[{\"@type\":\"ListItem\",\"position\":1,\"name\":\"Startseite\",\"item\":\"https:\/\/hubsch-interior.com\/de\/\"},{\"@type\":\"ListItem\",\"position\":2,\"name\":\"Produkte\",\"item\":\"https:\/\/hubsch-interior.com\/de\/shop-2\/\"},{\"@type\":\"ListItem\",\"position\":3,\"name\":\"M\u00f6bel\",\"item\":\"https:\/\/hubsch-interior.com\/de\/produkt-kategorie\/moebel\/\"},{\"@type\":\"ListItem\",\"position\":4,\"name\":\"Sitzm&ouml;bel\",\"item\":\"https:\/\/hubsch-interior.com\/de\/produkt-kategorie\/moebel\/sitzmoebel-de\/\"},{\"@type\":\"ListItem\",\"position\":5,\"name\":\"Poufs\",\"item\":\"https:\/\/hubsch-interior.com\/de\/produkt-kategorie\/moebel\/sitzmoebel-de\/poufs-de\/\"},{\"@type\":\"ListItem\",\"position\":6,\"name\":\"Mochi Pouf Blau\/\u00a0Multifarben\"}]},{\"@type\":\"WebSite\",\"@id\":\"https:\/\/hubsch-interior.com\/de\/#website\",\"url\":\"https:\/\/hubsch-interior.com\/de\/\",\"name\":\"H\u00fcbsch\",\"description\":\"Danish Home Interior and Design\",\"publisher\":{\"@id\":\"https:\/\/hubsch-interior.com\/de\/#organization\"},\"potentialAction\":[{\"@type\":\"SearchAction\",\"target\":{\"@type\":\"EntryPoint\",\"urlTemplate\":\"https:\/\/hubsch-interior.com\/de\/?s={search_term_string}\"},\"query-input\":{\"@type\":\"PropertyValueSpecification\",\"valueRequired\":true,\"valueName\":\"search_term_string\"}}],\"inLanguage\":\"de\"},{\"@type\":\"Organization\",\"@id\":\"https:\/\/hubsch-interior.com\/de\/#organization\",\"name\":\"H\u00fcbsch\",\"url\":\"https:\/\/hubsch-interior.com\/de\/\",\"logo\":{\"@type\":\"ImageObject\",\"inLanguage\":\"de\",\"@id\":\"https:\/\/hubsch-interior.com\/de\/#\/schema\/logo\/image\/\",\"url\":\"https:\/\/hubsch-interior.com\/wp-content\/uploads\/2022\/12\/Hubsch_logo_black_one_line.svg\",\"contentUrl\":\"https:\/\/hubsch-interior.com\/wp-content\/uploads\/2022\/12\/Hubsch_logo_black_one_line.svg\",\"caption\":\"H\u00fcbsch\"},\"image\":{\"@id\":\"https:\/\/hubsch-interior.com\/de\/#\/schema\/logo\/image\/\"}}]}<\/script>\n<!-- \/ Yoast SEO plugin. -->","yoast_head_json":{"title":"Mochi Pouf Blau\/\u00a0Multifarben - H\u00fcbsch","description":"Wir stellen vor: Der Mochi Pouf in Blau\/Mehrfarben, die neueste Erg\u00e4nzung unserer beliebten Mochi Serie. Hergestellt aus weichem Baumwollmaterial, ist","robots":{"index":"index","follow":"follow","max-snippet":"max-snippet:-1","max-image-preview":"max-image-preview:large","max-video-preview":"max-video-preview:-1"},"canonical":"https:\/\/hubsch-interior.com\/de\/wp-json\/wp\/v2\/product\/976533","og_locale":"de_DE","og_type":"article","og_title":"Mochi Pouf Blau\/\u00a0Multifarben - H\u00fcbsch","og_description":"Wir stellen vor: Der Mochi Pouf in Blau\/Mehrfarben, die neueste Erg\u00e4nzung unserer beliebten Mochi Serie. Hergestellt aus weichem Baumwollmaterial, ist","og_url":"https:\/\/hubsch-interior.com\/de\/produkt\/mochi-pouf-blau-multifarben\/","og_site_name":"H\u00fcbsch","article_modified_time":"2026-04-11T02:39:59+00:00","og_image":[{"width":1200,"height":1200,"url":"https:\/\/hubsch-interior.com\/wp-content\/uploads\/2024\/01\/mochi-pouffe-bluemulticolour-49b6dc609bab4923efe820d4bc67140f.jpg","type":"image\/jpeg"}],"twitter_card":"summary_large_image","schema":{"@context":"https:\/\/schema.org","@graph":[{"@type":"WebPage","@id":"https:\/\/hubsch-interior.com\/de\/produkt\/mochi-pouf-blau-multifarben\/","url":"https:\/\/hubsch-interior.com\/de\/produkt\/mochi-pouf-blau-multifarben\/","name":"Mochi Pouf Blau\/\u00a0Multifarben - H\u00fcbsch","isPartOf":{"@id":"https:\/\/hubsch-interior.com\/de\/#website"},"primaryImageOfPage":{"@id":"https:\/\/hubsch-interior.com\/de\/produkt\/mochi-pouf-blau-multifarben\/#primaryimage"},"image":{"@id":"https:\/\/hubsch-interior.com\/de\/produkt\/mochi-pouf-blau-multifarben\/#primaryimage"},"thumbnailUrl":"https:\/\/hubsch-interior.com\/wp-content\/uploads\/2026\/02\/mochi-pouffe-bluemulticolour-329a0ba77a1aa96ab573766d27bfc83f.jpg","datePublished":"2024-01-29T08:18:42+00:00","dateModified":"2026-04-11T02:39:59+00:00","description":"Wir stellen vor: Der Mochi Pouf in Blau\/Mehrfarben, die neueste Erg\u00e4nzung unserer beliebten Mochi Serie. Hergestellt aus weichem Baumwollmaterial, ist","breadcrumb":{"@id":"https:\/\/hubsch-interior.com\/de\/produkt\/mochi-pouf-blau-multifarben\/#breadcrumb"},"inLanguage":"de","potentialAction":[{"@type":"ReadAction","target":["https:\/\/hubsch-interior.com\/de\/produkt\/mochi-pouf-blau-multifarben\/"]}]},{"@type":"ImageObject","inLanguage":"de","@id":"https:\/\/hubsch-interior.com\/de\/produkt\/mochi-pouf-blau-multifarben\/#primaryimage","url":"https:\/\/hubsch-interior.com\/wp-content\/uploads\/2026\/02\/mochi-pouffe-bluemulticolour-329a0ba77a1aa96ab573766d27bfc83f.jpg","contentUrl":"https:\/\/hubsch-interior.com\/wp-content\/uploads\/2026\/02\/mochi-pouffe-bluemulticolour-329a0ba77a1aa96ab573766d27bfc83f.jpg","width":1024,"height":1024},{"@type":"BreadcrumbList","@id":"https:\/\/hubsch-interior.com\/de\/produkt\/mochi-pouf-blau-multifarben\/#breadcrumb","itemListElement":[{"@type":"ListItem","position":1,"name":"Startseite","item":"https:\/\/hubsch-interior.com\/de\/"},{"@type":"ListItem","position":2,"name":"Produkte","item":"https:\/\/hubsch-interior.com\/de\/shop-2\/"},{"@type":"ListItem","position":3,"name":"M\u00f6bel","item":"https:\/\/hubsch-interior.com\/de\/produkt-kategorie\/moebel\/"},{"@type":"ListItem","position":4,"name":"Sitzm&ouml;bel","item":"https:\/\/hubsch-interior.com\/de\/produkt-kategorie\/moebel\/sitzmoebel-de\/"},{"@type":"ListItem","position":5,"name":"Poufs","item":"https:\/\/hubsch-interior.com\/de\/produkt-kategorie\/moebel\/sitzmoebel-de\/poufs-de\/"},{"@type":"ListItem","position":6,"name":"Mochi Pouf Blau\/\u00a0Multifarben"}]},{"@type":"WebSite","@id":"https:\/\/hubsch-interior.com\/de\/#website","url":"https:\/\/hubsch-interior.com\/de\/","name":"H\u00fcbsch","description":"Danish Home Interior and Design","publisher":{"@id":"https:\/\/hubsch-interior.com\/de\/#organization"},"potentialAction":[{"@type":"SearchAction","target":{"@type":"EntryPoint","urlTemplate":"https:\/\/hubsch-interior.com\/de\/?s={search_term_string}"},"query-input":{"@type":"PropertyValueSpecification","valueRequired":true,"valueName":"search_term_string"}}],"inLanguage":"de"},{"@type":"Organization","@id":"https:\/\/hubsch-interior.com\/de\/#organization","name":"H\u00fcbsch","url":"https:\/\/hubsch-interior.com\/de\/","logo":{"@type":"ImageObject","inLanguage":"de","@id":"https:\/\/hubsch-interior.com\/de\/#\/schema\/logo\/image\/","url":"https:\/\/hubsch-interior.com\/wp-content\/uploads\/2022\/12\/Hubsch_logo_black_one_line.svg","contentUrl":"https:\/\/hubsch-interior.com\/wp-content\/uploads\/2022\/12\/Hubsch_logo_black_one_line.svg","caption":"H\u00fcbsch"},"image":{"@id":"https:\/\/hubsch-interior.com\/de\/#\/schema\/logo\/image\/"}}]}},"_links":{"self":[{"href":"https:\/\/hubsch-interior.com\/de\/wp-json\/wp\/v2\/product\/976533","targetHints":{"allow":["GET"]}}],"collection":[{"href":"https:\/\/hubsch-interior.com\/de\/wp-json\/wp\/v2\/product"}],"about":[{"href":"https:\/\/hubsch-interior.com\/de\/wp-json\/wp\/v2\/types\/product"}],"wp:featuredmedia":[{"embeddable":true,"href":"https:\/\/hubsch-interior.com\/de\/wp-json\/wp\/v2\/media\/1100285"}],"wp:attachment":[{"href":"https:\/\/hubsch-interior.com\/de\/wp-json\/wp\/v2\/media?parent=976533"}],"wp:term":[{"taxonomy":"product_brand","embeddable":true,"href":"https:\/\/hubsch-interior.com\/de\/wp-json\/wp\/v2\/product_brand?post=976533"},{"taxonomy":"product_cat","embeddable":true,"href":"https:\/\/hubsch-interior.com\/de\/wp-json\/wp\/v2\/product_cat?post=976533"},{"taxonomy":"product_tag","embeddable":true,"href":"https:\/\/hubsch-interior.com\/de\/wp-json\/wp\/v2\/product_tag?post=976533"}],"curies":[{"name":"wp","href":"https:\/\/api.w.org\/{rel}","templated":true}]}}