{"id":976553,"date":"2024-01-29T09:18:54","date_gmt":"2024-01-29T08:18:54","guid":{"rendered":"https:\/\/hubsch-interior.com\/product\/product\/"},"modified":"2026-04-14T04:42:12","modified_gmt":"2026-04-14T02:42:12","slug":"atyourfeet-teppich-multifarben","status":"publish","type":"product","link":"https:\/\/hubsch-interior.com\/de\/produkt\/atyourfeet-teppich-multifarben\/","title":{"rendered":"AtYourFeet Teppich \u00a0Multifarben"},"content":{"rendered":"<p>Der AtYourFeet Teppich wurde sorgf\u00e4ltig gefertigt und besteht aus weicher, OEKO-TEX\u00ae STANDARD 100 zertifizierter Baumwolle, was Sicherheit und Nachhaltigkeit gew\u00e4hrleistet. Aus der Ferne wirkt der Teppich durch sein mehrfarbiges Design solide, doch bei genauer Betrachtung f\u00e4llt die intricate Webung verschiedener Farbt\u00f6ne auf. Mit einer Gr\u00f6\u00dfe von 180&#215;120 cm ist er ideal f\u00fcr jeden Raum geeignet. Zeitlos und anspruchsvoll wird dieser Teppich Ihrem Wohnraum einen Hauch von Eleganz verleihen, w\u00e4hrend er gleichzeitig komfortabel und einladend zum Betreten ist. Verwandeln Sie Ihr Zuhause in eine behagliche Oase mit dem AtYourFeet Teppich.<\/p>\n","protected":false},"excerpt":{"rendered":"<p>Der AtYourFeet Teppich wurde sorgf\u00e4ltig gefertigt und besteht aus weicher, OEKO-TEX\u00ae STANDARD 100 zertifizierter Baumwolle, was Sicherheit und Nachhaltigkeit gew\u00e4hrleistet. Aus der Ferne wirkt der Teppich durch sein mehrfarbiges Design solide, doch bei genauer Betrachtung f\u00e4llt die intricate Webung verschiedener Farbt\u00f6ne auf. Mit einer Gr\u00f6\u00dfe von 180&#215;120 cm ist er ideal f\u00fcr jeden Raum geeignet. [&hellip;]<\/p>\n","protected":false},"featured_media":1100309,"template":"","meta":{"_acf_changed":false,"inline_featured_image":false},"product_brand":[],"product_cat":[6884,3004,3325],"product_tag":[],"class_list":{"0":"post-976553","1":"product","2":"type-product","3":"status-publish","4":"has-post-thumbnail","6":"product_cat-elevating-nostalgia-de","7":"product_cat-textilien","8":"product_cat-teppiche-de","9":"product_shipping_class-pk","11":"pa_color-multifarben-2","12":"pa_material-cotton-100-de","14":"first","15":"instock","16":"taxable","17":"shipping-taxable","18":"purchasable","19":"product-type-simple"},"exclude_global_add_ons":[],"addons":[],"acf":[],"yoast_head":"<!-- This site is optimized with the Yoast SEO plugin v26.4 - https:\/\/yoast.com\/wordpress\/plugins\/seo\/ -->\n<title>AtYourFeet Teppich \u00a0Multifarben - H\u00fcbsch<\/title>\n<meta name=\"description\" content=\"Der AtYourFeet Teppich wurde sorgf\u00e4ltig gefertigt und besteht aus weicher, OEKO-TEX\u00ae STANDARD 100 zertifizierter Baumwolle, was Sicherheit und\" \/>\n<meta name=\"robots\" content=\"index, follow, max-snippet:-1, max-image-preview:large, max-video-preview:-1\" \/>\n<link rel=\"canonical\" href=\"https:\/\/hubsch-interior.com\/de\/wp-json\/wp\/v2\/product\/976553\" \/>\n<meta property=\"og:locale\" content=\"de_DE\" \/>\n<meta property=\"og:type\" content=\"article\" \/>\n<meta property=\"og:title\" content=\"AtYourFeet Teppich \u00a0Multifarben - H\u00fcbsch\" \/>\n<meta property=\"og:description\" content=\"Der AtYourFeet Teppich wurde sorgf\u00e4ltig gefertigt und besteht aus weicher, OEKO-TEX\u00ae STANDARD 100 zertifizierter Baumwolle, was Sicherheit und\" \/>\n<meta property=\"og:url\" content=\"https:\/\/hubsch-interior.com\/de\/produkt\/atyourfeet-teppich-multifarben\/\" \/>\n<meta property=\"og:site_name\" content=\"H\u00fcbsch\" \/>\n<meta property=\"article:modified_time\" content=\"2026-04-14T02:42:12+00:00\" \/>\n<meta property=\"og:image\" content=\"https:\/\/hubsch-interior.com\/wp-content\/uploads\/2024\/01\/atyourfeet-rug-multicolour-b98357e4d0384a7e823bb17ed51574d4.jpg\" \/>\n\t<meta property=\"og:image:width\" content=\"1200\" \/>\n\t<meta property=\"og:image:height\" content=\"1200\" \/>\n\t<meta property=\"og:image:type\" content=\"image\/jpeg\" \/>\n<meta name=\"twitter:card\" content=\"summary_large_image\" \/>\n<script type=\"application\/ld+json\" class=\"yoast-schema-graph\">{\"@context\":\"https:\/\/schema.org\",\"@graph\":[{\"@type\":\"WebPage\",\"@id\":\"https:\/\/hubsch-interior.com\/de\/produkt\/atyourfeet-teppich-multifarben\/\",\"url\":\"https:\/\/hubsch-interior.com\/de\/produkt\/atyourfeet-teppich-multifarben\/\",\"name\":\"AtYourFeet Teppich \u00a0Multifarben - H\u00fcbsch\",\"isPartOf\":{\"@id\":\"https:\/\/hubsch-interior.com\/de\/#website\"},\"primaryImageOfPage\":{\"@id\":\"https:\/\/hubsch-interior.com\/de\/produkt\/atyourfeet-teppich-multifarben\/#primaryimage\"},\"image\":{\"@id\":\"https:\/\/hubsch-interior.com\/de\/produkt\/atyourfeet-teppich-multifarben\/#primaryimage\"},\"thumbnailUrl\":\"https:\/\/hubsch-interior.com\/wp-content\/uploads\/2026\/02\/atyourfeet-rug-multicolour-8a3dcaa1784c70b4e8d7ec751f878fc7.jpg\",\"datePublished\":\"2024-01-29T08:18:54+00:00\",\"dateModified\":\"2026-04-14T02:42:12+00:00\",\"description\":\"Der AtYourFeet Teppich wurde sorgf\u00e4ltig gefertigt und besteht aus weicher, OEKO-TEX\u00ae STANDARD 100 zertifizierter Baumwolle, was Sicherheit und\",\"breadcrumb\":{\"@id\":\"https:\/\/hubsch-interior.com\/de\/produkt\/atyourfeet-teppich-multifarben\/#breadcrumb\"},\"inLanguage\":\"de\",\"potentialAction\":[{\"@type\":\"ReadAction\",\"target\":[\"https:\/\/hubsch-interior.com\/de\/produkt\/atyourfeet-teppich-multifarben\/\"]}]},{\"@type\":\"ImageObject\",\"inLanguage\":\"de\",\"@id\":\"https:\/\/hubsch-interior.com\/de\/produkt\/atyourfeet-teppich-multifarben\/#primaryimage\",\"url\":\"https:\/\/hubsch-interior.com\/wp-content\/uploads\/2026\/02\/atyourfeet-rug-multicolour-8a3dcaa1784c70b4e8d7ec751f878fc7.jpg\",\"contentUrl\":\"https:\/\/hubsch-interior.com\/wp-content\/uploads\/2026\/02\/atyourfeet-rug-multicolour-8a3dcaa1784c70b4e8d7ec751f878fc7.jpg\",\"width\":1024,\"height\":1024},{\"@type\":\"BreadcrumbList\",\"@id\":\"https:\/\/hubsch-interior.com\/de\/produkt\/atyourfeet-teppich-multifarben\/#breadcrumb\",\"itemListElement\":[{\"@type\":\"ListItem\",\"position\":1,\"name\":\"Startseite\",\"item\":\"https:\/\/hubsch-interior.com\/de\/\"},{\"@type\":\"ListItem\",\"position\":2,\"name\":\"Produkte\",\"item\":\"https:\/\/hubsch-interior.com\/de\/shop-2\/\"},{\"@type\":\"ListItem\",\"position\":3,\"name\":\"Textilien\",\"item\":\"https:\/\/hubsch-interior.com\/de\/produkt-kategorie\/textilien\/\"},{\"@type\":\"ListItem\",\"position\":4,\"name\":\"Teppiche\",\"item\":\"https:\/\/hubsch-interior.com\/de\/produkt-kategorie\/textilien\/teppiche-de\/\"},{\"@type\":\"ListItem\",\"position\":5,\"name\":\"AtYourFeet Teppich \u00a0Multifarben\"}]},{\"@type\":\"WebSite\",\"@id\":\"https:\/\/hubsch-interior.com\/de\/#website\",\"url\":\"https:\/\/hubsch-interior.com\/de\/\",\"name\":\"H\u00fcbsch\",\"description\":\"Danish Home Interior and Design\",\"publisher\":{\"@id\":\"https:\/\/hubsch-interior.com\/de\/#organization\"},\"potentialAction\":[{\"@type\":\"SearchAction\",\"target\":{\"@type\":\"EntryPoint\",\"urlTemplate\":\"https:\/\/hubsch-interior.com\/de\/?s={search_term_string}\"},\"query-input\":{\"@type\":\"PropertyValueSpecification\",\"valueRequired\":true,\"valueName\":\"search_term_string\"}}],\"inLanguage\":\"de\"},{\"@type\":\"Organization\",\"@id\":\"https:\/\/hubsch-interior.com\/de\/#organization\",\"name\":\"H\u00fcbsch\",\"url\":\"https:\/\/hubsch-interior.com\/de\/\",\"logo\":{\"@type\":\"ImageObject\",\"inLanguage\":\"de\",\"@id\":\"https:\/\/hubsch-interior.com\/de\/#\/schema\/logo\/image\/\",\"url\":\"https:\/\/hubsch-interior.com\/wp-content\/uploads\/2022\/12\/Hubsch_logo_black_one_line.svg\",\"contentUrl\":\"https:\/\/hubsch-interior.com\/wp-content\/uploads\/2022\/12\/Hubsch_logo_black_one_line.svg\",\"caption\":\"H\u00fcbsch\"},\"image\":{\"@id\":\"https:\/\/hubsch-interior.com\/de\/#\/schema\/logo\/image\/\"}}]}<\/script>\n<!-- \/ Yoast SEO plugin. -->","yoast_head_json":{"title":"AtYourFeet Teppich \u00a0Multifarben - H\u00fcbsch","description":"Der AtYourFeet Teppich wurde sorgf\u00e4ltig gefertigt und besteht aus weicher, OEKO-TEX\u00ae STANDARD 100 zertifizierter Baumwolle, was Sicherheit und","robots":{"index":"index","follow":"follow","max-snippet":"max-snippet:-1","max-image-preview":"max-image-preview:large","max-video-preview":"max-video-preview:-1"},"canonical":"https:\/\/hubsch-interior.com\/de\/wp-json\/wp\/v2\/product\/976553","og_locale":"de_DE","og_type":"article","og_title":"AtYourFeet Teppich \u00a0Multifarben - H\u00fcbsch","og_description":"Der AtYourFeet Teppich wurde sorgf\u00e4ltig gefertigt und besteht aus weicher, OEKO-TEX\u00ae STANDARD 100 zertifizierter Baumwolle, was Sicherheit und","og_url":"https:\/\/hubsch-interior.com\/de\/produkt\/atyourfeet-teppich-multifarben\/","og_site_name":"H\u00fcbsch","article_modified_time":"2026-04-14T02:42:12+00:00","og_image":[{"width":1200,"height":1200,"url":"https:\/\/hubsch-interior.com\/wp-content\/uploads\/2024\/01\/atyourfeet-rug-multicolour-b98357e4d0384a7e823bb17ed51574d4.jpg","type":"image\/jpeg"}],"twitter_card":"summary_large_image","schema":{"@context":"https:\/\/schema.org","@graph":[{"@type":"WebPage","@id":"https:\/\/hubsch-interior.com\/de\/produkt\/atyourfeet-teppich-multifarben\/","url":"https:\/\/hubsch-interior.com\/de\/produkt\/atyourfeet-teppich-multifarben\/","name":"AtYourFeet Teppich \u00a0Multifarben - H\u00fcbsch","isPartOf":{"@id":"https:\/\/hubsch-interior.com\/de\/#website"},"primaryImageOfPage":{"@id":"https:\/\/hubsch-interior.com\/de\/produkt\/atyourfeet-teppich-multifarben\/#primaryimage"},"image":{"@id":"https:\/\/hubsch-interior.com\/de\/produkt\/atyourfeet-teppich-multifarben\/#primaryimage"},"thumbnailUrl":"https:\/\/hubsch-interior.com\/wp-content\/uploads\/2026\/02\/atyourfeet-rug-multicolour-8a3dcaa1784c70b4e8d7ec751f878fc7.jpg","datePublished":"2024-01-29T08:18:54+00:00","dateModified":"2026-04-14T02:42:12+00:00","description":"Der AtYourFeet Teppich wurde sorgf\u00e4ltig gefertigt und besteht aus weicher, OEKO-TEX\u00ae STANDARD 100 zertifizierter Baumwolle, was Sicherheit und","breadcrumb":{"@id":"https:\/\/hubsch-interior.com\/de\/produkt\/atyourfeet-teppich-multifarben\/#breadcrumb"},"inLanguage":"de","potentialAction":[{"@type":"ReadAction","target":["https:\/\/hubsch-interior.com\/de\/produkt\/atyourfeet-teppich-multifarben\/"]}]},{"@type":"ImageObject","inLanguage":"de","@id":"https:\/\/hubsch-interior.com\/de\/produkt\/atyourfeet-teppich-multifarben\/#primaryimage","url":"https:\/\/hubsch-interior.com\/wp-content\/uploads\/2026\/02\/atyourfeet-rug-multicolour-8a3dcaa1784c70b4e8d7ec751f878fc7.jpg","contentUrl":"https:\/\/hubsch-interior.com\/wp-content\/uploads\/2026\/02\/atyourfeet-rug-multicolour-8a3dcaa1784c70b4e8d7ec751f878fc7.jpg","width":1024,"height":1024},{"@type":"BreadcrumbList","@id":"https:\/\/hubsch-interior.com\/de\/produkt\/atyourfeet-teppich-multifarben\/#breadcrumb","itemListElement":[{"@type":"ListItem","position":1,"name":"Startseite","item":"https:\/\/hubsch-interior.com\/de\/"},{"@type":"ListItem","position":2,"name":"Produkte","item":"https:\/\/hubsch-interior.com\/de\/shop-2\/"},{"@type":"ListItem","position":3,"name":"Textilien","item":"https:\/\/hubsch-interior.com\/de\/produkt-kategorie\/textilien\/"},{"@type":"ListItem","position":4,"name":"Teppiche","item":"https:\/\/hubsch-interior.com\/de\/produkt-kategorie\/textilien\/teppiche-de\/"},{"@type":"ListItem","position":5,"name":"AtYourFeet Teppich \u00a0Multifarben"}]},{"@type":"WebSite","@id":"https:\/\/hubsch-interior.com\/de\/#website","url":"https:\/\/hubsch-interior.com\/de\/","name":"H\u00fcbsch","description":"Danish Home Interior and Design","publisher":{"@id":"https:\/\/hubsch-interior.com\/de\/#organization"},"potentialAction":[{"@type":"SearchAction","target":{"@type":"EntryPoint","urlTemplate":"https:\/\/hubsch-interior.com\/de\/?s={search_term_string}"},"query-input":{"@type":"PropertyValueSpecification","valueRequired":true,"valueName":"search_term_string"}}],"inLanguage":"de"},{"@type":"Organization","@id":"https:\/\/hubsch-interior.com\/de\/#organization","name":"H\u00fcbsch","url":"https:\/\/hubsch-interior.com\/de\/","logo":{"@type":"ImageObject","inLanguage":"de","@id":"https:\/\/hubsch-interior.com\/de\/#\/schema\/logo\/image\/","url":"https:\/\/hubsch-interior.com\/wp-content\/uploads\/2022\/12\/Hubsch_logo_black_one_line.svg","contentUrl":"https:\/\/hubsch-interior.com\/wp-content\/uploads\/2022\/12\/Hubsch_logo_black_one_line.svg","caption":"H\u00fcbsch"},"image":{"@id":"https:\/\/hubsch-interior.com\/de\/#\/schema\/logo\/image\/"}}]}},"_links":{"self":[{"href":"https:\/\/hubsch-interior.com\/de\/wp-json\/wp\/v2\/product\/976553","targetHints":{"allow":["GET"]}}],"collection":[{"href":"https:\/\/hubsch-interior.com\/de\/wp-json\/wp\/v2\/product"}],"about":[{"href":"https:\/\/hubsch-interior.com\/de\/wp-json\/wp\/v2\/types\/product"}],"wp:featuredmedia":[{"embeddable":true,"href":"https:\/\/hubsch-interior.com\/de\/wp-json\/wp\/v2\/media\/1100309"}],"wp:attachment":[{"href":"https:\/\/hubsch-interior.com\/de\/wp-json\/wp\/v2\/media?parent=976553"}],"wp:term":[{"taxonomy":"product_brand","embeddable":true,"href":"https:\/\/hubsch-interior.com\/de\/wp-json\/wp\/v2\/product_brand?post=976553"},{"taxonomy":"product_cat","embeddable":true,"href":"https:\/\/hubsch-interior.com\/de\/wp-json\/wp\/v2\/product_cat?post=976553"},{"taxonomy":"product_tag","embeddable":true,"href":"https:\/\/hubsch-interior.com\/de\/wp-json\/wp\/v2\/product_tag?post=976553"}],"curies":[{"name":"wp","href":"https:\/\/api.w.org\/{rel}","templated":true}]}}