{"id":976577,"date":"2024-01-29T09:19:08","date_gmt":"2024-01-29T08:19:08","guid":{"rendered":"https:\/\/hubsch-interior.com\/product\/product\/"},"modified":"2026-04-12T04:42:18","modified_gmt":"2026-04-12T02:42:18","slug":"atyourfeet-laufer-multifarben","status":"publish","type":"product","link":"https:\/\/hubsch-interior.com\/de\/produkt\/atyourfeet-laufer-multifarben\/","title":{"rendered":"AtYourFeet L\u00e4ufer \u00a0Multifarben"},"content":{"rendered":"<p>Hergestellt aus weicher, OEKO-TEX\u00ae STANDARD 100 zertifizierter Baumwolle und mit Sorgfalt gefertigt, wird der AtYourFeet L\u00e4ufer jedem Eingangsbereich oder jeder K\u00fcche eine warme und stilvolle Note verleihen. Aus der Ferne mag die einfarbige Fl\u00e4che des Teppichs einladend wirken, aber bei genauerer Betrachtung werden Sie das kunstvolle Weben verschiedener, auff\u00e4lliger Farben bemerken. Nicht nur optisch ist dieser Teppich ein Blickfang, sondern er ist auch weich und strapazierf\u00e4hig und somit die ideale Wahl f\u00fcr Ihren t\u00e4glichen Bedarf. Lassen Sie sich Ihre G\u00e4ste mit dem AtYourFeet L\u00e4ufer direkt wie zu Hause f\u00fchlen.<\/p>\n","protected":false},"excerpt":{"rendered":"<p>Hergestellt aus weicher, OEKO-TEX\u00ae STANDARD 100 zertifizierter Baumwolle und mit Sorgfalt gefertigt, wird der AtYourFeet L\u00e4ufer jedem Eingangsbereich oder jeder K\u00fcche eine warme und stilvolle Note verleihen. Aus der Ferne mag die einfarbige Fl\u00e4che des Teppichs einladend wirken, aber bei genauerer Betrachtung werden Sie das kunstvolle Weben verschiedener, auff\u00e4lliger Farben bemerken. Nicht nur optisch ist [&hellip;]<\/p>\n","protected":false},"featured_media":1100329,"template":"","meta":{"_acf_changed":false,"inline_featured_image":false},"product_brand":[],"product_cat":[6884,3004,3325,5027,5031],"product_tag":[],"class_list":{"0":"post-976577","1":"product","2":"type-product","3":"status-publish","4":"has-post-thumbnail","6":"product_cat-elevating-nostalgia-de","7":"product_cat-textilien","8":"product_cat-teppiche-de","9":"product_cat-bestsellers-de","10":"product_cat-wieder-auf-lager-de","11":"product_shipping_class-pk","13":"pa_color-multifarben-2","14":"pa_material-cotton-100-de","16":"first","17":"instock","18":"featured","19":"taxable","20":"shipping-taxable","21":"purchasable","22":"product-type-simple"},"exclude_global_add_ons":[],"addons":[],"acf":[],"yoast_head":"<!-- This site is optimized with the Yoast SEO plugin v26.4 - https:\/\/yoast.com\/wordpress\/plugins\/seo\/ -->\n<title>AtYourFeet L\u00e4ufer \u00a0Multifarben - H\u00fcbsch<\/title>\n<meta name=\"description\" content=\"Hergestellt aus weicher, OEKO-TEX\u00ae STANDARD 100 zertifizierter Baumwolle und mit Sorgfalt gefertigt, wird der AtYourFeet L\u00e4ufer jedem Eingangsbereich oder\" \/>\n<meta name=\"robots\" content=\"index, follow, max-snippet:-1, max-image-preview:large, max-video-preview:-1\" \/>\n<link rel=\"canonical\" href=\"https:\/\/hubsch-interior.com\/de\/wp-json\/wp\/v2\/product\/976577\" \/>\n<meta property=\"og:locale\" content=\"de_DE\" \/>\n<meta property=\"og:type\" content=\"article\" \/>\n<meta property=\"og:title\" content=\"AtYourFeet L\u00e4ufer \u00a0Multifarben - H\u00fcbsch\" \/>\n<meta property=\"og:description\" content=\"Hergestellt aus weicher, OEKO-TEX\u00ae STANDARD 100 zertifizierter Baumwolle und mit Sorgfalt gefertigt, wird der AtYourFeet L\u00e4ufer jedem Eingangsbereich oder\" \/>\n<meta property=\"og:url\" content=\"https:\/\/hubsch-interior.com\/de\/produkt\/atyourfeet-laufer-multifarben\/\" \/>\n<meta property=\"og:site_name\" content=\"H\u00fcbsch\" \/>\n<meta property=\"article:modified_time\" content=\"2026-04-12T02:42:18+00:00\" \/>\n<meta property=\"og:image\" content=\"https:\/\/hubsch-interior.com\/wp-content\/uploads\/2025\/04\/atyourfeet-runner-multicolour-7c920224f4f069c5dac8a81824925363.jpg\" \/>\n\t<meta property=\"og:image:width\" content=\"1200\" \/>\n\t<meta property=\"og:image:height\" content=\"1200\" \/>\n\t<meta property=\"og:image:type\" content=\"image\/jpeg\" \/>\n<meta name=\"twitter:card\" content=\"summary_large_image\" \/>\n<script type=\"application\/ld+json\" class=\"yoast-schema-graph\">{\"@context\":\"https:\/\/schema.org\",\"@graph\":[{\"@type\":\"WebPage\",\"@id\":\"https:\/\/hubsch-interior.com\/de\/produkt\/atyourfeet-laufer-multifarben\/\",\"url\":\"https:\/\/hubsch-interior.com\/de\/produkt\/atyourfeet-laufer-multifarben\/\",\"name\":\"AtYourFeet L\u00e4ufer \u00a0Multifarben - H\u00fcbsch\",\"isPartOf\":{\"@id\":\"https:\/\/hubsch-interior.com\/de\/#website\"},\"primaryImageOfPage\":{\"@id\":\"https:\/\/hubsch-interior.com\/de\/produkt\/atyourfeet-laufer-multifarben\/#primaryimage\"},\"image\":{\"@id\":\"https:\/\/hubsch-interior.com\/de\/produkt\/atyourfeet-laufer-multifarben\/#primaryimage\"},\"thumbnailUrl\":\"https:\/\/hubsch-interior.com\/wp-content\/uploads\/2026\/02\/atyourfeet-runner-multicolour-c169937a07847985e8d8aa484f2d404e.jpg\",\"datePublished\":\"2024-01-29T08:19:08+00:00\",\"dateModified\":\"2026-04-12T02:42:18+00:00\",\"description\":\"Hergestellt aus weicher, OEKO-TEX\u00ae STANDARD 100 zertifizierter Baumwolle und mit Sorgfalt gefertigt, wird der AtYourFeet L\u00e4ufer jedem Eingangsbereich oder\",\"breadcrumb\":{\"@id\":\"https:\/\/hubsch-interior.com\/de\/produkt\/atyourfeet-laufer-multifarben\/#breadcrumb\"},\"inLanguage\":\"de\",\"potentialAction\":[{\"@type\":\"ReadAction\",\"target\":[\"https:\/\/hubsch-interior.com\/de\/produkt\/atyourfeet-laufer-multifarben\/\"]}]},{\"@type\":\"ImageObject\",\"inLanguage\":\"de\",\"@id\":\"https:\/\/hubsch-interior.com\/de\/produkt\/atyourfeet-laufer-multifarben\/#primaryimage\",\"url\":\"https:\/\/hubsch-interior.com\/wp-content\/uploads\/2026\/02\/atyourfeet-runner-multicolour-c169937a07847985e8d8aa484f2d404e.jpg\",\"contentUrl\":\"https:\/\/hubsch-interior.com\/wp-content\/uploads\/2026\/02\/atyourfeet-runner-multicolour-c169937a07847985e8d8aa484f2d404e.jpg\",\"width\":1024,\"height\":1024},{\"@type\":\"BreadcrumbList\",\"@id\":\"https:\/\/hubsch-interior.com\/de\/produkt\/atyourfeet-laufer-multifarben\/#breadcrumb\",\"itemListElement\":[{\"@type\":\"ListItem\",\"position\":1,\"name\":\"Startseite\",\"item\":\"https:\/\/hubsch-interior.com\/de\/\"},{\"@type\":\"ListItem\",\"position\":2,\"name\":\"Produkte\",\"item\":\"https:\/\/hubsch-interior.com\/de\/shop-2\/\"},{\"@type\":\"ListItem\",\"position\":3,\"name\":\"Textilien\",\"item\":\"https:\/\/hubsch-interior.com\/de\/produkt-kategorie\/textilien\/\"},{\"@type\":\"ListItem\",\"position\":4,\"name\":\"Teppiche\",\"item\":\"https:\/\/hubsch-interior.com\/de\/produkt-kategorie\/textilien\/teppiche-de\/\"},{\"@type\":\"ListItem\",\"position\":5,\"name\":\"AtYourFeet L\u00e4ufer \u00a0Multifarben\"}]},{\"@type\":\"WebSite\",\"@id\":\"https:\/\/hubsch-interior.com\/de\/#website\",\"url\":\"https:\/\/hubsch-interior.com\/de\/\",\"name\":\"H\u00fcbsch\",\"description\":\"Danish Home Interior and Design\",\"publisher\":{\"@id\":\"https:\/\/hubsch-interior.com\/de\/#organization\"},\"potentialAction\":[{\"@type\":\"SearchAction\",\"target\":{\"@type\":\"EntryPoint\",\"urlTemplate\":\"https:\/\/hubsch-interior.com\/de\/?s={search_term_string}\"},\"query-input\":{\"@type\":\"PropertyValueSpecification\",\"valueRequired\":true,\"valueName\":\"search_term_string\"}}],\"inLanguage\":\"de\"},{\"@type\":\"Organization\",\"@id\":\"https:\/\/hubsch-interior.com\/de\/#organization\",\"name\":\"H\u00fcbsch\",\"url\":\"https:\/\/hubsch-interior.com\/de\/\",\"logo\":{\"@type\":\"ImageObject\",\"inLanguage\":\"de\",\"@id\":\"https:\/\/hubsch-interior.com\/de\/#\/schema\/logo\/image\/\",\"url\":\"https:\/\/hubsch-interior.com\/wp-content\/uploads\/2022\/12\/Hubsch_logo_black_one_line.svg\",\"contentUrl\":\"https:\/\/hubsch-interior.com\/wp-content\/uploads\/2022\/12\/Hubsch_logo_black_one_line.svg\",\"caption\":\"H\u00fcbsch\"},\"image\":{\"@id\":\"https:\/\/hubsch-interior.com\/de\/#\/schema\/logo\/image\/\"}}]}<\/script>\n<!-- \/ Yoast SEO plugin. -->","yoast_head_json":{"title":"AtYourFeet L\u00e4ufer \u00a0Multifarben - H\u00fcbsch","description":"Hergestellt aus weicher, OEKO-TEX\u00ae STANDARD 100 zertifizierter Baumwolle und mit Sorgfalt gefertigt, wird der AtYourFeet L\u00e4ufer jedem Eingangsbereich oder","robots":{"index":"index","follow":"follow","max-snippet":"max-snippet:-1","max-image-preview":"max-image-preview:large","max-video-preview":"max-video-preview:-1"},"canonical":"https:\/\/hubsch-interior.com\/de\/wp-json\/wp\/v2\/product\/976577","og_locale":"de_DE","og_type":"article","og_title":"AtYourFeet L\u00e4ufer \u00a0Multifarben - H\u00fcbsch","og_description":"Hergestellt aus weicher, OEKO-TEX\u00ae STANDARD 100 zertifizierter Baumwolle und mit Sorgfalt gefertigt, wird der AtYourFeet L\u00e4ufer jedem Eingangsbereich oder","og_url":"https:\/\/hubsch-interior.com\/de\/produkt\/atyourfeet-laufer-multifarben\/","og_site_name":"H\u00fcbsch","article_modified_time":"2026-04-12T02:42:18+00:00","og_image":[{"width":1200,"height":1200,"url":"https:\/\/hubsch-interior.com\/wp-content\/uploads\/2025\/04\/atyourfeet-runner-multicolour-7c920224f4f069c5dac8a81824925363.jpg","type":"image\/jpeg"}],"twitter_card":"summary_large_image","schema":{"@context":"https:\/\/schema.org","@graph":[{"@type":"WebPage","@id":"https:\/\/hubsch-interior.com\/de\/produkt\/atyourfeet-laufer-multifarben\/","url":"https:\/\/hubsch-interior.com\/de\/produkt\/atyourfeet-laufer-multifarben\/","name":"AtYourFeet L\u00e4ufer \u00a0Multifarben - H\u00fcbsch","isPartOf":{"@id":"https:\/\/hubsch-interior.com\/de\/#website"},"primaryImageOfPage":{"@id":"https:\/\/hubsch-interior.com\/de\/produkt\/atyourfeet-laufer-multifarben\/#primaryimage"},"image":{"@id":"https:\/\/hubsch-interior.com\/de\/produkt\/atyourfeet-laufer-multifarben\/#primaryimage"},"thumbnailUrl":"https:\/\/hubsch-interior.com\/wp-content\/uploads\/2026\/02\/atyourfeet-runner-multicolour-c169937a07847985e8d8aa484f2d404e.jpg","datePublished":"2024-01-29T08:19:08+00:00","dateModified":"2026-04-12T02:42:18+00:00","description":"Hergestellt aus weicher, OEKO-TEX\u00ae STANDARD 100 zertifizierter Baumwolle und mit Sorgfalt gefertigt, wird der AtYourFeet L\u00e4ufer jedem Eingangsbereich oder","breadcrumb":{"@id":"https:\/\/hubsch-interior.com\/de\/produkt\/atyourfeet-laufer-multifarben\/#breadcrumb"},"inLanguage":"de","potentialAction":[{"@type":"ReadAction","target":["https:\/\/hubsch-interior.com\/de\/produkt\/atyourfeet-laufer-multifarben\/"]}]},{"@type":"ImageObject","inLanguage":"de","@id":"https:\/\/hubsch-interior.com\/de\/produkt\/atyourfeet-laufer-multifarben\/#primaryimage","url":"https:\/\/hubsch-interior.com\/wp-content\/uploads\/2026\/02\/atyourfeet-runner-multicolour-c169937a07847985e8d8aa484f2d404e.jpg","contentUrl":"https:\/\/hubsch-interior.com\/wp-content\/uploads\/2026\/02\/atyourfeet-runner-multicolour-c169937a07847985e8d8aa484f2d404e.jpg","width":1024,"height":1024},{"@type":"BreadcrumbList","@id":"https:\/\/hubsch-interior.com\/de\/produkt\/atyourfeet-laufer-multifarben\/#breadcrumb","itemListElement":[{"@type":"ListItem","position":1,"name":"Startseite","item":"https:\/\/hubsch-interior.com\/de\/"},{"@type":"ListItem","position":2,"name":"Produkte","item":"https:\/\/hubsch-interior.com\/de\/shop-2\/"},{"@type":"ListItem","position":3,"name":"Textilien","item":"https:\/\/hubsch-interior.com\/de\/produkt-kategorie\/textilien\/"},{"@type":"ListItem","position":4,"name":"Teppiche","item":"https:\/\/hubsch-interior.com\/de\/produkt-kategorie\/textilien\/teppiche-de\/"},{"@type":"ListItem","position":5,"name":"AtYourFeet L\u00e4ufer \u00a0Multifarben"}]},{"@type":"WebSite","@id":"https:\/\/hubsch-interior.com\/de\/#website","url":"https:\/\/hubsch-interior.com\/de\/","name":"H\u00fcbsch","description":"Danish Home Interior and Design","publisher":{"@id":"https:\/\/hubsch-interior.com\/de\/#organization"},"potentialAction":[{"@type":"SearchAction","target":{"@type":"EntryPoint","urlTemplate":"https:\/\/hubsch-interior.com\/de\/?s={search_term_string}"},"query-input":{"@type":"PropertyValueSpecification","valueRequired":true,"valueName":"search_term_string"}}],"inLanguage":"de"},{"@type":"Organization","@id":"https:\/\/hubsch-interior.com\/de\/#organization","name":"H\u00fcbsch","url":"https:\/\/hubsch-interior.com\/de\/","logo":{"@type":"ImageObject","inLanguage":"de","@id":"https:\/\/hubsch-interior.com\/de\/#\/schema\/logo\/image\/","url":"https:\/\/hubsch-interior.com\/wp-content\/uploads\/2022\/12\/Hubsch_logo_black_one_line.svg","contentUrl":"https:\/\/hubsch-interior.com\/wp-content\/uploads\/2022\/12\/Hubsch_logo_black_one_line.svg","caption":"H\u00fcbsch"},"image":{"@id":"https:\/\/hubsch-interior.com\/de\/#\/schema\/logo\/image\/"}}]}},"_links":{"self":[{"href":"https:\/\/hubsch-interior.com\/de\/wp-json\/wp\/v2\/product\/976577","targetHints":{"allow":["GET"]}}],"collection":[{"href":"https:\/\/hubsch-interior.com\/de\/wp-json\/wp\/v2\/product"}],"about":[{"href":"https:\/\/hubsch-interior.com\/de\/wp-json\/wp\/v2\/types\/product"}],"wp:featuredmedia":[{"embeddable":true,"href":"https:\/\/hubsch-interior.com\/de\/wp-json\/wp\/v2\/media\/1100329"}],"wp:attachment":[{"href":"https:\/\/hubsch-interior.com\/de\/wp-json\/wp\/v2\/media?parent=976577"}],"wp:term":[{"taxonomy":"product_brand","embeddable":true,"href":"https:\/\/hubsch-interior.com\/de\/wp-json\/wp\/v2\/product_brand?post=976577"},{"taxonomy":"product_cat","embeddable":true,"href":"https:\/\/hubsch-interior.com\/de\/wp-json\/wp\/v2\/product_cat?post=976577"},{"taxonomy":"product_tag","embeddable":true,"href":"https:\/\/hubsch-interior.com\/de\/wp-json\/wp\/v2\/product_tag?post=976577"}],"curies":[{"name":"wp","href":"https:\/\/api.w.org\/{rel}","templated":true}]}}