{"id":976601,"date":"2024-01-29T09:19:21","date_gmt":"2024-01-29T08:19:21","guid":{"rendered":"https:\/\/hubsch-interior.com\/product\/product\/"},"modified":"2026-04-14T04:42:19","modified_gmt":"2026-04-14T02:42:19","slug":"alba-laufer-sandfarben","status":"publish","type":"product","link":"https:\/\/hubsch-interior.com\/de\/produkt\/alba-laufer-sandfarben\/","title":{"rendered":"Alba L\u00e4ufer Sandfarben"},"content":{"rendered":"<p>Der Alba L\u00e4ufer ist die perfekte Erg\u00e4nzung f\u00fcr Ihren Eingangs- oder K\u00fcchenbereich. Aus OEKO-TEX\u00ae STANDARD 100 zertifizierter Baumwolle gefertigt, ist dieses vielseitige St\u00fcck sowohl leicht als auch anspruchsvoll. Die wundersch\u00f6ne hellbraune Farbe in Kombination mit kleinen Spritzern von mehreren Farben verleiht jedem Raum eine warme Note. Sein neutraler Farbton macht es einfach, es mit jeder Einrichtung zu kombinieren, w\u00e4hrend seine gem\u00fctliche und einladende Textur es zu einem Must-Have macht, um eine einladende Atmosph\u00e4re zu schaffen. Erweiteren Sie noch heute Ihr Zuhause mit dem Alba L\u00e4ufer.<\/p>\n","protected":false},"excerpt":{"rendered":"<p>Der Alba L\u00e4ufer ist die perfekte Erg\u00e4nzung f\u00fcr Ihren Eingangs- oder K\u00fcchenbereich. Aus OEKO-TEX\u00ae STANDARD 100 zertifizierter Baumwolle gefertigt, ist dieses vielseitige St\u00fcck sowohl leicht als auch anspruchsvoll. Die wundersch\u00f6ne hellbraune Farbe in Kombination mit kleinen Spritzern von mehreren Farben verleiht jedem Raum eine warme Note. Sein neutraler Farbton macht es einfach, es mit jeder [&hellip;]<\/p>\n","protected":false},"featured_media":1100353,"template":"","meta":{"_acf_changed":false,"inline_featured_image":false},"product_brand":[],"product_cat":[6884,3004,3325],"product_tag":[],"class_list":{"0":"post-976601","1":"product","2":"type-product","3":"status-publish","4":"has-post-thumbnail","6":"product_cat-elevating-nostalgia-de","7":"product_cat-textilien","8":"product_cat-teppiche-de","9":"product_shipping_class-pk","11":"pa_color-sandfarben","12":"pa_material-cotton-100-de","14":"first","15":"instock","16":"taxable","17":"shipping-taxable","18":"purchasable","19":"product-type-simple"},"exclude_global_add_ons":[],"addons":[],"acf":[],"yoast_head":"<!-- This site is optimized with the Yoast SEO plugin v26.4 - https:\/\/yoast.com\/wordpress\/plugins\/seo\/ -->\n<title>Alba L\u00e4ufer Sandfarben - H\u00fcbsch<\/title>\n<meta name=\"description\" content=\"Der Alba L\u00e4ufer ist die perfekte Erg\u00e4nzung f\u00fcr Ihren Eingangs- oder K\u00fcchenbereich. Aus OEKO-TEX\u00ae STANDARD 100 zertifizierter Baumwolle gefertigt, ist\" \/>\n<meta name=\"robots\" content=\"index, follow, max-snippet:-1, max-image-preview:large, max-video-preview:-1\" \/>\n<link rel=\"canonical\" href=\"https:\/\/hubsch-interior.com\/de\/wp-json\/wp\/v2\/product\/976601\" \/>\n<meta property=\"og:locale\" content=\"de_DE\" \/>\n<meta property=\"og:type\" content=\"article\" \/>\n<meta property=\"og:title\" content=\"Alba L\u00e4ufer Sandfarben - H\u00fcbsch\" \/>\n<meta property=\"og:description\" content=\"Der Alba L\u00e4ufer ist die perfekte Erg\u00e4nzung f\u00fcr Ihren Eingangs- oder K\u00fcchenbereich. Aus OEKO-TEX\u00ae STANDARD 100 zertifizierter Baumwolle gefertigt, ist\" \/>\n<meta property=\"og:url\" content=\"https:\/\/hubsch-interior.com\/de\/produkt\/alba-laufer-sandfarben\/\" \/>\n<meta property=\"og:site_name\" content=\"H\u00fcbsch\" \/>\n<meta property=\"article:modified_time\" content=\"2026-04-14T02:42:19+00:00\" \/>\n<meta property=\"og:image\" content=\"https:\/\/hubsch-interior.com\/wp-content\/uploads\/2025\/04\/alba-runner-sand-be6edf988d5e49ee353fdd2cab17deba.jpg\" \/>\n\t<meta property=\"og:image:width\" content=\"1200\" \/>\n\t<meta property=\"og:image:height\" content=\"1200\" \/>\n\t<meta property=\"og:image:type\" content=\"image\/jpeg\" \/>\n<meta name=\"twitter:card\" content=\"summary_large_image\" \/>\n<script type=\"application\/ld+json\" class=\"yoast-schema-graph\">{\"@context\":\"https:\/\/schema.org\",\"@graph\":[{\"@type\":\"WebPage\",\"@id\":\"https:\/\/hubsch-interior.com\/de\/produkt\/alba-laufer-sandfarben\/\",\"url\":\"https:\/\/hubsch-interior.com\/de\/produkt\/alba-laufer-sandfarben\/\",\"name\":\"Alba L\u00e4ufer Sandfarben - H\u00fcbsch\",\"isPartOf\":{\"@id\":\"https:\/\/hubsch-interior.com\/de\/#website\"},\"primaryImageOfPage\":{\"@id\":\"https:\/\/hubsch-interior.com\/de\/produkt\/alba-laufer-sandfarben\/#primaryimage\"},\"image\":{\"@id\":\"https:\/\/hubsch-interior.com\/de\/produkt\/alba-laufer-sandfarben\/#primaryimage\"},\"thumbnailUrl\":\"https:\/\/hubsch-interior.com\/wp-content\/uploads\/2026\/02\/alba-runner-sand-e93edb385bfa3c6d553d88ea1b57e061.jpg\",\"datePublished\":\"2024-01-29T08:19:21+00:00\",\"dateModified\":\"2026-04-14T02:42:19+00:00\",\"description\":\"Der Alba L\u00e4ufer ist die perfekte Erg\u00e4nzung f\u00fcr Ihren Eingangs- oder K\u00fcchenbereich. Aus OEKO-TEX\u00ae STANDARD 100 zertifizierter Baumwolle gefertigt, ist\",\"breadcrumb\":{\"@id\":\"https:\/\/hubsch-interior.com\/de\/produkt\/alba-laufer-sandfarben\/#breadcrumb\"},\"inLanguage\":\"de\",\"potentialAction\":[{\"@type\":\"ReadAction\",\"target\":[\"https:\/\/hubsch-interior.com\/de\/produkt\/alba-laufer-sandfarben\/\"]}]},{\"@type\":\"ImageObject\",\"inLanguage\":\"de\",\"@id\":\"https:\/\/hubsch-interior.com\/de\/produkt\/alba-laufer-sandfarben\/#primaryimage\",\"url\":\"https:\/\/hubsch-interior.com\/wp-content\/uploads\/2026\/02\/alba-runner-sand-e93edb385bfa3c6d553d88ea1b57e061.jpg\",\"contentUrl\":\"https:\/\/hubsch-interior.com\/wp-content\/uploads\/2026\/02\/alba-runner-sand-e93edb385bfa3c6d553d88ea1b57e061.jpg\",\"width\":1024,\"height\":1024},{\"@type\":\"BreadcrumbList\",\"@id\":\"https:\/\/hubsch-interior.com\/de\/produkt\/alba-laufer-sandfarben\/#breadcrumb\",\"itemListElement\":[{\"@type\":\"ListItem\",\"position\":1,\"name\":\"Startseite\",\"item\":\"https:\/\/hubsch-interior.com\/de\/\"},{\"@type\":\"ListItem\",\"position\":2,\"name\":\"Produkte\",\"item\":\"https:\/\/hubsch-interior.com\/de\/shop-2\/\"},{\"@type\":\"ListItem\",\"position\":3,\"name\":\"Textilien\",\"item\":\"https:\/\/hubsch-interior.com\/de\/produkt-kategorie\/textilien\/\"},{\"@type\":\"ListItem\",\"position\":4,\"name\":\"Teppiche\",\"item\":\"https:\/\/hubsch-interior.com\/de\/produkt-kategorie\/textilien\/teppiche-de\/\"},{\"@type\":\"ListItem\",\"position\":5,\"name\":\"Alba L\u00e4ufer Sandfarben\"}]},{\"@type\":\"WebSite\",\"@id\":\"https:\/\/hubsch-interior.com\/de\/#website\",\"url\":\"https:\/\/hubsch-interior.com\/de\/\",\"name\":\"H\u00fcbsch\",\"description\":\"Danish Home Interior and Design\",\"publisher\":{\"@id\":\"https:\/\/hubsch-interior.com\/de\/#organization\"},\"potentialAction\":[{\"@type\":\"SearchAction\",\"target\":{\"@type\":\"EntryPoint\",\"urlTemplate\":\"https:\/\/hubsch-interior.com\/de\/?s={search_term_string}\"},\"query-input\":{\"@type\":\"PropertyValueSpecification\",\"valueRequired\":true,\"valueName\":\"search_term_string\"}}],\"inLanguage\":\"de\"},{\"@type\":\"Organization\",\"@id\":\"https:\/\/hubsch-interior.com\/de\/#organization\",\"name\":\"H\u00fcbsch\",\"url\":\"https:\/\/hubsch-interior.com\/de\/\",\"logo\":{\"@type\":\"ImageObject\",\"inLanguage\":\"de\",\"@id\":\"https:\/\/hubsch-interior.com\/de\/#\/schema\/logo\/image\/\",\"url\":\"https:\/\/hubsch-interior.com\/wp-content\/uploads\/2022\/12\/Hubsch_logo_black_one_line.svg\",\"contentUrl\":\"https:\/\/hubsch-interior.com\/wp-content\/uploads\/2022\/12\/Hubsch_logo_black_one_line.svg\",\"caption\":\"H\u00fcbsch\"},\"image\":{\"@id\":\"https:\/\/hubsch-interior.com\/de\/#\/schema\/logo\/image\/\"}}]}<\/script>\n<!-- \/ Yoast SEO plugin. -->","yoast_head_json":{"title":"Alba L\u00e4ufer Sandfarben - H\u00fcbsch","description":"Der Alba L\u00e4ufer ist die perfekte Erg\u00e4nzung f\u00fcr Ihren Eingangs- oder K\u00fcchenbereich. Aus OEKO-TEX\u00ae STANDARD 100 zertifizierter Baumwolle gefertigt, ist","robots":{"index":"index","follow":"follow","max-snippet":"max-snippet:-1","max-image-preview":"max-image-preview:large","max-video-preview":"max-video-preview:-1"},"canonical":"https:\/\/hubsch-interior.com\/de\/wp-json\/wp\/v2\/product\/976601","og_locale":"de_DE","og_type":"article","og_title":"Alba L\u00e4ufer Sandfarben - H\u00fcbsch","og_description":"Der Alba L\u00e4ufer ist die perfekte Erg\u00e4nzung f\u00fcr Ihren Eingangs- oder K\u00fcchenbereich. Aus OEKO-TEX\u00ae STANDARD 100 zertifizierter Baumwolle gefertigt, ist","og_url":"https:\/\/hubsch-interior.com\/de\/produkt\/alba-laufer-sandfarben\/","og_site_name":"H\u00fcbsch","article_modified_time":"2026-04-14T02:42:19+00:00","og_image":[{"width":1200,"height":1200,"url":"https:\/\/hubsch-interior.com\/wp-content\/uploads\/2025\/04\/alba-runner-sand-be6edf988d5e49ee353fdd2cab17deba.jpg","type":"image\/jpeg"}],"twitter_card":"summary_large_image","schema":{"@context":"https:\/\/schema.org","@graph":[{"@type":"WebPage","@id":"https:\/\/hubsch-interior.com\/de\/produkt\/alba-laufer-sandfarben\/","url":"https:\/\/hubsch-interior.com\/de\/produkt\/alba-laufer-sandfarben\/","name":"Alba L\u00e4ufer Sandfarben - H\u00fcbsch","isPartOf":{"@id":"https:\/\/hubsch-interior.com\/de\/#website"},"primaryImageOfPage":{"@id":"https:\/\/hubsch-interior.com\/de\/produkt\/alba-laufer-sandfarben\/#primaryimage"},"image":{"@id":"https:\/\/hubsch-interior.com\/de\/produkt\/alba-laufer-sandfarben\/#primaryimage"},"thumbnailUrl":"https:\/\/hubsch-interior.com\/wp-content\/uploads\/2026\/02\/alba-runner-sand-e93edb385bfa3c6d553d88ea1b57e061.jpg","datePublished":"2024-01-29T08:19:21+00:00","dateModified":"2026-04-14T02:42:19+00:00","description":"Der Alba L\u00e4ufer ist die perfekte Erg\u00e4nzung f\u00fcr Ihren Eingangs- oder K\u00fcchenbereich. Aus OEKO-TEX\u00ae STANDARD 100 zertifizierter Baumwolle gefertigt, ist","breadcrumb":{"@id":"https:\/\/hubsch-interior.com\/de\/produkt\/alba-laufer-sandfarben\/#breadcrumb"},"inLanguage":"de","potentialAction":[{"@type":"ReadAction","target":["https:\/\/hubsch-interior.com\/de\/produkt\/alba-laufer-sandfarben\/"]}]},{"@type":"ImageObject","inLanguage":"de","@id":"https:\/\/hubsch-interior.com\/de\/produkt\/alba-laufer-sandfarben\/#primaryimage","url":"https:\/\/hubsch-interior.com\/wp-content\/uploads\/2026\/02\/alba-runner-sand-e93edb385bfa3c6d553d88ea1b57e061.jpg","contentUrl":"https:\/\/hubsch-interior.com\/wp-content\/uploads\/2026\/02\/alba-runner-sand-e93edb385bfa3c6d553d88ea1b57e061.jpg","width":1024,"height":1024},{"@type":"BreadcrumbList","@id":"https:\/\/hubsch-interior.com\/de\/produkt\/alba-laufer-sandfarben\/#breadcrumb","itemListElement":[{"@type":"ListItem","position":1,"name":"Startseite","item":"https:\/\/hubsch-interior.com\/de\/"},{"@type":"ListItem","position":2,"name":"Produkte","item":"https:\/\/hubsch-interior.com\/de\/shop-2\/"},{"@type":"ListItem","position":3,"name":"Textilien","item":"https:\/\/hubsch-interior.com\/de\/produkt-kategorie\/textilien\/"},{"@type":"ListItem","position":4,"name":"Teppiche","item":"https:\/\/hubsch-interior.com\/de\/produkt-kategorie\/textilien\/teppiche-de\/"},{"@type":"ListItem","position":5,"name":"Alba L\u00e4ufer Sandfarben"}]},{"@type":"WebSite","@id":"https:\/\/hubsch-interior.com\/de\/#website","url":"https:\/\/hubsch-interior.com\/de\/","name":"H\u00fcbsch","description":"Danish Home Interior and Design","publisher":{"@id":"https:\/\/hubsch-interior.com\/de\/#organization"},"potentialAction":[{"@type":"SearchAction","target":{"@type":"EntryPoint","urlTemplate":"https:\/\/hubsch-interior.com\/de\/?s={search_term_string}"},"query-input":{"@type":"PropertyValueSpecification","valueRequired":true,"valueName":"search_term_string"}}],"inLanguage":"de"},{"@type":"Organization","@id":"https:\/\/hubsch-interior.com\/de\/#organization","name":"H\u00fcbsch","url":"https:\/\/hubsch-interior.com\/de\/","logo":{"@type":"ImageObject","inLanguage":"de","@id":"https:\/\/hubsch-interior.com\/de\/#\/schema\/logo\/image\/","url":"https:\/\/hubsch-interior.com\/wp-content\/uploads\/2022\/12\/Hubsch_logo_black_one_line.svg","contentUrl":"https:\/\/hubsch-interior.com\/wp-content\/uploads\/2022\/12\/Hubsch_logo_black_one_line.svg","caption":"H\u00fcbsch"},"image":{"@id":"https:\/\/hubsch-interior.com\/de\/#\/schema\/logo\/image\/"}}]}},"_links":{"self":[{"href":"https:\/\/hubsch-interior.com\/de\/wp-json\/wp\/v2\/product\/976601","targetHints":{"allow":["GET"]}}],"collection":[{"href":"https:\/\/hubsch-interior.com\/de\/wp-json\/wp\/v2\/product"}],"about":[{"href":"https:\/\/hubsch-interior.com\/de\/wp-json\/wp\/v2\/types\/product"}],"wp:featuredmedia":[{"embeddable":true,"href":"https:\/\/hubsch-interior.com\/de\/wp-json\/wp\/v2\/media\/1100353"}],"wp:attachment":[{"href":"https:\/\/hubsch-interior.com\/de\/wp-json\/wp\/v2\/media?parent=976601"}],"wp:term":[{"taxonomy":"product_brand","embeddable":true,"href":"https:\/\/hubsch-interior.com\/de\/wp-json\/wp\/v2\/product_brand?post=976601"},{"taxonomy":"product_cat","embeddable":true,"href":"https:\/\/hubsch-interior.com\/de\/wp-json\/wp\/v2\/product_cat?post=976601"},{"taxonomy":"product_tag","embeddable":true,"href":"https:\/\/hubsch-interior.com\/de\/wp-json\/wp\/v2\/product_tag?post=976601"}],"curies":[{"name":"wp","href":"https:\/\/api.w.org\/{rel}","templated":true}]}}