{"id":976665,"date":"2024-01-29T09:19:47","date_gmt":"2024-01-29T08:19:47","guid":{"rendered":"https:\/\/hubsch-interior.com\/product\/product\/"},"modified":"2026-04-11T04:40:12","modified_gmt":"2026-04-11T02:40:12","slug":"elodie-kissen-braun","status":"publish","type":"product","link":"https:\/\/hubsch-interior.com\/de\/produkt\/elodie-kissen-braun\/","title":{"rendered":"Elodie Kissen Braun"},"content":{"rendered":"<p>Wir stellen Ihnen das Elodie Kissen vor, eine unverzichtbare Erg\u00e4nzung f\u00fcr Ihre Wohnkultur. Hergestellt aus hochwertiger Baumwolle, ist dieses Kissen sowohl bequem als auch weich, perfekt zum Kuscheln nach einem langen Tag. Erh\u00e4ltlich in zwei Varianten, zeichnet sich die braune Variation durch aufw\u00e4ndige Stickdetails in frischen, zeitgem\u00e4\u00dfen Farben aus. Die Mischung der Farben verleiht jedem Raum eine helle Note, w\u00e4hrend die OEKO-TEX\u00ae STANDARD 100-Zertifizierung f\u00fcr die Verwendung umweltfreundlicher Materialien sorgt. Leicht und trendig ist das Elodie Kissen die perfekte Erg\u00e4nzung f\u00fcr Ihr Zuhause.<\/p>\n","protected":false},"excerpt":{"rendered":"<p>Wir stellen Ihnen das Elodie Kissen vor, eine unverzichtbare Erg\u00e4nzung f\u00fcr Ihre Wohnkultur. Hergestellt aus hochwertiger Baumwolle, ist dieses Kissen sowohl bequem als auch weich, perfekt zum Kuscheln nach einem langen Tag. Erh\u00e4ltlich in zwei Varianten, zeichnet sich die braune Variation durch aufw\u00e4ndige Stickdetails in frischen, zeitgem\u00e4\u00dfen Farben aus. Die Mischung der Farben verleiht jedem [&hellip;]<\/p>\n","protected":false},"featured_media":1100373,"template":"","meta":{"_acf_changed":false,"inline_featured_image":false},"product_brand":[],"product_cat":[6884,6349,3004,3005],"product_tag":[],"class_list":{"0":"post-976665","1":"product","2":"type-product","3":"status-publish","4":"has-post-thumbnail","6":"product_cat-elevating-nostalgia-de","7":"product_cat-garden-selection-de","8":"product_cat-textilien","9":"product_cat-kissen-de","10":"product_shipping_class-pk","12":"pa_color-braun","13":"pa_material-cotton-100-de","15":"first","16":"instock","17":"taxable","18":"shipping-taxable","19":"purchasable","20":"product-type-simple"},"exclude_global_add_ons":[],"addons":[],"acf":[],"yoast_head":"<!-- This site is optimized with the Yoast SEO plugin v26.4 - https:\/\/yoast.com\/wordpress\/plugins\/seo\/ -->\n<title>Elodie Kissen Braun - H\u00fcbsch<\/title>\n<meta name=\"description\" content=\"Wir stellen Ihnen das Elodie Kissen vor, eine unverzichtbare Erg\u00e4nzung f\u00fcr Ihre Wohnkultur. Hergestellt aus hochwertiger Baumwolle, ist dieses Kissen\" \/>\n<meta name=\"robots\" content=\"index, follow, max-snippet:-1, max-image-preview:large, max-video-preview:-1\" \/>\n<link rel=\"canonical\" href=\"https:\/\/hubsch-interior.com\/de\/wp-json\/wp\/v2\/product\/976665\" \/>\n<meta property=\"og:locale\" content=\"de_DE\" \/>\n<meta property=\"og:type\" content=\"article\" \/>\n<meta property=\"og:title\" content=\"Elodie Kissen Braun - H\u00fcbsch\" \/>\n<meta property=\"og:description\" content=\"Wir stellen Ihnen das Elodie Kissen vor, eine unverzichtbare Erg\u00e4nzung f\u00fcr Ihre Wohnkultur. Hergestellt aus hochwertiger Baumwolle, ist dieses Kissen\" \/>\n<meta property=\"og:url\" content=\"https:\/\/hubsch-interior.com\/de\/produkt\/elodie-kissen-braun\/\" \/>\n<meta property=\"og:site_name\" content=\"H\u00fcbsch\" \/>\n<meta property=\"article:modified_time\" content=\"2026-04-11T02:40:12+00:00\" \/>\n<meta property=\"og:image\" content=\"https:\/\/hubsch-interior.com\/wp-content\/uploads\/2024\/01\/elodie-cushion-brown-7c27ef7b55364533a66609b2da14f991.jpg\" \/>\n\t<meta property=\"og:image:width\" content=\"1200\" \/>\n\t<meta property=\"og:image:height\" content=\"1200\" \/>\n\t<meta property=\"og:image:type\" content=\"image\/jpeg\" \/>\n<meta name=\"twitter:card\" content=\"summary_large_image\" \/>\n<script type=\"application\/ld+json\" class=\"yoast-schema-graph\">{\"@context\":\"https:\/\/schema.org\",\"@graph\":[{\"@type\":\"WebPage\",\"@id\":\"https:\/\/hubsch-interior.com\/de\/produkt\/elodie-kissen-braun\/\",\"url\":\"https:\/\/hubsch-interior.com\/de\/produkt\/elodie-kissen-braun\/\",\"name\":\"Elodie Kissen Braun - H\u00fcbsch\",\"isPartOf\":{\"@id\":\"https:\/\/hubsch-interior.com\/de\/#website\"},\"primaryImageOfPage\":{\"@id\":\"https:\/\/hubsch-interior.com\/de\/produkt\/elodie-kissen-braun\/#primaryimage\"},\"image\":{\"@id\":\"https:\/\/hubsch-interior.com\/de\/produkt\/elodie-kissen-braun\/#primaryimage\"},\"thumbnailUrl\":\"https:\/\/hubsch-interior.com\/wp-content\/uploads\/2026\/02\/elodie-cushion-brown-de2c51414c73b74146ad089db7058646.jpg\",\"datePublished\":\"2024-01-29T08:19:47+00:00\",\"dateModified\":\"2026-04-11T02:40:12+00:00\",\"description\":\"Wir stellen Ihnen das Elodie Kissen vor, eine unverzichtbare Erg\u00e4nzung f\u00fcr Ihre Wohnkultur. Hergestellt aus hochwertiger Baumwolle, ist dieses Kissen\",\"breadcrumb\":{\"@id\":\"https:\/\/hubsch-interior.com\/de\/produkt\/elodie-kissen-braun\/#breadcrumb\"},\"inLanguage\":\"de\",\"potentialAction\":[{\"@type\":\"ReadAction\",\"target\":[\"https:\/\/hubsch-interior.com\/de\/produkt\/elodie-kissen-braun\/\"]}]},{\"@type\":\"ImageObject\",\"inLanguage\":\"de\",\"@id\":\"https:\/\/hubsch-interior.com\/de\/produkt\/elodie-kissen-braun\/#primaryimage\",\"url\":\"https:\/\/hubsch-interior.com\/wp-content\/uploads\/2026\/02\/elodie-cushion-brown-de2c51414c73b74146ad089db7058646.jpg\",\"contentUrl\":\"https:\/\/hubsch-interior.com\/wp-content\/uploads\/2026\/02\/elodie-cushion-brown-de2c51414c73b74146ad089db7058646.jpg\",\"width\":1024,\"height\":1024},{\"@type\":\"BreadcrumbList\",\"@id\":\"https:\/\/hubsch-interior.com\/de\/produkt\/elodie-kissen-braun\/#breadcrumb\",\"itemListElement\":[{\"@type\":\"ListItem\",\"position\":1,\"name\":\"Startseite\",\"item\":\"https:\/\/hubsch-interior.com\/de\/\"},{\"@type\":\"ListItem\",\"position\":2,\"name\":\"Produkte\",\"item\":\"https:\/\/hubsch-interior.com\/de\/shop-2\/\"},{\"@type\":\"ListItem\",\"position\":3,\"name\":\"Textilien\",\"item\":\"https:\/\/hubsch-interior.com\/de\/produkt-kategorie\/textilien\/\"},{\"@type\":\"ListItem\",\"position\":4,\"name\":\"Kissen\",\"item\":\"https:\/\/hubsch-interior.com\/de\/produkt-kategorie\/textilien\/kissen-de\/\"},{\"@type\":\"ListItem\",\"position\":5,\"name\":\"Elodie Kissen Braun\"}]},{\"@type\":\"WebSite\",\"@id\":\"https:\/\/hubsch-interior.com\/de\/#website\",\"url\":\"https:\/\/hubsch-interior.com\/de\/\",\"name\":\"H\u00fcbsch\",\"description\":\"Danish Home Interior and Design\",\"publisher\":{\"@id\":\"https:\/\/hubsch-interior.com\/de\/#organization\"},\"potentialAction\":[{\"@type\":\"SearchAction\",\"target\":{\"@type\":\"EntryPoint\",\"urlTemplate\":\"https:\/\/hubsch-interior.com\/de\/?s={search_term_string}\"},\"query-input\":{\"@type\":\"PropertyValueSpecification\",\"valueRequired\":true,\"valueName\":\"search_term_string\"}}],\"inLanguage\":\"de\"},{\"@type\":\"Organization\",\"@id\":\"https:\/\/hubsch-interior.com\/de\/#organization\",\"name\":\"H\u00fcbsch\",\"url\":\"https:\/\/hubsch-interior.com\/de\/\",\"logo\":{\"@type\":\"ImageObject\",\"inLanguage\":\"de\",\"@id\":\"https:\/\/hubsch-interior.com\/de\/#\/schema\/logo\/image\/\",\"url\":\"https:\/\/hubsch-interior.com\/wp-content\/uploads\/2022\/12\/Hubsch_logo_black_one_line.svg\",\"contentUrl\":\"https:\/\/hubsch-interior.com\/wp-content\/uploads\/2022\/12\/Hubsch_logo_black_one_line.svg\",\"caption\":\"H\u00fcbsch\"},\"image\":{\"@id\":\"https:\/\/hubsch-interior.com\/de\/#\/schema\/logo\/image\/\"}}]}<\/script>\n<!-- \/ Yoast SEO plugin. -->","yoast_head_json":{"title":"Elodie Kissen Braun - H\u00fcbsch","description":"Wir stellen Ihnen das Elodie Kissen vor, eine unverzichtbare Erg\u00e4nzung f\u00fcr Ihre Wohnkultur. Hergestellt aus hochwertiger Baumwolle, ist dieses Kissen","robots":{"index":"index","follow":"follow","max-snippet":"max-snippet:-1","max-image-preview":"max-image-preview:large","max-video-preview":"max-video-preview:-1"},"canonical":"https:\/\/hubsch-interior.com\/de\/wp-json\/wp\/v2\/product\/976665","og_locale":"de_DE","og_type":"article","og_title":"Elodie Kissen Braun - H\u00fcbsch","og_description":"Wir stellen Ihnen das Elodie Kissen vor, eine unverzichtbare Erg\u00e4nzung f\u00fcr Ihre Wohnkultur. Hergestellt aus hochwertiger Baumwolle, ist dieses Kissen","og_url":"https:\/\/hubsch-interior.com\/de\/produkt\/elodie-kissen-braun\/","og_site_name":"H\u00fcbsch","article_modified_time":"2026-04-11T02:40:12+00:00","og_image":[{"width":1200,"height":1200,"url":"https:\/\/hubsch-interior.com\/wp-content\/uploads\/2024\/01\/elodie-cushion-brown-7c27ef7b55364533a66609b2da14f991.jpg","type":"image\/jpeg"}],"twitter_card":"summary_large_image","schema":{"@context":"https:\/\/schema.org","@graph":[{"@type":"WebPage","@id":"https:\/\/hubsch-interior.com\/de\/produkt\/elodie-kissen-braun\/","url":"https:\/\/hubsch-interior.com\/de\/produkt\/elodie-kissen-braun\/","name":"Elodie Kissen Braun - H\u00fcbsch","isPartOf":{"@id":"https:\/\/hubsch-interior.com\/de\/#website"},"primaryImageOfPage":{"@id":"https:\/\/hubsch-interior.com\/de\/produkt\/elodie-kissen-braun\/#primaryimage"},"image":{"@id":"https:\/\/hubsch-interior.com\/de\/produkt\/elodie-kissen-braun\/#primaryimage"},"thumbnailUrl":"https:\/\/hubsch-interior.com\/wp-content\/uploads\/2026\/02\/elodie-cushion-brown-de2c51414c73b74146ad089db7058646.jpg","datePublished":"2024-01-29T08:19:47+00:00","dateModified":"2026-04-11T02:40:12+00:00","description":"Wir stellen Ihnen das Elodie Kissen vor, eine unverzichtbare Erg\u00e4nzung f\u00fcr Ihre Wohnkultur. Hergestellt aus hochwertiger Baumwolle, ist dieses Kissen","breadcrumb":{"@id":"https:\/\/hubsch-interior.com\/de\/produkt\/elodie-kissen-braun\/#breadcrumb"},"inLanguage":"de","potentialAction":[{"@type":"ReadAction","target":["https:\/\/hubsch-interior.com\/de\/produkt\/elodie-kissen-braun\/"]}]},{"@type":"ImageObject","inLanguage":"de","@id":"https:\/\/hubsch-interior.com\/de\/produkt\/elodie-kissen-braun\/#primaryimage","url":"https:\/\/hubsch-interior.com\/wp-content\/uploads\/2026\/02\/elodie-cushion-brown-de2c51414c73b74146ad089db7058646.jpg","contentUrl":"https:\/\/hubsch-interior.com\/wp-content\/uploads\/2026\/02\/elodie-cushion-brown-de2c51414c73b74146ad089db7058646.jpg","width":1024,"height":1024},{"@type":"BreadcrumbList","@id":"https:\/\/hubsch-interior.com\/de\/produkt\/elodie-kissen-braun\/#breadcrumb","itemListElement":[{"@type":"ListItem","position":1,"name":"Startseite","item":"https:\/\/hubsch-interior.com\/de\/"},{"@type":"ListItem","position":2,"name":"Produkte","item":"https:\/\/hubsch-interior.com\/de\/shop-2\/"},{"@type":"ListItem","position":3,"name":"Textilien","item":"https:\/\/hubsch-interior.com\/de\/produkt-kategorie\/textilien\/"},{"@type":"ListItem","position":4,"name":"Kissen","item":"https:\/\/hubsch-interior.com\/de\/produkt-kategorie\/textilien\/kissen-de\/"},{"@type":"ListItem","position":5,"name":"Elodie Kissen Braun"}]},{"@type":"WebSite","@id":"https:\/\/hubsch-interior.com\/de\/#website","url":"https:\/\/hubsch-interior.com\/de\/","name":"H\u00fcbsch","description":"Danish Home Interior and Design","publisher":{"@id":"https:\/\/hubsch-interior.com\/de\/#organization"},"potentialAction":[{"@type":"SearchAction","target":{"@type":"EntryPoint","urlTemplate":"https:\/\/hubsch-interior.com\/de\/?s={search_term_string}"},"query-input":{"@type":"PropertyValueSpecification","valueRequired":true,"valueName":"search_term_string"}}],"inLanguage":"de"},{"@type":"Organization","@id":"https:\/\/hubsch-interior.com\/de\/#organization","name":"H\u00fcbsch","url":"https:\/\/hubsch-interior.com\/de\/","logo":{"@type":"ImageObject","inLanguage":"de","@id":"https:\/\/hubsch-interior.com\/de\/#\/schema\/logo\/image\/","url":"https:\/\/hubsch-interior.com\/wp-content\/uploads\/2022\/12\/Hubsch_logo_black_one_line.svg","contentUrl":"https:\/\/hubsch-interior.com\/wp-content\/uploads\/2022\/12\/Hubsch_logo_black_one_line.svg","caption":"H\u00fcbsch"},"image":{"@id":"https:\/\/hubsch-interior.com\/de\/#\/schema\/logo\/image\/"}}]}},"_links":{"self":[{"href":"https:\/\/hubsch-interior.com\/de\/wp-json\/wp\/v2\/product\/976665","targetHints":{"allow":["GET"]}}],"collection":[{"href":"https:\/\/hubsch-interior.com\/de\/wp-json\/wp\/v2\/product"}],"about":[{"href":"https:\/\/hubsch-interior.com\/de\/wp-json\/wp\/v2\/types\/product"}],"wp:featuredmedia":[{"embeddable":true,"href":"https:\/\/hubsch-interior.com\/de\/wp-json\/wp\/v2\/media\/1100373"}],"wp:attachment":[{"href":"https:\/\/hubsch-interior.com\/de\/wp-json\/wp\/v2\/media?parent=976665"}],"wp:term":[{"taxonomy":"product_brand","embeddable":true,"href":"https:\/\/hubsch-interior.com\/de\/wp-json\/wp\/v2\/product_brand?post=976665"},{"taxonomy":"product_cat","embeddable":true,"href":"https:\/\/hubsch-interior.com\/de\/wp-json\/wp\/v2\/product_cat?post=976665"},{"taxonomy":"product_tag","embeddable":true,"href":"https:\/\/hubsch-interior.com\/de\/wp-json\/wp\/v2\/product_tag?post=976665"}],"curies":[{"name":"wp","href":"https:\/\/api.w.org\/{rel}","templated":true}]}}